{"id":35776,"date":"2024-06-19T02:19:14","date_gmt":"2024-06-19T00:19:14","guid":{"rendered":"https:\/\/iguanasmoke.com\/?post_type=product&#038;p=35776"},"modified":"2026-02-13T15:45:03","modified_gmt":"2026-02-13T14:45:03","slug":"okulary-iguana-smoke-orange","status":"publish","type":"product","link":"https:\/\/iguanasmoke.com\/pl\/producto\/gafas-naranja-iguana-smoke\/","title":{"rendered":"Pomara\u0144czowe okulary Iguana Smoke"},"content":{"rendered":"<h1><span style=\"font-weight: 400;\">Pomara\u0144czowe okulary Iguana Smoke<\/span><\/h1>\n<p>Chro\u0144 swoje oczy ze stylem i osobowo\u015bci\u0105 dzi\u0119ki ekskluzywnym okularom przeciws\u0142onecznym Iguana Smoke! Dost\u0119pne w trzech \u017cywych kolorach, nasze okulary zaprojektowano tak, aby zapewni\u0107 Ci optymaln\u0105 ochron\u0119 i wyrafinowany wygl\u0105d.<\/p>\n<p><strong>Najwa\u017cniejsze cechy:<\/strong><\/p>\n<ul>\n<li><strong>Nowoczesny design<\/strong> W nowoczesnym i wyrafinowanym stylu, te okulary przeciws\u0142oneczne s\u0105 idealne na ka\u017cd\u0105 okazj\u0119, od dnia na pla\u017cy po popo\u0142udnie w mie\u015bcie.<\/li>\n<li><strong>Materia\u0142 wysokiej jako\u015bci<\/strong> Wykonane z trwa\u0142ych i lekkich materia\u0142\u00f3w, okulary przeciws\u0142oneczne Iguana Smoke zapewniaj\u0105 komfort i wytrzyma\u0142o\u015b\u0107 podczas codziennego u\u017cytkowania.<\/li>\n<li><strong>Ochrona UV:<\/strong> Todas nuestras gafas cuentan con lentes que ofrecen protecci\u00f3n UV400, bloqueando el 100% de los rayos UVA y UVB, para que puedas disfrutar del sol sin preocupaciones.<\/li>\n<\/ul>","protected":false},"excerpt":{"rendered":"<ul>\n<li>3 R\u00f3\u017cne kolory<\/li>\n<li>2 kolory soczewek<\/li>\n<\/ul>","protected":false},"featured_media":35770,"comment_status":"open","ping_status":"closed","template":"","meta":{"_acf_changed":false,"site-sidebar-layout":"default","site-content-layout":"","ast-site-content-layout":"default","site-content-style":"default","site-sidebar-style":"default","ast-global-header-display":"","ast-banner-title-visibility":"","ast-main-header-display":"","ast-hfb-above-header-display":"","ast-hfb-below-header-display":"","ast-hfb-mobile-header-display":"","site-post-title":"","ast-breadcrumbs-content":"","ast-featured-img":"","footer-sml-layout":"","theme-transparent-header-meta":"default","adv-header-id-meta":"","stick-header-meta":"","header-above-stick-meta":"","header-main-stick-meta":"","header-below-stick-meta":"","astra-migrate-meta-layouts":"set","ast-page-background-enabled":"default","ast-page-background-meta":{"desktop":{"background-color":"var(--ast-global-color-4)","background-image":"","background-repeat":"repeat","background-position":"center center","background-size":"auto","background-attachment":"scroll","background-type":"","background-media":"","overlay-type":"","overlay-color":"","overlay-opacity":"","overlay-gradient":""},"tablet":{"background-color":"","background-image":"","background-repeat":"repeat","background-position":"center center","background-size":"auto","background-attachment":"scroll","background-type":"","background-media":"","overlay-type":"","overlay-color":"","overlay-opacity":"","overlay-gradient":""},"mobile":{"background-color":"","background-image":"","background-repeat":"repeat","background-position":"center center","background-size":"auto","background-attachment":"scroll","background-type":"","background-media":"","overlay-type":"","overlay-color":"","overlay-opacity":"","overlay-gradient":""}},"ast-content-background-meta":{"desktop":{"background-color":"var(--ast-global-color-5)","background-image":"","background-repeat":"repeat","background-position":"center center","background-size":"auto","background-attachment":"scroll","background-type":"","background-media":"","overlay-type":"","overlay-color":"","overlay-opacity":"","overlay-gradient":""},"tablet":{"background-color":"var(--ast-global-color-5)","background-image":"","background-repeat":"repeat","background-position":"center center","background-size":"auto","background-attachment":"scroll","background-type":"","background-media":"","overlay-type":"","overlay-color":"","overlay-opacity":"","overlay-gradient":""},"mobile":{"background-color":"var(--ast-global-color-5)","background-image":"","background-repeat":"repeat","background-position":"center center","background-size":"auto","background-attachment":"scroll","background-type":"","background-media":"","overlay-type":"","overlay-color":"","overlay-opacity":"","overlay-gradient":""}}},"product_brand":[],"product_cat":[436,985],"product_tag":[],"class_list":{"0":"post-35776","1":"product","2":"type-product","3":"status-publish","4":"has-post-thumbnail","6":"product_cat-merchandise-de-iguana-smoke","7":"product_cat-parafernalia","8":"desktop-align-center","9":"tablet-align-center","10":"mobile-align-center","12":"first","13":"outofstock","14":"taxable","15":"shipping-taxable","16":"purchasable","17":"product-type-variable"},"acf":[],"yoast_head":"<!-- This site is optimized with the Yoast SEO Premium plugin v27.3 (Yoast SEO v27.3) - https:\/\/yoast.com\/product\/yoast-seo-premium-wordpress\/ -->\n<title>Gafas Naranja Iguana Smoke | Iguana Smoke<\/title>\n<meta name=\"description\" content=\"Compra las Gafas Naranja Iguana Smoke al mejor precio y con una calidad inigualable en Iguana Smoke. Env\u00edo gratuito en Espa\u00f1a y Portugal a partir de 45\u20ac.\" \/>\n<meta name=\"robots\" content=\"index, follow, max-snippet:-1, max-image-preview:large, max-video-preview:-1\" \/>\n<link rel=\"canonical\" href=\"https:\/\/iguanasmoke.com\/pl\/product-2\/okulary-iguana-smoke-orange\/\" \/>\n<meta property=\"og:locale\" content=\"pl_PL\" \/>\n<meta property=\"og:type\" content=\"article\" \/>\n<meta property=\"og:title\" content=\"Gafas Naranja Iguana Smoke\" \/>\n<meta property=\"og:description\" content=\"3 Colores distintos  2 Colores de lentes\" \/>\n<meta property=\"og:url\" content=\"https:\/\/iguanasmoke.com\/pl\/product-2\/okulary-iguana-smoke-orange\/\" \/>\n<meta property=\"og:site_name\" content=\"Iguana Smoke\" \/>\n<meta property=\"article:publisher\" content=\"https:\/\/www.facebook.com\/iguanasmoke\" \/>\n<meta property=\"article:modified_time\" content=\"2026-02-13T14:45:03+00:00\" \/>\n<meta property=\"og:image\" content=\"https:\/\/iguanasmoke.com\/wp-content\/uploads\/2024\/06\/Gafas-naranjas-lente-azul.webp\" \/>\n\t<meta property=\"og:image:width\" content=\"500\" \/>\n\t<meta property=\"og:image:height\" content=\"500\" \/>\n\t<meta property=\"og:image:type\" content=\"image\/webp\" \/>\n<meta name=\"twitter:card\" content=\"summary_large_image\" \/>\n<meta name=\"twitter:label1\" content=\"Dost\u0119pno\u015b\u0107\" \/>\n\t<meta name=\"twitter:data1\" content=\"Brak w magazynie\" \/>\n<meta property=\"product:brand\" content=\"variable\" \/>\n<meta property=\"og:availability\" content=\"out of stock\" \/>\n<meta property=\"product:availability\" content=\"out of stock\" \/>\n<meta property=\"product:condition\" content=\"new\" \/>\n<!-- \/ Yoast SEO Premium plugin. -->","yoast_head_json":{"title":"Pomara\u0144czowe okulary Iguana Smoke : Iguana Smoke","description":"Kup pomara\u0144czowe okulary Iguana Smoke w najlepszej cenie i bezkonkurencyjnej jako\u015bci w Iguana Smoke. Darmowa wysy\u0142ka w Hiszpanii i Portugalii od 45\u20ac.","robots":{"index":"index","follow":"follow","max-snippet":"max-snippet:-1","max-image-preview":"max-image-preview:large","max-video-preview":"max-video-preview:-1"},"canonical":"https:\/\/iguanasmoke.com\/pl\/product-2\/okulary-iguana-smoke-orange\/","og_locale":"pl_PL","og_type":"article","og_title":"Gafas Naranja Iguana Smoke","og_description":"3 Colores distintos  2 Colores de lentes","og_url":"https:\/\/iguanasmoke.com\/pl\/product-2\/okulary-iguana-smoke-orange\/","og_site_name":"Iguana Smoke","article_publisher":"https:\/\/www.facebook.com\/iguanasmoke","article_modified_time":"2026-02-13T14:45:03+00:00","og_image":[{"width":500,"height":500,"url":"https:\/\/iguanasmoke.com\/wp-content\/uploads\/2024\/06\/Gafas-naranjas-lente-azul.webp","type":"image\/webp"}],"twitter_card":"summary_large_image","twitter_misc":{"Dost\u0119pno\u015b\u0107":"Brak w magazynie"},"schema":{"@context":"https:\/\/schema.org","@graph":[{"@type":"WebPage","@id":"https:\/\/iguanasmoke.com\/producto\/gafas-naranja-iguana-smoke\/","url":"https:\/\/iguanasmoke.com\/producto\/gafas-naranja-iguana-smoke\/","name":"Pomara\u0144czowe okulary Iguana Smoke : Iguana Smoke","isPartOf":{"@id":"https:\/\/iguanasmoke.com\/#website"},"primaryImageOfPage":{"@id":"https:\/\/iguanasmoke.com\/producto\/gafas-naranja-iguana-smoke\/#primaryimage"},"image":{"@id":"https:\/\/iguanasmoke.com\/producto\/gafas-naranja-iguana-smoke\/#primaryimage"},"thumbnailUrl":"https:\/\/iguanasmoke.com\/wp-content\/uploads\/2024\/06\/Gafas-naranjas-lente-azul.webp","datePublished":"2024-06-19T00:19:14+00:00","dateModified":"2026-02-13T14:45:03+00:00","description":"Kup pomara\u0144czowe okulary Iguana Smoke w najlepszej cenie i bezkonkurencyjnej jako\u015bci w Iguana Smoke. Darmowa wysy\u0142ka w Hiszpanii i Portugalii od 45\u20ac.","breadcrumb":{"@id":"https:\/\/iguanasmoke.com\/producto\/gafas-naranja-iguana-smoke\/#breadcrumb"},"inLanguage":"pl-PL","potentialAction":[{"@type":"ReadAction","target":["https:\/\/iguanasmoke.com\/producto\/gafas-naranja-iguana-smoke\/"]}]},{"@type":"ImageObject","inLanguage":"pl-PL","@id":"https:\/\/iguanasmoke.com\/producto\/gafas-naranja-iguana-smoke\/#primaryimage","url":"https:\/\/iguanasmoke.com\/wp-content\/uploads\/2024\/06\/Gafas-naranjas-lente-azul.webp","contentUrl":"https:\/\/iguanasmoke.com\/wp-content\/uploads\/2024\/06\/Gafas-naranjas-lente-azul.webp","width":500,"height":500,"caption":"gafas naranjas lentes azul"},{"@type":"BreadcrumbList","@id":"https:\/\/iguanasmoke.com\/producto\/gafas-naranja-iguana-smoke\/#breadcrumb","itemListElement":[{"@type":"ListItem","position":1,"name":"home","item":"https:\/\/iguanasmoke.com\/"},{"@type":"ListItem","position":2,"name":"Tienda","item":"https:\/\/iguanasmoke.com\/tienda\/"},{"@type":"ListItem","position":3,"name":"Merch","item":"https:\/\/iguanasmoke.com\/categoria\/merchandise-de-iguana-smoke\/"},{"@type":"ListItem","position":4,"name":"Parafernalia","item":"https:\/\/iguanasmoke.com\/categoria\/merchandise-de-iguana-smoke\/parafernalia\/"},{"@type":"ListItem","position":5,"name":"Gafas Naranja Iguana Smoke"}]},{"@type":"WebSite","@id":"https:\/\/iguanasmoke.com\/#website","url":"https:\/\/iguanasmoke.com\/","name":"Iguana Smoke","description":"Kup CBD online w najlepszej cenie","publisher":{"@id":"https:\/\/iguanasmoke.com\/#organization"},"potentialAction":[{"@type":"SearchAction","target":{"@type":"EntryPoint","urlTemplate":"https:\/\/iguanasmoke.com\/?s={search_term_string}"},"query-input":{"@type":"PropertyValueSpecification","valueRequired":true,"valueName":"search_term_string"}}],"inLanguage":"pl-PL"},{"@type":"Organization","@id":"https:\/\/iguanasmoke.com\/#organization","name":"Iguana Smoke","url":"https:\/\/iguanasmoke.com\/","logo":{"@type":"ImageObject","inLanguage":"pl-PL","@id":"https:\/\/iguanasmoke.com\/#\/schema\/logo\/image\/","url":"https:\/\/iguanasmoke.com\/wp-content\/uploads\/2025\/01\/logoiguana-favi-1.png","contentUrl":"https:\/\/iguanasmoke.com\/wp-content\/uploads\/2025\/01\/logoiguana-favi-1.png","width":512,"height":512,"caption":"Iguana Smoke"},"image":{"@id":"https:\/\/iguanasmoke.com\/#\/schema\/logo\/image\/"},"sameAs":["https:\/\/www.facebook.com\/iguanasmoke","https:\/\/www.instagram.com\/iguanasmoke\/"]}]},"product_brand":"variable","og_availability":"out of stock","product_availability":"out of stock","product_condition":"new"},"_links":{"self":[{"href":"https:\/\/iguanasmoke.com\/pl\/wp-json\/wp\/v2\/product\/35776","targetHints":{"allow":["GET"]}}],"collection":[{"href":"https:\/\/iguanasmoke.com\/pl\/wp-json\/wp\/v2\/product"}],"about":[{"href":"https:\/\/iguanasmoke.com\/pl\/wp-json\/wp\/v2\/types\/product"}],"replies":[{"embeddable":true,"href":"https:\/\/iguanasmoke.com\/pl\/wp-json\/wp\/v2\/comments?post=35776"}],"wp:featuredmedia":[{"embeddable":true,"href":"https:\/\/iguanasmoke.com\/pl\/wp-json\/wp\/v2\/media\/35770"}],"wp:attachment":[{"href":"https:\/\/iguanasmoke.com\/pl\/wp-json\/wp\/v2\/media?parent=35776"}],"wp:term":[{"taxonomy":"product_brand","embeddable":true,"href":"https:\/\/iguanasmoke.com\/pl\/wp-json\/wp\/v2\/product_brand?post=35776"},{"taxonomy":"product_cat","embeddable":true,"href":"https:\/\/iguanasmoke.com\/pl\/wp-json\/wp\/v2\/product_cat?post=35776"},{"taxonomy":"product_tag","embeddable":true,"href":"https:\/\/iguanasmoke.com\/pl\/wp-json\/wp\/v2\/product_tag?post=35776"}],"curies":[{"name":"wp","href":"https:\/\/api.w.org\/{rel}","templated":true}]}}