{"id":37100,"date":"2024-07-10T20:28:09","date_gmt":"2024-07-10T18:28:09","guid":{"rendered":"https:\/\/iguanasmoke.com\/?post_type=product&#038;p=37100"},"modified":"2026-03-15T21:22:39","modified_gmt":"2026-03-15T20:22:39","slug":"vaper-cbd-iguana-pod-pocket-melon-mint-3ml","status":"publish","type":"product","link":"https:\/\/iguanasmoke.com\/pl\/producto\/vaper-cbd-iguana-pod-pocket-melon-mint-3ml\/","title":{"rendered":"Vaper CBD - Iguana Pod Pocket CBD Melon Mint 3ml"},"content":{"rendered":"<h1><span style=\"font-weight: 400;\">Iguana Pod Pocket CBD Melon Mint 3ml - jednorazowy vaper CBD<\/span><\/h1>\n<p><span style=\"font-weight: 400;\">The <strong>Iguana Pocket CBD Melon Mint <\/strong>jest <strong>Jednorazowa kiesze\u0144 vape CBD<\/strong> Zaprojektowany dla tych, kt\u00f3rzy szukaj\u0105 wygodnego i dyskretnego sposobu na korzystanie z CBD w codziennym \u017cyciu.<\/span><\/p>\n<p><span style=\"font-weight: 400;\">Ponadto <strong>vaper pod pocket CBD<\/strong> \u0142\u0105czy w sobie <strong>ergonomiczna, lekka i kompaktowa konstrukcja<\/strong> z najwy\u017cszej jako\u015bci wyko\u0144czeniem. Dzi\u0119ki temu idealnie nadaje si\u0119 do noszenia w kieszeni lub torebce bez uszczerbku dla stylu i wygody. <\/span><\/p>\n<p><span style=\"font-weight: 400;\">Ponadto, jego <strong>Jednorazowy format vapera CBD nie wymaga wk\u0142ad\u00f3w<\/strong> brak konserwacji. Wystarczy otworzy\u0107 urz\u0105dzenie i zacz\u0105\u0107 z niego korzysta\u0107.<\/span><\/p>\n<p>&nbsp;<\/p>\n<h2><strong>Aromat Melon Mint: delikatna i owocowa \u015bwie\u017co\u015b\u0107<\/strong><\/h2>\n<p><span style=\"font-weight: 400;\">Odmiana ta wyr\u00f3\u017cnia si\u0119 <strong>orze\u017awiaj\u0105cy i zr\u00f3wnowa\u017cony aromat<\/strong>, gdzie <strong>soczysta s\u0142odycz melona<\/strong> doskonale \u0142\u0105czy si\u0119 z <strong>delikatny i o\u017cywczy dotyk mi\u0119ty<\/strong>. Rezultatem jest \u015bwie\u017cy, lekki i przyjemny profil aromatyczny, idealny dla tych, kt\u00f3rzy szukaj\u0105 czystego i o\u017cywczego uczucia przy ka\u017cdym zaci\u0105gni\u0119ciu.<\/span><\/p>\n<p><span style=\"font-weight: 400;\">Dzi\u0119ki temu harmonijnemu profilowi aromatycznemu <strong>Iguana Pocket CBD Melon Mint <\/strong>to idealny wyb\u00f3r w \u015bwiecie waporyzacji kieszonkowej CBD, szczeg\u00f3lnie dla tych, kt\u00f3rzy preferuj\u0105 \u015bwie\u017ce, owocowe i wcale nie md\u0142e smaki.<\/span><\/p>\n<p>&nbsp;<\/p>\n<h2><strong>Vaper Pod Pocket CBD: praktyczny i bezproblemowy <\/strong><\/h2>\n<p><span style=\"font-weight: 400;\">Dzi\u0119ki swojemu formatowi <strong>Vape Pocket CBD jednorazowego u\u017cytku<\/strong>, Ten jednorazowy waporyzator CBD jest idealny zar\u00f3wno dla nowicjuszy w waporyzacji CBD, jak i zwyk\u0142ych u\u017cytkownik\u00f3w poszukuj\u0105cych wygody i szybko\u015bci. <\/span><\/p>\n<p><span style=\"font-weight: 400;\">Ponadto, <strong>brak konieczno\u015bci u\u017cywania przycisk\u00f3w, ustawie\u0144 lub prze\u0142adowywania<\/strong>. Wszystko, co musisz zrobi\u0107, to wybra\u0107 sw\u00f3j ulubiony smak, otworzy\u0107 urz\u0105dzenie i cieszy\u0107 si\u0119.\u00a0<\/span><\/p>\n<p>&nbsp;<\/p>\n<h2><b>Gdzie kupi\u0107 jednorazowy waporyzator CBD? <span style=\"font-weight: 400;\"><strong>Kiesze\u0144 Iguana Pod <\/strong><\/span>online<\/b><b>?<\/b><\/h2>\n<p><span style=\"font-weight: 400;\">Je\u015bli szukasz <strong>kupi\u0107 Pocket CBD vaper Pod<\/strong><strong>, <\/strong>to jest twoje bezpieczne miejsce <strong>kupi\u0107 jednorazowy vaper CBD w Hiszpanii.<\/strong> Wszystkie nasze produkty s\u0105 zatwierdzone przez UE, co gwarantuje ich legalno\u015b\u0107 i bezpiecze\u0144stwo. Ponadto, je\u015bli chcesz, mo\u017cesz skonsultowa\u0107 si\u0119 z<\/span><strong> <a href=\"https:\/\/iguanasmoke.com\/pl\/analityka\/\">analiza laboratoryjna.<\/a><\/strong><\/p>\n<p><span style=\"font-weight: 400;\">Nie zapomnij wypr\u00f3bowa\u0107 innych niesamowitych smak\u00f3w Pods Pockets<strong>\u00a0<\/strong>jako <strong><a href=\"https:\/\/iguanasmoke.com\/pl\/product-2\/vaper-cbd-iguana-pod-pocket-watermelon-3ml\/\">Iguana Pocket CBD Watermelon<\/a>, <a href=\"https:\/\/iguanasmoke.com\/pl\/product-2\/pod-desechable-de-cbd-iguana-pod-pocket-mango-3ml\/\">Iguana Pod Pocket CBD Mango<\/a>\u00a0<\/strong>lub <a href=\"https:\/\/iguanasmoke.com\/pl\/product-2\/pod-desechable-de-cbd-iguana-pod-pocket-red-berries-3ml\/\"><strong>Iguana Pod Pocket CBD Red Berries<\/strong><\/a>. Je\u015bli waporyzacja CBD to Twoja sprawa, czy pr\u00f3bowa\u0142e\u015b ju\u017c waporyzacji CBD?<\/span><span style=\"font-weight: 400;\">\u00a0<a href=\"https:\/\/iguanasmoke.com\/pl\/kategoria\/cbd\/e-liquid-cbd\/\"><strong>Izolat CBD i e-liquidy CBD o szerokim spektrum dzia\u0142ania<\/strong><\/a>i odwa\u017cy\u0107 si\u0119 wkroczy\u0107 do \u015bwiata <a href=\"https:\/\/iguanasmoke.com\/pl\/kategoria\/kwiaty-cbd-2\/\"><strong>Kwiaty CBD<\/strong><\/a>. <\/span><span style=\"font-weight: 400;\">Odkryj nasz\u0105 r\u00f3\u017cnorodno\u015b\u0107 i daj si\u0119 zaskoczy\u0107.\u00a0<\/span><\/p>\n<p><strong data-start=\"303\" data-end=\"345\">Szybka i dyskretna dostawa na terenie ca\u0142ej Hiszpanii<\/strong>, z <strong data-start=\"351\" data-end=\"387\">Bliska i spersonalizowana uwaga<\/strong> aby odpowiedzie\u0107 na wszelkie pytania przed i po zakupie.<\/p>\n<p>&nbsp;<\/p>\n<h3><b>Iguana Smoke to Tw\u00f3j internetowy sklep z CBD\u00a0<\/b><\/h3>\n<p><span style=\"font-weight: 400;\">Przy<strong> Iguana Smoke<\/strong>, Wierzymy, \u017ce korzystanie z CBD powinno by\u0107 bezpiecznym do\u015bwiadczeniem. W\u0142a\u015bnie dlatego oferujemy produkty takie jak ten <strong>Iguana Pocket CBD Melon Mint<\/strong>, Marka \u0142\u0105czy si\u0119 z nowymi pokoleniami: lud\u017ami, kt\u00f3rzy szukaj\u0105 nieskomplikowanego wellness, z autentycznymi i niezawodnymi markami.\u00a0<\/span><\/p>\n<p>Nasza misja jest jasna: dostarcza\u0107 najlepsze kannabinoidy w uczciwej cenie. Ponadto dajemy ci spok\u00f3j ducha, wiedz\u0105c, \u017ce wybierasz certyfikowany, skuteczny i legalny produkt 100%. Tw\u00f3j czas relaksu zaczyna si\u0119 z nami.<\/p>\n<p>Nadal masz w\u0105tpliwo\u015bci? Napisz do nas, a z przyjemno\u015bci\u0105 pomo\u017cemy Ci znale\u017a\u0107 odpowiedni produkt.<\/p>\n<p>&nbsp;<\/p>\n<h6>\u2139\ufe0f<strong> Informacje prawne<\/strong><\/h6>\n<p><em><span style=\"font-weight: 400;\">*Produkt przeznaczony do kolekcjonowania lub aromaterapii, zgodnie z obowi\u0105zuj\u0105cymi w Hiszpanii przepisami. <\/span><\/em><\/p>\n<p><em><span style=\"font-weight: 400;\">**Pochodzi z certyfikowanych konopi przemys\u0142owych. Zawiera mniej ni\u017c 0,3 THC i nie zawiera nielegalnych kannabinoid\u00f3w, takich jak HHC, HHC-P, THCP, THCP-O, H4CBD lub substancji wymienionych w za\u0142\u0105czniku I do dekretu kr\u00f3lewskiego 2829\/1977, ani substancji kontrolowanych przez konwencje mi\u0119dzynarodowe.\u00a0\u00a0<\/span><\/em><\/p>","protected":false},"excerpt":{"rendered":"<p><span style=\"font-weight: 400;\">Charakterystyka techniczna <strong>Pod Pocket CBD - jednorazowy waporyzator CBD<\/strong>: <\/span><\/p>\n<ul>\n<li><span style=\"font-weight: 400;\">Wymiary: <strong>65,5 x 35 x 12 mm<\/strong> (wysoko\u015b\u0107 x szeroko\u015b\u0107 x g\u0142\u0119boko\u015b\u0107) <\/span><\/li>\n<li><span style=\"font-weight: 400;\">Bateria: <strong>550 mAh <\/strong><\/span><\/li>\n<li><span style=\"font-weight: 400;\">Pojemno\u015b\u0107: <strong>3 ml <\/strong><\/span><\/li>\n<li><span style=\"font-weight: 400;\">Caladas: <strong>do 900 <\/strong><\/span><\/li>\n<li><span style=\"font-weight: 400;\">CBD: <strong>225\/3ml <\/strong><\/span><\/li>\n<li><span style=\"font-weight: 400;\">THC: <strong>0% <\/strong><\/span><\/li>\n<li><span style=\"font-weight: 400;\">Nikotyna: <strong>0%\u00a0<\/strong>\u00a0<\/span><\/li>\n<\/ul>\n<p><span style=\"font-weight: 400;\">Ponadto, je\u015bli chcesz, mo\u017cesz skonsultowa\u0107 si\u0119 z<strong> <a href=\"https:\/\/iguanasmoke.com\/pl\/analityka\/\">analiza laboratoryjna.<\/a><\/strong><\/span><\/p>","protected":false},"featured_media":37072,"comment_status":"open","ping_status":"closed","template":"","meta":{"_acf_changed":false,"site-sidebar-layout":"default","site-content-layout":"default","ast-site-content-layout":"default","site-content-style":"default","site-sidebar-style":"default","ast-global-header-display":"","ast-banner-title-visibility":"","ast-main-header-display":"","ast-hfb-above-header-display":"","ast-hfb-below-header-display":"","ast-hfb-mobile-header-display":"","site-post-title":"","ast-breadcrumbs-content":"","ast-featured-img":"","footer-sml-layout":"","theme-transparent-header-meta":"default","adv-header-id-meta":"","stick-header-meta":"","header-above-stick-meta":"","header-main-stick-meta":"","header-below-stick-meta":"","astra-migrate-meta-layouts":"set","ast-page-background-enabled":"default","ast-page-background-meta":{"desktop":{"background-color":"var(--ast-global-color-4)","background-image":"","background-repeat":"repeat","background-position":"center center","background-size":"auto","background-attachment":"scroll","background-type":"","background-media":"","overlay-type":"","overlay-color":"","overlay-opacity":"","overlay-gradient":""},"tablet":{"background-color":"","background-image":"","background-repeat":"repeat","background-position":"center center","background-size":"auto","background-attachment":"scroll","background-type":"","background-media":"","overlay-type":"","overlay-color":"","overlay-opacity":"","overlay-gradient":""},"mobile":{"background-color":"","background-image":"","background-repeat":"repeat","background-position":"center center","background-size":"auto","background-attachment":"scroll","background-type":"","background-media":"","overlay-type":"","overlay-color":"","overlay-opacity":"","overlay-gradient":""}},"ast-content-background-meta":{"desktop":{"background-color":"var(--ast-global-color-5)","background-image":"","background-repeat":"repeat","background-position":"center center","background-size":"auto","background-attachment":"scroll","background-type":"","background-media":"","overlay-type":"","overlay-color":"","overlay-opacity":"","overlay-gradient":""},"tablet":{"background-color":"var(--ast-global-color-5)","background-image":"","background-repeat":"repeat","background-position":"center center","background-size":"auto","background-attachment":"scroll","background-type":"","background-media":"","overlay-type":"","overlay-color":"","overlay-opacity":"","overlay-gradient":""},"mobile":{"background-color":"var(--ast-global-color-5)","background-image":"","background-repeat":"repeat","background-position":"center center","background-size":"auto","background-attachment":"scroll","background-type":"","background-media":"","overlay-type":"","overlay-color":"","overlay-opacity":"","overlay-gradient":""}}},"product_brand":[],"product_cat":[426,420,418,513],"product_tag":[],"class_list":{"0":"post-37100","1":"product","2":"type-product","3":"status-publish","4":"has-post-thumbnail","6":"product_cat-pods","7":"product_cat-vaper-pocket-cbd","8":"product_cat-vaper-cbd","9":"product_cat-cbd-vapes","10":"desktop-align-center","11":"tablet-align-center","12":"mobile-align-center","14":"first","15":"instock","16":"taxable","17":"shipping-taxable","18":"purchasable","19":"product-type-simple"},"acf":[],"yoast_head":"<!-- This site is optimized with the Yoast SEO Premium plugin v27.3 (Yoast SEO v27.3) - https:\/\/yoast.com\/product\/yoast-seo-premium-wordpress\/ -->\n<title>Iguana Pod Pocket CBD Melon Mint - Vape Pocket Desechable | Iguana Smoke<\/title>\n<meta name=\"description\" content=\"Consigue tu Iguana Pod Pocket CBD Melon Mint 225mg\/3ml. El Vape Pocket CBD Desechable te ofrece hasta 900 caladas y no contiene THC ni nicotina.\" \/>\n<meta name=\"robots\" content=\"index, follow, max-snippet:-1, max-image-preview:large, max-video-preview:-1\" \/>\n<link rel=\"canonical\" href=\"https:\/\/iguanasmoke.com\/pl\/product-2\/vaper-cbd-iguana-pod-pocket-melon-mint-3ml\/\" \/>\n<meta property=\"og:locale\" content=\"pl_PL\" \/>\n<meta property=\"og:type\" content=\"article\" \/>\n<meta property=\"og:title\" content=\"Vaper CBD - Iguana Pod Pocket CBD Melon Mint 3ml\" \/>\n<meta property=\"og:description\" content=\"Caracter\u00edsticas t\u00e9cnicas del Pod Pocket CBD - Vaper CBD desechable:    Dimensiones: 65,5 x 35 x 12 mm (alto x ancho x profundo)   Bater\u00eda: 550 mAh   Capacidad: 3ml   Caladas: hasta 900   CBD: 225\/3ml   THC: 0%   Nicotina: 0%\u00a0\u00a0  Adem\u00e1s, si quieres puedes consultar el an\u00e1lisis de laboratorio.\" \/>\n<meta property=\"og:url\" content=\"https:\/\/iguanasmoke.com\/pl\/product-2\/vaper-cbd-iguana-pod-pocket-melon-mint-3ml\/\" \/>\n<meta property=\"og:site_name\" content=\"Iguana Smoke\" \/>\n<meta property=\"article:publisher\" content=\"https:\/\/www.facebook.com\/iguanasmoke\" \/>\n<meta property=\"article:modified_time\" content=\"2026-03-15T20:22:39+00:00\" \/>\n<meta property=\"og:image\" content=\"https:\/\/iguanasmoke.com\/wp-content\/uploads\/2023\/08\/caja-y-vape-melon-webp.webp\" \/>\n\t<meta property=\"og:image:width\" content=\"500\" \/>\n\t<meta property=\"og:image:height\" content=\"500\" \/>\n\t<meta property=\"og:image:type\" content=\"image\/webp\" \/>\n<meta name=\"twitter:card\" content=\"summary_large_image\" \/>\n<meta name=\"twitter:label1\" content=\"Cena\" \/>\n\t<meta name=\"twitter:data1\" content=\"12,90&nbsp;&euro;\" \/>\n\t<meta name=\"twitter:label2\" content=\"Dost\u0119pno\u015b\u0107\" \/>\n\t<meta name=\"twitter:data2\" content=\"Dost\u0119pny\" \/>\n<meta property=\"product:brand\" content=\"simple\" \/>\n<meta property=\"product:price:amount\" content=\"12.90\" \/>\n<meta property=\"product:price:currency\" content=\"EUR\" \/>\n<meta property=\"og:availability\" content=\"instock\" \/>\n<meta property=\"product:availability\" content=\"instock\" \/>\n<meta property=\"product:retailer_item_id\" content=\"IS-POD-MELONPCKT-900\" \/>\n<meta property=\"product:condition\" content=\"new\" \/>\n<!-- \/ Yoast SEO Premium plugin. -->","yoast_head_json":{"title":"Iguana Pod Pocket CBD Melon Mint - Vape Pocket Desechable | Iguana Smoke","description":"Consigue tu Iguana Pod Pocket CBD Melon Mint 225mg\/3ml. El Vape Pocket CBD Desechable te ofrece hasta 900 caladas y no contiene THC ni nicotina.","robots":{"index":"index","follow":"follow","max-snippet":"max-snippet:-1","max-image-preview":"max-image-preview:large","max-video-preview":"max-video-preview:-1"},"canonical":"https:\/\/iguanasmoke.com\/pl\/product-2\/vaper-cbd-iguana-pod-pocket-melon-mint-3ml\/","og_locale":"pl_PL","og_type":"article","og_title":"Vaper CBD - Iguana Pod Pocket CBD Melon Mint 3ml","og_description":"Caracter\u00edsticas t\u00e9cnicas del Pod Pocket CBD - Vaper CBD desechable:    Dimensiones: 65,5 x 35 x 12 mm (alto x ancho x profundo)   Bater\u00eda: 550 mAh   Capacidad: 3ml   Caladas: hasta 900   CBD: 225\/3ml   THC: 0%   Nicotina: 0%\u00a0\u00a0  Adem\u00e1s, si quieres puedes consultar el an\u00e1lisis de laboratorio.","og_url":"https:\/\/iguanasmoke.com\/pl\/product-2\/vaper-cbd-iguana-pod-pocket-melon-mint-3ml\/","og_site_name":"Iguana Smoke","article_publisher":"https:\/\/www.facebook.com\/iguanasmoke","article_modified_time":"2026-03-15T20:22:39+00:00","og_image":[{"width":500,"height":500,"url":"https:\/\/iguanasmoke.com\/wp-content\/uploads\/2023\/08\/caja-y-vape-melon-webp.webp","type":"image\/webp"}],"twitter_card":"summary_large_image","twitter_misc":{"Cena":"12,90&nbsp;&euro;","Dost\u0119pno\u015b\u0107":"Dost\u0119pny"},"schema":{"@context":"https:\/\/schema.org","@graph":[{"@type":"WebPage","@id":"https:\/\/iguanasmoke.com\/producto\/vaper-cbd-iguana-pod-pocket-melon-mint-3ml\/","url":"https:\/\/iguanasmoke.com\/producto\/vaper-cbd-iguana-pod-pocket-melon-mint-3ml\/","name":"Iguana Pod Pocket CBD Melon Mint - Vape Pocket Desechable | Iguana Smoke","isPartOf":{"@id":"https:\/\/iguanasmoke.com\/#website"},"primaryImageOfPage":{"@id":"https:\/\/iguanasmoke.com\/producto\/vaper-cbd-iguana-pod-pocket-melon-mint-3ml\/#primaryimage"},"image":{"@id":"https:\/\/iguanasmoke.com\/producto\/vaper-cbd-iguana-pod-pocket-melon-mint-3ml\/#primaryimage"},"thumbnailUrl":"https:\/\/iguanasmoke.com\/wp-content\/uploads\/2023\/08\/caja-y-vape-melon-webp.webp","datePublished":"2024-07-10T18:28:09+00:00","dateModified":"2026-03-15T20:22:39+00:00","description":"Consigue tu Iguana Pod Pocket CBD Melon Mint 225mg\/3ml. El Vape Pocket CBD Desechable te ofrece hasta 900 caladas y no contiene THC ni nicotina.","breadcrumb":{"@id":"https:\/\/iguanasmoke.com\/producto\/vaper-cbd-iguana-pod-pocket-melon-mint-3ml\/#breadcrumb"},"inLanguage":"pl-PL","potentialAction":[{"@type":"ReadAction","target":["https:\/\/iguanasmoke.com\/producto\/vaper-cbd-iguana-pod-pocket-melon-mint-3ml\/"]}]},{"@type":"ImageObject","inLanguage":"pl-PL","@id":"https:\/\/iguanasmoke.com\/producto\/vaper-cbd-iguana-pod-pocket-melon-mint-3ml\/#primaryimage","url":"https:\/\/iguanasmoke.com\/wp-content\/uploads\/2023\/08\/caja-y-vape-melon-webp.webp","contentUrl":"https:\/\/iguanasmoke.com\/wp-content\/uploads\/2023\/08\/caja-y-vape-melon-webp.webp","width":500,"height":500,"caption":"caja y vape cbd melon"},{"@type":"BreadcrumbList","@id":"https:\/\/iguanasmoke.com\/producto\/vaper-cbd-iguana-pod-pocket-melon-mint-3ml\/#breadcrumb","itemListElement":[{"@type":"ListItem","position":1,"name":"home","item":"https:\/\/iguanasmoke.com\/"},{"@type":"ListItem","position":2,"name":"Tienda","item":"https:\/\/iguanasmoke.com\/tienda\/"},{"@type":"ListItem","position":3,"name":"Vaper CBD","item":"https:\/\/iguanasmoke.com\/categoria\/vaper-cbd\/"},{"@type":"ListItem","position":4,"name":"Pods","item":"https:\/\/iguanasmoke.com\/categoria\/vaper-cbd\/pods\/"},{"@type":"ListItem","position":5,"name":"Vaper CBD &#8211; Iguana Pod Pocket CBD Melon Mint 3ml"}]},{"@type":"WebSite","@id":"https:\/\/iguanasmoke.com\/#website","url":"https:\/\/iguanasmoke.com\/","name":"Iguana Smoke","description":"Kup CBD online w najlepszej cenie","publisher":{"@id":"https:\/\/iguanasmoke.com\/#organization"},"potentialAction":[{"@type":"SearchAction","target":{"@type":"EntryPoint","urlTemplate":"https:\/\/iguanasmoke.com\/?s={search_term_string}"},"query-input":{"@type":"PropertyValueSpecification","valueRequired":true,"valueName":"search_term_string"}}],"inLanguage":"pl-PL"},{"@type":"Organization","@id":"https:\/\/iguanasmoke.com\/#organization","name":"Iguana Smoke","url":"https:\/\/iguanasmoke.com\/","logo":{"@type":"ImageObject","inLanguage":"pl-PL","@id":"https:\/\/iguanasmoke.com\/#\/schema\/logo\/image\/","url":"https:\/\/iguanasmoke.com\/wp-content\/uploads\/2025\/01\/logoiguana-favi-1.png","contentUrl":"https:\/\/iguanasmoke.com\/wp-content\/uploads\/2025\/01\/logoiguana-favi-1.png","width":512,"height":512,"caption":"Iguana Smoke"},"image":{"@id":"https:\/\/iguanasmoke.com\/#\/schema\/logo\/image\/"},"sameAs":["https:\/\/www.facebook.com\/iguanasmoke","https:\/\/www.instagram.com\/iguanasmoke\/"]}]},"product_brand":"simple","product_price_amount":"12.90","product_price_currency":"EUR","og_availability":"instock","product_availability":"instock","product_retailer_item_id":"IS-POD-MELONPCKT-900","product_condition":"new"},"_links":{"self":[{"href":"https:\/\/iguanasmoke.com\/pl\/wp-json\/wp\/v2\/product\/37100","targetHints":{"allow":["GET"]}}],"collection":[{"href":"https:\/\/iguanasmoke.com\/pl\/wp-json\/wp\/v2\/product"}],"about":[{"href":"https:\/\/iguanasmoke.com\/pl\/wp-json\/wp\/v2\/types\/product"}],"replies":[{"embeddable":true,"href":"https:\/\/iguanasmoke.com\/pl\/wp-json\/wp\/v2\/comments?post=37100"}],"wp:featuredmedia":[{"embeddable":true,"href":"https:\/\/iguanasmoke.com\/pl\/wp-json\/wp\/v2\/media\/37072"}],"wp:attachment":[{"href":"https:\/\/iguanasmoke.com\/pl\/wp-json\/wp\/v2\/media?parent=37100"}],"wp:term":[{"taxonomy":"product_brand","embeddable":true,"href":"https:\/\/iguanasmoke.com\/pl\/wp-json\/wp\/v2\/product_brand?post=37100"},{"taxonomy":"product_cat","embeddable":true,"href":"https:\/\/iguanasmoke.com\/pl\/wp-json\/wp\/v2\/product_cat?post=37100"},{"taxonomy":"product_tag","embeddable":true,"href":"https:\/\/iguanasmoke.com\/pl\/wp-json\/wp\/v2\/product_tag?post=37100"}],"curies":[{"name":"wp","href":"https:\/\/api.w.org\/{rel}","templated":true}]}}