{"id":38788,"date":"2024-08-09T13:38:52","date_gmt":"2024-08-09T11:38:52","guid":{"rendered":"https:\/\/iguanasmoke.com\/?post_type=product&#038;p=38788"},"modified":"2026-04-27T09:59:12","modified_gmt":"2026-04-27T07:59:12","slug":"iguana-power-battery-510-pocket-cartbox-na-kartridze-1ml-2ml","status":"publish","type":"product","link":"https:\/\/iguanasmoke.com\/pl\/producto\/iguana-power-bateria-510-pocket-cartbox-para-cartuchos-1ml-2ml\/","title":{"rendered":"Akumulator 510 Iguana Power Pocket Cartbox"},"content":{"rendered":"<h1><span style=\"font-weight: 400\">Bateria 510 Iguana Power Pocket Cartbox - 650 <em>mAh<\/em><\/span><\/h1>\n<p>&nbsp;<\/p>\n<p><span style=\"font-weight: 400\">Odkryj niesamowit\u0105 moc i wszechstronno\u015b\u0107 <strong>Akumulator 510 Iguana Power Pocket Cartbox<\/strong> z<strong> Iguana Smoke<\/strong> specjalny dla <strong>naboje<\/strong> <strong>510<\/strong>. Zaprojektowany, aby zadowoli\u0107 najbardziej entuzjastycznych <strong>vaping<\/strong>, to <strong>najnowocze\u015bniejsze urz\u0105dzenie<\/strong> Pozwala ca\u0142kowicie ukry\u0107 wk\u0142ad wewn\u0105trz baterii, dzi\u0119ki czemu jest elegancki i kompaktowy.<\/span><\/p>\n<p><span style=\"font-weight: 400\">Oferuje r\u00f3wnie\u017c<strong> niezawodne dzia\u0142anie<\/strong> i niezr\u00f3wnane do\u015bwiadczenie. Dzi\u0119ki s<\/span><span style=\"font-weight: 400\">Jego kompaktowy i dyskretny rozmiar u\u0142atwia transport, co czyni go idealnym rozwi\u0105zaniem<\/span><span style=\"font-weight: 400\">\u00a0do codziennego \u017cycia. <\/span><\/p>\n<p><span style=\"font-weight: 400\">Tw\u00f3j <strong>moc jest doskonale skalibrowana<\/strong> aby wydoby\u0107 pe\u0142ny profil aromatyczny vapes bez przegrzewania p\u0142ynu. Z 510 Iguana Power Pocket Cartbox Battery 510 kup teraz sw\u00f3j <a href=\"https:\/\/iguanasmoke.com\/pl\/kategoria\/cbd-vaper-2\/cartuchos-de-vapeo\/\"><strong>naboje<\/strong>\u00a0<\/a> i zacz\u0105\u0107 wapowa\u0107. <em>Jego pojemno\u015b\u0107 wynosi 650 mAh<\/em>.\u00a0<\/span><\/p>\n<p>&nbsp;<\/p>\n<h2><strong>Cechy urz\u0105dzenia 510 Iguana Power Pocket Cartbox:<\/strong><\/h2>\n<ul>\n<li><span style=\"font-weight: 400\"><strong>Uniwersalna kompatybilno\u015b\u0107:<\/strong> Iguana Power Pocket Cartbox jest kompatybilny z szerok\u0105 gam\u0105 kartrid\u017cy i atomizer\u00f3w, daj\u0105c ci swobod\u0119 wyboru ulubionych akcesori\u00f3w. Mo\u017cna go u\u017cywa\u0107 z<strong> <a href=\"https:\/\/iguanasmoke.com\/pl\/kategoria\/cbd-vaper-2\/cartuchos-de-vapeo\/\">Wk\u0142ady 1 ml i 2 ml<\/a><\/strong> z <strong>Iguana Smoke<\/strong>, Poszerza to zakres opcji do wykorzystania.<\/span><\/li>\n<li>Wy\u015bwietlacz cyfrowy: <span style=\"font-weight: 400\">Zawiera cyfrowy wy\u015bwietlacz, kt\u00f3ry pokazuje istotne informacje, takie jak \u017cywotno\u015b\u0107 baterii i ustawienia napi\u0119cia.\u00a0<\/span><\/li>\n<li><span style=\"font-weight: 400\"><strong>Przeno\u015bno\u015b\u0107 i trwa\u0142o\u015b\u0107<\/strong>Wykonany z wysokiej jako\u015bci materia\u0142\u00f3w. No\u015b go ze sob\u0105 bez obaw, wiedz\u0105c, \u017ce jest zbudowany tak, aby wytrzyma\u0107 ci\u0105g\u0142e u\u017cytkowanie. Idealny dla tych, kt\u00f3rzy ceni\u0105 sobie 510 Iguana Power Pocket Cartbox Battery 510 <\/span><\/li>\n<li>Regulowane napi\u0119cie: Umo\u017cliwia regulacj\u0119 napi\u0119cia zgodnie z preferencjami u\u017cytkownika, <span style=\"font-weight: 400\">zapewniaj\u0105c pe\u0142n\u0105 kontrol\u0119 nad intensywno\u015bci\u0105 vape.\u00a0<\/span><\/li>\n<li><span style=\"font-weight: 400\"><strong>\u0141adowanie przez USB-C<\/strong>Wyposa\u017cony w port \u0142adowania USB, zapewniaj\u0105cy szybkie i \u0142atwe \u0142adowanie.<\/span><\/li>\n<li>Wska\u017aniki LED: <span style=\"font-weight: 400\">Dioda LED wskazuj\u0105ca stan baterii i proces \u0142adowania.\u00a0<\/span><\/li>\n<li>Wystarczaj\u0105ca pojemno\u015b\u0107 baterii pozwala na wielokrotne sesje waporyzacji przed konieczno\u015bci\u0105 do\u0142adowania.<\/li>\n<\/ul>\n<p>&nbsp;<\/p>\n<h2><strong>Bateria 510 Iguana Power Pocket Cartbox i<\/strong>zawiera:<\/h2>\n<ul>\n<li>1 bateria Iguana Smoke CartBox 510<\/li>\n<li>1 kabel USB-C do \u0142adowania<\/li>\n<li>Podr\u0119cznik u\u017cytkownika<\/li>\n<\/ul>\n<p>&nbsp;<\/p>\n<h2><strong>Co to jest wk\u0142ad jednorazowy?<\/strong><\/h2>\n<p><span style=\"font-weight: 400\">A <strong>wk\u0142ad jednorazowy<\/strong> jest ma\u0142ym cylindrem z <strong>510, z\u0142\u0105cze 1 ml lub 2 ml<\/strong> kt\u00f3ry jest wype\u0142niony p\u0142ynem. Du\u017c\u0105 r\u00f3\u017cnic\u0105 w por\u00f3wnaniu z innymi rodzajami wk\u0142ad\u00f3w jest to, \u017ce nie trzeba go uzupe\u0142nia\u0107 ani uzupe\u0142nia\u0107: <strong>gdy si\u0119 sko\u0144czy, jest po prostu wyrzucany<\/strong>. 510 Iguana Power Pocket Cartbox jest kompatybilny zar\u00f3wno z wk\u0142adami 1 ml, jak i 2 ml, oferuj\u0105c du\u017c\u0105 wszechstronno\u015b\u0107.<\/span><\/p>\n<p><span style=\"font-weight: 400\">Istniej\u0105 r\u00f3wnie\u017c\u00a0<strong><a href=\"https:\/\/iguanasmoke.com\/pl\/kategoria\/cbd-vaper-2\/\">Jednorazowe vapery<\/a> <\/strong>(wszystko w jednym) z wbudowan\u0105 bateri\u0105 i wk\u0142adem, gotowe do u\u017cycia zaraz po wyj\u0119ciu z pude\u0142ka.\u00a0<\/span><\/p>\n<p>&nbsp;<\/p>\n<div class=\"ewd-ufaq-faq-body\">\n<h3><b>Iguana Smoke to zaufany internetowy sklep CBD<\/b><\/h3>\n<p><span style=\"font-weight: 400\">W Iguana Smoke wierzymy, \u017ce korzystanie z CBD powinno by\u0107 bezpiecznym i przyjemnym do\u015bwiadczeniem. Dlatego oferujemy produkty wysokiej jako\u015bci, kt\u00f3re \u0142\u0105cz\u0105 si\u0119 z nowymi pokoleniami: lud\u017ami, kt\u00f3rzy szukaj\u0105 nieskomplikowanego wellness, z autentycznymi i niezawodnymi markami. Kup Iguana Power Pocket Cartbox 510 Battery ju\u017c teraz.<\/span><\/p>\n<p>Nasza misja jest jasna: dostarcza\u0107 najlepsze kannabinoidy w uczciwej cenie, ze spokojem wynikaj\u0105cym ze \u015bwiadomo\u015bci, \u017ce wybierasz certyfikowany, skuteczny i legalny produkt 100%. Jeste\u015bmy w czo\u0142\u00f3wce produkt\u00f3w CBD.<\/p>\n<p>Nadal masz w\u0105tpliwo\u015bci? Napisz do nas, a z przyjemno\u015bci\u0105 pomo\u017cemy Ci znale\u017a\u0107 odpowiedni produkt.<\/p>\n<\/div>\n<p>&nbsp;<\/p>\n<p><em><span style=\"font-weight: 400\">*Uwaga: zgodnie z hiszpa\u0144skim prawem jest on przeznaczony do zbierania lub aromaterapii.<\/span><\/em><\/p>\n<p><em><span style=\"font-weight: 400\">**Wszystkie nasze produkty pochodz\u0105 z certyfikowanych konopi przemys\u0142owych. Zawieraj\u0105 mniej ni\u017c 0,3 THC i nie zawieraj\u0105 nielegalnych kannabinoid\u00f3w, takich jak HHC, HHC-P, THCP, THCP-O, H4CBD i tych zawartych w za\u0142\u0105czniku I do dekretu kr\u00f3lewskiego 2829\/1977, ani substancji kontrolowanych przez konwencje mi\u0119dzynarodowe.\u00a0<\/span><\/em><\/p>","protected":false},"excerpt":{"rendered":"<ul>\n<li>Bateria 510 do szerokich wk\u0142ad\u00f3w o pojemno\u015bci 1 ml, 2 ml lub wi\u0119kszej: : 650 MaH<\/li>\n<li>Wy\u015bwietlacz cyfrowy<\/li>\n<li>Napi\u0119cie: 2,8 V - 3,4 V - 3,8 V<\/li>\n<li>15-sekundowa funkcja nagrzewania<\/li>\n<li>Standardowe z\u0142\u0105cze kompatybilne ze wszystkimi kartrid\u017cami 510<\/li>\n<li>Po\u0142\u0105czenie: USB-C<\/li>\n<li>1 Kabel do \u0142adowania UCB-C<\/li>\n<\/ul>","protected":false},"featured_media":39092,"comment_status":"open","ping_status":"closed","template":"","meta":{"_acf_changed":false,"site-sidebar-layout":"default","site-content-layout":"","ast-site-content-layout":"default","site-content-style":"default","site-sidebar-style":"default","ast-global-header-display":"","ast-banner-title-visibility":"","ast-main-header-display":"","ast-hfb-above-header-display":"","ast-hfb-below-header-display":"","ast-hfb-mobile-header-display":"","site-post-title":"","ast-breadcrumbs-content":"","ast-featured-img":"","footer-sml-layout":"","theme-transparent-header-meta":"default","adv-header-id-meta":"","stick-header-meta":"","header-above-stick-meta":"","header-main-stick-meta":"","header-below-stick-meta":"","astra-migrate-meta-layouts":"set","ast-page-background-enabled":"default","ast-page-background-meta":{"desktop":{"background-color":"var(--ast-global-color-4)","background-image":"","background-repeat":"repeat","background-position":"center center","background-size":"auto","background-attachment":"scroll","background-type":"","background-media":"","overlay-type":"","overlay-color":"","overlay-opacity":"","overlay-gradient":""},"tablet":{"background-color":"","background-image":"","background-repeat":"repeat","background-position":"center center","background-size":"auto","background-attachment":"scroll","background-type":"","background-media":"","overlay-type":"","overlay-color":"","overlay-opacity":"","overlay-gradient":""},"mobile":{"background-color":"","background-image":"","background-repeat":"repeat","background-position":"center center","background-size":"auto","background-attachment":"scroll","background-type":"","background-media":"","overlay-type":"","overlay-color":"","overlay-opacity":"","overlay-gradient":""}},"ast-content-background-meta":{"desktop":{"background-color":"var(--ast-global-color-5)","background-image":"","background-repeat":"repeat","background-position":"center center","background-size":"auto","background-attachment":"scroll","background-type":"","background-media":"","overlay-type":"","overlay-color":"","overlay-opacity":"","overlay-gradient":""},"tablet":{"background-color":"var(--ast-global-color-5)","background-image":"","background-repeat":"repeat","background-position":"center center","background-size":"auto","background-attachment":"scroll","background-type":"","background-media":"","overlay-type":"","overlay-color":"","overlay-opacity":"","overlay-gradient":""},"mobile":{"background-color":"var(--ast-global-color-5)","background-image":"","background-repeat":"repeat","background-position":"center center","background-size":"auto","background-attachment":"scroll","background-type":"","background-media":"","overlay-type":"","overlay-color":"","overlay-opacity":"","overlay-gradient":""}}},"product_brand":[],"product_cat":[984,419,981,418],"product_tag":[],"class_list":{"0":"post-38788","1":"product","2":"type-product","3":"status-publish","4":"has-post-thumbnail","6":"product_cat-baterias-y-kits-de-vapeo","7":"product_cat-cartuchos-cbd","8":"product_cat-cbd-full-spectrum","9":"product_cat-vaper-cbd","10":"desktop-align-center","11":"tablet-align-center","12":"mobile-align-center","14":"first","15":"outofstock","16":"taxable","17":"shipping-taxable","18":"purchasable","19":"product-type-simple"},"acf":[],"yoast_head":"<!-- This site is optimized with the Yoast SEO Premium plugin v27.5 (Yoast SEO v27.5) - https:\/\/yoast.com\/product\/yoast-seo-premium-wordpress\/ -->\n<title>Bater\u00eda 510 Iguana Power Pocket Cartbox | Iguana Smoke<\/title>\n<meta name=\"description\" content=\"Mejora tu experiencia de vapeo con la Bater\u00eda 510 Iguana Power Pocket Cartbox, que oculta el cartucho de manera elegante. \u00a1Compra ahora y sorpr\u00e9ndete!\" \/>\n<meta name=\"robots\" content=\"index, follow, max-snippet:-1, max-image-preview:large, max-video-preview:-1\" \/>\n<link rel=\"canonical\" href=\"https:\/\/iguanasmoke.com\/pl\/product-2\/iguana-power-battery-510-pocket-cartbox-na-kartridze-1ml-2ml\/\" \/>\n<meta property=\"og:locale\" content=\"pl_PL\" \/>\n<meta property=\"og:type\" content=\"article\" \/>\n<meta property=\"og:title\" content=\"Bateria 510 Iguana Power Pocket Cartbox\" \/>\n<meta property=\"og:description\" content=\"Bater\u00eda 510 para cartuchos anchos de 1ml, 2ml o m\u00e1s: : 650 MaH  Pantalla digital  Voltaje: 2,8v - 3,4v - 3,8v  Funci\u00f3n precalentamiento de 15 segundos  Conexi\u00f3n standard compatible con todos los cartuchos 510  Conexi\u00f3n: USB-C  1 Cable carga UCB-C\" \/>\n<meta property=\"og:url\" content=\"https:\/\/iguanasmoke.com\/pl\/product-2\/iguana-power-battery-510-pocket-cartbox-na-kartridze-1ml-2ml\/\" \/>\n<meta property=\"og:site_name\" content=\"Iguana Smoke\" \/>\n<meta property=\"article:publisher\" content=\"https:\/\/www.facebook.com\/iguanasmoke\" \/>\n<meta property=\"article:modified_time\" content=\"2026-04-27T07:59:12+00:00\" \/>\n<meta property=\"og:image\" content=\"https:\/\/iguanasmoke.com\/wp-content\/uploads\/2024\/08\/Mockup-3.png\" \/>\n\t<meta property=\"og:image:width\" content=\"1000\" \/>\n\t<meta property=\"og:image:height\" content=\"1000\" \/>\n\t<meta property=\"og:image:type\" content=\"image\/png\" \/>\n<meta name=\"twitter:card\" content=\"summary_large_image\" \/>\n<meta name=\"twitter:label1\" content=\"Cena\" \/>\n\t<meta name=\"twitter:data1\" content=\"19,90&nbsp;&euro;\" \/>\n\t<meta name=\"twitter:label2\" content=\"Dost\u0119pno\u015b\u0107\" \/>\n\t<meta name=\"twitter:data2\" content=\"Brak w magazynie\" \/>\n<meta property=\"product:brand\" content=\"simple\" \/>\n<meta property=\"product:price:amount\" content=\"19.90\" \/>\n<meta property=\"product:price:currency\" content=\"EUR\" \/>\n<meta property=\"og:availability\" content=\"out of stock\" \/>\n<meta property=\"product:availability\" content=\"out of stock\" \/>\n<meta property=\"product:retailer_item_id\" content=\"IS-BAT510-CARTBOX\" \/>\n<meta property=\"product:condition\" content=\"new\" \/>\n<!-- \/ Yoast SEO Premium plugin. -->","yoast_head_json":{"title":"Bateria 510 Iguana Power Pocket Cartbox | Iguana Smoke","description":"Zwi\u0119ksz swoje doznania z waporyzacji dzi\u0119ki 510 Iguana Power Pocket Cartbox, kt\u00f3ry elegancko ukrywa wk\u0142ad - kup teraz i daj si\u0119 zaskoczy\u0107!","robots":{"index":"index","follow":"follow","max-snippet":"max-snippet:-1","max-image-preview":"max-image-preview:large","max-video-preview":"max-video-preview:-1"},"canonical":"https:\/\/iguanasmoke.com\/pl\/product-2\/iguana-power-battery-510-pocket-cartbox-na-kartridze-1ml-2ml\/","og_locale":"pl_PL","og_type":"article","og_title":"Bateria 510 Iguana Power Pocket Cartbox","og_description":"Bater\u00eda 510 para cartuchos anchos de 1ml, 2ml o m\u00e1s: : 650 MaH  Pantalla digital  Voltaje: 2,8v - 3,4v - 3,8v  Funci\u00f3n precalentamiento de 15 segundos  Conexi\u00f3n standard compatible con todos los cartuchos 510  Conexi\u00f3n: USB-C  1 Cable carga UCB-C","og_url":"https:\/\/iguanasmoke.com\/pl\/product-2\/iguana-power-battery-510-pocket-cartbox-na-kartridze-1ml-2ml\/","og_site_name":"Iguana Smoke","article_publisher":"https:\/\/www.facebook.com\/iguanasmoke","article_modified_time":"2026-04-27T07:59:12+00:00","og_image":[{"width":1000,"height":1000,"url":"https:\/\/iguanasmoke.com\/wp-content\/uploads\/2024\/08\/Mockup-3.png","type":"image\/png"}],"twitter_card":"summary_large_image","twitter_misc":{"Cena":"19,90&nbsp;&euro;","Dost\u0119pno\u015b\u0107":"Brak w magazynie"},"schema":{"@context":"https:\/\/schema.org","@graph":[{"@type":"WebPage","@id":"https:\/\/iguanasmoke.com\/producto\/iguana-power-bateria-510-pocket-cartbox-para-cartuchos-1ml-2ml\/","url":"https:\/\/iguanasmoke.com\/producto\/iguana-power-bateria-510-pocket-cartbox-para-cartuchos-1ml-2ml\/","name":"Bateria 510 Iguana Power Pocket Cartbox | Iguana Smoke","isPartOf":{"@id":"https:\/\/iguanasmoke.com\/#website"},"primaryImageOfPage":{"@id":"https:\/\/iguanasmoke.com\/producto\/iguana-power-bateria-510-pocket-cartbox-para-cartuchos-1ml-2ml\/#primaryimage"},"image":{"@id":"https:\/\/iguanasmoke.com\/producto\/iguana-power-bateria-510-pocket-cartbox-para-cartuchos-1ml-2ml\/#primaryimage"},"thumbnailUrl":"https:\/\/iguanasmoke.com\/wp-content\/uploads\/2024\/08\/Mockup-3.png","datePublished":"2024-08-09T11:38:52+00:00","dateModified":"2026-04-27T07:59:12+00:00","description":"Zwi\u0119ksz swoje doznania z waporyzacji dzi\u0119ki 510 Iguana Power Pocket Cartbox, kt\u00f3ry elegancko ukrywa wk\u0142ad - kup teraz i daj si\u0119 zaskoczy\u0107!","breadcrumb":{"@id":"https:\/\/iguanasmoke.com\/producto\/iguana-power-bateria-510-pocket-cartbox-para-cartuchos-1ml-2ml\/#breadcrumb"},"inLanguage":"pl-PL","potentialAction":[{"@type":"ReadAction","target":["https:\/\/iguanasmoke.com\/producto\/iguana-power-bateria-510-pocket-cartbox-para-cartuchos-1ml-2ml\/"]}]},{"@type":"ImageObject","inLanguage":"pl-PL","@id":"https:\/\/iguanasmoke.com\/producto\/iguana-power-bateria-510-pocket-cartbox-para-cartuchos-1ml-2ml\/#primaryimage","url":"https:\/\/iguanasmoke.com\/wp-content\/uploads\/2024\/08\/Mockup-3.png","contentUrl":"https:\/\/iguanasmoke.com\/wp-content\/uploads\/2024\/08\/Mockup-3.png","width":1000,"height":1000,"caption":"Bateria Iguana Power Cartbox Pocket 650 mAh para 1 y 2 ml"},{"@type":"BreadcrumbList","@id":"https:\/\/iguanasmoke.com\/producto\/iguana-power-bateria-510-pocket-cartbox-para-cartuchos-1ml-2ml\/#breadcrumb","itemListElement":[{"@type":"ListItem","position":1,"name":"home","item":"https:\/\/iguanasmoke.com\/"},{"@type":"ListItem","position":2,"name":"Tienda","item":"https:\/\/iguanasmoke.com\/tienda\/"},{"@type":"ListItem","position":3,"name":"Vaper CBD","item":"https:\/\/iguanasmoke.com\/categoria\/vaper-cbd\/"},{"@type":"ListItem","position":4,"name":"Cartuchos","item":"https:\/\/iguanasmoke.com\/categoria\/vaper-cbd\/cartuchos-cbd\/"},{"@type":"ListItem","position":5,"name":"Bater\u00edas y Kits de Vapeo","item":"https:\/\/iguanasmoke.com\/categoria\/vaper-cbd\/cartuchos-cbd\/baterias-y-kits-de-vapeo\/"},{"@type":"ListItem","position":6,"name":"Bateria 510 Iguana Power Pocket Cartbox"}]},{"@type":"WebSite","@id":"https:\/\/iguanasmoke.com\/#website","url":"https:\/\/iguanasmoke.com\/","name":"Iguana Smoke","description":"Kup CBD online w najlepszej cenie","publisher":{"@id":"https:\/\/iguanasmoke.com\/#organization"},"potentialAction":[{"@type":"SearchAction","target":{"@type":"EntryPoint","urlTemplate":"https:\/\/iguanasmoke.com\/?s={search_term_string}"},"query-input":{"@type":"PropertyValueSpecification","valueRequired":true,"valueName":"search_term_string"}}],"inLanguage":"pl-PL"},{"@type":"Organization","@id":"https:\/\/iguanasmoke.com\/#organization","name":"Iguana Smoke","url":"https:\/\/iguanasmoke.com\/","logo":{"@type":"ImageObject","inLanguage":"pl-PL","@id":"https:\/\/iguanasmoke.com\/#\/schema\/logo\/image\/","url":"https:\/\/iguanasmoke.com\/wp-content\/uploads\/2025\/01\/logoiguana-favi-1.png","contentUrl":"https:\/\/iguanasmoke.com\/wp-content\/uploads\/2025\/01\/logoiguana-favi-1.png","width":512,"height":512,"caption":"Iguana Smoke"},"image":{"@id":"https:\/\/iguanasmoke.com\/#\/schema\/logo\/image\/"},"sameAs":["https:\/\/www.facebook.com\/iguanasmoke","https:\/\/www.instagram.com\/iguanasmoke\/"]}]},"product_brand":"simple","product_price_amount":"19.90","product_price_currency":"EUR","og_availability":"out of stock","product_availability":"out of stock","product_retailer_item_id":"IS-BAT510-CARTBOX","product_condition":"new"},"_links":{"self":[{"href":"https:\/\/iguanasmoke.com\/pl\/wp-json\/wp\/v2\/product\/38788","targetHints":{"allow":["GET"]}}],"collection":[{"href":"https:\/\/iguanasmoke.com\/pl\/wp-json\/wp\/v2\/product"}],"about":[{"href":"https:\/\/iguanasmoke.com\/pl\/wp-json\/wp\/v2\/types\/product"}],"replies":[{"embeddable":true,"href":"https:\/\/iguanasmoke.com\/pl\/wp-json\/wp\/v2\/comments?post=38788"}],"wp:featuredmedia":[{"embeddable":true,"href":"https:\/\/iguanasmoke.com\/pl\/wp-json\/wp\/v2\/media\/39092"}],"wp:attachment":[{"href":"https:\/\/iguanasmoke.com\/pl\/wp-json\/wp\/v2\/media?parent=38788"}],"wp:term":[{"taxonomy":"product_brand","embeddable":true,"href":"https:\/\/iguanasmoke.com\/pl\/wp-json\/wp\/v2\/product_brand?post=38788"},{"taxonomy":"product_cat","embeddable":true,"href":"https:\/\/iguanasmoke.com\/pl\/wp-json\/wp\/v2\/product_cat?post=38788"},{"taxonomy":"product_tag","embeddable":true,"href":"https:\/\/iguanasmoke.com\/pl\/wp-json\/wp\/v2\/product_tag?post=38788"}],"curies":[{"name":"wp","href":"https:\/\/api.w.org\/{rel}","templated":true}]}}