{"id":41435,"date":"2024-10-08T14:08:19","date_gmt":"2024-10-08T12:08:19","guid":{"rendered":"https:\/\/iguanasmoke.com\/?post_type=product&#038;p=41435"},"modified":"2026-03-22T15:38:22","modified_gmt":"2026-03-22T14:38:22","slug":"bando-boyz-cbd-vaper-by-kidd-keo","status":"publish","type":"product","link":"https:\/\/iguanasmoke.com\/pl\/producto\/bando-boyz-cbd-vaper-by-kidd-keo\/","title":{"rendered":"Bando Boyz Vape Pocket CBD by Kidd Keo"},"content":{"rendered":"<h1><span style=\"font-weight: 400;\">Bando Boyz Vape Pocket CBD by Kidd Keo - edycja limitowana<\/span><\/h1>\n<h2><span style=\"font-weight: 400;\">Czysty flow, uliczna postawa i CBD Premium<\/span><\/h2>\n<p><span style=\"font-weight: 400;\">Po sukcesie naszej poprzedniej wsp\u00f3\u0142pracy z naszym ulubionym zbieraczem szmat, p<\/span><span style=\"font-weight: 400;\">przygotuj si\u0119 do lotu, poniewa\u017c <strong>Bando Boyz Vape Pocket CBD<\/strong>\u00a0\u2013 <strong>Edycja limitowana<\/strong> jest inspirowany ikon\u0105 <strong>Kolekcja Bando Boyz<\/strong> autorstwa hiszpa\u0144skiego artysty Kidda Keo. <\/span><\/p>\n<p><span style=\"font-weight: 400;\">Urz\u0105dzenie stworzone dla tych, kt\u00f3rzy \u017cyj\u0105 ulicznym stylem \u017cycia i chc\u0105 tej ekskluzywnej wsp\u00f3\u0142pracy mi\u0119dzy Iguana Smoke i Kidd Keo, jednym z najbardziej znanych i znanych <strong>Najbardziej wp\u0142ywowe ikony hiszpa\u0144skiego rapu i trapu<\/strong>. A <strong>Limitowana edycja waporyzator\u00f3w CBD<\/strong> kt\u00f3ra \u0142\u0105czy design, moc i kultur\u0119 miejsk\u0105, czego efektem jest jednorazowy vape CBD, kt\u00f3ry doskonale odzwierciedla niefiltrowany styl Keo.<\/span><\/p>\n<p style=\"padding-left: 40px;\"><strong data-start=\"1022\" data-end=\"1042\">\u26a0\ufe0fEdici\u00f3n limited<\/strong>. Kiedy si\u0119 sko\u0144czy, nie wraca.<\/p>\n<p>&nbsp;<\/p>\n<h2><strong>Charakterystyka Bando Boyz Vape Pocket CBD <\/strong><\/h2>\n<ul>\n<li><span style=\"font-weight: 400;\">CBD og\u00f3\u0142em: <strong>600 mg <\/strong><\/span><\/li>\n<li><span style=\"font-weight: 400;\">Pojemno\u015b\u0107 zbiornika: <strong>10 ml<\/strong><\/span><\/li>\n<li>Vape jednorazowego u\u017cytku<\/li>\n<li><span style=\"font-weight: 400;\">Przeci\u0105gi: do <strong>3000 mocnych zaci\u0105gni\u0119\u0107 <\/strong><\/span><\/li>\n<li><span style=\"font-weight: 400;\">Aromat: <strong>Ekskluzywny Bando Boyz<\/strong><\/span><\/li>\n<li><span style=\"font-weight: 400;\">Bateria: <strong>Akumulator USB typu C o pojemno\u015bci 500 mAh <\/strong><\/span><\/li>\n<li><span style=\"font-weight: 400;\">Rozmiar<strong> 82 x 49 x 22 mm <\/strong><\/span><\/li>\n<li><span style=\"font-weight: 400;\">THC: <strong>0% <\/strong><\/span><\/li>\n<li><span style=\"font-weight: 400;\">Nikotyna: <strong>0% <\/strong><\/span><\/li>\n<\/ul>\n<p><span style=\"font-weight: 400;\">A <strong>Kompaktowy, silny i d\u0142ugotrwa\u0142y kieszonkowy vape CBD<\/strong> kt\u00f3ry \u0142\u0105czy <strong>CBD premium<\/strong> z niezapomnian\u0105 estetyk\u0105 ulicy. To jest <strong>Bando Boyz<\/strong> bardziej poszarpane.\u00a0<\/span><\/p>\n<p>&nbsp;<\/p>\n<h2><strong>Dlaczego wszyscy chc\u0105 mie\u0107 ten waporyzator Kidd Keo CBD? <\/strong><\/h2>\n<p><span style=\"font-weight: 400;\">Poniewa\u017c <strong>nie ma nic podobnego<\/strong>. <\/span><\/p>\n<p><span style=\"font-weight: 400;\">The <strong>Bando Boyz Vape Pocket CBD<\/strong> jest wynikiem wsp\u00f3\u0142pracy pomi\u0119dzy<strong> Kidd Keo x Iguana Smoke<\/strong>, gdzie design, muzyka i styl \u017cycia ponownie \u0142\u0105cz\u0105 si\u0119 w jednym produkcie. <\/span><\/p>\n<p><span style=\"font-weight: 400;\">Dzi\u0119ki jego <strong>Zbiornik XXL o pojemno\u015bci 10 ml i 600 mg CBD<\/strong>, oferuje znacznie d\u0142u\u017csz\u0105 \u017cywotno\u015b\u0107 ni\u017c przeci\u0119tna. W rezultacie jest jednym z najlepszych na \u015bwiecie.<strong>Najsilniejsze i najtrwalsze wzmacniacze smaku CBD na rynku<\/strong>.<\/span><\/p>\n<p><span style=\"font-weight: 400;\"> Ponadto, przez <strong>nie zawieraj\u0105 THC ani nikotyny<\/strong>, Niezale\u017cnie od tego, czy chcesz si\u0119 zrelaksowa\u0107, czy odpocz\u0105\u0107 od codziennej rutyny, mo\u017cesz cieszy\u0107 si\u0119 legalnym CBD w Hiszpanii z ca\u0142kowitym spokojem. <\/span><\/p>\n<p>&nbsp;<\/p>\n<h2><strong>Ekskluzywny design inspirowany kolekcj\u0105 Bando Boyz<\/strong><\/h2>\n<p><span style=\"font-weight: 400;\">The <strong>Bando Boyz Vape Pocket CBD<\/strong> nie pozostaje niezauwa\u017cona. Jego miejska, bezpo\u015brednia i uderzaj\u0105ca estetyka <strong>odzwierciedla DNA Kidd Keo i jego kreatywnego wszech\u015bwiata.<\/strong>. Kompaktowy, lekki i o konstrukcji, kt\u00f3ra m\u00f3wi sama za siebie, staje si\u0119 czym\u015b wi\u0119cej ni\u017c tylko waporyzatorem: <strong>to stylowy dodatek<\/strong>. <\/span><\/p>\n<p><span style=\"font-weight: 400;\">Zabierz go ze sob\u0105 i zmie\u0144 \u015bwiat na lepsze. Poniewa\u017c nie wszyscy wapuj\u0105 tak samo.<\/span><\/p>\n<p>&nbsp;<\/p>\n<h3><strong>Kup teraz sw\u00f3j Bando Boyz Vape Pocket CBD by Kidd Keo <\/strong><\/h3>\n<p><span style=\"font-weight: 400;\">Nie daj si\u0119 pomin\u0105\u0107. Zdob\u0105d\u017a t\u0119 limitowan\u0105 edycj\u0119, zanim zniknie z mapy. <\/span><\/p>\n<p><span style=\"font-weight: 400;\">Wybierz <strong>moc<\/strong>. <\/span><\/p>\n<p><span style=\"font-weight: 400;\">Wybierz <strong>streetstyle<\/strong>. <\/span><\/p>\n<p><span style=\"font-weight: 400;\">Wybierz <strong>Kidd Keo x Iguana Smoke<\/strong> - Wybierz vape CBD z w\u0142asn\u0105 osobowo\u015bci\u0105.<\/span><\/p>\n<p>&nbsp;<\/p>\n<h3><b>Iguana Smoke to Tw\u00f3j internetowy sklep z CBD\u00a0<\/b><\/h3>\n<p><span style=\"font-weight: 400;\">Przy<strong> Iguana Smoke<\/strong>, Wierzymy, \u017ce korzystanie z CBD powinno by\u0107 bezpiecznym do\u015bwiadczeniem. W\u0142a\u015bnie dlatego oferujemy produkty takie jak ten <strong>Bando Boyz Vape Pocket CBD by Kidd Keo<\/strong>, Marka \u0142\u0105czy si\u0119 z nowymi pokoleniami: lud\u017ami, kt\u00f3rzy szukaj\u0105 nieskomplikowanego wellness, z autentycznymi i niezawodnymi markami.\u00a0<\/span><\/p>\n<p>Nasza misja jest jasna: dostarcza\u0107 najlepsze kannabinoidy w uczciwej cenie. Ponadto dajemy ci spok\u00f3j ducha, wiedz\u0105c, \u017ce wybierasz certyfikowany, skuteczny i legalny produkt 100%. Tw\u00f3j czas relaksu zaczyna si\u0119 z nami.<\/p>\n<p>Nadal masz w\u0105tpliwo\u015bci? Napisz do nas, a z przyjemno\u015bci\u0105 pomo\u017cemy Ci znale\u017a\u0107 odpowiedni produkt.<\/p>\n<p>&nbsp;<\/p>\n<h6>\u2139\ufe0f<strong> Informacje prawne<\/strong><\/h6>\n<p><em><span style=\"font-weight: 400;\">*Produkt przeznaczony do kolekcjonowania lub aromaterapii, zgodnie z obowi\u0105zuj\u0105cymi w Hiszpanii przepisami. <\/span><\/em><\/p>\n<p><em><span style=\"font-weight: 400;\">**Pochodzi z certyfikowanych konopi przemys\u0142owych. Zawiera mniej ni\u017c 0,3 THC i nie zawiera nielegalnych kannabinoid\u00f3w, takich jak HHC, HHC-P, THCP, THCP-O, H4CBD lub substancji wymienionych w za\u0142\u0105czniku I do dekretu kr\u00f3lewskiego 2829\/1977, ani substancji kontrolowanych przez konwencje mi\u0119dzynarodowe.\u00a0\u00a0<\/span><\/em><\/p>","protected":false},"excerpt":{"rendered":"<p><span style=\"font-weight: 400;\">Cechy<strong>: <\/strong><\/span><\/p>\n<ul>\n<li><span style=\"font-weight: 400;\">Vape CBD jednorazowego u\u017cytku<\/span><\/li>\n<li><span style=\"font-weight: 400;\">Wymiary: <strong>82 x 49 x 22 mm<\/strong>\u00a0<\/span><\/li>\n<li><span style=\"font-weight: 400;\">Bateria: <strong>550 mAh USB-C<\/strong><\/span><\/li>\n<li>Aromat: <strong>Bando Boyz<\/strong><\/li>\n<li><span style=\"font-weight: 400;\">Pojemno\u015b\u0107: <strong>10 ml <\/strong><\/span><\/li>\n<li><span style=\"font-weight: 400;\">Caladas: <strong>do 3000 <\/strong><\/span><\/li>\n<li><span style=\"font-weight: 400;\">CBD: <strong>600\/10ml <\/strong><\/span><\/li>\n<li><span style=\"font-weight: 400;\">THC: <strong>0% <\/strong><\/span><\/li>\n<li><span style=\"font-weight: 400;\">Nikotyna: <strong>0%\u00a0<\/strong>\u00a0<\/span><\/li>\n<li>Zawiera naklejk\u0119 <em>holograficzny Bando Boyz<\/em> bezp\u0142atnie przy zakupie jednego urz\u0105dzenia.<\/li>\n<\/ul>\n<p><span style=\"font-weight: 400;\">Ponadto, je\u015bli chcesz, mo\u017cesz skonsultowa\u0107 si\u0119 z<strong> <a href=\"https:\/\/iguanasmoke.com\/pl\/analityka\/\">analiza laboratoryjna.<\/a><\/strong><\/span><\/p>","protected":false},"featured_media":41437,"comment_status":"open","ping_status":"closed","template":"","meta":{"_acf_changed":false,"site-sidebar-layout":"default","site-content-layout":"default","ast-site-content-layout":"default","site-content-style":"default","site-sidebar-style":"default","ast-global-header-display":"","ast-banner-title-visibility":"","ast-main-header-display":"","ast-hfb-above-header-display":"","ast-hfb-below-header-display":"","ast-hfb-mobile-header-display":"","site-post-title":"","ast-breadcrumbs-content":"","ast-featured-img":"","footer-sml-layout":"","theme-transparent-header-meta":"default","adv-header-id-meta":"","stick-header-meta":"","header-above-stick-meta":"","header-main-stick-meta":"","header-below-stick-meta":"","astra-migrate-meta-layouts":"set","ast-page-background-enabled":"default","ast-page-background-meta":{"desktop":{"background-color":"var(--ast-global-color-4)","background-image":"","background-repeat":"repeat","background-position":"center center","background-size":"auto","background-attachment":"scroll","background-type":"","background-media":"","overlay-type":"","overlay-color":"","overlay-opacity":"","overlay-gradient":""},"tablet":{"background-color":"","background-image":"","background-repeat":"repeat","background-position":"center center","background-size":"auto","background-attachment":"scroll","background-type":"","background-media":"","overlay-type":"","overlay-color":"","overlay-opacity":"","overlay-gradient":""},"mobile":{"background-color":"","background-image":"","background-repeat":"repeat","background-position":"center center","background-size":"auto","background-attachment":"scroll","background-type":"","background-media":"","overlay-type":"","overlay-color":"","overlay-opacity":"","overlay-gradient":""}},"ast-content-background-meta":{"desktop":{"background-color":"var(--ast-global-color-5)","background-image":"","background-repeat":"repeat","background-position":"center center","background-size":"auto","background-attachment":"scroll","background-type":"","background-media":"","overlay-type":"","overlay-color":"","overlay-opacity":"","overlay-gradient":""},"tablet":{"background-color":"var(--ast-global-color-5)","background-image":"","background-repeat":"repeat","background-position":"center center","background-size":"auto","background-attachment":"scroll","background-type":"","background-media":"","overlay-type":"","overlay-color":"","overlay-opacity":"","overlay-gradient":""},"mobile":{"background-color":"var(--ast-global-color-5)","background-image":"","background-repeat":"repeat","background-position":"center center","background-size":"auto","background-attachment":"scroll","background-type":"","background-media":"","overlay-type":"","overlay-color":"","overlay-opacity":"","overlay-gradient":""}}},"product_brand":[],"product_cat":[426,420],"product_tag":[],"class_list":{"0":"post-41435","1":"product","2":"type-product","3":"status-publish","4":"has-post-thumbnail","6":"product_cat-pods","7":"product_cat-vaper-pocket-cbd","8":"desktop-align-center","9":"tablet-align-center","10":"mobile-align-center","12":"first","13":"instock","14":"taxable","15":"shipping-taxable","16":"purchasable","17":"product-type-simple"},"acf":[],"yoast_head":"<!-- This site is optimized with the Yoast SEO Premium plugin v27.3 (Yoast SEO v27.3) - https:\/\/yoast.com\/product\/yoast-seo-premium-wordpress\/ -->\n<title>Bando Boyz Vape Pocket CBD by Kidd Keo - Edici\u00f3n Limitada | Iguana Smoke<\/title>\n<meta name=\"description\" content=\"Descubre el Bando Boyz Vape Pocket CBD by Kidd Keo, edici\u00f3n limitada Collection. 3000 caladas, 600mg CBD, 0% THC. \u00a1Compra tu vaper CBD exclusivo ahora!\" \/>\n<meta name=\"robots\" content=\"index, follow, max-snippet:-1, max-image-preview:large, max-video-preview:-1\" \/>\n<link rel=\"canonical\" href=\"https:\/\/iguanasmoke.com\/pl\/product-2\/bando-boyz-cbd-vaper-by-kidd-keo\/\" \/>\n<meta property=\"og:locale\" content=\"pl_PL\" \/>\n<meta property=\"og:type\" content=\"article\" \/>\n<meta property=\"og:title\" content=\"Bando Boyz Vape Pocket CBD by Kidd Keo\" \/>\n<meta property=\"og:description\" content=\"Caracter\u00edsticas:    Vape CBD desechable  Dimensiones: 82 x 49x 22 mm\u00a0  Bater\u00eda: 550 mAh USB-C  Aroma: Bando Boyz  Capacidad: 10ml   Caladas: hasta 3000   CBD: 600\/10ml   THC: 0%   Nicotina: 0%\u00a0\u00a0  Incluye pegatina hologr\u00e1fica Bando Boyz gratis por la compra de una unidad.  Adem\u00e1s, si quieres puedes consultar el an\u00e1lisis de laboratorio.\" \/>\n<meta property=\"og:url\" content=\"https:\/\/iguanasmoke.com\/pl\/product-2\/bando-boyz-cbd-vaper-by-kidd-keo\/\" \/>\n<meta property=\"og:site_name\" content=\"Iguana Smoke\" \/>\n<meta property=\"article:publisher\" content=\"https:\/\/www.facebook.com\/iguanasmoke\" \/>\n<meta property=\"article:modified_time\" content=\"2026-03-22T14:38:22+00:00\" \/>\n<meta property=\"og:image\" content=\"https:\/\/iguanasmoke.com\/wp-content\/uploads\/2024\/10\/Mockup-bando-der.webp\" \/>\n\t<meta property=\"og:image:width\" content=\"826\" \/>\n\t<meta property=\"og:image:height\" content=\"736\" \/>\n\t<meta property=\"og:image:type\" content=\"image\/webp\" \/>\n<meta name=\"twitter:card\" content=\"summary_large_image\" \/>\n<meta name=\"twitter:label1\" content=\"Cena\" \/>\n\t<meta name=\"twitter:data1\" content=\"29,90&nbsp;&euro;\" \/>\n\t<meta name=\"twitter:label2\" content=\"Dost\u0119pno\u015b\u0107\" \/>\n\t<meta name=\"twitter:data2\" content=\"Dost\u0119pny\" \/>\n<meta property=\"product:brand\" content=\"simple\" \/>\n<meta property=\"product:price:amount\" content=\"29.90\" \/>\n<meta property=\"product:price:currency\" content=\"EUR\" \/>\n<meta property=\"og:availability\" content=\"instock\" \/>\n<meta property=\"product:availability\" content=\"instock\" \/>\n<meta property=\"product:retailer_item_id\" content=\"IS-BANDO-3000\" \/>\n<meta property=\"product:condition\" content=\"new\" \/>\n<!-- \/ Yoast SEO Premium plugin. -->","yoast_head_json":{"title":"Bando Boyz Vape Pocket CBD by Kidd Keo - edycja limitowana | Iguana Smoke","description":"Odkryj limitowan\u0105 kolekcj\u0119 Bando Boyz Vape Pocket CBD by Kidd Keo. 3000 zaci\u0105gni\u0119\u0107, 600mg CBD, 0% THC. Kup sw\u00f3j ekskluzywny vaper CBD ju\u017c teraz!","robots":{"index":"index","follow":"follow","max-snippet":"max-snippet:-1","max-image-preview":"max-image-preview:large","max-video-preview":"max-video-preview:-1"},"canonical":"https:\/\/iguanasmoke.com\/pl\/product-2\/bando-boyz-cbd-vaper-by-kidd-keo\/","og_locale":"pl_PL","og_type":"article","og_title":"Bando Boyz Vape Pocket CBD by Kidd Keo","og_description":"Caracter\u00edsticas:    Vape CBD desechable  Dimensiones: 82 x 49x 22 mm\u00a0  Bater\u00eda: 550 mAh USB-C  Aroma: Bando Boyz  Capacidad: 10ml   Caladas: hasta 3000   CBD: 600\/10ml   THC: 0%   Nicotina: 0%\u00a0\u00a0  Incluye pegatina hologr\u00e1fica Bando Boyz gratis por la compra de una unidad.  Adem\u00e1s, si quieres puedes consultar el an\u00e1lisis de laboratorio.","og_url":"https:\/\/iguanasmoke.com\/pl\/product-2\/bando-boyz-cbd-vaper-by-kidd-keo\/","og_site_name":"Iguana Smoke","article_publisher":"https:\/\/www.facebook.com\/iguanasmoke","article_modified_time":"2026-03-22T14:38:22+00:00","og_image":[{"width":826,"height":736,"url":"https:\/\/iguanasmoke.com\/wp-content\/uploads\/2024\/10\/Mockup-bando-der.webp","type":"image\/webp"}],"twitter_card":"summary_large_image","twitter_misc":{"Cena":"29,90&nbsp;&euro;","Dost\u0119pno\u015b\u0107":"Dost\u0119pny"},"schema":{"@context":"https:\/\/schema.org","@graph":[{"@type":"WebPage","@id":"https:\/\/iguanasmoke.com\/producto\/bando-boyz-cbd-vaper-by-kidd-keo\/","url":"https:\/\/iguanasmoke.com\/producto\/bando-boyz-cbd-vaper-by-kidd-keo\/","name":"Bando Boyz Vape Pocket CBD by Kidd Keo - edycja limitowana | Iguana Smoke","isPartOf":{"@id":"https:\/\/iguanasmoke.com\/#website"},"primaryImageOfPage":{"@id":"https:\/\/iguanasmoke.com\/producto\/bando-boyz-cbd-vaper-by-kidd-keo\/#primaryimage"},"image":{"@id":"https:\/\/iguanasmoke.com\/producto\/bando-boyz-cbd-vaper-by-kidd-keo\/#primaryimage"},"thumbnailUrl":"https:\/\/iguanasmoke.com\/wp-content\/uploads\/2024\/10\/Mockup-bando-der.webp","datePublished":"2024-10-08T12:08:19+00:00","dateModified":"2026-03-22T14:38:22+00:00","description":"Odkryj limitowan\u0105 kolekcj\u0119 Bando Boyz Vape Pocket CBD by Kidd Keo. 3000 zaci\u0105gni\u0119\u0107, 600mg CBD, 0% THC. Kup sw\u00f3j ekskluzywny vaper CBD ju\u017c teraz!","breadcrumb":{"@id":"https:\/\/iguanasmoke.com\/producto\/bando-boyz-cbd-vaper-by-kidd-keo\/#breadcrumb"},"inLanguage":"pl-PL","potentialAction":[{"@type":"ReadAction","target":["https:\/\/iguanasmoke.com\/producto\/bando-boyz-cbd-vaper-by-kidd-keo\/"]}]},{"@type":"ImageObject","inLanguage":"pl-PL","@id":"https:\/\/iguanasmoke.com\/producto\/bando-boyz-cbd-vaper-by-kidd-keo\/#primaryimage","url":"https:\/\/iguanasmoke.com\/wp-content\/uploads\/2024\/10\/Mockup-bando-der.webp","contentUrl":"https:\/\/iguanasmoke.com\/wp-content\/uploads\/2024\/10\/Mockup-bando-der.webp","width":826,"height":736,"caption":"vaper cbd"},{"@type":"BreadcrumbList","@id":"https:\/\/iguanasmoke.com\/producto\/bando-boyz-cbd-vaper-by-kidd-keo\/#breadcrumb","itemListElement":[{"@type":"ListItem","position":1,"name":"home","item":"https:\/\/iguanasmoke.com\/"},{"@type":"ListItem","position":2,"name":"Tienda","item":"https:\/\/iguanasmoke.com\/tienda\/"},{"@type":"ListItem","position":3,"name":"Vaper CBD","item":"https:\/\/iguanasmoke.com\/categoria\/vaper-cbd\/"},{"@type":"ListItem","position":4,"name":"Pods","item":"https:\/\/iguanasmoke.com\/categoria\/vaper-cbd\/pods\/"},{"@type":"ListItem","position":5,"name":"Bando Boyz Vape Pocket CBD by Kidd Keo"}]},{"@type":"WebSite","@id":"https:\/\/iguanasmoke.com\/#website","url":"https:\/\/iguanasmoke.com\/","name":"Iguana Smoke","description":"Kup CBD online w najlepszej cenie","publisher":{"@id":"https:\/\/iguanasmoke.com\/#organization"},"potentialAction":[{"@type":"SearchAction","target":{"@type":"EntryPoint","urlTemplate":"https:\/\/iguanasmoke.com\/?s={search_term_string}"},"query-input":{"@type":"PropertyValueSpecification","valueRequired":true,"valueName":"search_term_string"}}],"inLanguage":"pl-PL"},{"@type":"Organization","@id":"https:\/\/iguanasmoke.com\/#organization","name":"Iguana Smoke","url":"https:\/\/iguanasmoke.com\/","logo":{"@type":"ImageObject","inLanguage":"pl-PL","@id":"https:\/\/iguanasmoke.com\/#\/schema\/logo\/image\/","url":"https:\/\/iguanasmoke.com\/wp-content\/uploads\/2025\/01\/logoiguana-favi-1.png","contentUrl":"https:\/\/iguanasmoke.com\/wp-content\/uploads\/2025\/01\/logoiguana-favi-1.png","width":512,"height":512,"caption":"Iguana Smoke"},"image":{"@id":"https:\/\/iguanasmoke.com\/#\/schema\/logo\/image\/"},"sameAs":["https:\/\/www.facebook.com\/iguanasmoke","https:\/\/www.instagram.com\/iguanasmoke\/"]}]},"product_brand":"simple","product_price_amount":"29.90","product_price_currency":"EUR","og_availability":"instock","product_availability":"instock","product_retailer_item_id":"IS-BANDO-3000","product_condition":"new"},"_links":{"self":[{"href":"https:\/\/iguanasmoke.com\/pl\/wp-json\/wp\/v2\/product\/41435","targetHints":{"allow":["GET"]}}],"collection":[{"href":"https:\/\/iguanasmoke.com\/pl\/wp-json\/wp\/v2\/product"}],"about":[{"href":"https:\/\/iguanasmoke.com\/pl\/wp-json\/wp\/v2\/types\/product"}],"replies":[{"embeddable":true,"href":"https:\/\/iguanasmoke.com\/pl\/wp-json\/wp\/v2\/comments?post=41435"}],"wp:featuredmedia":[{"embeddable":true,"href":"https:\/\/iguanasmoke.com\/pl\/wp-json\/wp\/v2\/media\/41437"}],"wp:attachment":[{"href":"https:\/\/iguanasmoke.com\/pl\/wp-json\/wp\/v2\/media?parent=41435"}],"wp:term":[{"taxonomy":"product_brand","embeddable":true,"href":"https:\/\/iguanasmoke.com\/pl\/wp-json\/wp\/v2\/product_brand?post=41435"},{"taxonomy":"product_cat","embeddable":true,"href":"https:\/\/iguanasmoke.com\/pl\/wp-json\/wp\/v2\/product_cat?post=41435"},{"taxonomy":"product_tag","embeddable":true,"href":"https:\/\/iguanasmoke.com\/pl\/wp-json\/wp\/v2\/product_tag?post=41435"}],"curies":[{"name":"wp","href":"https:\/\/api.w.org\/{rel}","templated":true}]}}