{"id":42742,"date":"2024-11-04T16:26:33","date_gmt":"2024-11-04T15:26:33","guid":{"rendered":"https:\/\/iguanasmoke.com\/?post_type=product&#038;p=42742"},"modified":"2026-03-20T11:53:33","modified_gmt":"2026-03-20T10:53:33","slug":"hash-cbd-golden-20","status":"publish","type":"product","link":"https:\/\/iguanasmoke.com\/pl\/producto\/hash-cbd-golden-20\/","title":{"rendered":"Hash CBD Golden 20%"},"content":{"rendered":"<h1><span style=\"font-weight: 400;\">Golden Hash 20% CBD: Z\u0142oty haszysz<\/span><\/h1>\n<p><span style=\"font-size: 16px; font-weight: 400;\">\u017bywica ta rzuca si\u0119 w oczy nie tylko ze wzgl\u0119du na sw\u00f3j z\u0142oty kolor i g\u0105bczast\u0105 konsystencj\u0119. Jej po\u0142\u0105czenie lekkiego i \u0142agodnego smaku sprawia, \u017ce jest to idealny wyb\u00f3r dla tych, kt\u00f3rzy chc\u0105<\/span><strong style=\"font-size: 16px;\"> kupi\u0107 legalny haszysz CBD online<\/strong><span style=\"font-size: 16px; font-weight: 400;\"> z gwarancj\u0105 otrzymania tego, co najlepsze. Nie wahaj si\u0119 kupi\u0107 <strong>Haszysz CBD Golden 20% <\/strong>w Iguana Smoke.<\/span><\/p>\n<p>&nbsp;<\/p>\n<h2>Charakterystyka Hash CBD Golden 20%:<\/h2>\n<ul>\n<li>Wygl\u0105d i tekstura: <span style=\"font-weight: 400;\">Jej wygl\u0105d zach\u0119ca do delektowania si\u0119 jej przyjemn\u0105 w dotyku, \u0142atw\u0105 do pokruszenia konsystencj\u0105. Wyr\u00f3\u017cnia si\u0119 mi\u0119kk\u0105, \u015brednio sprasowan\u0105 tekstur\u0105, kt\u00f3ra jest r\u00f3wnie przyjemna w dotyku, jak efekt jej dzia\u0142ania. <strong>Haszysz bez THC z wysok\u0105 zawarto\u015bci\u0105 CBD<\/strong>.\u00a0<\/span><\/li>\n<li><span style=\"font-size: 16px; font-weight: 400;\"><strong>Aromat i smak:<\/strong> Aromat jest <span style=\"font-weight: 400;\">co\u015b<strong>\u00a0kwiatowy<\/strong>, podobny do innych blond hashy, takich jak <a href=\"https:\/\/iguanasmoke.com\/pl\/product-2\/blonde-hash-cbd-20\/\">Hash Blonde CBD 20%<\/a> Iguana Smoke.<\/span> Jego smak jest <strong>naturalny i delikatny.<\/strong><\/span><\/li>\n<li><span style=\"font-size: 16px; font-weight: 400;\"><strong>Pochodzenie i czysto\u015b\u0107:<\/strong> Starannie wyselekcjonowana \u017cywica pochodzi z konopi przemys\u0142owych certyfikowanych przez UE, co gwarantuje czysto\u015b\u0107 i jako\u015b\u0107. Niezb\u0119dna dla os\u00f3b poszukuj\u0105cych <strong>Tanie CBD<\/strong> ale nie chc\u0105 nara\u017ca\u0107 na szwank jako\u015bci <strong>Golden CBD Hashish Golden 20%<\/strong>.<\/span><\/li>\n<\/ul>\n<p>&nbsp;<\/p>\n<h3><b>Dlaczego warto kupowa\u0107 haszysz i \u017cywic\u0119 CBD od Iguana Smoke?<\/b><\/h3>\n<p><span style=\"font-weight: 400;\">W Iguana Smoke stawiamy na jako\u015b\u0107. Nasze produkty haszyszowe CBD s\u0105 100% naturalne i organiczne, bez chemikali\u00f3w i pestycyd\u00f3w. Oznacza to, \u017ce kupuj\u0105c u nas, wybierasz czysty i bezpieczny haszysz i \u017cywice CBD. Podobnie jak w przypadku naszych <strong>h<\/strong><span style=\"font-size: 16px; font-weight: 400;\"><strong>ach\u00eds CBD Golden <\/strong><\/span><strong>20%.<\/strong><\/span><\/p>\n<p><span style=\"font-weight: 400;\">Bez w\u0105tpienia jest to bezpieczne miejsce <strong>Gdzie kupi\u0107 tani haszysz CBD w Hiszpanii?<\/strong> poniewa\u017c wszystkie nasze produkty s\u0105 zatwierdzone przez Uni\u0119 Europejsk\u0105, co gwarantuje ich legalno\u015b\u0107 i bezpiecze\u0144stwo. Dzi\u0119ki zawarto\u015bci THC poni\u017cej 0,3 %, nasz haszysz i \u017cywica CBD pozwalaj\u0105 cieszy\u0107 si\u0119 wieloma korzy\u015bciami p\u0142yn\u0105cymi z CBD bez efekt\u00f3w psychoaktywnych. <\/span><span style=\"font-weight: 400;\">Mo\u017cesz zapozna\u0107 si\u0119 z analiz\u0105 jako\u015bci tego skr\u00f3tu <a href=\"https:\/\/iguanasmoke.com\/pl\/analityka\/\">tutaj<\/a>.\u00a0<\/span><\/p>\n<p><em><span style=\"font-weight: 400;\">Pami\u0119taj: zgodnie z hiszpa\u0144skim prawem jest on przeznaczony do cel\u00f3w kolekcjonerskich lub aromaterapeutycznych.\u00a0<\/span><\/em><\/p>\n<p><span style=\"font-weight: 400;\">Zach\u0119camy do wypr\u00f3bowania naszych innych \u017cywic CBD, takich jak <a href=\"https:\/\/iguanasmoke.com\/pl\/product-2\/piatella-hash-cbd-40\/\">Piatella<\/a> lub <a href=\"https:\/\/iguanasmoke.com\/pl\/product-2\/lemon-haze-hash-cbd-20\/\">Lemon Haze Hash CBD 20%<\/a>. Chocia\u017c jeste\u015bmy pewni, \u017ce <strong>Hash CBD Golden 20%<\/strong> pokochasz. Nie zapomnij r\u00f3wnie\u017c zapozna\u0107 si\u0119 z innymi najlepiej sprzedaj\u0105cymi si\u0119 produktami, takimi jak <a href=\"https:\/\/iguanasmoke.com\/pl\/kategoria\/cbd\/broad-spectrum\/\">Vapes CBD o szerokim spektrum dzia\u0142ania<\/a> i <a href=\"https:\/\/iguanasmoke.com\/pl\/product-2\/comprar-cbd-flores-ready-to-roll-30gr\/\">Gotowy do pracy<\/a> \u00a1<\/span><span style=\"font-weight: 400;\">Przyjd\u017a i kup sw\u00f3j ulubiony!<\/span><\/p>\n<p>&nbsp;<\/p>\n<h3><b>Iguana Smoke to synonim jako\u015bci i niezawodno\u015bci.<\/b><\/h3>\n<p><span style=\"font-weight: 400;\">W Iguana Smoke wierzymy, \u017ce korzystanie z CBD powinno by\u0107 bezpiecznym, dost\u0119pnym i przyjemnym do\u015bwiadczeniem. Dlatego oferujemy wysokiej jako\u015bci produkty, kt\u00f3re \u0142\u0105cz\u0105 si\u0119 z nowymi pokoleniami: lud\u017ami, kt\u00f3rzy szukaj\u0105 nieskomplikowanego wellness, z autentycznymi i niezawodnymi markami. Pami\u0119taj, \u017ce wszystkie nasze produkty s\u0105 <strong>Haszysz bez THC z wysok\u0105 zawarto\u015bci\u0105 CBD<\/strong>, takich jak <strong>haszysz<\/strong> <\/span><span style=\"font-weight: 400;\"><strong>CBD Golden 20% <\/strong>kt\u00f3r\u0105 zamierzasz kupi\u0107.<\/span><\/p>\n<p>Innymi s\u0142owy, nasza misja jest jasna: dostarcza\u0107 najlepsze CBD w uczciwej cenie, ze spokojem wiedz\u0105c, \u017ce wybierasz certyfikowany, skuteczny i legalny produkt 100%. Jeste\u015bmy w czo\u0142\u00f3wce produkt\u00f3w CBD.<\/p>\n<p>Masz jakie\u015b pytania? Napisz do nas, a z przyjemno\u015bci\u0105 pomo\u017cemy Ci znale\u017a\u0107 odpowiedni produkt.<\/p>","protected":false},"excerpt":{"rendered":"<p><span style=\"font-weight: 400;\">Z\u0142ocista, puszysta i g\u0142adka \u017cywica jest idealna dla tych, kt\u00f3rzy chc\u0105 kupi\u0107 haszysz CBD online. Wyr\u00f3\u017cnia si\u0119 kolorem i bogatym aromatem.<\/span><\/p>\n<ul>\n<li>CBD: 20% \/ THC: &lt;0,3%<\/li>\n<li>Bardzo naturalny aromat<\/li>\n<li>100% legalny w Europie<\/li>\n<\/ul>\n<p>Analiza jako\u015bci: kliknij\u00a0<a href=\"https:\/\/iguanasmoke.com\/pl\/analityka\/\" target=\"_blank\" rel=\"noopener\">tutaj<\/a><\/p>","protected":false},"featured_media":81852,"comment_status":"open","ping_status":"closed","template":"","meta":{"_acf_changed":false,"site-sidebar-layout":"default","site-content-layout":"default","ast-site-content-layout":"default","site-content-style":"default","site-sidebar-style":"default","ast-global-header-display":"","ast-banner-title-visibility":"","ast-main-header-display":"","ast-hfb-above-header-display":"","ast-hfb-below-header-display":"","ast-hfb-mobile-header-display":"","site-post-title":"","ast-breadcrumbs-content":"","ast-featured-img":"","footer-sml-layout":"","theme-transparent-header-meta":"default","adv-header-id-meta":"","stick-header-meta":"","header-above-stick-meta":"","header-main-stick-meta":"","header-below-stick-meta":"","astra-migrate-meta-layouts":"set","ast-page-background-enabled":"default","ast-page-background-meta":{"desktop":{"background-color":"var(--ast-global-color-4)","background-image":"","background-repeat":"repeat","background-position":"center center","background-size":"auto","background-attachment":"scroll","background-type":"","background-media":"","overlay-type":"","overlay-color":"","overlay-opacity":"","overlay-gradient":""},"tablet":{"background-color":"","background-image":"","background-repeat":"repeat","background-position":"center center","background-size":"auto","background-attachment":"scroll","background-type":"","background-media":"","overlay-type":"","overlay-color":"","overlay-opacity":"","overlay-gradient":""},"mobile":{"background-color":"","background-image":"","background-repeat":"repeat","background-position":"center center","background-size":"auto","background-attachment":"scroll","background-type":"","background-media":"","overlay-type":"","overlay-color":"","overlay-opacity":"","overlay-gradient":""}},"ast-content-background-meta":{"desktop":{"background-color":"var(--ast-global-color-5)","background-image":"","background-repeat":"repeat","background-position":"center center","background-size":"auto","background-attachment":"scroll","background-type":"","background-media":"","overlay-type":"","overlay-color":"","overlay-opacity":"","overlay-gradient":""},"tablet":{"background-color":"var(--ast-global-color-5)","background-image":"","background-repeat":"repeat","background-position":"center center","background-size":"auto","background-attachment":"scroll","background-type":"","background-media":"","overlay-type":"","overlay-color":"","overlay-opacity":"","overlay-gradient":""},"mobile":{"background-color":"var(--ast-global-color-5)","background-image":"","background-repeat":"repeat","background-position":"center center","background-size":"auto","background-attachment":"scroll","background-type":"","background-media":"","overlay-type":"","overlay-color":"","overlay-opacity":"","overlay-gradient":""}}},"product_brand":[],"product_cat":[397],"product_tag":[],"class_list":{"0":"post-42742","1":"product","2":"type-product","3":"status-publish","4":"has-post-thumbnail","6":"product_cat-hash-cbd","7":"desktop-align-center","8":"tablet-align-center","9":"mobile-align-center","11":"first","12":"outofstock","13":"taxable","14":"shipping-taxable","15":"purchasable","16":"product-type-variable"},"acf":[],"yoast_head":"<!-- This site is optimized with the Yoast SEO Premium plugin v27.3 (Yoast SEO v27.3) - https:\/\/yoast.com\/product\/yoast-seo-premium-wordpress\/ -->\n<title>Hash CBD Golden 20% : Compra resina y hach\u00eds CBD legal online | Iguana Smoke<\/title>\n<meta name=\"description\" content=\"Hash CBD Golden 20% te espera con su atractivo color dorado y su sabor ligero. No dudes m\u00e1s, \u00a1Y haz tu pedido y compra hach\u00eds CBD Golden 20%! \u2728\" \/>\n<meta name=\"robots\" content=\"index, follow, max-snippet:-1, max-image-preview:large, max-video-preview:-1\" \/>\n<link rel=\"canonical\" href=\"https:\/\/iguanasmoke.com\/pl\/product-2\/hash-cbd-golden-20\/\" \/>\n<meta property=\"og:locale\" content=\"pl_PL\" \/>\n<meta property=\"og:type\" content=\"article\" \/>\n<meta property=\"og:title\" content=\"Hash CBD Golden 20%\" \/>\n<meta property=\"og:description\" content=\"La resina de oro, esponjosa y suave es perfecta para quienes quieren comprar hash CBD online. Destaca por su tonalidad y su rico aroma.   CBD: 20% \/ THC: &lt;0,3%  Aroma muy natural  100% legal en Europa  An\u00e1lisis de calidad: pincha\u00a0aqu\u00ed\" \/>\n<meta property=\"og:url\" content=\"https:\/\/iguanasmoke.com\/pl\/product-2\/hash-cbd-golden-20\/\" \/>\n<meta property=\"og:site_name\" content=\"Iguana Smoke\" \/>\n<meta property=\"article:publisher\" content=\"https:\/\/www.facebook.com\/iguanasmoke\" \/>\n<meta property=\"article:modified_time\" content=\"2026-03-20T10:53:33+00:00\" \/>\n<meta property=\"og:image\" content=\"https:\/\/iguanasmoke.com\/wp-content\/uploads\/2024\/11\/Golden-2g-con-hash.webp\" \/>\n\t<meta property=\"og:image:width\" content=\"1000\" \/>\n\t<meta property=\"og:image:height\" content=\"1000\" \/>\n\t<meta property=\"og:image:type\" content=\"image\/webp\" \/>\n<meta name=\"twitter:card\" content=\"summary_large_image\" \/>\n<meta name=\"twitter:label1\" content=\"Dost\u0119pno\u015b\u0107\" \/>\n\t<meta name=\"twitter:data1\" content=\"Brak w magazynie\" \/>\n<meta property=\"product:brand\" content=\"variable\" \/>\n<meta property=\"og:availability\" content=\"out of stock\" \/>\n<meta property=\"product:availability\" content=\"out of stock\" \/>\n<meta property=\"product:condition\" content=\"new\" \/>\n<!-- \/ Yoast SEO Premium plugin. -->","yoast_head_json":{"title":"Hash CBD Golden 20% : Kup legaln\u0105 \u017cywic\u0119 CBD i haszysz online : Iguana Smoke","description":"Hash CBD Golden 20% czeka na Ciebie z atrakcyjnym z\u0142otym kolorem i lekkim smakiem. Nie wahaj si\u0119 d\u0142u\u017cej, z\u0142\u00f3\u017c zam\u00f3wienie i kup haszysz CBD Golden 20%! \u2728","robots":{"index":"index","follow":"follow","max-snippet":"max-snippet:-1","max-image-preview":"max-image-preview:large","max-video-preview":"max-video-preview:-1"},"canonical":"https:\/\/iguanasmoke.com\/pl\/product-2\/hash-cbd-golden-20\/","og_locale":"pl_PL","og_type":"article","og_title":"Hash CBD Golden 20%","og_description":"La resina de oro, esponjosa y suave es perfecta para quienes quieren comprar hash CBD online. Destaca por su tonalidad y su rico aroma.   CBD: 20% \/ THC: &lt;0,3%  Aroma muy natural  100% legal en Europa  An\u00e1lisis de calidad: pincha\u00a0aqu\u00ed","og_url":"https:\/\/iguanasmoke.com\/pl\/product-2\/hash-cbd-golden-20\/","og_site_name":"Iguana Smoke","article_publisher":"https:\/\/www.facebook.com\/iguanasmoke","article_modified_time":"2026-03-20T10:53:33+00:00","og_image":[{"width":1000,"height":1000,"url":"https:\/\/iguanasmoke.com\/wp-content\/uploads\/2024\/11\/Golden-2g-con-hash.webp","type":"image\/webp"}],"twitter_card":"summary_large_image","twitter_misc":{"Dost\u0119pno\u015b\u0107":"Brak w magazynie"},"schema":{"@context":"https:\/\/schema.org","@graph":[{"@type":"WebPage","@id":"https:\/\/iguanasmoke.com\/producto\/hash-cbd-golden-20\/","url":"https:\/\/iguanasmoke.com\/producto\/hash-cbd-golden-20\/","name":"Hash CBD Golden 20% : Kup legaln\u0105 \u017cywic\u0119 CBD i haszysz online : Iguana Smoke","isPartOf":{"@id":"https:\/\/iguanasmoke.com\/#website"},"primaryImageOfPage":{"@id":"https:\/\/iguanasmoke.com\/producto\/hash-cbd-golden-20\/#primaryimage"},"image":{"@id":"https:\/\/iguanasmoke.com\/producto\/hash-cbd-golden-20\/#primaryimage"},"thumbnailUrl":"https:\/\/iguanasmoke.com\/wp-content\/uploads\/2024\/11\/Golden-2g-con-hash.webp","datePublished":"2024-11-04T15:26:33+00:00","dateModified":"2026-03-20T10:53:33+00:00","description":"Hash CBD Golden 20% czeka na Ciebie z atrakcyjnym z\u0142otym kolorem i lekkim smakiem. Nie wahaj si\u0119 d\u0142u\u017cej, z\u0142\u00f3\u017c zam\u00f3wienie i kup haszysz CBD Golden 20%! \u2728","breadcrumb":{"@id":"https:\/\/iguanasmoke.com\/producto\/hash-cbd-golden-20\/#breadcrumb"},"inLanguage":"pl-PL","potentialAction":[{"@type":"ReadAction","target":["https:\/\/iguanasmoke.com\/producto\/hash-cbd-golden-20\/"]}]},{"@type":"ImageObject","inLanguage":"pl-PL","@id":"https:\/\/iguanasmoke.com\/producto\/hash-cbd-golden-20\/#primaryimage","url":"https:\/\/iguanasmoke.com\/wp-content\/uploads\/2024\/11\/Golden-2g-con-hash.webp","contentUrl":"https:\/\/iguanasmoke.com\/wp-content\/uploads\/2024\/11\/Golden-2g-con-hash.webp","width":1000,"height":1000,"caption":"Hash CBD Golden 2g"},{"@type":"BreadcrumbList","@id":"https:\/\/iguanasmoke.com\/producto\/hash-cbd-golden-20\/#breadcrumb","itemListElement":[{"@type":"ListItem","position":1,"name":"home","item":"https:\/\/iguanasmoke.com\/"},{"@type":"ListItem","position":2,"name":"Tienda","item":"https:\/\/iguanasmoke.com\/tienda\/"},{"@type":"ListItem","position":3,"name":"Hash CBD","item":"https:\/\/iguanasmoke.com\/categoria\/hash-cbd\/"},{"@type":"ListItem","position":4,"name":"Hash CBD Golden 20%"}]},{"@type":"WebSite","@id":"https:\/\/iguanasmoke.com\/#website","url":"https:\/\/iguanasmoke.com\/","name":"Iguana Smoke","description":"Kup CBD online w najlepszej cenie","publisher":{"@id":"https:\/\/iguanasmoke.com\/#organization"},"potentialAction":[{"@type":"SearchAction","target":{"@type":"EntryPoint","urlTemplate":"https:\/\/iguanasmoke.com\/?s={search_term_string}"},"query-input":{"@type":"PropertyValueSpecification","valueRequired":true,"valueName":"search_term_string"}}],"inLanguage":"pl-PL"},{"@type":"Organization","@id":"https:\/\/iguanasmoke.com\/#organization","name":"Iguana Smoke","url":"https:\/\/iguanasmoke.com\/","logo":{"@type":"ImageObject","inLanguage":"pl-PL","@id":"https:\/\/iguanasmoke.com\/#\/schema\/logo\/image\/","url":"https:\/\/iguanasmoke.com\/wp-content\/uploads\/2025\/01\/logoiguana-favi-1.png","contentUrl":"https:\/\/iguanasmoke.com\/wp-content\/uploads\/2025\/01\/logoiguana-favi-1.png","width":512,"height":512,"caption":"Iguana Smoke"},"image":{"@id":"https:\/\/iguanasmoke.com\/#\/schema\/logo\/image\/"},"sameAs":["https:\/\/www.facebook.com\/iguanasmoke","https:\/\/www.instagram.com\/iguanasmoke\/"]}]},"product_brand":"variable","og_availability":"out of stock","product_availability":"out of stock","product_condition":"new"},"_links":{"self":[{"href":"https:\/\/iguanasmoke.com\/pl\/wp-json\/wp\/v2\/product\/42742","targetHints":{"allow":["GET"]}}],"collection":[{"href":"https:\/\/iguanasmoke.com\/pl\/wp-json\/wp\/v2\/product"}],"about":[{"href":"https:\/\/iguanasmoke.com\/pl\/wp-json\/wp\/v2\/types\/product"}],"replies":[{"embeddable":true,"href":"https:\/\/iguanasmoke.com\/pl\/wp-json\/wp\/v2\/comments?post=42742"}],"wp:featuredmedia":[{"embeddable":true,"href":"https:\/\/iguanasmoke.com\/pl\/wp-json\/wp\/v2\/media\/81852"}],"wp:attachment":[{"href":"https:\/\/iguanasmoke.com\/pl\/wp-json\/wp\/v2\/media?parent=42742"}],"wp:term":[{"taxonomy":"product_brand","embeddable":true,"href":"https:\/\/iguanasmoke.com\/pl\/wp-json\/wp\/v2\/product_brand?post=42742"},{"taxonomy":"product_cat","embeddable":true,"href":"https:\/\/iguanasmoke.com\/pl\/wp-json\/wp\/v2\/product_cat?post=42742"},{"taxonomy":"product_tag","embeddable":true,"href":"https:\/\/iguanasmoke.com\/pl\/wp-json\/wp\/v2\/product_tag?post=42742"}],"curies":[{"name":"wp","href":"https:\/\/api.w.org\/{rel}","templated":true}]}}