{"id":46370,"date":"2024-12-27T18:57:51","date_gmt":"2024-12-27T17:57:51","guid":{"rendered":"https:\/\/iguanasmoke.com\/?post_type=product&#038;p=46370"},"modified":"2026-02-13T14:30:56","modified_gmt":"2026-02-13T13:30:56","slug":"goracy-noz-dabber-iguana-smoke","status":"publish","type":"product","link":"https:\/\/iguanasmoke.com\/pl\/producto\/hot-knife-dabber-iguana-smoke\/","title":{"rendered":"Hot Knife Dabber Iguana Smoke"},"content":{"rendered":"<section class=\"product-description\">\n<h1>Hot Knife Dabber Iguana Smoke: <em>Precyzja, czysto\u015b\u0107 i moc w ka\u017cdym dabie<\/em><\/h1>\n<p>Je\u015bli jeste\u015b mi\u0142o\u015bnikiem <strong>dabbing<\/strong>, Wiesz, \u017ce jako\u015b\u0107 narz\u0119dzi robi r\u00f3\u017cnic\u0119. W\u0142a\u015bnie dlatego <strong>Hot Knife Dabber Iguana Smoke<\/strong> staje si\u0119 niezb\u0119dnym akcesorium do obs\u0142ugi \u017cywic i ekstrakt\u00f3w z maksymaln\u0105 precyzj\u0105, czysto\u015bci\u0105 i wydajno\u015bci\u0105.<\/p>\n<p>To <strong>gor\u0105cy n\u00f3\u017c do dab\u00f3w<\/strong> zosta\u0142 zaprojektowany w celu u\u0142atwienia \u0142adowania ekstrakt\u00f3w, takich jak <strong>wosk, shatter, kalafonia lub \u017cywa \u017cywica<\/strong>, Unikanie odpad\u00f3w i utrzymywanie przestrzeni w czysto\u015bci przez ca\u0142y czas.<\/p>\n<\/section>\n<p>&nbsp;<\/p>\n<section class=\"product-description\">\n<h2>Co to jest Hot Knife Dabber i dlaczego go potrzebujesz?<\/h2>\n<p>A <strong>Hot Knife Dabber electronic<\/strong> to \u201cgor\u0105cy n\u00f3\u017c\u201d, czyli innowacyjne narz\u0119dzie z elektronicznie podgrzewan\u0105 ko\u0144c\u00f3wk\u0105 do \u0142atwego i precyzyjnego przenoszenia koncentrat\u00f3w.<\/p>\n<p>W przeciwie\u0144stwie do tradycyjnych dabber\u00f3w, ten gor\u0105cy n\u00f3\u017c <strong>Hot Knife Dabber Iguana Smoke<\/strong> pozwala:<\/p>\n<ul>\n<li>\u0141atwe oddzielanie lepkich koncentrat\u00f3w<\/li>\n<li>Umie\u015b\u0107 materia\u0142 bezpo\u015brednio w gwo\u017adziu lub bangerze.<\/li>\n<li>Redukcja odpad\u00f3w i marnotrawstwa<\/li>\n<li>Poprawa og\u00f3lnego wra\u017cenia z dabbingu<\/li>\n<\/ul>\n<p>W rezultacie otrzymujesz czystsze, szybsze i bardziej profesjonalne sesje.<\/p>\n<\/section>\n<p>&nbsp;<\/p>\n<section class=\"product-description\">\n<h2>Do czego s\u0142u\u017cy gor\u0105cy n\u00f3\u017c?<\/h2>\n<p>The <strong>Hot Knife Dabber Iguana Smoke<\/strong> zosta\u0142 specjalnie zaprojektowany do pracy z lepkimi ekstraktami, takimi jak:<\/p>\n<ul>\n<li>Wosk<\/li>\n<li>Shatter<\/li>\n<li>Rosin<\/li>\n<li>\u017bywa \u017cywica<\/li>\n<li>Inne g\u0119ste koncentraty, takie jak \u017cywice i haszysz<\/li>\n<\/ul>\n<p>Dzi\u0119ki termicznej ko\u0144c\u00f3wce koncentrat jest uwalniany bez wysi\u0142ku i wpada bezpo\u015brednio do zbiornika. <strong>gor\u0105cy banger<\/strong>. W ten spos\u00f3b mo\u017cna unikn\u0105\u0107 przywierania materia\u0142u do narz\u0119dzia i maksymalnie wykorzysta\u0107 ka\u017cdy miligram produktu.<\/p>\n<\/section>\n<p>&nbsp;<\/p>\n<section class=\"product-description\">\n<h2>Jak u\u017cywa\u0107 Hot Knife Dabber Iguana Smoke?<\/h2>\n<ol>\n<li><strong>Na\u0142aduj urz\u0105dzenie:<\/strong> Upewnij si\u0119, \u017ce elektroniczny dabber jest na\u0142adowany, aby zapewni\u0107 wydajne ogrzewanie.<\/li>\n<li><strong>Aktywuj rozgrzewk\u0119:<\/strong> Naci\u015bnij przycisk i poczekaj kilka sekund, a\u017c ko\u0144c\u00f3wka osi\u0105gnie idealn\u0105 temperatur\u0119.<\/li>\n<li><strong>Zebra\u0107 koncentrat:<\/strong> Delikatnie dotknij ekstraktu gor\u0105c\u0105 ko\u0144c\u00f3wk\u0105. Przyklei si\u0119 bez wysi\u0142ku<\/li>\n<li><strong>Depozyt w gwo\u017adziu lub bangerze:<\/strong> Dzi\u0119ki wysokiej temperaturze materia\u0142 b\u0119dzie przesuwa\u0142 si\u0119 czysto i precyzyjnie.<\/li>\n<li><strong>Mi\u0142ej sesji:<\/strong> Do\u015bwiadcz czystszego, bardziej wydajnego i bezodpadowego dabu.<\/li>\n<\/ol>\n<p>&nbsp;<\/p>\n<h2>Zalety urz\u0105dzenia Hot Knife Dabber Iguana Smoke<\/h2>\n<h3>Dok\u0142adno\u015b\u0107 bezwzgl\u0119dna<\/h3>\n<p>Pozwala to na umieszczenie koncentratu dok\u0142adnie tam, gdzie jest potrzebny, bez niepotrzebnych strat.<\/p>\n<h3>Maksymalna czysto\u015b\u0107<\/h3>\n<p>Redukuje lepkie pozosta\u0142o\u015bci i zapobiega wyciekom w miejscu pracy.<\/p>\n<h3>Szybka rozgrzewka<\/h3>\n<p>Dzi\u0119ki elektronicznej konstrukcji osi\u0105ga idealn\u0105 temperatur\u0119 w ci\u0105gu kilku sekund.<\/p>\n<h3>Oszcz\u0119dno\u015b\u0107 materia\u0142\u00f3w<\/h3>\n<p>Liczy si\u0119 ka\u017cda kropla. Ten gor\u0105cy n\u00f3\u017c minimalizuje straty ekstraktu.<\/p>\n<h3>Kompaktowa i przeno\u015bna konstrukcja<\/h3>\n<p>Idealny zar\u00f3wno do u\u017cytku domowego, jak i do zabrania ze sob\u0105.<\/p>\n<h3>Mocne i trwa\u0142e materia\u0142y<\/h3>\n<p>Wyprodukowane z wysokiej jako\u015bci komponent\u00f3w zapewniaj\u0105cych d\u0142ug\u0105 \u017cywotno\u015b\u0107.<\/p>\n<p>&nbsp;<\/p>\n<h2>Dlaczego warto wybra\u0107 gor\u0105cy n\u00f3\u017c Iguana Smoke?<\/h2>\n<p>Poniewa\u017c nie jest to tylko narz\u0119dzie, ale prawdziwa poprawa wra\u017ce\u0144 z dabbingu. Opr\u00f3cz zapewnienia komfortu i wydajno\u015bci, ten <strong>gor\u0105cy n\u00f3\u017c do koncentrat\u00f3w<\/strong> Zoptymalizuj wydajno\u015b\u0107 swoich wyci\u0105g\u00f3w i podnie\u015b poziom ka\u017cdej sesji.<\/p>\n<p>Kr\u00f3tko m\u00f3wi\u0105c, je\u015bli szukasz <strong>Wydajny, czysty i \u0142atwy w u\u017cyciu dabber elektroniczny<\/strong>, w <strong>Hot Knife Dabber Iguana Smoke<\/strong>\u00a0to obowi\u0105zkowe akcesorium w Twojej kolekcji.<\/p>\n<\/section>","protected":false},"excerpt":{"rendered":"<p>To <strong>gor\u0105cy n\u00f3\u017c do dab\u00f3w<\/strong> upraszcza ka\u017cdy krok, oferuj\u0105c precyzj\u0119, czysto\u015b\u0107 i maksymalne wykorzystanie ekstrakt\u00f3w.<\/p>\n<h3>Charakterystyka:<\/h3>\n<ul>\n<li>Bateria 320 mAh<\/li>\n<li>Szybkie \u0142adowanie i podgrzewanie USB-C w kilka sekund<\/li>\n<li>Gor\u0105ca ko\u0144c\u00f3wka, kt\u00f3ra pomaga koncentratom zsun\u0105\u0107 si\u0119 z ko\u0144c\u00f3wki<\/li>\n<\/ul>","protected":false},"featured_media":46372,"comment_status":"open","ping_status":"closed","template":"","meta":{"_acf_changed":false,"site-sidebar-layout":"default","site-content-layout":"","ast-site-content-layout":"default","site-content-style":"default","site-sidebar-style":"default","ast-global-header-display":"","ast-banner-title-visibility":"","ast-main-header-display":"","ast-hfb-above-header-display":"","ast-hfb-below-header-display":"","ast-hfb-mobile-header-display":"","site-post-title":"","ast-breadcrumbs-content":"","ast-featured-img":"","footer-sml-layout":"","theme-transparent-header-meta":"default","adv-header-id-meta":"","stick-header-meta":"","header-above-stick-meta":"","header-main-stick-meta":"","header-below-stick-meta":"","astra-migrate-meta-layouts":"set","ast-page-background-enabled":"default","ast-page-background-meta":{"desktop":{"background-color":"var(--ast-global-color-4)","background-image":"","background-repeat":"repeat","background-position":"center center","background-size":"auto","background-attachment":"scroll","background-type":"","background-media":"","overlay-type":"","overlay-color":"","overlay-opacity":"","overlay-gradient":""},"tablet":{"background-color":"","background-image":"","background-repeat":"repeat","background-position":"center center","background-size":"auto","background-attachment":"scroll","background-type":"","background-media":"","overlay-type":"","overlay-color":"","overlay-opacity":"","overlay-gradient":""},"mobile":{"background-color":"","background-image":"","background-repeat":"repeat","background-position":"center center","background-size":"auto","background-attachment":"scroll","background-type":"","background-media":"","overlay-type":"","overlay-color":"","overlay-opacity":"","overlay-gradient":""}},"ast-content-background-meta":{"desktop":{"background-color":"var(--ast-global-color-5)","background-image":"","background-repeat":"repeat","background-position":"center center","background-size":"auto","background-attachment":"scroll","background-type":"","background-media":"","overlay-type":"","overlay-color":"","overlay-opacity":"","overlay-gradient":""},"tablet":{"background-color":"var(--ast-global-color-5)","background-image":"","background-repeat":"repeat","background-position":"center center","background-size":"auto","background-attachment":"scroll","background-type":"","background-media":"","overlay-type":"","overlay-color":"","overlay-opacity":"","overlay-gradient":""},"mobile":{"background-color":"var(--ast-global-color-5)","background-image":"","background-repeat":"repeat","background-position":"center center","background-size":"auto","background-attachment":"scroll","background-type":"","background-media":"","overlay-type":"","overlay-color":"","overlay-opacity":"","overlay-gradient":""}}},"product_brand":[],"product_cat":[462,397,405],"product_tag":[],"class_list":{"0":"post-46370","1":"product","2":"type-product","3":"status-publish","4":"has-post-thumbnail","6":"product_cat-extractos-cbd","7":"product_cat-hash-cbd","8":"product_cat-ropa-y-accesorios","9":"desktop-align-center","10":"tablet-align-center","11":"mobile-align-center","13":"first","14":"instock","15":"taxable","16":"shipping-taxable","17":"purchasable","18":"product-type-simple"},"acf":[],"yoast_head":"<!-- This site is optimized with the Yoast SEO Premium plugin v27.3 (Yoast SEO v27.3) - https:\/\/yoast.com\/product\/yoast-seo-premium-wordpress\/ -->\n<title>Hot Knife Dabber Iguana Smoke | Iguana Smoke<\/title>\n<meta name=\"description\" content=\"Descubre el Hot Knife Dabber Iguana Smoke, la herramienta ideal para dabbing. Precisi\u00f3n, limpieza y eficiencia para manejar tus extractos sin desperdicios.\" \/>\n<meta name=\"robots\" content=\"index, follow, max-snippet:-1, max-image-preview:large, max-video-preview:-1\" \/>\n<link rel=\"canonical\" href=\"https:\/\/iguanasmoke.com\/pl\/product-2\/goracy-noz-dabber-iguana-smoke\/\" \/>\n<meta property=\"og:locale\" content=\"pl_PL\" \/>\n<meta property=\"og:type\" content=\"article\" \/>\n<meta property=\"og:title\" content=\"Hot Knife Dabber Iguana Smoke\" \/>\n<meta property=\"og:description\" content=\"Este cuchillo caliente para dab simplifica cada paso, ofreciendo precisi\u00f3n, limpieza y m\u00e1ximo aprovechamiento de tus extractos. Caracter\u00edsticas:   Bater\u00eda de 320 mAh  Carga r\u00e1pida USB-C y precalentamiento en segundos  Punta caliente que favorece el deslizamiento de concentrados\" \/>\n<meta property=\"og:url\" content=\"https:\/\/iguanasmoke.com\/pl\/product-2\/goracy-noz-dabber-iguana-smoke\/\" \/>\n<meta property=\"og:site_name\" content=\"Iguana Smoke\" \/>\n<meta property=\"article:publisher\" content=\"https:\/\/www.facebook.com\/iguanasmoke\" \/>\n<meta property=\"article:modified_time\" content=\"2026-02-13T13:30:56+00:00\" \/>\n<meta property=\"og:image\" content=\"https:\/\/iguanasmoke.com\/wp-content\/uploads\/2024\/12\/knife-1.png\" \/>\n\t<meta property=\"og:image:width\" content=\"800\" \/>\n\t<meta property=\"og:image:height\" content=\"800\" \/>\n\t<meta property=\"og:image:type\" content=\"image\/png\" \/>\n<meta name=\"twitter:card\" content=\"summary_large_image\" \/>\n<meta name=\"twitter:label1\" content=\"Cena\" \/>\n\t<meta name=\"twitter:data1\" content=\"29,90&nbsp;&euro;\" \/>\n\t<meta name=\"twitter:label2\" content=\"Dost\u0119pno\u015b\u0107\" \/>\n\t<meta name=\"twitter:data2\" content=\"Dost\u0119pny\" \/>\n<meta property=\"product:brand\" content=\"simple\" \/>\n<meta property=\"product:price:amount\" content=\"29.90\" \/>\n<meta property=\"product:price:currency\" content=\"EUR\" \/>\n<meta property=\"og:availability\" content=\"instock\" \/>\n<meta property=\"product:availability\" content=\"instock\" \/>\n<meta property=\"product:retailer_item_id\" content=\"IS-KNIFE\" \/>\n<meta property=\"product:condition\" content=\"new\" \/>\n<!-- \/ Yoast SEO Premium plugin. -->","yoast_head_json":{"title":"Hot Knife Dabber Iguana Smoke | Iguana Smoke","description":"Odkryj Hot Knife Dabber Iguana Smoke, idealne narz\u0119dzie do dabbingu. Precyzja, czysto\u015b\u0107 i wydajno\u015b\u0107 do obs\u0142ugi ekstrakt\u00f3w bez strat.","robots":{"index":"index","follow":"follow","max-snippet":"max-snippet:-1","max-image-preview":"max-image-preview:large","max-video-preview":"max-video-preview:-1"},"canonical":"https:\/\/iguanasmoke.com\/pl\/product-2\/goracy-noz-dabber-iguana-smoke\/","og_locale":"pl_PL","og_type":"article","og_title":"Hot Knife Dabber Iguana Smoke","og_description":"Este cuchillo caliente para dab simplifica cada paso, ofreciendo precisi\u00f3n, limpieza y m\u00e1ximo aprovechamiento de tus extractos. Caracter\u00edsticas:   Bater\u00eda de 320 mAh  Carga r\u00e1pida USB-C y precalentamiento en segundos  Punta caliente que favorece el deslizamiento de concentrados","og_url":"https:\/\/iguanasmoke.com\/pl\/product-2\/goracy-noz-dabber-iguana-smoke\/","og_site_name":"Iguana Smoke","article_publisher":"https:\/\/www.facebook.com\/iguanasmoke","article_modified_time":"2026-02-13T13:30:56+00:00","og_image":[{"width":800,"height":800,"url":"https:\/\/iguanasmoke.com\/wp-content\/uploads\/2024\/12\/knife-1.png","type":"image\/png"}],"twitter_card":"summary_large_image","twitter_misc":{"Cena":"29,90&nbsp;&euro;","Dost\u0119pno\u015b\u0107":"Dost\u0119pny"},"schema":{"@context":"https:\/\/schema.org","@graph":[{"@type":"WebPage","@id":"https:\/\/iguanasmoke.com\/producto\/hot-knife-dabber-iguana-smoke\/","url":"https:\/\/iguanasmoke.com\/producto\/hot-knife-dabber-iguana-smoke\/","name":"Hot Knife Dabber Iguana Smoke | Iguana Smoke","isPartOf":{"@id":"https:\/\/iguanasmoke.com\/#website"},"primaryImageOfPage":{"@id":"https:\/\/iguanasmoke.com\/producto\/hot-knife-dabber-iguana-smoke\/#primaryimage"},"image":{"@id":"https:\/\/iguanasmoke.com\/producto\/hot-knife-dabber-iguana-smoke\/#primaryimage"},"thumbnailUrl":"https:\/\/iguanasmoke.com\/wp-content\/uploads\/2024\/12\/knife-1.png","datePublished":"2024-12-27T17:57:51+00:00","dateModified":"2026-02-13T13:30:56+00:00","description":"Odkryj Hot Knife Dabber Iguana Smoke, idealne narz\u0119dzie do dabbingu. Precyzja, czysto\u015b\u0107 i wydajno\u015b\u0107 do obs\u0142ugi ekstrakt\u00f3w bez strat.","breadcrumb":{"@id":"https:\/\/iguanasmoke.com\/producto\/hot-knife-dabber-iguana-smoke\/#breadcrumb"},"inLanguage":"pl-PL","potentialAction":[{"@type":"ReadAction","target":["https:\/\/iguanasmoke.com\/producto\/hot-knife-dabber-iguana-smoke\/"]}]},{"@type":"ImageObject","inLanguage":"pl-PL","@id":"https:\/\/iguanasmoke.com\/producto\/hot-knife-dabber-iguana-smoke\/#primaryimage","url":"https:\/\/iguanasmoke.com\/wp-content\/uploads\/2024\/12\/knife-1.png","contentUrl":"https:\/\/iguanasmoke.com\/wp-content\/uploads\/2024\/12\/knife-1.png","width":800,"height":800,"caption":"hot knife dabber"},{"@type":"BreadcrumbList","@id":"https:\/\/iguanasmoke.com\/producto\/hot-knife-dabber-iguana-smoke\/#breadcrumb","itemListElement":[{"@type":"ListItem","position":1,"name":"home","item":"https:\/\/iguanasmoke.com\/"},{"@type":"ListItem","position":2,"name":"Tienda","item":"https:\/\/iguanasmoke.com\/tienda\/"},{"@type":"ListItem","position":3,"name":"Ropa y Accesorios","item":"https:\/\/iguanasmoke.com\/categoria\/ropa-y-accesorios\/"},{"@type":"ListItem","position":4,"name":"Hot Knife Dabber Iguana Smoke"}]},{"@type":"WebSite","@id":"https:\/\/iguanasmoke.com\/#website","url":"https:\/\/iguanasmoke.com\/","name":"Iguana Smoke","description":"Kup CBD online w najlepszej cenie","publisher":{"@id":"https:\/\/iguanasmoke.com\/#organization"},"potentialAction":[{"@type":"SearchAction","target":{"@type":"EntryPoint","urlTemplate":"https:\/\/iguanasmoke.com\/?s={search_term_string}"},"query-input":{"@type":"PropertyValueSpecification","valueRequired":true,"valueName":"search_term_string"}}],"inLanguage":"pl-PL"},{"@type":"Organization","@id":"https:\/\/iguanasmoke.com\/#organization","name":"Iguana Smoke","url":"https:\/\/iguanasmoke.com\/","logo":{"@type":"ImageObject","inLanguage":"pl-PL","@id":"https:\/\/iguanasmoke.com\/#\/schema\/logo\/image\/","url":"https:\/\/iguanasmoke.com\/wp-content\/uploads\/2025\/01\/logoiguana-favi-1.png","contentUrl":"https:\/\/iguanasmoke.com\/wp-content\/uploads\/2025\/01\/logoiguana-favi-1.png","width":512,"height":512,"caption":"Iguana Smoke"},"image":{"@id":"https:\/\/iguanasmoke.com\/#\/schema\/logo\/image\/"},"sameAs":["https:\/\/www.facebook.com\/iguanasmoke","https:\/\/www.instagram.com\/iguanasmoke\/"]}]},"product_brand":"simple","product_price_amount":"29.90","product_price_currency":"EUR","og_availability":"instock","product_availability":"instock","product_retailer_item_id":"IS-KNIFE","product_condition":"new"},"_links":{"self":[{"href":"https:\/\/iguanasmoke.com\/pl\/wp-json\/wp\/v2\/product\/46370","targetHints":{"allow":["GET"]}}],"collection":[{"href":"https:\/\/iguanasmoke.com\/pl\/wp-json\/wp\/v2\/product"}],"about":[{"href":"https:\/\/iguanasmoke.com\/pl\/wp-json\/wp\/v2\/types\/product"}],"replies":[{"embeddable":true,"href":"https:\/\/iguanasmoke.com\/pl\/wp-json\/wp\/v2\/comments?post=46370"}],"wp:featuredmedia":[{"embeddable":true,"href":"https:\/\/iguanasmoke.com\/pl\/wp-json\/wp\/v2\/media\/46372"}],"wp:attachment":[{"href":"https:\/\/iguanasmoke.com\/pl\/wp-json\/wp\/v2\/media?parent=46370"}],"wp:term":[{"taxonomy":"product_brand","embeddable":true,"href":"https:\/\/iguanasmoke.com\/pl\/wp-json\/wp\/v2\/product_brand?post=46370"},{"taxonomy":"product_cat","embeddable":true,"href":"https:\/\/iguanasmoke.com\/pl\/wp-json\/wp\/v2\/product_cat?post=46370"},{"taxonomy":"product_tag","embeddable":true,"href":"https:\/\/iguanasmoke.com\/pl\/wp-json\/wp\/v2\/product_tag?post=46370"}],"curies":[{"name":"wp","href":"https:\/\/api.w.org\/{rel}","templated":true}]}}