{"id":46413,"date":"2024-12-28T13:33:13","date_gmt":"2024-12-28T12:33:13","guid":{"rendered":"https:\/\/iguanasmoke.com\/?post_type=product&#038;p=46413"},"modified":"2025-09-15T17:22:36","modified_gmt":"2025-09-15T15:22:36","slug":"extracto-de-hongos-sleep","status":"publish","type":"product","link":"https:\/\/iguanasmoke.com\/pl\/producto\/extracto-de-hongos-sleep\/","title":{"rendered":"Ekstrakt z grzyb\u00f3w nasennych"},"content":{"rendered":"<h2>Ekstrakt z grzyb\u00f3w nasennych<\/h2>\n<p>La falta de sue\u00f1o puede afectar significativamente nuestra salud y bienestar, ya que dormir lo suficiente es crucial para el funcionamiento, la energ\u00eda y la recuperaci\u00f3n. Los estudios muestran que una buena noche de sue\u00f1o, aunque es completamente necesaria y natural, es esquiva para un tercio de la poblaci\u00f3n.<\/p>\n<p>The\u00a0<strong>Tintura para el Sue\u00f1o<\/strong>\u00a0es una mezcla de los mejores extractos de hongos adapt\u00f3genos y remedios herbales, dise\u00f1ada para ayudarte a conciliar el sue\u00f1o y, lo m\u00e1s importante, a mantener un sue\u00f1o reparador.<\/p>\n<h3>Sk\u0142adniki aktywne:<\/h3>\n<h4><strong>Hongos adapt\u00f3genos:<\/strong><\/h4>\n<ul>\n<li><strong>Reishi:<\/strong> El superh\u00e9roe del sue\u00f1o no REM que prolonga el tiempo en esta fase crucial, dando lugar a un sue\u00f1o de calidad.<\/li>\n<li><strong>Cordyceps:<\/strong>\u00a0Regula el ritmo circadiano y puede aumentar los niveles de serotonina y melatonina, ambos esenciales para el proceso del sue\u00f1o.<\/li>\n<li><strong>Lwia grzywa:<\/strong>\u00a0Favorece el aumento natural del BDNF, cuya deficiencia se asocia con problemas de sue\u00f1o, seg\u00fan estudios.<\/li>\n<li><strong>Chaga:<\/strong> Regula el sistema de respuesta al estr\u00e9s y, al mismo tiempo, reduce la inflamaci\u00f3n, el colesterol y los niveles de az\u00facar en sangre.<\/li>\n<\/ul>\n<h4><strong>Remedios florales:<\/strong><\/h4>\n<ul>\n<li><strong>R\u00edo de Agua del Este:<\/strong>\u00a0Ayuda a liberar viejos sentimientos y emociones.<\/li>\n<li><strong>Campanilla:<\/strong>\u00a0Facilita el desenredo de pensamientos complejos.<\/li>\n<li><strong>Roble:<\/strong>\u00a0Fomenta la quietud y el descanso.<\/li>\n<li><strong>Ver\u00f3nica:<\/strong>\u00a0Promueve la desaceleraci\u00f3n mental.<\/li>\n<li><strong>Czosnek nied\u017awiedzi:<\/strong>\u00a0Proporciona apoyo universal y ayuda a dejar atr\u00e1s los miedos.<\/li>\n<li><strong>Casta\u00f1o Rojo:<\/strong>\u00a0Ayuda a liberar preocupaciones por los dem\u00e1s y por lo que no puedes cambiar.<\/li>\n<li><strong>Casta\u00f1o Blanco:<\/strong>\u00a0Facilita el dejar ir pensamientos no deseados.<\/li>\n<\/ul>\n<p>The\u00a0<strong>Br\u00fajula del Sue\u00f1o<\/strong> ayuda a relajar la mente y el cuerpo, lo que permite prepararte para dormir, y te acompa\u00f1a a lo largo de la noche para que puedas mantener un descanso profundo y reparador.<\/p>\n<h3>Ostrze\u017cenia:<\/h3>\n<ul>\n<li>Mantener alejado de los ojos.<\/li>\n<li>Consultar con un profesional si est\u00e1s embarazada o en periodo de lactancia.<\/li>\n<li>Mantener fuera del alcance de los ni\u00f1os.<\/li>\n<\/ul>","protected":false},"excerpt":{"rendered":"<p><strong>La br\u00fajula para encontrar la calma en una mente inquieta y detener el molesto ciclo de pensamientos repetitivos: encuentra el deseado sue\u00f1o.<\/strong><\/p>\n<p><strong>Rozmiar:<\/strong>\u00a050 ml<br \/>\n<strong>Porciones:<\/strong>\u00a030 (5\u20136 sprays al d\u00eda)<\/p>","protected":false},"featured_media":46426,"comment_status":"open","ping_status":"closed","template":"","meta":{"_acf_changed":false,"site-sidebar-layout":"default","site-content-layout":"","ast-site-content-layout":"default","site-content-style":"default","site-sidebar-style":"default","ast-global-header-display":"","ast-banner-title-visibility":"","ast-main-header-display":"","ast-hfb-above-header-display":"","ast-hfb-below-header-display":"","ast-hfb-mobile-header-display":"","site-post-title":"","ast-breadcrumbs-content":"","ast-featured-img":"","footer-sml-layout":"","theme-transparent-header-meta":"default","adv-header-id-meta":"","stick-header-meta":"","header-above-stick-meta":"","header-main-stick-meta":"","header-below-stick-meta":"","astra-migrate-meta-layouts":"set","ast-page-background-enabled":"default","ast-page-background-meta":{"desktop":{"background-color":"var(--ast-global-color-4)","background-image":"","background-repeat":"repeat","background-position":"center center","background-size":"auto","background-attachment":"scroll","background-type":"","background-media":"","overlay-type":"","overlay-color":"","overlay-opacity":"","overlay-gradient":""},"tablet":{"background-color":"","background-image":"","background-repeat":"repeat","background-position":"center center","background-size":"auto","background-attachment":"scroll","background-type":"","background-media":"","overlay-type":"","overlay-color":"","overlay-opacity":"","overlay-gradient":""},"mobile":{"background-color":"","background-image":"","background-repeat":"repeat","background-position":"center center","background-size":"auto","background-attachment":"scroll","background-type":"","background-media":"","overlay-type":"","overlay-color":"","overlay-opacity":"","overlay-gradient":""}},"ast-content-background-meta":{"desktop":{"background-color":"var(--ast-global-color-5)","background-image":"","background-repeat":"repeat","background-position":"center center","background-size":"auto","background-attachment":"scroll","background-type":"","background-media":"","overlay-type":"","overlay-color":"","overlay-opacity":"","overlay-gradient":""},"tablet":{"background-color":"var(--ast-global-color-5)","background-image":"","background-repeat":"repeat","background-position":"center center","background-size":"auto","background-attachment":"scroll","background-type":"","background-media":"","overlay-type":"","overlay-color":"","overlay-opacity":"","overlay-gradient":""},"mobile":{"background-color":"var(--ast-global-color-5)","background-image":"","background-repeat":"repeat","background-position":"center center","background-size":"auto","background-attachment":"scroll","background-type":"","background-media":"","overlay-type":"","overlay-color":"","overlay-opacity":"","overlay-gradient":""}}},"product_brand":[],"product_cat":[458],"product_tag":[],"class_list":{"0":"post-46413","1":"product","2":"type-product","3":"status-publish","4":"has-post-thumbnail","6":"product_cat-marios-market","7":"desktop-align-center","8":"tablet-align-center","9":"mobile-align-center","11":"first","12":"outofstock","13":"taxable","14":"shipping-taxable","15":"purchasable","16":"product-type-simple"},"acf":[],"yoast_head":"<!-- This site is optimized with the Yoast SEO Premium plugin v27.3 (Yoast SEO v27.3) - https:\/\/yoast.com\/product\/yoast-seo-premium-wordpress\/ -->\n<title>Extracto de Hongos Sleep | Suplemento para Dormir | Iguana Smoke<\/title>\n<meta name=\"description\" content=\"Mejora tu descanso con el extracto org\u00e1nico de hongo Sleep. Formulado con hongos adapt\u00f3genos para ayudarte a conciliar el sue\u00f1o y mantener un descanso profundo. \u00a1Compra ahora y disfruta de noches reparadoras!\" \/>\n<meta name=\"robots\" content=\"index, follow, max-snippet:-1, max-image-preview:large, max-video-preview:-1\" \/>\n<link rel=\"canonical\" href=\"https:\/\/iguanasmoke.com\/pl\/product-2\/extracto-de-hongos-sleep\/\" \/>\n<meta property=\"og:locale\" content=\"pl_PL\" \/>\n<meta property=\"og:type\" content=\"article\" \/>\n<meta property=\"og:title\" content=\"Extracto de Hongos Sleep\" \/>\n<meta property=\"og:description\" content=\"La br\u00fajula para encontrar la calma en una mente inquieta y detener el molesto ciclo de pensamientos repetitivos: encuentra el deseado sue\u00f1o.  Tama\u00f1o:\u00a050 ml Porciones:\u00a030 (5\u20136 sprays al d\u00eda)\" \/>\n<meta property=\"og:url\" content=\"https:\/\/iguanasmoke.com\/pl\/product-2\/extracto-de-hongos-sleep\/\" \/>\n<meta property=\"og:site_name\" content=\"Iguana Smoke\" \/>\n<meta property=\"article:publisher\" content=\"https:\/\/www.facebook.com\/iguanasmoke\" \/>\n<meta property=\"article:modified_time\" content=\"2025-09-15T15:22:36+00:00\" \/>\n<meta property=\"og:image\" content=\"https:\/\/i0.wp.com\/iguanasmoke.com\/wp-content\/uploads\/2024\/12\/5-1.webp?fit=1409%2C2000&ssl=1\" \/>\n\t<meta property=\"og:image:width\" content=\"1409\" \/>\n\t<meta property=\"og:image:height\" content=\"2000\" \/>\n\t<meta property=\"og:image:type\" content=\"image\/webp\" \/>\n<meta name=\"twitter:card\" content=\"summary_large_image\" \/>\n<meta name=\"twitter:label1\" content=\"Cena\" \/>\n\t<meta name=\"twitter:data1\" content=\"34,90&nbsp;&euro;\" \/>\n\t<meta name=\"twitter:label2\" content=\"Dost\u0119pno\u015b\u0107\" \/>\n\t<meta name=\"twitter:data2\" content=\"Brak w magazynie\" \/>\n<meta property=\"product:brand\" content=\"simple\" \/>\n<meta property=\"product:price:amount\" content=\"34.90\" \/>\n<meta property=\"product:price:currency\" content=\"EUR\" \/>\n<meta property=\"og:availability\" content=\"out of stock\" \/>\n<meta property=\"product:availability\" content=\"out of stock\" \/>\n<meta property=\"product:retailer_item_id\" content=\"LYF-SPRAY-SLP\" \/>\n<meta property=\"product:condition\" content=\"new\" \/>\n<!-- \/ Yoast SEO Premium plugin. -->","yoast_head_json":{"title":"Extracto de Hongos Sleep | Suplemento para Dormir | Iguana Smoke","description":"Mejora tu descanso con el extracto org\u00e1nico de hongo Sleep. Formulado con hongos adapt\u00f3genos para ayudarte a conciliar el sue\u00f1o y mantener un descanso profundo. \u00a1Compra ahora y disfruta de noches reparadoras!","robots":{"index":"index","follow":"follow","max-snippet":"max-snippet:-1","max-image-preview":"max-image-preview:large","max-video-preview":"max-video-preview:-1"},"canonical":"https:\/\/iguanasmoke.com\/pl\/product-2\/extracto-de-hongos-sleep\/","og_locale":"pl_PL","og_type":"article","og_title":"Extracto de Hongos Sleep","og_description":"La br\u00fajula para encontrar la calma en una mente inquieta y detener el molesto ciclo de pensamientos repetitivos: encuentra el deseado sue\u00f1o.  Tama\u00f1o:\u00a050 ml Porciones:\u00a030 (5\u20136 sprays al d\u00eda)","og_url":"https:\/\/iguanasmoke.com\/pl\/product-2\/extracto-de-hongos-sleep\/","og_site_name":"Iguana Smoke","article_publisher":"https:\/\/www.facebook.com\/iguanasmoke","article_modified_time":"2025-09-15T15:22:36+00:00","og_image":[{"width":1409,"height":2000,"url":"https:\/\/i0.wp.com\/iguanasmoke.com\/wp-content\/uploads\/2024\/12\/5-1.webp?fit=1409%2C2000&ssl=1","type":"image\/webp"}],"twitter_card":"summary_large_image","twitter_misc":{"Cena":"34,90&nbsp;&euro;","Dost\u0119pno\u015b\u0107":"Brak w magazynie"},"schema":{"@context":"https:\/\/schema.org","@graph":[{"@type":"WebPage","@id":"https:\/\/iguanasmoke.com\/producto\/extracto-de-hongos-sleep\/","url":"https:\/\/iguanasmoke.com\/producto\/extracto-de-hongos-sleep\/","name":"Extracto de Hongos Sleep | Suplemento para Dormir | Iguana Smoke","isPartOf":{"@id":"https:\/\/iguanasmoke.com\/#website"},"primaryImageOfPage":{"@id":"https:\/\/iguanasmoke.com\/producto\/extracto-de-hongos-sleep\/#primaryimage"},"image":{"@id":"https:\/\/iguanasmoke.com\/producto\/extracto-de-hongos-sleep\/#primaryimage"},"thumbnailUrl":"https:\/\/iguanasmoke.com\/wp-content\/uploads\/2024\/12\/5-1.webp","datePublished":"2024-12-28T12:33:13+00:00","dateModified":"2025-09-15T15:22:36+00:00","description":"Mejora tu descanso con el extracto org\u00e1nico de hongo Sleep. Formulado con hongos adapt\u00f3genos para ayudarte a conciliar el sue\u00f1o y mantener un descanso profundo. \u00a1Compra ahora y disfruta de noches reparadoras!","breadcrumb":{"@id":"https:\/\/iguanasmoke.com\/producto\/extracto-de-hongos-sleep\/#breadcrumb"},"inLanguage":"pl-PL","potentialAction":[{"@type":"ReadAction","target":["https:\/\/iguanasmoke.com\/producto\/extracto-de-hongos-sleep\/"]}]},{"@type":"ImageObject","inLanguage":"pl-PL","@id":"https:\/\/iguanasmoke.com\/producto\/extracto-de-hongos-sleep\/#primaryimage","url":"https:\/\/iguanasmoke.com\/wp-content\/uploads\/2024\/12\/5-1.webp","contentUrl":"https:\/\/iguanasmoke.com\/wp-content\/uploads\/2024\/12\/5-1.webp","width":1409,"height":2000},{"@type":"BreadcrumbList","@id":"https:\/\/iguanasmoke.com\/producto\/extracto-de-hongos-sleep\/#breadcrumb","itemListElement":[{"@type":"ListItem","position":1,"name":"home","item":"https:\/\/iguanasmoke.com\/"},{"@type":"ListItem","position":2,"name":"Tienda","item":"https:\/\/iguanasmoke.com\/tienda\/"},{"@type":"ListItem","position":3,"name":"Mario's Market","item":"https:\/\/iguanasmoke.com\/categoria\/marios-market\/"},{"@type":"ListItem","position":4,"name":"Extracto de Hongos Sleep"}]},{"@type":"WebSite","@id":"https:\/\/iguanasmoke.com\/#website","url":"https:\/\/iguanasmoke.com\/","name":"Iguana Smoke","description":"Kup CBD online w najlepszej cenie","publisher":{"@id":"https:\/\/iguanasmoke.com\/#organization"},"potentialAction":[{"@type":"SearchAction","target":{"@type":"EntryPoint","urlTemplate":"https:\/\/iguanasmoke.com\/?s={search_term_string}"},"query-input":{"@type":"PropertyValueSpecification","valueRequired":true,"valueName":"search_term_string"}}],"inLanguage":"pl-PL"},{"@type":"Organization","@id":"https:\/\/iguanasmoke.com\/#organization","name":"Iguana Smoke","url":"https:\/\/iguanasmoke.com\/","logo":{"@type":"ImageObject","inLanguage":"pl-PL","@id":"https:\/\/iguanasmoke.com\/#\/schema\/logo\/image\/","url":"https:\/\/iguanasmoke.com\/wp-content\/uploads\/2025\/01\/logoiguana-favi-1.png","contentUrl":"https:\/\/iguanasmoke.com\/wp-content\/uploads\/2025\/01\/logoiguana-favi-1.png","width":512,"height":512,"caption":"Iguana Smoke"},"image":{"@id":"https:\/\/iguanasmoke.com\/#\/schema\/logo\/image\/"},"sameAs":["https:\/\/www.facebook.com\/iguanasmoke","https:\/\/www.instagram.com\/iguanasmoke\/"]}]},"product_brand":"simple","product_price_amount":"34.90","product_price_currency":"EUR","og_availability":"out of stock","product_availability":"out of stock","product_retailer_item_id":"LYF-SPRAY-SLP","product_condition":"new"},"_links":{"self":[{"href":"https:\/\/iguanasmoke.com\/pl\/wp-json\/wp\/v2\/product\/46413","targetHints":{"allow":["GET"]}}],"collection":[{"href":"https:\/\/iguanasmoke.com\/pl\/wp-json\/wp\/v2\/product"}],"about":[{"href":"https:\/\/iguanasmoke.com\/pl\/wp-json\/wp\/v2\/types\/product"}],"replies":[{"embeddable":true,"href":"https:\/\/iguanasmoke.com\/pl\/wp-json\/wp\/v2\/comments?post=46413"}],"wp:featuredmedia":[{"embeddable":true,"href":"https:\/\/iguanasmoke.com\/pl\/wp-json\/wp\/v2\/media\/46426"}],"wp:attachment":[{"href":"https:\/\/iguanasmoke.com\/pl\/wp-json\/wp\/v2\/media?parent=46413"}],"wp:term":[{"taxonomy":"product_brand","embeddable":true,"href":"https:\/\/iguanasmoke.com\/pl\/wp-json\/wp\/v2\/product_brand?post=46413"},{"taxonomy":"product_cat","embeddable":true,"href":"https:\/\/iguanasmoke.com\/pl\/wp-json\/wp\/v2\/product_cat?post=46413"},{"taxonomy":"product_tag","embeddable":true,"href":"https:\/\/iguanasmoke.com\/pl\/wp-json\/wp\/v2\/product_tag?post=46413"}],"curies":[{"name":"wp","href":"https:\/\/api.w.org\/{rel}","templated":true}]}}