{"id":46433,"date":"2024-12-28T13:39:24","date_gmt":"2024-12-28T12:39:24","guid":{"rendered":"https:\/\/iguanasmoke.com\/?post_type=product&#038;p=46433"},"modified":"2025-09-15T17:22:11","modified_gmt":"2025-09-15T15:22:11","slug":"organiczny-ekstrakt-z-lwiej-grzywy","status":"publish","type":"product","link":"https:\/\/iguanasmoke.com\/pl\/producto\/extracto-organico-de-melena-de-leon\/","title":{"rendered":"Organiczny ekstrakt z lwiej paszczy"},"content":{"rendered":"<h2>Organiczny ekstrakt z lwiej paszczy<\/h2>\n<p>Nasz <strong>organiczny ekstrakt z lwiej grzywy<\/strong> to skoncentrowany suplement diety z grzyb\u00f3w wytwarzany przy u\u017cyciu podw\u00f3jnej ekstrakcji (gor\u0105c\u0105 wod\u0105 i alkoholem) w celu zmaksymalizowania korzy\u015bci i produkowany w UE zgodnie z najwy\u017cszymi standardami jako\u015bci.<\/p>\n<h3>Korzy\u015bci p\u0142yn\u0105ce z ekstraktu z Lion's Mane<\/h3>\n<p>The <strong>Lwia grzywa<\/strong> (Hericium erinaceus) to grzyb znany z wielu korzy\u015bci zdrowotnych, wspieranych przez tradycyjn\u0105 medycyn\u0119 orientaln\u0105. Podw\u00f3jne ekstrakty, takie jak ten, s\u0105 szczeg\u00f3lnie skuteczne w ekstrakcji wszystkich aktywnych zwi\u0105zk\u00f3w z grzyba.<\/p>\n<h4>Kluczowe korzy\u015bci:<\/h4>\n<ul>\n<li><strong>Poprawione funkcje poznawcze<\/strong>Lion's Mane stymuluje syntez\u0119 czynnika wzrostu nerw\u00f3w (NGF), wspomagaj\u0105c regeneracj\u0119 neuron\u00f3w, poprawiaj\u0105c pami\u0119\u0107, koncentracj\u0119 i jasno\u015b\u0107 umys\u0142u.<\/li>\n<li><strong>Wsparcie uk\u0142adu nerwowego<\/strong>Pomaga naprawi\u0107 uszkodzone nerwy i jest przydatny w poprawie zdrowia neurologicznego i wspomaganiu powrotu do zdrowia po urazach.<\/li>\n<li><strong>Zmniejszenie l\u0119ku i depresji<\/strong>Badania sugeruj\u0105, \u017ce Lion's Mane mo\u017ce zmniejsza\u0107 objawy l\u0119ku i depresji poprzez dzia\u0142anie na o\u015brodkowy uk\u0142ad nerwowy.<\/li>\n<li><strong>W\u0142a\u015bciwo\u015bci przeciwzapalne i przeciwutleniaj\u0105ce<\/strong>Przeciwutleniacze i zwi\u0105zki przeciwzapalne chroni\u0105 kom\u00f3rki przed uszkodzeniami spowodowanymi stresem oksydacyjnym.<\/li>\n<li><strong>Lepsze zdrowie uk\u0142adu trawiennego<\/strong>Grzyb ten jest tradycyjnie stosowany w celu \u0142agodzenia problem\u00f3w \u017co\u0142\u0105dkowo-jelitowych, takich jak wrzody i stany zapalne.<\/li>\n<li><strong>Potencja\u0142 przeciwnowotworowy<\/strong>Wst\u0119pne badania wskazuj\u0105, \u017ce ekstrakt z lwiej grzywy mo\u017ce hamowa\u0107 wzrost kom\u00f3rek nowotworowych.<\/li>\n<li><strong>Wzmocnienie uk\u0142adu odporno\u015bciowego<\/strong>Beta-glukany zawarte w lwiej grzywie stymuluj\u0105 uk\u0142ad odporno\u015bciowy, pomagaj\u0105c organizmowi zwalcza\u0107 infekcje.<\/li>\n<\/ul>\n<p>Korzy\u015bci te s\u0105 zwi\u0105zane z jako\u015bci\u0105 ekstraktu i jego konsekwentnym stosowaniem. The <strong>ekstrakt z lwiej grzywy<\/strong> dual, kt\u00f3ry w procesie ekstrakcji wykorzystuje zar\u00f3wno wod\u0119, jak i alkohol, zapewnia wy\u017csze st\u0119\u017cenie zwi\u0105zk\u00f3w aktywnych, maksymalizuj\u0105c jego skuteczno\u015b\u0107.<\/p>","protected":false},"excerpt":{"rendered":"<h4>W\u0142a\u015bciwo\u015bci ekstraktu z Lion's Mane:<\/h4>\n<ul>\n<li>Butelka z zakraplaczem ze szk\u0142a fioletowego Miron 50 ml lub farmaceutycznego szk\u0142a br\u0105zowego.<\/li>\n<li>\u0141atwy w u\u017cyciu: doda\u0107 dwie dawki do szklanki wody lub bezpo\u015brednio pod j\u0119zyk.<\/li>\n<li>Zawiera oko\u0142o 25% alkoholu.<\/li>\n<li><strong>Podw\u00f3jny ekstrakt<\/strong> z gor\u0105c\u0105 wod\u0105 i alkoholem w celu ekstrakcji zwi\u0105zk\u00f3w rozpuszczalnych i nierozpuszczalnych w wodzie.<\/li>\n<li>Wyprodukowany z ekstraktu zawieraj\u0105cego ponad 20% beta glukan\u00f3w 1,3\/1,6.<\/li>\n<li>Bez dodatku skrobi, zb\u00f3\u017c i innych wype\u0142niaczy.<\/li>\n<li>Tylko organiczne owocniki, bez grzybni.<\/li>\n<li>Bezglutenowy, bez GMO i odpowiedni dla wegan.<\/li>\n<li>Najwy\u017csza jako\u015b\u0107, testowana w akredytowanych laboratoriach zewn\u0119trznych.<\/li>\n<\/ul>","protected":false},"featured_media":46421,"comment_status":"open","ping_status":"closed","template":"","meta":{"_acf_changed":false,"site-sidebar-layout":"default","site-content-layout":"","ast-site-content-layout":"default","site-content-style":"default","site-sidebar-style":"default","ast-global-header-display":"","ast-banner-title-visibility":"","ast-main-header-display":"","ast-hfb-above-header-display":"","ast-hfb-below-header-display":"","ast-hfb-mobile-header-display":"","site-post-title":"","ast-breadcrumbs-content":"","ast-featured-img":"","footer-sml-layout":"","theme-transparent-header-meta":"default","adv-header-id-meta":"","stick-header-meta":"","header-above-stick-meta":"","header-main-stick-meta":"","header-below-stick-meta":"","astra-migrate-meta-layouts":"set","ast-page-background-enabled":"default","ast-page-background-meta":{"desktop":{"background-color":"var(--ast-global-color-4)","background-image":"","background-repeat":"repeat","background-position":"center center","background-size":"auto","background-attachment":"scroll","background-type":"","background-media":"","overlay-type":"","overlay-color":"","overlay-opacity":"","overlay-gradient":""},"tablet":{"background-color":"","background-image":"","background-repeat":"repeat","background-position":"center center","background-size":"auto","background-attachment":"scroll","background-type":"","background-media":"","overlay-type":"","overlay-color":"","overlay-opacity":"","overlay-gradient":""},"mobile":{"background-color":"","background-image":"","background-repeat":"repeat","background-position":"center center","background-size":"auto","background-attachment":"scroll","background-type":"","background-media":"","overlay-type":"","overlay-color":"","overlay-opacity":"","overlay-gradient":""}},"ast-content-background-meta":{"desktop":{"background-color":"var(--ast-global-color-5)","background-image":"","background-repeat":"repeat","background-position":"center center","background-size":"auto","background-attachment":"scroll","background-type":"","background-media":"","overlay-type":"","overlay-color":"","overlay-opacity":"","overlay-gradient":""},"tablet":{"background-color":"var(--ast-global-color-5)","background-image":"","background-repeat":"repeat","background-position":"center center","background-size":"auto","background-attachment":"scroll","background-type":"","background-media":"","overlay-type":"","overlay-color":"","overlay-opacity":"","overlay-gradient":""},"mobile":{"background-color":"var(--ast-global-color-5)","background-image":"","background-repeat":"repeat","background-position":"center center","background-size":"auto","background-attachment":"scroll","background-type":"","background-media":"","overlay-type":"","overlay-color":"","overlay-opacity":"","overlay-gradient":""}}},"product_brand":[],"product_cat":[458],"product_tag":[],"class_list":{"0":"post-46433","1":"product","2":"type-product","3":"status-publish","4":"has-post-thumbnail","6":"product_cat-marios-market","7":"desktop-align-center","8":"tablet-align-center","9":"mobile-align-center","11":"first","12":"outofstock","13":"taxable","14":"shipping-taxable","15":"purchasable","16":"product-type-simple"},"acf":[],"yoast_head":"<!-- This site is optimized with the Yoast SEO Premium plugin v27.3 (Yoast SEO v27.3) - https:\/\/yoast.com\/product\/yoast-seo-premium-wordpress\/ -->\n<title>Extracto Org\u00e1nico de Melena de Le\u00f3n | Iguana Smoke<\/title>\n<meta name=\"description\" content=\"Compra extracto org\u00e1nico de melena de le\u00f3n. Suplemento natural para mejorar la funci\u00f3n cognitiva, apoyar el sistema nervioso y reforzar el sistema inmunol\u00f3gico. Certificado, sin gluten y vegano.\" \/>\n<meta name=\"robots\" content=\"index, follow, max-snippet:-1, max-image-preview:large, max-video-preview:-1\" \/>\n<link rel=\"canonical\" href=\"https:\/\/iguanasmoke.com\/pl\/product-2\/organiczny-ekstrakt-z-lwiej-grzywy\/\" \/>\n<meta property=\"og:locale\" content=\"pl_PL\" \/>\n<meta property=\"og:type\" content=\"article\" \/>\n<meta property=\"og:title\" content=\"Extracto Org\u00e1nico de Melena de Le\u00f3n\" \/>\n<meta property=\"og:description\" content=\"Caracter\u00edsticas del Extracto de Melena de Le\u00f3n:   Botella cuentagotas de vidrio Miron violeta de 50 ml o vidrio marr\u00f3n farmac\u00e9utico.  F\u00e1cil de usar: a\u00f1ade dos dosis a un vaso de agua o directamente debajo de la lengua.  Contiene aproximadamente un 25% de alcohol.  Extracto dual con agua caliente y alcohol para extraer compuestos solubles y no solubles en agua.  Elaborado con extracto que contiene m\u00e1s del 20% de Beta glucanos 1,3\/1,6.  Sin almid\u00f3n, cereales u otros rellenos a\u00f1adidos.  Solo cuerpos fruct\u00edferos org\u00e1nicos, sin micelio.  Sin gluten, no modificado gen\u00e9ticamente (non-GMO) y apto para veganos.  Calidad premium, probado en laboratorios acreditados de terceros.\" \/>\n<meta property=\"og:url\" content=\"https:\/\/iguanasmoke.com\/pl\/product-2\/organiczny-ekstrakt-z-lwiej-grzywy\/\" \/>\n<meta property=\"og:site_name\" content=\"Iguana Smoke\" \/>\n<meta property=\"article:publisher\" content=\"https:\/\/www.facebook.com\/iguanasmoke\" \/>\n<meta property=\"article:modified_time\" content=\"2025-09-15T15:22:11+00:00\" \/>\n<meta property=\"og:image\" content=\"https:\/\/i0.wp.com\/iguanasmoke.com\/wp-content\/uploads\/2024\/12\/8-1.webp?fit=1409%2C2000&ssl=1\" \/>\n\t<meta property=\"og:image:width\" content=\"1409\" \/>\n\t<meta property=\"og:image:height\" content=\"2000\" \/>\n\t<meta property=\"og:image:type\" content=\"image\/webp\" \/>\n<meta name=\"twitter:card\" content=\"summary_large_image\" \/>\n<meta name=\"twitter:label1\" content=\"Cena\" \/>\n\t<meta name=\"twitter:data1\" content=\"29,90&nbsp;&euro;\" \/>\n\t<meta name=\"twitter:label2\" content=\"Dost\u0119pno\u015b\u0107\" \/>\n\t<meta name=\"twitter:data2\" content=\"Brak w magazynie\" \/>\n<meta property=\"product:brand\" content=\"simple\" \/>\n<meta property=\"product:price:amount\" content=\"29.90\" \/>\n<meta property=\"product:price:currency\" content=\"EUR\" \/>\n<meta property=\"og:availability\" content=\"out of stock\" \/>\n<meta property=\"product:availability\" content=\"out of stock\" \/>\n<meta property=\"product:retailer_item_id\" content=\"LYF-SPRAY-MLN\" \/>\n<meta property=\"product:condition\" content=\"new\" \/>\n<!-- \/ Yoast SEO Premium plugin. -->","yoast_head_json":{"title":"Organiczny ekstrakt z grzywy lwa | Dym z iguany","description":"Kup organiczny ekstrakt z lwiej paszczy. Naturalny suplement poprawiaj\u0105cy funkcje poznawcze, wspieraj\u0105cy uk\u0142ad nerwowy i wzmacniaj\u0105cy uk\u0142ad odporno\u015bciowy. Certyfikowany produkt bezglutenowy i wega\u0144ski.","robots":{"index":"index","follow":"follow","max-snippet":"max-snippet:-1","max-image-preview":"max-image-preview:large","max-video-preview":"max-video-preview:-1"},"canonical":"https:\/\/iguanasmoke.com\/pl\/product-2\/organiczny-ekstrakt-z-lwiej-grzywy\/","og_locale":"pl_PL","og_type":"article","og_title":"Extracto Org\u00e1nico de Melena de Le\u00f3n","og_description":"Caracter\u00edsticas del Extracto de Melena de Le\u00f3n:   Botella cuentagotas de vidrio Miron violeta de 50 ml o vidrio marr\u00f3n farmac\u00e9utico.  F\u00e1cil de usar: a\u00f1ade dos dosis a un vaso de agua o directamente debajo de la lengua.  Contiene aproximadamente un 25% de alcohol.  Extracto dual con agua caliente y alcohol para extraer compuestos solubles y no solubles en agua.  Elaborado con extracto que contiene m\u00e1s del 20% de Beta glucanos 1,3\/1,6.  Sin almid\u00f3n, cereales u otros rellenos a\u00f1adidos.  Solo cuerpos fruct\u00edferos org\u00e1nicos, sin micelio.  Sin gluten, no modificado gen\u00e9ticamente (non-GMO) y apto para veganos.  Calidad premium, probado en laboratorios acreditados de terceros.","og_url":"https:\/\/iguanasmoke.com\/pl\/product-2\/organiczny-ekstrakt-z-lwiej-grzywy\/","og_site_name":"Iguana Smoke","article_publisher":"https:\/\/www.facebook.com\/iguanasmoke","article_modified_time":"2025-09-15T15:22:11+00:00","og_image":[{"width":1409,"height":2000,"url":"https:\/\/i0.wp.com\/iguanasmoke.com\/wp-content\/uploads\/2024\/12\/8-1.webp?fit=1409%2C2000&ssl=1","type":"image\/webp"}],"twitter_card":"summary_large_image","twitter_misc":{"Cena":"29,90&nbsp;&euro;","Dost\u0119pno\u015b\u0107":"Brak w magazynie"},"schema":{"@context":"https:\/\/schema.org","@graph":[{"@type":"WebPage","@id":"https:\/\/iguanasmoke.com\/it\/prodotto\/extracto-organico-de-melena-de-leon\/","url":"https:\/\/iguanasmoke.com\/it\/prodotto\/extracto-organico-de-melena-de-leon\/","name":"Organiczny ekstrakt z grzywy lwa | Dym z iguany","isPartOf":{"@id":"https:\/\/iguanasmoke.com\/#website"},"primaryImageOfPage":{"@id":"https:\/\/iguanasmoke.com\/it\/prodotto\/extracto-organico-de-melena-de-leon\/#primaryimage"},"image":{"@id":"https:\/\/iguanasmoke.com\/it\/prodotto\/extracto-organico-de-melena-de-leon\/#primaryimage"},"thumbnailUrl":"https:\/\/iguanasmoke.com\/wp-content\/uploads\/2024\/12\/8-1.webp","datePublished":"2024-12-28T12:39:24+00:00","dateModified":"2025-09-15T15:22:11+00:00","description":"Kup organiczny ekstrakt z lwiej paszczy. Naturalny suplement poprawiaj\u0105cy funkcje poznawcze, wspieraj\u0105cy uk\u0142ad nerwowy i wzmacniaj\u0105cy uk\u0142ad odporno\u015bciowy. Certyfikowany produkt bezglutenowy i wega\u0144ski.","breadcrumb":{"@id":"https:\/\/iguanasmoke.com\/it\/prodotto\/extracto-organico-de-melena-de-leon\/#breadcrumb"},"inLanguage":"pl-PL","potentialAction":[{"@type":"ReadAction","target":["https:\/\/iguanasmoke.com\/it\/prodotto\/extracto-organico-de-melena-de-leon\/"]}]},{"@type":"ImageObject","inLanguage":"pl-PL","@id":"https:\/\/iguanasmoke.com\/it\/prodotto\/extracto-organico-de-melena-de-leon\/#primaryimage","url":"https:\/\/iguanasmoke.com\/wp-content\/uploads\/2024\/12\/8-1.webp","contentUrl":"https:\/\/iguanasmoke.com\/wp-content\/uploads\/2024\/12\/8-1.webp","width":1409,"height":2000},{"@type":"BreadcrumbList","@id":"https:\/\/iguanasmoke.com\/it\/prodotto\/extracto-organico-de-melena-de-leon\/#breadcrumb","itemListElement":[{"@type":"ListItem","position":1,"name":"home","item":"https:\/\/iguanasmoke.com\/"},{"@type":"ListItem","position":2,"name":"Tienda","item":"https:\/\/iguanasmoke.com\/tienda\/"},{"@type":"ListItem","position":3,"name":"Mario's Market","item":"https:\/\/iguanasmoke.com\/categoria\/marios-market\/"},{"@type":"ListItem","position":4,"name":"Extracto Org\u00e1nico de Melena de Le\u00f3n"}]},{"@type":"WebSite","@id":"https:\/\/iguanasmoke.com\/#website","url":"https:\/\/iguanasmoke.com\/","name":"Iguana Smoke","description":"Kup CBD online w najlepszej cenie","publisher":{"@id":"https:\/\/iguanasmoke.com\/#organization"},"potentialAction":[{"@type":"SearchAction","target":{"@type":"EntryPoint","urlTemplate":"https:\/\/iguanasmoke.com\/?s={search_term_string}"},"query-input":{"@type":"PropertyValueSpecification","valueRequired":true,"valueName":"search_term_string"}}],"inLanguage":"pl-PL"},{"@type":"Organization","@id":"https:\/\/iguanasmoke.com\/#organization","name":"Iguana Smoke","url":"https:\/\/iguanasmoke.com\/","logo":{"@type":"ImageObject","inLanguage":"pl-PL","@id":"https:\/\/iguanasmoke.com\/#\/schema\/logo\/image\/","url":"https:\/\/iguanasmoke.com\/wp-content\/uploads\/2025\/01\/logoiguana-favi-1.png","contentUrl":"https:\/\/iguanasmoke.com\/wp-content\/uploads\/2025\/01\/logoiguana-favi-1.png","width":512,"height":512,"caption":"Iguana Smoke"},"image":{"@id":"https:\/\/iguanasmoke.com\/#\/schema\/logo\/image\/"},"sameAs":["https:\/\/www.facebook.com\/iguanasmoke","https:\/\/www.instagram.com\/iguanasmoke\/"]}]},"product_brand":"simple","product_price_amount":"29.90","product_price_currency":"EUR","og_availability":"out of stock","product_availability":"out of stock","product_retailer_item_id":"LYF-SPRAY-MLN","product_condition":"new"},"_links":{"self":[{"href":"https:\/\/iguanasmoke.com\/pl\/wp-json\/wp\/v2\/product\/46433","targetHints":{"allow":["GET"]}}],"collection":[{"href":"https:\/\/iguanasmoke.com\/pl\/wp-json\/wp\/v2\/product"}],"about":[{"href":"https:\/\/iguanasmoke.com\/pl\/wp-json\/wp\/v2\/types\/product"}],"replies":[{"embeddable":true,"href":"https:\/\/iguanasmoke.com\/pl\/wp-json\/wp\/v2\/comments?post=46433"}],"wp:featuredmedia":[{"embeddable":true,"href":"https:\/\/iguanasmoke.com\/pl\/wp-json\/wp\/v2\/media\/46421"}],"wp:attachment":[{"href":"https:\/\/iguanasmoke.com\/pl\/wp-json\/wp\/v2\/media?parent=46433"}],"wp:term":[{"taxonomy":"product_brand","embeddable":true,"href":"https:\/\/iguanasmoke.com\/pl\/wp-json\/wp\/v2\/product_brand?post=46433"},{"taxonomy":"product_cat","embeddable":true,"href":"https:\/\/iguanasmoke.com\/pl\/wp-json\/wp\/v2\/product_cat?post=46433"},{"taxonomy":"product_tag","embeddable":true,"href":"https:\/\/iguanasmoke.com\/pl\/wp-json\/wp\/v2\/product_tag?post=46433"}],"curies":[{"name":"wp","href":"https:\/\/api.w.org\/{rel}","templated":true}]}}