{"id":46434,"date":"2024-12-28T13:41:52","date_gmt":"2024-12-28T12:41:52","guid":{"rendered":"https:\/\/iguanasmoke.com\/?post_type=product&#038;p=46434"},"modified":"2025-09-15T17:22:02","modified_gmt":"2025-09-15T15:22:02","slug":"organiczny-ekstrakt-z-grzybow-focus","status":"publish","type":"product","link":"https:\/\/iguanasmoke.com\/pl\/producto\/extracto-organico-de-hongos-focus\/","title":{"rendered":"Organiczny ekstrakt z grzyb\u00f3w Focus"},"content":{"rendered":"<h1>Organiczny ekstrakt z grzyb\u00f3w Focus<\/h1>\n<p><strong>Tw\u00f3j kompas, aby poprawi\u0107 koncentracj\u0119, unikn\u0105\u0107 zwlekania i zamieszania: wr\u00f3\u0107 na \u015bcie\u017ck\u0119 skupienia i jasno\u015bci.<\/strong><\/p>\n<p>Starasz si\u0119 uwa\u017ca\u0107, podczas gdy tw\u00f3j umys\u0142 b\u0142\u0105dzi? Niezale\u017cnie od tego, czy studiujesz, uczysz si\u0119 nowych umiej\u0119tno\u015bci, przygotowujesz si\u0119 do rozmowy kwalifikacyjnej lub prezentacji, \u0142atwo jest si\u0119 rozproszy\u0107. Co si\u0119 sta\u0142o z t\u0105 ostr\u0105 koncentracj\u0105, kt\u00f3r\u0105 kiedy\u015b mia\u0142e\u015b?<\/p>\n<p>The <strong>Focus Compass<\/strong> \u0142\u0105czy w sobie \u015brodki kwiatowe i najskuteczniejsze grzyby, aby pom\u00f3c Ci odzyska\u0107 bystro\u015b\u0107 umys\u0142u i precyzj\u0119.<\/p>\n<h3>Sk\u0142adniki aktywne:<\/h3>\n<h4><strong>Grzyby:<\/strong><\/h4>\n<ul>\n<li><strong>Reishi:<\/strong> Superbohater snu non-REM. Pomaga wyd\u0142u\u017cy\u0107 czas snu non-REM, promuj\u0105c jako\u015b\u0107 snu.<\/li>\n<li><strong>Cordyceps:<\/strong> Odgrywa kluczow\u0105 rol\u0119 w regulacji rytmu dobowego i mo\u017ce zwi\u0119ksza\u0107 poziom serotoniny i melatoniny, niezb\u0119dnych w procesie snu.<\/li>\n<li><strong>Lwia grzywa:<\/strong> Przyczynia si\u0119 do naturalnego wzrostu BDNF, czynnika neurotroficznego, kt\u00f3rego niedob\u00f3r powi\u0105zano z problemami ze snem.<\/li>\n<li><strong>Chaga:<\/strong> Reguluje naturaln\u0105 reakcj\u0119 na stres, zmniejszaj\u0105c stan zapalny, poziom cholesterolu i cukru we krwi.<\/li>\n<\/ul>\n<h4><strong>Mieszanki kwiatowe:<\/strong><\/h4>\n<ul>\n<li><strong>Polyanthus de Nan:<\/strong> Stymuluje energi\u0119 do nap\u0119dzania ka\u017cdego projektu.<\/li>\n<li><strong>Spawanie:<\/strong> Zapewnia globalny widok, maj\u0105c na uwadze ca\u0142y schemat.<\/li>\n<li><strong>Marchewka:<\/strong> Pomoc w organizacji, aby osi\u0105gn\u0105\u0107 swoje cele.<\/li>\n<li><strong>Jaskier:<\/strong> Wspiera kreatywn\u0105 pewno\u015b\u0107 siebie.<\/li>\n<li><strong>Mora:<\/strong> U\u0142atwia rozw\u00f3j i realizacj\u0119 pomys\u0142\u00f3w.<\/li>\n<li><strong>Powojnik:<\/strong> Pomaga przesta\u0107 marzy\u0107 i utrzyma\u0107 koncentracj\u0119.<\/li>\n<\/ul>\n<p>&nbsp;<\/p>","protected":false},"excerpt":{"rendered":"<p>The <strong>Focus Compass<\/strong> pomo\u017ce ci porusza\u0107 si\u0119 w chwilach, gdy potrzebujesz ostro\u015bci umys\u0142u i krystalicznie czystej koncentracji.<\/p>\n<p><strong>Rozmiar:<\/strong> 50 ml<br \/>\n<strong>Zalecane dawkowanie:<\/strong> 3 rozpylenia rano \/ 3 rozpylenia wieczorem<\/p>","protected":false},"featured_media":46425,"comment_status":"open","ping_status":"closed","template":"","meta":{"_acf_changed":false,"site-sidebar-layout":"default","site-content-layout":"","ast-site-content-layout":"default","site-content-style":"default","site-sidebar-style":"default","ast-global-header-display":"","ast-banner-title-visibility":"","ast-main-header-display":"","ast-hfb-above-header-display":"","ast-hfb-below-header-display":"","ast-hfb-mobile-header-display":"","site-post-title":"","ast-breadcrumbs-content":"","ast-featured-img":"","footer-sml-layout":"","theme-transparent-header-meta":"default","adv-header-id-meta":"","stick-header-meta":"","header-above-stick-meta":"","header-main-stick-meta":"","header-below-stick-meta":"","astra-migrate-meta-layouts":"set","ast-page-background-enabled":"default","ast-page-background-meta":{"desktop":{"background-color":"var(--ast-global-color-4)","background-image":"","background-repeat":"repeat","background-position":"center center","background-size":"auto","background-attachment":"scroll","background-type":"","background-media":"","overlay-type":"","overlay-color":"","overlay-opacity":"","overlay-gradient":""},"tablet":{"background-color":"","background-image":"","background-repeat":"repeat","background-position":"center center","background-size":"auto","background-attachment":"scroll","background-type":"","background-media":"","overlay-type":"","overlay-color":"","overlay-opacity":"","overlay-gradient":""},"mobile":{"background-color":"","background-image":"","background-repeat":"repeat","background-position":"center center","background-size":"auto","background-attachment":"scroll","background-type":"","background-media":"","overlay-type":"","overlay-color":"","overlay-opacity":"","overlay-gradient":""}},"ast-content-background-meta":{"desktop":{"background-color":"var(--ast-global-color-5)","background-image":"","background-repeat":"repeat","background-position":"center center","background-size":"auto","background-attachment":"scroll","background-type":"","background-media":"","overlay-type":"","overlay-color":"","overlay-opacity":"","overlay-gradient":""},"tablet":{"background-color":"var(--ast-global-color-5)","background-image":"","background-repeat":"repeat","background-position":"center center","background-size":"auto","background-attachment":"scroll","background-type":"","background-media":"","overlay-type":"","overlay-color":"","overlay-opacity":"","overlay-gradient":""},"mobile":{"background-color":"var(--ast-global-color-5)","background-image":"","background-repeat":"repeat","background-position":"center center","background-size":"auto","background-attachment":"scroll","background-type":"","background-media":"","overlay-type":"","overlay-color":"","overlay-opacity":"","overlay-gradient":""}}},"product_brand":[],"product_cat":[458],"product_tag":[],"class_list":{"0":"post-46434","1":"product","2":"type-product","3":"status-publish","4":"has-post-thumbnail","6":"product_cat-marios-market","7":"desktop-align-center","8":"tablet-align-center","9":"mobile-align-center","11":"first","12":"outofstock","13":"taxable","14":"shipping-taxable","15":"purchasable","16":"product-type-simple"},"acf":[],"yoast_head":"<!-- This site is optimized with the Yoast SEO Premium plugin v27.3 (Yoast SEO v27.3) - https:\/\/yoast.com\/product\/yoast-seo-premium-wordpress\/ -->\n<title>Extracto Org\u00e1nico de Hongos Focus | Suplemento natural | Iguana Smoke<\/title>\n<meta name=\"description\" content=\"Descubre el poder del extracto org\u00e1nico de hongo Focus para mejorar la concentraci\u00f3n y la claridad mental. Combate la distracci\u00f3n y potencia tu mente.\" \/>\n<meta name=\"robots\" content=\"index, follow, max-snippet:-1, max-image-preview:large, max-video-preview:-1\" \/>\n<link rel=\"canonical\" href=\"https:\/\/iguanasmoke.com\/pl\/product-2\/organiczny-ekstrakt-z-grzybow-focus\/\" \/>\n<meta property=\"og:locale\" content=\"pl_PL\" \/>\n<meta property=\"og:type\" content=\"article\" \/>\n<meta property=\"og:title\" content=\"Extracto Org\u00e1nico de Hongos Focus\" \/>\n<meta property=\"og:description\" content=\"La Br\u00fajula de Enfoque te ayudar\u00e1 a navegar momentos en los que necesitas agudeza mental y concentraci\u00f3n cristalina.  Tama\u00f1o: 50 ml Dosis recomendada: 3 sprays por la ma\u00f1ana \/ 3 por la noche\" \/>\n<meta property=\"og:url\" content=\"https:\/\/iguanasmoke.com\/pl\/product-2\/organiczny-ekstrakt-z-grzybow-focus\/\" \/>\n<meta property=\"og:site_name\" content=\"Iguana Smoke\" \/>\n<meta property=\"article:publisher\" content=\"https:\/\/www.facebook.com\/iguanasmoke\" \/>\n<meta property=\"article:modified_time\" content=\"2025-09-15T15:22:02+00:00\" \/>\n<meta property=\"og:image\" content=\"https:\/\/i0.wp.com\/iguanasmoke.com\/wp-content\/uploads\/2024\/12\/4-1.webp?fit=1409%2C2000&ssl=1\" \/>\n\t<meta property=\"og:image:width\" content=\"1409\" \/>\n\t<meta property=\"og:image:height\" content=\"2000\" \/>\n\t<meta property=\"og:image:type\" content=\"image\/webp\" \/>\n<meta name=\"twitter:card\" content=\"summary_large_image\" \/>\n<meta name=\"twitter:label1\" content=\"Cena\" \/>\n\t<meta name=\"twitter:data1\" content=\"34,90&nbsp;&euro;\" \/>\n\t<meta name=\"twitter:label2\" content=\"Dost\u0119pno\u015b\u0107\" \/>\n\t<meta name=\"twitter:data2\" content=\"Brak w magazynie\" \/>\n<meta property=\"product:brand\" content=\"simple\" \/>\n<meta property=\"product:price:amount\" content=\"34.90\" \/>\n<meta property=\"product:price:currency\" content=\"EUR\" \/>\n<meta property=\"og:availability\" content=\"out of stock\" \/>\n<meta property=\"product:availability\" content=\"out of stock\" \/>\n<meta property=\"product:retailer_item_id\" content=\"LYF-SPRAY-FCS\" \/>\n<meta property=\"product:condition\" content=\"new\" \/>\n<!-- \/ Yoast SEO Premium plugin. -->","yoast_head_json":{"title":"Focus Organiczny Ekstrakt z Grzyb\u00f3w - Naturalny Suplement - Iguana Smoke","description":"Odkryj moc organicznego ekstraktu z grzyb\u00f3w Focus, aby poprawi\u0107 koncentracj\u0119 i jasno\u015b\u0107 umys\u0142u. Zwalcz rozproszenie i wzmocnij sw\u00f3j umys\u0142.","robots":{"index":"index","follow":"follow","max-snippet":"max-snippet:-1","max-image-preview":"max-image-preview:large","max-video-preview":"max-video-preview:-1"},"canonical":"https:\/\/iguanasmoke.com\/pl\/product-2\/organiczny-ekstrakt-z-grzybow-focus\/","og_locale":"pl_PL","og_type":"article","og_title":"Extracto Org\u00e1nico de Hongos Focus","og_description":"La Br\u00fajula de Enfoque te ayudar\u00e1 a navegar momentos en los que necesitas agudeza mental y concentraci\u00f3n cristalina.  Tama\u00f1o: 50 ml Dosis recomendada: 3 sprays por la ma\u00f1ana \/ 3 por la noche","og_url":"https:\/\/iguanasmoke.com\/pl\/product-2\/organiczny-ekstrakt-z-grzybow-focus\/","og_site_name":"Iguana Smoke","article_publisher":"https:\/\/www.facebook.com\/iguanasmoke","article_modified_time":"2025-09-15T15:22:02+00:00","og_image":[{"width":1409,"height":2000,"url":"https:\/\/i0.wp.com\/iguanasmoke.com\/wp-content\/uploads\/2024\/12\/4-1.webp?fit=1409%2C2000&ssl=1","type":"image\/webp"}],"twitter_card":"summary_large_image","twitter_misc":{"Cena":"34,90&nbsp;&euro;","Dost\u0119pno\u015b\u0107":"Brak w magazynie"},"schema":{"@context":"https:\/\/schema.org","@graph":[{"@type":"WebPage","@id":"https:\/\/iguanasmoke.com\/producto\/extracto-organico-de-hongos-focus\/","url":"https:\/\/iguanasmoke.com\/producto\/extracto-organico-de-hongos-focus\/","name":"Focus Organiczny Ekstrakt z Grzyb\u00f3w - Naturalny Suplement - Iguana Smoke","isPartOf":{"@id":"https:\/\/iguanasmoke.com\/#website"},"primaryImageOfPage":{"@id":"https:\/\/iguanasmoke.com\/producto\/extracto-organico-de-hongos-focus\/#primaryimage"},"image":{"@id":"https:\/\/iguanasmoke.com\/producto\/extracto-organico-de-hongos-focus\/#primaryimage"},"thumbnailUrl":"https:\/\/iguanasmoke.com\/wp-content\/uploads\/2024\/12\/4-1.webp","datePublished":"2024-12-28T12:41:52+00:00","dateModified":"2025-09-15T15:22:02+00:00","description":"Odkryj moc organicznego ekstraktu z grzyb\u00f3w Focus, aby poprawi\u0107 koncentracj\u0119 i jasno\u015b\u0107 umys\u0142u. Zwalcz rozproszenie i wzmocnij sw\u00f3j umys\u0142.","breadcrumb":{"@id":"https:\/\/iguanasmoke.com\/producto\/extracto-organico-de-hongos-focus\/#breadcrumb"},"inLanguage":"pl-PL","potentialAction":[{"@type":"ReadAction","target":["https:\/\/iguanasmoke.com\/producto\/extracto-organico-de-hongos-focus\/"]}]},{"@type":"ImageObject","inLanguage":"pl-PL","@id":"https:\/\/iguanasmoke.com\/producto\/extracto-organico-de-hongos-focus\/#primaryimage","url":"https:\/\/iguanasmoke.com\/wp-content\/uploads\/2024\/12\/4-1.webp","contentUrl":"https:\/\/iguanasmoke.com\/wp-content\/uploads\/2024\/12\/4-1.webp","width":1409,"height":2000},{"@type":"BreadcrumbList","@id":"https:\/\/iguanasmoke.com\/producto\/extracto-organico-de-hongos-focus\/#breadcrumb","itemListElement":[{"@type":"ListItem","position":1,"name":"home","item":"https:\/\/iguanasmoke.com\/"},{"@type":"ListItem","position":2,"name":"Tienda","item":"https:\/\/iguanasmoke.com\/tienda\/"},{"@type":"ListItem","position":3,"name":"Mario's Market","item":"https:\/\/iguanasmoke.com\/categoria\/marios-market\/"},{"@type":"ListItem","position":4,"name":"Extracto Org\u00e1nico de Hongos Focus"}]},{"@type":"WebSite","@id":"https:\/\/iguanasmoke.com\/#website","url":"https:\/\/iguanasmoke.com\/","name":"Iguana Smoke","description":"Kup CBD online w najlepszej cenie","publisher":{"@id":"https:\/\/iguanasmoke.com\/#organization"},"potentialAction":[{"@type":"SearchAction","target":{"@type":"EntryPoint","urlTemplate":"https:\/\/iguanasmoke.com\/?s={search_term_string}"},"query-input":{"@type":"PropertyValueSpecification","valueRequired":true,"valueName":"search_term_string"}}],"inLanguage":"pl-PL"},{"@type":"Organization","@id":"https:\/\/iguanasmoke.com\/#organization","name":"Iguana Smoke","url":"https:\/\/iguanasmoke.com\/","logo":{"@type":"ImageObject","inLanguage":"pl-PL","@id":"https:\/\/iguanasmoke.com\/#\/schema\/logo\/image\/","url":"https:\/\/iguanasmoke.com\/wp-content\/uploads\/2025\/01\/logoiguana-favi-1.png","contentUrl":"https:\/\/iguanasmoke.com\/wp-content\/uploads\/2025\/01\/logoiguana-favi-1.png","width":512,"height":512,"caption":"Iguana Smoke"},"image":{"@id":"https:\/\/iguanasmoke.com\/#\/schema\/logo\/image\/"},"sameAs":["https:\/\/www.facebook.com\/iguanasmoke","https:\/\/www.instagram.com\/iguanasmoke\/"]}]},"product_brand":"simple","product_price_amount":"34.90","product_price_currency":"EUR","og_availability":"out of stock","product_availability":"out of stock","product_retailer_item_id":"LYF-SPRAY-FCS","product_condition":"new"},"_links":{"self":[{"href":"https:\/\/iguanasmoke.com\/pl\/wp-json\/wp\/v2\/product\/46434","targetHints":{"allow":["GET"]}}],"collection":[{"href":"https:\/\/iguanasmoke.com\/pl\/wp-json\/wp\/v2\/product"}],"about":[{"href":"https:\/\/iguanasmoke.com\/pl\/wp-json\/wp\/v2\/types\/product"}],"replies":[{"embeddable":true,"href":"https:\/\/iguanasmoke.com\/pl\/wp-json\/wp\/v2\/comments?post=46434"}],"wp:featuredmedia":[{"embeddable":true,"href":"https:\/\/iguanasmoke.com\/pl\/wp-json\/wp\/v2\/media\/46425"}],"wp:attachment":[{"href":"https:\/\/iguanasmoke.com\/pl\/wp-json\/wp\/v2\/media?parent=46434"}],"wp:term":[{"taxonomy":"product_brand","embeddable":true,"href":"https:\/\/iguanasmoke.com\/pl\/wp-json\/wp\/v2\/product_brand?post=46434"},{"taxonomy":"product_cat","embeddable":true,"href":"https:\/\/iguanasmoke.com\/pl\/wp-json\/wp\/v2\/product_cat?post=46434"},{"taxonomy":"product_tag","embeddable":true,"href":"https:\/\/iguanasmoke.com\/pl\/wp-json\/wp\/v2\/product_tag?post=46434"}],"curies":[{"name":"wp","href":"https:\/\/api.w.org\/{rel}","templated":true}]}}