{"id":46438,"date":"2024-12-28T13:47:14","date_gmt":"2024-12-28T12:47:14","guid":{"rendered":"https:\/\/iguanasmoke.com\/?post_type=product&#038;p=46438"},"modified":"2025-09-15T17:21:42","modified_gmt":"2025-09-15T15:21:42","slug":"ekstrakt-organiczny-z-chagi","status":"publish","type":"product","link":"https:\/\/iguanasmoke.com\/pl\/producto\/extracto-organico-de-chaga\/","title":{"rendered":"Organiczny ekstrakt z chaga"},"content":{"rendered":"<h3>Ekstrakt z Grzyba Chaga Organiczny: Czysty i Skoncentrowany Suplement Diety<\/h3>\n<p>The\u00a0<strong>ekstrakt z huby brzozowej<\/strong> organiczny to czysty, skoncentrowany suplement diety bez alkoholu. Ten silny podw\u00f3jny ekstrakt 15:1 oferuje wysokie st\u0119\u017cenie niezb\u0119dnych sk\u0142adnik\u00f3w od\u017cywczych. Ka\u017cda butelka zawiera odpowiednik 120 g surowej, suszonej i certyfikowanej organicznie chagi, co daje 33 dzienne dawki.<\/p>\n<h4>Charakterystyka ekstraktu p\u0142ynnego z chagi<\/h4>\n<ul>\n<li>Pozyskiwany w procesie podw\u00f3jnym (gor\u0105ca woda i alkohol) z\u00a0<strong>b\u0142yskawica organiczna<\/strong>\u00a0pozyskiwane w spos\u00f3b zr\u00f3wnowa\u017cony.<\/li>\n<li>Zawiera zwi\u0105zki rozpuszczalne zar\u00f3wno w wodzie, jak i w t\u0142uszczach, maksymalizuj\u0105c jego biodost\u0119pno\u015b\u0107.<\/li>\n<li>Wyprodukowano z ponad 20%% beta-glukan\u00f3w 1,3\/1,6, znanych ze swoich w\u0142a\u015bciwo\u015bci immunomoduluj\u0105cych.<\/li>\n<li>Czysty smak grzyb\u00f3w, bez dodatk\u00f3w i sztucznych aromat\u00f3w.<\/li>\n<li>Bez dodanej skrobi, zb\u00f3\u017c ani wype\u0142niaczy.<\/li>\n<li>Certyfikat ekologiczny Unii Europejskiej (UE).<\/li>\n<li>Bez glutenu, wolne od GMO, wega\u0144skie.<\/li>\n<li>Najwy\u017csza jako\u015b\u0107, testowana w akredytowanych laboratoriach zewn\u0119trznych.<\/li>\n<li>Bez grzybni, u\u017cywaj\u0105c tylko organicznych cia\u0142 owocnikowych.<\/li>\n<li>Rozlewane do biotonicznych butelek szklanych Miron dla lepszej konserwacji.<\/li>\n<li>Okres przydatno\u015bci do u\u017cycia: 12 miesi\u0119cy od daty produkcji.<\/li>\n<\/ul>\n<h3>Korzy\u015bci z ekstraktu z chagi<\/h3>\n<p>The\u00a0<strong>Chaga (Inonotus obliquus)<\/strong>\u00a0jest grzybem leczniczym, kt\u00f3ry ro\u015bnie g\u0142\u00f3wnie na brzozach i od wiek\u00f3w jest stosowany w medycynie tradycyjnej w Rosji i Azji. Jego w\u0142a\u015bciwo\u015bci sprawi\u0142y, \u017ce sta\u0142 si\u0119 \u00absuper\u017cywno\u015bci\u0105\u00bb o licznych korzy\u015bciach zdrowotnych. Oto g\u0142\u00f3wne z nich:<\/p>\n<h6 style=\"padding-left: 40px;\"><strong>Pot\u0119\u017cny antyoksydant<\/strong><\/h6>\n<p style=\"padding-left: 40px;\">The\u00a0<strong>ekstrakt z huby brzozowej<\/strong> jest jednym z grzyb\u00f3w o najwy\u017cszym st\u0119\u017ceniu antyoksydant\u00f3w, dzi\u0119ki czemu zwalcza wolne rodniki uszkadzaj\u0105ce kom\u00f3rki, pomagaj\u0105c op\u00f3\u017ani\u0107 starzenie i chroni\u0105c przed stresem oksydacyjnym.<\/p>\n<h6 style=\"padding-left: 40px;\"><strong>2. Wzmocnienie uk\u0142adu odporno\u015bciowego<\/strong><\/h6>\n<p style=\"padding-left: 40px;\">Bogaty w beta-glukany chaga moduluje uk\u0142ad odporno\u015bciowy, poprawiaj\u0105c zdolno\u015b\u0107 organizmu do obrony przed infekcjami i chorobami, jednocze\u015bnie zapobiegaj\u0105c nadmiernym reakcjom immunologicznym.<\/p>\n<h6 style=\"padding-left: 40px;\"><strong>3. W\u0142a\u015bciwo\u015bci przeciwzapalne<\/strong><\/h6>\n<p style=\"padding-left: 40px;\">Aktywne zwi\u0105zki grzyba czaga mog\u0105 zmniejsza\u0107 stan zapalny, co jest pomocne dla os\u00f3b z przewlek\u0142ymi chorobami zapalnymi, takimi jak zapalenie staw\u00f3w lub zaburzenia autoimmunologiczne.<\/p>\n<h6 style=\"padding-left: 40px;\"><strong>4. Kontrola poziomu cukru we krwi<\/strong><\/h6>\n<p style=\"padding-left: 40px;\">Niekt\u00f3re badania sugeruj\u0105, \u017ce\u00a0<strong>ekstrakt z huby brzozowej<\/strong> pomaga obni\u017cy\u0107 poziom cukru we krwi, dzi\u0119ki czemu jest korzystny dla os\u00f3b z cukrzyc\u0105 lub tych, kt\u00f3rzy chc\u0105 utrzyma\u0107 zdrowy poziom glukozy.<\/p>\n<h6 style=\"padding-left: 40px;\"><strong>5. Wsparcie zdrowia uk\u0142adu trawiennego<\/strong><\/h6>\n<p style=\"padding-left: 40px;\">Chaga przyczynia si\u0119 do utrzymania dobrego zdrowia trawiennego, \u0142agodz\u0105c problemy takie jak wrzody \u017co\u0142\u0105dka i zapalenie jelit, a tak\u017ce chroni\u0105c b\u0142on\u0119 \u015bluzow\u0105 \u017co\u0142\u0105dka.<\/p>\n<h6 style=\"padding-left: 40px;\"><strong>6. W\u0142a\u015bciwo\u015bci przeciwnowotworowe<\/strong><\/h6>\n<p style=\"padding-left: 40px;\">Wst\u0119pne badania wykaza\u0142y, \u017ce chaga mo\u017ce hamowa\u0107 wzrost kom\u00f3rek rakowych i promowa\u0107 apoptoz\u0119 (\u015bmier\u0107 kom\u00f3rek) w kom\u00f3rkach z\u0142o\u015bliwych. Jednak\u017ce, potrzebne s\u0105 dalsze badania na ludziach.<\/p>\n<h6 style=\"padding-left: 40px;\"><strong>7. Poprawia zdrowie uk\u0142adu kr\u0105\u017cenia<\/strong><\/h6>\n<p style=\"padding-left: 40px;\">Antyoksydanty i zwi\u0105zki betuliny zawarte w chaga mog\u0105 pom\u00f3c w obni\u017ceniu poziomu cholesterolu LDL i regulacji ci\u015bnienia krwi, wspieraj\u0105c tym samym zdrowie serca.<\/p>\n<h6 style=\"padding-left: 40px;\"><strong>8. W\u0142a\u015bciwo\u015bci przeciwwirusowe i antybakteryjne<\/strong><\/h6>\n<p style=\"padding-left: 40px;\">The\u00a0<strong>ekstrakt z huby brzozowej<\/strong>\u00a0wykaza\u0142 w\u0142a\u015bciwo\u015bci antywirusowe i antybakteryjne, pomagaj\u0105c organizmowi zwalcza\u0107 infekcje, takie jak grypa i opryszczka.<\/p>\n<h6 style=\"padding-left: 40px;\"><strong>9. Detoksykacja organizmu<\/strong><\/h6>\n<p style=\"padding-left: 40px;\">Dzi\u0119ki bogactwu sk\u0142adnik\u00f3w od\u017cywczych chaga wspiera eliminacj\u0119 toksyn i promuje prawid\u0142owe funkcjonowanie w\u0105troby.<\/p>\n<h6 style=\"padding-left: 40px;\"><strong>10. Poprawia zdrowie sk\u00f3ry<\/strong><\/h6>\n<p style=\"padding-left: 40px;\">Dzi\u0119ki wysokiej zawarto\u015bci melaniny i przeciwutleniaczy, chaga pomaga poprawi\u0107 wygl\u0105d sk\u00f3ry, zwalczaj\u0105c oznaki starzenia i chroni\u0105c przed uszkodzeniami s\u0142onecznymi.<\/p>\n<p>&nbsp;<\/p>\n<h3>Dlaczego wybra\u0107 organiczny ekstrakt z chagi?<\/h3>\n<p>Aby w pe\u0142ni skorzysta\u0107 z zalet\u00a0<strong>ekstrakt z huby brzozowej<\/strong>, kluczowe jest wybranie produktu wysokiej jako\u015bci, z certyfikatem ekologicznym i podw\u00f3jnym procesem ekstrakcji (wodnej i alkoholowej), aby zapewni\u0107 maksymalne st\u0119\u017cenie jego zwi\u0105zk\u00f3w bioaktywnych.<\/p>","protected":false},"excerpt":{"rendered":"<h4>Cechy ekstraktu organicznego Chaga<\/h4>\n<ul>\n<li>Wysokiej jako\u015bci butelka z pipet\u0105 z fioletowego szk\u0142a o pojemno\u015bci 50 ml.<\/li>\n<li>\u0141atwe w u\u017cyciu: dodaj dwie krople do szklanki wody lub bezpo\u015brednio pod j\u0119zyk.<\/li>\n<li>Proces ekstrakcji dwuetapowej z u\u017cyciem gor\u0105cej wody i alkoholu <strong>chaga dzika<\/strong> organiczna.<\/li>\n<li>Zawiera oko\u0142o 25% alkoholu.<\/li>\n<li>Wysokie st\u0119\u017cenie zwi\u0105zk\u00f3w rozpuszczalnych w wodzie i t\u0142uszczach.<\/li>\n<li>Wyprodukowano z ponad 20%% beta-glukan\u00f3w 1,3\/1,6.<\/li>\n<li>Bez skrobi, zb\u00f3\u017c ani innych dodatk\u00f3w.<\/li>\n<li>Ekologiczna certyfikacja UE.<\/li>\n<li>Bezglutenowe, niezmodyfikowane genetycznie (non-GMO), wega\u0144skie.<\/li>\n<li>Najwy\u017csza jako\u015b\u0107, testowana w akredytowanych laboratoriach zewn\u0119trznych.<\/li>\n<li>Butelkowane w szkle biotonicznym Miron dla dodatkowej ochrony.<\/li>\n<\/ul>","protected":false},"featured_media":46418,"comment_status":"open","ping_status":"closed","template":"","meta":{"_acf_changed":false,"site-sidebar-layout":"default","site-content-layout":"","ast-site-content-layout":"default","site-content-style":"default","site-sidebar-style":"default","ast-global-header-display":"","ast-banner-title-visibility":"","ast-main-header-display":"","ast-hfb-above-header-display":"","ast-hfb-below-header-display":"","ast-hfb-mobile-header-display":"","site-post-title":"","ast-breadcrumbs-content":"","ast-featured-img":"","footer-sml-layout":"","theme-transparent-header-meta":"default","adv-header-id-meta":"","stick-header-meta":"","header-above-stick-meta":"","header-main-stick-meta":"","header-below-stick-meta":"","astra-migrate-meta-layouts":"set","ast-page-background-enabled":"default","ast-page-background-meta":{"desktop":{"background-color":"var(--ast-global-color-4)","background-image":"","background-repeat":"repeat","background-position":"center center","background-size":"auto","background-attachment":"scroll","background-type":"","background-media":"","overlay-type":"","overlay-color":"","overlay-opacity":"","overlay-gradient":""},"tablet":{"background-color":"","background-image":"","background-repeat":"repeat","background-position":"center center","background-size":"auto","background-attachment":"scroll","background-type":"","background-media":"","overlay-type":"","overlay-color":"","overlay-opacity":"","overlay-gradient":""},"mobile":{"background-color":"","background-image":"","background-repeat":"repeat","background-position":"center center","background-size":"auto","background-attachment":"scroll","background-type":"","background-media":"","overlay-type":"","overlay-color":"","overlay-opacity":"","overlay-gradient":""}},"ast-content-background-meta":{"desktop":{"background-color":"var(--ast-global-color-5)","background-image":"","background-repeat":"repeat","background-position":"center center","background-size":"auto","background-attachment":"scroll","background-type":"","background-media":"","overlay-type":"","overlay-color":"","overlay-opacity":"","overlay-gradient":""},"tablet":{"background-color":"var(--ast-global-color-5)","background-image":"","background-repeat":"repeat","background-position":"center center","background-size":"auto","background-attachment":"scroll","background-type":"","background-media":"","overlay-type":"","overlay-color":"","overlay-opacity":"","overlay-gradient":""},"mobile":{"background-color":"var(--ast-global-color-5)","background-image":"","background-repeat":"repeat","background-position":"center center","background-size":"auto","background-attachment":"scroll","background-type":"","background-media":"","overlay-type":"","overlay-color":"","overlay-opacity":"","overlay-gradient":""}}},"product_brand":[],"product_cat":[458],"product_tag":[],"class_list":{"0":"post-46438","1":"product","2":"type-product","3":"status-publish","4":"has-post-thumbnail","6":"product_cat-marios-market","7":"desktop-align-center","8":"tablet-align-center","9":"mobile-align-center","11":"first","12":"outofstock","13":"taxable","14":"shipping-taxable","15":"purchasable","16":"product-type-simple"},"acf":[],"yoast_head":"<!-- This site is optimized with the Yoast SEO Premium plugin v27.3 (Yoast SEO v27.3) - https:\/\/yoast.com\/product\/yoast-seo-premium-wordpress\/ -->\n<title>Extracto Org\u00e1nico de Chaga | Suplemento Natural Antioxidante | Iguana Smoke<\/title>\n<meta name=\"description\" content=\"Compra extracto de chaga org\u00e1nico de alta calidad. Potente suplemento antioxidante que refuerza el sistema inmunol\u00f3gico. Descubre sus m\u00faltiples beneficios.\" \/>\n<meta name=\"robots\" content=\"index, follow, max-snippet:-1, max-image-preview:large, max-video-preview:-1\" \/>\n<link rel=\"canonical\" href=\"https:\/\/iguanasmoke.com\/pl\/product-2\/ekstrakt-organiczny-z-chagi\/\" \/>\n<meta property=\"og:locale\" content=\"pl_PL\" \/>\n<meta property=\"og:type\" content=\"article\" \/>\n<meta property=\"og:title\" content=\"Extracto Org\u00e1nico de Chaga\" \/>\n<meta property=\"og:description\" content=\"Caracter\u00edsticas del Extracto Org\u00e1nico de Chaga   Botella cuentagotas de vidrio violeta de 50 ml de alta calidad.  F\u00e1cil de usar: a\u00f1ade dos goteros a un vaso de agua o directamente debajo de la lengua.  Proceso de extracci\u00f3n dual con agua caliente y alcohol de chaga salvaje org\u00e1nica.  Contiene aproximadamente un 25% de alcohol.  Alta concentraci\u00f3n de compuestos solubles en agua y grasas.  Elaborado con m\u00e1s del 20% de beta-glucanos 1,3\/1,6.  Sin almid\u00f3n, cereales ni otros rellenos a\u00f1adidos.  Certificaci\u00f3n org\u00e1nica de la UE.  Libre de gluten, no modificado gen\u00e9ticamente (non-GMO), apto para veganos.  Calidad superior, probado en laboratorios acreditados de terceros.  Embotellado en vidrio biopot\u00f3nico Miron para mayor protecci\u00f3n.\" \/>\n<meta property=\"og:url\" content=\"https:\/\/iguanasmoke.com\/pl\/product-2\/ekstrakt-organiczny-z-chagi\/\" \/>\n<meta property=\"og:site_name\" content=\"Iguana Smoke\" \/>\n<meta property=\"article:publisher\" content=\"https:\/\/www.facebook.com\/iguanasmoke\" \/>\n<meta property=\"article:modified_time\" content=\"2025-09-15T15:21:42+00:00\" \/>\n<meta property=\"og:image\" content=\"https:\/\/i0.wp.com\/iguanasmoke.com\/wp-content\/uploads\/2024\/12\/1-1.webp?fit=1409%2C2000&ssl=1\" \/>\n\t<meta property=\"og:image:width\" content=\"1409\" \/>\n\t<meta property=\"og:image:height\" content=\"2000\" \/>\n\t<meta property=\"og:image:type\" content=\"image\/webp\" \/>\n<meta name=\"twitter:card\" content=\"summary_large_image\" \/>\n<meta name=\"twitter:label1\" content=\"Cena\" \/>\n\t<meta name=\"twitter:data1\" content=\"29,90&nbsp;&euro;\" \/>\n\t<meta name=\"twitter:label2\" content=\"Dost\u0119pno\u015b\u0107\" \/>\n\t<meta name=\"twitter:data2\" content=\"Brak w magazynie\" \/>\n<meta property=\"product:brand\" content=\"simple\" \/>\n<meta property=\"product:price:amount\" content=\"29.90\" \/>\n<meta property=\"product:price:currency\" content=\"EUR\" \/>\n<meta property=\"og:availability\" content=\"out of stock\" \/>\n<meta property=\"product:availability\" content=\"out of stock\" \/>\n<meta property=\"product:retailer_item_id\" content=\"LYF-SPRAY-CHG\" \/>\n<meta property=\"product:condition\" content=\"new\" \/>\n<!-- \/ Yoast SEO Premium plugin. -->","yoast_head_json":{"title":"Organiczny ekstrakt z chagi | Naturalny suplement antyoksydacyjny | Iguana Smoke","description":"Kup wysokiej jako\u015bci organiczny ekstrakt z chagi. Silny suplement antyoksydacyjny wzmacniaj\u0105cy uk\u0142ad odporno\u015bciowy. Odkryj jego liczne korzy\u015bci.","robots":{"index":"index","follow":"follow","max-snippet":"max-snippet:-1","max-image-preview":"max-image-preview:large","max-video-preview":"max-video-preview:-1"},"canonical":"https:\/\/iguanasmoke.com\/pl\/product-2\/ekstrakt-organiczny-z-chagi\/","og_locale":"pl_PL","og_type":"article","og_title":"Extracto Org\u00e1nico de Chaga","og_description":"Caracter\u00edsticas del Extracto Org\u00e1nico de Chaga   Botella cuentagotas de vidrio violeta de 50 ml de alta calidad.  F\u00e1cil de usar: a\u00f1ade dos goteros a un vaso de agua o directamente debajo de la lengua.  Proceso de extracci\u00f3n dual con agua caliente y alcohol de chaga salvaje org\u00e1nica.  Contiene aproximadamente un 25% de alcohol.  Alta concentraci\u00f3n de compuestos solubles en agua y grasas.  Elaborado con m\u00e1s del 20% de beta-glucanos 1,3\/1,6.  Sin almid\u00f3n, cereales ni otros rellenos a\u00f1adidos.  Certificaci\u00f3n org\u00e1nica de la UE.  Libre de gluten, no modificado gen\u00e9ticamente (non-GMO), apto para veganos.  Calidad superior, probado en laboratorios acreditados de terceros.  Embotellado en vidrio biopot\u00f3nico Miron para mayor protecci\u00f3n.","og_url":"https:\/\/iguanasmoke.com\/pl\/product-2\/ekstrakt-organiczny-z-chagi\/","og_site_name":"Iguana Smoke","article_publisher":"https:\/\/www.facebook.com\/iguanasmoke","article_modified_time":"2025-09-15T15:21:42+00:00","og_image":[{"width":1409,"height":2000,"url":"https:\/\/i0.wp.com\/iguanasmoke.com\/wp-content\/uploads\/2024\/12\/1-1.webp?fit=1409%2C2000&ssl=1","type":"image\/webp"}],"twitter_card":"summary_large_image","twitter_misc":{"Cena":"29,90&nbsp;&euro;","Dost\u0119pno\u015b\u0107":"Brak w magazynie"},"schema":{"@context":"https:\/\/schema.org","@graph":[{"@type":"WebPage","@id":"https:\/\/iguanasmoke.com\/producto\/extracto-organico-de-chaga\/","url":"https:\/\/iguanasmoke.com\/producto\/extracto-organico-de-chaga\/","name":"Organiczny ekstrakt z chagi | Naturalny suplement antyoksydacyjny | Iguana Smoke","isPartOf":{"@id":"https:\/\/iguanasmoke.com\/#website"},"primaryImageOfPage":{"@id":"https:\/\/iguanasmoke.com\/producto\/extracto-organico-de-chaga\/#primaryimage"},"image":{"@id":"https:\/\/iguanasmoke.com\/producto\/extracto-organico-de-chaga\/#primaryimage"},"thumbnailUrl":"https:\/\/iguanasmoke.com\/wp-content\/uploads\/2024\/12\/1-1.webp","datePublished":"2024-12-28T12:47:14+00:00","dateModified":"2025-09-15T15:21:42+00:00","description":"Kup wysokiej jako\u015bci organiczny ekstrakt z chagi. Silny suplement antyoksydacyjny wzmacniaj\u0105cy uk\u0142ad odporno\u015bciowy. Odkryj jego liczne korzy\u015bci.","breadcrumb":{"@id":"https:\/\/iguanasmoke.com\/producto\/extracto-organico-de-chaga\/#breadcrumb"},"inLanguage":"pl-PL","potentialAction":[{"@type":"ReadAction","target":["https:\/\/iguanasmoke.com\/producto\/extracto-organico-de-chaga\/"]}]},{"@type":"ImageObject","inLanguage":"pl-PL","@id":"https:\/\/iguanasmoke.com\/producto\/extracto-organico-de-chaga\/#primaryimage","url":"https:\/\/iguanasmoke.com\/wp-content\/uploads\/2024\/12\/1-1.webp","contentUrl":"https:\/\/iguanasmoke.com\/wp-content\/uploads\/2024\/12\/1-1.webp","width":1409,"height":2000},{"@type":"BreadcrumbList","@id":"https:\/\/iguanasmoke.com\/producto\/extracto-organico-de-chaga\/#breadcrumb","itemListElement":[{"@type":"ListItem","position":1,"name":"home","item":"https:\/\/iguanasmoke.com\/"},{"@type":"ListItem","position":2,"name":"Tienda","item":"https:\/\/iguanasmoke.com\/tienda\/"},{"@type":"ListItem","position":3,"name":"Mario's Market","item":"https:\/\/iguanasmoke.com\/categoria\/marios-market\/"},{"@type":"ListItem","position":4,"name":"Extracto Org\u00e1nico de Chaga"}]},{"@type":"WebSite","@id":"https:\/\/iguanasmoke.com\/#website","url":"https:\/\/iguanasmoke.com\/","name":"Iguana Smoke","description":"Kup CBD online w najlepszej cenie","publisher":{"@id":"https:\/\/iguanasmoke.com\/#organization"},"potentialAction":[{"@type":"SearchAction","target":{"@type":"EntryPoint","urlTemplate":"https:\/\/iguanasmoke.com\/?s={search_term_string}"},"query-input":{"@type":"PropertyValueSpecification","valueRequired":true,"valueName":"search_term_string"}}],"inLanguage":"pl-PL"},{"@type":"Organization","@id":"https:\/\/iguanasmoke.com\/#organization","name":"Iguana Smoke","url":"https:\/\/iguanasmoke.com\/","logo":{"@type":"ImageObject","inLanguage":"pl-PL","@id":"https:\/\/iguanasmoke.com\/#\/schema\/logo\/image\/","url":"https:\/\/iguanasmoke.com\/wp-content\/uploads\/2025\/01\/logoiguana-favi-1.png","contentUrl":"https:\/\/iguanasmoke.com\/wp-content\/uploads\/2025\/01\/logoiguana-favi-1.png","width":512,"height":512,"caption":"Iguana Smoke"},"image":{"@id":"https:\/\/iguanasmoke.com\/#\/schema\/logo\/image\/"},"sameAs":["https:\/\/www.facebook.com\/iguanasmoke","https:\/\/www.instagram.com\/iguanasmoke\/"]}]},"product_brand":"simple","product_price_amount":"29.90","product_price_currency":"EUR","og_availability":"out of stock","product_availability":"out of stock","product_retailer_item_id":"LYF-SPRAY-CHG","product_condition":"new"},"_links":{"self":[{"href":"https:\/\/iguanasmoke.com\/pl\/wp-json\/wp\/v2\/product\/46438","targetHints":{"allow":["GET"]}}],"collection":[{"href":"https:\/\/iguanasmoke.com\/pl\/wp-json\/wp\/v2\/product"}],"about":[{"href":"https:\/\/iguanasmoke.com\/pl\/wp-json\/wp\/v2\/types\/product"}],"replies":[{"embeddable":true,"href":"https:\/\/iguanasmoke.com\/pl\/wp-json\/wp\/v2\/comments?post=46438"}],"wp:featuredmedia":[{"embeddable":true,"href":"https:\/\/iguanasmoke.com\/pl\/wp-json\/wp\/v2\/media\/46418"}],"wp:attachment":[{"href":"https:\/\/iguanasmoke.com\/pl\/wp-json\/wp\/v2\/media?parent=46438"}],"wp:term":[{"taxonomy":"product_brand","embeddable":true,"href":"https:\/\/iguanasmoke.com\/pl\/wp-json\/wp\/v2\/product_brand?post=46438"},{"taxonomy":"product_cat","embeddable":true,"href":"https:\/\/iguanasmoke.com\/pl\/wp-json\/wp\/v2\/product_cat?post=46438"},{"taxonomy":"product_tag","embeddable":true,"href":"https:\/\/iguanasmoke.com\/pl\/wp-json\/wp\/v2\/product_tag?post=46438"}],"curies":[{"name":"wp","href":"https:\/\/api.w.org\/{rel}","templated":true}]}}