{"id":46439,"date":"2024-12-28T13:50:10","date_gmt":"2024-12-28T12:50:10","guid":{"rendered":"https:\/\/iguanasmoke.com\/?post_type=product&#038;p=46439"},"modified":"2025-09-15T17:21:31","modified_gmt":"2025-09-15T15:21:31","slug":"organiczny-ekstrakt-z-kordycepsu","status":"publish","type":"product","link":"https:\/\/iguanasmoke.com\/pl\/producto\/extracto-organico-de-cordyceps\/","title":{"rendered":"Organiczny ekstrakt z kordycepsu"},"content":{"rendered":"<h3>Ekstrakt z Cordyceps Sinensis: Energetyzuj\u0105ca i naturalna suplementacja<\/h3>\n<p>The <strong>Ekstrakt z Cordyceps Sinensis<\/strong> to czysty, skoncentrowany, bezalkoholowy suplement diety zaprojektowany w celu naturalnego zwi\u0119kszenia witalno\u015bci. Dzi\u0119ki silnej formule w \u0142atwo przyswajalnym p\u0142ynnym formacie, ekstrakt ten maksymalizuje korzy\u015bci p\u0142yn\u0105ce z Cordyceps.<\/p>\n<h3>Odkrywanie Cordyceps<\/h3>\n<p>The <strong>Cordyceps<\/strong> to fascynuj\u0105cy rodzaj grzyb\u00f3w obejmuj\u0105cy oko\u0142o 400 gatunk\u00f3w. Znany ze swoich zdolno\u015bci paso\u017cytniczych, grzyb ten ro\u015bnie na owadach, takich jak g\u0105sienice, co nada\u0142o mu nazw\u0119 \u201cgrzyb g\u0105sienicowy\u201d. Cordyceps rozwija si\u0119 w tropikalnym i wilgotnym klimacie, zw\u0142aszcza w g\u00f3rzystych regionach Nepalu, Tybetu, Japonii, Korei, Wietnamu i Chin.<\/p>\n<p>Od wiek\u00f3w Cordyceps jest stosowany w tradycyjnej medycynie chi\u0144skiej i tybeta\u0144skiej ze wzgl\u0119du na swoje w\u0142a\u015bciwo\u015bci energetyczne i lecznicze. Uwa\u017ca si\u0119, \u017ce poprawia energi\u0119 i wytrzyma\u0142o\u015b\u0107, zwi\u0119ksza libido, wzmacnia uk\u0142ad odporno\u015bciowy i zwalcza zm\u0119czenie. Ponadto by\u0142a stosowana w leczeniu chor\u00f3b uk\u0142adu oddechowego, takich jak zapalenie oskrzeli, a tak\u017ce problem\u00f3w z nerkami, w\u0105trob\u0105 i cholesterolem. Badania sugeruj\u0105 r\u00f3wnie\u017c, \u017ce <strong>Ekstrakt z kordycepsu<\/strong> mo\u017ce mie\u0107 w\u0142a\u015bciwo\u015bci przeciwnowotworowe.<\/p>\n<h3>Korzy\u015bci p\u0142yn\u0105ce ze stosowania wyci\u0105gu z Cordyceps<\/h3>\n<ol>\n<li><strong>Walka z rakiem<\/strong>Badania przeprowadzone na Uniwersytecie Politechnicznym w Hongkongu wykaza\u0142y, \u017ce <strong>Ekstrakt z grzybni Cordyceps Sinensis<\/strong> mo\u017ce hamowa\u0107 wzrost kom\u00f3rek nowotworowych, zmniejszaj\u0105c mas\u0119 guza o 60% w niekt\u00f3rych typach raka, takich jak czerniak.<\/li>\n<li><strong>Ochrona nerek<\/strong>Cordyceps Sinensis wykaza\u0142 obiecuj\u0105ce wyniki w ochronie nerek, pomagaj\u0105c obni\u017cy\u0107 poziom kreatyniny w surowicy u os\u00f3b z przewlek\u0142\u0105 chorob\u0105 nerek, poprawiaj\u0105c w ten spos\u00f3b czynno\u015b\u0107 nerek.<\/li>\n<li><strong>Zwi\u0119kszona energia i wytrzyma\u0142o\u015b\u0107<\/strong>Cordyceps zyska\u0142 rozg\u0142os na Igrzyskach Olimpijskich w 1993 roku, kiedy to chi\u0144scy sportowcy spo\u017cywaj\u0105cy tego grzyba pobili kilka rekord\u00f3w. P\u00f3\u017aniejsze badania wykaza\u0142y, \u017ce <strong>Ekstrakt z kordycepsu<\/strong> zwi\u0119ksza poziom energii, poprawia wytrzyma\u0142o\u015b\u0107 i zwalcza zm\u0119czenie.<\/li>\n<li><strong>Wsparcie uk\u0142adu odporno\u015bciowego<\/strong>Dzi\u0119ki zdolno\u015bci do modulowania uk\u0142adu odporno\u015bciowego, Cordyceps mo\u017ce pom\u00f3c wzmocni\u0107 mechanizmy obronne organizmu, poprawiaj\u0105c jego zdolno\u015b\u0107 do zwalczania infekcji i chor\u00f3b.<\/li>\n<\/ol>\n<h3>Cuda wyci\u0105gu z Cordyceps<\/h3>\n<p>The <strong>Ekstrakt z kordycepsu<\/strong> to naturalny wyb\u00f3r dla tych, kt\u00f3rzy chc\u0105 zwi\u0119kszy\u0107 energi\u0119, wytrzyma\u0142o\u015b\u0107 i og\u00f3lne samopoczucie. Opr\u00f3cz korzy\u015bci energetycznych, ekstrakt ten mo\u017ce by\u0107 cennym sprzymierze\u0144cem w leczeniu chor\u00f3b przewlek\u0142ych oraz poprawie zdrowia nerek i uk\u0142adu sercowo-naczyniowego.<\/p>","protected":false},"excerpt":{"rendered":"<h4>W\u0142a\u015bciwo\u015bci ekstraktu z Cordyceps:<\/h4>\n<ul>\n<li>Szklana butelka z rozpylaczem o pojemno\u015bci 50 ml.<\/li>\n<li>Wydajny podw\u00f3jny ekstrakt 15:1.<\/li>\n<li>Ka\u017cda butelka zawiera r\u00f3wnowarto\u015b\u0107 150 g surowego i suszonego Cordyceps Sinensis.<\/li>\n<li>1 butelka = 33 dawki dziennie.<\/li>\n<li>Zalecana dawka: 5 rozpyle\u0144 pod j\u0119zyk dziennie.<\/li>\n<\/ul>","protected":false},"featured_media":46419,"comment_status":"open","ping_status":"closed","template":"","meta":{"_acf_changed":false,"site-sidebar-layout":"default","site-content-layout":"","ast-site-content-layout":"default","site-content-style":"default","site-sidebar-style":"default","ast-global-header-display":"","ast-banner-title-visibility":"","ast-main-header-display":"","ast-hfb-above-header-display":"","ast-hfb-below-header-display":"","ast-hfb-mobile-header-display":"","site-post-title":"","ast-breadcrumbs-content":"","ast-featured-img":"","footer-sml-layout":"","theme-transparent-header-meta":"default","adv-header-id-meta":"","stick-header-meta":"","header-above-stick-meta":"","header-main-stick-meta":"","header-below-stick-meta":"","astra-migrate-meta-layouts":"set","ast-page-background-enabled":"default","ast-page-background-meta":{"desktop":{"background-color":"var(--ast-global-color-4)","background-image":"","background-repeat":"repeat","background-position":"center center","background-size":"auto","background-attachment":"scroll","background-type":"","background-media":"","overlay-type":"","overlay-color":"","overlay-opacity":"","overlay-gradient":""},"tablet":{"background-color":"","background-image":"","background-repeat":"repeat","background-position":"center center","background-size":"auto","background-attachment":"scroll","background-type":"","background-media":"","overlay-type":"","overlay-color":"","overlay-opacity":"","overlay-gradient":""},"mobile":{"background-color":"","background-image":"","background-repeat":"repeat","background-position":"center center","background-size":"auto","background-attachment":"scroll","background-type":"","background-media":"","overlay-type":"","overlay-color":"","overlay-opacity":"","overlay-gradient":""}},"ast-content-background-meta":{"desktop":{"background-color":"var(--ast-global-color-5)","background-image":"","background-repeat":"repeat","background-position":"center center","background-size":"auto","background-attachment":"scroll","background-type":"","background-media":"","overlay-type":"","overlay-color":"","overlay-opacity":"","overlay-gradient":""},"tablet":{"background-color":"var(--ast-global-color-5)","background-image":"","background-repeat":"repeat","background-position":"center center","background-size":"auto","background-attachment":"scroll","background-type":"","background-media":"","overlay-type":"","overlay-color":"","overlay-opacity":"","overlay-gradient":""},"mobile":{"background-color":"var(--ast-global-color-5)","background-image":"","background-repeat":"repeat","background-position":"center center","background-size":"auto","background-attachment":"scroll","background-type":"","background-media":"","overlay-type":"","overlay-color":"","overlay-opacity":"","overlay-gradient":""}}},"product_brand":[],"product_cat":[458],"product_tag":[],"class_list":{"0":"post-46439","1":"product","2":"type-product","3":"status-publish","4":"has-post-thumbnail","6":"product_cat-marios-market","7":"desktop-align-center","8":"tablet-align-center","9":"mobile-align-center","11":"first","12":"outofstock","13":"taxable","14":"shipping-taxable","15":"purchasable","16":"product-type-simple"},"acf":[],"yoast_head":"<!-- This site is optimized with the Yoast SEO Premium plugin v27.3 (Yoast SEO v27.3) - https:\/\/yoast.com\/product\/yoast-seo-premium-wordpress\/ -->\n<title>Extracto Org\u00e1nico de Cordyceps | Iguana Smoke<\/title>\n<meta name=\"description\" content=\"Compra extracto de Cordyceps org\u00e1nico de alta calidad en Iguana Smoke Suplemento natural para aumentar energ\u00eda, mejorar la resistencia y fortalecer el sistema inmunol\u00f3gico. Certificado org\u00e1nico, sin gluten, vegano y probado en laboratorios\" \/>\n<meta name=\"robots\" content=\"index, follow, max-snippet:-1, max-image-preview:large, max-video-preview:-1\" \/>\n<link rel=\"canonical\" href=\"https:\/\/iguanasmoke.com\/pl\/product-2\/organiczny-ekstrakt-z-kordycepsu\/\" \/>\n<meta property=\"og:locale\" content=\"pl_PL\" \/>\n<meta property=\"og:type\" content=\"article\" \/>\n<meta property=\"og:title\" content=\"Extracto Org\u00e1nico de Cordyceps\" \/>\n<meta property=\"og:description\" content=\"Caracter\u00edsticas del Extracto de Cordyceps:   Botella de vidrio con spray de 50 ml.  Potente extracto dual 15:1.  Cada botella contiene el equivalente a 150 g de Cordyceps Sinensis crudo y seco.  1 botella = 33 dosis diarias.  Dosis recomendada: 5 sprays bajo la lengua diariamente.\" \/>\n<meta property=\"og:url\" content=\"https:\/\/iguanasmoke.com\/pl\/product-2\/organiczny-ekstrakt-z-kordycepsu\/\" \/>\n<meta property=\"og:site_name\" content=\"Iguana Smoke\" \/>\n<meta property=\"article:publisher\" content=\"https:\/\/www.facebook.com\/iguanasmoke\" \/>\n<meta property=\"article:modified_time\" content=\"2025-09-15T15:21:31+00:00\" \/>\n<meta property=\"og:image\" content=\"https:\/\/i0.wp.com\/iguanasmoke.com\/wp-content\/uploads\/2024\/12\/7-1.webp?fit=1409%2C2000&ssl=1\" \/>\n\t<meta property=\"og:image:width\" content=\"1409\" \/>\n\t<meta property=\"og:image:height\" content=\"2000\" \/>\n\t<meta property=\"og:image:type\" content=\"image\/webp\" \/>\n<meta name=\"twitter:card\" content=\"summary_large_image\" \/>\n<meta name=\"twitter:label1\" content=\"Cena\" \/>\n\t<meta name=\"twitter:data1\" content=\"29,90&nbsp;&euro;\" \/>\n\t<meta name=\"twitter:label2\" content=\"Dost\u0119pno\u015b\u0107\" \/>\n\t<meta name=\"twitter:data2\" content=\"Brak w magazynie\" \/>\n<meta property=\"product:brand\" content=\"simple\" \/>\n<meta property=\"product:price:amount\" content=\"29.90\" \/>\n<meta property=\"product:price:currency\" content=\"EUR\" \/>\n<meta property=\"og:availability\" content=\"out of stock\" \/>\n<meta property=\"product:availability\" content=\"out of stock\" \/>\n<meta property=\"product:retailer_item_id\" content=\"LYF-SPRAY-CRD\" \/>\n<meta property=\"product:condition\" content=\"new\" \/>\n<!-- \/ Yoast SEO Premium plugin. -->","yoast_head_json":{"title":"Organiczny ekstrakt z Cordyceps: Iguana Smoke","description":"Kup wysokiej jako\u015bci organiczny ekstrakt z Cordyceps od Iguana Smoke Naturalny suplement zwi\u0119kszaj\u0105cy energi\u0119, poprawiaj\u0105cy wytrzyma\u0142o\u015b\u0107 i wzmacniaj\u0105cy uk\u0142ad odporno\u015bciowy. Certyfikowany organiczny, bezglutenowy, wega\u0144ski i testowany laboratoryjnie.","robots":{"index":"index","follow":"follow","max-snippet":"max-snippet:-1","max-image-preview":"max-image-preview:large","max-video-preview":"max-video-preview:-1"},"canonical":"https:\/\/iguanasmoke.com\/pl\/product-2\/organiczny-ekstrakt-z-kordycepsu\/","og_locale":"pl_PL","og_type":"article","og_title":"Extracto Org\u00e1nico de Cordyceps","og_description":"Caracter\u00edsticas del Extracto de Cordyceps:   Botella de vidrio con spray de 50 ml.  Potente extracto dual 15:1.  Cada botella contiene el equivalente a 150 g de Cordyceps Sinensis crudo y seco.  1 botella = 33 dosis diarias.  Dosis recomendada: 5 sprays bajo la lengua diariamente.","og_url":"https:\/\/iguanasmoke.com\/pl\/product-2\/organiczny-ekstrakt-z-kordycepsu\/","og_site_name":"Iguana Smoke","article_publisher":"https:\/\/www.facebook.com\/iguanasmoke","article_modified_time":"2025-09-15T15:21:31+00:00","og_image":[{"width":1409,"height":2000,"url":"https:\/\/i0.wp.com\/iguanasmoke.com\/wp-content\/uploads\/2024\/12\/7-1.webp?fit=1409%2C2000&ssl=1","type":"image\/webp"}],"twitter_card":"summary_large_image","twitter_misc":{"Cena":"29,90&nbsp;&euro;","Dost\u0119pno\u015b\u0107":"Brak w magazynie"},"schema":{"@context":"https:\/\/schema.org","@graph":[{"@type":"WebPage","@id":"https:\/\/iguanasmoke.com\/producto\/extracto-organico-de-cordyceps\/","url":"https:\/\/iguanasmoke.com\/producto\/extracto-organico-de-cordyceps\/","name":"Organiczny ekstrakt z Cordyceps: Iguana Smoke","isPartOf":{"@id":"https:\/\/iguanasmoke.com\/#website"},"primaryImageOfPage":{"@id":"https:\/\/iguanasmoke.com\/producto\/extracto-organico-de-cordyceps\/#primaryimage"},"image":{"@id":"https:\/\/iguanasmoke.com\/producto\/extracto-organico-de-cordyceps\/#primaryimage"},"thumbnailUrl":"https:\/\/iguanasmoke.com\/wp-content\/uploads\/2024\/12\/7-1.webp","datePublished":"2024-12-28T12:50:10+00:00","dateModified":"2025-09-15T15:21:31+00:00","description":"Kup wysokiej jako\u015bci organiczny ekstrakt z Cordyceps od Iguana Smoke Naturalny suplement zwi\u0119kszaj\u0105cy energi\u0119, poprawiaj\u0105cy wytrzyma\u0142o\u015b\u0107 i wzmacniaj\u0105cy uk\u0142ad odporno\u015bciowy. Certyfikowany organiczny, bezglutenowy, wega\u0144ski i testowany laboratoryjnie.","breadcrumb":{"@id":"https:\/\/iguanasmoke.com\/producto\/extracto-organico-de-cordyceps\/#breadcrumb"},"inLanguage":"pl-PL","potentialAction":[{"@type":"ReadAction","target":["https:\/\/iguanasmoke.com\/producto\/extracto-organico-de-cordyceps\/"]}]},{"@type":"ImageObject","inLanguage":"pl-PL","@id":"https:\/\/iguanasmoke.com\/producto\/extracto-organico-de-cordyceps\/#primaryimage","url":"https:\/\/iguanasmoke.com\/wp-content\/uploads\/2024\/12\/7-1.webp","contentUrl":"https:\/\/iguanasmoke.com\/wp-content\/uploads\/2024\/12\/7-1.webp","width":1409,"height":2000},{"@type":"BreadcrumbList","@id":"https:\/\/iguanasmoke.com\/producto\/extracto-organico-de-cordyceps\/#breadcrumb","itemListElement":[{"@type":"ListItem","position":1,"name":"home","item":"https:\/\/iguanasmoke.com\/"},{"@type":"ListItem","position":2,"name":"Tienda","item":"https:\/\/iguanasmoke.com\/tienda\/"},{"@type":"ListItem","position":3,"name":"Mario's Market","item":"https:\/\/iguanasmoke.com\/categoria\/marios-market\/"},{"@type":"ListItem","position":4,"name":"Extracto Org\u00e1nico de Cordyceps"}]},{"@type":"WebSite","@id":"https:\/\/iguanasmoke.com\/#website","url":"https:\/\/iguanasmoke.com\/","name":"Iguana Smoke","description":"Kup CBD online w najlepszej cenie","publisher":{"@id":"https:\/\/iguanasmoke.com\/#organization"},"potentialAction":[{"@type":"SearchAction","target":{"@type":"EntryPoint","urlTemplate":"https:\/\/iguanasmoke.com\/?s={search_term_string}"},"query-input":{"@type":"PropertyValueSpecification","valueRequired":true,"valueName":"search_term_string"}}],"inLanguage":"pl-PL"},{"@type":"Organization","@id":"https:\/\/iguanasmoke.com\/#organization","name":"Iguana Smoke","url":"https:\/\/iguanasmoke.com\/","logo":{"@type":"ImageObject","inLanguage":"pl-PL","@id":"https:\/\/iguanasmoke.com\/#\/schema\/logo\/image\/","url":"https:\/\/iguanasmoke.com\/wp-content\/uploads\/2025\/01\/logoiguana-favi-1.png","contentUrl":"https:\/\/iguanasmoke.com\/wp-content\/uploads\/2025\/01\/logoiguana-favi-1.png","width":512,"height":512,"caption":"Iguana Smoke"},"image":{"@id":"https:\/\/iguanasmoke.com\/#\/schema\/logo\/image\/"},"sameAs":["https:\/\/www.facebook.com\/iguanasmoke","https:\/\/www.instagram.com\/iguanasmoke\/"]}]},"product_brand":"simple","product_price_amount":"29.90","product_price_currency":"EUR","og_availability":"out of stock","product_availability":"out of stock","product_retailer_item_id":"LYF-SPRAY-CRD","product_condition":"new"},"_links":{"self":[{"href":"https:\/\/iguanasmoke.com\/pl\/wp-json\/wp\/v2\/product\/46439","targetHints":{"allow":["GET"]}}],"collection":[{"href":"https:\/\/iguanasmoke.com\/pl\/wp-json\/wp\/v2\/product"}],"about":[{"href":"https:\/\/iguanasmoke.com\/pl\/wp-json\/wp\/v2\/types\/product"}],"replies":[{"embeddable":true,"href":"https:\/\/iguanasmoke.com\/pl\/wp-json\/wp\/v2\/comments?post=46439"}],"wp:featuredmedia":[{"embeddable":true,"href":"https:\/\/iguanasmoke.com\/pl\/wp-json\/wp\/v2\/media\/46419"}],"wp:attachment":[{"href":"https:\/\/iguanasmoke.com\/pl\/wp-json\/wp\/v2\/media?parent=46439"}],"wp:term":[{"taxonomy":"product_brand","embeddable":true,"href":"https:\/\/iguanasmoke.com\/pl\/wp-json\/wp\/v2\/product_brand?post=46439"},{"taxonomy":"product_cat","embeddable":true,"href":"https:\/\/iguanasmoke.com\/pl\/wp-json\/wp\/v2\/product_cat?post=46439"},{"taxonomy":"product_tag","embeddable":true,"href":"https:\/\/iguanasmoke.com\/pl\/wp-json\/wp\/v2\/product_tag?post=46439"}],"curies":[{"name":"wp","href":"https:\/\/api.w.org\/{rel}","templated":true}]}}