{"id":47836,"date":"2025-01-14T21:03:09","date_gmt":"2025-01-14T20:03:09","guid":{"rendered":"https:\/\/iguanasmoke.com\/?post_type=product&#038;p=47836"},"modified":"2026-04-15T10:37:27","modified_gmt":"2026-04-15T08:37:27","slug":"hash-cbd-piatella-40","status":"publish","type":"product","link":"https:\/\/iguanasmoke.com\/pl\/producto\/hash-cbd-piatella-40\/","title":{"rendered":"Hash CBD Piatella 40%"},"content":{"rendered":"<h1><span style=\"font-weight: 400\">Piatella Hash CBD 40% CBD: haszysz, na kt\u00f3ry czeka\u0142e\u015b<\/span><\/h1>\n<p><span style=\"font-weight: 400\">W Iguana Smoke chcemy zaoferowa\u0107 ci to, co najlepsze w \u015bwiecie CBD, a tak\u017ce <strong>Hash CBD Piatella 40%<\/strong> jest jednym z naszych TOP: <strong>Najsilniejszy haszysz bez THC<\/strong> i jedn\u0105 z najlepszych na rynku. Z <strong>bardzo wysokie st\u0119\u017cenie kannabidiolu<\/strong> (40%) i mniej ni\u017c 0,3% THC, produkt ten jest <strong>legalne w Hiszpanii i Europie<\/strong>. To znacznie wi\u0119cej ni\u017c zwyk\u0142y haszysz - to deklaracja jako\u015bci, stylu i zaanga\u017cowania mi\u0142o\u015bnik\u00f3w CBD. Poznaj jego konsystencj\u0119, delektuj si\u0119 jego aromatami i odkryj, dlaczego CBD jest tak popularny w \u015bwiecie haszyszu. <strong>Hash CBD Piatella 40% to produkt, kt\u00f3rego szuka\u0142e\u015b.<\/strong>!<\/span><\/p>\n<p>&nbsp;<\/p>\n<h2>Charakterystyka Hash CBD Piatella 40%:<\/h2>\n<ul>\n<li><b>Wygl\u0105d i tekstura: <\/b>jest wizualnie uderzaj\u0105cy ze wzgl\u0119du na jego t<strong>extura plastyczna<\/strong> kt\u00f3ry \u0142atwo si\u0119 topi, zach\u0119caj\u0105c do dozna\u0144 dotykowych r\u00f3wnie przyjemnych, jak jego dzia\u0142anie. Ten haszysz CBD jest wytwarzany przy u\u017cyciu <strong>siatki<\/strong> wysoka precyzja oddzielania <strong>gruczo\u0142y \u017cywiczne materia\u0142u ro\u015blinnego<\/strong>, osi\u0105gni\u0119cie doskona\u0142o\u015bci.<\/li>\n<li><span style=\"font-size: 16px;font-weight: 400\"><strong>Aromat i smak:<\/strong> intensywny, z bogatym profilem terpenoidowym, kt\u00f3ry \u0142\u0105czy w sobie <strong>ziemiste, s\u0142odkie i pikantne nuty<\/strong>. \u00a0<\/span><\/li>\n<li><strong>Pochodzenie i czysto\u015b\u0107:<\/strong> <span style=\"font-size: 16px;font-weight: 400\">Ta \u017cywica pochodzi z wiarygodnych \u017ar\u00f3de\u0142, kt\u00f3re gwarantuj\u0105, \u017ce<strong> Czysto\u015b\u0107 i jako\u015b\u0107<\/strong>. W przeciwie\u0144stwie do innych produkt\u00f3w, haszysz ten zachowuje wszystkie swoje <strong>naturalne terpeny<\/strong>, Gwarantuje to wyj\u0105tkowe doznania zapachowe i smakowe.<\/span><span style=\"font-size: 16px;font-weight: 400\">, kluczowe dla os\u00f3b poszukuj\u0105cych <strong>Tanie CBD<\/strong> ale nie chc\u0105 nara\u017ca\u0107 na szwank jako\u015bci <strong>CBD Hashish Piatella 40%<\/strong>.<\/span><\/li>\n<\/ul>\n<h3><\/h3>\n<h3><b>Dlaczego warto kupi\u0107 haszysz CBD Piatella 40% w Iguana Smoke?<\/b><\/h3>\n<p><span style=\"font-weight: 400\">W Iguana Smoke stawiamy na jako\u015b\u0107. Nasze produkty haszyszowe CBD s\u0105 100% naturalne i organiczne, bez chemikali\u00f3w i pestycyd\u00f3w. Oznacza to, \u017ce kupuj\u0105c u nas, wybierasz czysty i bezpieczny haszysz i \u017cywic\u0119 CBD. Podobnie jak w przypadku naszych <span style=\"font-size: 16px;font-weight: 400\"><strong>CBD Hashish Piatella 40%<\/strong><\/span><strong>.<\/strong><\/span><\/p>\n<p><span style=\"font-weight: 400\">Bez w\u0105tpienia jest to bezpieczne miejsce <strong>Gdzie kupi\u0107 haszysz CBD online w Hiszpanii?<\/strong> poniewa\u017c wszystkie nasze produkty s\u0105 zatwierdzone przez Uni\u0119 Europejsk\u0105, co gwarantuje ich legalno\u015b\u0107 i bezpiecze\u0144stwo. Z mniej ni\u017c 0,3 % THC, nasz haszysz i \u017cywica CBD pozwalaj\u0105 cieszy\u0107 si\u0119 wieloma korzy\u015bciami p\u0142yn\u0105cymi z CBD bez efekt\u00f3w psychoaktywnych, poniewa\u017c jest to <strong>Haszysz bez THC.<\/strong> P<\/span><span style=\"font-weight: 400\">Mo\u017cesz zapozna\u0107 si\u0119 z analiz\u0105 jako\u015bci dla tego skr\u00f3tu <a href=\"https:\/\/iguanasmoke.com\/pl\/analityka\/\">tutaj<\/a>.\u00a0<\/span><\/p>\n<p><em><span style=\"font-weight: 400\">*Uwaga: zgodnie z hiszpa\u0144skim prawem jest on przeznaczony do zbierania lub aromaterapii.\u00a0<\/span><\/em><\/p>\n<p><span style=\"font-weight: 400\">Co wi\u0119cej, je\u015bli lubisz nasze bardziej tradycyjne \u017cywice CBD, takie jak <a href=\"https:\/\/iguanasmoke.com\/pl\/product-2\/hash-cbd-amnesia\/\">hash amnesia cbd<\/a> lub <a href=\"https:\/\/iguanasmoke.com\/pl\/product-2\/hash-cbn-40\/\">Hash CBN<\/a>,ty <\/span><span style=\"font-weight: 400\">zapewniamy, \u017ce <strong>Hash CBD Piatella 40%<\/strong> zakochasz si\u0119 w nim. Nie zapomnij r\u00f3wnie\u017c wypr\u00f3bowa\u0107 innych <strong>TOP produkty<\/strong> jako <a href=\"https:\/\/iguanasmoke.com\/pl\/product-2\/iguana-power-cartridge-cbd-full-spectrum-kit\/\">Wk\u0142ady CBD Full Spectrum<\/a> i <a href=\"https:\/\/iguanasmoke.com\/pl\/cbd-vaper\/\">CBD Vapes<\/a>. <\/span><span style=\"font-weight: 400\">Kr\u00f3tko m\u00f3wi\u0105c, poznaj nasz\u0105 r\u00f3\u017cnorodno\u015b\u0107 i znajd\u017a swoje ulubione ju\u017c teraz.\u00a0<\/span><\/p>\n<p>&nbsp;<\/p>\n<h3><b>Iguana Smoke to synonim jako\u015bci i niezawodno\u015bci.<\/b><\/h3>\n<p><span style=\"font-weight: 400\">W Iguana Smoke wierzymy, \u017ce korzystanie z CBD powinno by\u0107 bezpiecznym i przyjemnym do\u015bwiadczeniem. Dlatego oferujemy produkty wysokiej jako\u015bci, kt\u00f3re \u0142\u0105cz\u0105 si\u0119 z nowymi pokoleniami: lud\u017ami, kt\u00f3rzy szukaj\u0105 nieskomplikowanego wellness, z autentycznymi i niezawodnymi markami. Pami\u0119taj, \u017ce wszystkie nasze produkty s\u0105 <strong>Haszysz bez THC z wysok\u0105 zawarto\u015bci\u0105 CBD<\/strong>, takich jak <strong>Hash CBD Piatella 40%\u00a0<\/strong>kt\u00f3re zamierzasz zabra\u0107 do domu.<\/span><\/p>\n<p>Nasza misja jest jasna: dostarcza\u0107 najlepsze kannabinoidy w uczciwej cenie, ze spokojem wynikaj\u0105cym ze \u015bwiadomo\u015bci, \u017ce wybierasz certyfikowany, skuteczny i legalny produkt 100%. Jeste\u015bmy w czo\u0142\u00f3wce produkt\u00f3w CBD.<\/p>\n<p>Nadal masz w\u0105tpliwo\u015bci? Napisz do nas, a z przyjemno\u015bci\u0105 pomo\u017cemy Ci znale\u017a\u0107 odpowiedni produkt.<\/p>","protected":false},"excerpt":{"rendered":"<p><span style=\"font-weight: 400\">\u00a0Wypr\u00f3buj Piatella Hash 40% CBD, idealny dla tych, kt\u00f3rzy chc\u0105 cieszy\u0107 si\u0119 s\u0142odkim i owocowym aromatem.<\/span><\/p>\n<ul>\n<li><strong>CBD<\/strong>40%, gwarantuj\u0105c wysok\u0105 intensywno\u015b\u0107.<\/li>\n<li><strong>Aromat <\/strong>z pikantnym akcentem przypominaj\u0105cym tradycyjne \u017cywice.<\/li>\n<li>100% legalne w Europie - mniej ni\u017c 0,3% THC.<\/li>\n<\/ul>\n<p>Analiza jako\u015bci: kliknij\u00a0<a href=\"https:\/\/iguanasmoke.com\/pl\/analityka\/\" target=\"_blank\" rel=\"noopener\">tutaj<\/a><\/p>","protected":false},"featured_media":81844,"comment_status":"open","ping_status":"closed","template":"","meta":{"_acf_changed":false,"site-sidebar-layout":"default","site-content-layout":"default","ast-site-content-layout":"default","site-content-style":"default","site-sidebar-style":"default","ast-global-header-display":"","ast-banner-title-visibility":"","ast-main-header-display":"","ast-hfb-above-header-display":"","ast-hfb-below-header-display":"","ast-hfb-mobile-header-display":"","site-post-title":"","ast-breadcrumbs-content":"","ast-featured-img":"","footer-sml-layout":"","theme-transparent-header-meta":"default","adv-header-id-meta":"","stick-header-meta":"","header-above-stick-meta":"","header-main-stick-meta":"","header-below-stick-meta":"","astra-migrate-meta-layouts":"set","ast-page-background-enabled":"default","ast-page-background-meta":{"desktop":{"background-color":"var(--ast-global-color-4)","background-image":"","background-repeat":"repeat","background-position":"center center","background-size":"auto","background-attachment":"scroll","background-type":"","background-media":"","overlay-type":"","overlay-color":"","overlay-opacity":"","overlay-gradient":""},"tablet":{"background-color":"","background-image":"","background-repeat":"repeat","background-position":"center center","background-size":"auto","background-attachment":"scroll","background-type":"","background-media":"","overlay-type":"","overlay-color":"","overlay-opacity":"","overlay-gradient":""},"mobile":{"background-color":"","background-image":"","background-repeat":"repeat","background-position":"center center","background-size":"auto","background-attachment":"scroll","background-type":"","background-media":"","overlay-type":"","overlay-color":"","overlay-opacity":"","overlay-gradient":""}},"ast-content-background-meta":{"desktop":{"background-color":"var(--ast-global-color-5)","background-image":"","background-repeat":"repeat","background-position":"center center","background-size":"auto","background-attachment":"scroll","background-type":"","background-media":"","overlay-type":"","overlay-color":"","overlay-opacity":"","overlay-gradient":""},"tablet":{"background-color":"var(--ast-global-color-5)","background-image":"","background-repeat":"repeat","background-position":"center center","background-size":"auto","background-attachment":"scroll","background-type":"","background-media":"","overlay-type":"","overlay-color":"","overlay-opacity":"","overlay-gradient":""},"mobile":{"background-color":"var(--ast-global-color-5)","background-image":"","background-repeat":"repeat","background-position":"center center","background-size":"auto","background-attachment":"scroll","background-type":"","background-media":"","overlay-type":"","overlay-color":"","overlay-opacity":"","overlay-gradient":""}}},"product_brand":[],"product_cat":[397],"product_tag":[],"class_list":{"0":"post-47836","1":"product","2":"type-product","3":"status-publish","4":"has-post-thumbnail","6":"product_cat-hash-cbd","7":"desktop-align-center","8":"tablet-align-center","9":"mobile-align-center","11":"first","12":"outofstock","13":"taxable","14":"shipping-taxable","15":"purchasable","16":"product-type-variable"},"acf":[],"yoast_head":"<!-- This site is optimized with the Yoast SEO Premium plugin v27.3 (Yoast SEO v27.3) - https:\/\/yoast.com\/product\/yoast-seo-premium-wordpress\/ -->\n<title>Hash CBD Piatella 40%: Hach\u00eds Premium Legal en Espa\u00f1a | Iguana Smoke<\/title>\n<meta name=\"description\" content=\"Eleva tu experiencia al comprar hach\u00eds CBD online: nuestro Hash CBD Piatella 40%, uno de los m\u00e1s premium del mercado, tu hash sin THC. \u00a1No esperes m\u00e1s!\" \/>\n<meta name=\"robots\" content=\"index, follow, max-snippet:-1, max-image-preview:large, max-video-preview:-1\" \/>\n<link rel=\"canonical\" href=\"https:\/\/iguanasmoke.com\/pl\/product-2\/hash-cbd-piatella-40\/\" \/>\n<meta property=\"og:locale\" content=\"pl_PL\" \/>\n<meta property=\"og:type\" content=\"article\" \/>\n<meta property=\"og:title\" content=\"Hash CBD Piatella 40%\" \/>\n<meta property=\"og:description\" content=\"\u00a0Prueba el Piatella Hash 40% CBD, perfecta para quienes quieren disfrutar de un aroma dulce y frutal.   CBD: 40%, garantizando una alta intensidad.  Aroma con un toque especiado que recuerda a las resinas tradicionales.  100% legal en Europa - menos del 0,3% THC.  An\u00e1lisis de calidad: pincha\u00a0aqu\u00ed\" \/>\n<meta property=\"og:url\" content=\"https:\/\/iguanasmoke.com\/pl\/product-2\/hash-cbd-piatella-40\/\" \/>\n<meta property=\"og:site_name\" content=\"Iguana Smoke\" \/>\n<meta property=\"article:publisher\" content=\"https:\/\/www.facebook.com\/iguanasmoke\" \/>\n<meta property=\"article:modified_time\" content=\"2026-04-15T08:37:27+00:00\" \/>\n<meta property=\"og:image\" content=\"https:\/\/iguanasmoke.com\/wp-content\/uploads\/2025\/01\/Piatella-2g-con-hash.webp\" \/>\n\t<meta property=\"og:image:width\" content=\"1000\" \/>\n\t<meta property=\"og:image:height\" content=\"1000\" \/>\n\t<meta property=\"og:image:type\" content=\"image\/webp\" \/>\n<meta name=\"twitter:card\" content=\"summary_large_image\" \/>\n<meta name=\"twitter:label1\" content=\"Dost\u0119pno\u015b\u0107\" \/>\n\t<meta name=\"twitter:data1\" content=\"Brak w magazynie\" \/>\n<meta property=\"product:brand\" content=\"variable\" \/>\n<meta property=\"og:availability\" content=\"out of stock\" \/>\n<meta property=\"product:availability\" content=\"out of stock\" \/>\n<meta property=\"product:condition\" content=\"new\" \/>\n<!-- \/ Yoast SEO Premium plugin. -->","yoast_head_json":{"title":"Hash CBD Piatella 40%: legalny haszysz premium w Hiszpanii : Iguana Smoke","description":"Podnie\u015b swoje do\u015bwiadczenie przy zakupie haszyszu CBD online: nasz CBD Hash Piatella 40%, jeden z najlepszych haszyszy CBD na rynku, Tw\u00f3j haszysz bez THC. Nie czekaj d\u0142u\u017cej!","robots":{"index":"index","follow":"follow","max-snippet":"max-snippet:-1","max-image-preview":"max-image-preview:large","max-video-preview":"max-video-preview:-1"},"canonical":"https:\/\/iguanasmoke.com\/pl\/product-2\/hash-cbd-piatella-40\/","og_locale":"pl_PL","og_type":"article","og_title":"Hash CBD Piatella 40%","og_description":"\u00a0Prueba el Piatella Hash 40% CBD, perfecta para quienes quieren disfrutar de un aroma dulce y frutal.   CBD: 40%, garantizando una alta intensidad.  Aroma con un toque especiado que recuerda a las resinas tradicionales.  100% legal en Europa - menos del 0,3% THC.  An\u00e1lisis de calidad: pincha\u00a0aqu\u00ed","og_url":"https:\/\/iguanasmoke.com\/pl\/product-2\/hash-cbd-piatella-40\/","og_site_name":"Iguana Smoke","article_publisher":"https:\/\/www.facebook.com\/iguanasmoke","article_modified_time":"2026-04-15T08:37:27+00:00","og_image":[{"width":1000,"height":1000,"url":"https:\/\/iguanasmoke.com\/wp-content\/uploads\/2025\/01\/Piatella-2g-con-hash.webp","type":"image\/webp"}],"twitter_card":"summary_large_image","twitter_misc":{"Dost\u0119pno\u015b\u0107":"Brak w magazynie"},"schema":{"@context":"https:\/\/schema.org","@graph":[{"@type":"WebPage","@id":"https:\/\/iguanasmoke.com\/producto\/hash-cbd-piatella-40\/","url":"https:\/\/iguanasmoke.com\/producto\/hash-cbd-piatella-40\/","name":"Hash CBD Piatella 40%: legalny haszysz premium w Hiszpanii : Iguana Smoke","isPartOf":{"@id":"https:\/\/iguanasmoke.com\/#website"},"primaryImageOfPage":{"@id":"https:\/\/iguanasmoke.com\/producto\/hash-cbd-piatella-40\/#primaryimage"},"image":{"@id":"https:\/\/iguanasmoke.com\/producto\/hash-cbd-piatella-40\/#primaryimage"},"thumbnailUrl":"https:\/\/iguanasmoke.com\/wp-content\/uploads\/2025\/01\/Piatella-2g-con-hash.webp","datePublished":"2025-01-14T20:03:09+00:00","dateModified":"2026-04-15T08:37:27+00:00","description":"Podnie\u015b swoje do\u015bwiadczenie przy zakupie haszyszu CBD online: nasz CBD Hash Piatella 40%, jeden z najlepszych haszyszy CBD na rynku, Tw\u00f3j haszysz bez THC. Nie czekaj d\u0142u\u017cej!","breadcrumb":{"@id":"https:\/\/iguanasmoke.com\/producto\/hash-cbd-piatella-40\/#breadcrumb"},"inLanguage":"pl-PL","potentialAction":[{"@type":"ReadAction","target":["https:\/\/iguanasmoke.com\/producto\/hash-cbd-piatella-40\/"]}]},{"@type":"ImageObject","inLanguage":"pl-PL","@id":"https:\/\/iguanasmoke.com\/producto\/hash-cbd-piatella-40\/#primaryimage","url":"https:\/\/iguanasmoke.com\/wp-content\/uploads\/2025\/01\/Piatella-2g-con-hash.webp","contentUrl":"https:\/\/iguanasmoke.com\/wp-content\/uploads\/2025\/01\/Piatella-2g-con-hash.webp","width":1000,"height":1000,"caption":"Hash CBD Piatella 2g"},{"@type":"BreadcrumbList","@id":"https:\/\/iguanasmoke.com\/producto\/hash-cbd-piatella-40\/#breadcrumb","itemListElement":[{"@type":"ListItem","position":1,"name":"home","item":"https:\/\/iguanasmoke.com\/"},{"@type":"ListItem","position":2,"name":"Tienda","item":"https:\/\/iguanasmoke.com\/tienda\/"},{"@type":"ListItem","position":3,"name":"Hash CBD","item":"https:\/\/iguanasmoke.com\/categoria\/hash-cbd\/"},{"@type":"ListItem","position":4,"name":"Hash CBD Piatella 40%"}]},{"@type":"WebSite","@id":"https:\/\/iguanasmoke.com\/#website","url":"https:\/\/iguanasmoke.com\/","name":"Iguana Smoke","description":"Kup CBD online w najlepszej cenie","publisher":{"@id":"https:\/\/iguanasmoke.com\/#organization"},"potentialAction":[{"@type":"SearchAction","target":{"@type":"EntryPoint","urlTemplate":"https:\/\/iguanasmoke.com\/?s={search_term_string}"},"query-input":{"@type":"PropertyValueSpecification","valueRequired":true,"valueName":"search_term_string"}}],"inLanguage":"pl-PL"},{"@type":"Organization","@id":"https:\/\/iguanasmoke.com\/#organization","name":"Iguana Smoke","url":"https:\/\/iguanasmoke.com\/","logo":{"@type":"ImageObject","inLanguage":"pl-PL","@id":"https:\/\/iguanasmoke.com\/#\/schema\/logo\/image\/","url":"https:\/\/iguanasmoke.com\/wp-content\/uploads\/2025\/01\/logoiguana-favi-1.png","contentUrl":"https:\/\/iguanasmoke.com\/wp-content\/uploads\/2025\/01\/logoiguana-favi-1.png","width":512,"height":512,"caption":"Iguana Smoke"},"image":{"@id":"https:\/\/iguanasmoke.com\/#\/schema\/logo\/image\/"},"sameAs":["https:\/\/www.facebook.com\/iguanasmoke","https:\/\/www.instagram.com\/iguanasmoke\/"]}]},"product_brand":"variable","og_availability":"out of stock","product_availability":"out of stock","product_condition":"new"},"_links":{"self":[{"href":"https:\/\/iguanasmoke.com\/pl\/wp-json\/wp\/v2\/product\/47836","targetHints":{"allow":["GET"]}}],"collection":[{"href":"https:\/\/iguanasmoke.com\/pl\/wp-json\/wp\/v2\/product"}],"about":[{"href":"https:\/\/iguanasmoke.com\/pl\/wp-json\/wp\/v2\/types\/product"}],"replies":[{"embeddable":true,"href":"https:\/\/iguanasmoke.com\/pl\/wp-json\/wp\/v2\/comments?post=47836"}],"wp:featuredmedia":[{"embeddable":true,"href":"https:\/\/iguanasmoke.com\/pl\/wp-json\/wp\/v2\/media\/81844"}],"wp:attachment":[{"href":"https:\/\/iguanasmoke.com\/pl\/wp-json\/wp\/v2\/media?parent=47836"}],"wp:term":[{"taxonomy":"product_brand","embeddable":true,"href":"https:\/\/iguanasmoke.com\/pl\/wp-json\/wp\/v2\/product_brand?post=47836"},{"taxonomy":"product_cat","embeddable":true,"href":"https:\/\/iguanasmoke.com\/pl\/wp-json\/wp\/v2\/product_cat?post=47836"},{"taxonomy":"product_tag","embeddable":true,"href":"https:\/\/iguanasmoke.com\/pl\/wp-json\/wp\/v2\/product_tag?post=47836"}],"curies":[{"name":"wp","href":"https:\/\/api.w.org\/{rel}","templated":true}]}}