{"id":47847,"date":"2025-01-14T21:18:17","date_gmt":"2025-01-14T20:18:17","guid":{"rendered":"https:\/\/iguanasmoke.com\/?post_type=product&#038;p=47847"},"modified":"2026-04-15T10:31:33","modified_gmt":"2026-04-15T08:31:33","slug":"hash-cbd-ice-60","status":"publish","type":"product","link":"https:\/\/iguanasmoke.com\/pl\/producto\/hash-cbd-ice-60\/","title":{"rendered":"Hash CBD Ice 90\u00b5 60%"},"content":{"rendered":"<h1><span style=\"font-weight: 400\">Hash CBD Ice90 <\/span>\u00b5 <span style=\"font-weight: 400\">60%: Czysta, r\u0119cznie wytwarzana jako\u015b\u0107<\/span><\/h1>\n<p><span style=\"font-weight: 400\">Ten haszysz jest idealny dla tych, kt\u00f3rzy ceni\u0105 sobie wysok\u0105 jako\u015b\u0107 wykonania i szukaj\u0105 produktu, kt\u00f3ry \u0142\u0105czy w sobie moc, aromat i smak. Sk\u0142ad <strong>Haszysz CBD <\/strong><strong>Ice90 \u00b5<\/strong> jest idealny zar\u00f3wno dla kolekcjoner\u00f3w, jak i mi\u0142o\u015bnik\u00f3w CBD szukaj\u0105cych czego\u015b bardziej wyselekcjonowanego. <\/span>Stworzony, aby zrewolucjonizowa\u0107 Twoje do\u015bwiadczenia <span style=\"font-weight: 400\"><strong>Haszysz CBD <\/strong><strong>Ice90 \u00b5<\/strong><\/span> jest wytwarzany przy u\u017cyciu 90-mikronowej siatki, skrupulatnej metody ekstrakcji, kt\u00f3ra wybiera najlepsze trichomy, oferuj\u0105c w ten spos\u00f3b produkt bogaty w naturalne terpeny, bez dodatk\u00f3w i chemikali\u00f3w.<\/p>\n<p><span style=\"font-weight: 400\">Jego \u0142agodny br\u0105zowy odcie\u0144, kt\u00f3ry zmienia kolor na z\u0142oty pod wp\u0142ywem ciep\u0142a, sprawia, \u017ce jest to idealny produkt pod wzgl\u0119dem jako\u015bci i estetyki.<\/span>Rezultatem jest czysty i skoncentrowany haszysz, cechy udoskonalone w Ice90 CBD Hash.<\/p>\n<p><span style=\"font-weight: 400\">To <strong>Haszysz CBD <\/strong><strong>Ice90 \u00b5 60%<\/strong> oferuje unikalny profil aromatyczny, a ze wzgl\u0119du na wysokie st\u0119\u017cenie CBD jest niezb\u0119dnym wyborem dla tych, kt\u00f3rzy szukaj\u0105 <strong>tani haszysz CBD<\/strong> ale pierwsza klasa.\u00a0<\/span><span style=\"font-weight: 400\">Zawiera r\u00f3wnie\u017c mniej ni\u017c 0,3% THC, wi\u0119c haszysz ten jest <strong>legalne w Hiszpanii i Europie<\/strong>. <\/span><\/p>\n<p><span style=\"font-weight: 400\">Poznaj jego konsystencj\u0119 i delektuj si\u0119 jego aromatami, do\u015bwiadcz prawdziwego luksusu CBD, kupuj\u0105c haszysz CBD online, taki jak <strong>Haszysz CBD <\/strong><strong>L\u00f3d 90\u00b5<\/strong>!<\/span><\/p>\n<p>&nbsp;<\/p>\n<h2>Charakterystyka Hash CBD Ice90 \u00b5:<\/h2>\n<ul>\n<li><b>Wygl\u0105d i tekstura: <span style=\"font-size: 16px;font-weight: 400\">cieszy\u0107 si\u0119 jego tekstur\u0105 <strong>wyj\u0105tkowy i \u0142agodny <\/strong>w palcach. Zauwa\u017cysz <strong>kryszta\u0142y \u017cywicy<\/strong>, Dzi\u0119ki temu wyr\u00f3\u017cnia si\u0119 na rynku i podkre\u015bla w\u0142a\u015bciwo\u015bci Hash CBD Ice90.<\/span><\/b><\/li>\n<li><span style=\"font-size: 16px;font-weight: 400\"><strong>Aromat i smak:<\/strong> wykwintne, podkre\u015blaj\u0105ce <strong>ziemiste nuty<\/strong> z <strong>\u015bwie\u017cy dotyk<\/strong> i subtelnie s\u0142odki, co mo\u017cna uzyska\u0107 tylko wtedy, gdy u\u017cywa si\u0119 konopi najlepszej jako\u015bci.\u00a0<\/span><\/li>\n<li><strong>Pochodzenie i czysto\u015b\u0107:<\/strong><span style=\"font-size: 16px;font-weight: 400\"> jest wytwarzany przy u\u017cyciu zaawansowanego procesu ekstrakcji kwiat\u00f3w konopi: <strong>przy u\u017cyciu siatki 90 mikron\u00f3w i wody z lodem<\/strong>, Zapewnia to, \u017ce tylko najczystsze g\u0142\u00f3wki trichom\u00f3w s\u0105 cz\u0119\u015bci\u0105 produktu ko\u0144cowego, pozostawiaj\u0105c materia\u0142 ro\u015blinny i inne niepo\u017c\u0105dane resztki.\u00a0<\/span><\/li>\n<\/ul>\n<h3><\/h3>\n<p>&nbsp;<\/p>\n<h3><b>Dlaczego warto kupi\u0107 <\/b>Hash CBD Ice 90\u00b5 <b>w Iguana Smoke?<\/b><\/h3>\n<p><span style=\"font-weight: 400\">W Iguana Smoke stawiamy na jako\u015b\u0107. Nasze produkty haszyszowe CBD s\u0105 100% naturalne i organiczne, bez chemikali\u00f3w i pestycyd\u00f3w. Oznacza to, \u017ce kupuj\u0105c u nas, wybierasz <strong>Czysta i bezpieczna \u017cywica CBD i haszysz<\/strong>. Podobnie jak w przypadku naszego <strong>Haszysz CBD <\/strong><strong>Ice90 \u00b5 60%<\/strong><strong>, <\/strong>jest ju\u017c znany jako jeden z najlepszych wybor\u00f3w w Hash CBD.<\/span><\/p>\n<p><span style=\"font-weight: 400\">To jest bezpieczne miejsce <strong>kupi\u0107 haszysz CBD online w Hiszpanii.<\/strong> Wszystkie nasze produkty s\u0105 zatwierdzone przez UE, co gwarantuje ich legalno\u015b\u0107 i bezpiecze\u0144stwo. Dzi\u0119ki zawarto\u015bci THC poni\u017cej 0,3 % mo\u017cesz cieszy\u0107 si\u0119 wieloma zaletami CBD bez efekt\u00f3w psychoaktywnych. Nasz <strong>Wolny od THC haszysz CBD o wysokiej zawarto\u015bci CBD<\/strong> spe\u0142nia standardy jako\u015bci, kt\u00f3rych analiz\u0119 mo\u017cna znale\u017a\u0107 pod adresem<\/span><span style=\"font-weight: 400\">\u00a0<a href=\"https:\/\/iguanasmoke.com\/pl\/analityka\/\">tutaj<\/a>.\u00a0<\/span><\/p>\n<p><em><span style=\"font-weight: 400\">*Uwaga: zgodnie z hiszpa\u0144skim prawem jest on przeznaczony do zbierania lub aromaterapii.\u00a0<\/span><\/em><\/p>\n<p><span style=\"font-weight: 400\">Co wi\u0119cej, je\u015bli lubisz nasze bardziej tradycyjne \u017cywice CBD, takie jak <a href=\"https:\/\/iguanasmoke.com\/pl\/product-2\/dry-sift-hash-cbd-15\/\">hash CBD Dry Sift<\/a> lub <a href=\"https:\/\/iguanasmoke.com\/pl\/product-2\/blonde-hash-cbd-20\/\">hash CBD Blonde<\/a>, ty, ty <\/span><span style=\"font-weight: 400\">zapewniamy, \u017ce <strong>Hash CBD <\/strong><strong>Ice90 \u00b5 60%<\/strong> pokochasz to. Nie zapomnij r\u00f3wnie\u017c wypr\u00f3bowa\u0107 innych <strong>TOP produkty<\/strong> jak <a href=\"https:\/\/iguanasmoke.com\/pl\/product-2\/vape-space-vape-e8h-red-berries\/\">Vape E8H 90%<\/a> lub <a href=\"https:\/\/iguanasmoke.com\/pl\/product-2\/vaper-cbd-iguana-pod-pocket-gelato-3ml\/\">CBD Gelato vape<\/a>. <\/span><span style=\"font-weight: 400\">Kr\u00f3tko m\u00f3wi\u0105c, poznaj nasze odmiany i znajd\u017a swoje ulubione, w tym wyj\u0105tkow\u0105 Hash CBD Ice90.<\/span><\/p>\n<p>&nbsp;<\/p>\n<h3><b>Iguana Smoke to synonim jako\u015bci i niezawodno\u015bci.<\/b><\/h3>\n<p><span style=\"font-weight: 400\">W Iguana Smoke wierzymy, \u017ce korzystanie z CBD powinno by\u0107 bezpiecznym i przyjemnym do\u015bwiadczeniem. Dlatego oferujemy produkty wysokiej jako\u015bci, kt\u00f3re \u0142\u0105cz\u0105 si\u0119 z nowymi pokoleniami: lud\u017ami, kt\u00f3rzy szukaj\u0105 nieskomplikowanego wellness, z autentycznymi i niezawodnymi markami. Pami\u0119taj, \u017ce wszystkie nasze produkty s\u0105 <strong>Haszysz CBD bez THC<\/strong>, takich jak <strong>Hash CBD <\/strong><strong>Ice90 \u00b5 60%.<\/strong><\/span><\/p>\n<p>Nasza misja jest jasna: dostarcza\u0107 najlepsze kannabinoidy w uczciwej cenie, ze spokojem wynikaj\u0105cym ze \u015bwiadomo\u015bci, \u017ce wybierasz certyfikowany, skuteczny i legalny produkt 100%. Jeste\u015bmy w czo\u0142\u00f3wce produkt\u00f3w CBD.<\/p>\n<p>Nadal masz w\u0105tpliwo\u015bci? Napisz do nas, a z przyjemno\u015bci\u0105 pomo\u017cemy Ci znale\u017a\u0107 odpowiedni produkt.<\/p>\n<p>&nbsp;<\/p>","protected":false},"excerpt":{"rendered":"<p>The <strong>Hash CBD Ice 90\u00b5<\/strong> Wyr\u00f3\u017cnia si\u0119 wyrafinowanym profilem aromatycznym, zapewniaj\u0105c g\u0142adkie, ale intensywne doznania, idealne dla tych, kt\u00f3rzy szukaj\u0105 czego\u015b wi\u0119cej:<\/p>\n<ul>\n<li><strong>Czysty haszysz CBD<\/strong>60% CBD i mniej ni\u017c 0,3 THC.<\/li>\n<li><strong>Rolnictwo ekologiczne.<\/strong><\/li>\n<li>100% legalny w Hiszpanii<\/li>\n<\/ul>\n<p>Analiza jako\u015bci: kliknij\u00a0<a href=\"https:\/\/iguanasmoke.com\/pl\/analityka\/\" target=\"_blank\" rel=\"noopener\">tutaj<\/a><\/p>","protected":false},"featured_media":81838,"comment_status":"open","ping_status":"closed","template":"","meta":{"_acf_changed":false,"site-sidebar-layout":"default","site-content-layout":"default","ast-site-content-layout":"default","site-content-style":"default","site-sidebar-style":"default","ast-global-header-display":"","ast-banner-title-visibility":"","ast-main-header-display":"","ast-hfb-above-header-display":"","ast-hfb-below-header-display":"","ast-hfb-mobile-header-display":"","site-post-title":"","ast-breadcrumbs-content":"","ast-featured-img":"","footer-sml-layout":"","theme-transparent-header-meta":"default","adv-header-id-meta":"","stick-header-meta":"","header-above-stick-meta":"","header-main-stick-meta":"","header-below-stick-meta":"","astra-migrate-meta-layouts":"set","ast-page-background-enabled":"default","ast-page-background-meta":{"desktop":{"background-color":"var(--ast-global-color-4)","background-image":"","background-repeat":"repeat","background-position":"center center","background-size":"auto","background-attachment":"scroll","background-type":"","background-media":"","overlay-type":"","overlay-color":"","overlay-opacity":"","overlay-gradient":""},"tablet":{"background-color":"","background-image":"","background-repeat":"repeat","background-position":"center center","background-size":"auto","background-attachment":"scroll","background-type":"","background-media":"","overlay-type":"","overlay-color":"","overlay-opacity":"","overlay-gradient":""},"mobile":{"background-color":"","background-image":"","background-repeat":"repeat","background-position":"center center","background-size":"auto","background-attachment":"scroll","background-type":"","background-media":"","overlay-type":"","overlay-color":"","overlay-opacity":"","overlay-gradient":""}},"ast-content-background-meta":{"desktop":{"background-color":"var(--ast-global-color-5)","background-image":"","background-repeat":"repeat","background-position":"center center","background-size":"auto","background-attachment":"scroll","background-type":"","background-media":"","overlay-type":"","overlay-color":"","overlay-opacity":"","overlay-gradient":""},"tablet":{"background-color":"var(--ast-global-color-5)","background-image":"","background-repeat":"repeat","background-position":"center center","background-size":"auto","background-attachment":"scroll","background-type":"","background-media":"","overlay-type":"","overlay-color":"","overlay-opacity":"","overlay-gradient":""},"mobile":{"background-color":"var(--ast-global-color-5)","background-image":"","background-repeat":"repeat","background-position":"center center","background-size":"auto","background-attachment":"scroll","background-type":"","background-media":"","overlay-type":"","overlay-color":"","overlay-opacity":"","overlay-gradient":""}}},"product_brand":[],"product_cat":[397],"product_tag":[],"class_list":{"0":"post-47847","1":"product","2":"type-product","3":"status-publish","4":"has-post-thumbnail","6":"product_cat-hash-cbd","7":"desktop-align-center","8":"tablet-align-center","9":"mobile-align-center","11":"first","12":"outofstock","13":"taxable","14":"shipping-taxable","15":"purchasable","16":"product-type-variable"},"acf":[],"yoast_head":"<!-- This site is optimized with the Yoast SEO Premium plugin v27.3 (Yoast SEO v27.3) - https:\/\/yoast.com\/product\/yoast-seo-premium-wordpress\/ -->\n<title>Hash CBD Ice90 \u00b5 60%: meloso y potente | Iguana Smoke<\/title>\n<meta name=\"description\" content=\"Compra Hash CBD Ice90 60%, la mejor calidad al mejor precio en Iguana Smoke. Compra hach\u00eds CBD online ahora y experimenta la relajaci\u00f3n que te ofrece.\" \/>\n<meta name=\"robots\" content=\"index, follow, max-snippet:-1, max-image-preview:large, max-video-preview:-1\" \/>\n<link rel=\"canonical\" href=\"https:\/\/iguanasmoke.com\/pl\/product-2\/hash-cbd-ice-60\/\" \/>\n<meta property=\"og:locale\" content=\"pl_PL\" \/>\n<meta property=\"og:type\" content=\"article\" \/>\n<meta property=\"og:title\" content=\"Hash CBD Ice 90\u00b5 60%\" \/>\n<meta property=\"og:description\" content=\"El Hash CBD Ice 90\u00b5 destaca por su perfil arom\u00e1tico sofisticado, proporcionando una experiencia suave pero intensa, ideal para quienes buscan algo m\u00e1s:   Hash de CBD puro: 60% de CBD y menos del 0,3 THC.  Cultivo org\u00e1nico.  100% legal en Espa\u00f1a  An\u00e1lisis de calidad: pincha\u00a0aqu\u00ed\" \/>\n<meta property=\"og:url\" content=\"https:\/\/iguanasmoke.com\/pl\/product-2\/hash-cbd-ice-60\/\" \/>\n<meta property=\"og:site_name\" content=\"Iguana Smoke\" \/>\n<meta property=\"article:publisher\" content=\"https:\/\/www.facebook.com\/iguanasmoke\" \/>\n<meta property=\"article:modified_time\" content=\"2026-04-15T08:31:33+00:00\" \/>\n<meta property=\"og:image\" content=\"https:\/\/iguanasmoke.com\/wp-content\/uploads\/2025\/01\/Ice-90-2g-con-hash.webp\" \/>\n\t<meta property=\"og:image:width\" content=\"1000\" \/>\n\t<meta property=\"og:image:height\" content=\"1000\" \/>\n\t<meta property=\"og:image:type\" content=\"image\/webp\" \/>\n<meta name=\"twitter:card\" content=\"summary_large_image\" \/>\n<meta name=\"twitter:label1\" content=\"Dost\u0119pno\u015b\u0107\" \/>\n\t<meta name=\"twitter:data1\" content=\"Brak w magazynie\" \/>\n<meta property=\"product:brand\" content=\"variable\" \/>\n<meta property=\"og:availability\" content=\"out of stock\" \/>\n<meta property=\"product:availability\" content=\"out of stock\" \/>\n<meta property=\"product:condition\" content=\"new\" \/>\n<!-- \/ Yoast SEO Premium plugin. -->","yoast_head_json":{"title":"Hash CBD Ice90 \u00b5 60%: \u0142agodny i mocny : Iguana Smoke","description":"Kup Hash CBD Ice90 60%, najlepsz\u0105 jako\u015b\u0107 w najlepszej cenie w Iguana Smoke. Kup haszysz CBD online ju\u017c teraz i do\u015bwiadcz oferowanego przez niego relaksu.","robots":{"index":"index","follow":"follow","max-snippet":"max-snippet:-1","max-image-preview":"max-image-preview:large","max-video-preview":"max-video-preview:-1"},"canonical":"https:\/\/iguanasmoke.com\/pl\/product-2\/hash-cbd-ice-60\/","og_locale":"pl_PL","og_type":"article","og_title":"Hash CBD Ice 90\u00b5 60%","og_description":"El Hash CBD Ice 90\u00b5 destaca por su perfil arom\u00e1tico sofisticado, proporcionando una experiencia suave pero intensa, ideal para quienes buscan algo m\u00e1s:   Hash de CBD puro: 60% de CBD y menos del 0,3 THC.  Cultivo org\u00e1nico.  100% legal en Espa\u00f1a  An\u00e1lisis de calidad: pincha\u00a0aqu\u00ed","og_url":"https:\/\/iguanasmoke.com\/pl\/product-2\/hash-cbd-ice-60\/","og_site_name":"Iguana Smoke","article_publisher":"https:\/\/www.facebook.com\/iguanasmoke","article_modified_time":"2026-04-15T08:31:33+00:00","og_image":[{"width":1000,"height":1000,"url":"https:\/\/iguanasmoke.com\/wp-content\/uploads\/2025\/01\/Ice-90-2g-con-hash.webp","type":"image\/webp"}],"twitter_card":"summary_large_image","twitter_misc":{"Dost\u0119pno\u015b\u0107":"Brak w magazynie"},"schema":{"@context":"https:\/\/schema.org","@graph":[{"@type":"WebPage","@id":"https:\/\/iguanasmoke.com\/producto\/hash-cbd-ice-60\/","url":"https:\/\/iguanasmoke.com\/producto\/hash-cbd-ice-60\/","name":"Hash CBD Ice90 \u00b5 60%: \u0142agodny i mocny : Iguana Smoke","isPartOf":{"@id":"https:\/\/iguanasmoke.com\/#website"},"primaryImageOfPage":{"@id":"https:\/\/iguanasmoke.com\/producto\/hash-cbd-ice-60\/#primaryimage"},"image":{"@id":"https:\/\/iguanasmoke.com\/producto\/hash-cbd-ice-60\/#primaryimage"},"thumbnailUrl":"https:\/\/iguanasmoke.com\/wp-content\/uploads\/2025\/01\/Ice-90-2g-con-hash.webp","datePublished":"2025-01-14T20:18:17+00:00","dateModified":"2026-04-15T08:31:33+00:00","description":"Kup Hash CBD Ice90 60%, najlepsz\u0105 jako\u015b\u0107 w najlepszej cenie w Iguana Smoke. Kup haszysz CBD online ju\u017c teraz i do\u015bwiadcz oferowanego przez niego relaksu.","breadcrumb":{"@id":"https:\/\/iguanasmoke.com\/producto\/hash-cbd-ice-60\/#breadcrumb"},"inLanguage":"pl-PL","potentialAction":[{"@type":"ReadAction","target":["https:\/\/iguanasmoke.com\/producto\/hash-cbd-ice-60\/"]}]},{"@type":"ImageObject","inLanguage":"pl-PL","@id":"https:\/\/iguanasmoke.com\/producto\/hash-cbd-ice-60\/#primaryimage","url":"https:\/\/iguanasmoke.com\/wp-content\/uploads\/2025\/01\/Ice-90-2g-con-hash.webp","contentUrl":"https:\/\/iguanasmoke.com\/wp-content\/uploads\/2025\/01\/Ice-90-2g-con-hash.webp","width":1000,"height":1000,"caption":"Hash CBD Ice90 2g"},{"@type":"BreadcrumbList","@id":"https:\/\/iguanasmoke.com\/producto\/hash-cbd-ice-60\/#breadcrumb","itemListElement":[{"@type":"ListItem","position":1,"name":"home","item":"https:\/\/iguanasmoke.com\/"},{"@type":"ListItem","position":2,"name":"Tienda","item":"https:\/\/iguanasmoke.com\/tienda\/"},{"@type":"ListItem","position":3,"name":"Hash CBD","item":"https:\/\/iguanasmoke.com\/categoria\/hash-cbd\/"},{"@type":"ListItem","position":4,"name":"Hash CBD Ice 90\u00b5 60%"}]},{"@type":"WebSite","@id":"https:\/\/iguanasmoke.com\/#website","url":"https:\/\/iguanasmoke.com\/","name":"Iguana Smoke","description":"Kup CBD online w najlepszej cenie","publisher":{"@id":"https:\/\/iguanasmoke.com\/#organization"},"potentialAction":[{"@type":"SearchAction","target":{"@type":"EntryPoint","urlTemplate":"https:\/\/iguanasmoke.com\/?s={search_term_string}"},"query-input":{"@type":"PropertyValueSpecification","valueRequired":true,"valueName":"search_term_string"}}],"inLanguage":"pl-PL"},{"@type":"Organization","@id":"https:\/\/iguanasmoke.com\/#organization","name":"Iguana Smoke","url":"https:\/\/iguanasmoke.com\/","logo":{"@type":"ImageObject","inLanguage":"pl-PL","@id":"https:\/\/iguanasmoke.com\/#\/schema\/logo\/image\/","url":"https:\/\/iguanasmoke.com\/wp-content\/uploads\/2025\/01\/logoiguana-favi-1.png","contentUrl":"https:\/\/iguanasmoke.com\/wp-content\/uploads\/2025\/01\/logoiguana-favi-1.png","width":512,"height":512,"caption":"Iguana Smoke"},"image":{"@id":"https:\/\/iguanasmoke.com\/#\/schema\/logo\/image\/"},"sameAs":["https:\/\/www.facebook.com\/iguanasmoke","https:\/\/www.instagram.com\/iguanasmoke\/"]}]},"product_brand":"variable","og_availability":"out of stock","product_availability":"out of stock","product_condition":"new"},"_links":{"self":[{"href":"https:\/\/iguanasmoke.com\/pl\/wp-json\/wp\/v2\/product\/47847","targetHints":{"allow":["GET"]}}],"collection":[{"href":"https:\/\/iguanasmoke.com\/pl\/wp-json\/wp\/v2\/product"}],"about":[{"href":"https:\/\/iguanasmoke.com\/pl\/wp-json\/wp\/v2\/types\/product"}],"replies":[{"embeddable":true,"href":"https:\/\/iguanasmoke.com\/pl\/wp-json\/wp\/v2\/comments?post=47847"}],"wp:featuredmedia":[{"embeddable":true,"href":"https:\/\/iguanasmoke.com\/pl\/wp-json\/wp\/v2\/media\/81838"}],"wp:attachment":[{"href":"https:\/\/iguanasmoke.com\/pl\/wp-json\/wp\/v2\/media?parent=47847"}],"wp:term":[{"taxonomy":"product_brand","embeddable":true,"href":"https:\/\/iguanasmoke.com\/pl\/wp-json\/wp\/v2\/product_brand?post=47847"},{"taxonomy":"product_cat","embeddable":true,"href":"https:\/\/iguanasmoke.com\/pl\/wp-json\/wp\/v2\/product_cat?post=47847"},{"taxonomy":"product_tag","embeddable":true,"href":"https:\/\/iguanasmoke.com\/pl\/wp-json\/wp\/v2\/product_tag?post=47847"}],"curies":[{"name":"wp","href":"https:\/\/api.w.org\/{rel}","templated":true}]}}