{"id":47853,"date":"2025-01-14T21:29:23","date_gmt":"2025-01-14T20:29:23","guid":{"rendered":"https:\/\/iguanasmoke.com\/?post_type=product&#038;p=47853"},"modified":"2026-03-20T11:31:49","modified_gmt":"2026-03-20T10:31:49","slug":"hash-cbd-dry-sift-15","status":"publish","type":"product","link":"https:\/\/iguanasmoke.com\/pl\/producto\/hash-cbd-dry-sift-15\/","title":{"rendered":"Hash CBD Dry Sift 15%"},"content":{"rendered":"<h1><span style=\"font-weight: 400;\">Hash CBD Dry Sift 15%: rzemie\u015blniczy haszysz CBD, na kt\u00f3ry zas\u0142ugujesz<\/span><\/h1>\n<p><span style=\"font-weight: 400;\">Zaprojektowany dla najbardziej wymagaj\u0105cych <strong>Hash CBD Dry Sift 15% <\/strong> to znacznie wi\u0119cej ni\u017c zwyk\u0142y haszysz. Jest to arcydzie\u0142o rzemie\u015blniczej ekstrakcji, zaprojektowane tak, aby oferowa\u0107 autentyczne i wzbogacaj\u0105ce doznania. Ten haszysz oferuje unikalne po\u0142\u0105czenie relaksuj\u0105cych w\u0142a\u015bciwo\u015bci z wyj\u0105tkowym aromatem: ma <strong>r\u0119cznie wykonane wyko\u0144czenie<\/strong> godny najbardziej do\u015bwiadczonych podniebie\u0144.<\/span><\/p>\n<p>Jest idealna dla tych, kt\u00f3rzy szukaj\u0105 autentyczno\u015bci i korzy\u015bci terapeutycznych dzi\u0119ki swojemu smakowi i doskona\u0142ej jako\u015bci. <strong>zr\u00f3wnowa\u017cone st\u0119\u017cenie CBD<\/strong>. <span style=\"font-weight: 400;\">Zawiera r\u00f3wnie\u017c mniej ni\u017c 0,3% THC, wi\u0119c haszysz ten jest <strong>legalne w Hiszpanii i Europie<\/strong>.<\/span><\/p>\n<p>To znacznie wi\u0119cej ni\u017c tylko haszysz CBD. To dzie\u0142o rzemios\u0142a, kt\u00f3re \u0142\u0105czy w sobie jako\u015b\u0107, czysto\u015b\u0107 i niezr\u00f3wnany aromat; wyj\u0105tkowy wyb\u00f3r na rynku. <span style=\"font-weight: 400;\"> Poznaj jego konsystencj\u0119 i delektuj si\u0119 jego aromatami! Odkryj, dlaczego <strong>haszysz CBD Dry Sift 15% <\/strong>jest jedn\u0105 z najbardziej autentycznych i najlepszej jako\u015bci \u017cywic, jakie mo\u017cna znale\u017a\u0107, je\u015bli chcesz <strong>tani haszysz CBD<\/strong> ale premium.<\/span><\/p>\n<p>&nbsp;<\/p>\n<h2>Charakterystyka suchego przesiewu Hash CBD:<\/h2>\n<ul>\n<li><b>Wygl\u0105d i tekstura: <span style=\"font-size: 16px; font-weight: 400;\">wyr\u00f3\u017cnia si\u0119 <strong>Jedwabi\u015bcie g\u0142adka konsystencja<\/strong>. Ma jasnoz\u0142oty kolor i bardzo przyjemny smak.<strong>krusz\u0105ce si\u0119 wsparcie<\/strong> kt\u00f3ry u\u0142atwia przyjemne u\u017cytkowanie, odzwierciedlaj\u0105c staranno\u015b\u0107 i precyzj\u0119 wykonania. W tym <span style=\"font-weight: 400;\">mo\u017cna zobaczy\u0107 <strong>ma\u0142e kryszta\u0142y \u017cywicy<\/strong>, znak, \u017ce jest pe\u0142na wysokiej jako\u015bci kannabinoid\u00f3w i terpen\u00f3w.<\/span><\/span><\/b><\/li>\n<li><span style=\"font-size: 16px; font-weight: 400;\"><strong>Aromat i smak:<\/strong> g\u0142\u0119boki i naturalny; z akcentami <strong>ziemiste i cytrusowe aromaty<\/strong>.<\/span><\/li>\n<li><strong>Pochodzenie i czysto\u015b\u0107:<\/strong><span style=\"font-size: 16px; font-weight: 400;\"> <strong><span style=\"font-weight: 400;\">Wszystko zaczyna si\u0119 od metody ekstrakcji haszyszu, kt\u00f3ra jest wykonywana przez <strong>przesiewanie na sucho<\/strong> o nazwie \u201cDry-Sift\u201d. Jest to rzemie\u015blniczy spos\u00f3b <strong>oddzielanie najczystszych kryszta\u0142\u00f3w<\/strong> z ro\u015bliny konopi. Drobne oczka s\u0105 u\u017cywane do uzyskania \u017cywicy o g\u0142adkiej teksturze, intensywnym aromacie i niezr\u00f3wnanej czysto\u015bci.<\/span><\/strong><\/span><\/li>\n<\/ul>\n<p>&nbsp;<\/p>\n<h3><b>Dlaczego warto kupowa\u0107 haszysz CBD Dry Sift od Iguana Smoke?<\/b><\/h3>\n<p><span style=\"font-weight: 400;\">W Iguana Smoke stawiamy na jako\u015b\u0107. Nasze \u017cywice haszyszowe CBD s\u0105 100% naturalne i organiczne, bez chemikali\u00f3w i pestycyd\u00f3w. Oznacza to, \u017ce kupuj\u0105c u nas, wybierasz <strong>Czysta i bezpieczna \u017cywica CBD i haszysz<\/strong>. Podobnie jak w przypadku naszego <strong>haszysz CBD Dry Sift 15%<\/strong><strong>.<\/strong><\/span><\/p>\n<p><span style=\"font-weight: 400;\">To jest bezpieczne miejsce <strong>kupi\u0107 haszysz CBD online w Hiszpanii.<\/strong> Wszystkie nasze produkty s\u0105 zatwierdzone przez UE, co gwarantuje ich legalno\u015b\u0107 i bezpiecze\u0144stwo. Dzi\u0119ki zawarto\u015bci THC poni\u017cej 0,3 % mo\u017cesz cieszy\u0107 si\u0119 wieloma zaletami CBD bez efekt\u00f3w psychoaktywnych. Nasz <strong>Wolny od THC haszysz CBD o wysokiej zawarto\u015bci CBD<\/strong> spe\u0142nia standardy jako\u015bci, kt\u00f3rych analiz\u0119 mo\u017cna znale\u017a\u0107 pod adresem<\/span><span style=\"font-weight: 400;\">\u00a0<a href=\"https:\/\/iguanasmoke.com\/pl\/analityka\/\">tutaj<\/a>.\u00a0<\/span><\/p>\n<p><em><span style=\"font-weight: 400;\">*Uwaga: zgodnie z hiszpa\u0144skim prawem jest on przeznaczony do zbierania lub aromaterapii.\u00a0<\/span><\/em><\/p>\n<p><span style=\"font-weight: 400;\">Co wi\u0119cej, je\u015bli lubisz nasze bardziej tradycyjne \u017cywice CBD, takie jak <a href=\"https:\/\/iguanasmoke.com\/pl\/product-2\/golden-hash-cbd-20\/\">hash CBD Blonde<\/a> lub <a href=\"https:\/\/iguanasmoke.com\/pl\/product-2\/potrojnie-filtrowany-haszysz-cbd\/\">hash CBD potr\u00f3jnie filtrowany<\/a>, ty, ty <\/span><span style=\"font-weight: 400;\">zapewniamy, \u017ce <strong>Hash CBD Dry Sift<\/strong> sprawi, \u017ce b\u0119dziesz si\u0119 dobrze bawi\u0107. Nie zapomnij r\u00f3wnie\u017c wypr\u00f3bowa\u0107 innych <strong>TOP produkty<\/strong> jako <a href=\"https:\/\/iguanasmoke.com\/pl\/product-2\/diamenty-cbd-98-z-zywymi-terpenami\/\">Ekstrakt z diament\u00f3w<\/a> lub <a href=\"https:\/\/iguanasmoke.com\/pl\/product-2\/vaper-cbd-iguana-pod-pocket-watermelon-3ml\/\">Vaper CBD Watermelon<\/a>. <\/span><span style=\"font-weight: 400;\">Kr\u00f3tko m\u00f3wi\u0105c, poznaj nasz\u0105 r\u00f3\u017cnorodno\u015b\u0107 i znajd\u017a swoje ulubione ju\u017c teraz.\u00a0<\/span><\/p>\n<p>&nbsp;<\/p>\n<h3><b>Iguana Smoke to synonim jako\u015bci i niezawodno\u015bci.<\/b><\/h3>\n<p><span style=\"font-weight: 400;\">W Iguana Smoke wierzymy, \u017ce korzystanie z CBD powinno by\u0107 bezpiecznym i przyjemnym do\u015bwiadczeniem. Dlatego oferujemy produkty wysokiej jako\u015bci, kt\u00f3re \u0142\u0105cz\u0105 si\u0119 z nowymi pokoleniami: lud\u017ami, kt\u00f3rzy szukaj\u0105 nieskomplikowanego wellness, z autentycznymi i niezawodnymi markami. Pami\u0119taj, \u017ce wszystkie nasze produkty s\u0105 <strong>Haszysz CBD bez THC<\/strong>, takich jak <strong>Hash CBD Dry Sift 15%<\/strong><strong>\u00a0<\/strong>zamierzasz spr\u00f3bowa\u0107.<\/span><\/p>\n<p>Nasza misja jest jasna: dostarcza\u0107 najlepsze kannabinoidy w uczciwej cenie, ze spokojem wynikaj\u0105cym ze \u015bwiadomo\u015bci, \u017ce wybierasz certyfikowany, skuteczny i legalny produkt 100%. Jeste\u015bmy w czo\u0142\u00f3wce produkt\u00f3w CBD.<\/p>\n<p>Nadal masz w\u0105tpliwo\u015bci? Napisz do nas, a z przyjemno\u015bci\u0105 pomo\u017cemy Ci znale\u017a\u0107 odpowiedni produkt.<\/p>","protected":false},"excerpt":{"rendered":"<p>Wypr\u00f3buj teraz Dry Sift Hash 15% CBD, wyj\u0105tkow\u0105 \u017cywic\u0119 CBD o specjalnym aromacie.<\/p>\n<ul>\n<li><strong>Maksymalna czysto\u015b\u0107: <\/strong>St\u0119\u017cenie CBD 15% i THC &lt;0,3%.<\/li>\n<li>100% legalny w Europie<\/li>\n<\/ul>\n<p>Analiza jako\u015bci: kliknij\u00a0<a href=\"https:\/\/iguanasmoke.com\/pl\/analityka\/\" target=\"_blank\" rel=\"noopener\">tutaj<\/a><\/p>","protected":false},"featured_media":81831,"comment_status":"open","ping_status":"closed","template":"","meta":{"_acf_changed":false,"site-sidebar-layout":"default","site-content-layout":"default","ast-site-content-layout":"default","site-content-style":"default","site-sidebar-style":"default","ast-global-header-display":"","ast-banner-title-visibility":"","ast-main-header-display":"","ast-hfb-above-header-display":"","ast-hfb-below-header-display":"","ast-hfb-mobile-header-display":"","site-post-title":"","ast-breadcrumbs-content":"","ast-featured-img":"","footer-sml-layout":"","theme-transparent-header-meta":"default","adv-header-id-meta":"","stick-header-meta":"","header-above-stick-meta":"","header-main-stick-meta":"","header-below-stick-meta":"","astra-migrate-meta-layouts":"set","ast-page-background-enabled":"default","ast-page-background-meta":{"desktop":{"background-color":"var(--ast-global-color-4)","background-image":"","background-repeat":"repeat","background-position":"center center","background-size":"auto","background-attachment":"scroll","background-type":"","background-media":"","overlay-type":"","overlay-color":"","overlay-opacity":"","overlay-gradient":""},"tablet":{"background-color":"","background-image":"","background-repeat":"repeat","background-position":"center center","background-size":"auto","background-attachment":"scroll","background-type":"","background-media":"","overlay-type":"","overlay-color":"","overlay-opacity":"","overlay-gradient":""},"mobile":{"background-color":"","background-image":"","background-repeat":"repeat","background-position":"center center","background-size":"auto","background-attachment":"scroll","background-type":"","background-media":"","overlay-type":"","overlay-color":"","overlay-opacity":"","overlay-gradient":""}},"ast-content-background-meta":{"desktop":{"background-color":"var(--ast-global-color-5)","background-image":"","background-repeat":"repeat","background-position":"center center","background-size":"auto","background-attachment":"scroll","background-type":"","background-media":"","overlay-type":"","overlay-color":"","overlay-opacity":"","overlay-gradient":""},"tablet":{"background-color":"var(--ast-global-color-5)","background-image":"","background-repeat":"repeat","background-position":"center center","background-size":"auto","background-attachment":"scroll","background-type":"","background-media":"","overlay-type":"","overlay-color":"","overlay-opacity":"","overlay-gradient":""},"mobile":{"background-color":"var(--ast-global-color-5)","background-image":"","background-repeat":"repeat","background-position":"center center","background-size":"auto","background-attachment":"scroll","background-type":"","background-media":"","overlay-type":"","overlay-color":"","overlay-opacity":"","overlay-gradient":""}}},"product_brand":[],"product_cat":[397],"product_tag":[],"class_list":{"0":"post-47853","1":"product","2":"type-product","3":"status-publish","4":"has-post-thumbnail","6":"product_cat-hash-cbd","7":"desktop-align-center","8":"tablet-align-center","9":"mobile-align-center","11":"first","12":"instock","13":"taxable","14":"shipping-taxable","15":"purchasable","16":"product-type-variable"},"acf":[],"yoast_head":"<!-- This site is optimized with the Yoast SEO Premium plugin v27.3 (Yoast SEO v27.3) - https:\/\/yoast.com\/product\/yoast-seo-premium-wordpress\/ -->\n<title>Hash CBD Dry Sift 15%: obra maestra artesanal | Iguana Smoke<\/title>\n<meta name=\"description\" content=\"Obt\u00e9n el aut\u00e9ntico sabor del Hash CBD Dry Sift 15%, rico en terpenos naturales y sin impurezas. Opta por la calidad y compra hach\u00eds CBD barato online ahora.\" \/>\n<meta name=\"robots\" content=\"index, follow, max-snippet:-1, max-image-preview:large, max-video-preview:-1\" \/>\n<link rel=\"canonical\" href=\"https:\/\/iguanasmoke.com\/pl\/product-2\/hash-cbd-dry-sift-15\/\" \/>\n<meta property=\"og:locale\" content=\"pl_PL\" \/>\n<meta property=\"og:type\" content=\"article\" \/>\n<meta property=\"og:title\" content=\"Hash CBD Dry Sift 15%\" \/>\n<meta property=\"og:description\" content=\"Prueba ahora el Dry Sift Hash 15% CBD, una resina CBD \u00fanica con un aroma especial.   Pureza m\u00e1xima: concentraci\u00f3n CBD 15% y THC &lt;0,3%.  100% legal en Europa  An\u00e1lisis de calidad: pincha\u00a0aqu\u00ed\" \/>\n<meta property=\"og:url\" content=\"https:\/\/iguanasmoke.com\/pl\/product-2\/hash-cbd-dry-sift-15\/\" \/>\n<meta property=\"og:site_name\" content=\"Iguana Smoke\" \/>\n<meta property=\"article:publisher\" content=\"https:\/\/www.facebook.com\/iguanasmoke\" \/>\n<meta property=\"article:modified_time\" content=\"2026-03-20T10:31:49+00:00\" \/>\n<meta property=\"og:image\" content=\"https:\/\/iguanasmoke.com\/wp-content\/uploads\/2025\/01\/Dry-sift-2g-con-hash.webp\" \/>\n\t<meta property=\"og:image:width\" content=\"1000\" \/>\n\t<meta property=\"og:image:height\" content=\"1000\" \/>\n\t<meta property=\"og:image:type\" content=\"image\/webp\" \/>\n<meta name=\"twitter:card\" content=\"summary_large_image\" \/>\n<meta name=\"twitter:label1\" content=\"Dost\u0119pno\u015b\u0107\" \/>\n\t<meta name=\"twitter:data1\" content=\"Dost\u0119pny\" \/>\n<meta property=\"product:brand\" content=\"variable\" \/>\n<meta property=\"og:availability\" content=\"instock\" \/>\n<meta property=\"product:availability\" content=\"instock\" \/>\n<meta property=\"product:condition\" content=\"new\" \/>\n<!-- \/ Yoast SEO Premium plugin. -->","yoast_head_json":{"title":"Hash CBD Dry Sift 15%: r\u0119cznie wykonane arcydzie\u0142o : Iguana Smoke","description":"Uzyskaj autentyczny smak Dry Sift 15% CBD Hash, bogaty w naturalne terpeny i wolny od zanieczyszcze\u0144. Postaw na jako\u015b\u0107 i kup tani haszysz CBD online ju\u017c teraz.","robots":{"index":"index","follow":"follow","max-snippet":"max-snippet:-1","max-image-preview":"max-image-preview:large","max-video-preview":"max-video-preview:-1"},"canonical":"https:\/\/iguanasmoke.com\/pl\/product-2\/hash-cbd-dry-sift-15\/","og_locale":"pl_PL","og_type":"article","og_title":"Hash CBD Dry Sift 15%","og_description":"Prueba ahora el Dry Sift Hash 15% CBD, una resina CBD \u00fanica con un aroma especial.   Pureza m\u00e1xima: concentraci\u00f3n CBD 15% y THC &lt;0,3%.  100% legal en Europa  An\u00e1lisis de calidad: pincha\u00a0aqu\u00ed","og_url":"https:\/\/iguanasmoke.com\/pl\/product-2\/hash-cbd-dry-sift-15\/","og_site_name":"Iguana Smoke","article_publisher":"https:\/\/www.facebook.com\/iguanasmoke","article_modified_time":"2026-03-20T10:31:49+00:00","og_image":[{"width":1000,"height":1000,"url":"https:\/\/iguanasmoke.com\/wp-content\/uploads\/2025\/01\/Dry-sift-2g-con-hash.webp","type":"image\/webp"}],"twitter_card":"summary_large_image","twitter_misc":{"Dost\u0119pno\u015b\u0107":"Dost\u0119pny"},"schema":{"@context":"https:\/\/schema.org","@graph":[{"@type":"WebPage","@id":"https:\/\/iguanasmoke.com\/producto\/hash-cbd-dry-sift-15\/","url":"https:\/\/iguanasmoke.com\/producto\/hash-cbd-dry-sift-15\/","name":"Hash CBD Dry Sift 15%: r\u0119cznie wykonane arcydzie\u0142o : Iguana Smoke","isPartOf":{"@id":"https:\/\/iguanasmoke.com\/#website"},"primaryImageOfPage":{"@id":"https:\/\/iguanasmoke.com\/producto\/hash-cbd-dry-sift-15\/#primaryimage"},"image":{"@id":"https:\/\/iguanasmoke.com\/producto\/hash-cbd-dry-sift-15\/#primaryimage"},"thumbnailUrl":"https:\/\/iguanasmoke.com\/wp-content\/uploads\/2025\/01\/Dry-sift-2g-con-hash.webp","datePublished":"2025-01-14T20:29:23+00:00","dateModified":"2026-03-20T10:31:49+00:00","description":"Uzyskaj autentyczny smak Dry Sift 15% CBD Hash, bogaty w naturalne terpeny i wolny od zanieczyszcze\u0144. Postaw na jako\u015b\u0107 i kup tani haszysz CBD online ju\u017c teraz.","breadcrumb":{"@id":"https:\/\/iguanasmoke.com\/producto\/hash-cbd-dry-sift-15\/#breadcrumb"},"inLanguage":"pl-PL","potentialAction":[{"@type":"ReadAction","target":["https:\/\/iguanasmoke.com\/producto\/hash-cbd-dry-sift-15\/"]}]},{"@type":"ImageObject","inLanguage":"pl-PL","@id":"https:\/\/iguanasmoke.com\/producto\/hash-cbd-dry-sift-15\/#primaryimage","url":"https:\/\/iguanasmoke.com\/wp-content\/uploads\/2025\/01\/Dry-sift-2g-con-hash.webp","contentUrl":"https:\/\/iguanasmoke.com\/wp-content\/uploads\/2025\/01\/Dry-sift-2g-con-hash.webp","width":1000,"height":1000,"caption":"Hash CBD Dry Sift 2g"},{"@type":"BreadcrumbList","@id":"https:\/\/iguanasmoke.com\/producto\/hash-cbd-dry-sift-15\/#breadcrumb","itemListElement":[{"@type":"ListItem","position":1,"name":"home","item":"https:\/\/iguanasmoke.com\/"},{"@type":"ListItem","position":2,"name":"Tienda","item":"https:\/\/iguanasmoke.com\/tienda\/"},{"@type":"ListItem","position":3,"name":"Hash CBD","item":"https:\/\/iguanasmoke.com\/categoria\/hash-cbd\/"},{"@type":"ListItem","position":4,"name":"Hash CBD Dry Sift 15%"}]},{"@type":"WebSite","@id":"https:\/\/iguanasmoke.com\/#website","url":"https:\/\/iguanasmoke.com\/","name":"Iguana Smoke","description":"Kup CBD online w najlepszej cenie","publisher":{"@id":"https:\/\/iguanasmoke.com\/#organization"},"potentialAction":[{"@type":"SearchAction","target":{"@type":"EntryPoint","urlTemplate":"https:\/\/iguanasmoke.com\/?s={search_term_string}"},"query-input":{"@type":"PropertyValueSpecification","valueRequired":true,"valueName":"search_term_string"}}],"inLanguage":"pl-PL"},{"@type":"Organization","@id":"https:\/\/iguanasmoke.com\/#organization","name":"Iguana Smoke","url":"https:\/\/iguanasmoke.com\/","logo":{"@type":"ImageObject","inLanguage":"pl-PL","@id":"https:\/\/iguanasmoke.com\/#\/schema\/logo\/image\/","url":"https:\/\/iguanasmoke.com\/wp-content\/uploads\/2025\/01\/logoiguana-favi-1.png","contentUrl":"https:\/\/iguanasmoke.com\/wp-content\/uploads\/2025\/01\/logoiguana-favi-1.png","width":512,"height":512,"caption":"Iguana Smoke"},"image":{"@id":"https:\/\/iguanasmoke.com\/#\/schema\/logo\/image\/"},"sameAs":["https:\/\/www.facebook.com\/iguanasmoke","https:\/\/www.instagram.com\/iguanasmoke\/"]}]},"product_brand":"variable","og_availability":"instock","product_availability":"instock","product_condition":"new"},"_links":{"self":[{"href":"https:\/\/iguanasmoke.com\/pl\/wp-json\/wp\/v2\/product\/47853","targetHints":{"allow":["GET"]}}],"collection":[{"href":"https:\/\/iguanasmoke.com\/pl\/wp-json\/wp\/v2\/product"}],"about":[{"href":"https:\/\/iguanasmoke.com\/pl\/wp-json\/wp\/v2\/types\/product"}],"replies":[{"embeddable":true,"href":"https:\/\/iguanasmoke.com\/pl\/wp-json\/wp\/v2\/comments?post=47853"}],"wp:featuredmedia":[{"embeddable":true,"href":"https:\/\/iguanasmoke.com\/pl\/wp-json\/wp\/v2\/media\/81831"}],"wp:attachment":[{"href":"https:\/\/iguanasmoke.com\/pl\/wp-json\/wp\/v2\/media?parent=47853"}],"wp:term":[{"taxonomy":"product_brand","embeddable":true,"href":"https:\/\/iguanasmoke.com\/pl\/wp-json\/wp\/v2\/product_brand?post=47853"},{"taxonomy":"product_cat","embeddable":true,"href":"https:\/\/iguanasmoke.com\/pl\/wp-json\/wp\/v2\/product_cat?post=47853"},{"taxonomy":"product_tag","embeddable":true,"href":"https:\/\/iguanasmoke.com\/pl\/wp-json\/wp\/v2\/product_tag?post=47853"}],"curies":[{"name":"wp","href":"https:\/\/api.w.org\/{rel}","templated":true}]}}