{"id":48234,"date":"2025-01-20T16:04:43","date_gmt":"2025-01-20T15:04:43","guid":{"rendered":"https:\/\/iguanasmoke.com\/?post_type=product&#038;p=48234"},"modified":"2026-04-30T16:38:01","modified_gmt":"2026-04-30T14:38:01","slug":"kwiat-cbd-3gr","status":"publish","type":"product","link":"https:\/\/iguanasmoke.com\/pl\/producto\/flor-cbd-3gr\/","title":{"rendered":"Kwiat CBD 3g"},"content":{"rendered":"<h1 data-section-id=\"lda5ve\" data-start=\"0\" data-end=\"65\">Kupowanie CBD i kupowanie kwiat\u00f3w CBD: Kompletny przewodnik i korzy\u015bci<\/h1>\n<h2 data-section-id=\"dgdy22\" data-start=\"67\" data-end=\"126\">Czym jest CBD i dlaczego rewolucjonizuje rynek?<\/h2>\n<p data-start=\"128\" data-end=\"471\">CBD (kannabidiol) sta\u0142o si\u0119 jednym z najbardziej poszukiwanych zwi\u0105zk\u00f3w konopi dzi\u0119ki swojej zdolno\u015bci do zapewniania dobrego samopoczucia bez efekt\u00f3w psychoaktywnych. W przeciwie\u0144stwie do THC, CBD nie powoduje odurzenia, co czyni go idealnym wyborem dla os\u00f3b poszukuj\u0105cych relaksu, r\u00f3wnowagi psychicznej i wsparcia fizycznego bez zmieniania \u015bwiadomo\u015bci.<\/p>\n<p data-start=\"473\" data-end=\"662\">Coraz wi\u0119cej u\u017cytkownik\u00f3w decyduje si\u0119 <strong data-start=\"503\" data-end=\"518\">kupi\u0107 CBD<\/strong> jako cz\u0119\u015b\u0107 swojej codziennej rutyny, czy to w celu zmniejszenia stresu, poprawy snu, czy po prostu odci\u0119cia si\u0119 od szybkiego tempa codziennego \u017cycia.<\/p>\n<h2 data-section-id=\"nahoy3\" data-start=\"669\" data-end=\"739\">Kupowanie kwiat\u00f3w CBD: najnaturalniejszy spos\u00f3b na spo\u017cywanie kannabidiolu<\/h2>\n<p data-start=\"741\" data-end=\"992\">Kwiaty konopi bogate w kannabidiol stanowi\u0105 najczystsz\u0105 opcj\u0119 spo\u017cywania tego zwi\u0105zku. Pochodz\u0105ce bezpo\u015brednio z ro\u015bliny, zachowuj\u0105 nienaruszone profile terpenowe, oferuj\u0105c intensywne aromaty i pe\u0142ne doznania zmys\u0142owe.<\/p>\n<h3 data-section-id=\"1peq1ir\" data-start=\"994\" data-end=\"1029\">Dlaczego warto kupowa\u0107 kwiaty CBD?<\/h3>\n<ul data-start=\"1031\" data-end=\"1316\">\n<li data-section-id=\"sniicb\" data-start=\"1031\" data-end=\"1089\"><strong data-start=\"1036\" data-end=\"1054\">Naturalne pochodzenie<\/strong>Bez agresywnych proces\u00f3w chemicznych<\/li>\n<li data-section-id=\"iyba79\" data-start=\"1090\" data-end=\"1164\"><strong data-start=\"1095\" data-end=\"1122\">Unikalne aromaty i smaki<\/strong>: profile owocowe, cytrusowe lub ziemiste<\/li>\n<li data-section-id=\"ouf8vw\" data-start=\"1165\" data-end=\"1239\"><strong data-start=\"1170\" data-end=\"1195\">Wysoka zawarto\u015b\u0107 CBD<\/strong>Maksymalna skuteczno\u015b\u0107 bez efekt\u00f3w psychoaktywnych<\/li>\n<li data-section-id=\"k52m2f\" data-start=\"1240\" data-end=\"1316\"><strong data-start=\"1245\" data-end=\"1268\">Wszechstronno\u015b\u0107 zastosowania<\/strong>Idealne do waporyzacji lub spo\u017cycia w formie naparu<\/li>\n<\/ul>\n<p data-start=\"1318\" data-end=\"1449\">Je\u015bli my\u015blisz o <strong data-start=\"1339\" data-end=\"1364\">kupi\u0107 kwiaty CBD<\/strong>, wyb\u00f3r wysokiej jako\u015bci produkt\u00f3w jest kluczowy dla zapewnienia satysfakcjonuj\u0105cych do\u015bwiadcze\u0144.<\/p>\n<h2 data-section-id=\"xaz7p7\" data-start=\"1456\" data-end=\"1512\">Iguana Smoke: Twoja najlepsza opcja na zakup CBD online<\/h2>\n<p data-start=\"1514\" data-end=\"1727\">W Iguana Smoke pracujemy z jasno okre\u015blonym celem: oferowa\u0107 produkty premium tym, kt\u00f3rzy szukaj\u0105 <strong data-start=\"1607\" data-end=\"1622\">kupi\u0107 CBD<\/strong> z pe\u0142nym zaufaniem. Nasz katalog kwiat\u00f3w CBD wyr\u00f3\u017cnia si\u0119 jako\u015bci\u0105, legalno\u015bci\u0105 i autentyczno\u015bci\u0105.<\/p>\n<h3 data-section-id=\"g93vnn\" data-start=\"1729\" data-end=\"1760\">Gwarantowana wysoka jako\u015b\u0107<\/h3>\n<p data-start=\"1762\" data-end=\"1933\">Nasze kwiaty uprawiane s\u0105 w kontrolowanych warunkach, wolnych od pestycyd\u00f3w i szkodliwych chemikali\u00f3w. Gwarantuje to czysty, bezpieczny i przyjazny dla \u015brodowiska produkt.<\/p>\n<h3 data-section-id=\"1ws0afx\" data-start=\"1935\" data-end=\"1972\">Wyj\u0105tkowe profile aromatyczne<\/h3>\n<p data-start=\"1974\" data-end=\"2102\">Ka\u017cda odmiana posiada unikalny profil terpenowy, zapewniaj\u0105cy inne doznania zmys\u0142owe, w zale\u017cno\u015bci od preferencji.<\/p>\n<h3 data-section-id=\"xqhqae\" data-start=\"2104\" data-end=\"2131\">CBD legalne i certyfikowane<\/h3>\n<p data-start=\"2133\" data-end=\"2297\">Wszystkie nasze kwiaty spe\u0142niaj\u0105 normy Unii Europejskiej, z zawarto\u015bci\u0105 THC poni\u017cej 0,2%, co zapewnia ca\u0142kowicie legalne spo\u017cycie bez efekt\u00f3w psychoaktywnych.<\/p>\n<h2 data-section-id=\"hwe740\" data-start=\"2304\" data-end=\"2356\">Zalety zakupu kwiat\u00f3w CBD w Iguana Smoke<\/h2>\n<p data-start=\"2358\" data-end=\"2452\">Dobry wyb\u00f3r miejsca <strong data-start=\"2376\" data-end=\"2401\">kupi\u0107 kwiaty CBD<\/strong> zr\u00f3b r\u00f3\u017cnic\u0119. W Iguana Smoke oferujemy Ci:<\/p>\n<ul data-start=\"2454\" data-end=\"2610\">\n<li data-section-id=\"jt6wfs\" data-start=\"2454\" data-end=\"2494\">\u2714\ufe0f Szeroki wyb\u00f3r kwiat\u00f3w premium<\/li>\n<li data-section-id=\"1f6pq0m\" data-start=\"2495\" data-end=\"2528\">Szybka i dyskretna wysy\u0142ka<\/li>\n<li data-section-id=\"vcisk\" data-start=\"2529\" data-end=\"2569\">\u2714\ufe0f Spersonalizowana obs\u0142uga klienta<\/li>\n<li data-section-id=\"1azmkni\" data-start=\"2570\" data-end=\"2610\">\u2714\ufe0f Produkty przetestowane i certyfikowane<\/li>\n<\/ul>\n<p data-start=\"2612\" data-end=\"2718\">Skupiamy si\u0119 na zapewnieniu kompleksowych do\u015bwiadcze\u0144, od wyboru produktu po ko\u0144cow\u0105 dostaw\u0119.<\/p>\n<h2 data-section-id=\"iw7yl3\" data-start=\"2725\" data-end=\"2773\">Bezpieczny i legalny zakup CBD w Hiszpanii<\/h2>\n<p data-start=\"2775\" data-end=\"2965\">Kwiaty CBD pochodz\u0105 z licencjonowanych odmian Cannabis Sativa L., zatwierdzonych przez Uni\u0119 Europejsk\u0105. Ich zawarto\u015b\u0107 THC jest ni\u017csza ni\u017c 0,2%, co gwarantuje ich legalno\u015b\u0107 w Hiszpanii.<\/p>\n<p data-start=\"2967\" data-end=\"3143\">Ponadto, uprawa ekologiczna bez pestycyd\u00f3w i GMO zapewnia zr\u00f3wnowa\u017cony produkt, idealny dla \u015bwiadomych konsument\u00f3w poszukuj\u0105cych <strong data-start=\"3106\" data-end=\"3121\">kupi\u0107 CBD<\/strong> w spos\u00f3b odpowiedzialny.<\/p>\n<h2 data-section-id=\"1tk0l9v\" data-start=\"3150\" data-end=\"3210\">Kupi\u0107 kwiaty CBD z gwarancj\u0105 jako\u015bci<\/h2>\n<p data-start=\"3212\" data-end=\"3465\">Rynek kannabidiolu nadal ro\u015bnie, a coraz wi\u0119cej os\u00f3b decyduje si\u0119 na <strong data-start=\"3290\" data-end=\"3315\">kupi\u0107 kwiaty CBD<\/strong> Jako naturalna alternatywa dla codziennego dobrego samopoczucia. Wyb\u00f3r niezawodnego dostawcy jest kluczowy, aby w pe\u0142ni i bezpiecznie korzysta\u0107 z jego zalet.<\/p>\n<p data-start=\"3467\" data-end=\"3625\" data-is-last-node=\"\" data-is-only-node=\"\">W Iguana Smoke znajdziesz idealne po\u0142\u0105czenie jako\u015bci, legalno\u015bci i do\u015bwiadczenia. Je\u015bli szukasz <strong data-start=\"3577\" data-end=\"3592\">kupi\u0107 CBD<\/strong> z gwarancj\u0105, to jest twoje miejsce.<\/p>\n<p><span style=\"font-weight: 400;\">Je\u015bli lubisz ten kwiat, mo\u017cesz lubi\u0107 te\u017c <a href=\"https:\/\/iguanasmoke.com\/pl\/kategoria\/pop-corn-mini-buds\/\"><span style=\"text-decoration: underline;\"><strong>Pop Corn (mini p\u0105ki)<\/strong><\/span><\/a>, w <a href=\"https:\/\/iguanasmoke.com\/pl\/product-2\/gorilla-glue-flores-de-cbd\/\"><span style=\"text-decoration: underline;\"><strong>Klej Gorilla<\/strong><\/span><\/a> lub <\/span><a href=\"https:\/\/iguanasmoke.com\/pl\/product-2\/iguana-kush-cbd\/\"><span style=\"text-decoration: underline;\"><span style=\"font-weight: 400;\"><b>Iguana Kush.<\/b><\/span><\/span><\/a><\/p>","protected":false},"excerpt":{"rendered":"<p>W Iguana Smoke lubimy rozpieszcza\u0107 Was. Przy zakupach od 20\u20ac wzwy\u017c, <em>Dajemy Ci 3 gramy naszych najlepszych kwiat\u00f3w CBD<\/em> u\u017cywaj\u0105c kodu <strong>3FLORGRATIS<\/strong>.<\/p>\n<p>Biegnij, bo nie codziennie zabierasz <strong>3 gramy kwiat\u00f3w CBD za darmo<\/strong>. Zam\u00f3w i poczuj moc CBD na innym poziomie!<\/p>\n<p><strong> U\u017cyj kodu 3FLORGRATIS i daj si\u0119 ponie\u015b\u0107.<\/strong><\/p>\n<p>Dlaczego nasze kwiaty CBD s\u0105 najlepsze?<br \/>\n\u2705 <strong>Najwy\u017csza jako\u015b\u0107<\/strong>Uprawiane z trosk\u0105, bez pestycyd\u00f3w i chemikali\u00f3w, aby zapewni\u0107 Ci naturalne i relaksuj\u0105ce doznania.<br \/>\n\u2705 <strong>Niezawodne pochodzenie<\/strong>Pracujemy wy\u0142\u0105cznie z producentami gwarantuj\u0105cymi legalny, bezpieczny i certyfikowany produkt.<br \/>\n\u2705 <strong>Czysty relaks<\/strong>: Kwiaty CBD s\u0105 idealne do relaksu, redukcji stresu i cieszenia si\u0119 spokojnymi chwilami.<\/p>\n<p>Kupuj\u0105c kwiaty CBD w Iguana Smoke, stawiasz na to, co najlepsze. Oferujemy nie tylko jako\u015b\u0107, ale tak\u017ce bliski, szybki i niezawodny serwis. Co wi\u0119cej, zawsze mamy dla Ciebie nieodparte promocje, takie jak ta.<\/p>\n<ul>\n<li>CBD: 15% \/ THC: &lt; 0,2%<\/li>\n<li>Dominuj\u0105ca Indica<\/li>\n<li>Cytrusowy i ziemisty aromat<\/li>\n<li>100% legalny w Europie<\/li>\n<\/ul>\n<p>Analiza jako\u015bci: kliknij <a href=\"https:\/\/iguanasmoke.com\/wp-content\/uploads\/2023\/07\/Certificate-of-Analysis_B2900055_Shelby.pdf\" target=\"_blank\" rel=\"noopener\">tutaj<\/a><\/p>","protected":false},"featured_media":48390,"comment_status":"open","ping_status":"closed","template":"","meta":{"_acf_changed":false,"site-sidebar-layout":"default","site-content-layout":"","ast-site-content-layout":"default","site-content-style":"default","site-sidebar-style":"default","ast-global-header-display":"","ast-banner-title-visibility":"","ast-main-header-display":"","ast-hfb-above-header-display":"","ast-hfb-below-header-display":"","ast-hfb-mobile-header-display":"","site-post-title":"","ast-breadcrumbs-content":"","ast-featured-img":"","footer-sml-layout":"","theme-transparent-header-meta":"default","adv-header-id-meta":"","stick-header-meta":"","header-above-stick-meta":"","header-main-stick-meta":"","header-below-stick-meta":"","astra-migrate-meta-layouts":"set","ast-page-background-enabled":"default","ast-page-background-meta":{"desktop":{"background-color":"var(--ast-global-color-4)","background-image":"","background-repeat":"repeat","background-position":"center center","background-size":"auto","background-attachment":"scroll","background-type":"","background-media":"","overlay-type":"","overlay-color":"","overlay-opacity":"","overlay-gradient":""},"tablet":{"background-color":"","background-image":"","background-repeat":"repeat","background-position":"center center","background-size":"auto","background-attachment":"scroll","background-type":"","background-media":"","overlay-type":"","overlay-color":"","overlay-opacity":"","overlay-gradient":""},"mobile":{"background-color":"","background-image":"","background-repeat":"repeat","background-position":"center center","background-size":"auto","background-attachment":"scroll","background-type":"","background-media":"","overlay-type":"","overlay-color":"","overlay-opacity":"","overlay-gradient":""}},"ast-content-background-meta":{"desktop":{"background-color":"var(--ast-global-color-5)","background-image":"","background-repeat":"repeat","background-position":"center center","background-size":"auto","background-attachment":"scroll","background-type":"","background-media":"","overlay-type":"","overlay-color":"","overlay-opacity":"","overlay-gradient":""},"tablet":{"background-color":"var(--ast-global-color-5)","background-image":"","background-repeat":"repeat","background-position":"center center","background-size":"auto","background-attachment":"scroll","background-type":"","background-media":"","overlay-type":"","overlay-color":"","overlay-opacity":"","overlay-gradient":""},"mobile":{"background-color":"var(--ast-global-color-5)","background-image":"","background-repeat":"repeat","background-position":"center center","background-size":"auto","background-attachment":"scroll","background-type":"","background-media":"","overlay-type":"","overlay-color":"","overlay-opacity":"","overlay-gradient":""}}},"product_brand":[],"product_cat":[598],"product_tag":[],"class_list":{"0":"post-48234","1":"product","2":"type-product","3":"status-publish","4":"has-post-thumbnail","6":"product_cat-flores-cbd-greenhouse","7":"desktop-align-center","8":"tablet-align-center","9":"mobile-align-center","11":"first","12":"instock","13":"taxable","14":"shipping-taxable","15":"purchasable","16":"product-type-simple"},"acf":[],"yoast_head":"<!-- This site is optimized with the Yoast SEO Premium plugin v27.3 (Yoast SEO v27.3) - https:\/\/yoast.com\/product\/yoast-seo-premium-wordpress\/ -->\n<title>Flores de CBD Iguana Smoke<\/title>\n<meta name=\"description\" content=\"Comprar CBD y comprar flores de CBD premium online en Iguana Smoke. Calidad certificada, env\u00edo r\u00e1pido y productos legales con alto contenido en cannabidiol.\" \/>\n<meta name=\"robots\" content=\"index, follow, max-snippet:-1, max-image-preview:large, max-video-preview:-1\" \/>\n<link rel=\"canonical\" href=\"https:\/\/iguanasmoke.com\/pl\/product-2\/kwiat-cbd-3gr\/\" \/>\n<meta property=\"og:locale\" content=\"pl_PL\" \/>\n<meta property=\"og:type\" content=\"article\" \/>\n<meta property=\"og:title\" content=\"Flor de CBD 3gr\" \/>\n<meta property=\"og:description\" content=\"En Iguana Smoke nos gusta mimarte. Por compras iguales o superiores a 20\u20ac, te regalamos 3 gramos de nuestras mejores flores de CBD usando el c\u00f3digo 3FLORGRATIS.  Corre, que no todos los d\u00edas te llevas 3 gramos de flores de CBD gratis. \u00a1Haz tu pedido y disfruta del poder del CBD a otro nivel!   Usa el c\u00f3digo 3FLORGRATIS y d\u00e9jate llevar.  \u00bfPor qu\u00e9 nuestras flores de CBD son la ca\u00f1a? &#x2705; Calidad Premium: Cultivadas con mimo, sin pesticidas ni qu\u00edmicos, para ofrecerte una experiencia natural y relajante. &#x2705; Procedencia confiable: Trabajamos solo con productores que garantizan un producto legal, seguro y certificado. &#x2705; Puro relax: Las flores de CBD son ideales para desconectar, reducir el estr\u00e9s y disfrutar de momentos chill.  Comprar flores de CBD en Iguana Smoke es apostar por lo mejor. No solo ofrecemos calidad, sino tambi\u00e9n un servicio cercano, r\u00e1pido y fiable. Adem\u00e1s, siempre tenemos promos irresistibles como esta.   CBD: 15% \/ THC: &lt; 0,2%  Dominante Indica  Aroma c\u00edtrico y terroso  100% legal en Europa  An\u00e1lisis de calidad: pincha aqu\u00ed\" \/>\n<meta property=\"og:url\" content=\"https:\/\/iguanasmoke.com\/pl\/product-2\/kwiat-cbd-3gr\/\" \/>\n<meta property=\"og:site_name\" content=\"Iguana Smoke\" \/>\n<meta property=\"article:publisher\" content=\"https:\/\/www.facebook.com\/iguanasmoke\" \/>\n<meta property=\"article:modified_time\" content=\"2026-04-30T14:38:01+00:00\" \/>\n<meta property=\"og:image\" content=\"https:\/\/iguanasmoke.com\/wp-content\/uploads\/2025\/01\/Sin-titulo-1.webp\" \/>\n\t<meta property=\"og:image:width\" content=\"1000\" \/>\n\t<meta property=\"og:image:height\" content=\"1000\" \/>\n\t<meta property=\"og:image:type\" content=\"image\/webp\" \/>\n<meta name=\"twitter:card\" content=\"summary_large_image\" \/>\n<meta name=\"twitter:label1\" content=\"Cena\" \/>\n\t<meta name=\"twitter:data1\" content=\"15,00&nbsp;&euro;\" \/>\n\t<meta name=\"twitter:label2\" content=\"Dost\u0119pno\u015b\u0107\" \/>\n\t<meta name=\"twitter:data2\" content=\"Dost\u0119pny\" \/>\n<meta property=\"product:brand\" content=\"simple\" \/>\n<meta property=\"product:price:amount\" content=\"15.00\" \/>\n<meta property=\"product:price:currency\" content=\"EUR\" \/>\n<meta property=\"og:availability\" content=\"instock\" \/>\n<meta property=\"product:availability\" content=\"instock\" \/>\n<meta property=\"product:condition\" content=\"new\" \/>\n<!-- \/ Yoast SEO Premium plugin. -->","yoast_head_json":{"title":"P\u0105ki CBD Iguana Smoke","description":"Kup CBD i kwiaty CBD premium online w Iguana Smoke. Certyfikowana jako\u015b\u0107, szybka wysy\u0142ka i legalne produkty z wysok\u0105 zawarto\u015bci\u0105 kannabidiolu.","robots":{"index":"index","follow":"follow","max-snippet":"max-snippet:-1","max-image-preview":"max-image-preview:large","max-video-preview":"max-video-preview:-1"},"canonical":"https:\/\/iguanasmoke.com\/pl\/product-2\/kwiat-cbd-3gr\/","og_locale":"pl_PL","og_type":"article","og_title":"Flor de CBD 3gr","og_description":"En Iguana Smoke nos gusta mimarte. Por compras iguales o superiores a 20\u20ac, te regalamos 3 gramos de nuestras mejores flores de CBD usando el c\u00f3digo 3FLORGRATIS.  Corre, que no todos los d\u00edas te llevas 3 gramos de flores de CBD gratis. \u00a1Haz tu pedido y disfruta del poder del CBD a otro nivel!   Usa el c\u00f3digo 3FLORGRATIS y d\u00e9jate llevar.  \u00bfPor qu\u00e9 nuestras flores de CBD son la ca\u00f1a? &#x2705; Calidad Premium: Cultivadas con mimo, sin pesticidas ni qu\u00edmicos, para ofrecerte una experiencia natural y relajante. &#x2705; Procedencia confiable: Trabajamos solo con productores que garantizan un producto legal, seguro y certificado. &#x2705; Puro relax: Las flores de CBD son ideales para desconectar, reducir el estr\u00e9s y disfrutar de momentos chill.  Comprar flores de CBD en Iguana Smoke es apostar por lo mejor. No solo ofrecemos calidad, sino tambi\u00e9n un servicio cercano, r\u00e1pido y fiable. Adem\u00e1s, siempre tenemos promos irresistibles como esta.   CBD: 15% \/ THC: &lt; 0,2%  Dominante Indica  Aroma c\u00edtrico y terroso  100% legal en Europa  An\u00e1lisis de calidad: pincha aqu\u00ed","og_url":"https:\/\/iguanasmoke.com\/pl\/product-2\/kwiat-cbd-3gr\/","og_site_name":"Iguana Smoke","article_publisher":"https:\/\/www.facebook.com\/iguanasmoke","article_modified_time":"2026-04-30T14:38:01+00:00","og_image":[{"width":1000,"height":1000,"url":"https:\/\/iguanasmoke.com\/wp-content\/uploads\/2025\/01\/Sin-titulo-1.webp","type":"image\/webp"}],"twitter_card":"summary_large_image","twitter_misc":{"Cena":"15,00&nbsp;&euro;","Dost\u0119pno\u015b\u0107":"Dost\u0119pny"},"schema":{"@context":"https:\/\/schema.org","@graph":[{"@type":"WebPage","@id":"https:\/\/iguanasmoke.com\/producto\/flor-cbd-3gr\/","url":"https:\/\/iguanasmoke.com\/producto\/flor-cbd-3gr\/","name":"P\u0105ki CBD Iguana Smoke","isPartOf":{"@id":"https:\/\/iguanasmoke.com\/#website"},"primaryImageOfPage":{"@id":"https:\/\/iguanasmoke.com\/producto\/flor-cbd-3gr\/#primaryimage"},"image":{"@id":"https:\/\/iguanasmoke.com\/producto\/flor-cbd-3gr\/#primaryimage"},"thumbnailUrl":"https:\/\/iguanasmoke.com\/wp-content\/uploads\/2025\/01\/Sin-titulo-1.webp","datePublished":"2025-01-20T15:04:43+00:00","dateModified":"2026-04-30T14:38:01+00:00","description":"Kup CBD i kwiaty CBD premium online w Iguana Smoke. Certyfikowana jako\u015b\u0107, szybka wysy\u0142ka i legalne produkty z wysok\u0105 zawarto\u015bci\u0105 kannabidiolu.","breadcrumb":{"@id":"https:\/\/iguanasmoke.com\/producto\/flor-cbd-3gr\/#breadcrumb"},"inLanguage":"pl-PL","potentialAction":[{"@type":"ReadAction","target":["https:\/\/iguanasmoke.com\/producto\/flor-cbd-3gr\/"]}]},{"@type":"ImageObject","inLanguage":"pl-PL","@id":"https:\/\/iguanasmoke.com\/producto\/flor-cbd-3gr\/#primaryimage","url":"https:\/\/iguanasmoke.com\/wp-content\/uploads\/2025\/01\/Sin-titulo-1.webp","contentUrl":"https:\/\/iguanasmoke.com\/wp-content\/uploads\/2025\/01\/Sin-titulo-1.webp","width":1000,"height":1000},{"@type":"BreadcrumbList","@id":"https:\/\/iguanasmoke.com\/producto\/flor-cbd-3gr\/#breadcrumb","itemListElement":[{"@type":"ListItem","position":1,"name":"home","item":"https:\/\/iguanasmoke.com\/"},{"@type":"ListItem","position":2,"name":"Tienda","item":"https:\/\/iguanasmoke.com\/tienda\/"},{"@type":"ListItem","position":3,"name":"Flores de CBD","item":"https:\/\/iguanasmoke.com\/categoria\/comprar-flores-de-cbd-y-cogollos-de-cbd\/"},{"@type":"ListItem","position":4,"name":"Flores CBD Greenhouse","item":"https:\/\/iguanasmoke.com\/categoria\/comprar-flores-de-cbd-y-cogollos-de-cbd\/flores-cbd-greenhouse\/"},{"@type":"ListItem","position":5,"name":"Flor de CBD 3gr"}]},{"@type":"WebSite","@id":"https:\/\/iguanasmoke.com\/#website","url":"https:\/\/iguanasmoke.com\/","name":"Iguana Smoke","description":"Kup CBD online w najlepszej cenie","publisher":{"@id":"https:\/\/iguanasmoke.com\/#organization"},"potentialAction":[{"@type":"SearchAction","target":{"@type":"EntryPoint","urlTemplate":"https:\/\/iguanasmoke.com\/?s={search_term_string}"},"query-input":{"@type":"PropertyValueSpecification","valueRequired":true,"valueName":"search_term_string"}}],"inLanguage":"pl-PL"},{"@type":"Organization","@id":"https:\/\/iguanasmoke.com\/#organization","name":"Iguana Smoke","url":"https:\/\/iguanasmoke.com\/","logo":{"@type":"ImageObject","inLanguage":"pl-PL","@id":"https:\/\/iguanasmoke.com\/#\/schema\/logo\/image\/","url":"https:\/\/iguanasmoke.com\/wp-content\/uploads\/2025\/01\/logoiguana-favi-1.png","contentUrl":"https:\/\/iguanasmoke.com\/wp-content\/uploads\/2025\/01\/logoiguana-favi-1.png","width":512,"height":512,"caption":"Iguana Smoke"},"image":{"@id":"https:\/\/iguanasmoke.com\/#\/schema\/logo\/image\/"},"sameAs":["https:\/\/www.facebook.com\/iguanasmoke","https:\/\/www.instagram.com\/iguanasmoke\/"]}]},"product_brand":"simple","product_price_amount":"15.00","product_price_currency":"EUR","og_availability":"instock","product_availability":"instock","product_condition":"new"},"_links":{"self":[{"href":"https:\/\/iguanasmoke.com\/pl\/wp-json\/wp\/v2\/product\/48234","targetHints":{"allow":["GET"]}}],"collection":[{"href":"https:\/\/iguanasmoke.com\/pl\/wp-json\/wp\/v2\/product"}],"about":[{"href":"https:\/\/iguanasmoke.com\/pl\/wp-json\/wp\/v2\/types\/product"}],"replies":[{"embeddable":true,"href":"https:\/\/iguanasmoke.com\/pl\/wp-json\/wp\/v2\/comments?post=48234"}],"wp:featuredmedia":[{"embeddable":true,"href":"https:\/\/iguanasmoke.com\/pl\/wp-json\/wp\/v2\/media\/48390"}],"wp:attachment":[{"href":"https:\/\/iguanasmoke.com\/pl\/wp-json\/wp\/v2\/media?parent=48234"}],"wp:term":[{"taxonomy":"product_brand","embeddable":true,"href":"https:\/\/iguanasmoke.com\/pl\/wp-json\/wp\/v2\/product_brand?post=48234"},{"taxonomy":"product_cat","embeddable":true,"href":"https:\/\/iguanasmoke.com\/pl\/wp-json\/wp\/v2\/product_cat?post=48234"},{"taxonomy":"product_tag","embeddable":true,"href":"https:\/\/iguanasmoke.com\/pl\/wp-json\/wp\/v2\/product_tag?post=48234"}],"curies":[{"name":"wp","href":"https:\/\/api.w.org\/{rel}","templated":true}]}}