{"id":50916,"date":"2025-02-27T20:45:28","date_gmt":"2025-02-27T19:45:28","guid":{"rendered":"https:\/\/iguanasmoke.com\/?post_type=product&#038;p=50916"},"modified":"2026-01-15T14:36:32","modified_gmt":"2026-01-15T13:36:32","slug":"bluza-sportowa-czarna-iguana-smoke","status":"publish","type":"product","link":"https:\/\/iguanasmoke.com\/pl\/producto\/sudadera-sport-negra-iguana-smoke\/","title":{"rendered":"Bluza sportowa Black Iguana Smoke (B&amp;W)"},"content":{"rendered":"<h3>Bluza sportowa Black Iguana Smoke (B&amp;W)<\/h3>\n<p>Osi\u0105gnij nowe wy\u017cyny stylu i wydajno\u015bci dzi\u0119ki czarnej bluzie sportowej Iguana Smoke Black &amp; White, dost\u0119pnej wy\u0142\u0105cznie w Iguana Smoke. Ten dynamiczny element odzie\u017cy \u0142\u0105czy awangardowy design Iguana Rock z komfortem i funkcjonalno\u015bci\u0105 bluzy sportowej, tworz\u0105c niezb\u0119dny element dla os\u00f3b poszukuj\u0105cych aktywnego i nowoczesnego stylu.<\/p>\n<p>Najwa\u017cniejsze cechy:<\/p>\n<ul>\n<li><strong>Ekskluzywny projekt Iguana Smoke:<\/strong> Bluza prezentuje nowe, od\u015bwie\u017cone logo Iguana Smoke, idealne po\u0142\u0105czenie miejskiej zadziorno\u015bci i awangardowego stylu. Ten zaktualizowany projekt oddaje nasz\u0105 esencj\u0119 i odwa\u017cn\u0105 postaw\u0119, staj\u0105c si\u0119 nieodzownym elementem dla tych, kt\u00f3rzy bez wysi\u0142ku wyznaczaj\u0105 trendy. Dzi\u0119ki unikalnej estetyce i niepowtarzalnemu klimatowi, bluza ta nie tylko zapewnia ciep\u0142o, ale tak\u017ce jasno pokazuje, kto rz\u0105dzi w grze stylu.<\/li>\n<li><strong>Wydajno\u015b\u0107 i komfort:<\/strong> Wykonana z wysokiej jako\u015bci materia\u0142\u00f3w bluza jest nie tylko stylowa, ale i funkcjonalna. Sportowa technologia \u0142\u0105czy si\u0119 z codziennym komfortem, zapewniaj\u0105c wszechstronno\u015b\u0107 potrzebn\u0105 do codziennych aktywno\u015bci lub sesji treningowych.<\/li>\n<li><strong>Wszechstronny styl:<\/strong> Wszechstronno\u015b\u0107 czarnej bluzy sportowej pozwala zabra\u0107 j\u0105 z si\u0142owni na ulic\u0119. Po\u0142\u0105cz j\u0105 z codziennym strojem lub no\u015b jako cz\u0119\u015b\u0107 odzie\u017cy treningowej, aby za ka\u017cdym razem wyr\u00f3\u017cnia\u0107 si\u0119 autentycznym stylem.<\/li>\n<\/ul>\n<p>Odkryj ewolucj\u0119 stylu z bluz\u0105 Iguana Smoke i jej nowym, od\u015bwie\u017conym logo. Po\u0142\u0105czenie postawy, wygody i autentyczno\u015bci, kt\u00f3re m\u00f3wi samo za siebie. Zdob\u0105d\u017a j\u0105 i zabierz buntowniczego ducha Iguana Smoke wsz\u0119dzie!<\/p>","protected":false},"excerpt":{"rendered":"<ul>\n<li>65% bawe\u0142na, 35% poliester<\/li>\n<li>Druk DTG<\/li>\n<li>Standardowa d\u0142ugo\u015b\u0107<\/li>\n<li>Dost\u0119pne w rozmiarach. S, M, L, XL i XXL<\/li>\n<\/ul>","protected":false},"featured_media":50925,"comment_status":"open","ping_status":"closed","template":"","meta":{"_acf_changed":false,"site-sidebar-layout":"default","site-content-layout":"","ast-site-content-layout":"default","site-content-style":"default","site-sidebar-style":"default","ast-global-header-display":"","ast-banner-title-visibility":"","ast-main-header-display":"","ast-hfb-above-header-display":"","ast-hfb-below-header-display":"","ast-hfb-mobile-header-display":"","site-post-title":"","ast-breadcrumbs-content":"","ast-featured-img":"","footer-sml-layout":"","theme-transparent-header-meta":"default","adv-header-id-meta":"","stick-header-meta":"","header-above-stick-meta":"","header-main-stick-meta":"","header-below-stick-meta":"","astra-migrate-meta-layouts":"set","ast-page-background-enabled":"default","ast-page-background-meta":{"desktop":{"background-color":"var(--ast-global-color-4)","background-image":"","background-repeat":"repeat","background-position":"center center","background-size":"auto","background-attachment":"scroll","background-type":"","background-media":"","overlay-type":"","overlay-color":"","overlay-opacity":"","overlay-gradient":""},"tablet":{"background-color":"","background-image":"","background-repeat":"repeat","background-position":"center center","background-size":"auto","background-attachment":"scroll","background-type":"","background-media":"","overlay-type":"","overlay-color":"","overlay-opacity":"","overlay-gradient":""},"mobile":{"background-color":"","background-image":"","background-repeat":"repeat","background-position":"center center","background-size":"auto","background-attachment":"scroll","background-type":"","background-media":"","overlay-type":"","overlay-color":"","overlay-opacity":"","overlay-gradient":""}},"ast-content-background-meta":{"desktop":{"background-color":"var(--ast-global-color-5)","background-image":"","background-repeat":"repeat","background-position":"center center","background-size":"auto","background-attachment":"scroll","background-type":"","background-media":"","overlay-type":"","overlay-color":"","overlay-opacity":"","overlay-gradient":""},"tablet":{"background-color":"var(--ast-global-color-5)","background-image":"","background-repeat":"repeat","background-position":"center center","background-size":"auto","background-attachment":"scroll","background-type":"","background-media":"","overlay-type":"","overlay-color":"","overlay-opacity":"","overlay-gradient":""},"mobile":{"background-color":"var(--ast-global-color-5)","background-image":"","background-repeat":"repeat","background-position":"center center","background-size":"auto","background-attachment":"scroll","background-type":"","background-media":"","overlay-type":"","overlay-color":"","overlay-opacity":"","overlay-gradient":""}}},"product_brand":[],"product_cat":[436,442],"product_tag":[],"class_list":{"0":"post-50916","1":"product","2":"type-product","3":"status-publish","4":"has-post-thumbnail","6":"product_cat-merchandise-de-iguana-smoke","7":"product_cat-sudaderas","8":"desktop-align-center","9":"tablet-align-center","10":"mobile-align-center","12":"first","13":"instock","14":"taxable","15":"shipping-taxable","16":"purchasable","17":"product-type-variable"},"acf":[],"yoast_head":"<!-- This site is optimized with the Yoast SEO Premium plugin v27.3 (Yoast SEO v27.3) - https:\/\/yoast.com\/product\/yoast-seo-premium-wordpress\/ -->\n<title>Sudadera Sport Negra Iguana Smoke (B&amp;W) | Iguana Smoke<\/title>\n<meta name=\"description\" content=\"Compra la Sudadera Sport Negra Iguana Smoke al mejor precio y con una calidad inigualable en Iguana Smoke. Env\u00edo gratuito en Espa\u00f1a y Portugal a partir de 35\u20ac.\" \/>\n<meta name=\"robots\" content=\"index, follow, max-snippet:-1, max-image-preview:large, max-video-preview:-1\" \/>\n<link rel=\"canonical\" href=\"https:\/\/iguanasmoke.com\/pl\/product-2\/bluza-sportowa-czarna-iguana-smoke\/\" \/>\n<meta property=\"og:locale\" content=\"pl_PL\" \/>\n<meta property=\"og:type\" content=\"article\" \/>\n<meta property=\"og:title\" content=\"Sudadera Sport Negra Iguana Smoke (B&amp;W)\" \/>\n<meta property=\"og:description\" content=\"65% algod\u00f3n, 35% poli\u00e9ster  Impresion DTG  Longitud estandar  Disponible en tama\u00f1o. S, M, L, XL y XXL\" \/>\n<meta property=\"og:url\" content=\"https:\/\/iguanasmoke.com\/pl\/product-2\/bluza-sportowa-czarna-iguana-smoke\/\" \/>\n<meta property=\"og:site_name\" content=\"Iguana Smoke\" \/>\n<meta property=\"article:publisher\" content=\"https:\/\/www.facebook.com\/iguanasmoke\" \/>\n<meta property=\"article:modified_time\" content=\"2026-01-15T13:36:32+00:00\" \/>\n<meta property=\"og:image\" content=\"https:\/\/iguanasmoke.com\/wp-content\/uploads\/2025\/02\/detras.png\" \/>\n\t<meta property=\"og:image:width\" content=\"1000\" \/>\n\t<meta property=\"og:image:height\" content=\"1000\" \/>\n\t<meta property=\"og:image:type\" content=\"image\/png\" \/>\n<meta name=\"twitter:card\" content=\"summary_large_image\" \/>\n<meta name=\"twitter:label1\" content=\"Dost\u0119pno\u015b\u0107\" \/>\n\t<meta name=\"twitter:data1\" content=\"Dost\u0119pny\" \/>\n<meta property=\"product:brand\" content=\"variable\" \/>\n<meta property=\"og:availability\" content=\"instock\" \/>\n<meta property=\"product:availability\" content=\"instock\" \/>\n<meta property=\"product:condition\" content=\"new\" \/>\n<!-- \/ Yoast SEO Premium plugin. -->","yoast_head_json":{"title":"Sudadera Sport Negra Iguana Smoke (B&amp;W) | Iguana Smoke","description":"Kup czarn\u0105 bluz\u0119 Iguana Smoke w najlepszej cenie i o niezr\u00f3wnanej jako\u015bci w Iguana Smoke. Darmowa wysy\u0142ka na terenie Hiszpanii i Portugalii od 35\u20ac.","robots":{"index":"index","follow":"follow","max-snippet":"max-snippet:-1","max-image-preview":"max-image-preview:large","max-video-preview":"max-video-preview:-1"},"canonical":"https:\/\/iguanasmoke.com\/pl\/product-2\/bluza-sportowa-czarna-iguana-smoke\/","og_locale":"pl_PL","og_type":"article","og_title":"Sudadera Sport Negra Iguana Smoke (B&amp;W)","og_description":"65% algod\u00f3n, 35% poli\u00e9ster  Impresion DTG  Longitud estandar  Disponible en tama\u00f1o. S, M, L, XL y XXL","og_url":"https:\/\/iguanasmoke.com\/pl\/product-2\/bluza-sportowa-czarna-iguana-smoke\/","og_site_name":"Iguana Smoke","article_publisher":"https:\/\/www.facebook.com\/iguanasmoke","article_modified_time":"2026-01-15T13:36:32+00:00","og_image":[{"width":1000,"height":1000,"url":"https:\/\/iguanasmoke.com\/wp-content\/uploads\/2025\/02\/detras.png","type":"image\/png"}],"twitter_card":"summary_large_image","twitter_misc":{"Dost\u0119pno\u015b\u0107":"Dost\u0119pny"},"schema":{"@context":"https:\/\/schema.org","@graph":[{"@type":"WebPage","@id":"https:\/\/iguanasmoke.com\/producto\/sudadera-sport-negra-iguana-smoke\/","url":"https:\/\/iguanasmoke.com\/producto\/sudadera-sport-negra-iguana-smoke\/","name":"Sudadera Sport Negra Iguana Smoke (B&amp;W) | Iguana Smoke","isPartOf":{"@id":"https:\/\/iguanasmoke.com\/#website"},"primaryImageOfPage":{"@id":"https:\/\/iguanasmoke.com\/producto\/sudadera-sport-negra-iguana-smoke\/#primaryimage"},"image":{"@id":"https:\/\/iguanasmoke.com\/producto\/sudadera-sport-negra-iguana-smoke\/#primaryimage"},"thumbnailUrl":"https:\/\/iguanasmoke.com\/wp-content\/uploads\/2025\/02\/detras.png","datePublished":"2025-02-27T19:45:28+00:00","dateModified":"2026-01-15T13:36:32+00:00","description":"Kup czarn\u0105 bluz\u0119 Iguana Smoke w najlepszej cenie i o niezr\u00f3wnanej jako\u015bci w Iguana Smoke. Darmowa wysy\u0142ka na terenie Hiszpanii i Portugalii od 35\u20ac.","breadcrumb":{"@id":"https:\/\/iguanasmoke.com\/producto\/sudadera-sport-negra-iguana-smoke\/#breadcrumb"},"inLanguage":"pl-PL","potentialAction":[{"@type":"ReadAction","target":["https:\/\/iguanasmoke.com\/producto\/sudadera-sport-negra-iguana-smoke\/"]}]},{"@type":"ImageObject","inLanguage":"pl-PL","@id":"https:\/\/iguanasmoke.com\/producto\/sudadera-sport-negra-iguana-smoke\/#primaryimage","url":"https:\/\/iguanasmoke.com\/wp-content\/uploads\/2025\/02\/detras.png","contentUrl":"https:\/\/iguanasmoke.com\/wp-content\/uploads\/2025\/02\/detras.png","width":1000,"height":1000},{"@type":"BreadcrumbList","@id":"https:\/\/iguanasmoke.com\/producto\/sudadera-sport-negra-iguana-smoke\/#breadcrumb","itemListElement":[{"@type":"ListItem","position":1,"name":"home","item":"https:\/\/iguanasmoke.com\/"},{"@type":"ListItem","position":2,"name":"Tienda","item":"https:\/\/iguanasmoke.com\/tienda\/"},{"@type":"ListItem","position":3,"name":"Merch","item":"https:\/\/iguanasmoke.com\/categoria\/merchandise-de-iguana-smoke\/"},{"@type":"ListItem","position":4,"name":"Sudadera Sport Negra Iguana Smoke (B&amp;W)"}]},{"@type":"WebSite","@id":"https:\/\/iguanasmoke.com\/#website","url":"https:\/\/iguanasmoke.com\/","name":"Iguana Smoke","description":"Kup CBD online w najlepszej cenie","publisher":{"@id":"https:\/\/iguanasmoke.com\/#organization"},"potentialAction":[{"@type":"SearchAction","target":{"@type":"EntryPoint","urlTemplate":"https:\/\/iguanasmoke.com\/?s={search_term_string}"},"query-input":{"@type":"PropertyValueSpecification","valueRequired":true,"valueName":"search_term_string"}}],"inLanguage":"pl-PL"},{"@type":"Organization","@id":"https:\/\/iguanasmoke.com\/#organization","name":"Iguana Smoke","url":"https:\/\/iguanasmoke.com\/","logo":{"@type":"ImageObject","inLanguage":"pl-PL","@id":"https:\/\/iguanasmoke.com\/#\/schema\/logo\/image\/","url":"https:\/\/iguanasmoke.com\/wp-content\/uploads\/2025\/01\/logoiguana-favi-1.png","contentUrl":"https:\/\/iguanasmoke.com\/wp-content\/uploads\/2025\/01\/logoiguana-favi-1.png","width":512,"height":512,"caption":"Iguana Smoke"},"image":{"@id":"https:\/\/iguanasmoke.com\/#\/schema\/logo\/image\/"},"sameAs":["https:\/\/www.facebook.com\/iguanasmoke","https:\/\/www.instagram.com\/iguanasmoke\/"]}]},"product_brand":"variable","og_availability":"instock","product_availability":"instock","product_condition":"new"},"_links":{"self":[{"href":"https:\/\/iguanasmoke.com\/pl\/wp-json\/wp\/v2\/product\/50916","targetHints":{"allow":["GET"]}}],"collection":[{"href":"https:\/\/iguanasmoke.com\/pl\/wp-json\/wp\/v2\/product"}],"about":[{"href":"https:\/\/iguanasmoke.com\/pl\/wp-json\/wp\/v2\/types\/product"}],"replies":[{"embeddable":true,"href":"https:\/\/iguanasmoke.com\/pl\/wp-json\/wp\/v2\/comments?post=50916"}],"wp:featuredmedia":[{"embeddable":true,"href":"https:\/\/iguanasmoke.com\/pl\/wp-json\/wp\/v2\/media\/50925"}],"wp:attachment":[{"href":"https:\/\/iguanasmoke.com\/pl\/wp-json\/wp\/v2\/media?parent=50916"}],"wp:term":[{"taxonomy":"product_brand","embeddable":true,"href":"https:\/\/iguanasmoke.com\/pl\/wp-json\/wp\/v2\/product_brand?post=50916"},{"taxonomy":"product_cat","embeddable":true,"href":"https:\/\/iguanasmoke.com\/pl\/wp-json\/wp\/v2\/product_cat?post=50916"},{"taxonomy":"product_tag","embeddable":true,"href":"https:\/\/iguanasmoke.com\/pl\/wp-json\/wp\/v2\/product_tag?post=50916"}],"curies":[{"name":"wp","href":"https:\/\/api.w.org\/{rel}","templated":true}]}}