{"id":50927,"date":"2025-02-27T21:01:53","date_gmt":"2025-02-27T20:01:53","guid":{"rendered":"https:\/\/iguanasmoke.com\/?post_type=product&#038;p=50927"},"modified":"2026-01-07T10:21:04","modified_gmt":"2026-01-07T09:21:04","slug":"czarny-t-shirt-mario-iguana-smoke-logo","status":"publish","type":"product","link":"https:\/\/iguanasmoke.com\/pl\/producto\/camiseta-negra-mario-iguana-smoke-logo\/","title":{"rendered":"Iguana Smoke Logo Oversize T-shirt Czarny Iguana Smoke Logo"},"content":{"rendered":"<h1 data-start=\"0\" data-end=\"55\"><strong data-start=\"0\" data-end=\"53\">Czarna koszulka oversize Iguana Smoke - nowe logo<\/strong><\/h1>\n<p data-start=\"57\" data-end=\"315\">Odkryj idealn\u0105 r\u00f3wnowag\u0119 mi\u0119dzy stylem i komfortem dzi\u0119ki <strong data-start=\"121\" data-end=\"164\">Iguana Smoke Oversize T-Shirt Czarny<\/strong>, teraz z naszym <strong data-start=\"184\" data-end=\"211\">nowe logo w pe\u0142nym kolorze<\/strong>. To ubranie <strong data-start=\"228\" data-end=\"244\">wysoka gramatura<\/strong> na nowo definiuje odzie\u017c uliczn\u0105 dzi\u0119ki projektowi, kt\u00f3ry narzuca obecno\u015b\u0107 i postaw\u0119.<\/p>\n<p data-start=\"317\" data-end=\"642\">Wyprodukowano w <strong data-start=\"334\" data-end=\"353\">bawe\u0142na premium<\/strong>, Wytrzyma\u0142a tkanina jest mi\u0119kka w dotyku i doskonale si\u0119 uk\u0142ada, dzi\u0119ki czemu jest idealna dla os\u00f3b poszukuj\u0105cych lu\u017anego wygl\u0105du bez utraty stylu. Ponadgabarytowy kr\u00f3j sprawia, \u017ce <strong data-start=\"523\" data-end=\"538\">przep\u0142yw miejski<\/strong> Wibruj\u0105ce logo Iguana Smoke dodaje odwa\u017cnego i wyrazistego charakteru.<\/p>\n<p data-start=\"644\" data-end=\"702\"><strong data-start=\"647\" data-end=\"697\">Autentyczno\u015b\u0107 bez wysi\u0142ku. Styl bez ogranicze\u0144.<\/strong><\/p>\n<p data-start=\"704\" data-end=\"798\" data-is-last-node=\"\" data-is-only-node=\"\">Pobierz i za\u0142\u00f3\u017c <strong data-start=\"733\" data-end=\"761\">Duch Iguana Smoke<\/strong> na inny poziom.<\/p>","protected":false},"excerpt":{"rendered":"<ul>\n<li>Materia\u0142: bawe\u0142na 100%<\/li>\n<li>Druk DTG<\/li>\n<li>Standardowa d\u0142ugo\u015b\u0107<\/li>\n<li>Dost\u0119pne w rozmiarach. S, M, L, XL i XXL<\/li>\n<\/ul>","protected":false},"featured_media":50933,"comment_status":"open","ping_status":"closed","template":"","meta":{"_acf_changed":false,"site-sidebar-layout":"default","site-content-layout":"","ast-site-content-layout":"default","site-content-style":"default","site-sidebar-style":"default","ast-global-header-display":"","ast-banner-title-visibility":"","ast-main-header-display":"","ast-hfb-above-header-display":"","ast-hfb-below-header-display":"","ast-hfb-mobile-header-display":"","site-post-title":"","ast-breadcrumbs-content":"","ast-featured-img":"","footer-sml-layout":"","theme-transparent-header-meta":"default","adv-header-id-meta":"","stick-header-meta":"","header-above-stick-meta":"","header-main-stick-meta":"","header-below-stick-meta":"","astra-migrate-meta-layouts":"set","ast-page-background-enabled":"default","ast-page-background-meta":{"desktop":{"background-color":"var(--ast-global-color-4)","background-image":"","background-repeat":"repeat","background-position":"center center","background-size":"auto","background-attachment":"scroll","background-type":"","background-media":"","overlay-type":"","overlay-color":"","overlay-opacity":"","overlay-gradient":""},"tablet":{"background-color":"","background-image":"","background-repeat":"repeat","background-position":"center center","background-size":"auto","background-attachment":"scroll","background-type":"","background-media":"","overlay-type":"","overlay-color":"","overlay-opacity":"","overlay-gradient":""},"mobile":{"background-color":"","background-image":"","background-repeat":"repeat","background-position":"center center","background-size":"auto","background-attachment":"scroll","background-type":"","background-media":"","overlay-type":"","overlay-color":"","overlay-opacity":"","overlay-gradient":""}},"ast-content-background-meta":{"desktop":{"background-color":"var(--ast-global-color-5)","background-image":"","background-repeat":"repeat","background-position":"center center","background-size":"auto","background-attachment":"scroll","background-type":"","background-media":"","overlay-type":"","overlay-color":"","overlay-opacity":"","overlay-gradient":""},"tablet":{"background-color":"var(--ast-global-color-5)","background-image":"","background-repeat":"repeat","background-position":"center center","background-size":"auto","background-attachment":"scroll","background-type":"","background-media":"","overlay-type":"","overlay-color":"","overlay-opacity":"","overlay-gradient":""},"mobile":{"background-color":"var(--ast-global-color-5)","background-image":"","background-repeat":"repeat","background-position":"center center","background-size":"auto","background-attachment":"scroll","background-type":"","background-media":"","overlay-type":"","overlay-color":"","overlay-opacity":"","overlay-gradient":""}}},"product_brand":[],"product_cat":[441,436],"product_tag":[],"class_list":{"0":"post-50927","1":"product","2":"type-product","3":"status-publish","4":"has-post-thumbnail","6":"product_cat-camisetas","7":"product_cat-merchandise-de-iguana-smoke","8":"desktop-align-center","9":"tablet-align-center","10":"mobile-align-center","12":"first","13":"instock","14":"taxable","15":"shipping-taxable","16":"purchasable","17":"product-type-variable"},"acf":[],"yoast_head":"<!-- This site is optimized with the Yoast SEO Premium plugin v27.3 (Yoast SEO v27.3) - https:\/\/yoast.com\/product\/yoast-seo-premium-wordpress\/ -->\n<title>Camiseta Oversize Negra Iguana Smoke Logo | Iguana Smoke<\/title>\n<meta name=\"description\" content=\"Compra la Camiseta Oversize Negra Iguana Smoke al mejor precio y con una calidad inigualable en Iguana Smoke. Env\u00edo gratuito en Espa\u00f1a y Portugal a partir de 35\u20ac.\" \/>\n<meta name=\"robots\" content=\"index, follow, max-snippet:-1, max-image-preview:large, max-video-preview:-1\" \/>\n<link rel=\"canonical\" href=\"https:\/\/iguanasmoke.com\/pl\/product-2\/czarny-t-shirt-mario-iguana-smoke-logo\/\" \/>\n<meta property=\"og:locale\" content=\"pl_PL\" \/>\n<meta property=\"og:type\" content=\"article\" \/>\n<meta property=\"og:title\" content=\"Camiseta Oversize Negra Iguana Smoke Logo\" \/>\n<meta property=\"og:description\" content=\"Material: 100% Algodon  Impresion DTG  Longitud estandar  Disponible en tama\u00f1o. S, M, L, XL y XXL\" \/>\n<meta property=\"og:url\" content=\"https:\/\/iguanasmoke.com\/pl\/product-2\/czarny-t-shirt-mario-iguana-smoke-logo\/\" \/>\n<meta property=\"og:site_name\" content=\"Iguana Smoke\" \/>\n<meta property=\"article:publisher\" content=\"https:\/\/www.facebook.com\/iguanasmoke\" \/>\n<meta property=\"article:modified_time\" content=\"2026-01-07T09:21:04+00:00\" \/>\n<meta property=\"og:image\" content=\"https:\/\/iguanasmoke.com\/wp-content\/uploads\/2025\/02\/detras.webp\" \/>\n\t<meta property=\"og:image:width\" content=\"1000\" \/>\n\t<meta property=\"og:image:height\" content=\"1000\" \/>\n\t<meta property=\"og:image:type\" content=\"image\/webp\" \/>\n<meta name=\"twitter:card\" content=\"summary_large_image\" \/>\n<meta name=\"twitter:label1\" content=\"Dost\u0119pno\u015b\u0107\" \/>\n\t<meta name=\"twitter:data1\" content=\"Dost\u0119pny\" \/>\n<meta property=\"product:brand\" content=\"variable\" \/>\n<meta property=\"og:availability\" content=\"instock\" \/>\n<meta property=\"product:availability\" content=\"instock\" \/>\n<meta property=\"product:condition\" content=\"new\" \/>\n<!-- \/ Yoast SEO Premium plugin. -->","yoast_head_json":{"title":"Czarna koszulka oversize z logo Iguana Smoke | Iguana Smoke","description":"Kup Iguana Smoke Black Oversize T-Shirt w najlepszej cenie i bezkonkurencyjnej jako\u015bci w Iguana Smoke. Darmowa wysy\u0142ka w Hiszpanii i Portugalii od 35\u20ac.","robots":{"index":"index","follow":"follow","max-snippet":"max-snippet:-1","max-image-preview":"max-image-preview:large","max-video-preview":"max-video-preview:-1"},"canonical":"https:\/\/iguanasmoke.com\/pl\/product-2\/czarny-t-shirt-mario-iguana-smoke-logo\/","og_locale":"pl_PL","og_type":"article","og_title":"Camiseta Oversize Negra Iguana Smoke Logo","og_description":"Material: 100% Algodon  Impresion DTG  Longitud estandar  Disponible en tama\u00f1o. S, M, L, XL y XXL","og_url":"https:\/\/iguanasmoke.com\/pl\/product-2\/czarny-t-shirt-mario-iguana-smoke-logo\/","og_site_name":"Iguana Smoke","article_publisher":"https:\/\/www.facebook.com\/iguanasmoke","article_modified_time":"2026-01-07T09:21:04+00:00","og_image":[{"width":1000,"height":1000,"url":"https:\/\/iguanasmoke.com\/wp-content\/uploads\/2025\/02\/detras.webp","type":"image\/webp"}],"twitter_card":"summary_large_image","twitter_misc":{"Dost\u0119pno\u015b\u0107":"Dost\u0119pny"},"schema":{"@context":"https:\/\/schema.org","@graph":[{"@type":"WebPage","@id":"https:\/\/iguanasmoke.com\/producto\/camiseta-negra-mario-iguana-smoke-logo\/","url":"https:\/\/iguanasmoke.com\/producto\/camiseta-negra-mario-iguana-smoke-logo\/","name":"Czarna koszulka oversize z logo Iguana Smoke | Iguana Smoke","isPartOf":{"@id":"https:\/\/iguanasmoke.com\/#website"},"primaryImageOfPage":{"@id":"https:\/\/iguanasmoke.com\/producto\/camiseta-negra-mario-iguana-smoke-logo\/#primaryimage"},"image":{"@id":"https:\/\/iguanasmoke.com\/producto\/camiseta-negra-mario-iguana-smoke-logo\/#primaryimage"},"thumbnailUrl":"https:\/\/iguanasmoke.com\/wp-content\/uploads\/2025\/02\/detras.webp","datePublished":"2025-02-27T20:01:53+00:00","dateModified":"2026-01-07T09:21:04+00:00","description":"Kup Iguana Smoke Black Oversize T-Shirt w najlepszej cenie i bezkonkurencyjnej jako\u015bci w Iguana Smoke. Darmowa wysy\u0142ka w Hiszpanii i Portugalii od 35\u20ac.","breadcrumb":{"@id":"https:\/\/iguanasmoke.com\/producto\/camiseta-negra-mario-iguana-smoke-logo\/#breadcrumb"},"inLanguage":"pl-PL","potentialAction":[{"@type":"ReadAction","target":["https:\/\/iguanasmoke.com\/producto\/camiseta-negra-mario-iguana-smoke-logo\/"]}]},{"@type":"ImageObject","inLanguage":"pl-PL","@id":"https:\/\/iguanasmoke.com\/producto\/camiseta-negra-mario-iguana-smoke-logo\/#primaryimage","url":"https:\/\/iguanasmoke.com\/wp-content\/uploads\/2025\/02\/detras.webp","contentUrl":"https:\/\/iguanasmoke.com\/wp-content\/uploads\/2025\/02\/detras.webp","width":1000,"height":1000},{"@type":"BreadcrumbList","@id":"https:\/\/iguanasmoke.com\/producto\/camiseta-negra-mario-iguana-smoke-logo\/#breadcrumb","itemListElement":[{"@type":"ListItem","position":1,"name":"home","item":"https:\/\/iguanasmoke.com\/"},{"@type":"ListItem","position":2,"name":"Tienda","item":"https:\/\/iguanasmoke.com\/tienda\/"},{"@type":"ListItem","position":3,"name":"Ropa y Accesorios","item":"https:\/\/iguanasmoke.com\/categoria\/ropa-y-accesorios\/"},{"@type":"ListItem","position":4,"name":"Camisetas","item":"https:\/\/iguanasmoke.com\/categoria\/ropa-y-accesorios\/camisetas\/"},{"@type":"ListItem","position":5,"name":"Camiseta Oversize Negra Iguana Smoke Logo"}]},{"@type":"WebSite","@id":"https:\/\/iguanasmoke.com\/#website","url":"https:\/\/iguanasmoke.com\/","name":"Iguana Smoke","description":"Kup CBD online w najlepszej cenie","publisher":{"@id":"https:\/\/iguanasmoke.com\/#organization"},"potentialAction":[{"@type":"SearchAction","target":{"@type":"EntryPoint","urlTemplate":"https:\/\/iguanasmoke.com\/?s={search_term_string}"},"query-input":{"@type":"PropertyValueSpecification","valueRequired":true,"valueName":"search_term_string"}}],"inLanguage":"pl-PL"},{"@type":"Organization","@id":"https:\/\/iguanasmoke.com\/#organization","name":"Iguana Smoke","url":"https:\/\/iguanasmoke.com\/","logo":{"@type":"ImageObject","inLanguage":"pl-PL","@id":"https:\/\/iguanasmoke.com\/#\/schema\/logo\/image\/","url":"https:\/\/iguanasmoke.com\/wp-content\/uploads\/2025\/01\/logoiguana-favi-1.png","contentUrl":"https:\/\/iguanasmoke.com\/wp-content\/uploads\/2025\/01\/logoiguana-favi-1.png","width":512,"height":512,"caption":"Iguana Smoke"},"image":{"@id":"https:\/\/iguanasmoke.com\/#\/schema\/logo\/image\/"},"sameAs":["https:\/\/www.facebook.com\/iguanasmoke","https:\/\/www.instagram.com\/iguanasmoke\/"]}]},"product_brand":"variable","og_availability":"instock","product_availability":"instock","product_condition":"new"},"_links":{"self":[{"href":"https:\/\/iguanasmoke.com\/pl\/wp-json\/wp\/v2\/product\/50927","targetHints":{"allow":["GET"]}}],"collection":[{"href":"https:\/\/iguanasmoke.com\/pl\/wp-json\/wp\/v2\/product"}],"about":[{"href":"https:\/\/iguanasmoke.com\/pl\/wp-json\/wp\/v2\/types\/product"}],"replies":[{"embeddable":true,"href":"https:\/\/iguanasmoke.com\/pl\/wp-json\/wp\/v2\/comments?post=50927"}],"wp:featuredmedia":[{"embeddable":true,"href":"https:\/\/iguanasmoke.com\/pl\/wp-json\/wp\/v2\/media\/50933"}],"wp:attachment":[{"href":"https:\/\/iguanasmoke.com\/pl\/wp-json\/wp\/v2\/media?parent=50927"}],"wp:term":[{"taxonomy":"product_brand","embeddable":true,"href":"https:\/\/iguanasmoke.com\/pl\/wp-json\/wp\/v2\/product_brand?post=50927"},{"taxonomy":"product_cat","embeddable":true,"href":"https:\/\/iguanasmoke.com\/pl\/wp-json\/wp\/v2\/product_cat?post=50927"},{"taxonomy":"product_tag","embeddable":true,"href":"https:\/\/iguanasmoke.com\/pl\/wp-json\/wp\/v2\/product_tag?post=50927"}],"curies":[{"name":"wp","href":"https:\/\/api.w.org\/{rel}","templated":true}]}}