{"id":55684,"date":"2025-04-25T19:45:27","date_gmt":"2025-04-25T17:45:27","guid":{"rendered":"https:\/\/iguanasmoke.com\/?post_type=product&#038;p=55684"},"modified":"2026-03-16T01:10:15","modified_gmt":"2026-03-16T00:10:15","slug":"space-vape-gelato-sativanol-vaper","status":"publish","type":"product","link":"https:\/\/iguanasmoke.com\/pl\/producto\/vaper-sativanol-space-vape-gelato\/","title":{"rendered":"Vaper Sativanol - Space Vape Gelato"},"content":{"rendered":"<h1 data-start=\"1609\" data-end=\"1642\"><span style=\"font-weight: 400;\">Palacz e-papieros\u00f3w <\/span><span style=\"font-weight: 400;\">Sativanol <\/span><span style=\"font-weight: 400;\">Space Vape <\/span><span style=\"font-weight: 400;\">Gelato:<\/span><span style=\"font-weight: 400;\">\u00a0<\/span><\/h1>\n<p><span style=\"font-weight: 400;\">Je\u015bli szukasz waporyzatora z sativanolem, kt\u00f3ry zabierze Ci\u0119 w rejs po przestrzeni Iguana Smoke, model <strong>Space Vape Gelato Sativanol Vaper<\/strong><\/span><span style=\"font-weight: 400;\"><strong>\u00a0<\/strong>jest tym, na co czeka\u0142e\u015b. <\/span><span style=\"font-weight: 400;\">Zaprojektowany dla tych, kt\u00f3rzy szukaj\u0105 <strong>pot\u0119\u017cne i skuteczne do\u015bwiadczenie vape.<\/strong><\/span><\/p>\n<p><span style=\"font-weight: 400;\">\u0141\u0105czy w sobie si\u0142\u0119 Sativanolu, jednej z najnowszych cz\u0105steczek na rynku, zaprojektowanej w celu zapewnienia energii i skupienia bez ci\u0119\u017cko\u015bci THC, z moc\u0105 konopi indyjskich odmiany Gelato. <\/span><span style=\"font-weight: 400;\">Formu\u0142a jest uzupe\u0142niana przez <strong>nie zawiera \u015brodk\u00f3w tn\u0105cych, nikotyny i HHC<\/strong>, aby\u015b m\u00f3g\u0142 cieszy\u0107 si\u0119 czystym, legalnym i wysokiej jako\u015bci produktem.\u00a0<\/span><\/p>\n<p><span style=\"font-weight: 400;\">Poznaj <strong>Nowe cz\u0105steczki<\/strong> kt\u00f3re odnios\u0105 sukces i zast\u0105pi\u0105 nasze s\u0142ynne <em>HHC Space Vape<\/em>. Kupi\u0107 <strong>vaper<\/strong><\/span><span style=\"font-weight: 400;\"><strong> STV<\/strong> oznacza noszenie technologii konopi przysz\u0142o\u015bci w kieszeni. <strong>Bez THC<\/strong>, <strong>ale jest efekt<\/strong>; <strong>bez dymu<\/strong>, <strong>ale jest chmura<\/strong>; Nie ma w\u0105tpliwo\u015bci, poniewa\u017c <strong>ten Vaper Sativanol Space Vape Gelato ma kremow\u0105 konsystencj\u0119.<\/strong><\/span><\/p>\n<p>&nbsp;<\/p>\n<h2><strong>Czym jest STV lub Sativanol?<\/strong><\/h2>\n<p><span style=\"font-weight: 400;\">The <strong>Sativanol<\/strong>, <strong>STV<\/strong> o <strong>Super Sativa<\/strong> to najnowszej generacji cz\u0105steczka pochodz\u0105ca z konopi, kt\u00f3ra nie zawiera THC ani jego pochodnych (HHC, THCP...), ale jej dzia\u0142anie jest por\u00f3wnywalne z dzia\u0142aniem <strong>Silna sativa<\/strong>zapewnia jasno\u015b\u0107 umys\u0142u, \u0142agodn\u0105 eufori\u0119 i dobre samopoczucie bez zamroczenia i depresji.\u00a0\u00a0<\/span><\/p>\n<p>Formu\u0142a STV jest idealna dla tych, kt\u00f3rzy musz\u0105 by\u0107 aktywni, kreatywni lub po prostu chc\u0105 cieszy\u0107 si\u0119 chwil\u0105 jasno\u015bci umys\u0142u bez od\u0142\u0105czania si\u0119.<\/p>\n<p>&nbsp;<\/p>\n<h2>Profil terpenowy <span style=\"font-weight: 400;\"><strong>Space Vape Gelato Sativanol Vaper<\/strong><\/span>:<\/h2>\n<p>Charakteryzuje si\u0119 ona <strong>aromat konopi indyjskich odmiany Gelato. <\/strong>Ciesz si\u0119 kremowym, s\u0142odkim i lekko owocowym smakiem przypominaj\u0105cym w\u0142oskie lody, ale z odrobin\u0105 Sativanolu STV, dzi\u0119ki czemu uzyskasz funkcjonalny i przyjemny efekt. Jego kombinacja terpen\u00f3w obejmuje:<\/p>\n<ul>\n<li>Limonen: \u015bwie\u017cy, poprawiaj\u0105cy nastr\u00f3j i \u0142agodz\u0105cy stres.<\/li>\n<li>Kariofilen: ziemisty, korzenny, o w\u0142a\u015bciwo\u015bciach koj\u0105cych.<\/li>\n<li>Humulen: drzewny i zio\u0142owy akcent o dzia\u0142aniu uspokajaj\u0105cym.<\/li>\n<\/ul>\n<p>&nbsp;<\/p>\n<h2><strong>G\u0142\u00f3wne cechy Vaper Sativanol <\/strong><b><span style=\"font-weight: 400;\"><strong>Gelato<\/strong><\/span><\/b><strong>:<\/strong><\/h2>\n<ul>\n<li><span style=\"font-weight: 400;\"><strong>Zawiera wysokiej jako\u015bci sativanol<\/strong>, z naturalnym profilem kannabinoidowym.<\/span><\/li>\n<li><span style=\"font-weight: 400;\"><strong>Organiczny ekstrakt z konopi<\/strong>, wolne od dodatk\u00f3w i rozpuszczalnik\u00f3w.<\/span><\/li>\n<li><span style=\"font-weight: 400;\">Dost\u0119pne w <strong>1 ml i 2 ml<\/strong>. <\/span><\/li>\n<li><span style=\"font-weight: 400;\">Intensywny smak konopi<\/span><span style=\"font-weight: 400;\">.<\/span><\/li>\n<li><strong>CBD: 40% i CBG: 30%<\/strong><\/li>\n<li>Idealny do codziennego u\u017cytku: <strong>brak spalania, brak zapachu, brak tolerancji<\/strong>.<\/li>\n<li><span style=\"font-weight: 400;\"><strong>Pot\u0119\u017cny efekt <\/strong>bez odczuwania jakichkolwiek efekt\u00f3w <strong>\u015brodki psychoaktywne<\/strong> niechciany<strong>: czas trwania<\/strong> <strong>d\u0142ugi<\/strong> (<strong>3-4 godziny<\/strong>)<\/span><\/li>\n<li>Do\u015bwiadczenie <strong>zmys\u0142owy<\/strong> Spodoba ci si\u0119!<\/li>\n<li><span style=\"font-weight: 400;\">Do <strong>300 zaci\u0105gni\u0119\u0107 <\/strong>(1ml) i<strong> 600 zaci\u0105gni\u0119\u0107 <\/strong>(2 ml).<\/span><\/li>\n<li>Akumulator USB typu C.<\/li>\n<li><span style=\"font-weight: 400;\"><strong>Brak wykrywalnego THC<\/strong>. <\/span><\/li>\n<li><span style=\"font-weight: 400;\"><strong>Jako\u015b\u0107 gwarantowana przez Iguana Smoke<\/strong>.<\/span><\/li>\n<\/ul>\n<p><span style=\"font-weight: 400;\">The <strong>vaper Sativanol <\/strong>to najwygodniejszy i najczystszy spos\u00f3b, aby cieszy\u0107 si\u0119 wszystkimi zaletami <strong>Korzy\u015bci ze stosowania Sativanolu<\/strong>, Bez konserwacji, bez zamieszania, bez k\u0142opot\u00f3w.\u00a0<\/span><\/p>\n<p>&nbsp;<\/p>\n<h2><strong>Czym jest waporyzator jednorazowy?<\/strong><\/h2>\n<p><span style=\"font-weight: 400;\">A <strong>jednorazowy vaper STV<\/strong> to urz\u0105dzenie typu pi\u00f3ro\u201c <strong>1 ml lub 2 ml<\/strong> kt\u00f3ry jest dostarczany z p\u0142ynem Sativanol. Du\u017ca r\u00f3\u017cnica w por\u00f3wnaniu z innymi rodzajami vaper\u00f3w polega na tym, \u017ce nie trzeba go uzupe\u0142nia\u0107 ani uzupe\u0142nia\u0107: <strong>gdy si\u0119 sko\u0144czy, jest po prostu wyrzucany<\/strong>.\u00a0<\/span><\/p>\n<p><span style=\"font-weight: 400;\">Istniej\u0105 r\u00f3wnie\u017c <strong><a href=\"https:\/\/iguanasmoke.com\/pl\/kategoria\/cbd-vaper-2\/naboje\/?filter_tipo-cartucho=sativanol\">Jednorazowe wk\u0142ady Sativanol<\/a><\/strong> kt\u00f3re s\u0105 mikrokapsu\u0142kami zawieraj\u0105cymi p\u0142yn, ale wymagaj\u0105 zewn\u0119trznej baterii do u\u017cycia.<\/span><\/p>\n<p>&nbsp;<\/p>\n<h3><b>Gdzie kupi\u0107 <span style=\"font-weight: 400;\"><strong>Space Vape Gelato Sativanol Vaper<\/strong><\/span><\/b><b>?<\/b><\/h3>\n<p><span style=\"font-weight: 400;\">Je\u015bli szukasz <strong>kupi\u0107 vaper Sativanol<\/strong><strong>, <\/strong>to jest twoje bezpieczne miejsce <strong>kupi\u0107 jednorazowy vaper sativanol w Hiszpanii.<\/strong> Wszystkie nasze produkty s\u0105 zatwierdzone przez UE, co gwarantuje ich legalno\u015b\u0107 i bezpiecze\u0144stwo. Ponadto, je\u015bli chcesz, mo\u017cesz skonsultowa\u0107 si\u0119 z<\/span><strong> <a href=\"https:\/\/iguanasmoke.com\/pl\/analityka\/\">analiza laboratoryjna.<\/a><\/strong><\/p>\n<p><span style=\"font-weight: 400;\">Nie zapomnij zapozna\u0107 si\u0119 z innymi <strong>sativanol vaper <\/strong>jako <strong><a href=\"https:\/\/iguanasmoke.com\/pl\/product-2\/vaper-stv-space-vape-strawberry-sativanol\/\">Space Vape Strawberry Sativanol Vaper<\/a>\u00a0<\/strong>u <\/span><span style=\"font-weight: 400;\">inne <strong>TOP produkty<\/strong> jako <strong><a href=\"https:\/\/iguanasmoke.com\/pl\/product-2\/cartucho-stv-sativanol-gelato\/\">Sativanol Gelato Cartridge<\/a><\/strong> lub <a href=\"https:\/\/iguanasmoke.com\/pl\/kategoria\/hash-cbd\/\"><strong>Hash CBD<\/strong><\/a>. <\/span><span style=\"font-weight: 400;\">Kr\u00f3tko m\u00f3wi\u0105c, poznaj nasz\u0105 r\u00f3\u017cnorodno\u015b\u0107 i znajd\u017a swoje ulubione ju\u017c teraz.<\/span><span style=\"font-weight: 400;\">\u00a0<\/span><\/p>\n<p><strong data-start=\"303\" data-end=\"345\">Szybka i dyskretna dostawa na terenie ca\u0142ej Hiszpanii<\/strong>, z <strong data-start=\"351\" data-end=\"387\">Bliska i spersonalizowana uwaga<\/strong> aby odpowiedzie\u0107 na wszelkie pytania przed i po zakupie.<\/p>\n<p>&nbsp;<\/p>\n<h3><b>Iguana Smoke to Tw\u00f3j internetowy sklep z CBD\u00a0<\/b><\/h3>\n<p><span style=\"font-weight: 400;\">Przy<strong> Iguana Smoke<\/strong>, Wierzymy, \u017ce korzystanie z CBD powinno by\u0107 bezpiecznym do\u015bwiadczeniem. W\u0142a\u015bnie dlatego oferujemy produkty takie jak ten <strong>Space Vape Gelato Sativanol Vaper<\/strong>, Marka \u0142\u0105czy si\u0119 z nowymi pokoleniami: lud\u017ami, kt\u00f3rzy szukaj\u0105 nieskomplikowanego wellness, z autentycznymi i niezawodnymi markami.\u00a0<\/span><\/p>\n<p>Nasza misja jest jasna: dostarcza\u0107 najlepsze kannabinoidy w uczciwej cenie. Ponadto dajemy ci spok\u00f3j ducha, wiedz\u0105c, \u017ce wybierasz certyfikowany, skuteczny i legalny produkt 100%. Tw\u00f3j czas relaksu zaczyna si\u0119 z nami.<\/p>\n<p>Nadal masz w\u0105tpliwo\u015bci? Napisz do nas, a z przyjemno\u015bci\u0105 pomo\u017cemy Ci znale\u017a\u0107 odpowiedni produkt.<\/p>\n<p>&nbsp;<\/p>\n<h6>\u2139\ufe0f<strong> Informacje prawne<\/strong><\/h6>\n<p><em><span style=\"font-weight: 400;\">*Produkt przeznaczony do kolekcjonowania lub aromaterapii, zgodnie z obowi\u0105zuj\u0105cymi w Hiszpanii przepisami. <\/span><\/em><\/p>\n<p><em><span style=\"font-weight: 400;\">**Pochodzi z certyfikowanych konopi przemys\u0142owych. Zawiera mniej ni\u017c 0,3 THC i nie zawiera nielegalnych kannabinoid\u00f3w, takich jak HHC, HHC-P, THCP, THCP-O, H4CBD lub substancji wymienionych w za\u0142\u0105czniku I do dekretu kr\u00f3lewskiego 2829\/1977, ani substancji kontrolowanych przez konwencje mi\u0119dzynarodowe.\u00a0\u00a0<\/span><\/em><\/p>\n<p>&nbsp;<\/p>\n<h2><strong>Najcz\u0119\u015bciej zadawane pytania Sativanol Space Vape: <\/strong><\/h2>\n<h4><span style=\"font-weight: 400;\">Umie\u015bci\u0107 Sativanol Gelato Space Vape Vaper? <\/span><\/h4>\n<p><span style=\"font-weight: 400;\">The <strong data-start=\"4696\" data-end=\"4716\">STV<\/strong> mo\u017ce zaoferowa\u0107\u00a0<strong data-start=\"4736\" data-end=\"4775\">\u0142agodna euforia lub intensywne odpr\u0119\u017cenie<\/strong>, bez silnych efekt\u00f3w THC.<\/span><\/p>\n<h4><span style=\"font-weight: 400;\">Jakich efekt\u00f3w mog\u0119 si\u0119 spodziewa\u0107 i jak d\u0142ugo to potrwa?\u00a0<\/span><\/h4>\n<p><span style=\"font-weight: 400;\">Pami\u0119taj, \u017ce ka\u017cda osoba jest wyj\u0105tkowa i <strong>efekty mog\u0105 si\u0119 r\u00f3\u017cni\u0107<\/strong> w zale\u017cno\u015bci od st\u0119\u017cenia, u\u017cytkownika, tolerancji i cz\u0119stotliwo\u015bci stosowania. Mo\u017cesz zacz\u0105\u0107 to wkr\u00f3tce zauwa\u017ca\u0107. <strong>Efekt jest silny i utrzymuje si\u0119 przez oko\u0142o 3-4 godziny<\/strong>.<\/span><\/p>\n<h4><span style=\"font-weight: 400;\">Czy VTS jest legalny w Hiszpanii?\u00a0<\/span><\/h4>\n<p><span style=\"font-weight: 400;\"><strong>Tak<\/strong>, STV <strong>mog\u0105 by\u0107 legalnie wprowadzane do obrotu w Hiszpanii<\/strong> pod warunkiem, \u017ce jest zgodny z europejskimi przepisami dotycz\u0105cymi konopi przemys\u0142owych i posiada niezale\u017cn\u0105 analiz\u0119 laboratoryjn\u0105 i identyfikowalno\u015b\u0107. <\/span><\/p>\n<p><span style=\"font-weight: 400;\">Ponadto kluczowe jest, aby <strong>nie przekracza dopuszczalnych limit\u00f3w THC<\/strong>, co odpowiada warto\u015bci procentowej <strong>mniej ni\u017c 0,3% THC.<\/strong> Oczywi\u015bcie w <strong>Iguana Smoke<\/strong> Traktujemy to bardzo powa\u017cnie i wszystkie nasze produkty s\u0105 zgodne z obowi\u0105zuj\u0105cymi standardami i normami.\u00a0<\/span><\/p>\n<h4><span style=\"font-weight: 400;\">Czy Sativanol jest silniejszy ni\u017c CBD?\u00a0<\/span><\/h4>\n<p><span style=\"font-weight: 400;\">Wielu u\u017cytkownik\u00f3w uwa\u017ca, \u017ce <\/span><span style=\"font-weight: 400;\"><b>Sativanol <\/b>ma bardziej wyra\u017ane efekty ni\u017c\u00a0<a style=\"font-weight: 400;\" href=\"https:\/\/iguanasmoke.com\/pl\/uzdrawiajaca-moc-cbd-wszystko-co-musisz-wiedziec-o-produktach-cbd\/\"><b>CBD<\/b><\/a>, zw\u0142aszcza pod wzgl\u0119dem jasno\u015bci umys\u0142u i czujno\u015bci.<\/span><\/p>","protected":false},"excerpt":{"rendered":"<h4>Cechy<\/h4>\n<ul>\n<li style=\"list-style-type: none;\">\n<ul>\n<li>Smak konopi: odmiana Gelato<\/li>\n<li>Pojemno\u015b\u0107: 1 ml \/ 2 ml<\/li>\n<li>Skok: do 300 \/ 600<\/li>\n<li>Wysokiej jako\u015bci naturalne terpeny<\/li>\n<li>Sativanol<\/li>\n<li>CBD: 40% i CBG: 30%<\/li>\n<li>THC: 0%, HHC: 0%, THC-P: 0%, Nikotyna: 0%<\/li>\n<li>Nie zawiera VG, PG, PEG, MCT ani innych \u015brodk\u00f3w tn\u0105cych.<\/li>\n<\/ul>\n<\/li>\n<\/ul>\n<p><span style=\"font-weight: 400;\">Ponadto nale\u017cy skonsultowa\u0107 si\u0119 z<strong>\u00a0<a href=\"https:\/\/iguanasmoke.com\/pl\/analityka\/\">analiza laboratoryjna.<\/a><\/strong><\/span><\/p>","protected":false},"featured_media":74779,"comment_status":"open","ping_status":"closed","template":"","meta":{"_acf_changed":false,"site-sidebar-layout":"default","site-content-layout":"","ast-site-content-layout":"default","site-content-style":"default","site-sidebar-style":"default","ast-global-header-display":"","ast-banner-title-visibility":"","ast-main-header-display":"","ast-hfb-above-header-display":"","ast-hfb-below-header-display":"","ast-hfb-mobile-header-display":"","site-post-title":"","ast-breadcrumbs-content":"","ast-featured-img":"","footer-sml-layout":"","theme-transparent-header-meta":"default","adv-header-id-meta":"","stick-header-meta":"","header-above-stick-meta":"","header-main-stick-meta":"","header-below-stick-meta":"","astra-migrate-meta-layouts":"set","ast-page-background-enabled":"default","ast-page-background-meta":{"desktop":{"background-color":"var(--ast-global-color-4)","background-image":"","background-repeat":"repeat","background-position":"center center","background-size":"auto","background-attachment":"scroll","background-type":"","background-media":"","overlay-type":"","overlay-color":"","overlay-opacity":"","overlay-gradient":""},"tablet":{"background-color":"","background-image":"","background-repeat":"repeat","background-position":"center center","background-size":"auto","background-attachment":"scroll","background-type":"","background-media":"","overlay-type":"","overlay-color":"","overlay-opacity":"","overlay-gradient":""},"mobile":{"background-color":"","background-image":"","background-repeat":"repeat","background-position":"center center","background-size":"auto","background-attachment":"scroll","background-type":"","background-media":"","overlay-type":"","overlay-color":"","overlay-opacity":"","overlay-gradient":""}},"ast-content-background-meta":{"desktop":{"background-color":"var(--ast-global-color-5)","background-image":"","background-repeat":"repeat","background-position":"center center","background-size":"auto","background-attachment":"scroll","background-type":"","background-media":"","overlay-type":"","overlay-color":"","overlay-opacity":"","overlay-gradient":""},"tablet":{"background-color":"var(--ast-global-color-5)","background-image":"","background-repeat":"repeat","background-position":"center center","background-size":"auto","background-attachment":"scroll","background-type":"","background-media":"","overlay-type":"","overlay-color":"","overlay-opacity":"","overlay-gradient":""},"mobile":{"background-color":"var(--ast-global-color-5)","background-image":"","background-repeat":"repeat","background-position":"center center","background-size":"auto","background-attachment":"scroll","background-type":"","background-media":"","overlay-type":"","overlay-color":"","overlay-opacity":"","overlay-gradient":""}}},"product_brand":[],"product_cat":[549,418],"product_tag":[],"class_list":{"0":"post-55684","1":"product","2":"type-product","3":"status-publish","4":"has-post-thumbnail","6":"product_cat-sativanol","7":"product_cat-vaper-cbd","8":"desktop-align-center","9":"tablet-align-center","10":"mobile-align-center","12":"first","13":"instock","14":"taxable","15":"shipping-taxable","16":"purchasable","17":"product-type-variable"},"acf":[],"yoast_head":"<!-- This site is optimized with the Yoast SEO Premium plugin v27.3 (Yoast SEO v27.3) - https:\/\/yoast.com\/product\/yoast-seo-premium-wordpress\/ -->\n<title>Vaper Sativanol Space Vape Gelato | Iguana Smoke<\/title>\n<meta name=\"description\" content=\"D\u00e9jate llevar por el Vaper Sativanol Space Vape Gelato, dise\u00f1ado para una experiencia de vapeo incre\u00edble. \u00a1No esperes m\u00e1s, pru\u00e9balo!\" \/>\n<meta name=\"robots\" content=\"index, follow, max-snippet:-1, max-image-preview:large, max-video-preview:-1\" \/>\n<link rel=\"canonical\" href=\"https:\/\/iguanasmoke.com\/pl\/product-2\/space-vape-gelato-sativanol-vaper\/\" \/>\n<meta property=\"og:locale\" content=\"pl_PL\" \/>\n<meta property=\"og:type\" content=\"article\" \/>\n<meta property=\"og:title\" content=\"Vaper Sativanol - Space Vape Gelato\" \/>\n<meta property=\"og:description\" content=\"Caracter\u00edsticas      Sabor cann\u00e1bico: a la cepa Gelato  Capacidad: 1 ml \/ 2 ml  Caladas: hasta 300 \/ 600  Terpenos naturales de alta calidad  Sativanol  CBD: 40% y CBG: 30%  THC: 0%, HHC: 0%, THC-P: 0%, Nicotina: 0%  No contiene VG, PG, PEG, MCT u otro agente de corte.    Adem\u00e1s, consulta\u00a0el an\u00e1lisis de laboratorio.\" \/>\n<meta property=\"og:url\" content=\"https:\/\/iguanasmoke.com\/pl\/product-2\/space-vape-gelato-sativanol-vaper\/\" \/>\n<meta property=\"og:site_name\" content=\"Iguana Smoke\" \/>\n<meta property=\"article:publisher\" content=\"https:\/\/www.facebook.com\/iguanasmoke\" \/>\n<meta property=\"article:modified_time\" content=\"2026-03-16T00:10:15+00:00\" \/>\n<meta property=\"og:image\" content=\"https:\/\/iguanasmoke.com\/wp-content\/uploads\/2025\/04\/Mockup-gelato-nrj-der-pod.webp\" \/>\n\t<meta property=\"og:image:width\" content=\"1000\" \/>\n\t<meta property=\"og:image:height\" content=\"1000\" \/>\n\t<meta property=\"og:image:type\" content=\"image\/webp\" \/>\n<meta name=\"twitter:card\" content=\"summary_large_image\" \/>\n<meta name=\"twitter:label1\" content=\"Dost\u0119pno\u015b\u0107\" \/>\n\t<meta name=\"twitter:data1\" content=\"Dost\u0119pny\" \/>\n<meta property=\"product:brand\" content=\"variable\" \/>\n<meta property=\"og:availability\" content=\"instock\" \/>\n<meta property=\"product:availability\" content=\"instock\" \/>\n<meta property=\"product:condition\" content=\"new\" \/>\n<!-- \/ Yoast SEO Premium plugin. -->","yoast_head_json":{"title":"Vaper Sativanol Space Vape Gelato: Iguana Smoke","description":"Daj si\u0119 ponie\u015b\u0107 Vaper Sativanol Space Vape Gelato, zaprojektowanemu z my\u015bl\u0105 o niesamowitych wra\u017ceniach z waporyzacji, nie czekaj d\u0142u\u017cej, spr\u00f3buj!","robots":{"index":"index","follow":"follow","max-snippet":"max-snippet:-1","max-image-preview":"max-image-preview:large","max-video-preview":"max-video-preview:-1"},"canonical":"https:\/\/iguanasmoke.com\/pl\/product-2\/space-vape-gelato-sativanol-vaper\/","og_locale":"pl_PL","og_type":"article","og_title":"Vaper Sativanol - Space Vape Gelato","og_description":"Caracter\u00edsticas      Sabor cann\u00e1bico: a la cepa Gelato  Capacidad: 1 ml \/ 2 ml  Caladas: hasta 300 \/ 600  Terpenos naturales de alta calidad  Sativanol  CBD: 40% y CBG: 30%  THC: 0%, HHC: 0%, THC-P: 0%, Nicotina: 0%  No contiene VG, PG, PEG, MCT u otro agente de corte.    Adem\u00e1s, consulta\u00a0el an\u00e1lisis de laboratorio.","og_url":"https:\/\/iguanasmoke.com\/pl\/product-2\/space-vape-gelato-sativanol-vaper\/","og_site_name":"Iguana Smoke","article_publisher":"https:\/\/www.facebook.com\/iguanasmoke","article_modified_time":"2026-03-16T00:10:15+00:00","og_image":[{"width":1000,"height":1000,"url":"https:\/\/iguanasmoke.com\/wp-content\/uploads\/2025\/04\/Mockup-gelato-nrj-der-pod.webp","type":"image\/webp"}],"twitter_card":"summary_large_image","twitter_misc":{"Dost\u0119pno\u015b\u0107":"Dost\u0119pny"},"schema":{"@context":"https:\/\/schema.org","@graph":[{"@type":"WebPage","@id":"https:\/\/iguanasmoke.com\/producto\/vaper-sativanol-space-vape-gelato\/","url":"https:\/\/iguanasmoke.com\/producto\/vaper-sativanol-space-vape-gelato\/","name":"Vaper Sativanol Space Vape Gelato: Iguana Smoke","isPartOf":{"@id":"https:\/\/iguanasmoke.com\/#website"},"primaryImageOfPage":{"@id":"https:\/\/iguanasmoke.com\/producto\/vaper-sativanol-space-vape-gelato\/#primaryimage"},"image":{"@id":"https:\/\/iguanasmoke.com\/producto\/vaper-sativanol-space-vape-gelato\/#primaryimage"},"thumbnailUrl":"https:\/\/iguanasmoke.com\/wp-content\/uploads\/2025\/04\/Mockup-gelato-nrj-der-pod.webp","datePublished":"2025-04-25T17:45:27+00:00","dateModified":"2026-03-16T00:10:15+00:00","description":"Daj si\u0119 ponie\u015b\u0107 Vaper Sativanol Space Vape Gelato, zaprojektowanemu z my\u015bl\u0105 o niesamowitych wra\u017ceniach z waporyzacji, nie czekaj d\u0142u\u017cej, spr\u00f3buj!","breadcrumb":{"@id":"https:\/\/iguanasmoke.com\/producto\/vaper-sativanol-space-vape-gelato\/#breadcrumb"},"inLanguage":"pl-PL","potentialAction":[{"@type":"ReadAction","target":["https:\/\/iguanasmoke.com\/producto\/vaper-sativanol-space-vape-gelato\/"]}]},{"@type":"ImageObject","inLanguage":"pl-PL","@id":"https:\/\/iguanasmoke.com\/producto\/vaper-sativanol-space-vape-gelato\/#primaryimage","url":"https:\/\/iguanasmoke.com\/wp-content\/uploads\/2025\/04\/Mockup-gelato-nrj-der-pod.webp","contentUrl":"https:\/\/iguanasmoke.com\/wp-content\/uploads\/2025\/04\/Mockup-gelato-nrj-der-pod.webp","width":1000,"height":1000,"caption":"Caja m\u00e1s vaper naranja Gelato STV 2ml dcha"},{"@type":"BreadcrumbList","@id":"https:\/\/iguanasmoke.com\/producto\/vaper-sativanol-space-vape-gelato\/#breadcrumb","itemListElement":[{"@type":"ListItem","position":1,"name":"home","item":"https:\/\/iguanasmoke.com\/"},{"@type":"ListItem","position":2,"name":"Tienda","item":"https:\/\/iguanasmoke.com\/tienda\/"},{"@type":"ListItem","position":3,"name":"Vaper CBD","item":"https:\/\/iguanasmoke.com\/categoria\/vaper-cbd\/"},{"@type":"ListItem","position":4,"name":"Vaper Sativanol &#8211; Space Vape Gelato"}]},{"@type":"WebSite","@id":"https:\/\/iguanasmoke.com\/#website","url":"https:\/\/iguanasmoke.com\/","name":"Iguana Smoke","description":"Kup CBD online w najlepszej cenie","publisher":{"@id":"https:\/\/iguanasmoke.com\/#organization"},"potentialAction":[{"@type":"SearchAction","target":{"@type":"EntryPoint","urlTemplate":"https:\/\/iguanasmoke.com\/?s={search_term_string}"},"query-input":{"@type":"PropertyValueSpecification","valueRequired":true,"valueName":"search_term_string"}}],"inLanguage":"pl-PL"},{"@type":"Organization","@id":"https:\/\/iguanasmoke.com\/#organization","name":"Iguana Smoke","url":"https:\/\/iguanasmoke.com\/","logo":{"@type":"ImageObject","inLanguage":"pl-PL","@id":"https:\/\/iguanasmoke.com\/#\/schema\/logo\/image\/","url":"https:\/\/iguanasmoke.com\/wp-content\/uploads\/2025\/01\/logoiguana-favi-1.png","contentUrl":"https:\/\/iguanasmoke.com\/wp-content\/uploads\/2025\/01\/logoiguana-favi-1.png","width":512,"height":512,"caption":"Iguana Smoke"},"image":{"@id":"https:\/\/iguanasmoke.com\/#\/schema\/logo\/image\/"},"sameAs":["https:\/\/www.facebook.com\/iguanasmoke","https:\/\/www.instagram.com\/iguanasmoke\/"]}]},"product_brand":"variable","og_availability":"instock","product_availability":"instock","product_condition":"new"},"_links":{"self":[{"href":"https:\/\/iguanasmoke.com\/pl\/wp-json\/wp\/v2\/product\/55684","targetHints":{"allow":["GET"]}}],"collection":[{"href":"https:\/\/iguanasmoke.com\/pl\/wp-json\/wp\/v2\/product"}],"about":[{"href":"https:\/\/iguanasmoke.com\/pl\/wp-json\/wp\/v2\/types\/product"}],"replies":[{"embeddable":true,"href":"https:\/\/iguanasmoke.com\/pl\/wp-json\/wp\/v2\/comments?post=55684"}],"wp:featuredmedia":[{"embeddable":true,"href":"https:\/\/iguanasmoke.com\/pl\/wp-json\/wp\/v2\/media\/74779"}],"wp:attachment":[{"href":"https:\/\/iguanasmoke.com\/pl\/wp-json\/wp\/v2\/media?parent=55684"}],"wp:term":[{"taxonomy":"product_brand","embeddable":true,"href":"https:\/\/iguanasmoke.com\/pl\/wp-json\/wp\/v2\/product_brand?post=55684"},{"taxonomy":"product_cat","embeddable":true,"href":"https:\/\/iguanasmoke.com\/pl\/wp-json\/wp\/v2\/product_cat?post=55684"},{"taxonomy":"product_tag","embeddable":true,"href":"https:\/\/iguanasmoke.com\/pl\/wp-json\/wp\/v2\/product_tag?post=55684"}],"curies":[{"name":"wp","href":"https:\/\/api.w.org\/{rel}","templated":true}]}}