{"id":56379,"date":"2025-05-05T19:04:59","date_gmt":"2025-05-05T17:04:59","guid":{"rendered":"https:\/\/iguanasmoke.com\/?post_type=product&#038;p=56379"},"modified":"2026-03-30T12:39:08","modified_gmt":"2026-03-30T10:39:08","slug":"wklad-z-sativanolem-lemon-haze","status":"publish","type":"product","link":"https:\/\/iguanasmoke.com\/pl\/producto\/cartucho-sativanol-lemon-haze\/","title":{"rendered":"Sativanol Space Cartridge - Lemon Haze"},"content":{"rendered":"<h1 data-start=\"1609\" data-end=\"1642\"><span style=\"font-weight: 400\">Sativanol Space Cartridge - Lemon Haze<\/span><\/h1>\n<p><span style=\"font-weight: 400\">Je\u015bli szukasz waporyzatora Sativanol, kt\u00f3ry obudzi Ci\u0119 jak promie\u0144 s\u0142o\u0144ca o smaku <strong>cytryna<\/strong>, w <\/span><span style=\"font-weight: 400\"><strong>Wk\u0142ad Sativanol Lemon Haze <\/strong>jest tym, na co czeka\u0142e\u015b. <\/span><span style=\"font-weight: 400\">Zaprojektowany dla tych, kt\u00f3rzy szukaj\u0105 <strong>pot\u0119\u017cne i skuteczne do\u015bwiadczenie vape.<\/strong><\/span><\/p>\n<p><span style=\"font-weight: 400\">\u0141\u0105czy w sobie si\u0142\u0119 Sativanolu, jednej z najnowszych cz\u0105steczek na rynku, zaprojektowanej w celu zapewnienia energii i skupienia bez ci\u0119\u017cko\u015bci THC. Wraz z pikantnym, cytrusowym smakiem i aromatem odmiany Lemon Haze, znanej jako jedna z najbardziej orze\u017awiaj\u0105cych i kultowych odmian Sativa w \u015bwiecie konopi. <\/span><\/p>\n<p><span style=\"font-weight: 400\">Formu\u0142a jest uzupe\u0142niana przez <strong>nie zawiera \u015brodk\u00f3w tn\u0105cych, nikotyny i HHC<\/strong>, aby\u015b m\u00f3g\u0142 cieszy\u0107 si\u0119 czystym, legalnym i wysokiej jako\u015bci produktem.\u00a0<\/span><\/p>\n<p><span style=\"font-weight: 400\">Poznaj <strong>Nowe cz\u0105steczki<\/strong> kt\u00f3re odnios\u0105 sukces i zast\u0105pi\u0105 nasze s\u0142ynne <em>HHC Space Vape<\/em>. Kupi\u0107 <strong>vaper<\/strong><\/span><span style=\"font-weight: 400\"><strong> STV<\/strong> oznacza noszenie technologii konopi przysz\u0142o\u015bci w kieszeni. <strong>Bez THC<\/strong>, <strong>ale jest efekt<\/strong>; <strong>bez dymu<\/strong>, <strong>ale jest chmura<\/strong>; Nie ma w\u0105tpliwo\u015bci, poniewa\u017c <strong>Ten wk\u0142ad Sativanol Lemon Haze jest czystym cudem.<\/strong><\/span><\/p>\n<p>&nbsp;<\/p>\n<h2><strong>Czym jest STV lub Sativanol?<\/strong><\/h2>\n<p><span style=\"font-weight: 400\">The <strong>Sativanol<\/strong>, <strong>STV<\/strong> o <strong>Super Sativa<\/strong> to najnowszej generacji cz\u0105steczka pochodz\u0105ca z konopi, kt\u00f3ra nie zawiera THC ani jego pochodnych (HHC, THCP...), ale jej dzia\u0142anie jest por\u00f3wnywalne z dzia\u0142aniem <strong>Silna sativa<\/strong>zapewnia jasno\u015b\u0107 umys\u0142u, \u0142agodn\u0105 eufori\u0119 i dobre samopoczucie bez zamroczenia i depresji.\u00a0\u00a0<\/span><\/p>\n<p>Formu\u0142a <span style=\"font-weight: 400\">Sativanol <\/span>jest idealny dla tych, kt\u00f3rzy musz\u0105 by\u0107 aktywni, kreatywni lub po prostu chc\u0105 cieszy\u0107 si\u0119 chwil\u0105 jasno\u015bci umys\u0142u bez od\u0142\u0105czania si\u0119.<\/p>\n<p>&nbsp;<\/p>\n<h2>Profil terpenowy wk\u0142adu Sativanol Lemon Haze:<\/h2>\n<p><span style=\"font-weight: 400\">Odmiana Lemon Haze s\u0142ynie z jasnego, cytrusowego i \u015bwie\u017cego aromatu. Podczas waporyzacji zauwa\u017cysz idealn\u0105 r\u00f3wnowag\u0119 s\u0142odyczy i kwasowo\u015bci, z nutami sk\u00f3rki cytrynowej, przypraw i zio\u0142owego wyko\u0144czenia. Do tego wszystkiego musimy doda\u0107 <\/span>dotyk Sativanolu, dzi\u0119ki kt\u00f3remu uzyskasz funkcjonalny i przyjemny efekt. Jego kombinacja terpen\u00f3w obejmuje:<\/p>\n<ul>\n<li>Limonen: \u015bwie\u017cy i cytrusowy, podnosz\u0105cy na duchu i redukuj\u0105cy stres.<\/li>\n<li>Myrcene: ziemisty i \u0142agodny, pomaga zr\u00f3wnowa\u017cy\u0107 efekt.<\/li>\n<li>Pinene: od\u015bwie\u017caj\u0105cy drzewny akcent, poprawia jasno\u015b\u0107 umys\u0142u.<\/li>\n<\/ul>\n<p>&nbsp;<\/p>\n<h2><strong>G\u0142\u00f3wne cechy:<\/strong><\/h2>\n<ul>\n<li><span style=\"font-weight: 400\"><strong>Wysokiej jako\u015bci sativanol<\/strong>, z naturalnym profilem kannabinoidowym.<\/span><\/li>\n<li><span style=\"font-weight: 400\"><strong>Organiczny ekstrakt z konopi<\/strong>, wolne od dodatk\u00f3w i rozpuszczalnik\u00f3w.<\/span><\/li>\n<li><span style=\"font-weight: 400\">Dost\u0119pne w <strong>1 ml i 2 ml<\/strong>. <\/span><\/li>\n<li><span style=\"font-weight: 400\">Do <strong>300 zaci\u0105gni\u0119\u0107 (1 ml) i 600 zaci\u0105gni\u0119\u0107 (2 ml)<\/strong>.<\/span><\/li>\n<li><span style=\"font-weight: 400\"><strong>Brak wykrywalnego THC<\/strong>. <\/span><\/li>\n<li><span style=\"font-weight: 400\"><strong>Jako\u015b\u0107 gwarantowana przez Iguana Smoke<\/strong>.<\/span><\/li>\n<\/ul>\n<p>&nbsp;<\/p>\n<h2><strong>Korzy\u015bci:<\/strong><\/h2>\n<ul>\n<li><span style=\"font-weight: 400\">Zawiera <b>Sativanol: <\/b>legalny kannabinoid niezawieraj\u0105cy THC.<\/span><\/li>\n<li><span style=\"font-weight: 400\">Promuje \u0142agodn\u0105, ale intensywn\u0105 eufori\u0119, z uczuciem aktywacji bez nadmiaru.<\/span><\/li>\n<li><span style=\"font-weight: 400\"><strong>Pot\u0119\u017cny efekt bez <\/strong>poczu\u0107 efekty<strong> niepo\u017c\u0105dane \u015brodki psychoaktywne: czas trwania<\/strong> <strong>d\u0142ugi<\/strong> (<strong>3-4 godziny<\/strong>)<\/span><\/li>\n<li><span style=\"font-weight: 400\">Idealny dla <strong>codzienne u\u017cytkowanie:<\/strong>\u00a0<strong>brak zapachu, brak spalania, brak tolerancji<\/strong>.<\/span><\/li>\n<li>Aromat cytrynowy.<\/li>\n<li>Niesamowite wra\u017cenia sensoryczne - pokochasz to!<\/li>\n<\/ul>\n<p><span style=\"font-weight: 400\">The <strong>vaper Sativanol<\/strong>\u00a0to najwygodniejszy i najczystszy spos\u00f3b, aby cieszy\u0107 si\u0119 wszystkimi zaletami <strong>Korzy\u015bci ze stosowania Sativanolu<\/strong>, Bez konserwacji, bez zamieszania, bez k\u0142opot\u00f3w.\u00a0<\/span><\/p>\n<p>&nbsp;<\/p>\n<h2><strong>Co to jest jednorazowy wk\u0142ad STV?<\/strong><\/h2>\n<p><span style=\"font-weight: 400\">A <strong>Jednorazowy wk\u0142ad z sativanolem<\/strong> jest ma\u0142ym cylindrem z <strong>510, z\u0142\u0105cze 1 ml lub 2 ml<\/strong> kt\u00f3ry jest dostarczany z p\u0142ynem Sativanol. Du\u017ca r\u00f3\u017cnica w por\u00f3wnaniu z innymi rodzajami wk\u0142ad\u00f3w polega na tym, \u017ce nie trzeba ich uzupe\u0142nia\u0107 ani uzupe\u0142nia\u0107: <strong>gdy si\u0119 sko\u0144czy, jest po prostu wyrzucany<\/strong>.\u00a0<\/span><\/p>\n<p><span style=\"font-weight: 400\">Istniej\u0105 r\u00f3wnie\u017c <a href=\"https:\/\/iguanasmoke.com\/pl\/kategoria\/nowe-czasteczki\/sativanol\/\">Jednorazowe vapery Sativanol<\/a> (wszystko w jednym) z wbudowan\u0105 bateri\u0105 i wk\u0142adem, gotowe do u\u017cycia zaraz po wyj\u0119ciu z pude\u0142ka.\u00a0<\/span><\/p>\n<p>&nbsp;<\/p>\n<h2><span style=\"font-weight: 400\"><strong>Baterie do kartrid\u017ca Sativanol Lemon Haze<\/strong>:<\/span><\/h2>\n<p><span style=\"font-weight: 400\">Nie zapomnij kupi\u0107 <strong>akumulator 510<\/strong> <strong>niezawodny<\/strong>, <strong>d\u0142ugotrwa\u0142y<\/strong>. Dlatego w <strong>Iguana Smoke<\/strong> oferujemy r\u00f3\u017cne modele zaprojektowane w celu zagwarantowania <strong>jednolita mgie\u0142ka<\/strong>, <strong>czysty smak<\/strong> oraz <strong>Wygodne i bezpieczne do\u015bwiadczenie waporyzacji<\/strong>.<\/span><\/p>\n<ul>\n<li><span style=\"font-weight: 400\"><a href=\"https:\/\/iguanasmoke.com\/pl\/product-2\/iguana-power-bateria-510-para-cartuchos-de-1ml\/\"><strong>Bateria 510 z gwintem do kartrid\u017cy 1 ml<\/strong><\/a>Kompaktowy rozmiar, dyskretny i \u0142atwy do przenoszenia, a jego moc jest idealnie skalibrowana, aby wydoby\u0107 pe\u0142ny profil aromatyczny Sativanolu bez przegrzewania p\u0142ynu. <em>Jego pojemno\u015b\u0107 wynosi 320 mAh.<\/em><\/span><\/li>\n<li><span style=\"font-weight: 400\"><a href=\"https:\/\/iguanasmoke.com\/pl\/product-2\/iguana-power-bateria-510-para-cartuchos-de-2ml\/\"><strong>Bateria 510 z gwintem do kartrid\u017cy 2 ml<\/strong><\/a>Wk\u0142ady Sativanol: Oferuj\u0105 wi\u0119ksz\u0105 autonomi\u0119, przeznaczone dla u\u017cytkownik\u00f3w, kt\u00f3rzy lubi\u0105 d\u0142u\u017csze sesje lub wol\u0105 rzadziej wymienia\u0107 wk\u0142ady Sativanol. Gwarantuj\u0105 <strong>Stabilna moc i sta\u0142a wydajno\u015b\u0107<\/strong>. <em>Jego pojemno\u015b\u0107 wynosi 400 mAh<\/em>.\u00a0<\/span><\/li>\n<li><a href=\"https:\/\/iguanasmoke.com\/pl\/product-2\/iguana-power-cartbox-battery-bateria-510-para-cartuchos\/\">Kieszonkowy akumulator Cartbox z gwintem 510<\/a>; Kompatybilno\u015b\u0107 2 w 1: <strong><span style=\"font-weight: 400\">A je\u015bli szukasz wszechstronno\u015bci, ten model jest kompatybilny z wk\u0142adami 1 ml i 2 ml, \u0142\u0105cz\u0105c autonomi\u0119, dyskrecj\u0119 i regulowan\u0105 moc. Idealny dla tych, kt\u00f3rzy chc\u0105 jednego urz\u0105dzenia, kt\u00f3re pasuje do wszystkiego. <em>Jego pojemno\u015b\u0107 wynosi 650 mAh<\/em>.\u00a0<\/span><\/strong><\/li>\n<\/ul>\n<h3><\/h3>\n<h3><b>Dlaczego warto kupowa\u0107 kartrid\u017ce? <span style=\"font-weight: 400\"><strong>Sativanol <\/strong><\/span><\/b><b>Lemon Haze w Iguana Smoke?<\/b><\/h3>\n<p><span style=\"font-weight: 400\">Przy <strong>Iguana Smoke<\/strong>, Naszym priorytetem jest jako\u015b\u0107 i przejrzysto\u015b\u0107. Nasz <strong>Wk\u0142ady z sativanolem <\/strong>s\u0105 wykonane z naturalnych i ekologicznych ekstrakt\u00f3w, oferuj\u0105c produkty <\/span><span style=\"font-weight: 400\"><strong>bezpieczny i wydajny <\/strong>kt\u00f3re zachowuj\u0105 wszystkie kannabinoidy i terpeny. Podobnie jak w przypadku naszych <strong>Wk\u0142ad Sativanol Lemon Haze<\/strong>, kt\u00f3ry wyr\u00f3\u017cnia si\u0119 mocnym cytrusowym smakiem.<\/span><\/p>\n<p><span style=\"font-weight: 400\">To jest bezpieczne miejsce do <strong>kupi\u0107 Sativanol vaper online w Hiszpanii.<\/strong> Wszystkie nasze produkty s\u0105 zatwierdzone przez UE, co gwarantuje ich legalno\u015b\u0107 i bezpiecze\u0144stwo. Ponadto, je\u015bli chcesz, mo\u017cesz skonsultowa\u0107 si\u0119 z<\/span><span style=\"font-weight: 400\"> <a href=\"https:\/\/iguanasmoke.com\/pl\/analityka\/\">tutaj analiza laboratoryjna.<\/a>\u00a0<\/span><\/p>\n<p><span style=\"font-weight: 400\">Nie zapomnij zapozna\u0107 si\u0119 z innymi <strong>vapers Sativanol <\/strong>jako <a href=\"https:\/\/iguanasmoke.com\/pl\/product-2\/vaper-stv-space-vape-lemon-haze-sativanol\/\">Space Vape Lemon Haze Sativanol Vaper<\/a> u <\/span><span style=\"font-weight: 400\">inne <strong>TOP produkty<\/strong> jako <a href=\"https:\/\/iguanasmoke.com\/pl\/product-2\/vaper-10oh-space-vape-lemon\/\">Vaper 10-OH Space Vape <\/a> lub <a href=\"https:\/\/iguanasmoke.com\/pl\/product-2\/hash-cbd-lemon-haze-20\/\">hash CBD Lemon Haze<\/a>. <\/span><span style=\"font-weight: 400\">Kr\u00f3tko m\u00f3wi\u0105c, poznaj nasz\u0105 r\u00f3\u017cnorodno\u015b\u0107 i znajd\u017a swoje ulubione ju\u017c teraz.<\/span><span style=\"font-weight: 400\">\u00a0<\/span><\/p>\n<p>&nbsp;<\/p>\n<h3><b>Iguana Smoke to zaufany internetowy sklep CBD<\/b><\/h3>\n<p><span style=\"font-weight: 400\">W Iguana Smoke wierzymy, \u017ce korzystanie z CBD powinno by\u0107 bezpiecznym i przyjemnym do\u015bwiadczeniem. Dlatego oferujemy wysokiej jako\u015bci produkty, kt\u00f3re \u0142\u0105cz\u0105 si\u0119 z nowymi pokoleniami: lud\u017ami, kt\u00f3rzy szukaj\u0105 nieskomplikowanego wellness, z autentycznymi i niezawodnymi markami.\u00a0<\/span><\/p>\n<p>Nasza misja jest jasna: dostarcza\u0107 ci to, co najlepsze w \u015bwiecie kannabinoid\u00f3w w uczciwej cenie, ze spokojem wynikaj\u0105cym ze \u015bwiadomo\u015bci, \u017ce wybierasz certyfikowany, skuteczny i legalny produkt 100%.<\/p>\n<p>Nadal masz w\u0105tpliwo\u015bci? Napisz do nas, a z przyjemno\u015bci\u0105 pomo\u017cemy Ci znale\u017a\u0107 odpowiedni produkt.<\/p>\n<p>&nbsp;<\/p>\n<p><em><span style=\"font-weight: 400\">*Uwaga: zgodnie z hiszpa\u0144skim prawem jest on przeznaczony do zbierania lub aromaterapii. <\/span><\/em><\/p>\n<p><em><span style=\"font-weight: 400\">**Wszystkie nasze produkty pochodz\u0105 z certyfikowanych konopi przemys\u0142owych. Zawieraj\u0105 mniej ni\u017c 0,3 THC i nie zawieraj\u0105 nielegalnych kannabinoid\u00f3w, takich jak HHC, HHC-P, THCP, THCP-O, H4CBD i tych zawartych w za\u0142\u0105czniku I do dekretu kr\u00f3lewskiego 2829\/1977, ani substancji kontrolowanych przez konwencje mi\u0119dzynarodowe.\u00a0\u00a0<\/span><\/em><\/p>\n<p data-start=\"4281\" data-end=\"4419\">","protected":false},"excerpt":{"rendered":"<p>Ciesz si\u0119 niesamowitym kartrid\u017cem ju\u017c teraz <span style=\"font-weight: 400\"><strong>Sativanol<\/strong> <\/span>Lemon Haze:<\/p>\n<ul>\n<li>Pod\u0142\u0105czenie: typ 510<\/li>\n<li>Pojemno\u015b\u0107: <span style=\"font-size: 16px\">1 ml (300 zaci\u0105gni\u0119\u0107)\/ 2 ml (600 zaci\u0105gni\u0119\u0107)<\/span><\/li>\n<li>Sativanol<\/li>\n<li>CBD: 40%, CBG: 30%<\/li>\n<li>THC: 0%, HHC: 0%<\/li>\n<li>THC-P: 0%, Nikotyna: 0%<\/li>\n<li>Nie zawiera VG, PG, PEG, MCT ani \u017cadnych innych \u015brodk\u00f3w tn\u0105cych.<\/li>\n<\/ul>\n<p><span style=\"font-weight: 400\">Ponadto nale\u017cy skonsultowa\u0107 si\u0119 z<strong>\u00a0<a href=\"https:\/\/iguanasmoke.com\/pl\/analityka\/\">analiza laboratoryjna.<\/a><\/strong><\/span><\/p>","protected":false},"featured_media":56359,"comment_status":"open","ping_status":"closed","template":"","meta":{"_acf_changed":false,"site-sidebar-layout":"default","site-content-layout":"default","ast-site-content-layout":"default","site-content-style":"default","site-sidebar-style":"default","ast-global-header-display":"","ast-banner-title-visibility":"","ast-main-header-display":"","ast-hfb-above-header-display":"","ast-hfb-below-header-display":"","ast-hfb-mobile-header-display":"","site-post-title":"","ast-breadcrumbs-content":"","ast-featured-img":"","footer-sml-layout":"","theme-transparent-header-meta":"default","adv-header-id-meta":"","stick-header-meta":"","header-above-stick-meta":"","header-main-stick-meta":"","header-below-stick-meta":"","astra-migrate-meta-layouts":"set","ast-page-background-enabled":"default","ast-page-background-meta":{"desktop":{"background-color":"var(--ast-global-color-4)","background-image":"","background-repeat":"repeat","background-position":"center center","background-size":"auto","background-attachment":"scroll","background-type":"","background-media":"","overlay-type":"","overlay-color":"","overlay-opacity":"","overlay-gradient":""},"tablet":{"background-color":"","background-image":"","background-repeat":"repeat","background-position":"center center","background-size":"auto","background-attachment":"scroll","background-type":"","background-media":"","overlay-type":"","overlay-color":"","overlay-opacity":"","overlay-gradient":""},"mobile":{"background-color":"","background-image":"","background-repeat":"repeat","background-position":"center center","background-size":"auto","background-attachment":"scroll","background-type":"","background-media":"","overlay-type":"","overlay-color":"","overlay-opacity":"","overlay-gradient":""}},"ast-content-background-meta":{"desktop":{"background-color":"var(--ast-global-color-5)","background-image":"","background-repeat":"repeat","background-position":"center center","background-size":"auto","background-attachment":"scroll","background-type":"","background-media":"","overlay-type":"","overlay-color":"","overlay-opacity":"","overlay-gradient":""},"tablet":{"background-color":"var(--ast-global-color-5)","background-image":"","background-repeat":"repeat","background-position":"center center","background-size":"auto","background-attachment":"scroll","background-type":"","background-media":"","overlay-type":"","overlay-color":"","overlay-opacity":"","overlay-gradient":""},"mobile":{"background-color":"var(--ast-global-color-5)","background-image":"","background-repeat":"repeat","background-position":"center center","background-size":"auto","background-attachment":"scroll","background-type":"","background-media":"","overlay-type":"","overlay-color":"","overlay-opacity":"","overlay-gradient":""}}},"product_brand":[],"product_cat":[419,549,418],"product_tag":[],"class_list":{"0":"post-56379","1":"product","2":"type-product","3":"status-publish","4":"has-post-thumbnail","6":"product_cat-cartuchos-cbd","7":"product_cat-sativanol","8":"product_cat-vaper-cbd","9":"desktop-align-center","10":"tablet-align-center","11":"mobile-align-center","13":"first","14":"instock","15":"taxable","16":"shipping-taxable","17":"purchasable","18":"product-type-variable"},"acf":[],"yoast_head":"<!-- This site is optimized with the Yoast SEO Premium plugin v27.3 (Yoast SEO v27.3) - https:\/\/yoast.com\/product\/yoast-seo-premium-wordpress\/ -->\n<title>Cartucho Sativanol Lemon Haze | Iguana Smoke<\/title>\n<meta name=\"description\" content=\"Experimenta la potencia del Cartucho Sativanol Lemon Haze y disfruta de una sesi\u00f3n de vapeo \u00fanica y relajante con este vaper Sativanol . \u00a1No te lo pierdas!\" \/>\n<meta name=\"robots\" content=\"index, follow, max-snippet:-1, max-image-preview:large, max-video-preview:-1\" \/>\n<link rel=\"canonical\" href=\"https:\/\/iguanasmoke.com\/pl\/product-2\/wklad-z-sativanolem-lemon-haze\/\" \/>\n<meta property=\"og:locale\" content=\"pl_PL\" \/>\n<meta property=\"og:type\" content=\"article\" \/>\n<meta property=\"og:title\" content=\"Cartucho Sativanol Space - Lemon Haze\" \/>\n<meta property=\"og:description\" content=\"Disfruta ahora del incre\u00edble cartucho Sativanol Lemon Haze:   Conexi\u00f3n: tipo 510  Capacidad: 1 ml (300 caladas)\/ 2 ml (600 caladas)  Sativanol  CBD: 40%,\u00a0CBG: 30%  THC: 0%, HHC: 0%  THC-P: 0%, Nicotina: 0%  No contiene VG, PG, PEG, MCT o cualquier otro agente de corte  Adem\u00e1s, consulta\u00a0el an\u00e1lisis de laboratorio.\" \/>\n<meta property=\"og:url\" content=\"https:\/\/iguanasmoke.com\/pl\/product-2\/wklad-z-sativanolem-lemon-haze\/\" \/>\n<meta property=\"og:site_name\" content=\"Iguana Smoke\" \/>\n<meta property=\"article:publisher\" content=\"https:\/\/www.facebook.com\/iguanasmoke\" \/>\n<meta property=\"article:modified_time\" content=\"2026-03-30T10:39:08+00:00\" \/>\n<meta property=\"og:image\" content=\"https:\/\/iguanasmoke.com\/wp-content\/uploads\/2025\/05\/Bolsa-Cart-HHC-Lemon-bolsa-2025.webp\" \/>\n\t<meta property=\"og:image:width\" content=\"1000\" \/>\n\t<meta property=\"og:image:height\" content=\"1000\" \/>\n\t<meta property=\"og:image:type\" content=\"image\/webp\" \/>\n<meta name=\"twitter:card\" content=\"summary_large_image\" \/>\n<meta name=\"twitter:label1\" content=\"Dost\u0119pno\u015b\u0107\" \/>\n\t<meta name=\"twitter:data1\" content=\"Dost\u0119pny\" \/>\n<meta property=\"product:brand\" content=\"variable\" \/>\n<meta property=\"og:availability\" content=\"instock\" \/>\n<meta property=\"product:availability\" content=\"instock\" \/>\n<meta property=\"product:condition\" content=\"new\" \/>\n<!-- \/ Yoast SEO Premium plugin. -->","yoast_head_json":{"title":"Wk\u0142ad Sativanol Lemon Haze | Iguana Smoke Cartridge","description":"Poznaj moc wk\u0142adu Sativanol Lemon Haze i ciesz si\u0119 wyj\u0105tkow\u0105 i relaksuj\u0105c\u0105 sesj\u0105 waporyzacji z tym waporyzatorem Sativanol. Nie przegap tego!","robots":{"index":"index","follow":"follow","max-snippet":"max-snippet:-1","max-image-preview":"max-image-preview:large","max-video-preview":"max-video-preview:-1"},"canonical":"https:\/\/iguanasmoke.com\/pl\/product-2\/wklad-z-sativanolem-lemon-haze\/","og_locale":"pl_PL","og_type":"article","og_title":"Cartucho Sativanol Space - Lemon Haze","og_description":"Disfruta ahora del incre\u00edble cartucho Sativanol Lemon Haze:   Conexi\u00f3n: tipo 510  Capacidad: 1 ml (300 caladas)\/ 2 ml (600 caladas)  Sativanol  CBD: 40%,\u00a0CBG: 30%  THC: 0%, HHC: 0%  THC-P: 0%, Nicotina: 0%  No contiene VG, PG, PEG, MCT o cualquier otro agente de corte  Adem\u00e1s, consulta\u00a0el an\u00e1lisis de laboratorio.","og_url":"https:\/\/iguanasmoke.com\/pl\/product-2\/wklad-z-sativanolem-lemon-haze\/","og_site_name":"Iguana Smoke","article_publisher":"https:\/\/www.facebook.com\/iguanasmoke","article_modified_time":"2026-03-30T10:39:08+00:00","og_image":[{"width":1000,"height":1000,"url":"https:\/\/iguanasmoke.com\/wp-content\/uploads\/2025\/05\/Bolsa-Cart-HHC-Lemon-bolsa-2025.webp","type":"image\/webp"}],"twitter_card":"summary_large_image","twitter_misc":{"Dost\u0119pno\u015b\u0107":"Dost\u0119pny"},"schema":{"@context":"https:\/\/schema.org","@graph":[{"@type":"WebPage","@id":"https:\/\/iguanasmoke.com\/producto\/cartucho-sativanol-lemon-haze\/","url":"https:\/\/iguanasmoke.com\/producto\/cartucho-sativanol-lemon-haze\/","name":"Wk\u0142ad Sativanol Lemon Haze | Iguana Smoke Cartridge","isPartOf":{"@id":"https:\/\/iguanasmoke.com\/#website"},"primaryImageOfPage":{"@id":"https:\/\/iguanasmoke.com\/producto\/cartucho-sativanol-lemon-haze\/#primaryimage"},"image":{"@id":"https:\/\/iguanasmoke.com\/producto\/cartucho-sativanol-lemon-haze\/#primaryimage"},"thumbnailUrl":"https:\/\/iguanasmoke.com\/wp-content\/uploads\/2025\/05\/Bolsa-Cart-HHC-Lemon-bolsa-2025.webp","datePublished":"2025-05-05T17:04:59+00:00","dateModified":"2026-03-30T10:39:08+00:00","description":"Poznaj moc wk\u0142adu Sativanol Lemon Haze i ciesz si\u0119 wyj\u0105tkow\u0105 i relaksuj\u0105c\u0105 sesj\u0105 waporyzacji z tym waporyzatorem Sativanol. Nie przegap tego!","breadcrumb":{"@id":"https:\/\/iguanasmoke.com\/producto\/cartucho-sativanol-lemon-haze\/#breadcrumb"},"inLanguage":"pl-PL","potentialAction":[{"@type":"ReadAction","target":["https:\/\/iguanasmoke.com\/producto\/cartucho-sativanol-lemon-haze\/"]}]},{"@type":"ImageObject","inLanguage":"pl-PL","@id":"https:\/\/iguanasmoke.com\/producto\/cartucho-sativanol-lemon-haze\/#primaryimage","url":"https:\/\/iguanasmoke.com\/wp-content\/uploads\/2025\/05\/Bolsa-Cart-HHC-Lemon-bolsa-2025.webp","contentUrl":"https:\/\/iguanasmoke.com\/wp-content\/uploads\/2025\/05\/Bolsa-Cart-HHC-Lemon-bolsa-2025.webp","width":1000,"height":1000,"caption":"Bolsa y cartucho STV Lemon haze de Iguana Smoke, vaper STV con Sativanol legal"},{"@type":"BreadcrumbList","@id":"https:\/\/iguanasmoke.com\/producto\/cartucho-sativanol-lemon-haze\/#breadcrumb","itemListElement":[{"@type":"ListItem","position":1,"name":"home","item":"https:\/\/iguanasmoke.com\/"},{"@type":"ListItem","position":2,"name":"Tienda","item":"https:\/\/iguanasmoke.com\/tienda\/"},{"@type":"ListItem","position":3,"name":"Vaper CBD","item":"https:\/\/iguanasmoke.com\/categoria\/vaper-cbd\/"},{"@type":"ListItem","position":4,"name":"Cartuchos","item":"https:\/\/iguanasmoke.com\/categoria\/vaper-cbd\/cartuchos-cbd\/"},{"@type":"ListItem","position":5,"name":"Cartucho Sativanol Space &#8211; Lemon Haze"}]},{"@type":"WebSite","@id":"https:\/\/iguanasmoke.com\/#website","url":"https:\/\/iguanasmoke.com\/","name":"Iguana Smoke","description":"Kup CBD online w najlepszej cenie","publisher":{"@id":"https:\/\/iguanasmoke.com\/#organization"},"potentialAction":[{"@type":"SearchAction","target":{"@type":"EntryPoint","urlTemplate":"https:\/\/iguanasmoke.com\/?s={search_term_string}"},"query-input":{"@type":"PropertyValueSpecification","valueRequired":true,"valueName":"search_term_string"}}],"inLanguage":"pl-PL"},{"@type":"Organization","@id":"https:\/\/iguanasmoke.com\/#organization","name":"Iguana Smoke","url":"https:\/\/iguanasmoke.com\/","logo":{"@type":"ImageObject","inLanguage":"pl-PL","@id":"https:\/\/iguanasmoke.com\/#\/schema\/logo\/image\/","url":"https:\/\/iguanasmoke.com\/wp-content\/uploads\/2025\/01\/logoiguana-favi-1.png","contentUrl":"https:\/\/iguanasmoke.com\/wp-content\/uploads\/2025\/01\/logoiguana-favi-1.png","width":512,"height":512,"caption":"Iguana Smoke"},"image":{"@id":"https:\/\/iguanasmoke.com\/#\/schema\/logo\/image\/"},"sameAs":["https:\/\/www.facebook.com\/iguanasmoke","https:\/\/www.instagram.com\/iguanasmoke\/"]}]},"product_brand":"variable","og_availability":"instock","product_availability":"instock","product_condition":"new"},"_links":{"self":[{"href":"https:\/\/iguanasmoke.com\/pl\/wp-json\/wp\/v2\/product\/56379","targetHints":{"allow":["GET"]}}],"collection":[{"href":"https:\/\/iguanasmoke.com\/pl\/wp-json\/wp\/v2\/product"}],"about":[{"href":"https:\/\/iguanasmoke.com\/pl\/wp-json\/wp\/v2\/types\/product"}],"replies":[{"embeddable":true,"href":"https:\/\/iguanasmoke.com\/pl\/wp-json\/wp\/v2\/comments?post=56379"}],"wp:featuredmedia":[{"embeddable":true,"href":"https:\/\/iguanasmoke.com\/pl\/wp-json\/wp\/v2\/media\/56359"}],"wp:attachment":[{"href":"https:\/\/iguanasmoke.com\/pl\/wp-json\/wp\/v2\/media?parent=56379"}],"wp:term":[{"taxonomy":"product_brand","embeddable":true,"href":"https:\/\/iguanasmoke.com\/pl\/wp-json\/wp\/v2\/product_brand?post=56379"},{"taxonomy":"product_cat","embeddable":true,"href":"https:\/\/iguanasmoke.com\/pl\/wp-json\/wp\/v2\/product_cat?post=56379"},{"taxonomy":"product_tag","embeddable":true,"href":"https:\/\/iguanasmoke.com\/pl\/wp-json\/wp\/v2\/product_tag?post=56379"}],"curies":[{"name":"wp","href":"https:\/\/api.w.org\/{rel}","templated":true}]}}