{"id":56619,"date":"2025-05-08T19:19:19","date_gmt":"2025-05-08T17:19:19","guid":{"rendered":"https:\/\/iguanasmoke.com\/?post_type=product&#038;p=56619"},"modified":"2026-03-09T16:57:31","modified_gmt":"2026-03-09T15:57:31","slug":"vaper-10oh-space-vape-gelato","status":"publish","type":"product","link":"https:\/\/iguanasmoke.com\/pl\/producto\/vaper-10oh-space-vape-gelato\/","title":{"rendered":"Vaper 10-OH 90% Space Vape Gelato"},"content":{"rendered":"<h1 data-start=\"1609\" data-end=\"1642\"><span style=\"font-weight: 400;\">Vaper 10-OH 90% Space Vape Gelato:\u00a0<\/span><\/h1>\n<p><span style=\"font-weight: 400;\">Witamy w raju z<\/span><span style=\"font-weight: 400;\"><strong> Vaper 10-OH<\/strong> <strong>Gelato<\/strong><strong>, <\/strong>pozostawia kremow\u0105 konsystencj\u0119, kt\u00f3rej musisz spr\u00f3bowa\u0107. Idealny dla tych, kt\u00f3rzy szukaj\u0105 <strong>Kompletne i pot\u0119\u017cne do\u015bwiadczenie vape<\/strong>, to <strong>vaper 10-OH <\/strong>\u0142\u0105czy w sobie moc 10-OH (hydroksy - heksahydrokannabinolu) z kremowo-s\u0142odkim smakiem konopi charakterystycznym dla odmiany Gelato.<\/span><span style=\"font-weight: 400;\">\u00a0Ponadto formu\u0142a jest kompletna <strong>nie zawiera \u015brodk\u00f3w tn\u0105cych, nikotyny i HHC<\/strong>, aby\u015b m\u00f3g\u0142 cieszy\u0107 si\u0119 czystym, legalnym i wysokiej jako\u015bci produktem.\u00a0<\/span><\/p>\n<p><span style=\"font-weight: 400;\">Odkryj teraz <strong>Nowe cz\u0105steczki<\/strong> kt\u00f3re odnios\u0105 sukces i zast\u0105pi\u0105 stare <em>HHC Space Vape<\/em>. No wiesz, kupi\u0107 <strong>vaper<\/strong><\/span><span style=\"font-weight: 400;\"><strong> 10-OH <\/strong>oznacza noszenie technologii konopi przysz\u0142o\u015bci w kieszeni. <strong>Bez THC<\/strong>, <strong>ale jest efekt<\/strong>; <strong>bez dymu<\/strong>, <strong>ale jest chmura<\/strong>; Nie ma w\u0105tpliwo\u015bci, poniewa\u017c <strong>ten vaper 10-OH Gelato to czysta magia.<\/strong><\/span><\/p>\n<p>&nbsp;<\/p>\n<h2><strong>Co to jest 10-OH?<\/strong><\/h2>\n<p><span style=\"font-weight: 400;\">The <\/span><span style=\"font-weight: 400;\"><b>10-OH<\/b> jest <strong>Metabolit HHC<\/strong>, tj. substancja, kt\u00f3ra jest generowana, gdy <strong>organizm rozk\u0142ada HHC<\/strong>. Na poziomie laboratoryjnym uzyskuje si\u0119 go poprzez przekszta\u0142cenie HHC w jego hydroksylowan\u0105 form\u0119, co skutkuje <strong>bardziej stabilny kannabinoid<\/strong> i ze specyficznym powinowactwem do niekt\u00f3rych receptor\u00f3w uk\u0142adu endokannabinoidowego.<\/span><\/p>\n<p><span style=\"font-weight: 400;\">Chocia\u017c efekty mog\u0105 si\u0119 r\u00f3\u017cni\u0107 w zale\u017cno\u015bci od osoby, do\u015bwiadczenia cz\u0119sto obejmuj\u0105:<\/span><\/p>\n<ul>\n<li>Umiarkowana euforia, bez bardziej intensywnego haju, jaki mo\u017ce da\u0107 THC.<\/li>\n<li>Fizyczne odpr\u0119\u017cenie, bez wywo\u0142ywania uczucia nadmiernego uspokojenia.<\/li>\n<li>Jasno\u015b\u0107 umys\u0142u, kt\u00f3ra sprzyja koncentracji lub interakcjom spo\u0142ecznym.<\/li>\n<li>Mniejszy niepok\u00f3j, co czyni j\u0105 interesuj\u0105c\u0105 opcj\u0105 dla tych, kt\u00f3rzy nie toleruj\u0105 dobrze THC.<\/li>\n<\/ul>\n<p><span style=\"font-weight: 400;\">Efekty te umieszczaj\u0105 <strong>10-OH w punkcie po\u015brednim mi\u0119dzy HHC i THC<\/strong>Bardziej intensywny ni\u017c pierwszy, ale \u0142atwiejszy do opanowania ni\u017c drugi. Je\u015bli szukasz <strong>kupi\u0107 vaper 10-OH online<\/strong>, Dzi\u0119ki stymuluj\u0105cym efektom, ale bez paranoi i psychicznego kaca, jest to waporyzator dla Ciebie. <\/span><\/p>\n<p><span style=\"font-weight: 400;\">Dowiedz si\u0119 wi\u0119cej o dzia\u0142aniu tej nowej cz\u0105steczki w naszym artykule <\/span> <a href=\"https:\/\/iguanasmoke.com\/pl\/czym-jest-10-oh-nowa-opcja-w-kannabinoidach\/\">Blog: Czym jest 10-OH? Nowa opcja kannabinoidowa<\/a>.<\/p>\n<p>&nbsp;<\/p>\n<h2>Profil terpenowy Vaper 10-OH Gelato:<\/h2>\n<p>Charakteryzuje si\u0119 ona <strong>aromat konopi indyjskich odmiany Gelato. <\/strong>Ciesz si\u0119 kremowym, s\u0142odkim i lekko owocowym smakiem przypominaj\u0105cym w\u0142oskie lody, ale z odrobin\u0105 10-OH dla funkcjonalnego i przyjemnego efektu. Po\u0142\u0105czenie terpen\u00f3w obejmuje:<\/p>\n<ul>\n<li>Limonen: \u015bwie\u017cy, poprawiaj\u0105cy nastr\u00f3j i \u0142agodz\u0105cy stres.<\/li>\n<li>Kariofilen: ziemisty, korzenny, o w\u0142a\u015bciwo\u015bciach koj\u0105cych.<\/li>\n<li>Humulen: drzewny i zio\u0142owy akcent o dzia\u0142aniu uspokajaj\u0105cym.<\/li>\n<\/ul>\n<p>&nbsp;<\/p>\n<h2><strong>G\u0142\u00f3wne cechy Vaper 10-OH Gelato<\/strong><strong>:<\/strong><\/h2>\n<ul>\n<li><span style=\"font-weight: 400;\"><strong>Zawiera wysokiej jako\u015bci 10-OH<\/strong>, z naturalnym profilem kannabinoidowym.<\/span><\/li>\n<li><span style=\"font-weight: 400;\"><strong>Organiczny ekstrakt z konopi<\/strong>, wolne od dodatk\u00f3w i rozpuszczalnik\u00f3w.<\/span><\/li>\n<li><span style=\"font-weight: 400;\">Dost\u0119pne w <strong>1 ml i 2 ml<\/strong>. <\/span><\/li>\n<li><span style=\"font-weight: 400;\">W\u0142oski smak Gelato.<\/span><\/li>\n<li>Idealny do codziennego u\u017cytku: <strong>brak spalania, brak zapachu, brak tolerancji<\/strong>.<\/li>\n<li><span style=\"font-weight: 400;\"><strong>Pot\u0119\u017cny efekt <\/strong>bez odczuwania jakichkolwiek efekt\u00f3w <strong>\u015brodki psychoaktywne<\/strong> niechciany<strong>: czas trwania<\/strong> <strong>d\u0142ugi<\/strong> (<strong>3-4 godziny<\/strong>)<\/span><\/li>\n<li>Do\u015bwiadczenie <strong>zmys\u0142owy<\/strong> NAJLEPSZE. Pokochasz to!<\/li>\n<li><span style=\"font-weight: 400;\">Do <strong>300 zaci\u0105gni\u0119\u0107 <\/strong>(1ml) i<strong> 600 zaci\u0105gni\u0119\u0107 <\/strong>(2 ml).<\/span><\/li>\n<li>Akumulator USB typu C.<\/li>\n<li><span style=\"font-weight: 400;\"><strong>Brak wykrywalnego THC<\/strong>. <\/span><\/li>\n<li><span style=\"font-weight: 400;\"><strong>Jako\u015b\u0107 gwarantowana przez Iguana Smoke<\/strong>.<\/span><\/li>\n<\/ul>\n<p><span style=\"font-weight: 400;\">The <strong>vaper 10-OH <\/strong>to najwygodniejszy i najczystszy spos\u00f3b, aby cieszy\u0107 si\u0119 wszystkimi zaletami <strong>Korzy\u015bci z 10-OH<\/strong>, Bez konserwacji, bez zamieszania, bez k\u0142opot\u00f3w.\u00a0<\/span><\/p>\n<p>&nbsp;<\/p>\n<h2><strong>Czym jest waporyzator jednorazowy?<\/strong><\/h2>\n<p><span style=\"font-weight: 400;\">A <strong>jednorazowy waper 10-OH<\/strong> to urz\u0105dzenie typu pi\u00f3ro\u201c <strong>1 ml lub 2 ml<\/strong> kt\u00f3ry jest nape\u0142niony p\u0142ynem 10-OH. Wielka r\u00f3\u017cnica w por\u00f3wnaniu z innymi rodzajami e-papieros\u00f3w polega na tym, \u017ce nie wymaga \u0142adowania ani uzupe\u0142niania: <strong>gdy si\u0119 sko\u0144czy, jest po prostu wyrzucany<\/strong>.\u00a0<\/span><\/p>\n<p><span style=\"font-weight: 400;\">Istniej\u0105 r\u00f3wnie\u017c <strong><a href=\"https:\/\/iguanasmoke.com\/pl\/kategoria\/cbd-vaper-2\/naboje\/?filter_tipo-cartucho=10-oh\">jednorazowe naboje 10-OH<\/a><\/strong> kt\u00f3re s\u0105 mikrokapsu\u0142kami zawieraj\u0105cymi p\u0142yn, ale wymagaj\u0105 zewn\u0119trznej baterii do u\u017cycia.<\/span><\/p>\n<p>&nbsp;<\/p>\n<h3><b>Gdzie kupi\u0107 swoje Vaper 10-OH <span style=\"font-weight: 400;\"><strong>Gelato<\/strong><\/span><\/b><b>?<\/b><\/h3>\n<p><span style=\"font-weight: 400;\">Je\u015bli szukasz <strong>kupi\u0107 vaperk\u0119 10-OH<\/strong><strong>, <\/strong>to jest twoje bezpieczne miejsce <strong>kupi\u0107 jednorazowego e-papierosa z 10 nikotyny w Hiszpanii.<\/strong> Wszystkie nasze produkty s\u0105 zatwierdzone przez UE, co gwarantuje ich legalno\u015b\u0107 i bezpiecze\u0144stwo. Ponadto, je\u015bli chcesz, mo\u017cesz skonsultowa\u0107 si\u0119 z<\/span><strong> <a href=\"https:\/\/iguanasmoke.com\/pl\/analityka\/\">analiza laboratoryjna.<\/a><\/strong><\/p>\n<p><span style=\"font-weight: 400;\">Nie zapomnij zapozna\u0107 si\u0119 z innymi <strong>vaper 10-OH <\/strong>jako <strong><a href=\"https:\/\/iguanasmoke.com\/pl\/product-2\/10oh-space-vape-amnesia-vaper\/\">Saszetka 10-OH Space Vape Amnesia<\/a>\u00a0<\/strong>u <\/span><span style=\"font-weight: 400;\">inne <strong>TOP produkty<\/strong> jako <strong><a href=\"https:\/\/iguanasmoke.com\/pl\/product-2\/wklad-10-oh-gelato\/\">Kartrid\u017c 10-OH Gelato<\/a><\/strong> lub <a href=\"https:\/\/iguanasmoke.com\/pl\/kategoria\/hash-cbd\/\"><strong>Hash CBD<\/strong><\/a>. <\/span><span style=\"font-weight: 400;\">Kr\u00f3tko m\u00f3wi\u0105c, poznaj nasz\u0105 r\u00f3\u017cnorodno\u015b\u0107 i znajd\u017a swoje ulubione ju\u017c teraz.<\/span><span style=\"font-weight: 400;\">\u00a0<\/span><\/p>\n<p><strong data-start=\"303\" data-end=\"345\">Szybka i dyskretna dostawa na terenie ca\u0142ej Hiszpanii<\/strong>, z <strong data-start=\"351\" data-end=\"387\">Bliska i spersonalizowana uwaga<\/strong> aby odpowiedzie\u0107 na wszelkie pytania przed i po zakupie.<\/p>\n<p>&nbsp;<\/p>\n<h3><b>Iguana Smoke to Tw\u00f3j internetowy sklep z CBD\u00a0<\/b><\/h3>\n<p><span style=\"font-weight: 400;\">Przy<strong> Iguana Smoke<\/strong>, Wierzymy, \u017ce korzystanie z CBD powinno by\u0107 bezpiecznym do\u015bwiadczeniem. W\u0142a\u015bnie dlatego oferujemy produkty takie jak ten <strong>vaper 10-OH Gelato<\/strong>, Marka \u0142\u0105czy si\u0119 z nowymi pokoleniami: lud\u017ami, kt\u00f3rzy szukaj\u0105 nieskomplikowanego wellness, z autentycznymi i niezawodnymi markami.\u00a0<\/span><\/p>\n<p>Nasza misja jest jasna: dostarcza\u0107 najlepsze kannabinoidy w uczciwej cenie. Ponadto dajemy ci spok\u00f3j ducha, wiedz\u0105c, \u017ce wybierasz certyfikowany, skuteczny i legalny produkt 100%. Tw\u00f3j czas relaksu zaczyna si\u0119 z nami.<\/p>\n<p>Nadal masz w\u0105tpliwo\u015bci? Napisz do nas, a z przyjemno\u015bci\u0105 pomo\u017cemy Ci znale\u017a\u0107 odpowiedni produkt.<\/p>\n<p>&nbsp;<\/p>\n<h6>\u2139\ufe0f<strong> Informacje prawne<\/strong><\/h6>\n<p><em><span style=\"font-weight: 400;\">*Produkt przeznaczony do kolekcjonowania lub aromaterapii, zgodnie z obowi\u0105zuj\u0105cymi w Hiszpanii przepisami. <\/span><\/em><\/p>\n<p><em><span style=\"font-weight: 400;\">**Pochodzi z certyfikowanych konopi przemys\u0142owych. Zawiera mniej ni\u017c 0,3 THC i nie zawiera nielegalnych kannabinoid\u00f3w, takich jak HHC, HHC-P, THCP, THCP-O, H4CBD lub substancji wymienionych w za\u0142\u0105czniku I do dekretu kr\u00f3lewskiego 2829\/1977, ani substancji kontrolowanych przez konwencje mi\u0119dzynarodowe.\u00a0\u00a0<\/span><\/em><\/p>\n<p>&nbsp;<\/p>\n<h2><strong>\ud83d\udcac Najcz\u0119\u015bciej zadawane pytania 10-OH Space Vape: <\/strong><\/h2>\n<h4><span style=\"font-weight: 400;\">\u2753Miejsce dla Vapera 10-OH Gelato Space Vape? <\/span><\/h4>\n<p><span style=\"font-weight: 400;\">Oferta <strong>umiarkowane i bardziej zr\u00f3wnowa\u017cone efekty psychoaktywne ni\u017c tradycyjny THC<\/strong>, b\u0119d\u0105c popularnym wyborem dla os\u00f3b szukaj\u0105cych kontrolowanego do\u015bwiadczenia.\u00a0<\/span><\/p>\n<h4><span style=\"font-weight: 400;\">Jakich efekt\u00f3w mog\u0119 si\u0119 spodziewa\u0107 i jak d\u0142ugo to potrwa?\u00a0<\/span><\/h4>\n<p><span style=\"font-weight: 400;\">Pami\u0119taj, \u017ce ka\u017cda osoba jest wyj\u0105tkowa i <strong>efekty mog\u0105 si\u0119 r\u00f3\u017cni\u0107<\/strong> w zale\u017cno\u015bci od st\u0119\u017cenia, u\u017cytkownika, tolerancji i cz\u0119stotliwo\u015bci stosowania. Mo\u017cesz zacz\u0105\u0107 to wkr\u00f3tce zauwa\u017ca\u0107. <strong>Efekt jest silny i utrzymuje si\u0119 przez oko\u0142o 3-4 godziny<\/strong>.<\/span><\/p>\n<h4><span style=\"font-weight: 400;\">Czy 10-OH jest legalny w Hiszpanii?\u00a0<\/span><\/h4>\n<p><span style=\"font-weight: 400;\"><strong>Tak<\/strong>, 1<strong>0-OH mo\u017ce by\u0107 legalnie sprzedawany w Hiszpanii<\/strong> pod warunkiem, \u017ce jest zgodny z europejskimi przepisami dotycz\u0105cymi konopi przemys\u0142owych i posiada niezale\u017cn\u0105 analiz\u0119 laboratoryjn\u0105 i identyfikowalno\u015b\u0107. <\/span><\/p>\n<p><span style=\"font-weight: 400;\">Ponadto kluczowe jest, aby <strong>nie przekracza dopuszczalnych limit\u00f3w THC<\/strong>, co odpowiada warto\u015bci procentowej <strong>mniej ni\u017c 0,3% THC.<\/strong> Oczywi\u015bcie w <strong>Iguana Smoke<\/strong> Traktujemy to bardzo powa\u017cnie i wszystkie nasze produkty s\u0105 zgodne z obowi\u0105zuj\u0105cymi standardami i normami.\u00a0<\/span><\/p>\n<h4><span style=\"font-weight: 400;\">\u2753Dlaczego wybra\u0107 10-OH zamiast HHC lub THC?\u00a0<\/span><\/h4>\n<p><span style=\"font-weight: 400;\">Dlaczego oferuj\u0105 e<strong>Stabilne, sp\u00f3jne i \u0142atwe w u\u017cyciu do\u015bwiadczenie<\/strong>, dzi\u0119ki <strong>wi\u0119ksza stabilno\u015b\u0107<\/strong> <strong>molekularny<\/strong> del 10-OH i jego praktycznego formatu do waporyzacji.<\/span><\/p>","protected":false},"excerpt":{"rendered":"<h4>Cechy<\/h4>\n<ul>\n<li style=\"list-style-type: none;\">\n<ul>\n<li>Konopie indyjskie i kremowy smak: naturalne terpeny<\/li>\n<li>Pojemno\u015b\u0107: 1 ml \/ 2 ml<\/li>\n<li>Skok: do 300 \/ 600<\/li>\n<li>Wysokiej jako\u015bci naturalne terpeny<\/li>\n<li>10-OH do 90%<\/li>\n<li>THC: 0%, HHC: 0%, THC-P: 0%, Nikotyna: 0%<\/li>\n<li>Nie zawiera VG, PG, PEG, MCT ani innych \u015brodk\u00f3w tn\u0105cych.<\/li>\n<\/ul>\n<\/li>\n<\/ul>\n<p><span style=\"font-weight: 400;\">Ponadto, je\u015bli chcesz, mo\u017cesz skonsultowa\u0107 si\u0119 z<strong> <a href=\"https:\/\/iguanasmoke.com\/pl\/analityka\/\">analiza laboratoryjna.<\/a><\/strong><\/span><\/p>","protected":false},"featured_media":74799,"comment_status":"open","ping_status":"closed","template":"","meta":{"_acf_changed":false,"site-sidebar-layout":"default","site-content-layout":"","ast-site-content-layout":"default","site-content-style":"default","site-sidebar-style":"default","ast-global-header-display":"","ast-banner-title-visibility":"","ast-main-header-display":"","ast-hfb-above-header-display":"","ast-hfb-below-header-display":"","ast-hfb-mobile-header-display":"","site-post-title":"","ast-breadcrumbs-content":"","ast-featured-img":"","footer-sml-layout":"","theme-transparent-header-meta":"default","adv-header-id-meta":"","stick-header-meta":"","header-above-stick-meta":"","header-main-stick-meta":"","header-below-stick-meta":"","astra-migrate-meta-layouts":"set","ast-page-background-enabled":"default","ast-page-background-meta":{"desktop":{"background-color":"var(--ast-global-color-4)","background-image":"","background-repeat":"repeat","background-position":"center center","background-size":"auto","background-attachment":"scroll","background-type":"","background-media":"","overlay-type":"","overlay-color":"","overlay-opacity":"","overlay-gradient":""},"tablet":{"background-color":"","background-image":"","background-repeat":"repeat","background-position":"center center","background-size":"auto","background-attachment":"scroll","background-type":"","background-media":"","overlay-type":"","overlay-color":"","overlay-opacity":"","overlay-gradient":""},"mobile":{"background-color":"","background-image":"","background-repeat":"repeat","background-position":"center center","background-size":"auto","background-attachment":"scroll","background-type":"","background-media":"","overlay-type":"","overlay-color":"","overlay-opacity":"","overlay-gradient":""}},"ast-content-background-meta":{"desktop":{"background-color":"var(--ast-global-color-5)","background-image":"","background-repeat":"repeat","background-position":"center center","background-size":"auto","background-attachment":"scroll","background-type":"","background-media":"","overlay-type":"","overlay-color":"","overlay-opacity":"","overlay-gradient":""},"tablet":{"background-color":"var(--ast-global-color-5)","background-image":"","background-repeat":"repeat","background-position":"center center","background-size":"auto","background-attachment":"scroll","background-type":"","background-media":"","overlay-type":"","overlay-color":"","overlay-opacity":"","overlay-gradient":""},"mobile":{"background-color":"var(--ast-global-color-5)","background-image":"","background-repeat":"repeat","background-position":"center center","background-size":"auto","background-attachment":"scroll","background-type":"","background-media":"","overlay-type":"","overlay-color":"","overlay-opacity":"","overlay-gradient":""}}},"product_brand":[],"product_cat":[550],"product_tag":[],"class_list":{"0":"post-56619","1":"product","2":"type-product","3":"status-publish","4":"has-post-thumbnail","6":"product_cat-10oh","7":"desktop-align-center","8":"tablet-align-center","9":"mobile-align-center","11":"first","12":"instock","13":"taxable","14":"shipping-taxable","15":"purchasable","16":"product-type-variable"},"acf":[],"yoast_head":"<!-- This site is optimized with the Yoast SEO Premium plugin v27.3 (Yoast SEO v27.3) - https:\/\/yoast.com\/product\/yoast-seo-premium-wordpress\/ -->\n<title>Vaper 10-OH 90% Space Vape Gelato | Iguana Smoke<\/title>\n<meta name=\"description\" content=\"Descubre el Vaper 10-OH Gelato 90% Space Vape . Potencia premium, sabor cannabis y env\u00edo r\u00e1pido. Disfruta de una experiencia de vapeo \u00fanica.\" \/>\n<meta name=\"robots\" content=\"index, follow, max-snippet:-1, max-image-preview:large, max-video-preview:-1\" \/>\n<link rel=\"canonical\" href=\"https:\/\/iguanasmoke.com\/pl\/product-2\/vaper-10oh-space-vape-gelato\/\" \/>\n<meta property=\"og:locale\" content=\"pl_PL\" \/>\n<meta property=\"og:type\" content=\"article\" \/>\n<meta property=\"og:title\" content=\"Vaper 10-OH 90% Space Vape Gelato\" \/>\n<meta property=\"og:description\" content=\"Caracter\u00edsticas      Sabor cann\u00e1bico y cremoso: Terpeno natural  Capacidad: 1 ml \/ 2 ml  Caladas: hasta 300 \/ 600  Terpenos naturales de alta calidad  10-OH al 90%  THC: 0%, HHC: 0%, THC-P: 0%, Nicotina: 0%  No contiene VG, PG, PEG, MCT u otro agente de corte.    Adem\u00e1s, si quieres puedes consultar el an\u00e1lisis de laboratorio.\" \/>\n<meta property=\"og:url\" content=\"https:\/\/iguanasmoke.com\/pl\/product-2\/vaper-10oh-space-vape-gelato\/\" \/>\n<meta property=\"og:site_name\" content=\"Iguana Smoke\" \/>\n<meta property=\"article:publisher\" content=\"https:\/\/www.facebook.com\/iguanasmoke\" \/>\n<meta property=\"article:modified_time\" content=\"2026-03-09T15:57:31+00:00\" \/>\n<meta property=\"og:image\" content=\"https:\/\/iguanasmoke.com\/wp-content\/uploads\/2025\/05\/Mockup-10-OH-Gelato-caja-y-pod-vde-der.webp\" \/>\n\t<meta property=\"og:image:width\" content=\"1000\" \/>\n\t<meta property=\"og:image:height\" content=\"1000\" \/>\n\t<meta property=\"og:image:type\" content=\"image\/webp\" \/>\n<meta name=\"twitter:card\" content=\"summary_large_image\" \/>\n<meta name=\"twitter:label1\" content=\"Dost\u0119pno\u015b\u0107\" \/>\n\t<meta name=\"twitter:data1\" content=\"Dost\u0119pny\" \/>\n<meta property=\"product:brand\" content=\"variable\" \/>\n<meta property=\"og:availability\" content=\"instock\" \/>\n<meta property=\"product:availability\" content=\"instock\" \/>\n<meta property=\"product:condition\" content=\"new\" \/>\n<!-- \/ Yoast SEO Premium plugin. -->","yoast_head_json":{"title":"Vaper 10-OH 90% Space Vape Gelato : Iguana Smoke","description":"Odkryj Vaper 10-OH Gelato 90% Space Vape . Moc premium, smak konopi i szybka dostawa. Ciesz si\u0119 wyj\u0105tkowym do\u015bwiadczeniem waporyzacji.","robots":{"index":"index","follow":"follow","max-snippet":"max-snippet:-1","max-image-preview":"max-image-preview:large","max-video-preview":"max-video-preview:-1"},"canonical":"https:\/\/iguanasmoke.com\/pl\/product-2\/vaper-10oh-space-vape-gelato\/","og_locale":"pl_PL","og_type":"article","og_title":"Vaper 10-OH 90% Space Vape Gelato","og_description":"Caracter\u00edsticas      Sabor cann\u00e1bico y cremoso: Terpeno natural  Capacidad: 1 ml \/ 2 ml  Caladas: hasta 300 \/ 600  Terpenos naturales de alta calidad  10-OH al 90%  THC: 0%, HHC: 0%, THC-P: 0%, Nicotina: 0%  No contiene VG, PG, PEG, MCT u otro agente de corte.    Adem\u00e1s, si quieres puedes consultar el an\u00e1lisis de laboratorio.","og_url":"https:\/\/iguanasmoke.com\/pl\/product-2\/vaper-10oh-space-vape-gelato\/","og_site_name":"Iguana Smoke","article_publisher":"https:\/\/www.facebook.com\/iguanasmoke","article_modified_time":"2026-03-09T15:57:31+00:00","og_image":[{"width":1000,"height":1000,"url":"https:\/\/iguanasmoke.com\/wp-content\/uploads\/2025\/05\/Mockup-10-OH-Gelato-caja-y-pod-vde-der.webp","type":"image\/webp"}],"twitter_card":"summary_large_image","twitter_misc":{"Dost\u0119pno\u015b\u0107":"Dost\u0119pny"},"schema":{"@context":"https:\/\/schema.org","@graph":[{"@type":"WebPage","@id":"https:\/\/iguanasmoke.com\/producto\/vaper-10oh-space-vape-gelato\/","url":"https:\/\/iguanasmoke.com\/producto\/vaper-10oh-space-vape-gelato\/","name":"Vaper 10-OH 90% Space Vape Gelato : Iguana Smoke","isPartOf":{"@id":"https:\/\/iguanasmoke.com\/#website"},"primaryImageOfPage":{"@id":"https:\/\/iguanasmoke.com\/producto\/vaper-10oh-space-vape-gelato\/#primaryimage"},"image":{"@id":"https:\/\/iguanasmoke.com\/producto\/vaper-10oh-space-vape-gelato\/#primaryimage"},"thumbnailUrl":"https:\/\/iguanasmoke.com\/wp-content\/uploads\/2025\/05\/Mockup-10-OH-Gelato-caja-y-pod-vde-der.webp","datePublished":"2025-05-08T17:19:19+00:00","dateModified":"2026-03-09T15:57:31+00:00","description":"Odkryj Vaper 10-OH Gelato 90% Space Vape . Moc premium, smak konopi i szybka dostawa. Ciesz si\u0119 wyj\u0105tkowym do\u015bwiadczeniem waporyzacji.","breadcrumb":{"@id":"https:\/\/iguanasmoke.com\/producto\/vaper-10oh-space-vape-gelato\/#breadcrumb"},"inLanguage":"pl-PL","potentialAction":[{"@type":"ReadAction","target":["https:\/\/iguanasmoke.com\/producto\/vaper-10oh-space-vape-gelato\/"]}]},{"@type":"ImageObject","inLanguage":"pl-PL","@id":"https:\/\/iguanasmoke.com\/producto\/vaper-10oh-space-vape-gelato\/#primaryimage","url":"https:\/\/iguanasmoke.com\/wp-content\/uploads\/2025\/05\/Mockup-10-OH-Gelato-caja-y-pod-vde-der.webp","contentUrl":"https:\/\/iguanasmoke.com\/wp-content\/uploads\/2025\/05\/Mockup-10-OH-Gelato-caja-y-pod-vde-der.webp","width":1000,"height":1000,"caption":"Caja m\u00e1s vaper verde Gelato 10-OH 2ml dcha"},{"@type":"BreadcrumbList","@id":"https:\/\/iguanasmoke.com\/producto\/vaper-10oh-space-vape-gelato\/#breadcrumb","itemListElement":[{"@type":"ListItem","position":1,"name":"home","item":"https:\/\/iguanasmoke.com\/"},{"@type":"ListItem","position":2,"name":"Tienda","item":"https:\/\/iguanasmoke.com\/tienda\/"},{"@type":"ListItem","position":3,"name":"Nuevas Mol\u00e9culas","item":"https:\/\/iguanasmoke.com\/categoria\/nuevas-moleculas\/"},{"@type":"ListItem","position":4,"name":"10-OH","item":"https:\/\/iguanasmoke.com\/categoria\/nuevas-moleculas\/10oh\/"},{"@type":"ListItem","position":5,"name":"Vaper 10-OH 90% Space Vape Gelato"}]},{"@type":"WebSite","@id":"https:\/\/iguanasmoke.com\/#website","url":"https:\/\/iguanasmoke.com\/","name":"Iguana Smoke","description":"Kup CBD online w najlepszej cenie","publisher":{"@id":"https:\/\/iguanasmoke.com\/#organization"},"potentialAction":[{"@type":"SearchAction","target":{"@type":"EntryPoint","urlTemplate":"https:\/\/iguanasmoke.com\/?s={search_term_string}"},"query-input":{"@type":"PropertyValueSpecification","valueRequired":true,"valueName":"search_term_string"}}],"inLanguage":"pl-PL"},{"@type":"Organization","@id":"https:\/\/iguanasmoke.com\/#organization","name":"Iguana Smoke","url":"https:\/\/iguanasmoke.com\/","logo":{"@type":"ImageObject","inLanguage":"pl-PL","@id":"https:\/\/iguanasmoke.com\/#\/schema\/logo\/image\/","url":"https:\/\/iguanasmoke.com\/wp-content\/uploads\/2025\/01\/logoiguana-favi-1.png","contentUrl":"https:\/\/iguanasmoke.com\/wp-content\/uploads\/2025\/01\/logoiguana-favi-1.png","width":512,"height":512,"caption":"Iguana Smoke"},"image":{"@id":"https:\/\/iguanasmoke.com\/#\/schema\/logo\/image\/"},"sameAs":["https:\/\/www.facebook.com\/iguanasmoke","https:\/\/www.instagram.com\/iguanasmoke\/"]}]},"product_brand":"variable","og_availability":"instock","product_availability":"instock","product_condition":"new"},"_links":{"self":[{"href":"https:\/\/iguanasmoke.com\/pl\/wp-json\/wp\/v2\/product\/56619","targetHints":{"allow":["GET"]}}],"collection":[{"href":"https:\/\/iguanasmoke.com\/pl\/wp-json\/wp\/v2\/product"}],"about":[{"href":"https:\/\/iguanasmoke.com\/pl\/wp-json\/wp\/v2\/types\/product"}],"replies":[{"embeddable":true,"href":"https:\/\/iguanasmoke.com\/pl\/wp-json\/wp\/v2\/comments?post=56619"}],"wp:featuredmedia":[{"embeddable":true,"href":"https:\/\/iguanasmoke.com\/pl\/wp-json\/wp\/v2\/media\/74799"}],"wp:attachment":[{"href":"https:\/\/iguanasmoke.com\/pl\/wp-json\/wp\/v2\/media?parent=56619"}],"wp:term":[{"taxonomy":"product_brand","embeddable":true,"href":"https:\/\/iguanasmoke.com\/pl\/wp-json\/wp\/v2\/product_brand?post=56619"},{"taxonomy":"product_cat","embeddable":true,"href":"https:\/\/iguanasmoke.com\/pl\/wp-json\/wp\/v2\/product_cat?post=56619"},{"taxonomy":"product_tag","embeddable":true,"href":"https:\/\/iguanasmoke.com\/pl\/wp-json\/wp\/v2\/product_tag?post=56619"}],"curies":[{"name":"wp","href":"https:\/\/api.w.org\/{rel}","templated":true}]}}