{"id":57563,"date":"2025-05-22T19:08:41","date_gmt":"2025-05-22T17:08:41","guid":{"rendered":"https:\/\/iguanasmoke.com\/?post_type=product&#038;p=57563"},"modified":"2026-03-20T10:39:09","modified_gmt":"2026-03-20T09:39:09","slug":"hash-cbn-40","status":"publish","type":"product","link":"https:\/\/iguanasmoke.com\/pl\/producto\/hash-cbn-40\/","title":{"rendered":"Hash CBN 40%"},"content":{"rendered":"<h1><span style=\"font-weight: 400;\">Hash CBN 40%: Nasz unikalny i niezr\u00f3wnany<\/span><\/h1>\n<p><span style=\"font-weight: 400;\">Ten hash jest r\u00f3wnie wyj\u0105tkowy, co unikalny. <strong>Hash CBN 40%<\/strong> jest jedynym w swoim rodzaju: zawiera 40% CBN (kannabinolu) w swoim sk\u0142adzie i mniej ni\u017c 0,3% THC, co czyni go idealnym haszyszem do samodzielnego stosowania.<\/span><span style=\"font-weight: 400;\">\u00a0Dowiedz si\u0119, dlaczego <strong>haszysz CBN 40%<\/strong><strong>\u00a0<\/strong>jest jedn\u0105 z najmocniejszych i najlepszych jako\u015bciowo \u017cywic, jakie mo\u017cna znale\u017a\u0107, je\u015bli chce si\u0119 <strong>kupi\u0107 tani haszysz CBN<\/strong> ale premium.<\/span><\/p>\n<p><span style=\"font-weight: 400;\">Poznaj jego konsystencj\u0119 i delektuj si\u0119 jego aromatami!<\/span><\/p>\n<p>&nbsp;<\/p>\n<h2><strong>Czym jest CBN?<\/strong><\/h2>\n<p><span style=\"font-weight: 400;\">The <strong>CBN<\/strong> (kannabinol) jest <strong>naturalny kannabinoid<\/strong> kt\u00f3ry znajduje si\u0119 w <strong>RO\u015aLINA KANNABIS<\/strong>, cho\u0107 w niewielkich proporcjach. Powstaje naturalnie, gdy <strong>THC utlenia si\u0119 lub starzeje<\/strong>, Dlatego te\u017c cz\u0119sto mo\u017cna go znale\u017a\u0107 w kwiatach lub staro\u017cytnych ekstraktach. Jego obecno\u015b\u0107 jest niezb\u0119dna w naszym <strong>Hash CBN 40%<\/strong> wyj\u0105tkowy.<\/span><\/p>\n<p><span style=\"font-weight: 400;\"><strong>Nie jest substancj\u0105 psychoaktywn\u0105<\/strong> wi\u0119c podobnie jak CBD, nie ma efekt\u00f3w psychoaktywnych. Jest cz\u0119sto stosowany w celu poprawy snu ze wzgl\u0119du na jego <strong>dzia\u0142anie relaksuj\u0105ce i uspokajaj\u0105ce<\/strong>; Mo\u017ce r\u00f3wnie\u017c pom\u00f3c zmniejszy\u0107 niepok\u00f3j, b\u00f3l i stany zapalne. W po\u0142\u0105czeniu z CBD mo\u017ce wzmocni\u0107 dzia\u0142anie uspokajaj\u0105ce bez zmiany umys\u0142u.\u00a0<\/span><\/p>\n<p>&nbsp;<\/p>\n<h2>Charakterystyka CBN Hash:<\/h2>\n<ul>\n<li><b>Wygl\u0105d i tekstura: <span style=\"font-size: 16px; font-weight: 400;\">wyr\u00f3\u017cnia si\u0119 opiekanym kolorem, <strong>Kremowa i plastyczna konsystencja<\/strong> z wyra\u017an\u0105 obecno\u015bci\u0105 40% CBN.\u00a0<\/span><\/b><\/li>\n<li><span style=\"font-size: 16px; font-weight: 400;\"><strong>Aromat i smak:<\/strong> intensywny z tonami <strong>s\u0142odycze<\/strong>.<\/span><\/li>\n<li><strong>Pochodzenie i czysto\u015b\u0107:<\/strong><span style=\"font-size: 16px; font-weight: 400;\"> Wykonane z <strong>kwiaty konopi, kt\u00f3re ulegaj\u0105 degradacji<\/strong> Stopniowo w miar\u0119 up\u0142ywu czasu lub wystawienia na dzia\u0142anie powietrza i \u015bwiat\u0142a.\u00a0<\/span><\/li>\n<\/ul>\n<p>&nbsp;<\/p>\n<h3><b>Dlaczego warto kupowa\u0107 haszysz CBN od Iguana Smoke?<\/b><\/h3>\n<p><span style=\"font-weight: 400;\">W Iguana Smoke stawiamy na jako\u015b\u0107. Nasze produkty haszyszowe CBD s\u0105 100% naturalne i organiczne, bez chemikali\u00f3w i pestycyd\u00f3w. Oznacza to, \u017ce kupuj\u0105c u nas, wybierasz <strong>Czysty i bezpieczny haszysz i \u017cywica CBN<\/strong>. Podobnie jak w przypadku naszego <strong>haszysz CBN 40%<\/strong><strong>.<\/strong><\/span><\/p>\n<p><span style=\"font-weight: 400;\">To jest bezpieczne miejsce <strong>kupi\u0107 tani haszysz CBN online w Hiszpanii.<\/strong> Wszystkie nasze produkty s\u0105 zatwierdzone przez UE, co gwarantuje ich legalno\u015b\u0107 i bezpiecze\u0144stwo. Dzi\u0119ki zawarto\u015bci THC poni\u017cej 0,3 % mo\u017cesz cieszy\u0107 si\u0119 wieloma zaletami CBD bez efekt\u00f3w psychoaktywnych. Nasz <strong>Haszysz CBN bez THC 40% ma wysok\u0105 zawarto\u015b\u0107 CBN. <\/strong> i jest zgodny z normami jako\u015bci, kt\u00f3rych analiz\u0119 mo\u017cna znale\u017a\u0107 pod adresem<\/span><span style=\"font-weight: 400;\">\u00a0<a href=\"https:\/\/iguanasmoke.com\/pl\/analityka\/\">tutaj<\/a>.\u00a0<\/span><\/p>\n<p><em><span style=\"font-weight: 400;\">*Uwaga: zgodnie z hiszpa\u0144skim prawem jest on przeznaczony do zbierania lub aromaterapii.\u00a0<\/span><\/em><\/p>\n<p><span style=\"font-weight: 400;\">Co wi\u0119cej, je\u015bli lubisz nasze bardziej tradycyjne \u017cywice CBD, takie jak <a href=\"https:\/\/iguanasmoke.com\/pl\/product-2\/lemon-haze-hash-cbd-20\/\">hash CBD Lemon Haze<\/a> lub <a href=\"https:\/\/iguanasmoke.com\/pl\/product-2\/nepal-cream-hash-cbd-20\/\">hash CBD Nepal<\/a>,ty <\/span><span style=\"font-weight: 400;\">zapewniamy, \u017ce <strong>Hash CBN<\/strong> sprawi, \u017ce si\u0119 zrelaksujesz. Nie zapomnij r\u00f3wnie\u017c wypr\u00f3bowa\u0107 innych <strong>TOP produkty<\/strong> jako <a href=\"https:\/\/iguanasmoke.com\/pl\/product-2\/live-resin-cbd-84-con-live-terpenes\/\">naturalne ekstrakty<\/a> lub <a href=\"https:\/\/iguanasmoke.com\/pl\/product-2\/vaper-10-oh-90-space-vape-strawberry\/\">Vaper 10-OH Space Vape<\/a>. <\/span><span style=\"font-weight: 400;\">Kr\u00f3tko m\u00f3wi\u0105c, poznaj nasz\u0105 r\u00f3\u017cnorodno\u015b\u0107 i znajd\u017a swoje ulubione ju\u017c teraz.\u00a0<\/span><\/p>\n<p>&nbsp;<\/p>\n<h3><b>Iguana Smoke to synonim jako\u015bci i niezawodno\u015bci.<\/b><\/h3>\n<p><span style=\"font-weight: 400;\">W Iguana Smoke wierzymy, \u017ce korzystanie z CBD powinno by\u0107 bezpiecznym i przyjemnym do\u015bwiadczeniem. Dlatego oferujemy produkty wysokiej jako\u015bci, kt\u00f3re \u0142\u0105cz\u0105 si\u0119 z nowymi pokoleniami: lud\u017ami, kt\u00f3rzy szukaj\u0105 nieskomplikowanego wellness, z autentycznymi i niezawodnymi markami. Pami\u0119taj, \u017ce wszystkie nasze produkty s\u0105 <strong>Haszysz kannabinoidowy bez THC<\/strong>, takich jak <strong>Hash CBN 40% <\/strong>zamierzasz spr\u00f3bowa\u0107.<\/span><\/p>\n<p>Nasza misja jest jasna: dostarcza\u0107 najlepsze produkty ze \u015bwiata kannabinoid\u00f3w w uczciwej cenie, ze spokojem wynikaj\u0105cym ze \u015bwiadomo\u015bci, \u017ce wybierasz certyfikowany, skuteczny i legalny produkt 100%. Znajdujemy si\u0119 w czo\u0142\u00f3wce produkt\u00f3w pochodz\u0105cych z <span style=\"font-weight: 400;\">konopie indyjskie<\/span> jak niezwyk\u0142y <strong>Hash CBN 40%<\/strong>.<\/p>\n<p>Nadal masz w\u0105tpliwo\u015bci? Napisz do nas, a z przyjemno\u015bci\u0105 pomo\u017cemy Ci znale\u017a\u0107 odpowiedni produkt.<\/p>","protected":false},"excerpt":{"rendered":"<p><span style=\"font-weight: 400;\">CBN Hash 40% wyr\u00f3\u017cnia si\u0119 intensywnym aromatem i s\u0142odkimi tonami, oferuj\u0105c kremow\u0105 i plastyczn\u0105 konsystencj\u0119. Ten haszysz jest idealny dla entuzjast\u00f3w, kt\u00f3rzy szukaj\u0105 autentycznych wra\u017ce\u0144 i chc\u0105 kupi\u0107 CBD online.<\/span><\/p>\n<ul>\n<li>CBN: 40% \/ THC: &lt;0,3%<\/li>\n<li>100% legalny w Europie<\/li>\n<\/ul>\n<p>Analiza jako\u015bci: kliknij\u00a0<a href=\"https:\/\/iguanasmoke.com\/pl\/analityka\/\" target=\"_blank\" rel=\"noopener\">tutaj<\/a><\/p>","protected":false},"featured_media":81815,"comment_status":"open","ping_status":"closed","template":"","meta":{"_acf_changed":false,"site-sidebar-layout":"default","site-content-layout":"default","ast-site-content-layout":"default","site-content-style":"default","site-sidebar-style":"default","ast-global-header-display":"","ast-banner-title-visibility":"","ast-main-header-display":"","ast-hfb-above-header-display":"","ast-hfb-below-header-display":"","ast-hfb-mobile-header-display":"","site-post-title":"","ast-breadcrumbs-content":"","ast-featured-img":"","footer-sml-layout":"","theme-transparent-header-meta":"default","adv-header-id-meta":"","stick-header-meta":"","header-above-stick-meta":"","header-main-stick-meta":"","header-below-stick-meta":"","astra-migrate-meta-layouts":"set","ast-page-background-enabled":"default","ast-page-background-meta":{"desktop":{"background-color":"var(--ast-global-color-4)","background-image":"","background-repeat":"repeat","background-position":"center center","background-size":"auto","background-attachment":"scroll","background-type":"","background-media":"","overlay-type":"","overlay-color":"","overlay-opacity":"","overlay-gradient":""},"tablet":{"background-color":"","background-image":"","background-repeat":"repeat","background-position":"center center","background-size":"auto","background-attachment":"scroll","background-type":"","background-media":"","overlay-type":"","overlay-color":"","overlay-opacity":"","overlay-gradient":""},"mobile":{"background-color":"","background-image":"","background-repeat":"repeat","background-position":"center center","background-size":"auto","background-attachment":"scroll","background-type":"","background-media":"","overlay-type":"","overlay-color":"","overlay-opacity":"","overlay-gradient":""}},"ast-content-background-meta":{"desktop":{"background-color":"var(--ast-global-color-5)","background-image":"","background-repeat":"repeat","background-position":"center center","background-size":"auto","background-attachment":"scroll","background-type":"","background-media":"","overlay-type":"","overlay-color":"","overlay-opacity":"","overlay-gradient":""},"tablet":{"background-color":"var(--ast-global-color-5)","background-image":"","background-repeat":"repeat","background-position":"center center","background-size":"auto","background-attachment":"scroll","background-type":"","background-media":"","overlay-type":"","overlay-color":"","overlay-opacity":"","overlay-gradient":""},"mobile":{"background-color":"var(--ast-global-color-5)","background-image":"","background-repeat":"repeat","background-position":"center center","background-size":"auto","background-attachment":"scroll","background-type":"","background-media":"","overlay-type":"","overlay-color":"","overlay-opacity":"","overlay-gradient":""}}},"product_brand":[],"product_cat":[397],"product_tag":[],"class_list":{"0":"post-57563","1":"product","2":"type-product","3":"status-publish","4":"has-post-thumbnail","6":"product_cat-hash-cbd","7":"desktop-align-center","8":"tablet-align-center","9":"mobile-align-center","11":"first","12":"outofstock","13":"taxable","14":"shipping-taxable","15":"purchasable","16":"product-type-variable"},"acf":[],"yoast_head":"<!-- This site is optimized with the Yoast SEO Premium plugin v27.3 (Yoast SEO v27.3) - https:\/\/yoast.com\/product\/yoast-seo-premium-wordpress\/ -->\n<title>Hash CBN 40%: el original | Iguana Smoke<\/title>\n<meta name=\"description\" content=\"Disfruta del exclusivo Hash CBN 40%, lleno de aromas y con menos del 0.3% de THC. \u00a1Ideal para aquellos que buscan lo especial, compra hach\u00eds CBN 40%!\" \/>\n<meta name=\"robots\" content=\"index, follow, max-snippet:-1, max-image-preview:large, max-video-preview:-1\" \/>\n<link rel=\"canonical\" href=\"https:\/\/iguanasmoke.com\/pl\/product-2\/hash-cbn-40\/\" \/>\n<meta property=\"og:locale\" content=\"pl_PL\" \/>\n<meta property=\"og:type\" content=\"article\" \/>\n<meta property=\"og:title\" content=\"Hash CBN 40%\" \/>\n<meta property=\"og:description\" content=\"El CBN Hash 40% destaca por su aroma intenso y tonos dulces, ofreciendo una textura cremosa y maleable. Este hash es ideal para los aficionados que buscan una experiencia aut\u00e9ntica y quieren comprar CBD online.   CBN: 40% \/ THC: &lt;0,3%  100% legal en Europa  An\u00e1lisis de calidad: pincha\u00a0aqu\u00ed\" \/>\n<meta property=\"og:url\" content=\"https:\/\/iguanasmoke.com\/pl\/product-2\/hash-cbn-40\/\" \/>\n<meta property=\"og:site_name\" content=\"Iguana Smoke\" \/>\n<meta property=\"article:publisher\" content=\"https:\/\/www.facebook.com\/iguanasmoke\" \/>\n<meta property=\"article:modified_time\" content=\"2026-03-20T09:39:09+00:00\" \/>\n<meta property=\"og:image\" content=\"https:\/\/iguanasmoke.com\/wp-content\/uploads\/2025\/05\/CBN-2g-con-hash.webp\" \/>\n\t<meta property=\"og:image:width\" content=\"1000\" \/>\n\t<meta property=\"og:image:height\" content=\"1000\" \/>\n\t<meta property=\"og:image:type\" content=\"image\/webp\" \/>\n<meta name=\"twitter:card\" content=\"summary_large_image\" \/>\n<meta name=\"twitter:label1\" content=\"Dost\u0119pno\u015b\u0107\" \/>\n\t<meta name=\"twitter:data1\" content=\"Brak w magazynie\" \/>\n<meta property=\"product:brand\" content=\"variable\" \/>\n<meta property=\"og:availability\" content=\"out of stock\" \/>\n<meta property=\"product:availability\" content=\"out of stock\" \/>\n<meta property=\"product:condition\" content=\"new\" \/>\n<!-- \/ Yoast SEO Premium plugin. -->","yoast_head_json":{"title":"Hash CBN 40%: orygina\u0142: Iguana Smoke","description":"Ciesz si\u0119 ekskluzywnym haszyszem CBN 40%, pe\u0142nym aromat\u00f3w i zawieraj\u0105cym mniej ni\u017c 0,3% THC. Idealny dla tych, kt\u00f3rzy szukaj\u0105 czego\u015b wyj\u0105tkowego, kup haszysz CBN 40%!","robots":{"index":"index","follow":"follow","max-snippet":"max-snippet:-1","max-image-preview":"max-image-preview:large","max-video-preview":"max-video-preview:-1"},"canonical":"https:\/\/iguanasmoke.com\/pl\/product-2\/hash-cbn-40\/","og_locale":"pl_PL","og_type":"article","og_title":"Hash CBN 40%","og_description":"El CBN Hash 40% destaca por su aroma intenso y tonos dulces, ofreciendo una textura cremosa y maleable. Este hash es ideal para los aficionados que buscan una experiencia aut\u00e9ntica y quieren comprar CBD online.   CBN: 40% \/ THC: &lt;0,3%  100% legal en Europa  An\u00e1lisis de calidad: pincha\u00a0aqu\u00ed","og_url":"https:\/\/iguanasmoke.com\/pl\/product-2\/hash-cbn-40\/","og_site_name":"Iguana Smoke","article_publisher":"https:\/\/www.facebook.com\/iguanasmoke","article_modified_time":"2026-03-20T09:39:09+00:00","og_image":[{"width":1000,"height":1000,"url":"https:\/\/iguanasmoke.com\/wp-content\/uploads\/2025\/05\/CBN-2g-con-hash.webp","type":"image\/webp"}],"twitter_card":"summary_large_image","twitter_misc":{"Dost\u0119pno\u015b\u0107":"Brak w magazynie"},"schema":{"@context":"https:\/\/schema.org","@graph":[{"@type":"WebPage","@id":"https:\/\/iguanasmoke.com\/producto\/hash-cbn-40\/","url":"https:\/\/iguanasmoke.com\/producto\/hash-cbn-40\/","name":"Hash CBN 40%: orygina\u0142: Iguana Smoke","isPartOf":{"@id":"https:\/\/iguanasmoke.com\/#website"},"primaryImageOfPage":{"@id":"https:\/\/iguanasmoke.com\/producto\/hash-cbn-40\/#primaryimage"},"image":{"@id":"https:\/\/iguanasmoke.com\/producto\/hash-cbn-40\/#primaryimage"},"thumbnailUrl":"https:\/\/iguanasmoke.com\/wp-content\/uploads\/2025\/05\/CBN-2g-con-hash.webp","datePublished":"2025-05-22T17:08:41+00:00","dateModified":"2026-03-20T09:39:09+00:00","description":"Ciesz si\u0119 ekskluzywnym haszyszem CBN 40%, pe\u0142nym aromat\u00f3w i zawieraj\u0105cym mniej ni\u017c 0,3% THC. Idealny dla tych, kt\u00f3rzy szukaj\u0105 czego\u015b wyj\u0105tkowego, kup haszysz CBN 40%!","breadcrumb":{"@id":"https:\/\/iguanasmoke.com\/producto\/hash-cbn-40\/#breadcrumb"},"inLanguage":"pl-PL","potentialAction":[{"@type":"ReadAction","target":["https:\/\/iguanasmoke.com\/producto\/hash-cbn-40\/"]}]},{"@type":"ImageObject","inLanguage":"pl-PL","@id":"https:\/\/iguanasmoke.com\/producto\/hash-cbn-40\/#primaryimage","url":"https:\/\/iguanasmoke.com\/wp-content\/uploads\/2025\/05\/CBN-2g-con-hash.webp","contentUrl":"https:\/\/iguanasmoke.com\/wp-content\/uploads\/2025\/05\/CBN-2g-con-hash.webp","width":1000,"height":1000,"caption":"Hash CBN 2g"},{"@type":"BreadcrumbList","@id":"https:\/\/iguanasmoke.com\/producto\/hash-cbn-40\/#breadcrumb","itemListElement":[{"@type":"ListItem","position":1,"name":"home","item":"https:\/\/iguanasmoke.com\/"},{"@type":"ListItem","position":2,"name":"Tienda","item":"https:\/\/iguanasmoke.com\/tienda\/"},{"@type":"ListItem","position":3,"name":"Hash CBD","item":"https:\/\/iguanasmoke.com\/categoria\/hash-cbd\/"},{"@type":"ListItem","position":4,"name":"Hash CBN 40%"}]},{"@type":"WebSite","@id":"https:\/\/iguanasmoke.com\/#website","url":"https:\/\/iguanasmoke.com\/","name":"Iguana Smoke","description":"Kup CBD online w najlepszej cenie","publisher":{"@id":"https:\/\/iguanasmoke.com\/#organization"},"potentialAction":[{"@type":"SearchAction","target":{"@type":"EntryPoint","urlTemplate":"https:\/\/iguanasmoke.com\/?s={search_term_string}"},"query-input":{"@type":"PropertyValueSpecification","valueRequired":true,"valueName":"search_term_string"}}],"inLanguage":"pl-PL"},{"@type":"Organization","@id":"https:\/\/iguanasmoke.com\/#organization","name":"Iguana Smoke","url":"https:\/\/iguanasmoke.com\/","logo":{"@type":"ImageObject","inLanguage":"pl-PL","@id":"https:\/\/iguanasmoke.com\/#\/schema\/logo\/image\/","url":"https:\/\/iguanasmoke.com\/wp-content\/uploads\/2025\/01\/logoiguana-favi-1.png","contentUrl":"https:\/\/iguanasmoke.com\/wp-content\/uploads\/2025\/01\/logoiguana-favi-1.png","width":512,"height":512,"caption":"Iguana Smoke"},"image":{"@id":"https:\/\/iguanasmoke.com\/#\/schema\/logo\/image\/"},"sameAs":["https:\/\/www.facebook.com\/iguanasmoke","https:\/\/www.instagram.com\/iguanasmoke\/"]}]},"product_brand":"variable","og_availability":"out of stock","product_availability":"out of stock","product_condition":"new"},"_links":{"self":[{"href":"https:\/\/iguanasmoke.com\/pl\/wp-json\/wp\/v2\/product\/57563","targetHints":{"allow":["GET"]}}],"collection":[{"href":"https:\/\/iguanasmoke.com\/pl\/wp-json\/wp\/v2\/product"}],"about":[{"href":"https:\/\/iguanasmoke.com\/pl\/wp-json\/wp\/v2\/types\/product"}],"replies":[{"embeddable":true,"href":"https:\/\/iguanasmoke.com\/pl\/wp-json\/wp\/v2\/comments?post=57563"}],"wp:featuredmedia":[{"embeddable":true,"href":"https:\/\/iguanasmoke.com\/pl\/wp-json\/wp\/v2\/media\/81815"}],"wp:attachment":[{"href":"https:\/\/iguanasmoke.com\/pl\/wp-json\/wp\/v2\/media?parent=57563"}],"wp:term":[{"taxonomy":"product_brand","embeddable":true,"href":"https:\/\/iguanasmoke.com\/pl\/wp-json\/wp\/v2\/product_brand?post=57563"},{"taxonomy":"product_cat","embeddable":true,"href":"https:\/\/iguanasmoke.com\/pl\/wp-json\/wp\/v2\/product_cat?post=57563"},{"taxonomy":"product_tag","embeddable":true,"href":"https:\/\/iguanasmoke.com\/pl\/wp-json\/wp\/v2\/product_tag?post=57563"}],"curies":[{"name":"wp","href":"https:\/\/api.w.org\/{rel}","templated":true}]}}