{"id":57888,"date":"2025-05-29T01:18:10","date_gmt":"2025-05-28T23:18:10","guid":{"rendered":"https:\/\/iguanasmoke.com\/?post_type=product&#038;p=57888"},"modified":"2026-03-24T13:46:03","modified_gmt":"2026-03-24T12:46:03","slug":"space-hash-moroccan-stv-sativanol","status":"publish","type":"product","link":"https:\/\/iguanasmoke.com\/pl\/producto\/space-hash-moroccan-stv-sativanol\/","title":{"rendered":"Space Hash Moroccan STV (Sativanol)"},"content":{"rendered":"<section class=\"product-description\"><\/section>\n<section class=\"stv-description\"><\/section>\n<h1><span style=\"font-weight: 400;\">Space Hash Moroccan STV: nowe cz\u0105steczki<\/span><\/h1>\n<p><span style=\"font-weight: 400;\">Space Hash Moroccan STV jest klejnotem dla tych, kt\u00f3rzy szukaj\u0105 <strong>Haszysz bez THC<\/strong> kt\u00f3ry \u0142\u0105czy w sobie to, co najlepsze w tradycyjnym maroka\u0144skim haszyszu z moc\u0105 <strong>Super Sativa<\/strong>Tekstura jest elastyczna, a wyko\u0144czenie wykonane r\u0119cznie, dla tych, kt\u00f3rzy szukaj\u0105 czego\u015b innego, nie trac\u0105c przy tym esencji autentycznego haszyszu premium:<\/span><\/p>\n<ul>\n<li>Jest to bezpieczny produkt spe\u0142niaj\u0105cy normy prawne, zawieraj\u0105cy mniej ni\u017c 0,3% THC.<\/li>\n<li>Ponadto nie zawiera \u017cadnych substancji chemicznych ani sztucznych dodatk\u00f3w.<\/li>\n<li>Idealny dla wymagaj\u0105cych konsument\u00f3w i mi\u0142o\u015bnik\u00f3w haszyszu premium.<\/li>\n<li>Jako\u015b\u0107 testowana przez niezale\u017cne laboratoria <a href=\"https:\/\/iguanasmoke.com\/pl\/analityka\/\">tutaj<\/a>.<\/li>\n<\/ul>\n<h2><strong>Czym jest STV? <\/strong><\/h2>\n<p><span style=\"font-weight: 400;\">Odmiana STV (Super Sativa - Sativanol) to <strong>p\u00f3\u0142syntetyczny kannabinoid<\/strong> kt\u00f3ry pochodzi z konopi. Zosta\u0142 zaprojektowany, aby oferowa\u0107 <strong>dzia\u0142anie pobudzaj\u0105ce, uczucie euforii i momenty jasno\u015bci umys\u0142u<\/strong>, wszystkie wolne od THC, HHC, THCP i analog\u00f3w psychoaktywnych. <\/span><\/p>\n<p><span style=\"font-weight: 400;\">Zalet\u0105 tej cz\u0105steczki jest to, \u017ce nie jest znana z budowania tolerancji, co oznacza, \u017ce mo\u017cesz cieszy\u0107 si\u0119 jej efektem przez d\u0142u\u017cszy czas. Mo\u017cesz do\u015bwiadczy\u0107 Space Hash Moroccan STV dzi\u0119ki <strong>umiarkowany pocz\u0105tek<\/strong> (10-30 minut) i <strong>czas trwania 3-4 godziny<\/strong>, kt\u00f3ry nie powoduje p\u00f3\u017aniej senno\u015bci.\u00a0<\/span><\/p>\n<p><span style=\"font-weight: 400;\">Najlepsz\u0105 rzecz\u0105 jest to, \u017ce STV reprezentuje <strong>nowa era funkcjonalnych kannabinoid\u00f3w<\/strong>, Idealny dla os\u00f3b szukaj\u0105cych wra\u017ce\u0144 <strong>Typ Sativa bez odczuwania negatywnych skutk\u00f3w<\/strong>. Jest po prostu doskona\u0142y.\u00a0\u00a0<\/span><\/p>\n<p>Je\u015bli chcesz dowiedzie\u0107 si\u0119 wi\u0119cej o STV, odwied\u017a stron\u0119 <a href=\"https:\/\/iguanasmoke.com\/pl\/nuevos-nuestro blog: Guia de &lt;yoastmark class=\/\">legalnych kannabinoid\u00f3w w Hiszpanii.<\/a><\/p>\n<p><span style=\"font-weight: 400;\">\u00a0\u00a0<\/span><\/p>\n<h2>Charakterystyka maroka\u0144skiego STV Space Hash:<\/h2>\n<ul>\n<li><span style=\"font-size: 16px; font-weight: 400;\"><strong>Aromat i smak:<\/strong> Wydziela <strong>subtelny i korzenny aromat<\/strong> przypominaj\u0105cy klasyki z Afryki P\u00f3\u0142nocnej. Pe\u0142ny smak od samego pocz\u0105tku, kt\u00f3ry nie jest md\u0142y.\u00a0<\/span><\/li>\n<li><strong>Pochodzenie i czysto\u015b\u0107:<\/strong> <span style=\"font-size: 16px; font-weight: 400;\">Zaczerpni\u0119te z <strong>wybrane konopie europejskie<\/strong> szczeg\u00f3\u0142owo i zgodnie z <strong>tradycyjne maroka\u0144skie metody, kt\u00f3re wraz z STV<\/strong> sprawiaj\u0105, \u017ce ten nowoczesny kannabinoid oferuje alternatywne doznania, bez efekt\u00f3w psychoaktywnych i ca\u0142kowicie legalnie.\u00a0<\/span><\/li>\n<li><span style=\"font-size: 16px; font-weight: 400;\"><strong>Wygl\u0105d i tekstura:<\/strong>\u00a0 Jasny blond kolor i kompaktowy wygl\u0105d sprawiaj\u0105, \u017ce jest to atrakcyjny hash dla tych, kt\u00f3rzy ceni\u0105 sobie jako\u015b\u0107 wizualn\u0105. Jest \u0142atwy w obs\u0142udze i idealny do picia w pojedynk\u0119 lub w towarzystwie innych os\u00f3b.\u00a0<\/span><\/li>\n<\/ul>\n<p>&nbsp;<\/p>\n<h3><b>Dlaczego warto kupowa\u0107 haszysz i \u017cywic\u0119 STV od Iguana Smoke?<\/b><\/h3>\n<p><span style=\"font-weight: 400;\">W Iguana Smoke stawiamy na jako\u015b\u0107. Nasze produkty STV (Sativanol) \u0142\u0105cz\u0105 w sobie dwa \u015bwiaty: naturalne konopie 100% i najbardziej innowacyjne kannabinoidy, oferuj\u0105c bezpieczn\u0105, legaln\u0105 alternatyw\u0119 bez efekt\u00f3w psychoaktywnych. <\/span><strong>Space Hash Moroccan STV naprawd\u0119 wyr\u00f3\u017cnia si\u0119 w \u015bwiecie kannabinoid\u00f3w.<\/strong><\/p>\n<p>Mo\u017cesz mie\u0107 pewno\u015b\u0107, \u017ce ka\u017cda jednostka naszego haszyszu STV jest wytwarzana z surowc\u00f3w organicznych i poddawana testom laboratoryjnym w celu zapewnienia czysto\u015bci i bezpiecze\u0144stwa.<span style=\"font-weight: 400;\"> Pami\u0119taj, \u017ce Iguana Smoke to twoje bezpieczne miejsce. <strong>gdzie kupi\u0107 haszysz CBD i STV w Hiszpanii: <\/strong>Produkty zatwierdzone przez UE, zawieraj\u0105ce mniej ni\u017c 0,3 % THC, zapewniaj\u0105 autentyczne i legalne doznania.\u00a0<\/span><\/p>\n<p><span style=\"font-weight: 400;\">Mo\u017cesz zapozna\u0107 si\u0119 z analiz\u0105 jako\u015bci tego skr\u00f3tu <a href=\"https:\/\/iguanasmoke.com\/pl\/analityka\/\">tutaj<\/a>.\u00a0<\/span><\/p>\n<p>&nbsp;<\/p>\n<p><span style=\"font-weight: 400;\">Co wi\u0119cej, je\u015bli lubisz nasze bardziej tradycyjne \u017cywice CBD, takie jak <a href=\"https:\/\/iguanasmoke.com\/pl\/product-2\/hash-cbd-amnesia\/\">hash amnesia cbd<\/a> ty <\/span><span style=\"font-weight: 400;\">zapewniamy, \u017ce <strong>Space Hash Moroccan STV<\/strong> oczy\u015bci Twoje zmys\u0142y. Nie zapomnij r\u00f3wnie\u017c wypr\u00f3bowa\u0107 innych produkt\u00f3w TOP, takich jak <a href=\"https:\/\/iguanasmoke.com\/pl\/product-2\/flor-gelato-stv-20\/\">Flowers STV 20%<\/a> i <a href=\"https:\/\/iguanasmoke.com\/pl\/space-vape-stv-rewolucyjny-vaper\/\">Space Vapes STV<\/a>. <\/span><\/p>\n<p><span style=\"font-weight: 400;\">Kr\u00f3tko m\u00f3wi\u0105c, poznaj nasz\u0105 r\u00f3\u017cnorodno\u015b\u0107 i znajd\u017a swoje ulubione ju\u017c teraz.\u00a0<\/span><\/p>\n<p>&nbsp;<\/p>\n<h3><b>Iguana Smoke to synonim jako\u015bci i niezawodno\u015bci.<\/b><\/h3>\n<p><span style=\"font-weight: 400;\">W Iguana Smoke wierzymy, \u017ce korzystanie z STV powinno by\u0107 bezpiecznym i przyjemnym do\u015bwiadczeniem. Dlatego oferujemy produkty wysokiej jako\u015bci, kt\u00f3re \u0142\u0105cz\u0105 si\u0119 z nowymi pokoleniami: lud\u017ami, kt\u00f3rzy szukaj\u0105 dobrego samopoczucia bez komplikacji, z autentycznymi i niezawodnymi markami. Pami\u0119taj, \u017ce wszystkie nasze produkty to haszysz<strong>\u00a0Nie zawiera THC, HHC i THCP<\/strong>, takich jak <strong>Space Hash Moroccan STV <\/strong>kt\u00f3re zamierzasz zabra\u0107 do domu.<\/span><\/p>\n<p>Nasza misja jest jasna: dostarcza\u0107 najlepsze kannabinoidy w uczciwej cenie, ze spokojem wynikaj\u0105cym ze \u015bwiadomo\u015bci, \u017ce wybierasz certyfikowany, skuteczny i legalny produkt 100%. Jeste\u015bmy w czo\u0142\u00f3wce produkt\u00f3w CBD.<\/p>\n<p>Nadal masz w\u0105tpliwo\u015bci? Napisz do nas, a z przyjemno\u015bci\u0105 pomo\u017cemy Ci znale\u017a\u0107 odpowiedni produkt.<\/p>\n<p>&nbsp;<\/p>\n<p>*<em><span style=\"font-weight: 400;\">Pami\u0119taj: zgodnie z hiszpa\u0144skim prawem jest on przeznaczony do cel\u00f3w kolekcjonerskich lub aromaterapeutycznych.\u00a0<\/span><\/em><\/p>","protected":false},"excerpt":{"rendered":"<p><span style=\"font-weight: 400;\">Space Hash Moroccan STV o j\u0119drnej konsystencji i korzennym aromacie. Wzbogacony o STV (Sativanol), zapewnia jasnosc i lekka euforie.\u00a0<\/span><\/p>\n<ul>\n<li><strong style=\"font-size: 16px; font-style: normal;\">Kolor jasny blond <\/strong>- Idealny do autentycznego do\u015bwiadczenia<\/li>\n<li><strong>Mniej ni\u017c 0,3% THC - 100% legalne w ca\u0142ej Europie<\/strong><\/li>\n<li><strong>Produkcja naturalna<\/strong>- Brak pestycyd\u00f3w i sztucznych substancji chemicznych<\/li>\n<\/ul>\n<p>Analiza jako\u015bci: kliknij\u00a0<a href=\"https:\/\/iguanasmoke.com\/pl\/analityka\/\" target=\"_blank\" rel=\"noopener\">tutaj<\/a><\/p>","protected":false},"featured_media":57946,"comment_status":"open","ping_status":"closed","template":"","meta":{"_acf_changed":false,"site-sidebar-layout":"default","site-content-layout":"","ast-site-content-layout":"default","site-content-style":"default","site-sidebar-style":"default","ast-global-header-display":"","ast-banner-title-visibility":"","ast-main-header-display":"","ast-hfb-above-header-display":"","ast-hfb-below-header-display":"","ast-hfb-mobile-header-display":"","site-post-title":"","ast-breadcrumbs-content":"","ast-featured-img":"","footer-sml-layout":"","theme-transparent-header-meta":"default","adv-header-id-meta":"","stick-header-meta":"","header-above-stick-meta":"","header-main-stick-meta":"","header-below-stick-meta":"","astra-migrate-meta-layouts":"set","ast-page-background-enabled":"default","ast-page-background-meta":{"desktop":{"background-color":"var(--ast-global-color-4)","background-image":"","background-repeat":"repeat","background-position":"center center","background-size":"auto","background-attachment":"scroll","background-type":"","background-media":"","overlay-type":"","overlay-color":"","overlay-opacity":"","overlay-gradient":""},"tablet":{"background-color":"","background-image":"","background-repeat":"repeat","background-position":"center center","background-size":"auto","background-attachment":"scroll","background-type":"","background-media":"","overlay-type":"","overlay-color":"","overlay-opacity":"","overlay-gradient":""},"mobile":{"background-color":"","background-image":"","background-repeat":"repeat","background-position":"center center","background-size":"auto","background-attachment":"scroll","background-type":"","background-media":"","overlay-type":"","overlay-color":"","overlay-opacity":"","overlay-gradient":""}},"ast-content-background-meta":{"desktop":{"background-color":"var(--ast-global-color-5)","background-image":"","background-repeat":"repeat","background-position":"center center","background-size":"auto","background-attachment":"scroll","background-type":"","background-media":"","overlay-type":"","overlay-color":"","overlay-opacity":"","overlay-gradient":""},"tablet":{"background-color":"var(--ast-global-color-5)","background-image":"","background-repeat":"repeat","background-position":"center center","background-size":"auto","background-attachment":"scroll","background-type":"","background-media":"","overlay-type":"","overlay-color":"","overlay-opacity":"","overlay-gradient":""},"mobile":{"background-color":"var(--ast-global-color-5)","background-image":"","background-repeat":"repeat","background-position":"center center","background-size":"auto","background-attachment":"scroll","background-type":"","background-media":"","overlay-type":"","overlay-color":"","overlay-opacity":"","overlay-gradient":""}}},"product_brand":[],"product_cat":[397,549],"product_tag":[],"class_list":{"0":"post-57888","1":"product","2":"type-product","3":"status-publish","4":"has-post-thumbnail","6":"product_cat-hash-cbd","7":"product_cat-sativanol","8":"desktop-align-center","9":"tablet-align-center","10":"mobile-align-center","12":"first","13":"instock","14":"taxable","15":"shipping-taxable","16":"purchasable","17":"product-type-variable"},"acf":[],"yoast_head":"<!-- This site is optimized with the Yoast SEO Premium plugin v27.3 (Yoast SEO v27.3) - https:\/\/yoast.com\/product\/yoast-seo-premium-wordpress\/ -->\n<title>Space Hash Moroccan STV: hach\u00eds sin THC | Iguana Smoke<\/title>\n<meta name=\"description\" content=\"Descubre el nuevo Space Hash Moroccan STV en Iguana Smoke. Ven a comprar hach\u00eds legal con Sativanol y CBD, sin THC psicoactivo. Tu hash con calidad premium.\" \/>\n<meta name=\"robots\" content=\"index, follow, max-snippet:-1, max-image-preview:large, max-video-preview:-1\" \/>\n<link rel=\"canonical\" href=\"https:\/\/iguanasmoke.com\/pl\/product-2\/space-hash-moroccan-stv-sativanol\/\" \/>\n<meta property=\"og:locale\" content=\"pl_PL\" \/>\n<meta property=\"og:type\" content=\"article\" \/>\n<meta property=\"og:title\" content=\"Space Hash Moroccan STV (Sativanol)\" \/>\n<meta property=\"og:description\" content=\"El Space Hash Moroccan STV de textura firme y aroma especiado. Enriquecido con STV(Sativanol), aporta claridad y euforia ligera.\u00a0   Color rubio claro \u2013 Perfecta para una experiencia aut\u00e9ntica  Menos de 0,3% de THC \u2013 100% legal en toda Europa  Producci\u00f3n natural\u2013 Sin pesticidas ni qu\u00edmicos artificiales  An\u00e1lisis de calidad: pincha\u00a0aqu\u00ed\" \/>\n<meta property=\"og:url\" content=\"https:\/\/iguanasmoke.com\/pl\/product-2\/space-hash-moroccan-stv-sativanol\/\" \/>\n<meta property=\"og:site_name\" content=\"Iguana Smoke\" \/>\n<meta property=\"article:publisher\" content=\"https:\/\/www.facebook.com\/iguanasmoke\" \/>\n<meta property=\"article:modified_time\" content=\"2026-03-24T12:46:03+00:00\" \/>\n<meta property=\"og:image\" content=\"https:\/\/iguanasmoke.com\/wp-content\/uploads\/2025\/05\/mockup-Blonde-5g.png\" \/>\n\t<meta property=\"og:image:width\" content=\"1000\" \/>\n\t<meta property=\"og:image:height\" content=\"1000\" \/>\n\t<meta property=\"og:image:type\" content=\"image\/png\" \/>\n<meta name=\"twitter:card\" content=\"summary_large_image\" \/>\n<meta name=\"twitter:label1\" content=\"Dost\u0119pno\u015b\u0107\" \/>\n\t<meta name=\"twitter:data1\" content=\"Dost\u0119pny\" \/>\n<meta property=\"product:brand\" content=\"variable\" \/>\n<meta property=\"og:availability\" content=\"instock\" \/>\n<meta property=\"product:availability\" content=\"instock\" \/>\n<meta property=\"product:condition\" content=\"new\" \/>\n<!-- \/ Yoast SEO Premium plugin. -->","yoast_head_json":{"title":"Space Hash Moroccan STV: haszysz bez THC : Iguana Smoke","description":"Odkryj nowy Space Hash Moroccan STV w Iguana Smoke. Przyjd\u017a i kup legalny haszysz z Sativanolem i CBD, bez psychoaktywnego THC. Hasz najwy\u017cszej jako\u015bci.","robots":{"index":"index","follow":"follow","max-snippet":"max-snippet:-1","max-image-preview":"max-image-preview:large","max-video-preview":"max-video-preview:-1"},"canonical":"https:\/\/iguanasmoke.com\/pl\/product-2\/space-hash-moroccan-stv-sativanol\/","og_locale":"pl_PL","og_type":"article","og_title":"Space Hash Moroccan STV (Sativanol)","og_description":"El Space Hash Moroccan STV de textura firme y aroma especiado. Enriquecido con STV(Sativanol), aporta claridad y euforia ligera.\u00a0   Color rubio claro \u2013 Perfecta para una experiencia aut\u00e9ntica  Menos de 0,3% de THC \u2013 100% legal en toda Europa  Producci\u00f3n natural\u2013 Sin pesticidas ni qu\u00edmicos artificiales  An\u00e1lisis de calidad: pincha\u00a0aqu\u00ed","og_url":"https:\/\/iguanasmoke.com\/pl\/product-2\/space-hash-moroccan-stv-sativanol\/","og_site_name":"Iguana Smoke","article_publisher":"https:\/\/www.facebook.com\/iguanasmoke","article_modified_time":"2026-03-24T12:46:03+00:00","og_image":[{"width":1000,"height":1000,"url":"https:\/\/iguanasmoke.com\/wp-content\/uploads\/2025\/05\/mockup-Blonde-5g.png","type":"image\/png"}],"twitter_card":"summary_large_image","twitter_misc":{"Dost\u0119pno\u015b\u0107":"Dost\u0119pny"},"schema":{"@context":"https:\/\/schema.org","@graph":[{"@type":"WebPage","@id":"https:\/\/iguanasmoke.com\/producto\/space-hash-moroccan-stv-sativanol\/","url":"https:\/\/iguanasmoke.com\/producto\/space-hash-moroccan-stv-sativanol\/","name":"Space Hash Moroccan STV: haszysz bez THC : Iguana Smoke","isPartOf":{"@id":"https:\/\/iguanasmoke.com\/#website"},"primaryImageOfPage":{"@id":"https:\/\/iguanasmoke.com\/producto\/space-hash-moroccan-stv-sativanol\/#primaryimage"},"image":{"@id":"https:\/\/iguanasmoke.com\/producto\/space-hash-moroccan-stv-sativanol\/#primaryimage"},"thumbnailUrl":"https:\/\/iguanasmoke.com\/wp-content\/uploads\/2025\/05\/mockup-Blonde-5g.png","datePublished":"2025-05-28T23:18:10+00:00","dateModified":"2026-03-24T12:46:03+00:00","description":"Odkryj nowy Space Hash Moroccan STV w Iguana Smoke. Przyjd\u017a i kup legalny haszysz z Sativanolem i CBD, bez psychoaktywnego THC. Hasz najwy\u017cszej jako\u015bci.","breadcrumb":{"@id":"https:\/\/iguanasmoke.com\/producto\/space-hash-moroccan-stv-sativanol\/#breadcrumb"},"inLanguage":"pl-PL","potentialAction":[{"@type":"ReadAction","target":["https:\/\/iguanasmoke.com\/producto\/space-hash-moroccan-stv-sativanol\/"]}]},{"@type":"ImageObject","inLanguage":"pl-PL","@id":"https:\/\/iguanasmoke.com\/producto\/space-hash-moroccan-stv-sativanol\/#primaryimage","url":"https:\/\/iguanasmoke.com\/wp-content\/uploads\/2025\/05\/mockup-Blonde-5g.png","contentUrl":"https:\/\/iguanasmoke.com\/wp-content\/uploads\/2025\/05\/mockup-Blonde-5g.png","width":1000,"height":1000,"caption":"dos piedras de hash rubio STV moroccan con bote negro y pegatina morada"},{"@type":"BreadcrumbList","@id":"https:\/\/iguanasmoke.com\/producto\/space-hash-moroccan-stv-sativanol\/#breadcrumb","itemListElement":[{"@type":"ListItem","position":1,"name":"home","item":"https:\/\/iguanasmoke.com\/"},{"@type":"ListItem","position":2,"name":"Tienda","item":"https:\/\/iguanasmoke.com\/tienda\/"},{"@type":"ListItem","position":3,"name":"Nuevas Mol\u00e9culas","item":"https:\/\/iguanasmoke.com\/categoria\/nuevas-moleculas\/"},{"@type":"ListItem","position":4,"name":"Sativanol - STV","item":"https:\/\/iguanasmoke.com\/categoria\/nuevas-moleculas\/sativanol\/"},{"@type":"ListItem","position":5,"name":"Space Hash Moroccan STV (Sativanol)"}]},{"@type":"WebSite","@id":"https:\/\/iguanasmoke.com\/#website","url":"https:\/\/iguanasmoke.com\/","name":"Iguana Smoke","description":"Kup CBD online w najlepszej cenie","publisher":{"@id":"https:\/\/iguanasmoke.com\/#organization"},"potentialAction":[{"@type":"SearchAction","target":{"@type":"EntryPoint","urlTemplate":"https:\/\/iguanasmoke.com\/?s={search_term_string}"},"query-input":{"@type":"PropertyValueSpecification","valueRequired":true,"valueName":"search_term_string"}}],"inLanguage":"pl-PL"},{"@type":"Organization","@id":"https:\/\/iguanasmoke.com\/#organization","name":"Iguana Smoke","url":"https:\/\/iguanasmoke.com\/","logo":{"@type":"ImageObject","inLanguage":"pl-PL","@id":"https:\/\/iguanasmoke.com\/#\/schema\/logo\/image\/","url":"https:\/\/iguanasmoke.com\/wp-content\/uploads\/2025\/01\/logoiguana-favi-1.png","contentUrl":"https:\/\/iguanasmoke.com\/wp-content\/uploads\/2025\/01\/logoiguana-favi-1.png","width":512,"height":512,"caption":"Iguana Smoke"},"image":{"@id":"https:\/\/iguanasmoke.com\/#\/schema\/logo\/image\/"},"sameAs":["https:\/\/www.facebook.com\/iguanasmoke","https:\/\/www.instagram.com\/iguanasmoke\/"]}]},"product_brand":"variable","og_availability":"instock","product_availability":"instock","product_condition":"new"},"_links":{"self":[{"href":"https:\/\/iguanasmoke.com\/pl\/wp-json\/wp\/v2\/product\/57888","targetHints":{"allow":["GET"]}}],"collection":[{"href":"https:\/\/iguanasmoke.com\/pl\/wp-json\/wp\/v2\/product"}],"about":[{"href":"https:\/\/iguanasmoke.com\/pl\/wp-json\/wp\/v2\/types\/product"}],"replies":[{"embeddable":true,"href":"https:\/\/iguanasmoke.com\/pl\/wp-json\/wp\/v2\/comments?post=57888"}],"wp:featuredmedia":[{"embeddable":true,"href":"https:\/\/iguanasmoke.com\/pl\/wp-json\/wp\/v2\/media\/57946"}],"wp:attachment":[{"href":"https:\/\/iguanasmoke.com\/pl\/wp-json\/wp\/v2\/media?parent=57888"}],"wp:term":[{"taxonomy":"product_brand","embeddable":true,"href":"https:\/\/iguanasmoke.com\/pl\/wp-json\/wp\/v2\/product_brand?post=57888"},{"taxonomy":"product_cat","embeddable":true,"href":"https:\/\/iguanasmoke.com\/pl\/wp-json\/wp\/v2\/product_cat?post=57888"},{"taxonomy":"product_tag","embeddable":true,"href":"https:\/\/iguanasmoke.com\/pl\/wp-json\/wp\/v2\/product_tag?post=57888"}],"curies":[{"name":"wp","href":"https:\/\/api.w.org\/{rel}","templated":true}]}}