{"id":57901,"date":"2025-09-30T12:43:46","date_gmt":"2025-09-30T10:43:46","guid":{"rendered":"https:\/\/iguanasmoke.com\/?post_type=product&#038;p=57901"},"modified":"2026-05-11T11:42:52","modified_gmt":"2026-05-11T09:42:52","slug":"space-hash-dry-sift-10-oh","status":"publish","type":"product","link":"https:\/\/iguanasmoke.com\/pl\/producto\/space-hash-dry-sift-10-oh\/","title":{"rendered":"Space Hash Dry Sift 10-OH"},"content":{"rendered":"<section class=\"space-hash-dry-sift-10oh-description\">\n<h1><span style=\"font-weight: 400;\">Space Hash Dry Sift 10-OH: po\u0142\u0105czenie klasyki z nowo\u015bci\u0105<\/span><\/h1>\n<\/section>\n<section class=\"space-hash-dry-sift-10oh-description\"><span style=\"font-weight: 400;\">Szukasz czego\u015b innego? Odkryj nasze <strong>Space Hash Dry Sift 10-OH<\/strong>, haszysz 10-OH, kt\u00f3ry \u0142\u0105czy w sobie tradycyjny spos\u00f3b wytwarzania haszyszu z <strong>haszysz z now\u0105 cz\u0105steczk\u0105<\/strong> kt\u00f3ry powali Ci\u0119 na kolana. Tworzymy go z najwy\u017cszej jako\u015bci konopi i dodajemy w\u0142asne sk\u0142adniki. <strong>specjalny kannabinoid: 10-OH<\/strong>. Rezultatem jest <strong>do\u015bwiadczenie z innej planety<\/strong>, i, oczywi\u015bcie, jest zgodny z prawem, poniewa\u017c jest twoim <strong>Haszysz bez THC<\/strong>. Chcesz spr\u00f3bowa\u0107? <\/span>\u00a0<\/section>\n<section><\/section>\n<section><\/section>\n<h2><\/h2>\n<p>&nbsp;<\/p>\n<h2><em>Space Hash: Podr\u00f3\u017c na drug\u0105 stron\u0119<\/em><\/h2>\n<p><span style=\"font-weight: 400;\">Termin \u201ckosmos\u201d nie jest przypadkowy. Nasz <strong>Space Hash to \u017cywice o wysokiej czysto\u015bci<\/strong>, <strong>wzbogacony o dodatkowe cz\u0105steczki<\/strong> kt\u00f3rzy zapraszaj\u0105 na <strong>wyj\u0105tkowa podr\u00f3\u017c sensoryczna<\/strong>. Odkryj do\u015bwiadczenie nie z tego \u015bwiata, kt\u00f3re \u0142\u0105czy w sobie <strong>rzemie\u015blnicza tradycja haszyszu<\/strong> z <strong>innowacja<\/strong> najbardziej awangardowy w \u015bwiecie <strong>CBD<\/strong>.\u00a0<\/span><\/p>\n<p>&nbsp;<\/p>\n<section class=\"space-hash-dry-sift-10oh-description\">\n<h2><strong>Co to jest 10-OH Hash Dry Sift: zrozumienie 10-OH<\/strong><\/h2>\n<p><span style=\"font-weight: 400;\">Wszystko zaczyna si\u0119 od metody ekstrakcji haszyszu, kt\u00f3ra jest wykonywana przez <strong>przesiewanie na sucho zwane \u201cDry-Sift\u201d.\u201d<\/strong>. Jest to rzemie\u015blnicza forma <strong>oddzielanie najczystszych kryszta\u0142\u00f3w<\/strong> z ro\u015bliny konopi. W tym celu stosuje si\u0119 drobne oczka, aby uzyska\u0107 \u017cywic\u0119 z <strong>g\u0142adka konsystencja, intensywny aromat i niezr\u00f3wnana czysto\u015b\u0107<\/strong>. <\/span><\/p>\n<p><span style=\"font-weight: 400;\">Aby uczyni\u0107 go jeszcze bardziej wyj\u0105tkowym, dodajemy do haszyszu <strong>10-OH<\/strong>, co zapewnia wyj\u0105tkowe doznania bez uszczerbku dla legalno\u015bci. <\/span><\/p>\n<p><span style=\"font-weight: 400;\">The <strong>10-hydroksy (10-OH)<\/strong> jest <strong>cz\u0105steczka<\/strong> kt\u00f3ry oferuje l\u017cejsze, bardziej zmys\u0142owe doznania ni\u017c THC. W przeciwie\u0144stwie do CBD, 10-OH <strong>zmienia percepcj\u0119 w \u0142agodny spos\u00f3b<\/strong>. Co wi\u0119cej, jest to nowa mieszanka na rynku, kt\u00f3ra, podobnie jak wszystkie nasze produkty, jest zgodna z prawem europejskim; zawsze zawiera mniej ni\u017c 0,3% THC.<\/span><\/p>\n<p>&nbsp;<\/p>\n<\/section>\n<h2><strong>Cechy urz\u0105dzenia Space Hash Dry Sift 10-OH:<\/strong><\/h2>\n<ul>\n<li><span style=\"font-weight: 400;\"><strong>Aromat i smak:<\/strong> Wydziela g\u0142\u0119boki aromat z nutami <strong>ziemia<\/strong> i do <strong>zio\u0142a<\/strong>. Jest to rodzaj haszyszu, kt\u00f3ry sprawia, \u017ce ka\u017cde u\u017cycie jest ma\u0142\u0105 przyjemno\u015bci\u0105.\u00a0<\/span><\/li>\n<li><span style=\"font-weight: 400;\"><strong>Pochodzenie i czysto\u015b\u0107:<\/strong> Odbywa si\u0119 to za pomoc\u0105 <strong>metoda przesiewania na sucho<\/strong>. Ka\u017cda partia naszych <strong>Space Hash Dry Sift 10-OH<\/strong> jest wykonywana r\u0119cznie z wielk\u0105 staranno\u015bci\u0105, zawsze przy u\u017cyciu najlepszych europejskich konopi.\u00a0<\/span><\/li>\n<li><span style=\"font-weight: 400;\"><strong>Wygl\u0105d i tekstura:<\/strong> Z <strong>Jedwabista tekstura<\/strong>, mo\u017cna zobaczy\u0107 <strong>ma\u0142e kryszta\u0142y \u017cywicy<\/strong>, znak, \u017ce jest pe\u0142na wysokiej jako\u015bci kannabinoid\u00f3w i terpen\u00f3w.<\/span><\/li>\n<\/ul>\n<p>&nbsp;<\/p>\n<h3><b>Dlaczego warto kupowa\u0107 \u017cywic\u0119 i haszysz 10-OH w Iguana Smoke?<\/b><\/h3>\n<p><span style=\"font-weight: 400;\">Iguana Smoke stawia na jako\u015b\u0107. Nasze produkty 10-OH \u0142\u0105cz\u0105 w sobie to, co najlepsze z obu \u015bwiat\u00f3w: naturalne konopie 100% i najbardziej innowacyjne kannabinoidy, oferuj\u0105c bezpieczn\u0105, legaln\u0105 alternatyw\u0119 bez efekt\u00f3w psychoaktywnych. <strong>Space Hash Dry Sift 10-OH <\/strong><\/span>naprawd\u0119 wyr\u00f3\u017cnia si\u0119 w <strong>\u015bwiat kannabinoid\u00f3w.<\/strong><\/p>\n<p><span style=\"font-weight: 400;\">Wiesz ju\u017c, \u017ce Iguana Smoke to twoje bezpieczne miejsce. <strong>gdzie kupi\u0107 tani haszysz 10-OH, CBD i STV w Hiszpanii: <\/strong>Produkty zatwierdzone przez UE, zawieraj\u0105ce mniej ni\u017c 0,3 % THC, zapewniaj\u0105 autentyczne i legalne doznania. Ponadto, p<\/span><span style=\"font-weight: 400;\">Mo\u017cesz zapozna\u0107 si\u0119 z <a href=\"https:\/\/iguanasmoke.com\/pl\/analityka\/\"><strong>analiza jako\u015bci tego skr\u00f3tu<\/strong><\/a>.\u00a0<\/span><\/p>\n<p><em><span style=\"font-weight: 400;\">Pami\u0119taj: zgodnie z hiszpa\u0144skim prawem jest on przeznaczony do cel\u00f3w kolekcjonerskich lub aromaterapeutycznych.\u00a0<\/span><\/em><\/p>\n<p><span style=\"font-weight: 400;\">Te <\/span><span style=\"font-weight: 400;\">zapewniamy, \u017ce <strong>Space Hash Dry Sift 10-OH<\/strong> oczy\u015bci twoje zmys\u0142y, ale chcieliby\u015bmy zaprosi\u0107 ci\u0119 do wypr\u00f3bowania <strong><a href=\"https:\/\/iguanasmoke.com\/pl\/product-2\/space-hash-moroccan-stv-sativanol\/\">Space Hash Moroccan STV<\/a><\/strong> lub <a href=\"https:\/\/iguanasmoke.com\/pl\/product-2\/space-hash-piatella-stv-sativanol\/\"><strong>Space Hash Piatella STV<\/strong><\/a> wzbogacony o sativanol i<a href=\"https:\/\/iguanasmoke.com\/pl\/product-2\/space-hash-bubblegum-e8h\/\"><strong> Space Hash Bubblegum E8H<\/strong><\/a> wzbogacony o cz\u0105steczk\u0119 E8H, kolejn\u0105 z naszych nowych cz\u0105steczek. Nie zapomnij r\u00f3wnie\u017c wypr\u00f3bowa\u0107 wszystkich naszych <a href=\"https:\/\/iguanasmoke.com\/pl\/kategoria\/nowe-czasteczki\/10oh\/\"><strong>Produkty 10-OH<\/strong>.<\/a><\/span><\/p>\n<p>&nbsp;<\/p>\n<h3><b>Iguana Smoke to synonim jako\u015bci i niezawodno\u015bci.<\/b><\/h3>\n<p><span style=\"font-weight: 400;\">W Iguana Smoke wierzymy, \u017ce korzystanie z 10-OH powinno by\u0107 bezpiecznym i przyjemnym do\u015bwiadczeniem. Dlatego oferujemy produkty wysokiej jako\u015bci, kt\u00f3re \u0142\u0105cz\u0105 si\u0119 z nowymi pokoleniami: lud\u017ami, kt\u00f3rzy szukaj\u0105 dobrego samopoczucia bez komplikacji, z autentycznymi i niezawodnymi markami. Pami\u0119taj, \u017ce wszystkie nasze produkty to haszysz <strong>Nie zawiera THC, HHC i THCP,<\/strong> takich jak <strong>Space Hash Dry Sift 10-OH<\/strong> kt\u00f3r\u0105 zamierzasz wypr\u00f3bowa\u0107.<\/span><\/p>\n<p>Wiesz, \u017ce nasza misja jest jasna: zapewni\u0107 Ci to, co najlepsze w \u015bwiecie kannabinoid\u00f3w w uczciwej cenie, ze spokojem wynikaj\u0105cym ze \u015bwiadomo\u015bci, \u017ce wybierasz certyfikowany, skuteczny i legalny produkt 100%. Jeste\u015bmy w czo\u0142\u00f3wce produkt\u00f3w CBD, wi\u0119c nie wahaj si\u0119 <strong>kupi\u0107 tani haszysz<\/strong> w Iguana Smoke.<\/p>\n<p>Nadal masz w\u0105tpliwo\u015bci? Napisz do nas, a pomo\u017cemy Ci znale\u017a\u0107 odpowiedni produkt dla Ciebie.<\/p>\n<p>&nbsp;<\/p>","protected":false},"excerpt":{"rendered":"<p>Odkryj <b>Space Hash Dry Sift 10-OH<\/b>, \u017cywica, kt\u00f3ra \u0142\u0105czy tradycj\u0119 tradycyjnego przesiewania na sucho z innowacj\u0105 10-OH.<\/p>\n<ul>\n<li><b>Nieodparty aromat i konsystencja:<\/b> ziemiste, s\u0142odkie nuty z nutami suszonych owoc\u00f3w.<\/li>\n<li><b>Wzbogacony o 10-OH:<\/b> wyj\u0105tkowe do\u015bwiadczenie.<\/li>\n<li><b>100% legal:<\/b> &lt;0,3% THC.<\/li>\n<\/ul>\n<p>Analiza jako\u015bci: kliknij\u00a0<a href=\"https:\/\/iguanasmoke.com\/pl\/analityka\/\" target=\"_blank\" rel=\"noopener\">tutaj<\/a><\/p>","protected":false},"featured_media":81185,"comment_status":"open","ping_status":"closed","template":"","meta":{"_acf_changed":false,"site-sidebar-layout":"default","site-content-layout":"","ast-site-content-layout":"default","site-content-style":"default","site-sidebar-style":"default","ast-global-header-display":"","ast-banner-title-visibility":"","ast-main-header-display":"","ast-hfb-above-header-display":"","ast-hfb-below-header-display":"","ast-hfb-mobile-header-display":"","site-post-title":"","ast-breadcrumbs-content":"","ast-featured-img":"","footer-sml-layout":"","theme-transparent-header-meta":"default","adv-header-id-meta":"","stick-header-meta":"","header-above-stick-meta":"","header-main-stick-meta":"","header-below-stick-meta":"","astra-migrate-meta-layouts":"set","ast-page-background-enabled":"default","ast-page-background-meta":{"desktop":{"background-color":"var(--ast-global-color-4)","background-image":"","background-repeat":"repeat","background-position":"center center","background-size":"auto","background-attachment":"scroll","background-type":"","background-media":"","overlay-type":"","overlay-color":"","overlay-opacity":"","overlay-gradient":""},"tablet":{"background-color":"","background-image":"","background-repeat":"repeat","background-position":"center center","background-size":"auto","background-attachment":"scroll","background-type":"","background-media":"","overlay-type":"","overlay-color":"","overlay-opacity":"","overlay-gradient":""},"mobile":{"background-color":"","background-image":"","background-repeat":"repeat","background-position":"center center","background-size":"auto","background-attachment":"scroll","background-type":"","background-media":"","overlay-type":"","overlay-color":"","overlay-opacity":"","overlay-gradient":""}},"ast-content-background-meta":{"desktop":{"background-color":"var(--ast-global-color-5)","background-image":"","background-repeat":"repeat","background-position":"center center","background-size":"auto","background-attachment":"scroll","background-type":"","background-media":"","overlay-type":"","overlay-color":"","overlay-opacity":"","overlay-gradient":""},"tablet":{"background-color":"var(--ast-global-color-5)","background-image":"","background-repeat":"repeat","background-position":"center center","background-size":"auto","background-attachment":"scroll","background-type":"","background-media":"","overlay-type":"","overlay-color":"","overlay-opacity":"","overlay-gradient":""},"mobile":{"background-color":"var(--ast-global-color-5)","background-image":"","background-repeat":"repeat","background-position":"center center","background-size":"auto","background-attachment":"scroll","background-type":"","background-media":"","overlay-type":"","overlay-color":"","overlay-opacity":"","overlay-gradient":""}}},"product_brand":[],"product_cat":[550,397],"product_tag":[],"class_list":{"0":"post-57901","1":"product","2":"type-product","3":"status-publish","4":"has-post-thumbnail","6":"product_cat-10oh","7":"product_cat-hash-cbd","8":"desktop-align-center","9":"tablet-align-center","10":"mobile-align-center","12":"first","13":"instock","14":"taxable","15":"shipping-taxable","16":"purchasable","17":"product-type-variable"},"acf":[],"yoast_head":"<!-- This site is optimized with the Yoast SEO Premium plugin v27.5 (Yoast SEO v27.5) - https:\/\/yoast.com\/product\/yoast-seo-premium-wordpress\/ -->\n<title>Space Hash Dry Sift 10-OH | Iguana Smoke<\/title>\n<meta name=\"description\" content=\"Space Hash Dry Sift 10-OH: disfruta de un hash artesanal sin THC, aroma intenso y una experiencia equilibrada. Cumple con la normativa de la UE (&lt;0,3% THC).\" \/>\n<meta name=\"robots\" content=\"index, follow, max-snippet:-1, max-image-preview:large, max-video-preview:-1\" \/>\n<link rel=\"canonical\" href=\"https:\/\/iguanasmoke.com\/pl\/product-2\/space-hash-dry-sift-10-oh\/\" \/>\n<meta property=\"og:locale\" content=\"pl_PL\" \/>\n<meta property=\"og:type\" content=\"article\" \/>\n<meta property=\"og:title\" content=\"Space Hash Dry Sift 10-OH\" \/>\n<meta property=\"og:description\" content=\"Descubre el Space Hash Dry Sift 10-OH, la resina que une la tradici\u00f3n artesanal del tamizado en seco con la innovaci\u00f3n del 10-OH.   Aroma y textura irresistible: notas terrosas, dulces con toques de frutos secos.  Enriquecido con 10-OH: experiencia \u00fanica.  100% legal: &lt;0,3% de THC.  An\u00e1lisis de calidad: pincha\u00a0aqu\u00ed\" \/>\n<meta property=\"og:url\" content=\"https:\/\/iguanasmoke.com\/pl\/product-2\/space-hash-dry-sift-10-oh\/\" \/>\n<meta property=\"og:site_name\" content=\"Iguana Smoke\" \/>\n<meta property=\"article:publisher\" content=\"https:\/\/www.facebook.com\/iguanasmoke\" \/>\n<meta property=\"article:modified_time\" content=\"2026-05-11T09:42:52+00:00\" \/>\n<meta property=\"og:image\" content=\"https:\/\/iguanasmoke.com\/wp-content\/uploads\/2025\/09\/Dry-10-OH-2g.webp\" \/>\n\t<meta property=\"og:image:width\" content=\"1000\" \/>\n\t<meta property=\"og:image:height\" content=\"1000\" \/>\n\t<meta property=\"og:image:type\" content=\"image\/webp\" \/>\n<meta name=\"twitter:card\" content=\"summary_large_image\" \/>\n<meta name=\"twitter:label1\" content=\"Dost\u0119pno\u015b\u0107\" \/>\n\t<meta name=\"twitter:data1\" content=\"Dost\u0119pny\" \/>\n<meta property=\"product:brand\" content=\"variable\" \/>\n<meta property=\"og:availability\" content=\"instock\" \/>\n<meta property=\"product:availability\" content=\"instock\" \/>\n<meta property=\"product:condition\" content=\"new\" \/>\n<!-- \/ Yoast SEO Premium plugin. -->","yoast_head_json":{"title":"Space Hash Dry Sift 10-OH | Iguana Smoke","description":"Space Hash Dry Sift 10-OH: disfruta de un hash artesanal sin THC, aroma intenso y una experiencia equilibrada. Cumple con la normativa de la UE (&lt;0,3% THC).","robots":{"index":"index","follow":"follow","max-snippet":"max-snippet:-1","max-image-preview":"max-image-preview:large","max-video-preview":"max-video-preview:-1"},"canonical":"https:\/\/iguanasmoke.com\/pl\/product-2\/space-hash-dry-sift-10-oh\/","og_locale":"pl_PL","og_type":"article","og_title":"Space Hash Dry Sift 10-OH","og_description":"Descubre el Space Hash Dry Sift 10-OH, la resina que une la tradici\u00f3n artesanal del tamizado en seco con la innovaci\u00f3n del 10-OH.   Aroma y textura irresistible: notas terrosas, dulces con toques de frutos secos.  Enriquecido con 10-OH: experiencia \u00fanica.  100% legal: &lt;0,3% de THC.  An\u00e1lisis de calidad: pincha\u00a0aqu\u00ed","og_url":"https:\/\/iguanasmoke.com\/pl\/product-2\/space-hash-dry-sift-10-oh\/","og_site_name":"Iguana Smoke","article_publisher":"https:\/\/www.facebook.com\/iguanasmoke","article_modified_time":"2026-05-11T09:42:52+00:00","og_image":[{"width":1000,"height":1000,"url":"https:\/\/iguanasmoke.com\/wp-content\/uploads\/2025\/09\/Dry-10-OH-2g.webp","type":"image\/webp"}],"twitter_card":"summary_large_image","twitter_misc":{"Dost\u0119pno\u015b\u0107":"Dost\u0119pny"},"schema":{"@context":"https:\/\/schema.org","@graph":[{"@type":"WebPage","@id":"https:\/\/iguanasmoke.com\/producto\/space-hash-dry-sift-10-oh\/","url":"https:\/\/iguanasmoke.com\/producto\/space-hash-dry-sift-10-oh\/","name":"Space Hash Dry Sift 10-OH | Iguana Smoke","isPartOf":{"@id":"https:\/\/iguanasmoke.com\/#website"},"primaryImageOfPage":{"@id":"https:\/\/iguanasmoke.com\/producto\/space-hash-dry-sift-10-oh\/#primaryimage"},"image":{"@id":"https:\/\/iguanasmoke.com\/producto\/space-hash-dry-sift-10-oh\/#primaryimage"},"thumbnailUrl":"https:\/\/iguanasmoke.com\/wp-content\/uploads\/2025\/09\/Dry-10-OH-2g.webp","datePublished":"2025-09-30T10:43:46+00:00","dateModified":"2026-05-11T09:42:52+00:00","description":"Space Hash Dry Sift 10-OH: disfruta de un hash artesanal sin THC, aroma intenso y una experiencia equilibrada. Cumple con la normativa de la UE (&lt;0,3% THC).","breadcrumb":{"@id":"https:\/\/iguanasmoke.com\/producto\/space-hash-dry-sift-10-oh\/#breadcrumb"},"inLanguage":"pl-PL","potentialAction":[{"@type":"ReadAction","target":["https:\/\/iguanasmoke.com\/producto\/space-hash-dry-sift-10-oh\/"]}]},{"@type":"ImageObject","inLanguage":"pl-PL","@id":"https:\/\/iguanasmoke.com\/producto\/space-hash-dry-sift-10-oh\/#primaryimage","url":"https:\/\/iguanasmoke.com\/wp-content\/uploads\/2025\/09\/Dry-10-OH-2g.webp","contentUrl":"https:\/\/iguanasmoke.com\/wp-content\/uploads\/2025\/09\/Dry-10-OH-2g.webp","width":1000,"height":1000},{"@type":"BreadcrumbList","@id":"https:\/\/iguanasmoke.com\/producto\/space-hash-dry-sift-10-oh\/#breadcrumb","itemListElement":[{"@type":"ListItem","position":1,"name":"home","item":"https:\/\/iguanasmoke.com\/"},{"@type":"ListItem","position":2,"name":"Tienda","item":"https:\/\/iguanasmoke.com\/tienda\/"},{"@type":"ListItem","position":3,"name":"Hash CBD","item":"https:\/\/iguanasmoke.com\/categoria\/hash-cbd\/"},{"@type":"ListItem","position":4,"name":"Space Hash Dry Sift 10-OH"}]},{"@type":"WebSite","@id":"https:\/\/iguanasmoke.com\/#website","url":"https:\/\/iguanasmoke.com\/","name":"Iguana Smoke","description":"Kup CBD online w najlepszej cenie","publisher":{"@id":"https:\/\/iguanasmoke.com\/#organization"},"potentialAction":[{"@type":"SearchAction","target":{"@type":"EntryPoint","urlTemplate":"https:\/\/iguanasmoke.com\/?s={search_term_string}"},"query-input":{"@type":"PropertyValueSpecification","valueRequired":true,"valueName":"search_term_string"}}],"inLanguage":"pl-PL"},{"@type":"Organization","@id":"https:\/\/iguanasmoke.com\/#organization","name":"Iguana Smoke","url":"https:\/\/iguanasmoke.com\/","logo":{"@type":"ImageObject","inLanguage":"pl-PL","@id":"https:\/\/iguanasmoke.com\/#\/schema\/logo\/image\/","url":"https:\/\/iguanasmoke.com\/wp-content\/uploads\/2025\/01\/logoiguana-favi-1.png","contentUrl":"https:\/\/iguanasmoke.com\/wp-content\/uploads\/2025\/01\/logoiguana-favi-1.png","width":512,"height":512,"caption":"Iguana Smoke"},"image":{"@id":"https:\/\/iguanasmoke.com\/#\/schema\/logo\/image\/"},"sameAs":["https:\/\/www.facebook.com\/iguanasmoke","https:\/\/www.instagram.com\/iguanasmoke\/"]}]},"product_brand":"variable","og_availability":"instock","product_availability":"instock","product_condition":"new"},"_links":{"self":[{"href":"https:\/\/iguanasmoke.com\/pl\/wp-json\/wp\/v2\/product\/57901","targetHints":{"allow":["GET"]}}],"collection":[{"href":"https:\/\/iguanasmoke.com\/pl\/wp-json\/wp\/v2\/product"}],"about":[{"href":"https:\/\/iguanasmoke.com\/pl\/wp-json\/wp\/v2\/types\/product"}],"replies":[{"embeddable":true,"href":"https:\/\/iguanasmoke.com\/pl\/wp-json\/wp\/v2\/comments?post=57901"}],"wp:featuredmedia":[{"embeddable":true,"href":"https:\/\/iguanasmoke.com\/pl\/wp-json\/wp\/v2\/media\/81185"}],"wp:attachment":[{"href":"https:\/\/iguanasmoke.com\/pl\/wp-json\/wp\/v2\/media?parent=57901"}],"wp:term":[{"taxonomy":"product_brand","embeddable":true,"href":"https:\/\/iguanasmoke.com\/pl\/wp-json\/wp\/v2\/product_brand?post=57901"},{"taxonomy":"product_cat","embeddable":true,"href":"https:\/\/iguanasmoke.com\/pl\/wp-json\/wp\/v2\/product_cat?post=57901"},{"taxonomy":"product_tag","embeddable":true,"href":"https:\/\/iguanasmoke.com\/pl\/wp-json\/wp\/v2\/product_tag?post=57901"}],"curies":[{"name":"wp","href":"https:\/\/api.w.org\/{rel}","templated":true}]}}