{"id":59014,"date":"2025-06-18T15:40:40","date_gmt":"2025-06-18T13:40:40","guid":{"rendered":"https:\/\/iguanasmoke.com\/?post_type=product&#038;p=59014"},"modified":"2026-03-15T18:59:00","modified_gmt":"2026-03-15T17:59:00","slug":"flower-cbd-amnesia-indoor","status":"publish","type":"product","link":"https:\/\/iguanasmoke.com\/pl\/producto\/flor-cbd-amnesia-indoor\/","title":{"rendered":"Flower CBD Amnesia Indoor"},"content":{"rendered":"<h1 data-start=\"1609\" data-end=\"1642\"><span style=\"font-weight: 400;\">Flower CBD Amnesia Indoor - Intensywno\u015b\u0107 i cytrusowy aromat<\/span><\/h1>\n<h2 data-start=\"368\" data-end=\"432\">Kultowy kwiat CBD, uprawiany w pomieszczeniach dla maksymalnej jako\u015bci.<\/h2>\n<p data-start=\"549\" data-end=\"976\"><span style=\"font-weight: 400;\">Je\u015bli szukasz najwy\u017cszej jako\u015bci kwiat\u00f3w CBD Indoor, to <strong>Flower CBD Amnesia Indoor<\/strong> jest bez w\u0105tpienia jedn\u0105 z najbardziej charakterystycznych opcji na rynku. Odmiana ta s\u0142ynie z cytrusowego zapachu z nut\u0105 kadzid\u0142a, a tak\u017ce ze swoich p\u0105k\u00f3w:<strong> Kompaktowy i wype\u0142niony \u017cywic\u0105<\/strong>. <\/span><\/p>\n<p data-start=\"549\" data-end=\"976\"><span style=\"font-weight: 400;\">Dzi\u0119ki jego <strong>Uprawa wewn\u0119trzna (Indoor)<\/strong>, Ten kwiat CBD oferuje najwy\u017cszy poziom czysto\u015bci, <strong>stabilno\u015b\u0107 i konserwacja terpen\u00f3w<\/strong>. W rezultacie ka\u017cdy p\u0105czek wyr\u00f3\u017cnia si\u0119 zar\u00f3wno pod wzgl\u0119dem wygl\u0105du, jak i pod wzgl\u0119dem <strong>zapach<\/strong>, Idealny dla tych, kt\u00f3rzy ceni\u0105 CBD w najlepszym wydaniu.<\/span><\/p>\n<p data-start=\"549\" data-end=\"976\"><span style=\"font-weight: 400;\"> Przy <strong>Iguana Smoke<\/strong>, starannie dobieramy ka\u017cd\u0105 parti\u0119, aby zaoferowa\u0107 Ci <strong>Amnesia Indoor by CBD premium<\/strong>, Cannabidiol jest przeznaczony dla prawdziwych koneser\u00f3w kannabidiolu, kt\u00f3rzy wiedz\u0105, jak doceni\u0107 r\u00f3\u017cnic\u0119 od pierwszej chwili.\u00a0<\/span><\/p>\n<p>&nbsp;<\/p>\n<p>&nbsp;<\/p>\n<h2 data-start=\"549\" data-end=\"976\"><strong>Co to znaczy, \u017ce kwiat CBD jest <em>Kryty<\/em>? <\/strong><\/h2>\n<p data-start=\"549\" data-end=\"976\"><span style=\"font-weight: 400;\">Termin <strong>Kryty<\/strong> odnosi si\u0119 do <strong>uprawa w pomieszczeniach<\/strong>, w pe\u0142ni kontrolowanym \u015brodowisku. Wi\u0105\u017ce si\u0119 to z precyzyjnym zarz\u0105dzaniem <strong>o\u015bwietlenie<\/strong>, w <strong>temperatura<\/strong>, w <strong>wilgotno\u015b\u0107<\/strong> i <strong>wentylacja<\/strong>, S\u0105 to kluczowe czynniki dla uzyskania najwy\u017cszej jako\u015bci kwiat\u00f3w CBD. <\/span><\/p>\n<p data-start=\"549\" data-end=\"976\"><span style=\"font-weight: 400;\">Dzi\u0119ki tej metodzie uprawy: <\/span><\/p>\n<ul>\n<li data-start=\"549\" data-end=\"976\"><span style=\"font-weight: 400;\">Kwiaty maj\u0105 <strong>wy\u017csze st\u0119\u017cenie CBD<\/strong> i inne kannabinoidy. <\/span><\/li>\n<li data-start=\"549\" data-end=\"976\"><span style=\"font-weight: 400;\">The <strong>trichomy i \u017cywice<\/strong> rozwijaj\u0105 si\u0119 bardziej g\u0119sto i r\u00f3wnomiernie. <\/span><\/li>\n<li data-start=\"549\" data-end=\"976\"><span style=\"font-weight: 400;\">The <strong>aromat jest bardziej intensywny, czysty i wyrazisty<\/strong>, Terpeny s\u0105 konserwowane w optymalnych warunkach. <\/span><\/li>\n<li data-start=\"549\" data-end=\"976\"><span style=\"font-weight: 400;\">Wygl\u0105d p\u0105ka jest bardziej <strong>zwarty, b\u0142yszcz\u0105cy i jednorodny<\/strong>. <\/span><\/li>\n<\/ul>\n<p><span style=\"font-weight: 400;\">Z tego powodu przez <strong>kupi\u0107 CBD Indoor kwiaty<\/strong>, jako nasz <strong>Kwiat CBD<\/strong> <strong>Amnesia Indoor<\/strong>, zapewnia bardziej wyrafinowane, stabilne i najwy\u017cszej jako\u015bci doznania sensoryczne.\u00a0<\/span><\/p>\n<p>&nbsp;<\/p>\n<h2><strong>Amnesia CBD Indoor: \u0142agodna energia, silny aromat<\/strong><\/h2>\n<p><span style=\"font-weight: 400;\">The <strong>Flower CBD Amnesia Indoor<\/strong> jest idealny dla tych, kt\u00f3rzy szukaj\u0105 <strong>zr\u00f3wnowa\u017cone doznania mi\u0119dzy aromatem, estetyk\u0105 i efektem<\/strong>. Jego zapach \u0142\u0105czy w sobie <strong>cytrusowe i s\u0142odkie nuty<\/strong>, To, wraz z delikatnym efektem, czyni go jednym z najbardziej poszukiwanych. <\/span><\/p>\n<p><span style=\"font-weight: 400;\">Pod wzgl\u0119dem wizualnym wyr\u00f3\u017cnia si\u0119 <strong>zielone p\u0105ki z pomara\u0144czowymi odcieniami<\/strong>, pokryta cienk\u0105 warstw\u0105 trichom\u00f3w, kt\u00f3re odzwierciedlaj\u0105 jako\u015b\u0107 jej uprawy. Ponadto, jej <strong>wysoka zawarto\u015b\u0107 CBD<\/strong>, Poziom THC poni\u017cej 0,3% sprawia, \u017ce jest to idealny wyb\u00f3r, aby cieszy\u0107 si\u0119 wysok\u0105 zawarto\u015bci\u0105 THC poni\u017cej 0,3%, co sprawia, \u017ce jest to idealny wyb\u00f3r, aby cieszy\u0107 si\u0119 wysok\u0105 zawarto\u015bci\u0105 THC poni\u017cej 0,3%. <strong>dzia\u0142anie relaksuj\u0105ce bez efektu psychoaktywnego<\/strong>.\u00a0 \u00a0<\/span><\/p>\n<p><strong>Zalety wyboru Amnesia CBD Indoor: <\/strong><\/p>\n<ol>\n<li style=\"list-style-type: none;\">\n<ol>\n<li><span style=\"font-weight: 400;\">Naturalna i kontrolowana uprawa w pomieszczeniach 100% <\/span><\/li>\n<li><span style=\"font-weight: 400;\">THC &lt;0,3%, zgodnie z prawodawstwem europejskim <\/span><\/li>\n<li><span style=\"font-weight: 400;\">Wysoka zawarto\u015b\u0107 CBD <\/span><\/li>\n<li><span style=\"font-weight: 400;\">Silny aromat i relaksuj\u0105cy efekt, bez efektu upalenia<\/span><\/li>\n<\/ol>\n<\/li>\n<\/ol>\n<p>&nbsp;<\/p>\n<h3><b>Gdzie kupi\u0107 <\/b><strong>Kwiaty CBD do wn\u0119trz<\/strong><b>?<\/b><\/h3>\n<p><span style=\"font-weight: 400;\">Je\u015bli szukasz <strong>kup CBD Flowers<\/strong><strong>, <\/strong>to jest twoje bezpieczne miejsce <strong>kupi\u0107 Flores CBD Indoor vaper Flores CBD Indoor w Hiszpanii.<\/strong>\u00a0<\/span><span style=\"font-weight: 400;\">Wszystkie nasze produkty s\u0105 <strong>zatwierdzony przez UE<\/strong>, gwarantuj\u0105c jego legalno\u015b\u0107 i bezpiecze\u0144stwo. Ponadto, je\u015bli chcesz, mo\u017cesz skonsultowa\u0107 si\u0119 z<\/span><strong> <a href=\"https:\/\/iguanasmoke.com\/pl\/analityka\/\">analiza laboratoryjna.<\/a><\/strong><\/p>\n<p><span style=\"font-weight: 400;\">Nie zapomnij odkry\u0107 innych smak\u00f3w <strong><a href=\"https:\/\/iguanasmoke.com\/pl\/kategoria\/kwiaty-cbd-2\/kwiaty-cbd-w-pomieszczeniach\/\">Kwiaty Indoor CBD<\/a><\/strong> y <\/span><span style=\"font-weight: 400;\">inne <strong><a href=\"https:\/\/iguanasmoke.com\/pl\/kategoria\/kwiaty-cbd-2\/kwiaty-szklarniowe-cbd\/\">Kwiaty szklarniowe CBD<\/a><\/strong> <strong>TOP<\/strong> jak <strong><a href=\"https:\/\/iguanasmoke.com\/pl\/product-2\/kup-amnezje-kwiatowa-cbd-cbd-paki-online\/\">Flower CBD Amnesia<\/a><\/strong> lub <strong><a href=\"https:\/\/iguanasmoke.com\/pl\/product-2\/comprar-flor-cbd-iguana-kush\/\">Kwiat CBD Iguana Kush<\/a><\/strong>.\u00a0<\/span><span style=\"font-weight: 400;\">Kr\u00f3tko m\u00f3wi\u0105c, przejrzyj nasz\u0105 ofert\u0119 produkt\u00f3w CBD i znajd\u017a swoje ulubione.<\/span><span style=\"font-weight: 400;\">\u00a0<\/span><\/p>\n<p><strong data-start=\"303\" data-end=\"345\">Szybka i dyskretna dostawa na terenie ca\u0142ej Hiszpanii<\/strong>, z <strong data-start=\"351\" data-end=\"387\">Bliska i spersonalizowana uwaga<\/strong> aby odpowiedzie\u0107 na wszelkie pytania przed i po zakupie.<\/p>\n<p>&nbsp;<\/p>\n<h3><b>Iguana Smoke to Tw\u00f3j internetowy sklep z CBD\u00a0<\/b><\/h3>\n<p><span style=\"font-weight: 400;\">Przy<strong> Iguana Smoke<\/strong>, Wierzymy, \u017ce korzystanie z CBD powinno by\u0107 bezpiecznym do\u015bwiadczeniem. W\u0142a\u015bnie dlatego oferujemy produkty takie jak ten <strong>Kwiat CBD<\/strong><strong> Amnesia Indoor<\/strong>, Marka \u0142\u0105czy si\u0119 z nowymi pokoleniami: lud\u017ami, kt\u00f3rzy szukaj\u0105 nieskomplikowanego wellness, z autentycznymi i niezawodnymi markami. <\/span><\/p>\n<p><span style=\"font-weight: 400;\">Nasza misja jest jasna:<strong> Dostarczamy to, co najlepsze w \u015bwiecie CBD w uczciwej cenie<\/strong>. Ponadto zapewniamy spok\u00f3j ducha, kt\u00f3ry wynika ze \u015bwiadomo\u015bci, \u017ce wybierasz <strong>certyfikowany, skuteczny i legalny produkt 100%<\/strong>. Podejmij decyzj\u0119; kup sw\u00f3j vaper CBD ju\u017c dzi\u015b i przenie\u015b swoje doznania na inny poziom.\u00a0<\/span><\/p>\n<p>Nadal masz w\u0105tpliwo\u015bci? Napisz do nas, a z przyjemno\u015bci\u0105 pomo\u017cemy Ci znale\u017a\u0107 odpowiedni produkt.<\/p>\n<p>&nbsp;<\/p>\n<h6>\u2139\ufe0f<strong> Informacje prawne<\/strong><\/h6>\n<p><em><span style=\"font-weight: 400;\">*Produkt przeznaczony do kolekcjonowania lub aromaterapii, zgodnie z obowi\u0105zuj\u0105cymi w Hiszpanii przepisami. <\/span><\/em><\/p>\n<p><em><span style=\"font-weight: 400;\">**Pochodzi z certyfikowanych konopi przemys\u0142owych. Zawiera mniej ni\u017c 0,3 THC i nie zawiera nielegalnych kannabinoid\u00f3w, takich jak HHC, HHC-P, THCP, THCP-O, H4CBD lub substancji wymienionych w za\u0142\u0105czniku I do dekretu kr\u00f3lewskiego 2829\/1977, ani substancji kontrolowanych przez konwencje mi\u0119dzynarodowe.\u00a0\u00a0<\/span><\/em><\/p>","protected":false},"excerpt":{"rendered":"<p><span style=\"font-weight: 400;\">Znana ze swojej mocy i aromatu, ta odmiana Indoor ma: <\/span><\/p>\n<ul>\n<li><span style=\"font-weight: 400;\">Najwy\u017cszej jako\u015bci uprawa indoor <\/span><\/li>\n<li><span style=\"font-weight: 400;\">CBD: mi\u0119dzy 12-14% <\/span><\/li>\n<li><span style=\"font-weight: 400;\">THC: &lt;0,3% <\/span><\/li>\n<li><span style=\"font-weight: 400;\">100% legalny w Europie <\/span><\/li>\n<li><span style=\"font-weight: 400;\">Brak dodatk\u00f3w i pestycyd\u00f3w; rolnictwo ekologiczne <\/span><\/li>\n<li><span style=\"font-weight: 400;\">G\u0119ste, zielone p\u0105ki z pomara\u0144czowymi odcieniami<\/span><\/li>\n<li><span style=\"font-weight: 400;\">Mocny, cytrusowy aromat z ziemistymi nutami<\/span><\/li>\n<\/ul>\n<p><span style=\"font-weight: 400;\">Konsultacje<strong> <a href=\"https:\/\/iguanasmoke.com\/pl\/analityka\/\">analiza laboratoryjna.<\/a><\/strong><\/span><\/p>","protected":false},"featured_media":59095,"comment_status":"open","ping_status":"closed","template":"","meta":{"_acf_changed":false,"site-sidebar-layout":"default","site-content-layout":"","ast-site-content-layout":"default","site-content-style":"default","site-sidebar-style":"default","ast-global-header-display":"","ast-banner-title-visibility":"","ast-main-header-display":"","ast-hfb-above-header-display":"","ast-hfb-below-header-display":"","ast-hfb-mobile-header-display":"","site-post-title":"","ast-breadcrumbs-content":"","ast-featured-img":"","footer-sml-layout":"","theme-transparent-header-meta":"default","adv-header-id-meta":"","stick-header-meta":"","header-above-stick-meta":"","header-main-stick-meta":"","header-below-stick-meta":"","astra-migrate-meta-layouts":"set","ast-page-background-enabled":"default","ast-page-background-meta":{"desktop":{"background-color":"var(--ast-global-color-4)","background-image":"","background-repeat":"repeat","background-position":"center center","background-size":"auto","background-attachment":"scroll","background-type":"","background-media":"","overlay-type":"","overlay-color":"","overlay-opacity":"","overlay-gradient":""},"tablet":{"background-color":"","background-image":"","background-repeat":"repeat","background-position":"center center","background-size":"auto","background-attachment":"scroll","background-type":"","background-media":"","overlay-type":"","overlay-color":"","overlay-opacity":"","overlay-gradient":""},"mobile":{"background-color":"","background-image":"","background-repeat":"repeat","background-position":"center center","background-size":"auto","background-attachment":"scroll","background-type":"","background-media":"","overlay-type":"","overlay-color":"","overlay-opacity":"","overlay-gradient":""}},"ast-content-background-meta":{"desktop":{"background-color":"var(--ast-global-color-5)","background-image":"","background-repeat":"repeat","background-position":"center center","background-size":"auto","background-attachment":"scroll","background-type":"","background-media":"","overlay-type":"","overlay-color":"","overlay-opacity":"","overlay-gradient":""},"tablet":{"background-color":"var(--ast-global-color-5)","background-image":"","background-repeat":"repeat","background-position":"center center","background-size":"auto","background-attachment":"scroll","background-type":"","background-media":"","overlay-type":"","overlay-color":"","overlay-opacity":"","overlay-gradient":""},"mobile":{"background-color":"var(--ast-global-color-5)","background-image":"","background-repeat":"repeat","background-position":"center center","background-size":"auto","background-attachment":"scroll","background-type":"","background-media":"","overlay-type":"","overlay-color":"","overlay-opacity":"","overlay-gradient":""}}},"product_brand":[],"product_cat":[593,328],"product_tag":[],"class_list":{"0":"post-59014","1":"product","2":"type-product","3":"status-publish","4":"has-post-thumbnail","6":"product_cat-flores-cbd-indoor","7":"product_cat-comprar-flores-de-cbd-y-cogollos-de-cbd","8":"desktop-align-center","9":"tablet-align-center","10":"mobile-align-center","12":"first","13":"instock","14":"taxable","15":"shipping-taxable","16":"purchasable","17":"product-type-variable"},"acf":[],"yoast_head":"<!-- This site is optimized with the Yoast SEO Premium plugin v27.3 (Yoast SEO v27.3) - https:\/\/yoast.com\/product\/yoast-seo-premium-wordpress\/ -->\n<title>Flor CBD Amnesia Indoor - Potente y en\u00e9rgica| Iguana Smoke<\/title>\n<meta name=\"description\" content=\"Descubre la Flor CBD Amnesia Indoor, una de las m\u00e1s potentes y en\u00e9rgicas. Cultivo indoor premium, con &lt;0,3% THC. \u00a1Compra Flores CBD en Iguana Smoke!\" \/>\n<meta name=\"robots\" content=\"index, follow, max-snippet:-1, max-image-preview:large, max-video-preview:-1\" \/>\n<link rel=\"canonical\" href=\"https:\/\/iguanasmoke.com\/pl\/product-2\/flower-cbd-amnesia-indoor\/\" \/>\n<meta property=\"og:locale\" content=\"pl_PL\" \/>\n<meta property=\"og:type\" content=\"article\" \/>\n<meta property=\"og:title\" content=\"Flor CBD Amnesia Indoor\" \/>\n<meta property=\"og:description\" content=\"Destacando por su potencia y aroma, esta variedad Indoor tiene:    Cultivo interior premium Indoor   CBD: entre 12-14%   THC: &lt;0,3%   100% legal en Europa   Sin aditivos ni pesticidas; cultivo ecol\u00f3gico   Cogollos densos, verdes con tonos anaranjados  Aroma potente, c\u00edtrico con notas terrosas  Consulta el an\u00e1lisis de laboratorio.\" \/>\n<meta property=\"og:url\" content=\"https:\/\/iguanasmoke.com\/pl\/product-2\/flower-cbd-amnesia-indoor\/\" \/>\n<meta property=\"og:site_name\" content=\"Iguana Smoke\" \/>\n<meta property=\"article:publisher\" content=\"https:\/\/www.facebook.com\/iguanasmoke\" \/>\n<meta property=\"article:modified_time\" content=\"2026-03-15T17:59:00+00:00\" \/>\n<meta property=\"og:image\" content=\"https:\/\/iguanasmoke.com\/wp-content\/uploads\/2025\/06\/amnesia-indoor-CBD.webp\" \/>\n\t<meta property=\"og:image:width\" content=\"1000\" \/>\n\t<meta property=\"og:image:height\" content=\"1000\" \/>\n\t<meta property=\"og:image:type\" content=\"image\/webp\" \/>\n<meta name=\"twitter:card\" content=\"summary_large_image\" \/>\n<meta name=\"twitter:label1\" content=\"Dost\u0119pno\u015b\u0107\" \/>\n\t<meta name=\"twitter:data1\" content=\"Dost\u0119pny\" \/>\n<meta property=\"product:brand\" content=\"variable\" \/>\n<meta property=\"og:availability\" content=\"instock\" \/>\n<meta property=\"product:availability\" content=\"instock\" \/>\n<meta property=\"product:condition\" content=\"new\" \/>\n<!-- \/ Yoast SEO Premium plugin. -->","yoast_head_json":{"title":"Flower CBD Amnesia Indoor - mocny i energetyczny| Iguana Smoke","description":"Descubre la Flor CBD Amnesia Indoor, una de las m\u00e1s potentes y en\u00e9rgicas. Cultivo indoor premium, con &lt;0,3% THC. \u00a1Compra Flores CBD en Iguana Smoke!","robots":{"index":"index","follow":"follow","max-snippet":"max-snippet:-1","max-image-preview":"max-image-preview:large","max-video-preview":"max-video-preview:-1"},"canonical":"https:\/\/iguanasmoke.com\/pl\/product-2\/flower-cbd-amnesia-indoor\/","og_locale":"pl_PL","og_type":"article","og_title":"Flor CBD Amnesia Indoor","og_description":"Destacando por su potencia y aroma, esta variedad Indoor tiene:    Cultivo interior premium Indoor   CBD: entre 12-14%   THC: &lt;0,3%   100% legal en Europa   Sin aditivos ni pesticidas; cultivo ecol\u00f3gico   Cogollos densos, verdes con tonos anaranjados  Aroma potente, c\u00edtrico con notas terrosas  Consulta el an\u00e1lisis de laboratorio.","og_url":"https:\/\/iguanasmoke.com\/pl\/product-2\/flower-cbd-amnesia-indoor\/","og_site_name":"Iguana Smoke","article_publisher":"https:\/\/www.facebook.com\/iguanasmoke","article_modified_time":"2026-03-15T17:59:00+00:00","og_image":[{"width":1000,"height":1000,"url":"https:\/\/iguanasmoke.com\/wp-content\/uploads\/2025\/06\/amnesia-indoor-CBD.webp","type":"image\/webp"}],"twitter_card":"summary_large_image","twitter_misc":{"Dost\u0119pno\u015b\u0107":"Dost\u0119pny"},"schema":{"@context":"https:\/\/schema.org","@graph":[{"@type":"WebPage","@id":"https:\/\/iguanasmoke.com\/producto\/flor-cbd-amnesia-indoor\/","url":"https:\/\/iguanasmoke.com\/producto\/flor-cbd-amnesia-indoor\/","name":"Flower CBD Amnesia Indoor - mocny i energetyczny| Iguana Smoke","isPartOf":{"@id":"https:\/\/iguanasmoke.com\/#website"},"primaryImageOfPage":{"@id":"https:\/\/iguanasmoke.com\/producto\/flor-cbd-amnesia-indoor\/#primaryimage"},"image":{"@id":"https:\/\/iguanasmoke.com\/producto\/flor-cbd-amnesia-indoor\/#primaryimage"},"thumbnailUrl":"https:\/\/iguanasmoke.com\/wp-content\/uploads\/2025\/06\/amnesia-indoor-CBD.webp","datePublished":"2025-06-18T13:40:40+00:00","dateModified":"2026-03-15T17:59:00+00:00","description":"Descubre la Flor CBD Amnesia Indoor, una de las m\u00e1s potentes y en\u00e9rgicas. Cultivo indoor premium, con &lt;0,3% THC. \u00a1Compra Flores CBD en Iguana Smoke!","breadcrumb":{"@id":"https:\/\/iguanasmoke.com\/producto\/flor-cbd-amnesia-indoor\/#breadcrumb"},"inLanguage":"pl-PL","potentialAction":[{"@type":"ReadAction","target":["https:\/\/iguanasmoke.com\/producto\/flor-cbd-amnesia-indoor\/"]}]},{"@type":"ImageObject","inLanguage":"pl-PL","@id":"https:\/\/iguanasmoke.com\/producto\/flor-cbd-amnesia-indoor\/#primaryimage","url":"https:\/\/iguanasmoke.com\/wp-content\/uploads\/2025\/06\/amnesia-indoor-CBD.webp","contentUrl":"https:\/\/iguanasmoke.com\/wp-content\/uploads\/2025\/06\/amnesia-indoor-CBD.webp","width":1000,"height":1000,"caption":"flor cbd amnesia cultivo indoor"},{"@type":"BreadcrumbList","@id":"https:\/\/iguanasmoke.com\/producto\/flor-cbd-amnesia-indoor\/#breadcrumb","itemListElement":[{"@type":"ListItem","position":1,"name":"home","item":"https:\/\/iguanasmoke.com\/"},{"@type":"ListItem","position":2,"name":"Tienda","item":"https:\/\/iguanasmoke.com\/tienda\/"},{"@type":"ListItem","position":3,"name":"Flores de CBD","item":"https:\/\/iguanasmoke.com\/categoria\/comprar-flores-de-cbd-y-cogollos-de-cbd\/"},{"@type":"ListItem","position":4,"name":"Flor CBD Amnesia Indoor"}]},{"@type":"WebSite","@id":"https:\/\/iguanasmoke.com\/#website","url":"https:\/\/iguanasmoke.com\/","name":"Iguana Smoke","description":"Kup CBD online w najlepszej cenie","publisher":{"@id":"https:\/\/iguanasmoke.com\/#organization"},"potentialAction":[{"@type":"SearchAction","target":{"@type":"EntryPoint","urlTemplate":"https:\/\/iguanasmoke.com\/?s={search_term_string}"},"query-input":{"@type":"PropertyValueSpecification","valueRequired":true,"valueName":"search_term_string"}}],"inLanguage":"pl-PL"},{"@type":"Organization","@id":"https:\/\/iguanasmoke.com\/#organization","name":"Iguana Smoke","url":"https:\/\/iguanasmoke.com\/","logo":{"@type":"ImageObject","inLanguage":"pl-PL","@id":"https:\/\/iguanasmoke.com\/#\/schema\/logo\/image\/","url":"https:\/\/iguanasmoke.com\/wp-content\/uploads\/2025\/01\/logoiguana-favi-1.png","contentUrl":"https:\/\/iguanasmoke.com\/wp-content\/uploads\/2025\/01\/logoiguana-favi-1.png","width":512,"height":512,"caption":"Iguana Smoke"},"image":{"@id":"https:\/\/iguanasmoke.com\/#\/schema\/logo\/image\/"},"sameAs":["https:\/\/www.facebook.com\/iguanasmoke","https:\/\/www.instagram.com\/iguanasmoke\/"]}]},"product_brand":"variable","og_availability":"instock","product_availability":"instock","product_condition":"new"},"_links":{"self":[{"href":"https:\/\/iguanasmoke.com\/pl\/wp-json\/wp\/v2\/product\/59014","targetHints":{"allow":["GET"]}}],"collection":[{"href":"https:\/\/iguanasmoke.com\/pl\/wp-json\/wp\/v2\/product"}],"about":[{"href":"https:\/\/iguanasmoke.com\/pl\/wp-json\/wp\/v2\/types\/product"}],"replies":[{"embeddable":true,"href":"https:\/\/iguanasmoke.com\/pl\/wp-json\/wp\/v2\/comments?post=59014"}],"wp:featuredmedia":[{"embeddable":true,"href":"https:\/\/iguanasmoke.com\/pl\/wp-json\/wp\/v2\/media\/59095"}],"wp:attachment":[{"href":"https:\/\/iguanasmoke.com\/pl\/wp-json\/wp\/v2\/media?parent=59014"}],"wp:term":[{"taxonomy":"product_brand","embeddable":true,"href":"https:\/\/iguanasmoke.com\/pl\/wp-json\/wp\/v2\/product_brand?post=59014"},{"taxonomy":"product_cat","embeddable":true,"href":"https:\/\/iguanasmoke.com\/pl\/wp-json\/wp\/v2\/product_cat?post=59014"},{"taxonomy":"product_tag","embeddable":true,"href":"https:\/\/iguanasmoke.com\/pl\/wp-json\/wp\/v2\/product_tag?post=59014"}],"curies":[{"name":"wp","href":"https:\/\/api.w.org\/{rel}","templated":true}]}}