{"id":59109,"date":"2025-06-18T21:01:53","date_gmt":"2025-06-18T19:01:53","guid":{"rendered":"https:\/\/iguanasmoke.com\/?post_type=product&#038;p=59109"},"modified":"2026-03-31T15:03:59","modified_gmt":"2026-03-31T13:03:59","slug":"trufle-atlantis","status":"publish","type":"product","link":"https:\/\/iguanasmoke.com\/pl\/producto\/trufas-atlantis\/","title":{"rendered":"Atlantis Magic Truffles 15g"},"content":{"rendered":"<h1><span style=\"font-weight: 400\">Magiczne trufle Atlantis - Psilocybe Atlantis<\/span><\/h1>\n<p data-start=\"402\" data-end=\"752\"><span style=\"font-weight: 400\">The <strong>Atlantis Magic Truffles <\/strong>pochodz\u0105 z grzyba <strong>Psilocybe Atlantis<\/strong>, Jest to jedna z najbardziej cenionych magicznych trufli przez kolekcjoner\u00f3w i mikolog\u00f3w. Ponadto, zyska\u0142a przydomek jako\u00a0<em>zakazany owoc<\/em> poniewa\u017c zapewnia bardzo wizualne i kolorowe wra\u017cenia. Mo\u017cna r\u00f3wnie\u017c powiedzie\u0107, \u017ce jest to \u015bci\u015ble zwi\u0105zane z r\u00f3\u017cnorodno\u015bci\u0105 <strong><a href=\"https:\/\/iguanasmoke.com\/pl\/product-2\/meksykanskie-trufle\/\">Meksyka\u0144ska magiczna trufla<\/a><\/strong>. \u00a0<\/span><\/p>\n<p data-start=\"402\" data-end=\"752\"><span style=\"font-weight: 400\">Co wi\u0119cej, dzi\u0119ki swoim w\u0142a\u015bciwo\u015bciom i profilowi, trufle te sta\u0142y si\u0119 gwiazd\u0105 w \u015bwiecie mikologii i kolekcjonerstwa.\u00a0<\/span><\/p>\n<p style=\"padding-left: 40px;text-align: center\" data-start=\"402\" data-end=\"752\"><em><span style=\"font-weight: 400\">\u26a0\ufe0fRecuerda: U\u017cycie jest ograniczone wy\u0142\u0105cznie do cel\u00f3w mykologicznych, edukacyjnych, dekoracyjnych lub kolekcjonerskich. Ten produkt nie jest przeznaczony do spo\u017cycia przez ludzi.<\/span><\/em><\/p>\n<h2 data-start=\"1384\" data-end=\"1436\">Charakterystyka magicznych trufli Atlantis<\/h2>\n<ul>\n<li data-start=\"1335\" data-end=\"1359\"><strong>Zwarta struktura nitek grzybni<\/strong><\/li>\n<\/ul>\n<p><span style=\"font-weight: 400\">Obci\u0105\u017cenie <strong>Psilocybe Atlantis<\/strong> ma <strong>sklerocja<\/strong> utworzony przez struktury<strong> zwarte skupiska nitek grzybni rosn\u0105cych pod ziemi\u0105. <\/strong>Struktury te tworz\u0105 si\u0119 pod ziemi\u0105, gdy warunki klimatyczne nie pozwalaj\u0105 jeszcze na rozw\u00f3j owocnik\u00f3w (grzyb\u00f3w). Grzyb wytwarza r\u00f3wnie\u017c te podziemne zbiorniki bogate w sk\u0142adniki od\u017cywcze i aktywne zwi\u0105zki, takie jak psylocybina i psylocyna.<\/span><\/p>\n<ul>\n<li data-start=\"1335\" data-end=\"1359\"><strong>Psychodeliczna moc\u00a0<\/strong><\/li>\n<\/ul>\n<p><span style=\"font-weight: 400\">Jeste\u015b na<strong> Trufle mykologiczne Atlantis,<\/strong> zawieraj\u0105 zwi\u0105zki aktywne, takie jak <strong>psylocybina<\/strong> i <strong>psylocyna<\/strong>, substancje, kt\u00f3re w kontrolowanych kontekstach i tam, gdzie ich u\u017cycie jest legalne (w Hiszpanii ich konsumpcja nie jest legalna), wywo\u0142uj\u0105 psychodeliczne do\u015bwiadczenia, kt\u00f3re zmieniaj\u0105 percepcj\u0119.<\/span><\/p>\n<ul>\n<li data-start=\"1555\" data-end=\"1590\"><strong>Najwy\u017csza \u015bwie\u017co\u015b\u0107 i prezentacja<\/strong><\/li>\n<\/ul>\n<p data-start=\"1592\" data-end=\"1779\"><span style=\"font-weight: 400\">Ka\u017cda jednostka jest <strong>pakowane pr\u00f3\u017cniowo<\/strong> w formacie <strong>15 gram\u00f3w<\/strong>, Opakowanie pomaga r\u00f3wnie\u017c zachowa\u0107 integralno\u015b\u0107 i naturalny wygl\u0105d produktu. Ten rodzaj opakowania przyczynia si\u0119 r\u00f3wnie\u017c do <strong>utrzymuj\u0105 swoj\u0105 jako\u015b\u0107 przez d\u0142u\u017cszy czas<\/strong>o. Dla wielu to opakowanie sta\u0142o si\u0119 wr\u0119cz symbolem dba\u0142o\u015bci Atlantis Magic Truffles o szczeg\u00f3\u0142y.\u00a0<\/span><\/p>\n<p data-start=\"402\" data-end=\"752\">\n<h2 data-start=\"805\" data-end=\"862\">Dlaczego warto kupowa\u0107 Atlantis Magic Truffles do cel\u00f3w mikologicznych?<\/h2>\n<p data-start=\"864\" data-end=\"953\"><span style=\"font-weight: 400\">The <strong>Atlantis Magic Truffles <\/strong>s\u0105 wysoko cenione przez badaczy i kolekcjoner\u00f3w ze wzgl\u0119du na swoje unikalne cechy:\u00a0<\/span><\/p>\n<ul>\n<li data-start=\"864\" data-end=\"953\"><span style=\"font-weight: 400\"><strong>Naturalne pochodzenie<\/strong>sklerocja: wybrane sklerocja z kontrolowanych kultur mikologicznych. Z Psilocybe Atlantis.<\/span><\/li>\n<li data-start=\"864\" data-end=\"953\"><span style=\"font-weight: 400\"><strong>G\u0119sta morfologia:<\/strong> s\u0105 r\u00f3wnie\u017c doskona\u0142e do bada\u0144 mikroskopowych.<\/span><\/li>\n<li data-start=\"864\" data-end=\"953\"><span style=\"font-weight: 400\"><strong>\u015awie\u017co\u015b\u0107 i identyfikowalno\u015b\u0107:<\/strong> Ka\u017cda partia przechodzi rygorystyczne kontrole jako\u015bci, aby zapewni\u0107 jej przydatno\u015b\u0107 do cel\u00f3w akademickich i dekoracyjnych.\u00a0<\/span><\/li>\n<\/ul>\n<h2 data-start=\"1786\" data-end=\"1833\">Konserwacja i obs\u0142uga na potrzeby bada\u0144<\/h2>\n<ul>\n<li><span style=\"font-weight: 400\"><strong>Przechowywanie<\/strong>Przechowywa\u0107 w temperaturze 2\u00baC-4\u00baC w celu zachowania integralno\u015bci.<\/span><\/li>\n<li><span style=\"font-weight: 400\"><strong>Manipulacja<\/strong>Zaleca si\u0119 u\u017cywanie sterylnych r\u0119kawiczek i sterylnych przybor\u00f3w w laboratoriach.<\/span><\/li>\n<li><span style=\"font-weight: 400\"><strong>Dekoracja\/kolekcja<\/strong>Idealny do wystaw botanicznych i prezentacji edukacyjnych.<\/span><\/li>\n<\/ul>\n<h2 data-start=\"2130\" data-end=\"2181\">Bezpieczne i zgodne z prawem zakupy<\/h2>\n<p data-start=\"2183\" data-end=\"2374\"><span style=\"font-weight: 400\">W naszym sklepie internetowym mo\u017cna kupi\u0107<strong> Trufle mykologiczne Atlantis <\/strong>z ca\u0142kowitym spokojem:<\/span><\/p>\n<ul>\n<li data-start=\"2183\" data-end=\"2374\"><span style=\"font-weight: 400\">S\u0105 one zgodne z przepisami prawnymi obowi\u0105zuj\u0105cymi w Hiszpanii dla produkt\u00f3w wykonanych z<strong> u\u017cytek niekonsumpcyjny<\/strong>. <\/span><\/li>\n<li data-start=\"2183\" data-end=\"2374\"><span style=\"font-weight: 400\">Zawieraj\u0105 one wyra\u017ane ostrze\u017cenia dotycz\u0105ce ich przeznaczenia.<\/span><\/li>\n<li data-start=\"2183\" data-end=\"2374\"><span style=\"font-weight: 400\">Dyskretna wysy\u0142ka i bezpieczne opakowanie. <\/span><\/li>\n<\/ul>\n<p>&nbsp;<\/p>\n<p style=\"text-align: center;padding-left: 40px\"><span style=\"font-weight: 400\"><em>\u00a0\u26a0\ufe0fNo nie zach\u0119camy ani nie zalecamy ich spo\u017cywania. S\u0105 one przeznaczone wy\u0142\u0105cznie do bada\u0144 mykologicznych, cel\u00f3w dekoracyjnych lub kolekcjonerskich.<\/em>. W przypadku pyta\u0144 dotycz\u0105cych regulacji prosimy o kontakt przed z\u0142o\u017ceniem zam\u00f3wienia.\u00a0<\/span><\/p>","protected":false},"excerpt":{"rendered":"<p><span style=\"font-weight: 400\">The <strong>Trufle mykologiczne<\/strong> <strong>Atlantyda<\/strong> maj\u0105 \u015brednio-wysok\u0105 moc. Sk\u0142adaj\u0105 si\u0119 z <strong>\u015bwie\u017ce sklerocja wybranych gatunk\u00f3w mykologicznych<\/strong>, doskona\u0142a do bada\u0144 mykologicznych. Odporna, \u015bwie\u017ca odmiana, idealna do dalszych bada\u0144 nad magicznymi sklerocjami.<\/span><\/p>\n<p><span style=\"font-weight: 400\"><strong>Nie do spo\u017cycia przez ludzi<\/strong>. <strong>W razie w\u0105tpliwo\u015bci prosimy o kontakt lub zapoznanie si\u0119 z regulaminem.<\/strong>.<\/span><\/p>","protected":false},"featured_media":59111,"comment_status":"open","ping_status":"closed","template":"","meta":{"_acf_changed":false,"site-sidebar-layout":"default","site-content-layout":"","ast-site-content-layout":"default","site-content-style":"default","site-sidebar-style":"default","ast-global-header-display":"","ast-banner-title-visibility":"","ast-main-header-display":"","ast-hfb-above-header-display":"","ast-hfb-below-header-display":"","ast-hfb-mobile-header-display":"","site-post-title":"","ast-breadcrumbs-content":"","ast-featured-img":"","footer-sml-layout":"","theme-transparent-header-meta":"default","adv-header-id-meta":"","stick-header-meta":"","header-above-stick-meta":"","header-main-stick-meta":"","header-below-stick-meta":"","astra-migrate-meta-layouts":"set","ast-page-background-enabled":"default","ast-page-background-meta":{"desktop":{"background-color":"var(--ast-global-color-4)","background-image":"","background-repeat":"repeat","background-position":"center center","background-size":"auto","background-attachment":"scroll","background-type":"","background-media":"","overlay-type":"","overlay-color":"","overlay-opacity":"","overlay-gradient":""},"tablet":{"background-color":"","background-image":"","background-repeat":"repeat","background-position":"center center","background-size":"auto","background-attachment":"scroll","background-type":"","background-media":"","overlay-type":"","overlay-color":"","overlay-opacity":"","overlay-gradient":""},"mobile":{"background-color":"","background-image":"","background-repeat":"repeat","background-position":"center center","background-size":"auto","background-attachment":"scroll","background-type":"","background-media":"","overlay-type":"","overlay-color":"","overlay-opacity":"","overlay-gradient":""}},"ast-content-background-meta":{"desktop":{"background-color":"var(--ast-global-color-5)","background-image":"","background-repeat":"repeat","background-position":"center center","background-size":"auto","background-attachment":"scroll","background-type":"","background-media":"","overlay-type":"","overlay-color":"","overlay-opacity":"","overlay-gradient":""},"tablet":{"background-color":"var(--ast-global-color-5)","background-image":"","background-repeat":"repeat","background-position":"center center","background-size":"auto","background-attachment":"scroll","background-type":"","background-media":"","overlay-type":"","overlay-color":"","overlay-opacity":"","overlay-gradient":""},"mobile":{"background-color":"var(--ast-global-color-5)","background-image":"","background-repeat":"repeat","background-position":"center center","background-size":"auto","background-attachment":"scroll","background-type":"","background-media":"","overlay-type":"","overlay-color":"","overlay-opacity":"","overlay-gradient":""}}},"product_brand":[],"product_cat":[594,595],"product_tag":[],"class_list":{"0":"post-59109","1":"product","2":"type-product","3":"status-publish","4":"has-post-thumbnail","6":"product_cat-smartshop","7":"product_cat-trufas-magicas","8":"desktop-align-center","9":"tablet-align-center","10":"mobile-align-center","12":"first","13":"instock","14":"taxable","15":"shipping-taxable","16":"purchasable","17":"product-type-simple"},"acf":[],"yoast_head":"<!-- This site is optimized with the Yoast SEO Premium plugin v27.3 (Yoast SEO v27.3) - https:\/\/yoast.com\/product\/yoast-seo-premium-wordpress\/ -->\n<title>Trufas M\u00e1gicas Atlantis para Colecci\u00f3n | Iguana Smoke<\/title>\n<meta name=\"description\" content=\"Descubre ahora las Trufas M\u00e1gicas Atlantis. Compra legal en Espa\u00f1a solo para colecci\u00f3n o estudio. No apta para menores de 18.\" \/>\n<meta name=\"robots\" content=\"index, follow, max-snippet:-1, max-image-preview:large, max-video-preview:-1\" \/>\n<link rel=\"canonical\" href=\"https:\/\/iguanasmoke.com\/pl\/product-2\/trufle-atlantis\/\" \/>\n<meta property=\"og:locale\" content=\"pl_PL\" \/>\n<meta property=\"og:type\" content=\"article\" \/>\n<meta property=\"og:title\" content=\"Trufas M\u00e1gicas Atlantis 15g\" \/>\n<meta property=\"og:description\" content=\"Las Trufas micol\u00f3gicas Atlantis tienen una potencia media-alta. Est\u00e1n compuestas por esclerocios frescos de especies micol\u00f3gicas seleccionadas, excelentes para estudio micol\u00f3gico. Una variedad resistente, fresca y perfecta para profundizar en el estudio de los esclerocios m\u00e1gicos.  No est\u00e1 destinado al consumo humano. Si tienes dudas cons\u00faltanos o revisa la normativa.\" \/>\n<meta property=\"og:url\" content=\"https:\/\/iguanasmoke.com\/pl\/product-2\/trufle-atlantis\/\" \/>\n<meta property=\"og:site_name\" content=\"Iguana Smoke\" \/>\n<meta property=\"article:publisher\" content=\"https:\/\/www.facebook.com\/iguanasmoke\" \/>\n<meta property=\"article:modified_time\" content=\"2026-03-31T13:03:59+00:00\" \/>\n<meta property=\"og:image\" content=\"https:\/\/iguanasmoke.com\/wp-content\/uploads\/2025\/06\/trufa-atlantis.webp\" \/>\n\t<meta property=\"og:image:width\" content=\"1000\" \/>\n\t<meta property=\"og:image:height\" content=\"1000\" \/>\n\t<meta property=\"og:image:type\" content=\"image\/webp\" \/>\n<meta name=\"twitter:card\" content=\"summary_large_image\" \/>\n<meta name=\"twitter:label1\" content=\"Cena\" \/>\n\t<meta name=\"twitter:data1\" content=\"17,55&nbsp;&euro;\" \/>\n\t<meta name=\"twitter:label2\" content=\"Dost\u0119pno\u015b\u0107\" \/>\n\t<meta name=\"twitter:data2\" content=\"Dost\u0119pny\" \/>\n<meta property=\"product:brand\" content=\"simple\" \/>\n<meta property=\"product:price:amount\" content=\"17.55\" \/>\n<meta property=\"product:price:currency\" content=\"EUR\" \/>\n<meta property=\"og:availability\" content=\"instock\" \/>\n<meta property=\"product:availability\" content=\"instock\" \/>\n<meta property=\"product:retailer_item_id\" content=\"SJ-TRUFA-ATL\" \/>\n<meta property=\"product:condition\" content=\"new\" \/>\n<!-- \/ Yoast SEO Premium plugin. -->","yoast_head_json":{"title":"Atlantis Magic Truffles for Collection | Iguana Smoke","description":"Odkryj teraz magiczne trufle Atlantis. Legalny zakup w Hiszpanii wy\u0142\u0105cznie w celu odbioru lub nauki. Nieodpowiednie dla dzieci poni\u017cej 18 roku \u017cycia.","robots":{"index":"index","follow":"follow","max-snippet":"max-snippet:-1","max-image-preview":"max-image-preview:large","max-video-preview":"max-video-preview:-1"},"canonical":"https:\/\/iguanasmoke.com\/pl\/product-2\/trufle-atlantis\/","og_locale":"pl_PL","og_type":"article","og_title":"Trufas M\u00e1gicas Atlantis 15g","og_description":"Las Trufas micol\u00f3gicas Atlantis tienen una potencia media-alta. Est\u00e1n compuestas por esclerocios frescos de especies micol\u00f3gicas seleccionadas, excelentes para estudio micol\u00f3gico. Una variedad resistente, fresca y perfecta para profundizar en el estudio de los esclerocios m\u00e1gicos.  No est\u00e1 destinado al consumo humano. Si tienes dudas cons\u00faltanos o revisa la normativa.","og_url":"https:\/\/iguanasmoke.com\/pl\/product-2\/trufle-atlantis\/","og_site_name":"Iguana Smoke","article_publisher":"https:\/\/www.facebook.com\/iguanasmoke","article_modified_time":"2026-03-31T13:03:59+00:00","og_image":[{"width":1000,"height":1000,"url":"https:\/\/iguanasmoke.com\/wp-content\/uploads\/2025\/06\/trufa-atlantis.webp","type":"image\/webp"}],"twitter_card":"summary_large_image","twitter_misc":{"Cena":"17,55&nbsp;&euro;","Dost\u0119pno\u015b\u0107":"Dost\u0119pny"},"schema":{"@context":"https:\/\/schema.org","@graph":[{"@type":"WebPage","@id":"https:\/\/iguanasmoke.com\/producto\/trufas-atlantis\/","url":"https:\/\/iguanasmoke.com\/producto\/trufas-atlantis\/","name":"Atlantis Magic Truffles for Collection | Iguana Smoke","isPartOf":{"@id":"https:\/\/iguanasmoke.com\/#website"},"primaryImageOfPage":{"@id":"https:\/\/iguanasmoke.com\/producto\/trufas-atlantis\/#primaryimage"},"image":{"@id":"https:\/\/iguanasmoke.com\/producto\/trufas-atlantis\/#primaryimage"},"thumbnailUrl":"https:\/\/iguanasmoke.com\/wp-content\/uploads\/2025\/06\/trufa-atlantis.webp","datePublished":"2025-06-18T19:01:53+00:00","dateModified":"2026-03-31T13:03:59+00:00","description":"Odkryj teraz magiczne trufle Atlantis. Legalny zakup w Hiszpanii wy\u0142\u0105cznie w celu odbioru lub nauki. Nieodpowiednie dla dzieci poni\u017cej 18 roku \u017cycia.","breadcrumb":{"@id":"https:\/\/iguanasmoke.com\/producto\/trufas-atlantis\/#breadcrumb"},"inLanguage":"pl-PL","potentialAction":[{"@type":"ReadAction","target":["https:\/\/iguanasmoke.com\/producto\/trufas-atlantis\/"]}]},{"@type":"ImageObject","inLanguage":"pl-PL","@id":"https:\/\/iguanasmoke.com\/producto\/trufas-atlantis\/#primaryimage","url":"https:\/\/iguanasmoke.com\/wp-content\/uploads\/2025\/06\/trufa-atlantis.webp","contentUrl":"https:\/\/iguanasmoke.com\/wp-content\/uploads\/2025\/06\/trufa-atlantis.webp","width":1000,"height":1000,"caption":"Trufas M\u00e1gicas Atlantis micol\u00f3gicas"},{"@type":"BreadcrumbList","@id":"https:\/\/iguanasmoke.com\/producto\/trufas-atlantis\/#breadcrumb","itemListElement":[{"@type":"ListItem","position":1,"name":"home","item":"https:\/\/iguanasmoke.com\/"},{"@type":"ListItem","position":2,"name":"Tienda","item":"https:\/\/iguanasmoke.com\/tienda\/"},{"@type":"ListItem","position":3,"name":"SmartShop","item":"https:\/\/iguanasmoke.com\/categoria\/smartshop\/"},{"@type":"ListItem","position":4,"name":"Trufas M\u00e1gicas Atlantis 15g"}]},{"@type":"WebSite","@id":"https:\/\/iguanasmoke.com\/#website","url":"https:\/\/iguanasmoke.com\/","name":"Iguana Smoke","description":"Kup CBD online w najlepszej cenie","publisher":{"@id":"https:\/\/iguanasmoke.com\/#organization"},"potentialAction":[{"@type":"SearchAction","target":{"@type":"EntryPoint","urlTemplate":"https:\/\/iguanasmoke.com\/?s={search_term_string}"},"query-input":{"@type":"PropertyValueSpecification","valueRequired":true,"valueName":"search_term_string"}}],"inLanguage":"pl-PL"},{"@type":"Organization","@id":"https:\/\/iguanasmoke.com\/#organization","name":"Iguana Smoke","url":"https:\/\/iguanasmoke.com\/","logo":{"@type":"ImageObject","inLanguage":"pl-PL","@id":"https:\/\/iguanasmoke.com\/#\/schema\/logo\/image\/","url":"https:\/\/iguanasmoke.com\/wp-content\/uploads\/2025\/01\/logoiguana-favi-1.png","contentUrl":"https:\/\/iguanasmoke.com\/wp-content\/uploads\/2025\/01\/logoiguana-favi-1.png","width":512,"height":512,"caption":"Iguana Smoke"},"image":{"@id":"https:\/\/iguanasmoke.com\/#\/schema\/logo\/image\/"},"sameAs":["https:\/\/www.facebook.com\/iguanasmoke","https:\/\/www.instagram.com\/iguanasmoke\/"]}]},"product_brand":"simple","product_price_amount":"17.55","product_price_currency":"EUR","og_availability":"instock","product_availability":"instock","product_retailer_item_id":"SJ-TRUFA-ATL","product_condition":"new"},"_links":{"self":[{"href":"https:\/\/iguanasmoke.com\/pl\/wp-json\/wp\/v2\/product\/59109","targetHints":{"allow":["GET"]}}],"collection":[{"href":"https:\/\/iguanasmoke.com\/pl\/wp-json\/wp\/v2\/product"}],"about":[{"href":"https:\/\/iguanasmoke.com\/pl\/wp-json\/wp\/v2\/types\/product"}],"replies":[{"embeddable":true,"href":"https:\/\/iguanasmoke.com\/pl\/wp-json\/wp\/v2\/comments?post=59109"}],"wp:featuredmedia":[{"embeddable":true,"href":"https:\/\/iguanasmoke.com\/pl\/wp-json\/wp\/v2\/media\/59111"}],"wp:attachment":[{"href":"https:\/\/iguanasmoke.com\/pl\/wp-json\/wp\/v2\/media?parent=59109"}],"wp:term":[{"taxonomy":"product_brand","embeddable":true,"href":"https:\/\/iguanasmoke.com\/pl\/wp-json\/wp\/v2\/product_brand?post=59109"},{"taxonomy":"product_cat","embeddable":true,"href":"https:\/\/iguanasmoke.com\/pl\/wp-json\/wp\/v2\/product_cat?post=59109"},{"taxonomy":"product_tag","embeddable":true,"href":"https:\/\/iguanasmoke.com\/pl\/wp-json\/wp\/v2\/product_tag?post=59109"}],"curies":[{"name":"wp","href":"https:\/\/api.w.org\/{rel}","templated":true}]}}