{"id":59112,"date":"2025-06-18T21:03:32","date_gmt":"2025-06-18T19:03:32","guid":{"rendered":"https:\/\/iguanasmoke.com\/?post_type=product&#038;p=59112"},"modified":"2026-04-06T03:27:07","modified_gmt":"2026-04-06T01:27:07","slug":"smocze-trufle","status":"publish","type":"product","link":"https:\/\/iguanasmoke.com\/pl\/producto\/trufas-dragon\/","title":{"rendered":"Trufle Magiczny Smok 15g"},"content":{"rendered":"<h1><span style=\"font-weight: 400\">Magiczne smocze trufle - smoczy dynamit o wysokiej mocy<\/span><\/h1>\n<p data-start=\"402\" data-end=\"752\"><span style=\"font-weight: 400\">The <strong>Trufle Magicznego Smoka,<\/strong> znany r\u00f3wnie\u017c jako <em>Dragons Dynamite<\/em>, Grzyby, kt\u00f3re pochodz\u0105 od grzyba <strong>Psilocybe<\/strong>, i jest znany pod t\u0105 nazw\u0105 jako \u201cuwalniaj\u0105cy wewn\u0119trznego smoka\u201d. S\u0105 one r\u00f3wnie\u017c prezentowane jako edycja specjalna, poniewa\u017c s\u0105 unikalnym i pot\u0119\u017cnym elementem dla wielu kolekcjoner\u00f3w.<\/span><\/p>\n<p data-start=\"402\" data-end=\"752\"><span style=\"font-weight: 400\">S\u0105 r\u00f3wnie\u017c jednymi z najbardziej intensywnych i poszukiwanych trufli mikologicznych w \u015bwiecie mikologii i kolekcjonerstwa. Ich profil sprawi\u0142, \u017ce sta\u0142y si\u0119 one gwiazd\u0105 dla mi\u0142o\u015bnik\u00f3w egzotyki i symboliki duchowej. <em>\u00a0<\/em><\/span><\/p>\n<p style=\"padding-left: 40px;text-align: center\" data-start=\"402\" data-end=\"752\"><em><span style=\"font-weight: 400\">\u26a0\ufe0fRecuerda: U\u017cycie jest ograniczone wy\u0142\u0105cznie do cel\u00f3w mykologicznych, edukacyjnych, dekoracyjnych lub kolekcjonerskich. Ten produkt nie jest przeznaczony do spo\u017cycia przez ludzi.<\/span><\/em><\/p>\n<h2 data-start=\"1384\" data-end=\"1436\">Charakterystyka trufli Dragon Magic Truffles<\/h2>\n<ul>\n<li data-start=\"1335\" data-end=\"1359\"><strong>Kompaktowa struktura<\/strong><\/li>\n<\/ul>\n<p><span style=\"font-weight: 400\">Obci\u0105\u017cenie <strong>Psilocybe<\/strong> ma <strong>zwarte sklerocja grzybni<\/strong> kt\u00f3re tworz\u0105 si\u0119 pod ziemi\u0105, gdy klimat nie pozwala jeszcze na wzrost owocnik\u00f3w (grzyb\u00f3w). S\u0105 one r\u00f3wnie\u017c <strong>naturalny rezerwuar sk\u0142adnik\u00f3w od\u017cywczych i psilocybiny<\/strong>, wykorzystywane przez grzyby jako mechanizm przetrwania. <\/span><\/p>\n<ul>\n<li data-start=\"1335\" data-end=\"1359\"><strong>Psychodeliczna moc\u00a0<\/strong><\/li>\n<\/ul>\n<p><span style=\"font-weight: 400\">Jeste\u015b na<strong> Smocze trufle mykologiczne,<\/strong> zawieraj\u0105 zwi\u0105zki aktywne, takie jak <strong>psylocybina<\/strong> i <strong>psylocyna<\/strong>, Substancje te, kt\u00f3re w kontrolowanych kontekstach i tam, gdzie ich u\u017cycie jest legalne (w Hiszpanii ich konsumpcja nie jest legalna), wywo\u0142uj\u0105 psychodeliczne do\u015bwiadczenia, kt\u00f3re zmieniaj\u0105 percepcj\u0119, umo\u017cliwiaj\u0105c w ten spos\u00f3b g\u0142\u0119bok\u0105 introspekcj\u0119.\u00a0<\/span><\/p>\n<ul>\n<li data-start=\"1555\" data-end=\"1590\"><strong>Najwy\u017csza \u015bwie\u017co\u015b\u0107 i prezentacja<\/strong><\/li>\n<\/ul>\n<p data-start=\"1592\" data-end=\"1779\"><span style=\"font-weight: 400\">Ka\u017cda jednostka jest <strong>pakowane pr\u00f3\u017cniowo<\/strong> w formacie <strong>15 gram\u00f3w<\/strong>, Opakowanie pomaga r\u00f3wnie\u017c zachowa\u0107 integralno\u015b\u0107 i naturalny wygl\u0105d produktu. Ten rodzaj opakowania przyczynia si\u0119 r\u00f3wnie\u017c do <strong>utrzymuj\u0105 swoj\u0105 jako\u015b\u0107 przez d\u0142u\u017cszy czas<\/strong>o. Dla wielu to opakowanie sta\u0142o si\u0119 wr\u0119cz symbolem dba\u0142o\u015bci o szczeg\u00f3\u0142y w Dragon Magic Truffles.\u00a0<\/span><\/p>\n<h2 data-start=\"805\" data-end=\"862\">Dlaczego warto kupowa\u0107 trufle Magic Dragon Truffles do cel\u00f3w mikologicznych?<\/h2>\n<p data-start=\"864\" data-end=\"953\"><span style=\"font-weight: 400\">The <strong>Trufle Magicznego Smoka <\/strong>s\u0105 wysoko cenione przez badaczy i kolekcjoner\u00f3w ze wzgl\u0119du na swoje unikalne cechy:\u00a0<\/span><\/p>\n<ul>\n<li data-start=\"864\" data-end=\"953\"><span style=\"font-weight: 400\"><strong>Naturalne pochodzenie<\/strong>sklerocja: wybrane sklerocje ze specjalistycznych kultur mikologicznych.<\/span><\/li>\n<li data-start=\"864\" data-end=\"953\"><span style=\"font-weight: 400\"><strong>G\u0119sta morfologia:<\/strong> s\u0105 r\u00f3wnie\u017c doskona\u0142e do bada\u0144 mikroskopowych.<\/span><\/li>\n<li data-start=\"864\" data-end=\"953\"><span style=\"font-weight: 400\"><strong>\u015awie\u017co\u015b\u0107 i identyfikowalno\u015b\u0107:<\/strong> Ka\u017cda partia przechodzi rygorystyczne kontrole jako\u015bci, aby zapewni\u0107 jej przydatno\u015b\u0107 do cel\u00f3w akademickich i dekoracyjnych.\u00a0<\/span><\/li>\n<\/ul>\n<h2 data-start=\"1786\" data-end=\"1833\">Konserwacja i obs\u0142uga na potrzeby bada\u0144<\/h2>\n<ul>\n<li><span style=\"font-weight: 400\"><strong>Przechowywanie<\/strong>Przechowywa\u0107 w temperaturze 2\u00baC-4\u00baC w celu zachowania integralno\u015bci.<\/span><\/li>\n<li><span style=\"font-weight: 400\"><strong>Manipulacja<\/strong>Zaleca si\u0119 u\u017cywanie sterylnych r\u0119kawiczek i sterylnych przybor\u00f3w w laboratoriach.<\/span><\/li>\n<li><span style=\"font-weight: 400\"><strong>Dekoracja\/kolekcja<\/strong>Idealny do wystaw botanicznych i prezentacji edukacyjnych.<\/span><\/li>\n<\/ul>\n<h2 data-start=\"2130\" data-end=\"2181\">Bezpieczne i zgodne z prawem zakupy<\/h2>\n<p data-start=\"2183\" data-end=\"2374\"><span style=\"font-weight: 400\">W naszym sklepie internetowym mo\u017cna kupi\u0107<strong> Mykologiczne trufle Dragon <\/strong>z ca\u0142kowitym spokojem:<\/span><\/p>\n<ul>\n<li data-start=\"2183\" data-end=\"2374\"><span style=\"font-weight: 400\">S\u0105 one zgodne z przepisami prawnymi obowi\u0105zuj\u0105cymi w Hiszpanii dla produkt\u00f3w wykonanych z<strong> u\u017cytek niekonsumpcyjny<\/strong>. <\/span><\/li>\n<li data-start=\"2183\" data-end=\"2374\"><span style=\"font-weight: 400\">Zawieraj\u0105 one wyra\u017ane ostrze\u017cenia dotycz\u0105ce ich przeznaczenia.<\/span><\/li>\n<li data-start=\"2183\" data-end=\"2374\"><span style=\"font-weight: 400\">Dyskretna wysy\u0142ka i bezpieczne opakowanie. <\/span><\/li>\n<\/ul>\n<p>&nbsp;<\/p>\n<p style=\"text-align: center;padding-left: 40px\"><span style=\"font-weight: 400\"><em>\u00a0\u26a0\ufe0fNo nie zach\u0119camy ani nie zalecamy ich spo\u017cywania. S\u0105 one przeznaczone wy\u0142\u0105cznie do bada\u0144 mykologicznych, cel\u00f3w dekoracyjnych lub kolekcjonerskich.<\/em>. W przypadku pyta\u0144 dotycz\u0105cych regulacji prosimy o kontakt przed z\u0142o\u017ceniem zam\u00f3wienia.\u00a0<\/span><\/p>","protected":false},"excerpt":{"rendered":"<p><span style=\"font-weight: 400\">The <strong>Trufle mykologiczne<\/strong> <strong>Smok<\/strong> lub Dragon Dynamite, s\u0105 <strong>\u015bwie\u017ce sklerocja wybranych gatunk\u00f3w mykologicznych<\/strong>, doskona\u0142e do bada\u0144 mykologicznych. Bogate w psylocybin\u0119 i niezb\u0119dne sk\u0142adniki od\u017cywcze, rosn\u0105 na podziemnej grzybni grzyba Psilocybe.\u00a0<\/span><\/p>\n<p><span style=\"font-weight: 400\"><strong>Nie do spo\u017cycia przez ludzi<\/strong>. <strong>W razie w\u0105tpliwo\u015bci prosimy o kontakt lub zapoznanie si\u0119 z regulaminem.<\/strong>.<\/span><\/p>","protected":false},"featured_media":59117,"comment_status":"open","ping_status":"closed","template":"","meta":{"_acf_changed":false,"site-sidebar-layout":"default","site-content-layout":"","ast-site-content-layout":"default","site-content-style":"default","site-sidebar-style":"default","ast-global-header-display":"","ast-banner-title-visibility":"","ast-main-header-display":"","ast-hfb-above-header-display":"","ast-hfb-below-header-display":"","ast-hfb-mobile-header-display":"","site-post-title":"","ast-breadcrumbs-content":"","ast-featured-img":"","footer-sml-layout":"","theme-transparent-header-meta":"default","adv-header-id-meta":"","stick-header-meta":"","header-above-stick-meta":"","header-main-stick-meta":"","header-below-stick-meta":"","astra-migrate-meta-layouts":"set","ast-page-background-enabled":"default","ast-page-background-meta":{"desktop":{"background-color":"var(--ast-global-color-4)","background-image":"","background-repeat":"repeat","background-position":"center center","background-size":"auto","background-attachment":"scroll","background-type":"","background-media":"","overlay-type":"","overlay-color":"","overlay-opacity":"","overlay-gradient":""},"tablet":{"background-color":"","background-image":"","background-repeat":"repeat","background-position":"center center","background-size":"auto","background-attachment":"scroll","background-type":"","background-media":"","overlay-type":"","overlay-color":"","overlay-opacity":"","overlay-gradient":""},"mobile":{"background-color":"","background-image":"","background-repeat":"repeat","background-position":"center center","background-size":"auto","background-attachment":"scroll","background-type":"","background-media":"","overlay-type":"","overlay-color":"","overlay-opacity":"","overlay-gradient":""}},"ast-content-background-meta":{"desktop":{"background-color":"var(--ast-global-color-5)","background-image":"","background-repeat":"repeat","background-position":"center center","background-size":"auto","background-attachment":"scroll","background-type":"","background-media":"","overlay-type":"","overlay-color":"","overlay-opacity":"","overlay-gradient":""},"tablet":{"background-color":"var(--ast-global-color-5)","background-image":"","background-repeat":"repeat","background-position":"center center","background-size":"auto","background-attachment":"scroll","background-type":"","background-media":"","overlay-type":"","overlay-color":"","overlay-opacity":"","overlay-gradient":""},"mobile":{"background-color":"var(--ast-global-color-5)","background-image":"","background-repeat":"repeat","background-position":"center center","background-size":"auto","background-attachment":"scroll","background-type":"","background-media":"","overlay-type":"","overlay-color":"","overlay-opacity":"","overlay-gradient":""}}},"product_brand":[],"product_cat":[594,595],"product_tag":[],"class_list":{"0":"post-59112","1":"product","2":"type-product","3":"status-publish","4":"has-post-thumbnail","6":"product_cat-smartshop","7":"product_cat-trufas-magicas","8":"desktop-align-center","9":"tablet-align-center","10":"mobile-align-center","12":"first","13":"instock","14":"taxable","15":"shipping-taxable","16":"purchasable","17":"product-type-simple"},"acf":[],"yoast_head":"<!-- This site is optimized with the Yoast SEO Premium plugin v27.3 (Yoast SEO v27.3) - https:\/\/yoast.com\/product\/yoast-seo-premium-wordpress\/ -->\n<title>Trufas M\u00e1gicas Dragon para estudio micol\u00f3gico<\/title>\n<meta name=\"description\" content=\"Descubre las Trufas M\u00e1gicas Dragon Dynamite. Compra legal en Espa\u00f1a solo para colecci\u00f3n o estudio. No apta para menores de 18.\" \/>\n<meta name=\"robots\" content=\"index, follow, max-snippet:-1, max-image-preview:large, max-video-preview:-1\" \/>\n<link rel=\"canonical\" href=\"https:\/\/iguanasmoke.com\/pl\/product-2\/smocze-trufle\/\" \/>\n<meta property=\"og:locale\" content=\"pl_PL\" \/>\n<meta property=\"og:type\" content=\"article\" \/>\n<meta property=\"og:title\" content=\"Trufas M\u00e1gicas Dragon 15g\" \/>\n<meta property=\"og:description\" content=\"Las Trufas micol\u00f3gicas Drag\u00f3n o Dragon Dynamite, son esclerocios frescos de especies micol\u00f3gicas seleccionadas, excelentes para estudio micol\u00f3gico. Rica en psilocibina y nutrientes esenciales, crecen en el micelio subterr\u00e1neo del hongo Psilocybe.\u00a0  No est\u00e1 destinado al consumo humano. Si tienes dudas cons\u00faltanos o revisa la normativa.\" \/>\n<meta property=\"og:url\" content=\"https:\/\/iguanasmoke.com\/pl\/product-2\/smocze-trufle\/\" \/>\n<meta property=\"og:site_name\" content=\"Iguana Smoke\" \/>\n<meta property=\"article:publisher\" content=\"https:\/\/www.facebook.com\/iguanasmoke\" \/>\n<meta property=\"article:modified_time\" content=\"2026-04-06T01:27:07+00:00\" \/>\n<meta property=\"og:image\" content=\"https:\/\/iguanasmoke.com\/wp-content\/uploads\/2025\/06\/trufas-dragon.webp\" \/>\n\t<meta property=\"og:image:width\" content=\"1000\" \/>\n\t<meta property=\"og:image:height\" content=\"1000\" \/>\n\t<meta property=\"og:image:type\" content=\"image\/webp\" \/>\n<meta name=\"twitter:card\" content=\"summary_large_image\" \/>\n<meta name=\"twitter:label1\" content=\"Cena\" \/>\n\t<meta name=\"twitter:data1\" content=\"17,55&nbsp;&euro;\" \/>\n\t<meta name=\"twitter:label2\" content=\"Dost\u0119pno\u015b\u0107\" \/>\n\t<meta name=\"twitter:data2\" content=\"Dost\u0119pny\" \/>\n<meta property=\"product:brand\" content=\"simple\" \/>\n<meta property=\"product:price:amount\" content=\"17.55\" \/>\n<meta property=\"product:price:currency\" content=\"EUR\" \/>\n<meta property=\"og:availability\" content=\"instock\" \/>\n<meta property=\"product:availability\" content=\"instock\" \/>\n<meta property=\"product:retailer_item_id\" content=\"SJ-TRUFA-DRA\" \/>\n<meta property=\"product:condition\" content=\"new\" \/>\n<!-- \/ Yoast SEO Premium plugin. -->","yoast_head_json":{"title":"Smocze magiczne trufle do bada\u0144 mykologicznych","description":"Odkryj magiczne trufle Dragon Dynamite. Legalny zakup w Hiszpanii wy\u0142\u0105cznie w celu odbioru lub nauki. Nieodpowiednie dla dzieci poni\u017cej 18 roku \u017cycia.","robots":{"index":"index","follow":"follow","max-snippet":"max-snippet:-1","max-image-preview":"max-image-preview:large","max-video-preview":"max-video-preview:-1"},"canonical":"https:\/\/iguanasmoke.com\/pl\/product-2\/smocze-trufle\/","og_locale":"pl_PL","og_type":"article","og_title":"Trufas M\u00e1gicas Dragon 15g","og_description":"Las Trufas micol\u00f3gicas Drag\u00f3n o Dragon Dynamite, son esclerocios frescos de especies micol\u00f3gicas seleccionadas, excelentes para estudio micol\u00f3gico. Rica en psilocibina y nutrientes esenciales, crecen en el micelio subterr\u00e1neo del hongo Psilocybe.\u00a0  No est\u00e1 destinado al consumo humano. Si tienes dudas cons\u00faltanos o revisa la normativa.","og_url":"https:\/\/iguanasmoke.com\/pl\/product-2\/smocze-trufle\/","og_site_name":"Iguana Smoke","article_publisher":"https:\/\/www.facebook.com\/iguanasmoke","article_modified_time":"2026-04-06T01:27:07+00:00","og_image":[{"width":1000,"height":1000,"url":"https:\/\/iguanasmoke.com\/wp-content\/uploads\/2025\/06\/trufas-dragon.webp","type":"image\/webp"}],"twitter_card":"summary_large_image","twitter_misc":{"Cena":"17,55&nbsp;&euro;","Dost\u0119pno\u015b\u0107":"Dost\u0119pny"},"schema":{"@context":"https:\/\/schema.org","@graph":[{"@type":"WebPage","@id":"https:\/\/iguanasmoke.com\/producto\/trufas-dragon\/","url":"https:\/\/iguanasmoke.com\/producto\/trufas-dragon\/","name":"Smocze magiczne trufle do bada\u0144 mykologicznych","isPartOf":{"@id":"https:\/\/iguanasmoke.com\/#website"},"primaryImageOfPage":{"@id":"https:\/\/iguanasmoke.com\/producto\/trufas-dragon\/#primaryimage"},"image":{"@id":"https:\/\/iguanasmoke.com\/producto\/trufas-dragon\/#primaryimage"},"thumbnailUrl":"https:\/\/iguanasmoke.com\/wp-content\/uploads\/2025\/06\/trufas-dragon.webp","datePublished":"2025-06-18T19:03:32+00:00","dateModified":"2026-04-06T01:27:07+00:00","description":"Odkryj magiczne trufle Dragon Dynamite. Legalny zakup w Hiszpanii wy\u0142\u0105cznie w celu odbioru lub nauki. Nieodpowiednie dla dzieci poni\u017cej 18 roku \u017cycia.","breadcrumb":{"@id":"https:\/\/iguanasmoke.com\/producto\/trufas-dragon\/#breadcrumb"},"inLanguage":"pl-PL","potentialAction":[{"@type":"ReadAction","target":["https:\/\/iguanasmoke.com\/producto\/trufas-dragon\/"]}]},{"@type":"ImageObject","inLanguage":"pl-PL","@id":"https:\/\/iguanasmoke.com\/producto\/trufas-dragon\/#primaryimage","url":"https:\/\/iguanasmoke.com\/wp-content\/uploads\/2025\/06\/trufas-dragon.webp","contentUrl":"https:\/\/iguanasmoke.com\/wp-content\/uploads\/2025\/06\/trufas-dragon.webp","width":1000,"height":1000,"caption":"Trufas micol\u00f3gicas Dragon"},{"@type":"BreadcrumbList","@id":"https:\/\/iguanasmoke.com\/producto\/trufas-dragon\/#breadcrumb","itemListElement":[{"@type":"ListItem","position":1,"name":"home","item":"https:\/\/iguanasmoke.com\/"},{"@type":"ListItem","position":2,"name":"Tienda","item":"https:\/\/iguanasmoke.com\/tienda\/"},{"@type":"ListItem","position":3,"name":"SmartShop","item":"https:\/\/iguanasmoke.com\/categoria\/smartshop\/"},{"@type":"ListItem","position":4,"name":"Trufas M\u00e1gicas Dragon 15g"}]},{"@type":"WebSite","@id":"https:\/\/iguanasmoke.com\/#website","url":"https:\/\/iguanasmoke.com\/","name":"Iguana Smoke","description":"Kup CBD online w najlepszej cenie","publisher":{"@id":"https:\/\/iguanasmoke.com\/#organization"},"potentialAction":[{"@type":"SearchAction","target":{"@type":"EntryPoint","urlTemplate":"https:\/\/iguanasmoke.com\/?s={search_term_string}"},"query-input":{"@type":"PropertyValueSpecification","valueRequired":true,"valueName":"search_term_string"}}],"inLanguage":"pl-PL"},{"@type":"Organization","@id":"https:\/\/iguanasmoke.com\/#organization","name":"Iguana Smoke","url":"https:\/\/iguanasmoke.com\/","logo":{"@type":"ImageObject","inLanguage":"pl-PL","@id":"https:\/\/iguanasmoke.com\/#\/schema\/logo\/image\/","url":"https:\/\/iguanasmoke.com\/wp-content\/uploads\/2025\/01\/logoiguana-favi-1.png","contentUrl":"https:\/\/iguanasmoke.com\/wp-content\/uploads\/2025\/01\/logoiguana-favi-1.png","width":512,"height":512,"caption":"Iguana Smoke"},"image":{"@id":"https:\/\/iguanasmoke.com\/#\/schema\/logo\/image\/"},"sameAs":["https:\/\/www.facebook.com\/iguanasmoke","https:\/\/www.instagram.com\/iguanasmoke\/"]}]},"product_brand":"simple","product_price_amount":"17.55","product_price_currency":"EUR","og_availability":"instock","product_availability":"instock","product_retailer_item_id":"SJ-TRUFA-DRA","product_condition":"new"},"_links":{"self":[{"href":"https:\/\/iguanasmoke.com\/pl\/wp-json\/wp\/v2\/product\/59112","targetHints":{"allow":["GET"]}}],"collection":[{"href":"https:\/\/iguanasmoke.com\/pl\/wp-json\/wp\/v2\/product"}],"about":[{"href":"https:\/\/iguanasmoke.com\/pl\/wp-json\/wp\/v2\/types\/product"}],"replies":[{"embeddable":true,"href":"https:\/\/iguanasmoke.com\/pl\/wp-json\/wp\/v2\/comments?post=59112"}],"wp:featuredmedia":[{"embeddable":true,"href":"https:\/\/iguanasmoke.com\/pl\/wp-json\/wp\/v2\/media\/59117"}],"wp:attachment":[{"href":"https:\/\/iguanasmoke.com\/pl\/wp-json\/wp\/v2\/media?parent=59112"}],"wp:term":[{"taxonomy":"product_brand","embeddable":true,"href":"https:\/\/iguanasmoke.com\/pl\/wp-json\/wp\/v2\/product_brand?post=59112"},{"taxonomy":"product_cat","embeddable":true,"href":"https:\/\/iguanasmoke.com\/pl\/wp-json\/wp\/v2\/product_cat?post=59112"},{"taxonomy":"product_tag","embeddable":true,"href":"https:\/\/iguanasmoke.com\/pl\/wp-json\/wp\/v2\/product_tag?post=59112"}],"curies":[{"name":"wp","href":"https:\/\/api.w.org\/{rel}","templated":true}]}}