{"id":59401,"date":"2025-06-23T21:32:07","date_gmt":"2025-06-23T19:32:07","guid":{"rendered":"https:\/\/iguanasmoke.com\/?post_type=product&#038;p=59401"},"modified":"2025-12-16T13:15:41","modified_gmt":"2025-12-16T12:15:41","slug":"zestaw-do-uprawy-grzybow-mckennaii","status":"publish","type":"product","link":"https:\/\/iguanasmoke.com\/pl\/producto\/kit-de-cultivo-setas-mckennaii\/","title":{"rendered":"Zestaw do uprawy grzyb\u00f3w McKennaii"},"content":{"rendered":"<div class=\"soy_acordeon_mobile\">\n<h1><span style=\"font-weight: 400;\">McKennaii Mushroom Bread - Unikalny zestaw do uprawy\u00a0<\/span><\/h1>\n<\/div>\n<div class=\"soy_descripcion_contenido show_more\">\n<p><span style=\"font-weight: 400;\">To <strong>Chleb z grzybami McKennaii <\/strong>jest dost\u0119pny w formacie zestawu mykologicznego przeznaczonego do <strong>obserwowa\u0107<\/strong>, <strong>badanie<\/strong> y <strong>analizowa\u0107<\/strong> na <strong>rozw\u00f3j grzyb\u00f3w. <\/strong>Grzyb ten jest<strong> hybryda laboratoryjna<\/strong> stworzona na cze\u015b\u0107 ameryka\u0144skiego pisarza i badacza Terence'a McKenny, znanego z licznych ksi\u0105\u017cek na temat magicznych grzyb\u00f3w. <\/span><\/p>\n<p><span style=\"font-weight: 400;\">Ta r\u00f3\u017cnorodno\u015b\u0107 <strong><em>Psilocybe cubensis <\/em><\/strong>jest znany ze swojej mocy i jest szczeg\u00f3lnie godny uwagi ze wzgl\u0119du na jego <\/span><span style=\"font-size: 16px; font-style: normal; font-weight: 400;\">obfita produkcja.\u00a0<\/span><\/p>\n<p style=\"padding-left: 40px; text-align: center;\"><em><span style=\"font-weight: 400;\">\u26a0\ufe0fRecuerda: Jego u\u017cycie jest ograniczone wy\u0142\u0105cznie do cel\u00f3w mykologicznych, edukacyjnych, dekoracyjnych lub kolekcjonerskich. W zwi\u0105zku z tym produkt ten nie jest przeznaczony do spo\u017cycia przez ludzi.<\/span><\/em><\/p>\n<p>&nbsp;<\/p>\n<\/div>\n<h2 class=\"soy_acordeon_mobile\"><strong>Charakterystyka morfologiczna grzyb\u00f3w McKennaii<\/strong><\/h2>\n<p><span style=\"font-weight: 400;\">Podczas swojego rozwoju grzyby McKennaii posiadaj\u0105 szereg \u0142atwych do zidentyfikowania cech. Po pierwsze, wyr\u00f3\u017cniaj\u0105 si\u0119 swoim wygl\u0105dem:<\/span><\/p>\n<ul>\n<li>D\u0142ugie bia\u0142e \u0142odygi oko\u0142o 10 cm, grube i \u017cywotne<\/li>\n<li>Pomara\u0144czowo-br\u0105zowy lub ciemnobr\u0105zowy zaokr\u0105glony kaptur<\/li>\n<li>\u015aredniej wielko\u015bci, smuk\u0142e, maj\u0105 tendencj\u0119 do pojawiania si\u0119 w du\u017cych ilo\u015bciach.<\/li>\n<li>Elegancka struktura odpowiednia do obserwacji makroskopowej i mikroskopowej<\/li>\n<\/ul>\n<p><span style=\"font-weight: 400;\">Te cechy sprawiaj\u0105, \u017ce chleb grzybowy jest szczeg\u00f3lnie interesuj\u0105cy do analizy wzrostu, badania cykli owocowania i obserwacji morfologii grzyb\u00f3w.<\/span><\/p>\n<p>&nbsp;<\/p>\n<div class=\"soy_descripcion_contenido show_more\">\n<h2><strong>Warunki produkcji i uprawy (zastosowanie techniczne) <\/strong><\/h2>\n<p><span style=\"font-weight: 400;\">Bochenek grzybowy McKennaii jest dostarczany w ca\u0142o\u015bci. <strong>skolonizowane, odka\u017cone i gotowe do owocowania<\/strong>. Jednak dla prawid\u0142owego rozwoju niezb\u0119dne jest utrzymanie kontrolowanych warunk\u00f3w \u015brodowiskowych i prawid\u0142owej higieny \u015brodowiska. <\/span><\/p>\n<p><span style=\"font-weight: 400;\">W tym wzgl\u0119dzie kluczowa jest odpowiednia kontrola temperatury i wilgotno\u015bci, poniewa\u017c gatunek ten jest do\u015b\u0107 wra\u017cliwy na ciep\u0142o. Pomaga to r\u00f3wnie\u017c zmniejszy\u0107 ryzyko zanieczyszczenia krzy\u017cowego.\u00a0<\/span><\/p>\n<p>Poni\u017cej przedstawiono zalecane parametry do przeprowadzenia badania mykologicznego:<\/p>\n<ul>\n<li>Optymalna temperatura: mi\u0119dzy 22-25\u00baC (najlepiej 24\u00baC)<\/li>\n<li>Wilgotno\u015b\u0107 wzgl\u0119dna: mi\u0119dzy 60-80%<\/li>\n<li>\u015awiat\u0142o po\u015brednie: \u015bwiat\u0142o rozproszone i wentylowane otoczenie<\/li>\n<li>Pocz\u0105tkowy czas owocowania: 15-20 dni (pierwsze zbiory s\u0105 najbardziej obfite)<\/li>\n<li>Ca\u0142kowita zdolno\u015b\u0107 produkcyjna: ok. 200-400 g.<\/li>\n<li>Liczba cykli: do 4-5, utrzymuj\u0105c stabilne warunki<\/li>\n<\/ul>\n<p><span style=\"font-weight: 400;\">Na koniec nale\u017cy przypomnie\u0107, \u017ce dane te maj\u0105 charakter orientacyjny i s\u0142u\u017c\u0105 wy\u0142\u0105cznie celom informacyjnym i technicznym.<\/span><\/p>\n<h2><strong>Procedura odbioru <\/strong><\/h2>\n<p><span style=\"font-weight: 400;\">W celu zbadania pe\u0142nego cyklu grzyba, owocnik jest zbierany poprzez lekkie obr\u00f3cenie, pozostawiaj\u0105c podstaw\u0119 trzonu nienaruszon\u0105. W ten spos\u00f3b ci\u0105g\u0142o\u015b\u0107 owocowania jest preferowana do p\u00f3\u017aniejszej analizy.\u00a0<\/span><\/p>\n<p>&nbsp;<\/p>\n<h2><strong>Co zawiera zestaw do uprawy McKennaii Mushroom Bread? <\/strong><\/h2>\n<ul>\n<li><span style=\"font-weight: 400;\"><strong>1 x Chleb grzybowy 1200 ml<\/strong> ze \u015bwie\u017c\u0105 grzybni\u0105 100% z<em> Psilocybe Cubensis McKennaii.<\/em><\/span><\/li>\n<li><span style=\"font-weight: 400;\"><strong>1 x hermetyczny pojemnik bez perforacji<\/strong>, zaprojektowany, aby zapobiega\u0107 rozprzestrzenianiu si\u0119 mikroorganizm\u00f3w i zmniejsza\u0107 zanieczyszczenie.<\/span>\n<ul>\n<li style=\"list-style-type: none;\">\n<ul>\n<li><span style=\"font-weight: 400;\">(<em>Zalecamy zdezynfekowanie go przed rozpocz\u0119ciem procesu uprawy.<\/em>)<\/span><\/li>\n<\/ul>\n<\/li>\n<\/ul>\n<\/li>\n<li><span style=\"font-weight: 400;\"><strong>1 x Instrukcja obs\u0142ugi<\/strong> dost\u0119pny przez <strong>Kod QR<\/strong> ze szczeg\u00f3\u0142owymi instrukcjami dotycz\u0105cymi kolejnych krok\u00f3w.<\/span><\/li>\n<\/ul>\n<p><span style=\"font-weight: 400;\">Na naszej stronie internetowej mo\u017cna r\u00f3wnie\u017c znale\u017a\u0107 r\u00f3\u017cne <a href=\"https:\/\/iguanasmoke.com\/pl\/kategoria\/smartshop\/chleb-grzybowy\/\"><strong>kompletne zestawy do hodowli mykologicznych<\/strong><\/a>, przeznaczone do nauki i dla kolekcjoner\u00f3w, a tak\u017ce nasze<a href=\"https:\/\/iguanasmoke.com\/pl\/przewodnik-uprawy-z-zestawami-swiezych-grzybow\/\"><strong> przewodnik po uprawie mykologicznej<\/strong><\/a>.<\/span><\/p>\n<p>&nbsp;<\/p>\n<h3>Wymiary bochenka grzyb\u00f3w McKennaii (\u0142\u0105cznie z pojemnikiem)<\/h3>\n<ul>\n<li>19 x 12 x 7,5 cm (d\u0142. x szer. x wys.)<\/li>\n<\/ul>\n<h2><strong>Dlaczego warto wybra\u0107 Iguana Smoke? <\/strong><\/h2>\n<ol>\n<li><span style=\"font-weight: 400;\">Rozwini\u0119ta i aktywna grzybnia 100% - Zwi\u0119kszone tempo wzrostu<\/span><\/li>\n<li><span style=\"font-weight: 400;\">Wysoka stabilno\u015b\u0107 w uprawach obserwacyjnych <\/span><\/li>\n<li><span style=\"font-weight: 400;\">Dyskretna dostawa 24\/48h <\/span><\/li>\n<li><span style=\"font-weight: 400;\">Poufne i bezpieczne opakowanie\u00a0<\/span><\/li>\n<\/ol>\n<h3><strong>Wa\u017cna informacja prawna:<\/strong><\/h3>\n<p><span style=\"font-weight: 400;\">Ten produkt jest sprzedawany wy\u0142\u0105cznie do cel\u00f3w bada\u0144 mykologicznych, badawczych, kolekcjonerskich lub edukacyjnych.\u00a0<\/span><\/p>\n<p><span style=\"font-weight: 400;\">W zwi\u0105zku z tym spo\u017cycie przez ludzi jest zabronione w Hiszpanii zgodnie z obowi\u0105zuj\u0105cymi przepisami. Iguana Smoke nie promuje ani nie zach\u0119ca do konsumpcji i nie ponosi odpowiedzialno\u015bci za niew\u0142a\u015bciwe u\u017cycie. Nabywca jest odpowiedzialny za poinformowanie si\u0119 i przestrzeganie przepis\u00f3w obowi\u0105zuj\u0105cych w jego kraju.<\/span><\/p>\n<p>&nbsp;<\/p>\n<div class=\"soy_descripcion_contenido show_more\">\n<h4><strong>Cz\u0119sto zadawane pytania (FAQ)<\/strong><\/h4>\n<p><strong>Co zawiera chleb z grzybami McKennaii? <\/strong><\/p>\n<p><span style=\"font-weight: 400;\">\u015awie\u017ca, aktywna grzybnia 100% Psilocybe Cubensis, przeznaczona wy\u0142\u0105cznie do bada\u0144 mikologicznych. Jest to odmiana hybrydowa stworzona na cze\u015b\u0107 Terence'a McKenny. Grzyby te wyr\u00f3\u017cniaj\u0105 si\u0119 wysokim st\u0119\u017ceniem psilocybiny.<\/span><\/p>\n<p><span style=\"font-weight: 400;\"><strong>Dla jakiego typu u\u017cytkownik\u00f3w jest odpowiedni?<\/strong> <\/span><\/p>\n<p><span style=\"font-weight: 400;\">Studenci mikologii, naukowcy, instytucje edukacyjne i wyspecjalizowani kolekcjonerzy. <\/span><\/p>\n<p><strong>Czy zawiera instrukcje? <\/strong><\/p>\n<p><span style=\"font-weight: 400;\">Tak, za pomoc\u0105 kodu QR do\u0142\u0105czonego do produktu.<\/span><\/p>\n<p><strong>Czy jest to legalny produkt? <\/strong><\/p>\n<p><span style=\"font-weight: 400;\">Sprzedawane wy\u0142\u0105cznie do cel\u00f3w mikologicznych. Spo\u017cycie przez ludzi jest zabronione w Hiszpanii.\u00a0\u00a0<\/span><\/p>\n<\/div>\n<div class=\"soy_descripcion_contenido show_more\">\n<div>\n<div>\n<p style=\"padding-left: 40px; text-align: center;\"><span style=\"font-weight: 400;\"><em>\u26a0\ufe0fNo nie zach\u0119camy ani nie zalecamy ich spo\u017cywania. S\u0105 one przeznaczone wy\u0142\u0105cznie do bada\u0144 mykologicznych, cel\u00f3w dekoracyjnych lub kolekcjonerskich.<\/em>. W przypadku pyta\u0144 dotycz\u0105cych regulacji prosimy o kontakt przed z\u0142o\u017ceniem zam\u00f3wienia.\u00a0<\/span><\/p>\n<\/div>\n<\/div>\n<\/div>\n<\/div>","protected":false},"excerpt":{"rendered":"<p><span style=\"font-weight: 400;\">Gatunek<strong><em> Psilocybe cubensis McKennaii <\/em><\/strong>to gatunek pobrany z innego gatunku laboratoryjnego. Produkuje du\u017ce, ci\u0119\u017ckie grzyby o bia\u0142ych trzonach i z\u0142ocistych kapeluszach.\u00a0<\/span><\/p>\n<p><strong>WA\u017bNE<\/strong>Zeskanuj QR, aby zobaczy\u0107 <strong>instrukcje dotycz\u0105ce uprawy<\/strong>; <strong>Post\u0119puj krok po kroku<\/strong>\u00a0y\u00a0<strong>zmaksymalizuj swoje zbiory<\/strong>.<\/p>","protected":false},"featured_media":59400,"comment_status":"open","ping_status":"closed","template":"","meta":{"_acf_changed":false,"site-sidebar-layout":"default","site-content-layout":"","ast-site-content-layout":"default","site-content-style":"default","site-sidebar-style":"default","ast-global-header-display":"","ast-banner-title-visibility":"","ast-main-header-display":"","ast-hfb-above-header-display":"","ast-hfb-below-header-display":"","ast-hfb-mobile-header-display":"","site-post-title":"","ast-breadcrumbs-content":"","ast-featured-img":"","footer-sml-layout":"","theme-transparent-header-meta":"default","adv-header-id-meta":"","stick-header-meta":"","header-above-stick-meta":"","header-main-stick-meta":"","header-below-stick-meta":"","astra-migrate-meta-layouts":"set","ast-page-background-enabled":"default","ast-page-background-meta":{"desktop":{"background-color":"var(--ast-global-color-4)","background-image":"","background-repeat":"repeat","background-position":"center center","background-size":"auto","background-attachment":"scroll","background-type":"","background-media":"","overlay-type":"","overlay-color":"","overlay-opacity":"","overlay-gradient":""},"tablet":{"background-color":"","background-image":"","background-repeat":"repeat","background-position":"center center","background-size":"auto","background-attachment":"scroll","background-type":"","background-media":"","overlay-type":"","overlay-color":"","overlay-opacity":"","overlay-gradient":""},"mobile":{"background-color":"","background-image":"","background-repeat":"repeat","background-position":"center center","background-size":"auto","background-attachment":"scroll","background-type":"","background-media":"","overlay-type":"","overlay-color":"","overlay-opacity":"","overlay-gradient":""}},"ast-content-background-meta":{"desktop":{"background-color":"var(--ast-global-color-5)","background-image":"","background-repeat":"repeat","background-position":"center center","background-size":"auto","background-attachment":"scroll","background-type":"","background-media":"","overlay-type":"","overlay-color":"","overlay-opacity":"","overlay-gradient":""},"tablet":{"background-color":"var(--ast-global-color-5)","background-image":"","background-repeat":"repeat","background-position":"center center","background-size":"auto","background-attachment":"scroll","background-type":"","background-media":"","overlay-type":"","overlay-color":"","overlay-opacity":"","overlay-gradient":""},"mobile":{"background-color":"var(--ast-global-color-5)","background-image":"","background-repeat":"repeat","background-position":"center center","background-size":"auto","background-attachment":"scroll","background-type":"","background-media":"","overlay-type":"","overlay-color":"","overlay-opacity":"","overlay-gradient":""}}},"product_brand":[],"product_cat":[596,594],"product_tag":[],"class_list":{"0":"post-59401","1":"product","2":"type-product","3":"status-publish","4":"has-post-thumbnail","6":"product_cat-pan-de-setas","7":"product_cat-smartshop","8":"desktop-align-center","9":"tablet-align-center","10":"mobile-align-center","12":"first","13":"outofstock","14":"taxable","15":"shipping-taxable","16":"purchasable","17":"product-type-simple"},"acf":[],"yoast_head":"<!-- This site is optimized with the Yoast SEO Premium plugin v27.3 (Yoast SEO v27.3) - https:\/\/yoast.com\/product\/yoast-seo-premium-wordpress\/ -->\n<title>Pan de setas McKennaii - Kit de cultivo | Iguana Smoke<\/title>\n<meta name=\"description\" content=\"Conoce el Pan de setas McKennaii, dise\u00f1ado para los amantes de la micolog\u00eda. Estudia su desarrollo f\u00fangico y aprovecha su gran potencial, \u00a1compra ya!\" \/>\n<meta name=\"robots\" content=\"index, follow, max-snippet:-1, max-image-preview:large, max-video-preview:-1\" \/>\n<link rel=\"canonical\" href=\"https:\/\/iguanasmoke.com\/pl\/product-2\/zestaw-do-uprawy-grzybow-mckennaii\/\" \/>\n<meta property=\"og:locale\" content=\"pl_PL\" \/>\n<meta property=\"og:type\" content=\"article\" \/>\n<meta property=\"og:title\" content=\"Kit de Cultivo Setas McKennaii\" \/>\n<meta property=\"og:description\" content=\"La especie Psilocybe Cubensis McKennaii es una especie sacada de otra especie de laboratorio. Esta produce hongos grandes y pesados, de tallo blanco y color dorado en la capucha.\u00a0  IMPORTANTE: Escanea el QR para ver las instrucciones de cultivo; sigue el paso a paso\u00a0y\u00a0maximiza tus cosechas.\" \/>\n<meta property=\"og:url\" content=\"https:\/\/iguanasmoke.com\/pl\/product-2\/zestaw-do-uprawy-grzybow-mckennaii\/\" \/>\n<meta property=\"og:site_name\" content=\"Iguana Smoke\" \/>\n<meta property=\"article:publisher\" content=\"https:\/\/www.facebook.com\/iguanasmoke\" \/>\n<meta property=\"article:modified_time\" content=\"2025-12-16T12:15:41+00:00\" \/>\n<meta property=\"og:image\" content=\"https:\/\/iguanasmoke.com\/wp-content\/uploads\/2025\/06\/mckennai.webp\" \/>\n\t<meta property=\"og:image:width\" content=\"1000\" \/>\n\t<meta property=\"og:image:height\" content=\"1000\" \/>\n\t<meta property=\"og:image:type\" content=\"image\/webp\" \/>\n<meta name=\"twitter:card\" content=\"summary_large_image\" \/>\n<meta name=\"twitter:label1\" content=\"Cena\" \/>\n\t<meta name=\"twitter:data1\" content=\"31,14&nbsp;&euro;\" \/>\n\t<meta name=\"twitter:label2\" content=\"Dost\u0119pno\u015b\u0107\" \/>\n\t<meta name=\"twitter:data2\" content=\"Brak w magazynie\" \/>\n<meta property=\"product:brand\" content=\"simple\" \/>\n<meta property=\"product:price:amount\" content=\"31.14\" \/>\n<meta property=\"product:price:currency\" content=\"EUR\" \/>\n<meta property=\"og:availability\" content=\"out of stock\" \/>\n<meta property=\"product:availability\" content=\"out of stock\" \/>\n<meta property=\"product:retailer_item_id\" content=\"SJ-PAN-MCK\" \/>\n<meta property=\"product:condition\" content=\"new\" \/>\n<!-- \/ Yoast SEO Premium plugin. -->","yoast_head_json":{"title":"McKennaii Mushroom Bread - zestaw do uprawy | Iguana Smoke","description":"Poznaj McKennaii Mushroom Bread, zaprojektowany dla mi\u0142o\u015bnik\u00f3w mikologii. Zbadaj ich rozw\u00f3j grzybowy i wykorzystaj ich ogromny potencja\u0142, kup teraz!","robots":{"index":"index","follow":"follow","max-snippet":"max-snippet:-1","max-image-preview":"max-image-preview:large","max-video-preview":"max-video-preview:-1"},"canonical":"https:\/\/iguanasmoke.com\/pl\/product-2\/zestaw-do-uprawy-grzybow-mckennaii\/","og_locale":"pl_PL","og_type":"article","og_title":"Kit de Cultivo Setas McKennaii","og_description":"La especie Psilocybe Cubensis McKennaii es una especie sacada de otra especie de laboratorio. Esta produce hongos grandes y pesados, de tallo blanco y color dorado en la capucha.\u00a0  IMPORTANTE: Escanea el QR para ver las instrucciones de cultivo; sigue el paso a paso\u00a0y\u00a0maximiza tus cosechas.","og_url":"https:\/\/iguanasmoke.com\/pl\/product-2\/zestaw-do-uprawy-grzybow-mckennaii\/","og_site_name":"Iguana Smoke","article_publisher":"https:\/\/www.facebook.com\/iguanasmoke","article_modified_time":"2025-12-16T12:15:41+00:00","og_image":[{"width":1000,"height":1000,"url":"https:\/\/iguanasmoke.com\/wp-content\/uploads\/2025\/06\/mckennai.webp","type":"image\/webp"}],"twitter_card":"summary_large_image","twitter_misc":{"Cena":"31,14&nbsp;&euro;","Dost\u0119pno\u015b\u0107":"Brak w magazynie"},"schema":{"@context":"https:\/\/schema.org","@graph":[{"@type":"WebPage","@id":"https:\/\/iguanasmoke.com\/producto\/kit-de-cultivo-setas-mckennaii\/","url":"https:\/\/iguanasmoke.com\/producto\/kit-de-cultivo-setas-mckennaii\/","name":"McKennaii Mushroom Bread - zestaw do uprawy | Iguana Smoke","isPartOf":{"@id":"https:\/\/iguanasmoke.com\/#website"},"primaryImageOfPage":{"@id":"https:\/\/iguanasmoke.com\/producto\/kit-de-cultivo-setas-mckennaii\/#primaryimage"},"image":{"@id":"https:\/\/iguanasmoke.com\/producto\/kit-de-cultivo-setas-mckennaii\/#primaryimage"},"thumbnailUrl":"https:\/\/iguanasmoke.com\/wp-content\/uploads\/2025\/06\/mckennai.webp","datePublished":"2025-06-23T19:32:07+00:00","dateModified":"2025-12-16T12:15:41+00:00","description":"Poznaj McKennaii Mushroom Bread, zaprojektowany dla mi\u0142o\u015bnik\u00f3w mikologii. Zbadaj ich rozw\u00f3j grzybowy i wykorzystaj ich ogromny potencja\u0142, kup teraz!","breadcrumb":{"@id":"https:\/\/iguanasmoke.com\/producto\/kit-de-cultivo-setas-mckennaii\/#breadcrumb"},"inLanguage":"pl-PL","potentialAction":[{"@type":"ReadAction","target":["https:\/\/iguanasmoke.com\/producto\/kit-de-cultivo-setas-mckennaii\/"]}]},{"@type":"ImageObject","inLanguage":"pl-PL","@id":"https:\/\/iguanasmoke.com\/producto\/kit-de-cultivo-setas-mckennaii\/#primaryimage","url":"https:\/\/iguanasmoke.com\/wp-content\/uploads\/2025\/06\/mckennai.webp","contentUrl":"https:\/\/iguanasmoke.com\/wp-content\/uploads\/2025\/06\/mckennai.webp","width":1000,"height":1000,"caption":"Pan de setas McKennaii"},{"@type":"BreadcrumbList","@id":"https:\/\/iguanasmoke.com\/producto\/kit-de-cultivo-setas-mckennaii\/#breadcrumb","itemListElement":[{"@type":"ListItem","position":1,"name":"home","item":"https:\/\/iguanasmoke.com\/"},{"@type":"ListItem","position":2,"name":"Tienda","item":"https:\/\/iguanasmoke.com\/tienda\/"},{"@type":"ListItem","position":3,"name":"SmartShop","item":"https:\/\/iguanasmoke.com\/categoria\/smartshop\/"},{"@type":"ListItem","position":4,"name":"Pan de setas","item":"https:\/\/iguanasmoke.com\/categoria\/smartshop\/pan-de-setas\/"},{"@type":"ListItem","position":5,"name":"Kit de Cultivo Setas McKennaii"}]},{"@type":"WebSite","@id":"https:\/\/iguanasmoke.com\/#website","url":"https:\/\/iguanasmoke.com\/","name":"Iguana Smoke","description":"Kup CBD online w najlepszej cenie","publisher":{"@id":"https:\/\/iguanasmoke.com\/#organization"},"potentialAction":[{"@type":"SearchAction","target":{"@type":"EntryPoint","urlTemplate":"https:\/\/iguanasmoke.com\/?s={search_term_string}"},"query-input":{"@type":"PropertyValueSpecification","valueRequired":true,"valueName":"search_term_string"}}],"inLanguage":"pl-PL"},{"@type":"Organization","@id":"https:\/\/iguanasmoke.com\/#organization","name":"Iguana Smoke","url":"https:\/\/iguanasmoke.com\/","logo":{"@type":"ImageObject","inLanguage":"pl-PL","@id":"https:\/\/iguanasmoke.com\/#\/schema\/logo\/image\/","url":"https:\/\/iguanasmoke.com\/wp-content\/uploads\/2025\/01\/logoiguana-favi-1.png","contentUrl":"https:\/\/iguanasmoke.com\/wp-content\/uploads\/2025\/01\/logoiguana-favi-1.png","width":512,"height":512,"caption":"Iguana Smoke"},"image":{"@id":"https:\/\/iguanasmoke.com\/#\/schema\/logo\/image\/"},"sameAs":["https:\/\/www.facebook.com\/iguanasmoke","https:\/\/www.instagram.com\/iguanasmoke\/"]}]},"product_brand":"simple","product_price_amount":"31.14","product_price_currency":"EUR","og_availability":"out of stock","product_availability":"out of stock","product_retailer_item_id":"SJ-PAN-MCK","product_condition":"new"},"_links":{"self":[{"href":"https:\/\/iguanasmoke.com\/pl\/wp-json\/wp\/v2\/product\/59401","targetHints":{"allow":["GET"]}}],"collection":[{"href":"https:\/\/iguanasmoke.com\/pl\/wp-json\/wp\/v2\/product"}],"about":[{"href":"https:\/\/iguanasmoke.com\/pl\/wp-json\/wp\/v2\/types\/product"}],"replies":[{"embeddable":true,"href":"https:\/\/iguanasmoke.com\/pl\/wp-json\/wp\/v2\/comments?post=59401"}],"wp:featuredmedia":[{"embeddable":true,"href":"https:\/\/iguanasmoke.com\/pl\/wp-json\/wp\/v2\/media\/59400"}],"wp:attachment":[{"href":"https:\/\/iguanasmoke.com\/pl\/wp-json\/wp\/v2\/media?parent=59401"}],"wp:term":[{"taxonomy":"product_brand","embeddable":true,"href":"https:\/\/iguanasmoke.com\/pl\/wp-json\/wp\/v2\/product_brand?post=59401"},{"taxonomy":"product_cat","embeddable":true,"href":"https:\/\/iguanasmoke.com\/pl\/wp-json\/wp\/v2\/product_cat?post=59401"},{"taxonomy":"product_tag","embeddable":true,"href":"https:\/\/iguanasmoke.com\/pl\/wp-json\/wp\/v2\/product_tag?post=59401"}],"curies":[{"name":"wp","href":"https:\/\/api.w.org\/{rel}","templated":true}]}}