{"id":59545,"date":"2025-06-25T15:18:11","date_gmt":"2025-06-25T13:18:11","guid":{"rendered":"https:\/\/iguanasmoke.com\/?post_type=product&#038;p=59545"},"modified":"2026-02-06T20:12:57","modified_gmt":"2026-02-06T19:12:57","slug":"kupic-kwiat-cbd-popcorn-sour-tsunami-100gr-male-paki-cbd","status":"publish","type":"product","link":"https:\/\/iguanasmoke.com\/pl\/producto\/comprar-flor-cbd-pop-corn-sour-tsunami-100gr-cogollos-pequenos-cbd\/","title":{"rendered":"Pop Corn - Ma\u0142e p\u0105ki CBD 100g"},"content":{"rendered":"<h1><b>Pop Corn CBD \u2013 Ma\u0142e topki CBD 100g<\/b><\/h1>\n<p><span style=\"font-weight: 400;\">Nadchodzi nasze <strong>wersja maxi<\/strong> dla zainteresowanych zakupem kwiat\u00f3w CBD w <strong>format ekonomiczny i du\u017ca ilo\u015b\u0107<\/strong>. Nasi<strong> ma\u0142e p\u0105ki CBD 100g maj\u0105 15% CBD<\/strong> i s\u0105 jedn\u0105 z najlepszych opcji na rynku. Ten format <strong>Pop Corn CBD<\/strong>, znany r\u00f3wnie\u017c jako <strong>Mini p\u0105ki CBD<\/strong>, oferuje idealn\u0105 r\u00f3wnowag\u0119 mi\u0119dzy cen\u0105, jako\u015bci\u0105 i wygod\u0105. Szczeg\u00f3lnie dla os\u00f3b cz\u0119sto korzystaj\u0105cych z CBD. <\/span><\/p>\n<p><span style=\"font-weight: 400;\">Ten worek z <strong>100g kwiat\u00f3w CBD<\/strong> b\u0119dziesz m\u00f3g\u0142 si\u0119 ni\u0105 cieszy\u0107 przez <strong>tylko 90 euro<\/strong>. Jest dost\u0119pny w ekonomicznym opakowaniu przeznaczonym dla os\u00f3b szukaj\u0105cych<strong> jako\u015b\u0107, ilo\u015b\u0107 i dobra cena<\/strong>. Dodatkowo zawiera<strong> torba wielokrotnego u\u017cytku<\/strong> z ekskluzywnym designem, w kt\u00f3rym wyst\u0119puje nasz <em><strong>Najbardziej \u0142obuzerski dinozaur<\/strong><\/em>. Utrzymuje to \u015bwie\u017co\u015b\u0107 produktu, a tak\u017ce pozwala wykorzysta\u0107 go do innych cel\u00f3w. <\/span><\/p>\n<p><span style=\"font-weight: 400;\">Doskona\u0142a, praktyczna i ekonomiczna opcja dla <strong>kupi\u0107 kwiaty CBD online<\/strong> z najlepszym stosunkiem jako\u015bci do ceny.\u00a0\u00a0<\/span><\/p>\n<p>&nbsp;<\/p>\n<h2>Co to jest ma\u0142y top CBD 100g?<\/h2>\n<p><span style=\"font-weight: 400;\">The<strong> Ma\u0142e topki CBD 100g to kwiaty o zredukowanym rozmiarze<\/strong>. Przy <strong>Iguana Smoke<\/strong> nazywamy je <strong>Pop Corn CBD lub Mini Buds CBD<\/strong>. Maj\u0105 tak\u0105 sam\u0105 moc aromatyczn\u0105 i jako\u015b\u0107 jak topy premium. Jednak wyst\u0119puj\u0105 w <strong>kompaktowy rozmiar<\/strong> co umo\u017cliwia oferowanie <strong>Wi\u0119ksza ilo\u015b\u0107 w lepszej cenie<\/strong>. W ten spos\u00f3b nie rezygnuje si\u0119 ze smaku ani profilu kannabinoid\u00f3w.<\/span><\/p>\n<p>&nbsp;<\/p>\n<h2><b>Cechy ma\u0142ych topk\u00f3w CBD 100g:\u00a0<\/b><\/h2>\n<p><span style=\"font-weight: 400;\">Nasz<strong> Pop Corn<\/strong> <strong>CBD<\/strong> wyr\u00f3\u017cniaj\u0105 si\u0119 g\u0119st\u0105 i dobrze upakowan\u0105 struktur\u0105. S\u0105 <strong>g\u0119ste i zwarte p\u0105ki<\/strong>, z odcieniami od intensywnej zieleni po subtelne fiolety. Dodatkowo, w ka\u017cdej torebce znajdziesz <strong>ma\u0142e topki CBD 100g<\/strong>. S\u0105 one wybierane spo\u015br\u00f3d jednorodnej selekcji ma\u0142ych kwiat\u00f3w. Wszystkie s\u0105 starannie konserwowane, aby zapewni\u0107 intensywny zapach i <strong>niesamowite do\u015bwiadczenie<\/strong>.<\/span><\/p>\n<p>&nbsp;<\/p>\n<h2><b>Aromat i profil terpenowy<\/b><\/h2>\n<p><span style=\"font-weight: 400;\">The <strong>Mini p\u0105ki CBD Iguana Smoke<\/strong> oferuj\u0105 z\u0142o\u017cony i g\u0142\u0119boko atrakcyjny profil zapachowy. Znajdziesz tu zr\u00f3wnowa\u017con\u0105 mieszank\u0119:<\/span><\/p>\n<ul>\n<li><em><span style=\"font-weight: 400;\">s\u0142odkie nuty\u00a0<\/span><\/em><\/li>\n<li><em><span style=\"font-weight: 400;\">charakterystyczny dotyk oleju nap\u0119dowego<\/span><\/em><\/li>\n<li><em><span style=\"font-weight: 400;\">cytrusowe niuanse<\/span><\/em><\/li>\n<li><em><span style=\"font-weight: 400;\">mi\u0119kkie, ziemiste t\u0142o<\/span><\/em><\/li>\n<\/ul>\n<p>G\u0142\u0119boki i otulaj\u0105cy aromat idealny dla os\u00f3b poszukuj\u0105cych kwiat\u00f3w z osobowo\u015bci\u0105.<\/p>\n<p>&nbsp;<\/p>\n<h2><b>Og\u00f3lna ocena Pop Corn CBD<\/b><\/h2>\n<p><span style=\"font-weight: 400;\">The<strong> ma\u0142e topki CBD 100g <\/strong>z <strong>Iguana Smoke<\/strong>, Reprezentuj\u0105 one to, co najlepsze w \u015bwiecie CBD. S\u0105 doskona\u0142\u0105 alternatyw\u0105 dla tych, kt\u00f3rzy chc\u0105 <strong>kupi\u0107 kwiaty CBD online<\/strong> o doskona\u0142ym stosunku jako\u015bci do ceny. S\u0105 to kwiaty<strong> legalne, bezpieczne i pe\u0142ne terpen\u00f3w<\/strong>, Nowe produkty s\u0105 idealne zar\u00f3wno do okazjonalnego u\u017cytku, jak i dla regularnych konsument\u00f3w.\u00a0<\/span><\/p>\n<p>&nbsp;<\/p>\n<h2><b>Kupi\u0107 kwiaty CBD i ma\u0142e p\u0105ki CBD 100g w Iguana Smoke<\/b><\/h2>\n<p><span style=\"font-weight: 400;\">Pracujemy z rolnikami, kt\u00f3rzy w spos\u00f3b ekologiczny uprawiaj\u0105 konopie. Nie u\u017cywaj\u0105 <strong>ani pestycyd\u00f3w, ani organizm\u00f3w zmodyfikowanych genetycznie<\/strong>. Wszystkie nasze kwiaty pochodz\u0105 z odmian <strong><em>Cannabis Sativa<\/em><\/strong> zatwierdzone przez UE. Zawieraj\u0105 <strong>mniej ni\u017c 0,3% THC<\/strong>. Dlatego s\u0105 ca\u0142kowicie <strong>legalny<\/strong> i nie wywo\u0142uj\u0105 efekt\u00f3w psychoaktywnych. <\/span><\/p>\n<p><span style=\"font-weight: 400;\"> Wykorzystanie <strong>metody rolnictwa ekologicznego<\/strong> promuje zr\u00f3wnowa\u017cony rozw\u00f3j i odpowiedzialno\u015b\u0107 za \u015brodowisko. To sprawia, \u017ce produkt jest atrakcyjny dla \u015bwiadomych ekologicznie konsument\u00f3w. Ponadto, je\u015bli chcesz, mo\u017cesz sprawdzi\u0107<strong> <a href=\"https:\/\/iguanasmoke.com\/pl\/analityka\/\">analiza laboratoryjna.<\/a>\u00a0<\/strong><\/span><\/p>\n<p><span style=\"font-weight: 400;\">Je\u015bli lubisz ten kwiat, zach\u0119camy do odkrycia innych kwiat\u00f3w CBD. Na przyk\u0142ad, <span style=\"text-decoration: underline;\"><strong><a href=\"https:\/\/iguanasmoke.com\/pl\/product-2\/comprar-flores-cbd-super-skunk\/\">Kwiat Super Skunk CBD<\/a><\/strong>,<\/span> w<span style=\"text-decoration: underline;\"> <a href=\"https:\/\/iguanasmoke.com\/pl\/product-2\/kwiat-cbd-white-widow-indoor\/\"><strong>Kwiat White Widow CBD Indoor<\/strong><\/a><\/span> lub <a href=\"https:\/\/iguanasmoke.com\/pl\/product-2\/comprar-flor-sour-diesel-cbd-online-marihuana-legal\/\"><strong><span style=\"text-decoration: underline;\">Flower Sour Diesel CBD<\/span><\/strong><\/a>. I s<\/span><span style=\"font-weight: 400;\">i chcesz pozna\u0107 inne produkty, przejrzyj nasze <a href=\"https:\/\/iguanasmoke.com\/pl\/kategoria\/hash-cbd\/\"><span style=\"text-decoration: underline;\"><strong>Haszysz CBD<\/strong><\/span><\/a> o<a href=\"https:\/\/iguanasmoke.com\/pl\/kategoria\/cbd\/gotowy-do-pracy\/\"><span style=\"text-decoration: underline;\"><strong> Gotowe do przygody<\/strong>.<\/span><\/a> <\/span><span style=\"font-weight: 400;\">Zapoznaj si\u0119 z nasz\u0105 ofert\u0105 i znajd\u017a swoje ulubione produkty ju\u017c teraz.<\/span><span style=\"font-weight: 400;\">\u00a0<\/span><\/p>\n<p>Szybka dostawa, dok\u0142adna uwaga i sklep z dyskretnym i bezpiecznym opakowaniem, kt\u00f3ry idzie naprz\u00f3d, tylko po to, aby\u015b m\u00f3g\u0142 si\u0119 cieszy\u0107!<\/p>\n<h2><span style=\"color: #ffffff;\">kupi\u0107 flore<\/span><\/h2>\n<h3><b>Iguana Smoke to zaufany internetowy sklep CBD<\/b><\/h3>\n<p><span style=\"font-weight: 400;\">Przy<strong> Iguana Smoke<\/strong>, wierzymy, \u017ce korzystanie z CBD powinno by\u0107 bezpiecznym i przyjemnym do\u015bwiadczeniem. Dlatego mamy produkty takie jak <strong>ma\u0142e topki CBD 100g<\/strong>, wysokiej jako\u015bci, trafiaj\u0105ce do nowych pokole\u0144: os\u00f3b, kt\u00f3re szukaj\u0105 dobrostanu bez komplikacji. Oferujemy autentyczne i godne zaufania marki.\u00a0<\/span><\/p>\n<p>Nasza misja jest jasna: dostarcza\u0107 najlepsze kannabinoidy w uczciwej cenie. Ponadto dajemy ci spok\u00f3j ducha, wiedz\u0105c, \u017ce wybierasz certyfikowany, skuteczny i legalny produkt 100%. Tw\u00f3j czas relaksu zaczyna si\u0119 z nami.<\/p>\n<p>Nadal masz w\u0105tpliwo\u015bci? Napisz do nas, a z przyjemno\u015bci\u0105 pomo\u017cemy Ci znale\u017a\u0107 odpowiedni produkt.<\/p>\n<p>&nbsp;<\/p>\n<p><em><span style=\"font-weight: 400;\">*Uwaga: zgodnie z hiszpa\u0144skim prawem jest on przeznaczony do zbierania lub aromaterapii. <\/span><\/em><\/p>\n<p><em><span style=\"font-weight: 400;\">**Wszystkie nasze produkty pochodz\u0105 z certyfikowanych konopi przemys\u0142owych. Zawieraj\u0105 mniej ni\u017c 0,3 THC i nie zawieraj\u0105 nielegalnych kannabinoid\u00f3w, takich jak HHC, HHC-P, THCP, THCP-O, H4CBD i tych zawartych w za\u0142\u0105czniku I do dekretu kr\u00f3lewskiego 2829\/1977, ani substancji kontrolowanych przez konwencje mi\u0119dzynarodowe.\u00a0\u00a0<\/span><\/em><\/p>","protected":false},"excerpt":{"rendered":"<p><span style=\"font-weight: 400;\">Starannie dobrane, aby zaspokoi\u0107 aromatyczne potrzeby konsument\u00f3w Flores CBD.<\/span><\/p>\n<ul>\n<li>CBD: 15% \/ THC: &lt; 0,3%<\/li>\n<li>Ma\u0142e p\u0105ki (Mini Buds)<\/li>\n<li>Dominuj\u0105ca Sativa<\/li>\n<li>100g w ekskluzywnej torbie wielokrotnego u\u017cytku<\/li>\n<li>Silny aromat oleju nap\u0119dowego ze s\u0142odkimi nutami<\/li>\n<li>100% legalny w Europie<\/li>\n<li>Analiza jako\u015bci <a style=\"font-size: 16px; background-color: #ffffff;\" href=\"https:\/\/iguanasmoke.com\/wp-content\/uploads\/2018\/02\/Flor-Sour-Tsunami.pdf\" target=\"_blank\" rel=\"noopener\">tutaj<\/a><\/li>\n<\/ul>","protected":false},"featured_media":59494,"comment_status":"open","ping_status":"closed","template":"","meta":{"_acf_changed":false,"site-sidebar-layout":"default","site-content-layout":"","ast-site-content-layout":"default","site-content-style":"default","site-sidebar-style":"default","ast-global-header-display":"","ast-banner-title-visibility":"","ast-main-header-display":"","ast-hfb-above-header-display":"","ast-hfb-below-header-display":"","ast-hfb-mobile-header-display":"","site-post-title":"","ast-breadcrumbs-content":"","ast-featured-img":"","footer-sml-layout":"","theme-transparent-header-meta":"default","adv-header-id-meta":"","stick-header-meta":"","header-above-stick-meta":"","header-main-stick-meta":"","header-below-stick-meta":"","astra-migrate-meta-layouts":"set","ast-page-background-enabled":"default","ast-page-background-meta":{"desktop":{"background-color":"var(--ast-global-color-4)","background-image":"","background-repeat":"repeat","background-position":"center center","background-size":"auto","background-attachment":"scroll","background-type":"","background-media":"","overlay-type":"","overlay-color":"","overlay-opacity":"","overlay-gradient":""},"tablet":{"background-color":"","background-image":"","background-repeat":"repeat","background-position":"center center","background-size":"auto","background-attachment":"scroll","background-type":"","background-media":"","overlay-type":"","overlay-color":"","overlay-opacity":"","overlay-gradient":""},"mobile":{"background-color":"","background-image":"","background-repeat":"repeat","background-position":"center center","background-size":"auto","background-attachment":"scroll","background-type":"","background-media":"","overlay-type":"","overlay-color":"","overlay-opacity":"","overlay-gradient":""}},"ast-content-background-meta":{"desktop":{"background-color":"var(--ast-global-color-5)","background-image":"","background-repeat":"repeat","background-position":"center center","background-size":"auto","background-attachment":"scroll","background-type":"","background-media":"","overlay-type":"","overlay-color":"","overlay-opacity":"","overlay-gradient":""},"tablet":{"background-color":"var(--ast-global-color-5)","background-image":"","background-repeat":"repeat","background-position":"center center","background-size":"auto","background-attachment":"scroll","background-type":"","background-media":"","overlay-type":"","overlay-color":"","overlay-opacity":"","overlay-gradient":""},"mobile":{"background-color":"var(--ast-global-color-5)","background-image":"","background-repeat":"repeat","background-position":"center center","background-size":"auto","background-attachment":"scroll","background-type":"","background-media":"","overlay-type":"","overlay-color":"","overlay-opacity":"","overlay-gradient":""}}},"product_brand":[],"product_cat":[328,447],"product_tag":[],"class_list":{"0":"post-59545","1":"product","2":"type-product","3":"status-publish","4":"has-post-thumbnail","6":"product_cat-comprar-flores-de-cbd-y-cogollos-de-cbd","7":"product_cat-pop-corn-cbd-cogollos-pequenos-cbd-mini-buds-cbd","8":"desktop-align-center","9":"tablet-align-center","10":"mobile-align-center","12":"first","13":"instock","14":"sold-individually","15":"taxable","16":"shipping-taxable","17":"purchasable","18":"product-type-simple"},"acf":[],"yoast_head":"<!-- This site is optimized with the Yoast SEO Premium plugin v27.3 (Yoast SEO v27.3) - https:\/\/yoast.com\/product\/yoast-seo-premium-wordpress\/ -->\n<title>Cogollos peque\u00f1os CBD 100g - Pop Corn CBD (Mini buds CBD) | Iguana Smoke<\/title>\n<meta name=\"description\" content=\"Aprovecha el formato econ\u00f3mico de nuestros Cogollos peque\u00f1os CBD 100g, con un 15% de CBD. Perfectos para quienes buscan el mejor precio en su Pop Corn CBD.\" \/>\n<meta name=\"robots\" content=\"index, follow, max-snippet:-1, max-image-preview:large, max-video-preview:-1\" \/>\n<link rel=\"canonical\" href=\"https:\/\/iguanasmoke.com\/pl\/product-2\/kupic-kwiat-cbd-popcorn-sour-tsunami-100gr-male-paki-cbd\/\" \/>\n<meta property=\"og:locale\" content=\"pl_PL\" \/>\n<meta property=\"og:type\" content=\"article\" \/>\n<meta property=\"og:title\" content=\"Pop Corn - Cogollos peque\u00f1os CBD 100g\" \/>\n<meta property=\"og:description\" content=\"Seleccionados cuidadosamente para satisfacer las necesidades arom\u00e1ticas de los consumidores de Flores CBD.   CBD: 15% \/ THC: &lt; 0,3%  Cogollos peque\u00f1os (Mini Buds)  Dominante Sativa  100g en bolsa exclusiva reutilizable  Aroma fuerte a combustible diesel, con tonos dulces  100% legal en Europa  An\u00e1lisis de calidad aqu\u00ed\" \/>\n<meta property=\"og:url\" content=\"https:\/\/iguanasmoke.com\/pl\/product-2\/kupic-kwiat-cbd-popcorn-sour-tsunami-100gr-male-paki-cbd\/\" \/>\n<meta property=\"og:site_name\" content=\"Iguana Smoke\" \/>\n<meta property=\"article:publisher\" content=\"https:\/\/www.facebook.com\/iguanasmoke\" \/>\n<meta property=\"article:modified_time\" content=\"2026-02-06T19:12:57+00:00\" \/>\n<meta property=\"og:image\" content=\"https:\/\/iguanasmoke.com\/wp-content\/uploads\/2025\/06\/pop-100g.webp\" \/>\n\t<meta property=\"og:image:width\" content=\"1000\" \/>\n\t<meta property=\"og:image:height\" content=\"1000\" \/>\n\t<meta property=\"og:image:type\" content=\"image\/webp\" \/>\n<meta name=\"twitter:card\" content=\"summary_large_image\" \/>\n<meta name=\"twitter:label1\" content=\"Cena\" \/>\n\t<meta name=\"twitter:data1\" content=\"90,00&nbsp;&euro;\" \/>\n\t<meta name=\"twitter:label2\" content=\"Dost\u0119pno\u015b\u0107\" \/>\n\t<meta name=\"twitter:data2\" content=\"Dost\u0119pny\" \/>\n<meta property=\"product:brand\" content=\"simple\" \/>\n<meta property=\"product:price:amount\" content=\"90.00\" \/>\n<meta property=\"product:price:currency\" content=\"EUR\" \/>\n<meta property=\"og:availability\" content=\"instock\" \/>\n<meta property=\"product:availability\" content=\"instock\" \/>\n<meta property=\"product:retailer_item_id\" content=\"IS-POP-SOURT-100G\" \/>\n<meta property=\"product:condition\" content=\"new\" \/>\n<!-- \/ Yoast SEO Premium plugin. -->","yoast_head_json":{"title":"Ma\u0142e kwiaty CBD 100g - Pop Corn CBD (Mini p\u0105ki CBD) | Iguana Smoke","description":"Skorzystaj z ekonomicznego formatu naszych Ma\u0142ych P\u0105k\u00f3w CBD 100g, z 15%% CBD. Idealne dla tych, kt\u00f3rzy szukaj\u0105 najlepszej ceny za swoje Pop Corn CBD.","robots":{"index":"index","follow":"follow","max-snippet":"max-snippet:-1","max-image-preview":"max-image-preview:large","max-video-preview":"max-video-preview:-1"},"canonical":"https:\/\/iguanasmoke.com\/pl\/product-2\/kupic-kwiat-cbd-popcorn-sour-tsunami-100gr-male-paki-cbd\/","og_locale":"pl_PL","og_type":"article","og_title":"Pop Corn - Cogollos peque\u00f1os CBD 100g","og_description":"Seleccionados cuidadosamente para satisfacer las necesidades arom\u00e1ticas de los consumidores de Flores CBD.   CBD: 15% \/ THC: &lt; 0,3%  Cogollos peque\u00f1os (Mini Buds)  Dominante Sativa  100g en bolsa exclusiva reutilizable  Aroma fuerte a combustible diesel, con tonos dulces  100% legal en Europa  An\u00e1lisis de calidad aqu\u00ed","og_url":"https:\/\/iguanasmoke.com\/pl\/product-2\/kupic-kwiat-cbd-popcorn-sour-tsunami-100gr-male-paki-cbd\/","og_site_name":"Iguana Smoke","article_publisher":"https:\/\/www.facebook.com\/iguanasmoke","article_modified_time":"2026-02-06T19:12:57+00:00","og_image":[{"width":1000,"height":1000,"url":"https:\/\/iguanasmoke.com\/wp-content\/uploads\/2025\/06\/pop-100g.webp","type":"image\/webp"}],"twitter_card":"summary_large_image","twitter_misc":{"Cena":"90,00&nbsp;&euro;","Dost\u0119pno\u015b\u0107":"Dost\u0119pny"},"schema":{"@context":"https:\/\/schema.org","@graph":[{"@type":"WebPage","@id":"https:\/\/iguanasmoke.com\/producto\/comprar-flor-cbd-pop-corn-sour-tsunami-100gr-cogollos-pequenos-cbd\/","url":"https:\/\/iguanasmoke.com\/producto\/comprar-flor-cbd-pop-corn-sour-tsunami-100gr-cogollos-pequenos-cbd\/","name":"Ma\u0142e kwiaty CBD 100g - Pop Corn CBD (Mini p\u0105ki CBD) | Iguana Smoke","isPartOf":{"@id":"https:\/\/iguanasmoke.com\/#website"},"primaryImageOfPage":{"@id":"https:\/\/iguanasmoke.com\/producto\/comprar-flor-cbd-pop-corn-sour-tsunami-100gr-cogollos-pequenos-cbd\/#primaryimage"},"image":{"@id":"https:\/\/iguanasmoke.com\/producto\/comprar-flor-cbd-pop-corn-sour-tsunami-100gr-cogollos-pequenos-cbd\/#primaryimage"},"thumbnailUrl":"https:\/\/iguanasmoke.com\/wp-content\/uploads\/2025\/06\/pop-100g.webp","datePublished":"2025-06-25T13:18:11+00:00","dateModified":"2026-02-06T19:12:57+00:00","description":"Skorzystaj z ekonomicznego formatu naszych Ma\u0142ych P\u0105k\u00f3w CBD 100g, z 15%% CBD. Idealne dla tych, kt\u00f3rzy szukaj\u0105 najlepszej ceny za swoje Pop Corn CBD.","breadcrumb":{"@id":"https:\/\/iguanasmoke.com\/producto\/comprar-flor-cbd-pop-corn-sour-tsunami-100gr-cogollos-pequenos-cbd\/#breadcrumb"},"inLanguage":"pl-PL","potentialAction":[{"@type":"ReadAction","target":["https:\/\/iguanasmoke.com\/producto\/comprar-flor-cbd-pop-corn-sour-tsunami-100gr-cogollos-pequenos-cbd\/"]}]},{"@type":"ImageObject","inLanguage":"pl-PL","@id":"https:\/\/iguanasmoke.com\/producto\/comprar-flor-cbd-pop-corn-sour-tsunami-100gr-cogollos-pequenos-cbd\/#primaryimage","url":"https:\/\/iguanasmoke.com\/wp-content\/uploads\/2025\/06\/pop-100g.webp","contentUrl":"https:\/\/iguanasmoke.com\/wp-content\/uploads\/2025\/06\/pop-100g.webp","width":1000,"height":1000,"caption":"Bolsa pop Corn CBD 100g para cogollos peque\u00f1os CBD o mini buds cbd. Maria legal"},{"@type":"BreadcrumbList","@id":"https:\/\/iguanasmoke.com\/producto\/comprar-flor-cbd-pop-corn-sour-tsunami-100gr-cogollos-pequenos-cbd\/#breadcrumb","itemListElement":[{"@type":"ListItem","position":1,"name":"home","item":"https:\/\/iguanasmoke.com\/"},{"@type":"ListItem","position":2,"name":"Tienda","item":"https:\/\/iguanasmoke.com\/tienda\/"},{"@type":"ListItem","position":3,"name":"Pop Corn - Cogollos peque\u00f1os CBD","item":"https:\/\/iguanasmoke.com\/categoria\/pop-corn-cbd-cogollos-pequenos-cbd-mini-buds-cbd\/"},{"@type":"ListItem","position":4,"name":"Pop Corn &#8211; Cogollos peque\u00f1os CBD 100g"}]},{"@type":"WebSite","@id":"https:\/\/iguanasmoke.com\/#website","url":"https:\/\/iguanasmoke.com\/","name":"Iguana Smoke","description":"Kup CBD online w najlepszej cenie","publisher":{"@id":"https:\/\/iguanasmoke.com\/#organization"},"potentialAction":[{"@type":"SearchAction","target":{"@type":"EntryPoint","urlTemplate":"https:\/\/iguanasmoke.com\/?s={search_term_string}"},"query-input":{"@type":"PropertyValueSpecification","valueRequired":true,"valueName":"search_term_string"}}],"inLanguage":"pl-PL"},{"@type":"Organization","@id":"https:\/\/iguanasmoke.com\/#organization","name":"Iguana Smoke","url":"https:\/\/iguanasmoke.com\/","logo":{"@type":"ImageObject","inLanguage":"pl-PL","@id":"https:\/\/iguanasmoke.com\/#\/schema\/logo\/image\/","url":"https:\/\/iguanasmoke.com\/wp-content\/uploads\/2025\/01\/logoiguana-favi-1.png","contentUrl":"https:\/\/iguanasmoke.com\/wp-content\/uploads\/2025\/01\/logoiguana-favi-1.png","width":512,"height":512,"caption":"Iguana Smoke"},"image":{"@id":"https:\/\/iguanasmoke.com\/#\/schema\/logo\/image\/"},"sameAs":["https:\/\/www.facebook.com\/iguanasmoke","https:\/\/www.instagram.com\/iguanasmoke\/"]}]},"product_brand":"simple","product_price_amount":"90.00","product_price_currency":"EUR","og_availability":"instock","product_availability":"instock","product_retailer_item_id":"IS-POP-SOURT-100G","product_condition":"new"},"_links":{"self":[{"href":"https:\/\/iguanasmoke.com\/pl\/wp-json\/wp\/v2\/product\/59545","targetHints":{"allow":["GET"]}}],"collection":[{"href":"https:\/\/iguanasmoke.com\/pl\/wp-json\/wp\/v2\/product"}],"about":[{"href":"https:\/\/iguanasmoke.com\/pl\/wp-json\/wp\/v2\/types\/product"}],"replies":[{"embeddable":true,"href":"https:\/\/iguanasmoke.com\/pl\/wp-json\/wp\/v2\/comments?post=59545"}],"wp:featuredmedia":[{"embeddable":true,"href":"https:\/\/iguanasmoke.com\/pl\/wp-json\/wp\/v2\/media\/59494"}],"wp:attachment":[{"href":"https:\/\/iguanasmoke.com\/pl\/wp-json\/wp\/v2\/media?parent=59545"}],"wp:term":[{"taxonomy":"product_brand","embeddable":true,"href":"https:\/\/iguanasmoke.com\/pl\/wp-json\/wp\/v2\/product_brand?post=59545"},{"taxonomy":"product_cat","embeddable":true,"href":"https:\/\/iguanasmoke.com\/pl\/wp-json\/wp\/v2\/product_cat?post=59545"},{"taxonomy":"product_tag","embeddable":true,"href":"https:\/\/iguanasmoke.com\/pl\/wp-json\/wp\/v2\/product_tag?post=59545"}],"curies":[{"name":"wp","href":"https:\/\/api.w.org\/{rel}","templated":true}]}}