{"id":60158,"date":"2025-07-08T20:21:50","date_gmt":"2025-07-08T18:21:50","guid":{"rendered":"https:\/\/iguanasmoke.com\/?post_type=product&#038;p=60158"},"modified":"2026-04-21T02:42:41","modified_gmt":"2026-04-21T00:42:41","slug":"trufle-valhalla","status":"publish","type":"product","link":"https:\/\/iguanasmoke.com\/pl\/producto\/trufas-valhalla\/","title":{"rendered":"Valhalla Magic Truffles 15g"},"content":{"rendered":"<h1><span style=\"font-weight: 400\">Magiczne trufle Valhalla - sklerocja o wysokiej mocy i psychodeliczna m\u0105dro\u015b\u0107\u00a0<\/span><\/h1>\n<p data-start=\"304\" data-end=\"642\"><span style=\"font-weight: 400\">The <strong>Magiczne trufle Valhalla<\/strong> reprezentuj\u0105 najwy\u017cszy punkt intensywno\u015bci w naszej kolekcji bada\u0144 mikologicznych. Ponadto, sklerocja te s\u0105 godne uwagi ze wzgl\u0119du na ich <strong>z\u0142o\u017cona morfologia<\/strong>, jego <strong>czysto\u015b\u0107 mikologiczna<\/strong> i bogactwo strukturalne, kt\u00f3re wykazuj\u0105 podczas analizy wizualnej i mikroskopii. W rezultacie sta\u0142y si\u0119 one jedn\u0105 z preferowanych odmian dla tych, kt\u00f3rzy szukaj\u0105 wizualnie silnych okaz\u00f3w do swoich projekt\u00f3w badawczych.<\/span><\/p>\n<p data-start=\"304\" data-end=\"642\"><span style=\"font-weight: 400\">Podobnie, dla tych, kt\u00f3rzy badaj\u0105 ich efekty i w\u0142a\u015bciwo\u015bci z perspektywy naukowej, trufle mykologiczne Valhalla mog\u0105 by\u0107 postrzegane jako brama do wiedzy psychodelicznej, cho\u0107 zawsze w kontek\u015bcie obserwacji i analizy strukturalnej.<\/span><\/p>\n<p style=\"text-align: center;padding-left: 40px\" data-start=\"304\" data-end=\"642\"><em><span style=\"font-weight: 400\">\u26a0\ufe0fRecuerda: U\u017cycie jest ograniczone wy\u0142\u0105cznie do cel\u00f3w mykologicznych, edukacyjnych, dekoracyjnych lub kolekcjonerskich. Ten produkt nie jest przeznaczony do spo\u017cycia przez ludzi.<\/span><\/em><\/p>\n<h2 data-start=\"805\" data-end=\"862\">Dlaczego warto kupowa\u0107 Valhalla Magic Truffles do cel\u00f3w mikologicznych?<\/h2>\n<p data-start=\"864\" data-end=\"953\"><span style=\"font-weight: 400\">The <strong>Magiczne trufle Valhalla<\/strong> s\u0105 szczeg\u00f3lnie cenione przez badaczy, student\u00f3w i kolekcjoner\u00f3w, poniewa\u017c oferuj\u0105: <\/span><\/p>\n<ul>\n<li data-start=\"864\" data-end=\"953\"><span style=\"font-weight: 400\"><strong>Naturalne pochodzenie i wysoka czysto\u015b\u0107<\/strong>Zgnilizna twardzikowa: zgnilizna twardzikowa wyselekcjonowana i wyhodowana w kontrolowanych warunkach, co zapewnia stabilno\u015b\u0107 w badaniach por\u00f3wnawczych. <\/span><\/li>\n<li data-start=\"864\" data-end=\"953\"><span style=\"font-weight: 400\"><strong>Najwy\u017csza intensywno\u015b\u0107 wizualna:<\/strong> wzory grzybni, kt\u00f3re wyr\u00f3\u017cniaj\u0105 si\u0119 w obserwacjach laboratoryjnych.\u00a0<\/span><\/li>\n<li data-start=\"864\" data-end=\"953\"><span style=\"font-weight: 400\"><strong>Unikalna morfologia:<\/strong> Doskona\u0142y do bada\u0144 mikroskopowych, prezentacji botanicznych i projekt\u00f3w edukacyjnych.\u00a0<\/span><\/li>\n<li data-start=\"864\" data-end=\"953\"><span style=\"font-weight: 400\"><strong>\u015awie\u017co\u015b\u0107 i identyfikowalno\u015b\u0107:<\/strong> Ka\u017cda partia przechodzi rygorystyczne kontrole jako\u015bci, aby zapewni\u0107 jej przydatno\u015b\u0107 do cel\u00f3w akademickich i dekoracyjnych.\u00a0<\/span><\/li>\n<\/ul>\n<h2>Charakterystyka trufli Valhalla Magic Truffles<\/h2>\n<p data-start=\"1335\" data-end=\"1359\"><strong>Niezr\u00f3wnana moc wizualna<\/strong><\/p>\n<p data-start=\"1361\" data-end=\"1553\"><span style=\"font-weight: 400\">Szczep Valhalla jest uwa\u017cany za najbardziej intensywny w dekoracyjnych kolekcjach mikologicznych. Z jednej strony sklerocja wykazuj\u0105 <strong>G\u0119ste struktury i wzory wizualne<\/strong> z\u0142o\u017cone. Z drugiej strony przedstawiaj\u0105 one<strong>\u00a0wyj\u0105tkowy rozw\u00f3j grzybni. <\/strong>Badaj\u0105c te cechy, staje si\u0119 jasne, \u017ce trufle te maj\u0105 wyj\u0105tkow\u0105 magi\u0119 wizualn\u0105.<\/span><\/p>\n<p data-start=\"1555\" data-end=\"1590\"><strong>Inspiracja mitologiczna i estetyczna<\/strong><\/p>\n<p data-start=\"1592\" data-end=\"1779\"><span style=\"font-weight: 400\">Jego nazwa odnosi si\u0119 do mitycznego <strong>kr\u00f3lestwo nordyckich bog\u00f3w: Valhalla<\/strong>, symbolizuj\u0105cy<strong> si\u0142a, g\u0142\u0119bia i tajemnica<\/strong>. Z tego powodu staj\u0105 si\u0119 przyci\u0105gaj\u0105cymi wzrok eksponatami do muze\u00f3w, sal lekcyjnych, gablot lub prywatnych kolekcji. Kr\u00f3tko m\u00f3wi\u0105c, te mykologiczne trufle Valhalla wyr\u00f3\u017cniaj\u0105 si\u0119 w ka\u017cdej kolekcji, oddaj\u0105c ho\u0142d mitycznej Valhalli.<\/span><\/p>\n<h2 data-start=\"1786\" data-end=\"1833\">Konserwacja i obs\u0142uga na potrzeby bada\u0144<\/h2>\n<ul>\n<li><span style=\"font-weight: 400\"><strong>Przechowywanie<\/strong>Przechowywa\u0107 w temperaturze 2\u00baC-4\u00baC w celu zachowania integralno\u015bci.<\/span><\/li>\n<li><span style=\"font-weight: 400\"><strong>Manipulacja<\/strong>Zaleca si\u0119 u\u017cywanie sterylnych r\u0119kawiczek i sterylnych przybor\u00f3w w laboratoriach.<\/span><\/li>\n<li><span style=\"font-weight: 400\"><strong>Dekoracja\/kolekcja<\/strong>Idealny do wystaw botanicznych i prezentacji edukacyjnych.<\/span><\/li>\n<\/ul>\n<h2 data-start=\"2130\" data-end=\"2181\">Bezpieczne i zgodne z prawem zakupy<\/h2>\n<p data-start=\"2183\" data-end=\"2374\"><span style=\"font-weight: 400\">W naszym sklepie internetowym mo\u017cna kupi\u0107<strong> trufle mykologiczne Valhalla<\/strong> z ca\u0142kowitym spokojem:<\/span><\/p>\n<ul>\n<li data-start=\"2183\" data-end=\"2374\"><span style=\"font-weight: 400\">S\u0105 one zgodne z przepisami prawnymi obowi\u0105zuj\u0105cymi w Hiszpanii dla produkt\u00f3w wykonanych z<strong> u\u017cytek niekonsumpcyjny<\/strong>. <\/span><\/li>\n<li data-start=\"2183\" data-end=\"2374\"><span style=\"font-weight: 400\">Zawieraj\u0105 one wyra\u017ane ostrze\u017cenia dotycz\u0105ce ich przeznaczenia.<\/span><\/li>\n<li data-start=\"2183\" data-end=\"2374\"><span style=\"font-weight: 400\">Dyskretna wysy\u0142ka i bezpieczne opakowanie. <\/span><\/li>\n<\/ul>\n<p>&nbsp;<\/p>\n<p style=\"text-align: center;padding-left: 40px\"><span style=\"font-weight: 400\"><em>\u00a0\u26a0\ufe0fNo nie zach\u0119camy ani nie zalecamy ich spo\u017cywania. S\u0105 one przeznaczone wy\u0142\u0105cznie do bada\u0144 mykologicznych, cel\u00f3w dekoracyjnych lub kolekcjonerskich.<\/em>. Je\u015bli masz jakiekolwiek w\u0105tpliwo\u015bci dotycz\u0105ce regulaminu, mo\u017cesz skonsultowa\u0107 si\u0119 z nami przed z\u0142o\u017ceniem zam\u00f3wienia. Przestrzegaj\u0105c tego, szanujemy magi\u0119 Valhalli.<\/span><\/p>","protected":false},"excerpt":{"rendered":"<p><span style=\"font-weight: 400\">The <strong>Mykologiczne trufle z Valhalli<\/strong> s\u0105 <strong>\u015bwie\u017ce sklerocja o wysokiej intensywno\u015bci wizualnej<\/strong>, Idealny do bada\u0144 mykologicznych, mikroskopii i zbierania. Uprawiane w kontrolowanych warunkach.<\/span><\/p>\n<p><span style=\"font-weight: 400\"><strong>Nie do spo\u017cycia przez ludzi<\/strong>. <strong>W razie w\u0105tpliwo\u015bci prosimy o kontakt lub zapoznanie si\u0119 z regulaminem.<\/strong>.<\/span><\/p>","protected":false},"featured_media":60505,"comment_status":"open","ping_status":"closed","template":"","meta":{"_acf_changed":false,"site-sidebar-layout":"default","site-content-layout":"","ast-site-content-layout":"default","site-content-style":"default","site-sidebar-style":"default","ast-global-header-display":"","ast-banner-title-visibility":"","ast-main-header-display":"","ast-hfb-above-header-display":"","ast-hfb-below-header-display":"","ast-hfb-mobile-header-display":"","site-post-title":"","ast-breadcrumbs-content":"","ast-featured-img":"","footer-sml-layout":"","theme-transparent-header-meta":"default","adv-header-id-meta":"","stick-header-meta":"","header-above-stick-meta":"","header-main-stick-meta":"","header-below-stick-meta":"","astra-migrate-meta-layouts":"set","ast-page-background-enabled":"default","ast-page-background-meta":{"desktop":{"background-color":"var(--ast-global-color-4)","background-image":"","background-repeat":"repeat","background-position":"center center","background-size":"auto","background-attachment":"scroll","background-type":"","background-media":"","overlay-type":"","overlay-color":"","overlay-opacity":"","overlay-gradient":""},"tablet":{"background-color":"","background-image":"","background-repeat":"repeat","background-position":"center center","background-size":"auto","background-attachment":"scroll","background-type":"","background-media":"","overlay-type":"","overlay-color":"","overlay-opacity":"","overlay-gradient":""},"mobile":{"background-color":"","background-image":"","background-repeat":"repeat","background-position":"center center","background-size":"auto","background-attachment":"scroll","background-type":"","background-media":"","overlay-type":"","overlay-color":"","overlay-opacity":"","overlay-gradient":""}},"ast-content-background-meta":{"desktop":{"background-color":"var(--ast-global-color-5)","background-image":"","background-repeat":"repeat","background-position":"center center","background-size":"auto","background-attachment":"scroll","background-type":"","background-media":"","overlay-type":"","overlay-color":"","overlay-opacity":"","overlay-gradient":""},"tablet":{"background-color":"var(--ast-global-color-5)","background-image":"","background-repeat":"repeat","background-position":"center center","background-size":"auto","background-attachment":"scroll","background-type":"","background-media":"","overlay-type":"","overlay-color":"","overlay-opacity":"","overlay-gradient":""},"mobile":{"background-color":"var(--ast-global-color-5)","background-image":"","background-repeat":"repeat","background-position":"center center","background-size":"auto","background-attachment":"scroll","background-type":"","background-media":"","overlay-type":"","overlay-color":"","overlay-opacity":"","overlay-gradient":""}}},"product_brand":[],"product_cat":[594,595],"product_tag":[],"class_list":{"0":"post-60158","1":"product","2":"type-product","3":"status-publish","4":"has-post-thumbnail","6":"product_cat-smartshop","7":"product_cat-trufas-magicas","8":"desktop-align-center","9":"tablet-align-center","10":"mobile-align-center","12":"first","13":"outofstock","14":"taxable","15":"shipping-taxable","16":"purchasable","17":"product-type-simple"},"acf":[],"yoast_head":"<!-- This site is optimized with the Yoast SEO Premium plugin v27.3 (Yoast SEO v27.3) - https:\/\/yoast.com\/product\/yoast-seo-premium-wordpress\/ -->\n<title>Trufas M\u00e1gicas Valhalla para Colecci\u00f3n<\/title>\n<meta name=\"description\" content=\"Descubre las Trufas M\u00e1gicas Valhalla, la cepa m\u00e1s potente: alucin\u00f3gena con intensos efectos visuales. Destinado para coleccionismo o estudio micol\u00f3gico.\" \/>\n<meta name=\"robots\" content=\"index, follow, max-snippet:-1, max-image-preview:large, max-video-preview:-1\" \/>\n<link rel=\"canonical\" href=\"https:\/\/iguanasmoke.com\/pl\/product-2\/trufle-valhalla\/\" \/>\n<meta property=\"og:locale\" content=\"pl_PL\" \/>\n<meta property=\"og:type\" content=\"article\" \/>\n<meta property=\"og:title\" content=\"Trufas M\u00e1gicas Valhalla 15g\" \/>\n<meta property=\"og:description\" content=\"Las Trufas micol\u00f3gicas de Valhalla son esclerocios frescos de alta intensidad visual, ideales para estudio micol\u00f3gico, microscop\u00eda y coleccionismo. Cultivadas en condiciones controladas.  No est\u00e1 destinado al consumo humano. Si tienes dudas cons\u00faltanos o revisa la normativa.\" \/>\n<meta property=\"og:url\" content=\"https:\/\/iguanasmoke.com\/pl\/product-2\/trufle-valhalla\/\" \/>\n<meta property=\"og:site_name\" content=\"Iguana Smoke\" \/>\n<meta property=\"article:publisher\" content=\"https:\/\/www.facebook.com\/iguanasmoke\" \/>\n<meta property=\"article:modified_time\" content=\"2026-04-21T00:42:41+00:00\" \/>\n<meta property=\"og:image\" content=\"https:\/\/iguanasmoke.com\/wp-content\/uploads\/2025\/07\/trufa-valhalla.webp\" \/>\n\t<meta property=\"og:image:width\" content=\"1000\" \/>\n\t<meta property=\"og:image:height\" content=\"1000\" \/>\n\t<meta property=\"og:image:type\" content=\"image\/webp\" \/>\n<meta name=\"twitter:card\" content=\"summary_large_image\" \/>\n<meta name=\"twitter:label1\" content=\"Cena\" \/>\n\t<meta name=\"twitter:data1\" content=\"19,55&nbsp;&euro;\" \/>\n\t<meta name=\"twitter:label2\" content=\"Dost\u0119pno\u015b\u0107\" \/>\n\t<meta name=\"twitter:data2\" content=\"Brak w magazynie\" \/>\n<meta property=\"product:brand\" content=\"simple\" \/>\n<meta property=\"product:price:amount\" content=\"19.55\" \/>\n<meta property=\"product:price:currency\" content=\"EUR\" \/>\n<meta property=\"og:availability\" content=\"out of stock\" \/>\n<meta property=\"product:availability\" content=\"out of stock\" \/>\n<meta property=\"product:retailer_item_id\" content=\"SJ-TRUFA-VAL\" \/>\n<meta property=\"product:condition\" content=\"new\" \/>\n<!-- \/ Yoast SEO Premium plugin. -->","yoast_head_json":{"title":"Valhalla Magic Truffles dla kolekcji","description":"Odkryj Valhalla Magic Truffles, najsilniejsz\u0105 odmian\u0119: halucynogenn\u0105 z intensywnymi efektami wizualnymi. Przeznaczona do kolekcjonowania lub bada\u0144 mykologicznych.","robots":{"index":"index","follow":"follow","max-snippet":"max-snippet:-1","max-image-preview":"max-image-preview:large","max-video-preview":"max-video-preview:-1"},"canonical":"https:\/\/iguanasmoke.com\/pl\/product-2\/trufle-valhalla\/","og_locale":"pl_PL","og_type":"article","og_title":"Trufas M\u00e1gicas Valhalla 15g","og_description":"Las Trufas micol\u00f3gicas de Valhalla son esclerocios frescos de alta intensidad visual, ideales para estudio micol\u00f3gico, microscop\u00eda y coleccionismo. Cultivadas en condiciones controladas.  No est\u00e1 destinado al consumo humano. Si tienes dudas cons\u00faltanos o revisa la normativa.","og_url":"https:\/\/iguanasmoke.com\/pl\/product-2\/trufle-valhalla\/","og_site_name":"Iguana Smoke","article_publisher":"https:\/\/www.facebook.com\/iguanasmoke","article_modified_time":"2026-04-21T00:42:41+00:00","og_image":[{"width":1000,"height":1000,"url":"https:\/\/iguanasmoke.com\/wp-content\/uploads\/2025\/07\/trufa-valhalla.webp","type":"image\/webp"}],"twitter_card":"summary_large_image","twitter_misc":{"Cena":"19,55&nbsp;&euro;","Dost\u0119pno\u015b\u0107":"Brak w magazynie"},"schema":{"@context":"https:\/\/schema.org","@graph":[{"@type":"WebPage","@id":"https:\/\/iguanasmoke.com\/producto\/trufas-valhalla\/","url":"https:\/\/iguanasmoke.com\/producto\/trufas-valhalla\/","name":"Valhalla Magic Truffles dla kolekcji","isPartOf":{"@id":"https:\/\/iguanasmoke.com\/#website"},"primaryImageOfPage":{"@id":"https:\/\/iguanasmoke.com\/producto\/trufas-valhalla\/#primaryimage"},"image":{"@id":"https:\/\/iguanasmoke.com\/producto\/trufas-valhalla\/#primaryimage"},"thumbnailUrl":"https:\/\/iguanasmoke.com\/wp-content\/uploads\/2025\/07\/trufa-valhalla.webp","datePublished":"2025-07-08T18:21:50+00:00","dateModified":"2026-04-21T00:42:41+00:00","description":"Odkryj Valhalla Magic Truffles, najsilniejsz\u0105 odmian\u0119: halucynogenn\u0105 z intensywnymi efektami wizualnymi. Przeznaczona do kolekcjonowania lub bada\u0144 mykologicznych.","breadcrumb":{"@id":"https:\/\/iguanasmoke.com\/producto\/trufas-valhalla\/#breadcrumb"},"inLanguage":"pl-PL","potentialAction":[{"@type":"ReadAction","target":["https:\/\/iguanasmoke.com\/producto\/trufas-valhalla\/"]}]},{"@type":"ImageObject","inLanguage":"pl-PL","@id":"https:\/\/iguanasmoke.com\/producto\/trufas-valhalla\/#primaryimage","url":"https:\/\/iguanasmoke.com\/wp-content\/uploads\/2025\/07\/trufa-valhalla.webp","contentUrl":"https:\/\/iguanasmoke.com\/wp-content\/uploads\/2025\/07\/trufa-valhalla.webp","width":1000,"height":1000,"caption":"\u201cTrufas Micol\u00f3gicas m\u00e1gicas Valhalla esclerocios frescos vista frontal\u201d"},{"@type":"BreadcrumbList","@id":"https:\/\/iguanasmoke.com\/producto\/trufas-valhalla\/#breadcrumb","itemListElement":[{"@type":"ListItem","position":1,"name":"home","item":"https:\/\/iguanasmoke.com\/"},{"@type":"ListItem","position":2,"name":"Tienda","item":"https:\/\/iguanasmoke.com\/tienda\/"},{"@type":"ListItem","position":3,"name":"SmartShop","item":"https:\/\/iguanasmoke.com\/categoria\/smartshop\/"},{"@type":"ListItem","position":4,"name":"Trufas M\u00e1gicas Valhalla 15g"}]},{"@type":"WebSite","@id":"https:\/\/iguanasmoke.com\/#website","url":"https:\/\/iguanasmoke.com\/","name":"Iguana Smoke","description":"Kup CBD online w najlepszej cenie","publisher":{"@id":"https:\/\/iguanasmoke.com\/#organization"},"potentialAction":[{"@type":"SearchAction","target":{"@type":"EntryPoint","urlTemplate":"https:\/\/iguanasmoke.com\/?s={search_term_string}"},"query-input":{"@type":"PropertyValueSpecification","valueRequired":true,"valueName":"search_term_string"}}],"inLanguage":"pl-PL"},{"@type":"Organization","@id":"https:\/\/iguanasmoke.com\/#organization","name":"Iguana Smoke","url":"https:\/\/iguanasmoke.com\/","logo":{"@type":"ImageObject","inLanguage":"pl-PL","@id":"https:\/\/iguanasmoke.com\/#\/schema\/logo\/image\/","url":"https:\/\/iguanasmoke.com\/wp-content\/uploads\/2025\/01\/logoiguana-favi-1.png","contentUrl":"https:\/\/iguanasmoke.com\/wp-content\/uploads\/2025\/01\/logoiguana-favi-1.png","width":512,"height":512,"caption":"Iguana Smoke"},"image":{"@id":"https:\/\/iguanasmoke.com\/#\/schema\/logo\/image\/"},"sameAs":["https:\/\/www.facebook.com\/iguanasmoke","https:\/\/www.instagram.com\/iguanasmoke\/"]}]},"product_brand":"simple","product_price_amount":"19.55","product_price_currency":"EUR","og_availability":"out of stock","product_availability":"out of stock","product_retailer_item_id":"SJ-TRUFA-VAL","product_condition":"new"},"_links":{"self":[{"href":"https:\/\/iguanasmoke.com\/pl\/wp-json\/wp\/v2\/product\/60158","targetHints":{"allow":["GET"]}}],"collection":[{"href":"https:\/\/iguanasmoke.com\/pl\/wp-json\/wp\/v2\/product"}],"about":[{"href":"https:\/\/iguanasmoke.com\/pl\/wp-json\/wp\/v2\/types\/product"}],"replies":[{"embeddable":true,"href":"https:\/\/iguanasmoke.com\/pl\/wp-json\/wp\/v2\/comments?post=60158"}],"wp:featuredmedia":[{"embeddable":true,"href":"https:\/\/iguanasmoke.com\/pl\/wp-json\/wp\/v2\/media\/60505"}],"wp:attachment":[{"href":"https:\/\/iguanasmoke.com\/pl\/wp-json\/wp\/v2\/media?parent=60158"}],"wp:term":[{"taxonomy":"product_brand","embeddable":true,"href":"https:\/\/iguanasmoke.com\/pl\/wp-json\/wp\/v2\/product_brand?post=60158"},{"taxonomy":"product_cat","embeddable":true,"href":"https:\/\/iguanasmoke.com\/pl\/wp-json\/wp\/v2\/product_cat?post=60158"},{"taxonomy":"product_tag","embeddable":true,"href":"https:\/\/iguanasmoke.com\/pl\/wp-json\/wp\/v2\/product_tag?post=60158"}],"curies":[{"name":"wp","href":"https:\/\/api.w.org\/{rel}","templated":true}]}}