{"id":60160,"date":"2025-07-08T20:21:20","date_gmt":"2025-07-08T18:21:20","guid":{"rendered":"https:\/\/iguanasmoke.com\/?post_type=product&#038;p=60160"},"modified":"2026-03-31T15:01:28","modified_gmt":"2026-03-31T13:01:28","slug":"trufas-magicas-utopia","status":"publish","type":"product","link":"https:\/\/iguanasmoke.com\/pl\/producto\/trufas-magicas-utopia\/","title":{"rendered":"Utopia Magic Truffles 15g"},"content":{"rendered":"<h1><span style=\"font-weight: 400\">Trufas m\u00e1gicas Utop\u00eda- Esclerocios de Alta Intensidad Visual y Espiritual\u00a0\u00a0<\/span><\/h1>\n<p data-start=\"304\" data-end=\"642\"><span style=\"font-weight: 400\">The <strong>Trufas m\u00e1gicas Utop\u00eda <\/strong>son una de las<strong> cepas m\u00e1s intensas y complejas<\/strong> dentro de la micolog\u00eda decorativa y de colecci\u00f3n. Estos esclerocios micol\u00f3gicos presentan una <strong>estructura densa y un patr\u00f3n micelial<\/strong> avanzado, que, adem\u00e1s, resulta ideal para observaci\u00f3n microsc\u00f3pica.su<strong> morfolog\u00eda avanzada. <\/strong>Debido a su <strong>czysto\u015b\u0107 mikologiczna<\/strong> lo hace ideal para laboratorio, microscop\u00eda y exposiciones bot\u00e1nicas.<\/span><\/p>\n<p data-start=\"304\" data-end=\"642\"><span style=\"font-weight: 400\">Adem\u00e1s,est\u00e1n dise\u00f1adas para los psiconautas m\u00e1s experimentados que buscan <strong>comprar trufas m\u00e1gicas de alta calidad.<\/strong> Al elegirlas, muchos notan que el nombre &#8220;Trufas M\u00e1gicas Utop\u00eda&#8221; evocan una experiencia muy especial.<\/span><\/p>\n<p style=\"text-align: center;padding-left: 40px\" data-start=\"304\" data-end=\"642\"><em><span style=\"font-weight: 400\">\u26a0\ufe0fRecuerda: U\u017cycie jest ograniczone wy\u0142\u0105cznie do cel\u00f3w mykologicznych, edukacyjnych, dekoracyjnych lub kolekcjonerskich. Ten produkt nie jest przeznaczony do spo\u017cycia przez ludzi.<\/span><\/em><\/p>\n<h2 data-start=\"867\" data-end=\"898\">\u00bfQu\u00e9 es la Psilocybe Utop\u00eda?<\/h2>\n<p data-start=\"900\" data-end=\"1251\"><span style=\"font-weight: 400\">The <strong>Psilocybe Utop\u00eda<\/strong> es una cepa seleccionada para maximizar la calidad visual y estructural del esclerocio. Adem\u00e1s, presenta una serie de caracter\u00edsticas destacadas:\u00a0<\/span><\/p>\n<ul>\n<li data-start=\"900\" data-end=\"1251\"><strong>Alta densidad interna<\/strong><\/li>\n<li data-start=\"900\" data-end=\"1251\">Patr\u00f3n micelial complejo<\/li>\n<li data-start=\"900\" data-end=\"1251\">Gran Pureza morfol\u00f3gica<\/li>\n<\/ul>\n<p data-start=\"900\" data-end=\"1251\"><span style=\"font-weight: 400\">Por ello, las <strong>Trufas M\u00e1gicas Utop\u00eda<\/strong> son muy valoradas en proyectos cient\u00edficos, coleccionismo especializado y observaci\u00f3n microsc\u00f3pica. Es m\u00e1s, quienes buscan &#8220;Trufas M\u00e1gicas Utop\u00eda&#8221; suelen hacerlo precisamente or su alta calidad para estos fines. De este modo, se han convertido en una referencia dentro del estudio micol\u00f3gico decorativo.<\/span><\/p>\n<h2>Caracter\u00edsticas de las Trufas M\u00e1gicas Utop\u00eda<\/h2>\n<ul>\n<li data-start=\"1335\" data-end=\"1359\"><strong>Potencia m\u00e1xima en cada estructura <\/strong><\/li>\n<\/ul>\n<p>Obci\u0105\u017cenie <strong style=\"font-size: 16px\">Psilocybe Utop\u00eda <\/strong>se clasifica<span style=\"font-size: 16px;font-weight: 400\">\u00a0z<\/span><strong style=\"font-size: 16px\"> 5\/5 en riqueza micelial<\/strong><span style=\"font-size: 16px;font-weight: 400\">, y por tanto, es una de las variedades m\u00e1s apreciadas para an\u00e1lisis visuales y microsc\u00f3picos. Asimismo, su estructura interna ofrece una complejidad ideal para observaciones detalladas.<\/span><\/p>\n<ul>\n<li data-start=\"1361\" data-end=\"1553\"><strong>Cultivo prolongado (hasta 12 meses)<\/strong><\/li>\n<\/ul>\n<p data-start=\"1361\" data-end=\"1553\"><span style=\"font-weight: 400\">Este cultivo prolongado favorece el desarrollo de <strong>propiedades<\/strong> y <strong>estructuras internas m\u00e1s complejas, <\/strong>perfectas para observaci\u00f3n t\u00e9cnica y documentaci\u00f3n cient\u00edfica. As\u00ed, las Trufas M\u00e1gicas Utop\u00eda resultan ideales para estudios avanzados que requieren precisi\u00f3n. Posteriormente, este proceso largo garantiza una mayor estabilidad del esclerocio.<\/span><\/p>\n<ul>\n<li data-start=\"1555\" data-end=\"1590\"><strong>Najwy\u017csza \u015bwie\u017co\u015b\u0107 i prezentacja<\/strong><\/li>\n<\/ul>\n<p data-start=\"1592\" data-end=\"1779\"><span style=\"font-weight: 400\">Ka\u017cda jednostka jest <strong>pakowane pr\u00f3\u017cniowo<\/strong> w formacie <strong>15 gram\u00f3w<\/strong>, zachowuj\u0105c w ten spos\u00f3b swoj\u0105 integralno\u015b\u0107 i naturalny wygl\u0105d.<\/span> Igualmente, este tipo de envasado contribuye a mantener su calidad durante m\u00e1s tiempo. Para muchos, este embalaje se ha convertido incluso en un s\u00edmbolo de atenci\u00f3n al detalle de las Trufas M\u00e1gicas Utop\u00eda.<\/p>\n<h2 data-start=\"805\" data-end=\"862\">\u00bfPor qu\u00e9 comprar Trufas M\u00e1gicas Utop\u00eda para fines micol\u00f3gicos?<\/h2>\n<p data-start=\"864\" data-end=\"953\"><span style=\"font-weight: 400\">The <strong>Trufas M\u00e1gicas Utop\u00eda <\/strong>son realmente apreciadas por investigadores y coleccionistas por su:<\/span> A menudo, la combinaci\u00f3n de Trufas y Utop\u00eda es irresistible debido a su origen \u00fanico.<\/p>\n<ul>\n<li data-start=\"864\" data-end=\"953\"><span style=\"font-weight: 400\"><strong>Naturalne pochodzenie i wysoka czysto\u015b\u0107<\/strong>: esclerocios seleccionados y cultivados en entornos controlados en Pa\u00edses Bajos.<\/span><\/li>\n<li data-start=\"864\" data-end=\"953\"><span style=\"font-weight: 400\"><strong>Estructura densa y compleja:<\/strong> patrones miceliales ideales para microscop\u00eda avanzada.<\/span><\/li>\n<li data-start=\"864\" data-end=\"953\"><span style=\"font-weight: 400\"><strong>\u015awie\u017co\u015b\u0107 i identyfikowalno\u015b\u0107:<\/strong> cada lote cumple con estrictos controles de calidad.\u00a0<\/span><\/li>\n<\/ul>\n<h2 data-start=\"1786\" data-end=\"1833\">Konserwacja i obs\u0142uga na potrzeby bada\u0144<\/h2>\n<ul>\n<li><span style=\"font-weight: 400\"><strong>Przechowywanie<\/strong>Przechowywa\u0107 w temperaturze 2\u00baC-4\u00baC w celu zachowania integralno\u015bci.<\/span><\/li>\n<li><span style=\"font-weight: 400\"><strong>Manipulacja<\/strong>Zaleca si\u0119 u\u017cywanie sterylnych r\u0119kawiczek i sterylnych przybor\u00f3w w laboratoriach.<\/span><\/li>\n<li><span style=\"font-weight: 400\"><strong>Dekoracja\/kolekcja<\/strong>Idealny do wystaw botanicznych i prezentacji edukacyjnych.<\/span><\/li>\n<\/ul>\n<h2 data-start=\"2130\" data-end=\"2181\">Bezpieczne i zgodne z prawem zakupy<\/h2>\n<p data-start=\"2183\" data-end=\"2374\"><span style=\"font-weight: 400\">W naszym sklepie internetowym mo\u017cna kupi\u0107<strong> trufas micol\u00f3gicas Utop\u00eda <\/strong>z ca\u0142kowitym spokojem:<\/span><\/p>\n<ul>\n<li data-start=\"2183\" data-end=\"2374\"><span style=\"font-weight: 400\">S\u0105 one zgodne z przepisami prawnymi obowi\u0105zuj\u0105cymi w Hiszpanii dla produkt\u00f3w wykonanych z<strong> u\u017cytek niekonsumpcyjny<\/strong>. <\/span><\/li>\n<li data-start=\"2183\" data-end=\"2374\"><span style=\"font-weight: 400\">Zawieraj\u0105 one wyra\u017ane ostrze\u017cenia dotycz\u0105ce ich przeznaczenia.<\/span><\/li>\n<li data-start=\"2183\" data-end=\"2374\"><span style=\"font-weight: 400\">Dyskretna wysy\u0142ka i bezpieczne opakowanie. <\/span><\/li>\n<\/ul>\n<p>&nbsp;<\/p>\n<p style=\"text-align: center;padding-left: 40px\"><span style=\"font-weight: 400\"><em>\u00a0\u26a0\ufe0fNo nie zach\u0119camy ani nie zalecamy ich spo\u017cywania. S\u0105 one przeznaczone wy\u0142\u0105cznie do bada\u0144 mykologicznych, cel\u00f3w dekoracyjnych lub kolekcjonerskich.<\/em>. Si tienes dudas sobre regulaci\u00f3n, puedes consultarnos antes de realizar tu pedido. Al respetar esto, respetamos la espiritualidad de la Psilocybe Utop\u00eda.<\/span><\/p>","protected":false},"excerpt":{"rendered":"<p><span style=\"font-weight: 400\">The <strong>Trufas micol\u00f3gicas de Utop\u00eda <\/strong>s\u0105 <strong>\u015bwie\u017ce sklerocja wybranych gatunk\u00f3w mykologicznych<\/strong>, excelentes para estudio micol\u00f3gico, microscop\u00eda y coleccionismo. Cultivadas en condiciones controladas.<\/span><\/p>\n<p><span style=\"font-weight: 400\"><strong>Nie do spo\u017cycia przez ludzi<\/strong>. <strong>W razie w\u0105tpliwo\u015bci prosimy o kontakt lub zapoznanie si\u0119 z regulaminem.<\/strong>.<\/span><\/p>","protected":false},"featured_media":60506,"comment_status":"open","ping_status":"closed","template":"","meta":{"_acf_changed":false,"site-sidebar-layout":"default","site-content-layout":"","ast-site-content-layout":"default","site-content-style":"default","site-sidebar-style":"default","ast-global-header-display":"","ast-banner-title-visibility":"","ast-main-header-display":"","ast-hfb-above-header-display":"","ast-hfb-below-header-display":"","ast-hfb-mobile-header-display":"","site-post-title":"","ast-breadcrumbs-content":"","ast-featured-img":"","footer-sml-layout":"","theme-transparent-header-meta":"default","adv-header-id-meta":"","stick-header-meta":"","header-above-stick-meta":"","header-main-stick-meta":"","header-below-stick-meta":"","astra-migrate-meta-layouts":"set","ast-page-background-enabled":"default","ast-page-background-meta":{"desktop":{"background-color":"var(--ast-global-color-4)","background-image":"","background-repeat":"repeat","background-position":"center center","background-size":"auto","background-attachment":"scroll","background-type":"","background-media":"","overlay-type":"","overlay-color":"","overlay-opacity":"","overlay-gradient":""},"tablet":{"background-color":"","background-image":"","background-repeat":"repeat","background-position":"center center","background-size":"auto","background-attachment":"scroll","background-type":"","background-media":"","overlay-type":"","overlay-color":"","overlay-opacity":"","overlay-gradient":""},"mobile":{"background-color":"","background-image":"","background-repeat":"repeat","background-position":"center center","background-size":"auto","background-attachment":"scroll","background-type":"","background-media":"","overlay-type":"","overlay-color":"","overlay-opacity":"","overlay-gradient":""}},"ast-content-background-meta":{"desktop":{"background-color":"var(--ast-global-color-5)","background-image":"","background-repeat":"repeat","background-position":"center center","background-size":"auto","background-attachment":"scroll","background-type":"","background-media":"","overlay-type":"","overlay-color":"","overlay-opacity":"","overlay-gradient":""},"tablet":{"background-color":"var(--ast-global-color-5)","background-image":"","background-repeat":"repeat","background-position":"center center","background-size":"auto","background-attachment":"scroll","background-type":"","background-media":"","overlay-type":"","overlay-color":"","overlay-opacity":"","overlay-gradient":""},"mobile":{"background-color":"var(--ast-global-color-5)","background-image":"","background-repeat":"repeat","background-position":"center center","background-size":"auto","background-attachment":"scroll","background-type":"","background-media":"","overlay-type":"","overlay-color":"","overlay-opacity":"","overlay-gradient":""}}},"product_brand":[],"product_cat":[594,595],"product_tag":[],"class_list":{"0":"post-60160","1":"product","2":"type-product","3":"status-publish","4":"has-post-thumbnail","6":"product_cat-smartshop","7":"product_cat-trufas-magicas","8":"desktop-align-center","9":"tablet-align-center","10":"mobile-align-center","12":"first","13":"instock","14":"taxable","15":"shipping-taxable","16":"purchasable","17":"product-type-simple"},"acf":[],"yoast_head":"<!-- This site is optimized with the Yoast SEO Premium plugin v27.3 (Yoast SEO v27.3) - https:\/\/yoast.com\/product\/yoast-seo-premium-wordpress\/ -->\n<title>Trufas M\u00e1gicas Utop\u00eda para Coleccionismo<\/title>\n<meta name=\"description\" content=\"Descubre las Trufas M\u00e1gicas Utop\u00eda, una variedad ultra potente. Compra legal en Espa\u00f1a solo para colecci\u00f3n o estudio. No apta para menores de 18.\" \/>\n<meta name=\"robots\" content=\"index, follow, max-snippet:-1, max-image-preview:large, max-video-preview:-1\" \/>\n<link rel=\"canonical\" href=\"https:\/\/iguanasmoke.com\/pl\/product-2\/trufas-magicas-utopia\/\" \/>\n<meta property=\"og:locale\" content=\"pl_PL\" \/>\n<meta property=\"og:type\" content=\"article\" \/>\n<meta property=\"og:title\" content=\"Trufas M\u00e1gicas Utop\u00eda 15g\" \/>\n<meta property=\"og:description\" content=\"Las Trufas micol\u00f3gicas de Utop\u00eda son esclerocios frescos de especies micol\u00f3gicas seleccionadas, excelentes para estudio micol\u00f3gico, microscop\u00eda y coleccionismo. Cultivadas en condiciones controladas.  No est\u00e1 destinado al consumo humano. Si tienes dudas cons\u00faltanos o revisa la normativa.\" \/>\n<meta property=\"og:url\" content=\"https:\/\/iguanasmoke.com\/pl\/product-2\/trufas-magicas-utopia\/\" \/>\n<meta property=\"og:site_name\" content=\"Iguana Smoke\" \/>\n<meta property=\"article:publisher\" content=\"https:\/\/www.facebook.com\/iguanasmoke\" \/>\n<meta property=\"article:modified_time\" content=\"2026-03-31T13:01:28+00:00\" \/>\n<meta property=\"og:image\" content=\"https:\/\/iguanasmoke.com\/wp-content\/uploads\/2025\/07\/trufa-utopia.webp\" \/>\n\t<meta property=\"og:image:width\" content=\"1000\" \/>\n\t<meta property=\"og:image:height\" content=\"1000\" \/>\n\t<meta property=\"og:image:type\" content=\"image\/webp\" \/>\n<meta name=\"twitter:card\" content=\"summary_large_image\" \/>\n<meta name=\"twitter:label1\" content=\"Cena\" \/>\n\t<meta name=\"twitter:data1\" content=\"17,55&nbsp;&euro;\" \/>\n\t<meta name=\"twitter:label2\" content=\"Dost\u0119pno\u015b\u0107\" \/>\n\t<meta name=\"twitter:data2\" content=\"Dost\u0119pny\" \/>\n<meta property=\"product:brand\" content=\"simple\" \/>\n<meta property=\"product:price:amount\" content=\"17.55\" \/>\n<meta property=\"product:price:currency\" content=\"EUR\" \/>\n<meta property=\"og:availability\" content=\"instock\" \/>\n<meta property=\"product:availability\" content=\"instock\" \/>\n<meta property=\"product:retailer_item_id\" content=\"SJ-TRUFA-UTO\" \/>\n<meta property=\"product:condition\" content=\"new\" \/>\n<!-- \/ Yoast SEO Premium plugin. -->","yoast_head_json":{"title":"Trufas M\u00e1gicas Utop\u00eda para Coleccionismo","description":"Descubre las Trufas M\u00e1gicas Utop\u00eda, una variedad ultra potente. Compra legal en Espa\u00f1a solo para colecci\u00f3n o estudio. No apta para menores de 18.","robots":{"index":"index","follow":"follow","max-snippet":"max-snippet:-1","max-image-preview":"max-image-preview:large","max-video-preview":"max-video-preview:-1"},"canonical":"https:\/\/iguanasmoke.com\/pl\/product-2\/trufas-magicas-utopia\/","og_locale":"pl_PL","og_type":"article","og_title":"Trufas M\u00e1gicas Utop\u00eda 15g","og_description":"Las Trufas micol\u00f3gicas de Utop\u00eda son esclerocios frescos de especies micol\u00f3gicas seleccionadas, excelentes para estudio micol\u00f3gico, microscop\u00eda y coleccionismo. Cultivadas en condiciones controladas.  No est\u00e1 destinado al consumo humano. Si tienes dudas cons\u00faltanos o revisa la normativa.","og_url":"https:\/\/iguanasmoke.com\/pl\/product-2\/trufas-magicas-utopia\/","og_site_name":"Iguana Smoke","article_publisher":"https:\/\/www.facebook.com\/iguanasmoke","article_modified_time":"2026-03-31T13:01:28+00:00","og_image":[{"width":1000,"height":1000,"url":"https:\/\/iguanasmoke.com\/wp-content\/uploads\/2025\/07\/trufa-utopia.webp","type":"image\/webp"}],"twitter_card":"summary_large_image","twitter_misc":{"Cena":"17,55&nbsp;&euro;","Dost\u0119pno\u015b\u0107":"Dost\u0119pny"},"schema":{"@context":"https:\/\/schema.org","@graph":[{"@type":"WebPage","@id":"https:\/\/iguanasmoke.com\/producto\/trufas-magicas-utopia\/","url":"https:\/\/iguanasmoke.com\/producto\/trufas-magicas-utopia\/","name":"Trufas M\u00e1gicas Utop\u00eda para Coleccionismo","isPartOf":{"@id":"https:\/\/iguanasmoke.com\/#website"},"primaryImageOfPage":{"@id":"https:\/\/iguanasmoke.com\/producto\/trufas-magicas-utopia\/#primaryimage"},"image":{"@id":"https:\/\/iguanasmoke.com\/producto\/trufas-magicas-utopia\/#primaryimage"},"thumbnailUrl":"https:\/\/iguanasmoke.com\/wp-content\/uploads\/2025\/07\/trufa-utopia.webp","datePublished":"2025-07-08T18:21:20+00:00","dateModified":"2026-03-31T13:01:28+00:00","description":"Descubre las Trufas M\u00e1gicas Utop\u00eda, una variedad ultra potente. Compra legal en Espa\u00f1a solo para colecci\u00f3n o estudio. No apta para menores de 18.","breadcrumb":{"@id":"https:\/\/iguanasmoke.com\/producto\/trufas-magicas-utopia\/#breadcrumb"},"inLanguage":"pl-PL","potentialAction":[{"@type":"ReadAction","target":["https:\/\/iguanasmoke.com\/producto\/trufas-magicas-utopia\/"]}]},{"@type":"ImageObject","inLanguage":"pl-PL","@id":"https:\/\/iguanasmoke.com\/producto\/trufas-magicas-utopia\/#primaryimage","url":"https:\/\/iguanasmoke.com\/wp-content\/uploads\/2025\/07\/trufa-utopia.webp","contentUrl":"https:\/\/iguanasmoke.com\/wp-content\/uploads\/2025\/07\/trufa-utopia.webp","width":1000,"height":1000,"caption":"\u201cTrufas Micol\u00f3gicas Utop\u00eda esclerocios frescos vista frontal\u201d"},{"@type":"BreadcrumbList","@id":"https:\/\/iguanasmoke.com\/producto\/trufas-magicas-utopia\/#breadcrumb","itemListElement":[{"@type":"ListItem","position":1,"name":"home","item":"https:\/\/iguanasmoke.com\/"},{"@type":"ListItem","position":2,"name":"Tienda","item":"https:\/\/iguanasmoke.com\/tienda\/"},{"@type":"ListItem","position":3,"name":"SmartShop","item":"https:\/\/iguanasmoke.com\/categoria\/smartshop\/"},{"@type":"ListItem","position":4,"name":"Trufas M\u00e1gicas Utop\u00eda 15g"}]},{"@type":"WebSite","@id":"https:\/\/iguanasmoke.com\/#website","url":"https:\/\/iguanasmoke.com\/","name":"Iguana Smoke","description":"Kup CBD online w najlepszej cenie","publisher":{"@id":"https:\/\/iguanasmoke.com\/#organization"},"potentialAction":[{"@type":"SearchAction","target":{"@type":"EntryPoint","urlTemplate":"https:\/\/iguanasmoke.com\/?s={search_term_string}"},"query-input":{"@type":"PropertyValueSpecification","valueRequired":true,"valueName":"search_term_string"}}],"inLanguage":"pl-PL"},{"@type":"Organization","@id":"https:\/\/iguanasmoke.com\/#organization","name":"Iguana Smoke","url":"https:\/\/iguanasmoke.com\/","logo":{"@type":"ImageObject","inLanguage":"pl-PL","@id":"https:\/\/iguanasmoke.com\/#\/schema\/logo\/image\/","url":"https:\/\/iguanasmoke.com\/wp-content\/uploads\/2025\/01\/logoiguana-favi-1.png","contentUrl":"https:\/\/iguanasmoke.com\/wp-content\/uploads\/2025\/01\/logoiguana-favi-1.png","width":512,"height":512,"caption":"Iguana Smoke"},"image":{"@id":"https:\/\/iguanasmoke.com\/#\/schema\/logo\/image\/"},"sameAs":["https:\/\/www.facebook.com\/iguanasmoke","https:\/\/www.instagram.com\/iguanasmoke\/"]}]},"product_brand":"simple","product_price_amount":"17.55","product_price_currency":"EUR","og_availability":"instock","product_availability":"instock","product_retailer_item_id":"SJ-TRUFA-UTO","product_condition":"new"},"_links":{"self":[{"href":"https:\/\/iguanasmoke.com\/pl\/wp-json\/wp\/v2\/product\/60160","targetHints":{"allow":["GET"]}}],"collection":[{"href":"https:\/\/iguanasmoke.com\/pl\/wp-json\/wp\/v2\/product"}],"about":[{"href":"https:\/\/iguanasmoke.com\/pl\/wp-json\/wp\/v2\/types\/product"}],"replies":[{"embeddable":true,"href":"https:\/\/iguanasmoke.com\/pl\/wp-json\/wp\/v2\/comments?post=60160"}],"wp:featuredmedia":[{"embeddable":true,"href":"https:\/\/iguanasmoke.com\/pl\/wp-json\/wp\/v2\/media\/60506"}],"wp:attachment":[{"href":"https:\/\/iguanasmoke.com\/pl\/wp-json\/wp\/v2\/media?parent=60160"}],"wp:term":[{"taxonomy":"product_brand","embeddable":true,"href":"https:\/\/iguanasmoke.com\/pl\/wp-json\/wp\/v2\/product_brand?post=60160"},{"taxonomy":"product_cat","embeddable":true,"href":"https:\/\/iguanasmoke.com\/pl\/wp-json\/wp\/v2\/product_cat?post=60160"},{"taxonomy":"product_tag","embeddable":true,"href":"https:\/\/iguanasmoke.com\/pl\/wp-json\/wp\/v2\/product_tag?post=60160"}],"curies":[{"name":"wp","href":"https:\/\/api.w.org\/{rel}","templated":true}]}}