{"id":60561,"date":"2025-07-10T20:00:28","date_gmt":"2025-07-10T18:00:28","guid":{"rendered":"https:\/\/iguanasmoke.com\/?post_type=product&#038;p=60561"},"modified":"2026-03-26T09:20:46","modified_gmt":"2026-03-26T08:20:46","slug":"kupic-flower-stv-gelato-20-pakow-online","status":"publish","type":"product","link":"https:\/\/iguanasmoke.com\/pl\/producto\/comprar-flor-stv-gelato-20-cogollos-online\/","title":{"rendered":"Flor Gelato STV 20% Kosmiczne kwiaty"},"content":{"rendered":"<h1 data-start=\"1609\" data-end=\"1642\"><span style=\"font-weight: 400\">Flower STV Gelato 20% <\/span><span style=\"font-weight: 400\">Kosmiczne kwiaty z S<\/span><span style=\"font-weight: 400\">ativanol\u00a0<\/span><\/h1>\n<p data-start=\"549\" data-end=\"976\"><span style=\"font-weight: 400\">Je\u015bli chcesz kupi\u0107 kwiaty CBD online najwy\u017cszej jako\u015bci, to <strong>Flower STV Gelato 20% Kosmiczne kwiaty <\/strong>to idealny wyb\u00f3r dla tych, kt\u00f3rzy potrzebuj\u0105 jasno\u015bci umys\u0142u i dobrego nastroju bez psychoaktywnych efekt\u00f3w THC. Wzbogacony o Sativanol (STV), ten kwiat CBD idzie o krok dalej w funkcjonalno\u015bci.<\/span><\/p>\n<p data-start=\"549\" data-end=\"976\"><span style=\"font-weight: 400\">Dzi\u0119ki jego <strong>Rolnictwo ekologiczne bez pestycyd\u00f3w<\/strong>, Naturalnie suszona i zwarta \u017cywica STV Gelato jest idealna dla tych, kt\u00f3rzy chc\u0105 mocnego, czystego kwiatu o zr\u00f3wnowa\u017conym dzia\u0142aniu.<\/span><\/p>\n<p data-start=\"549\" data-end=\"976\"><span style=\"font-weight: 400\"> Przy <strong>Iguana Smoke<\/strong>, starannie dobieramy ka\u017cd\u0105 parti\u0119, aby zaoferowa\u0107 Ci <strong>Gelato STV <\/strong><\/span><span style=\"font-weight: 400\"><b>niesamowity<\/b>, zaprojektowany dla prawdziwych koneser\u00f3w kwiat\u00f3w i kannabidiolu.<\/span><\/p>\n<h2 data-start=\"913\" data-end=\"952\"><\/h2>\n<h2 data-start=\"913\" data-end=\"952\"><\/h2>\n<p>&nbsp;<\/p>\n<h2><strong>Jaki jest STV Gelato Flower 20%?<\/strong><\/h2>\n<p><span style=\"font-weight: 400\">Ten kwiat CBD sta\u0142 si\u0119 jednym z ulubionych dla tych, kt\u00f3rzy chc\u0105 <strong>Kupuj wysokiej jako\u015bci p\u0105ki CBD online<\/strong>. I nie jest to przypadek, poniewa\u017c odmiana ta wyr\u00f3\u017cnia si\u0119 swoim <strong>\u017cywy wygl\u0105d<\/strong>, jego <strong>mocny s\u0142odki aromat <\/strong>i jego <strong>profil terpenowy<\/strong> charakterystyczny dla Flor Gelato. Nie mdli, nie przyt\u0142acza, a jego zapach po otwarciu torebki to spe\u0142niona obietnica. <\/span><\/p>\n<ul>\n<li><span style=\"font-weight: 400\"><strong>Typ i procent CBD, STV:<\/strong> Kwiat ten dominuje Sativa i zawiera oko\u0142o 15% CBD i 20% STV.<\/span><\/li>\n<li><span style=\"font-weight: 400\"><strong>Wygl\u0105d<\/strong>p\u0105ki <strong>kompakty<\/strong> z <strong>matowa ziele\u0144 i<\/strong>\u00a0<strong>s\u0142upki<\/strong> <strong>pomara\u0144czowy.<\/strong><\/span><\/li>\n<li><span style=\"font-weight: 400\"><strong>Aromat<\/strong>Kremowa mieszanka z nutami cytrusowymi i ziemistymi; idealna dla mi\u0142o\u015bnik\u00f3w intensywnych aromat\u00f3w.\u00a0<\/span><\/li>\n<li><span style=\"font-weight: 400\"><strong>Pochodzenie<\/strong>: pochodzi z <strong>genetyka<\/strong> <strong>wybrany<\/strong> aby zmaksymalizowa\u0107 CBD i zachowa\u0107 <strong>dusza oryginalnego Gelato<\/strong>. Legalny kwiat CBD, uprawiany w spos\u00f3b zr\u00f3wnowa\u017cony i gwarantuj\u0105cy identyfikowalno\u015b\u0107.\u00a0<\/span><\/li>\n<\/ul>\n<p><span style=\"font-weight: 400\">Dzi\u0119ki po\u0142\u0105czeniu CBD i STV do\u015bwiadczysz naturalnego dobrego samopoczucia: poprawia nastr\u00f3j, daje skupienie i spok\u00f3j bez roz\u0142\u0105czenia i senno\u015bci.\u00a0<\/span><\/p>\n<p>&nbsp;<\/p>\n<h2><strong>Kr\u00f3tki przewodnik po wyborze odpowiednich p\u0105k\u00f3w CBD <\/strong><\/h2>\n<ul>\n<li><span style=\"font-weight: 400\">Sprawdza zawarto\u015b\u0107 CBD, STV i THC <\/span><\/li>\n<li><span style=\"font-weight: 400\">Wybieranie niezawodnych i przejrzystych marek <\/span><\/li>\n<li><span style=\"font-weight: 400\">Sprawd\u017a certyfikaty i kontrole jako\u015bci <\/span><\/li>\n<li><span style=\"font-weight: 400\">Zobacz prawdziwe opinie klient\u00f3w <\/span><\/li>\n<\/ul>\n<p><span style=\"font-weight: 400\">Przy <strong>Iguana Smoke<\/strong>, Nasza spo\u0142eczno\u015b\u0107 jest najlepsz\u0105 gwarancj\u0105 zaufania. Nie przegap naszego <strong>Flower STV Gelato 20% Kosmiczne kwiaty <\/strong>bardziej autentyczne.<\/span><\/p>\n<p>&nbsp;<\/p>\n<h2 data-start=\"1548\" data-end=\"1601\">Dlaczego warto kupi\u0107 <strong>Flower STV Gelato 20% <\/strong>w Iguana Smoke?<\/h2>\n<p data-start=\"2504\" data-end=\"2696\"><span style=\"font-weight: 400\">Je\u015bli zastanawiasz si\u0119, gdzie kupi\u0107 kwiaty CBD online, w Iguana Smoke dajemy Ci kilka powod\u00f3w, aby zrobi\u0107 to z nami: <\/span><\/p>\n<ol>\n<li style=\"list-style-type: none\">\n<ol>\n<li data-start=\"2504\" data-end=\"2696\"><span style=\"font-weight: 400\">\u2705 <strong>Najwy\u017cszej jako\u015bci i ekonomiczne kwiaty CBD:<\/strong> najwy\u017csza jako\u015b\u0107 w uczciwych cenach.<\/span><\/li>\n<li data-start=\"2504\" data-end=\"2696\"><span style=\"font-weight: 400\">\u2705 <strong>Rolnictwo ekologiczne:<\/strong> bez pestycyd\u00f3w, bez chemikali\u00f3w, bez GMO<\/span><\/li>\n<li data-start=\"2504\" data-end=\"2696\"><span style=\"font-weight: 400\">\u2705 <strong>Zawarto\u015b\u0107 THC &lt;0,3%:<\/strong> legalny 100% w Hiszpanii i Europie<\/span><\/li>\n<li data-start=\"2504\" data-end=\"2696\"><span style=\"font-weight: 400\">\u2705 <strong>Szybka i dyskretna dostawa:<\/strong> w ci\u0105gu 24\/48 godzin masz go w domu<\/span><\/li>\n<li data-start=\"2504\" data-end=\"2696\"><span style=\"font-weight: 400\"> \u2705 <strong>Bezpieczna platforma p\u0142atno\u015bci<\/strong><\/span><\/li>\n<li data-start=\"2504\" data-end=\"2696\"><span style=\"font-weight: 400\">\u2705 <strong>Eksperci w dziedzinie produkt\u00f3w CBD<\/strong>: <strong><a href=\"https:\/\/iguanasmoke.com\/pl\/kategoria\/hash-cbd\/\">\u017bywice<\/a><\/strong>, <a href=\"https:\/\/iguanasmoke.com\/pl\/kategoria\/olej-cbd\/\"><strong>Oleje<\/strong><\/a>, <a href=\"https:\/\/iguanasmoke.com\/pl\/kategoria\/pop-corn-cbd-cbd-male-paki-cbd-mini-paki-cbd\/\"><strong>Pop Corn<\/strong><\/a>, <a href=\"https:\/\/iguanasmoke.com\/pl\/kategoria\/ekstrakty-cbd\/\"><strong>Fragmenty<\/strong><\/a>, <a href=\"https:\/\/iguanasmoke.com\/pl\/kategoria\/cbd-vaper-2\/\"><strong>Vapers<\/strong> <\/a>i wiele wi\u0119cej<\/span><\/li>\n<\/ol>\n<\/li>\n<\/ol>\n<p><span style=\"font-weight: 400\">Ponadto, wszystkie nasze kwiaty CBD s\u0105<strong> zatwierdzony przez UE<\/strong>, Gwarantujemy jego legalno\u015b\u0107 i bezpiecze\u0144stwo. Posiadamy<a href=\"https:\/\/iguanasmoke.com\/pl\/analityka\/\"><strong> raporty niezale\u017cnych laboratori\u00f3w<\/strong><\/a> w celu sprawdzenia ich jako\u015bci i identyfikowalno\u015bci. <\/span><\/p>\n<p><span style=\"font-weight: 400\">Czy wypr\u00f3bowa\u0142e\u015b ju\u017c nasze <strong><a href=\"https:\/\/iguanasmoke.com\/pl\/product-2\/flor-amnesia-stv-20\/\">Flower STV Amnesia<\/a><\/strong>, nasz <a href=\"https:\/\/iguanasmoke.com\/pl\/kategoria\/nowe-czasteczki\/sativanol\/\"><strong>Vapers STV<\/strong><\/a> lub nasz <a href=\"https:\/\/iguanasmoke.com\/pl\/product-2\/space-hash-moroccan-stv-sativanol\/\"><strong>Hash Moroccan Space STV<\/strong><\/a>? Nie przegap <strong><a href=\"https:\/\/iguanasmoke.com\/pl\/kategoria\/kwiaty-cbd-2\/kwiaty-cbd-w-pomieszczeniach\/\">Kwiaty do wn\u0119trz bardziej premium<\/a> <\/strong>lub <a style=\"font-weight: 400\" href=\"https:\/\/iguanasmoke.com\/pl\/kategoria\/pop-corn-cbd-cbd-male-paki-cbd-mini-paki-cbd\/\"><strong>Ma\u0142e p\u0105ki CBD - Pop Corn<\/strong><\/a> najbardziej znany na rynku.<\/span><\/p>\n<p>&nbsp;<\/p>\n<h3><b>Iguana Smoke to Tw\u00f3j internetowy sklep z CBD\u00a0<\/b><\/h3>\n<p><span style=\"font-weight: 400\">Przy<strong> Iguana Smoke<\/strong>, Wierzymy, \u017ce korzystanie z CBD powinno by\u0107 bezpiecznym do\u015bwiadczeniem. W\u0142a\u015bnie dlatego oferujemy produkty takie jak ten <strong>Flower STV Gelato 20% Kosmiczne kwiaty<\/strong>, Marka \u0142\u0105czy si\u0119 z nowymi pokoleniami: lud\u017ami, kt\u00f3rzy szukaj\u0105 nieskomplikowanego wellness, z autentycznymi i niezawodnymi markami. <\/span><\/p>\n<p><span style=\"font-weight: 400\">Nasza misja jest jasna:<strong> Dostarczamy to, co najlepsze w \u015bwiecie CBD w uczciwej cenie<\/strong>. Ponadto zapewniamy spok\u00f3j ducha, kt\u00f3ry wynika ze \u015bwiadomo\u015bci, \u017ce wybierasz <strong>certyfikowany, skuteczny i legalny produkt 100%<\/strong>. Zdecyduj si\u0119 na zakup CBD Flower ju\u017c dzi\u015b i przenie\u015b swoje doznania na inny poziom.\u00a0<\/span><\/p>\n<p>Nadal masz w\u0105tpliwo\u015bci? Napisz do nas, a z przyjemno\u015bci\u0105 pomo\u017cemy Ci znale\u017a\u0107 odpowiedni produkt.<\/p>\n<p>&nbsp;<\/p>\n<h6>\u2139\ufe0f<strong> Informacje prawne<\/strong><\/h6>\n<p><em><span style=\"font-weight: 400\">*Produkt przeznaczony do kolekcjonowania lub aromaterapii, zgodnie z obowi\u0105zuj\u0105cymi w Hiszpanii przepisami. <\/span><\/em><\/p>\n<p><em><span style=\"font-weight: 400\">**Pochodzi z certyfikowanych konopi przemys\u0142owych. Zawiera mniej ni\u017c 0,3 THC i nie zawiera nielegalnych kannabinoid\u00f3w, takich jak HHC, HHC-P, THCP, THCP-O, H4CBD lub substancji wymienionych w za\u0142\u0105czniku I do dekretu kr\u00f3lewskiego 2829\/1977, ani substancji kontrolowanych przez konwencje mi\u0119dzynarodowe.\u00a0\u00a0<\/span><\/em><\/p>","protected":false},"excerpt":{"rendered":"<p><span style=\"font-weight: 400\">Ten kwiat STV wyr\u00f3\u017cnia si\u0119 cytrusowymi i \u015bwie\u017cymi tonami, a wzbogacenie go o STV zwi\u0119ksza jasno\u015b\u0107 umys\u0142u, skupienie i dobry nastr\u00f3j:<\/span><\/p>\n<ul>\n<li>Wysokiej jako\u015bci kwiat CBD wzbogacony o STV (Sativanol)<\/li>\n<li>THC: &lt;0,3%<\/li>\n<li>Ostry, s\u0142odko-kwa\u015bny aromat<\/li>\n<li>100% legalny Hiszpania i Europa<\/li>\n<\/ul>\n<p><span style=\"font-weight: 400\">Konsultacje<strong> <a href=\"https:\/\/iguanasmoke.com\/pl\/analityka\/\">analiza laboratoryjna.<\/a><\/strong><\/span><\/p>","protected":false},"featured_media":60683,"comment_status":"open","ping_status":"closed","template":"","meta":{"_acf_changed":false,"site-sidebar-layout":"default","site-content-layout":"","ast-site-content-layout":"default","site-content-style":"default","site-sidebar-style":"default","ast-global-header-display":"","ast-banner-title-visibility":"","ast-main-header-display":"","ast-hfb-above-header-display":"","ast-hfb-below-header-display":"","ast-hfb-mobile-header-display":"","site-post-title":"","ast-breadcrumbs-content":"","ast-featured-img":"","footer-sml-layout":"","theme-transparent-header-meta":"default","adv-header-id-meta":"","stick-header-meta":"","header-above-stick-meta":"","header-main-stick-meta":"","header-below-stick-meta":"","astra-migrate-meta-layouts":"set","ast-page-background-enabled":"default","ast-page-background-meta":{"desktop":{"background-color":"var(--ast-global-color-4)","background-image":"","background-repeat":"repeat","background-position":"center center","background-size":"auto","background-attachment":"scroll","background-type":"","background-media":"","overlay-type":"","overlay-color":"","overlay-opacity":"","overlay-gradient":""},"tablet":{"background-color":"","background-image":"","background-repeat":"repeat","background-position":"center center","background-size":"auto","background-attachment":"scroll","background-type":"","background-media":"","overlay-type":"","overlay-color":"","overlay-opacity":"","overlay-gradient":""},"mobile":{"background-color":"","background-image":"","background-repeat":"repeat","background-position":"center center","background-size":"auto","background-attachment":"scroll","background-type":"","background-media":"","overlay-type":"","overlay-color":"","overlay-opacity":"","overlay-gradient":""}},"ast-content-background-meta":{"desktop":{"background-color":"var(--ast-global-color-5)","background-image":"","background-repeat":"repeat","background-position":"center center","background-size":"auto","background-attachment":"scroll","background-type":"","background-media":"","overlay-type":"","overlay-color":"","overlay-opacity":"","overlay-gradient":""},"tablet":{"background-color":"var(--ast-global-color-5)","background-image":"","background-repeat":"repeat","background-position":"center center","background-size":"auto","background-attachment":"scroll","background-type":"","background-media":"","overlay-type":"","overlay-color":"","overlay-opacity":"","overlay-gradient":""},"mobile":{"background-color":"var(--ast-global-color-5)","background-image":"","background-repeat":"repeat","background-position":"center center","background-size":"auto","background-attachment":"scroll","background-type":"","background-media":"","overlay-type":"","overlay-color":"","overlay-opacity":"","overlay-gradient":""}}},"product_brand":[],"product_cat":[328,982,549],"product_tag":[],"class_list":{"0":"post-60561","1":"product","2":"type-product","3":"status-publish","4":"has-post-thumbnail","6":"product_cat-comprar-flores-de-cbd-y-cogollos-de-cbd","7":"product_cat-flores-stv","8":"product_cat-sativanol","9":"desktop-align-center","10":"tablet-align-center","11":"mobile-align-center","13":"first","14":"instock","15":"taxable","16":"shipping-taxable","17":"purchasable","18":"product-type-variable"},"acf":[],"yoast_head":"<!-- This site is optimized with the Yoast SEO Premium plugin v27.3 (Yoast SEO v27.3) - https:\/\/yoast.com\/product\/yoast-seo-premium-wordpress\/ -->\n<title>Flor STV Gelato 20% | Iguana Smoke<\/title>\n<meta name=\"description\" content=\"Descubre Flor STV Gelato 20%: CBD premium con Sativanol (STV) para energ\u00eda y enfoque. 100% legal, sin THC psicoactivo. Compra online en Iguana Smoke.\" \/>\n<meta name=\"robots\" content=\"index, follow, max-snippet:-1, max-image-preview:large, max-video-preview:-1\" \/>\n<link rel=\"canonical\" href=\"https:\/\/iguanasmoke.com\/pl\/product-2\/kupic-flower-stv-gelato-20-pakow-online\/\" \/>\n<meta property=\"og:locale\" content=\"pl_PL\" \/>\n<meta property=\"og:type\" content=\"article\" \/>\n<meta property=\"og:title\" content=\"Flor Gelato STV 20% Space Flowers\" \/>\n<meta property=\"og:description\" content=\"Esta Flor STV destaca por sus tonos c\u00edtricos y frescos, al ser enriquecida con STV se potencia la claridad mental, el enfoque y el buen \u00e1nimo:   Flor CBD premium enriquecida con STV (Sativanol)  THC: &lt;0,3%  Aroma penetrante y agridulce  100% legal Espa\u00f1a y Europa  Consulta el an\u00e1lisis de laboratorio.\" \/>\n<meta property=\"og:url\" content=\"https:\/\/iguanasmoke.com\/pl\/product-2\/kupic-flower-stv-gelato-20-pakow-online\/\" \/>\n<meta property=\"og:site_name\" content=\"Iguana Smoke\" \/>\n<meta property=\"article:publisher\" content=\"https:\/\/www.facebook.com\/iguanasmoke\" \/>\n<meta property=\"article:modified_time\" content=\"2026-03-26T08:20:46+00:00\" \/>\n<meta property=\"og:image\" content=\"https:\/\/iguanasmoke.com\/wp-content\/uploads\/2025\/07\/Gelato-STV-2g-bolsa-con-cogollo-2025.webp\" \/>\n\t<meta property=\"og:image:width\" content=\"1000\" \/>\n\t<meta property=\"og:image:height\" content=\"1000\" \/>\n\t<meta property=\"og:image:type\" content=\"image\/webp\" \/>\n<meta name=\"twitter:card\" content=\"summary_large_image\" \/>\n<meta name=\"twitter:label1\" content=\"Dost\u0119pno\u015b\u0107\" \/>\n\t<meta name=\"twitter:data1\" content=\"Dost\u0119pny\" \/>\n<meta property=\"product:brand\" content=\"variable\" \/>\n<meta property=\"og:availability\" content=\"instock\" \/>\n<meta property=\"product:availability\" content=\"instock\" \/>\n<meta property=\"product:condition\" content=\"new\" \/>\n<!-- \/ Yoast SEO Premium plugin. -->","yoast_head_json":{"title":"Flor STV Gelato 20% : Iguana Smoke","description":"Odkryj Flor STV Gelato 20%: najwy\u017cszej jako\u015bci CBD z Sativanolem (STV) dla energii i skupienia. 100% legalny, bez psychoaktywnego THC. Kup online w Iguana Smoke.","robots":{"index":"index","follow":"follow","max-snippet":"max-snippet:-1","max-image-preview":"max-image-preview:large","max-video-preview":"max-video-preview:-1"},"canonical":"https:\/\/iguanasmoke.com\/pl\/product-2\/kupic-flower-stv-gelato-20-pakow-online\/","og_locale":"pl_PL","og_type":"article","og_title":"Flor Gelato STV 20% Space Flowers","og_description":"Esta Flor STV destaca por sus tonos c\u00edtricos y frescos, al ser enriquecida con STV se potencia la claridad mental, el enfoque y el buen \u00e1nimo:   Flor CBD premium enriquecida con STV (Sativanol)  THC: &lt;0,3%  Aroma penetrante y agridulce  100% legal Espa\u00f1a y Europa  Consulta el an\u00e1lisis de laboratorio.","og_url":"https:\/\/iguanasmoke.com\/pl\/product-2\/kupic-flower-stv-gelato-20-pakow-online\/","og_site_name":"Iguana Smoke","article_publisher":"https:\/\/www.facebook.com\/iguanasmoke","article_modified_time":"2026-03-26T08:20:46+00:00","og_image":[{"width":1000,"height":1000,"url":"https:\/\/iguanasmoke.com\/wp-content\/uploads\/2025\/07\/Gelato-STV-2g-bolsa-con-cogollo-2025.webp","type":"image\/webp"}],"twitter_card":"summary_large_image","twitter_misc":{"Dost\u0119pno\u015b\u0107":"Dost\u0119pny"},"schema":{"@context":"https:\/\/schema.org","@graph":[{"@type":"WebPage","@id":"https:\/\/iguanasmoke.com\/producto\/comprar-flor-stv-gelato-20-cogollos-online\/","url":"https:\/\/iguanasmoke.com\/producto\/comprar-flor-stv-gelato-20-cogollos-online\/","name":"Flor STV Gelato 20% : Iguana Smoke","isPartOf":{"@id":"https:\/\/iguanasmoke.com\/#website"},"primaryImageOfPage":{"@id":"https:\/\/iguanasmoke.com\/producto\/comprar-flor-stv-gelato-20-cogollos-online\/#primaryimage"},"image":{"@id":"https:\/\/iguanasmoke.com\/producto\/comprar-flor-stv-gelato-20-cogollos-online\/#primaryimage"},"thumbnailUrl":"https:\/\/iguanasmoke.com\/wp-content\/uploads\/2025\/07\/Gelato-STV-2g-bolsa-con-cogollo-2025.webp","datePublished":"2025-07-10T18:00:28+00:00","dateModified":"2026-03-26T08:20:46+00:00","description":"Odkryj Flor STV Gelato 20%: najwy\u017cszej jako\u015bci CBD z Sativanolem (STV) dla energii i skupienia. 100% legalny, bez psychoaktywnego THC. Kup online w Iguana Smoke.","breadcrumb":{"@id":"https:\/\/iguanasmoke.com\/producto\/comprar-flor-stv-gelato-20-cogollos-online\/#breadcrumb"},"inLanguage":"pl-PL","potentialAction":[{"@type":"ReadAction","target":["https:\/\/iguanasmoke.com\/producto\/comprar-flor-stv-gelato-20-cogollos-online\/"]}]},{"@type":"ImageObject","inLanguage":"pl-PL","@id":"https:\/\/iguanasmoke.com\/producto\/comprar-flor-stv-gelato-20-cogollos-online\/#primaryimage","url":"https:\/\/iguanasmoke.com\/wp-content\/uploads\/2025\/07\/Gelato-STV-2g-bolsa-con-cogollo-2025.webp","contentUrl":"https:\/\/iguanasmoke.com\/wp-content\/uploads\/2025\/07\/Gelato-STV-2g-bolsa-con-cogollo-2025.webp","width":1000,"height":1000,"caption":"gelato STV"},{"@type":"BreadcrumbList","@id":"https:\/\/iguanasmoke.com\/producto\/comprar-flor-stv-gelato-20-cogollos-online\/#breadcrumb","itemListElement":[{"@type":"ListItem","position":1,"name":"home","item":"https:\/\/iguanasmoke.com\/"},{"@type":"ListItem","position":2,"name":"Tienda","item":"https:\/\/iguanasmoke.com\/tienda\/"},{"@type":"ListItem","position":3,"name":"Flores de CBD","item":"https:\/\/iguanasmoke.com\/categoria\/comprar-flores-de-cbd-y-cogollos-de-cbd\/"},{"@type":"ListItem","position":4,"name":"Flor Gelato STV 20% Space Flowers"}]},{"@type":"WebSite","@id":"https:\/\/iguanasmoke.com\/#website","url":"https:\/\/iguanasmoke.com\/","name":"Iguana Smoke","description":"Kup CBD online w najlepszej cenie","publisher":{"@id":"https:\/\/iguanasmoke.com\/#organization"},"potentialAction":[{"@type":"SearchAction","target":{"@type":"EntryPoint","urlTemplate":"https:\/\/iguanasmoke.com\/?s={search_term_string}"},"query-input":{"@type":"PropertyValueSpecification","valueRequired":true,"valueName":"search_term_string"}}],"inLanguage":"pl-PL"},{"@type":"Organization","@id":"https:\/\/iguanasmoke.com\/#organization","name":"Iguana Smoke","url":"https:\/\/iguanasmoke.com\/","logo":{"@type":"ImageObject","inLanguage":"pl-PL","@id":"https:\/\/iguanasmoke.com\/#\/schema\/logo\/image\/","url":"https:\/\/iguanasmoke.com\/wp-content\/uploads\/2025\/01\/logoiguana-favi-1.png","contentUrl":"https:\/\/iguanasmoke.com\/wp-content\/uploads\/2025\/01\/logoiguana-favi-1.png","width":512,"height":512,"caption":"Iguana Smoke"},"image":{"@id":"https:\/\/iguanasmoke.com\/#\/schema\/logo\/image\/"},"sameAs":["https:\/\/www.facebook.com\/iguanasmoke","https:\/\/www.instagram.com\/iguanasmoke\/"]}]},"product_brand":"variable","og_availability":"instock","product_availability":"instock","product_condition":"new"},"_links":{"self":[{"href":"https:\/\/iguanasmoke.com\/pl\/wp-json\/wp\/v2\/product\/60561","targetHints":{"allow":["GET"]}}],"collection":[{"href":"https:\/\/iguanasmoke.com\/pl\/wp-json\/wp\/v2\/product"}],"about":[{"href":"https:\/\/iguanasmoke.com\/pl\/wp-json\/wp\/v2\/types\/product"}],"replies":[{"embeddable":true,"href":"https:\/\/iguanasmoke.com\/pl\/wp-json\/wp\/v2\/comments?post=60561"}],"wp:featuredmedia":[{"embeddable":true,"href":"https:\/\/iguanasmoke.com\/pl\/wp-json\/wp\/v2\/media\/60683"}],"wp:attachment":[{"href":"https:\/\/iguanasmoke.com\/pl\/wp-json\/wp\/v2\/media?parent=60561"}],"wp:term":[{"taxonomy":"product_brand","embeddable":true,"href":"https:\/\/iguanasmoke.com\/pl\/wp-json\/wp\/v2\/product_brand?post=60561"},{"taxonomy":"product_cat","embeddable":true,"href":"https:\/\/iguanasmoke.com\/pl\/wp-json\/wp\/v2\/product_cat?post=60561"},{"taxonomy":"product_tag","embeddable":true,"href":"https:\/\/iguanasmoke.com\/pl\/wp-json\/wp\/v2\/product_tag?post=60561"}],"curies":[{"name":"wp","href":"https:\/\/api.w.org\/{rel}","templated":true}]}}