{"id":60566,"date":"2025-07-10T00:51:12","date_gmt":"2025-07-09T22:51:12","guid":{"rendered":"https:\/\/iguanasmoke.com\/?post_type=product&#038;p=60566"},"modified":"2025-12-17T14:36:17","modified_gmt":"2025-12-17T13:36:17","slug":"mikrodozowanie-trufli","status":"publish","type":"product","link":"https:\/\/iguanasmoke.com\/pl\/producto\/microdosing-trufas\/","title":{"rendered":"Mikrodozowanie Magic Truffles 6x1g"},"content":{"rendered":"<h1><span style=\"font-weight: 400;\">Mikrodozowanie magicznych trufli do bada\u0144 mikologicznych<\/span><\/h1>\n<p><span style=\"font-weight: 400;\">Zapraszamy do zapoznania si\u0119 z koncepcj\u0105 <strong>Mikrodawkowanie magicznych trufli<\/strong> z perspektywy <strong>informacyjny, naukowy i mykologiczny<\/strong>. Format ten sta\u0142 si\u0119 z czasem punktem zainteresowania we wsp\u00f3\u0142czesnym \u015bwiecie. <strong>sklerocja psilocytarna<\/strong>, szczeg\u00f3lnie za precyzyjn\u0105 i ustandaryzowan\u0105 prezentacj\u0119. <\/span><\/p>\n<p><span style=\"font-weight: 400;\">Ponadto mikrodawkowanie trufli jest szczeg\u00f3lnie przydatne w nast\u0119puj\u0105cych obszarach <strong>obserwacje mykologiczne, analiza morfologiczna i projekty dokumentacyjne<\/strong>, Pozwala to na badanie ma\u0142ych jednorodnych jednostek bez zmiany naturalnej struktury pr\u00f3bki.<\/span><\/p>\n<p>&nbsp;<\/p>\n<h2>Czym jest mikrodawkowanie trufli?<\/h2>\n<p><span style=\"font-weight: 400;\">Zasadniczo mikrodawkowanie odnosi si\u0119 do <strong>format prezentacji w ma\u0142ych u\u0142amkach<\/strong>, Produkty s\u0105 starannie oddzielane i pakowane. W tym kontek\u015bcie, <strong>nie opisuje metody konsumpcji<\/strong>, ale praktyczny spos\u00f3b na <strong>sortowanie, badanie i konserwowanie trufli psilocybowych<\/strong> do analizy.<\/span><\/p>\n<p><span style=\"font-weight: 400;\">Z drugiej strony, ten rodzaj prezentacji u\u0142atwia prac\u0119 badaczom, kolekcjonerom i entuzjastom mikologii, poniewa\u017c pozwala por\u00f3wnywa\u0107 tekstury, g\u0119sto\u015b\u0107 wewn\u0119trzn\u0105 i wzory grzybni w uporz\u0105dkowany i systematyczny spos\u00f3b. Dzi\u0119ki mikrodozowaniu magicznych trufli zapewniona jest dok\u0142adno\u015b\u0107.<\/span><\/p>\n<p><span style=\"font-weight: 400;\">Ponadto, poniewa\u017c s\u0105 to jednostki znormalizowane, jest to szczeg\u00f3lnie przydatne dla <strong>badania por\u00f3wnawcze<\/strong>, Zapis fotograficzny i szczeg\u00f3\u0142owa obserwacja mikroskopowa. przez kolekcjoner\u00f3w i wystawc\u00f3w.<\/span><\/p>\n<p>&nbsp;<\/p>\n<h3>Historyczny i naukowy kontekst mikrodawkowania<\/h3>\n<p><span style=\"font-weight: 400;\">Z historycznego punktu widzenia zainteresowanie <strong>minimalne dawki w \u015brodowiskach naukowych<\/strong> pojawi\u0142a si\u0119 jako spos\u00f3b na analiz\u0119 substancji i organizm\u00f3w bez znacz\u0105cej zmiany ich naturalnych w\u0142a\u015bciwo\u015bci. <\/span><\/p>\n<p><span style=\"font-weight: 400;\">Z biegiem czasu koncepcja ta zosta\u0142a r\u00f3wnie\u017c przyj\u0119ta w ramach<strong> nowoczesna mikologia<\/strong>, gdzie mikrodawkowanie jest rozumiane jako <strong>ustrukturyzowany format badania<\/strong>, nie jako praktyka do u\u017cytku osobistego. <\/span><\/p>\n<p><span style=\"font-weight: 400;\">Obecnie, podczas gdy badania naukowe nad zgnilizn\u0105 twardzikow\u0105 nadal czyni\u0105 stopniowe post\u0119py, wiele bada\u0144 obserwacyjnych podkre\u015bla warto\u015b\u0107 mikrodawkowania w leczeniu zgnilizny twardzikowej. <strong>dokumentacja mykologiczna<\/strong>, kreatywna analiza i zrozumienie proces\u00f3w grzybiczych. W rzeczywisto\u015bci mikrodawkowanie magicznych trufli jest bardzo istotne w tej dziedzinie.<\/span><\/p>\n<p><span style=\"font-weight: 400;\">W zwi\u0105zku z tym format ten zyska\u0142 na znaczeniu w plac\u00f3wkach edukacyjnych, specjalistycznych kolekcjach i kontrolowanych projektach eksperymentalnych.\u00a0 <\/span><\/p>\n<h2><strong>Zastosowania mikrodozowania w mikologii<\/strong><\/h2>\n<p><span style=\"font-weight: 400;\">Og\u00f3lnie rzecz bior\u0105c, mikrodozowanie trufli pozwala: <\/span><\/p>\n<ul>\n<li><span style=\"font-weight: 400;\"><strong>U\u0142atwienie obserwacji mykologicznych<\/strong>idealny do szczeg\u00f3\u0142owych i por\u00f3wnawczych bada\u0144. <\/span><\/li>\n<li><span style=\"font-weight: 400;\"><strong>Optymalizacja analizy strukturalnej:<\/strong> dzi\u0119ki jednorodno\u015bci ka\u017cdej jednostki. <\/span><\/li>\n<li><span style=\"font-weight: 400;\"><strong>Poprawa dokumentacji naukowej:<\/strong> zw\u0142aszcza w dokumentacji laboratoryjnej i fotograficznej. Technika mikrodozowania stosowana w przypadku magicznych trufli wyr\u00f3\u017cnia si\u0119 w tym obszarze. <\/span><\/li>\n<li><span style=\"font-weight: 400;\"><strong>Wspieranie kreatywnych i edukacyjnych projekt\u00f3w:<\/strong> zwi\u0105zane z mikologi\u0105 i botanik\u0105 eksperymentaln\u0105. <\/span><\/li>\n<\/ul>\n<p><span style=\"font-weight: 400;\">W rezultacie format ten jest pozycjonowany jako praktyczna opcja dla tych, kt\u00f3rzy chc\u0105 <strong>porz\u0105dek, precyzja i jako\u015b\u0107<\/strong> w swoich badaniach. <\/span><\/p>\n<p>&nbsp;<\/p>\n<h2>Cechy mikrodawkowania magicznych trufli<\/h2>\n<ul>\n<li><strong>100% naturalny i ekologiczny<\/strong><\/li>\n<li><strong>\u015awie\u017ce trufle Psilocybe Galindoi<\/strong><\/li>\n<li><strong>Kontrola jako\u015bci i czysto\u015bci<\/strong><\/li>\n<li><strong>Konserwacja pr\u00f3\u017cniowa<\/strong><\/li>\n<li><strong>Dok\u0142adne i bezpieczne dawkowanie: 1 gram<\/strong><\/li>\n<li><strong>Wysoka czysto\u015b\u0107 mikologiczna<\/strong><\/li>\n<\/ul>\n<p><span style=\"font-weight: 400;\">Dzi\u0119ki tym cechom staje si\u0119 doskona\u0142ym narz\u0119dziem do <strong>odpowiedzialne badania mikologiczne<\/strong>, Zw\u0142aszcza gdy jest wykonywany w ramach mikrodawkowania magicznych trufli.<\/span><\/p>\n<p>&nbsp;<\/p>\n<h2 data-start=\"2130\" data-end=\"2181\">Bezpieczne i zgodne z prawem zakupy<\/h2>\n<p data-start=\"2183\" data-end=\"2374\"><span style=\"font-weight: 400;\">W naszym sklepie internetowym mo\u017cna kupi\u0107<strong> Mikrodawkowanie magicznych trufli <\/strong>z ca\u0142kowitym spokojem:<\/span><\/p>\n<ul>\n<li data-start=\"2183\" data-end=\"2374\"><span style=\"font-weight: 400;\">S\u0105 one zgodne z przepisami prawnymi obowi\u0105zuj\u0105cymi w Hiszpanii dla produkt\u00f3w wykonanych z<strong> u\u017cytek niekonsumpcyjny<\/strong>. <\/span><\/li>\n<li data-start=\"2183\" data-end=\"2374\"><span style=\"font-weight: 400;\">Zawieraj\u0105 one wyra\u017ane ostrze\u017cenia dotycz\u0105ce ich przeznaczenia.<\/span><\/li>\n<li data-start=\"2183\" data-end=\"2374\"><span style=\"font-weight: 400;\">Dyskretna wysy\u0142ka i bezpieczne opakowanie. <\/span><\/li>\n<\/ul>\n<p>&nbsp;<\/p>\n<p style=\"text-align: center; padding-left: 40px;\"><span style=\"font-weight: 400;\"><em>\u00a0\u26a0\ufe0fNo nie zach\u0119camy ani nie zalecamy ich spo\u017cywania. S\u0105 one przeznaczone wy\u0142\u0105cznie do bada\u0144 mykologicznych, cel\u00f3w dekoracyjnych lub kolekcjonerskich.<\/em>. W przypadku pyta\u0144 dotycz\u0105cych regulacji prosimy o kontakt przed z\u0142o\u017ceniem zam\u00f3wienia.\u00a0<\/span><\/p>","protected":false},"excerpt":{"rendered":"<p><span style=\"font-size: 16px; font-weight: 400;\">The <strong>mikrodozowanie trufli mikologicznych<\/strong> z<em><strong> Psilocybe galindoi<\/strong> <\/em>jest dost\u0119pny w formacie 6 dawek po 1 g. S\u0105 to \u015bwie\u017ce sklerocja o doskona\u0142ej jako\u015bci do bada\u0144 mikologicznych.\u00a0\u00a0<\/span><\/p>\n<p><span style=\"font-weight: 400;\"><strong>Nie do spo\u017cycia przez ludzi<\/strong>. <strong>W razie w\u0105tpliwo\u015bci prosimy o kontakt lub zapoznanie si\u0119 z regulaminem.<\/strong>.<\/span><\/p>","protected":false},"featured_media":60626,"comment_status":"open","ping_status":"closed","template":"","meta":{"_acf_changed":false,"site-sidebar-layout":"default","site-content-layout":"","ast-site-content-layout":"default","site-content-style":"default","site-sidebar-style":"default","ast-global-header-display":"","ast-banner-title-visibility":"","ast-main-header-display":"","ast-hfb-above-header-display":"","ast-hfb-below-header-display":"","ast-hfb-mobile-header-display":"","site-post-title":"","ast-breadcrumbs-content":"","ast-featured-img":"","footer-sml-layout":"","theme-transparent-header-meta":"default","adv-header-id-meta":"","stick-header-meta":"","header-above-stick-meta":"","header-main-stick-meta":"","header-below-stick-meta":"","astra-migrate-meta-layouts":"set","ast-page-background-enabled":"default","ast-page-background-meta":{"desktop":{"background-color":"var(--ast-global-color-4)","background-image":"","background-repeat":"repeat","background-position":"center center","background-size":"auto","background-attachment":"scroll","background-type":"","background-media":"","overlay-type":"","overlay-color":"","overlay-opacity":"","overlay-gradient":""},"tablet":{"background-color":"","background-image":"","background-repeat":"repeat","background-position":"center center","background-size":"auto","background-attachment":"scroll","background-type":"","background-media":"","overlay-type":"","overlay-color":"","overlay-opacity":"","overlay-gradient":""},"mobile":{"background-color":"","background-image":"","background-repeat":"repeat","background-position":"center center","background-size":"auto","background-attachment":"scroll","background-type":"","background-media":"","overlay-type":"","overlay-color":"","overlay-opacity":"","overlay-gradient":""}},"ast-content-background-meta":{"desktop":{"background-color":"var(--ast-global-color-5)","background-image":"","background-repeat":"repeat","background-position":"center center","background-size":"auto","background-attachment":"scroll","background-type":"","background-media":"","overlay-type":"","overlay-color":"","overlay-opacity":"","overlay-gradient":""},"tablet":{"background-color":"var(--ast-global-color-5)","background-image":"","background-repeat":"repeat","background-position":"center center","background-size":"auto","background-attachment":"scroll","background-type":"","background-media":"","overlay-type":"","overlay-color":"","overlay-opacity":"","overlay-gradient":""},"mobile":{"background-color":"var(--ast-global-color-5)","background-image":"","background-repeat":"repeat","background-position":"center center","background-size":"auto","background-attachment":"scroll","background-type":"","background-media":"","overlay-type":"","overlay-color":"","overlay-opacity":"","overlay-gradient":""}}},"product_brand":[],"product_cat":[594,595],"product_tag":[],"class_list":{"0":"post-60566","1":"product","2":"type-product","3":"status-publish","4":"has-post-thumbnail","6":"product_cat-smartshop","7":"product_cat-trufas-magicas","8":"desktop-align-center","9":"tablet-align-center","10":"mobile-align-center","12":"first","13":"outofstock","14":"taxable","15":"shipping-taxable","16":"purchasable","17":"product-type-simple"},"acf":[],"yoast_head":"<!-- This site is optimized with the Yoast SEO Premium plugin v27.3 (Yoast SEO v27.3) - https:\/\/yoast.com\/product\/yoast-seo-premium-wordpress\/ -->\n<title>Microdosing de Trufas M\u00e1gicas 6x1g | Iguana Smoke<\/title>\n<meta name=\"description\" content=\"Conoce las claves del microdosing de trufas m\u00e1gicas desde un enfoque cient\u00edfico y micol\u00f3gico. \u00a1Explora este interesante mundo micol\u00f3gico ahora!\" \/>\n<meta name=\"robots\" content=\"index, follow, max-snippet:-1, max-image-preview:large, max-video-preview:-1\" \/>\n<link rel=\"canonical\" href=\"https:\/\/iguanasmoke.com\/pl\/product-2\/mikrodozowanie-trufli\/\" \/>\n<meta property=\"og:locale\" content=\"pl_PL\" \/>\n<meta property=\"og:type\" content=\"article\" \/>\n<meta property=\"og:title\" content=\"Microdosing de Trufas M\u00e1gicas 6x1g\" \/>\n<meta property=\"og:description\" content=\"El microdosing de Trufas micol\u00f3gicas de Psilocybe Galindoi viene en un formato de 6 dosis de 1g. Estos son esclerocios frescos, con una calidad excelente para hacer estudios micol\u00f3gicos.\u00a0\u00a0  No est\u00e1 destinado al consumo humano. Si tienes dudas cons\u00faltanos o revisa la normativa.\" \/>\n<meta property=\"og:url\" content=\"https:\/\/iguanasmoke.com\/pl\/product-2\/mikrodozowanie-trufli\/\" \/>\n<meta property=\"og:site_name\" content=\"Iguana Smoke\" \/>\n<meta property=\"article:publisher\" content=\"https:\/\/www.facebook.com\/iguanasmoke\" \/>\n<meta property=\"article:modified_time\" content=\"2025-12-17T13:36:17+00:00\" \/>\n<meta property=\"og:image\" content=\"https:\/\/iguanasmoke.com\/wp-content\/uploads\/2025\/07\/microdosis.webp\" \/>\n\t<meta property=\"og:image:width\" content=\"1000\" \/>\n\t<meta property=\"og:image:height\" content=\"1000\" \/>\n\t<meta property=\"og:image:type\" content=\"image\/webp\" \/>\n<meta name=\"twitter:card\" content=\"summary_large_image\" \/>\n<meta name=\"twitter:label1\" content=\"Cena\" \/>\n\t<meta name=\"twitter:data1\" content=\"18,25&nbsp;&euro;\" \/>\n\t<meta name=\"twitter:label2\" content=\"Dost\u0119pno\u015b\u0107\" \/>\n\t<meta name=\"twitter:data2\" content=\"Brak w magazynie\" \/>\n<meta property=\"product:brand\" content=\"simple\" \/>\n<meta property=\"product:price:amount\" content=\"18.25\" \/>\n<meta property=\"product:price:currency\" content=\"EUR\" \/>\n<meta property=\"og:availability\" content=\"out of stock\" \/>\n<meta property=\"product:availability\" content=\"out of stock\" \/>\n<meta property=\"product:retailer_item_id\" content=\"SJ-MICROTRUFA\" \/>\n<meta property=\"product:condition\" content=\"new\" \/>\n<!-- \/ Yoast SEO Premium plugin. -->","yoast_head_json":{"title":"Mikrodozowanie Magic Truffles 6x1g | Iguana Smoke","description":"Poznaj klucze do mikrodawkowania magicznych trufli z naukowego i mikologicznego podej\u015bcia - odkryj ten interesuj\u0105cy mikologiczny \u015bwiat ju\u017c teraz!","robots":{"index":"index","follow":"follow","max-snippet":"max-snippet:-1","max-image-preview":"max-image-preview:large","max-video-preview":"max-video-preview:-1"},"canonical":"https:\/\/iguanasmoke.com\/pl\/product-2\/mikrodozowanie-trufli\/","og_locale":"pl_PL","og_type":"article","og_title":"Microdosing de Trufas M\u00e1gicas 6x1g","og_description":"El microdosing de Trufas micol\u00f3gicas de Psilocybe Galindoi viene en un formato de 6 dosis de 1g. Estos son esclerocios frescos, con una calidad excelente para hacer estudios micol\u00f3gicos.\u00a0\u00a0  No est\u00e1 destinado al consumo humano. Si tienes dudas cons\u00faltanos o revisa la normativa.","og_url":"https:\/\/iguanasmoke.com\/pl\/product-2\/mikrodozowanie-trufli\/","og_site_name":"Iguana Smoke","article_publisher":"https:\/\/www.facebook.com\/iguanasmoke","article_modified_time":"2025-12-17T13:36:17+00:00","og_image":[{"width":1000,"height":1000,"url":"https:\/\/iguanasmoke.com\/wp-content\/uploads\/2025\/07\/microdosis.webp","type":"image\/webp"}],"twitter_card":"summary_large_image","twitter_misc":{"Cena":"18,25&nbsp;&euro;","Dost\u0119pno\u015b\u0107":"Brak w magazynie"},"schema":{"@context":"https:\/\/schema.org","@graph":[{"@type":"WebPage","@id":"https:\/\/iguanasmoke.com\/producto\/microdosing-trufas\/","url":"https:\/\/iguanasmoke.com\/producto\/microdosing-trufas\/","name":"Mikrodozowanie Magic Truffles 6x1g | Iguana Smoke","isPartOf":{"@id":"https:\/\/iguanasmoke.com\/#website"},"primaryImageOfPage":{"@id":"https:\/\/iguanasmoke.com\/producto\/microdosing-trufas\/#primaryimage"},"image":{"@id":"https:\/\/iguanasmoke.com\/producto\/microdosing-trufas\/#primaryimage"},"thumbnailUrl":"https:\/\/iguanasmoke.com\/wp-content\/uploads\/2025\/07\/microdosis.webp","datePublished":"2025-07-09T22:51:12+00:00","dateModified":"2025-12-17T13:36:17+00:00","description":"Poznaj klucze do mikrodawkowania magicznych trufli z naukowego i mikologicznego podej\u015bcia - odkryj ten interesuj\u0105cy mikologiczny \u015bwiat ju\u017c teraz!","breadcrumb":{"@id":"https:\/\/iguanasmoke.com\/producto\/microdosing-trufas\/#breadcrumb"},"inLanguage":"pl-PL","potentialAction":[{"@type":"ReadAction","target":["https:\/\/iguanasmoke.com\/producto\/microdosing-trufas\/"]}]},{"@type":"ImageObject","inLanguage":"pl-PL","@id":"https:\/\/iguanasmoke.com\/producto\/microdosing-trufas\/#primaryimage","url":"https:\/\/iguanasmoke.com\/wp-content\/uploads\/2025\/07\/microdosis.webp","contentUrl":"https:\/\/iguanasmoke.com\/wp-content\/uploads\/2025\/07\/microdosis.webp","width":1000,"height":1000,"caption":"Microdosing de trufas m\u00e1gicas"},{"@type":"BreadcrumbList","@id":"https:\/\/iguanasmoke.com\/producto\/microdosing-trufas\/#breadcrumb","itemListElement":[{"@type":"ListItem","position":1,"name":"home","item":"https:\/\/iguanasmoke.com\/"},{"@type":"ListItem","position":2,"name":"Tienda","item":"https:\/\/iguanasmoke.com\/tienda\/"},{"@type":"ListItem","position":3,"name":"SmartShop","item":"https:\/\/iguanasmoke.com\/categoria\/smartshop\/"},{"@type":"ListItem","position":4,"name":"Microdosing de Trufas M\u00e1gicas 6x1g"}]},{"@type":"WebSite","@id":"https:\/\/iguanasmoke.com\/#website","url":"https:\/\/iguanasmoke.com\/","name":"Iguana Smoke","description":"Kup CBD online w najlepszej cenie","publisher":{"@id":"https:\/\/iguanasmoke.com\/#organization"},"potentialAction":[{"@type":"SearchAction","target":{"@type":"EntryPoint","urlTemplate":"https:\/\/iguanasmoke.com\/?s={search_term_string}"},"query-input":{"@type":"PropertyValueSpecification","valueRequired":true,"valueName":"search_term_string"}}],"inLanguage":"pl-PL"},{"@type":"Organization","@id":"https:\/\/iguanasmoke.com\/#organization","name":"Iguana Smoke","url":"https:\/\/iguanasmoke.com\/","logo":{"@type":"ImageObject","inLanguage":"pl-PL","@id":"https:\/\/iguanasmoke.com\/#\/schema\/logo\/image\/","url":"https:\/\/iguanasmoke.com\/wp-content\/uploads\/2025\/01\/logoiguana-favi-1.png","contentUrl":"https:\/\/iguanasmoke.com\/wp-content\/uploads\/2025\/01\/logoiguana-favi-1.png","width":512,"height":512,"caption":"Iguana Smoke"},"image":{"@id":"https:\/\/iguanasmoke.com\/#\/schema\/logo\/image\/"},"sameAs":["https:\/\/www.facebook.com\/iguanasmoke","https:\/\/www.instagram.com\/iguanasmoke\/"]}]},"product_brand":"simple","product_price_amount":"18.25","product_price_currency":"EUR","og_availability":"out of stock","product_availability":"out of stock","product_retailer_item_id":"SJ-MICROTRUFA","product_condition":"new"},"_links":{"self":[{"href":"https:\/\/iguanasmoke.com\/pl\/wp-json\/wp\/v2\/product\/60566","targetHints":{"allow":["GET"]}}],"collection":[{"href":"https:\/\/iguanasmoke.com\/pl\/wp-json\/wp\/v2\/product"}],"about":[{"href":"https:\/\/iguanasmoke.com\/pl\/wp-json\/wp\/v2\/types\/product"}],"replies":[{"embeddable":true,"href":"https:\/\/iguanasmoke.com\/pl\/wp-json\/wp\/v2\/comments?post=60566"}],"wp:featuredmedia":[{"embeddable":true,"href":"https:\/\/iguanasmoke.com\/pl\/wp-json\/wp\/v2\/media\/60626"}],"wp:attachment":[{"href":"https:\/\/iguanasmoke.com\/pl\/wp-json\/wp\/v2\/media?parent=60566"}],"wp:term":[{"taxonomy":"product_brand","embeddable":true,"href":"https:\/\/iguanasmoke.com\/pl\/wp-json\/wp\/v2\/product_brand?post=60566"},{"taxonomy":"product_cat","embeddable":true,"href":"https:\/\/iguanasmoke.com\/pl\/wp-json\/wp\/v2\/product_cat?post=60566"},{"taxonomy":"product_tag","embeddable":true,"href":"https:\/\/iguanasmoke.com\/pl\/wp-json\/wp\/v2\/product_tag?post=60566"}],"curies":[{"name":"wp","href":"https:\/\/api.w.org\/{rel}","templated":true}]}}