{"id":61011,"date":"2025-07-14T19:50:53","date_gmt":"2025-07-14T17:50:53","guid":{"rendered":"https:\/\/iguanasmoke.com\/?post_type=product&#038;p=61011"},"modified":"2026-03-19T15:31:33","modified_gmt":"2026-03-19T14:31:33","slug":"krem-hash-cbd-kiwi","status":"publish","type":"product","link":"https:\/\/iguanasmoke.com\/pl\/producto\/hash-cbd-kiwi-cream\/","title":{"rendered":"Hash CBD Kiwi Cream 30%"},"content":{"rendered":"<h1><span style=\"font-weight: 400;\">Kiwi Cream Hash 30% CBD: Najbardziej owocowy haszysz wysokiej jako\u015bci<\/span><\/h1>\n<p><span style=\"font-weight: 400;\">Odkryj egzotyczny i zr\u00f3wnowa\u017cony smak <strong>hash CBD Kiwi Cream 30%<\/strong>, wysokiej jako\u015bci haszysz o unikalnym profilu aromatycznym, kt\u00f3ry \u0142\u0105czy nuty dojrza\u0142ego kiwi z kremowym t\u0142em. <\/span><span style=\"font-weight: 400;\">Wykonane z <strong>konopie premium<\/strong> wyr\u00f3\u017cnia si\u0119, poniewa\u017c<strong>\u00a0to hash<\/strong><strong> Bez THC z wysok\u0105 zawarto\u015bci\u0105 CBD\u00a0<\/strong>i naturalny profil terpenowy, kt\u00f3ry <span style=\"font-size: 16px; font-weight: 400;\">jest idealny dla tych, kt\u00f3rzy chc\u0105<\/span><strong style=\"font-size: 16px;\"> kupi\u0107 tani haszysz CBD<\/strong><span style=\"font-size: 16px; font-weight: 400;\"> z gwarancj\u0105 jako\u015bci.<\/span><\/span><\/p>\n<p><span style=\"font-weight: 400;\"><span style=\"font-size: 16px; font-weight: 400;\">Wypr\u00f3buj go teraz i daj si\u0119 ponie\u015b\u0107 jego urokowi. <strong>owocowe nuty dla delikatnego, koj\u0105cego i przyjemnego uczucia<\/strong>. Nie wahaj si\u0119 kupi\u0107 <strong>CBD Kiwi Cream haszysz 30% <\/strong>w Iguana Smoke.<\/span><\/span><\/p>\n<p>&nbsp;<\/p>\n<h2>Charakterystyka Hash CBD Kiwi Cream 30%:<\/h2>\n<ul>\n<li>Wygl\u0105d i tekstura: <span style=\"font-weight: 400;\">Jego wygl\u0105d zach\u0119ca do cieszenia si\u0119 jego dotykiem <strong>ci\u0105gliwy, \u017cywiczny i \u0142atwy w obr\u00f3bce<\/strong>. W wygl\u0105dzie <strong>mi\u0119kki, zwarty i lekko oleisty<\/strong> z jasnobr\u0105zowym odcieniem, kt\u00f3ry ujawnia jego czysto\u015b\u0107.\u00a0<\/span><\/li>\n<li><span style=\"font-size: 16px; font-weight: 400;\"><strong>Aromat i smak:<\/strong> Aromat jest <strong>egzotyczny<\/strong>, jedn\u0105 z jego g\u0142\u00f3wnych atrakcji: jest to po\u0142\u0105czenie oznaczonych <strong>owocowe nuty dojrza\u0142ych owoc\u00f3w kiwi<\/strong>, <strong>nuty cytrus\u00f3w<\/strong> i t\u0142o o warto\u015bci c<strong>delikatna i \u0142agodna kremowa konsystencja<\/strong> co sprawi, \u017ce b\u0119dzie to jeden z Twoich ulubionych hashy.<\/span><\/li>\n<li><span style=\"font-size: 16px; font-weight: 400;\"><strong>Pochodzenie i czysto\u015b\u0107:<\/strong> \u017bywica ta jest uzyskiwana z kwiat\u00f3w konopi przy u\u017cyciu mechanicznego procesu ekstrakcji, bez rozpuszczalnik\u00f3w i chemikali\u00f3w. Metoda ta zachowuje trichomy i utrzymuje nienaruszone naturalne terpeny ro\u015bliny, odpowiedzialne za jej charakterystyczny aromat. Kluczowe dla os\u00f3b poszukuj\u0105cych <strong>Tanie CBD<\/strong> ale nie chc\u0105 nara\u017ca\u0107 na szwank jako\u015bci <strong>CBD Kiwi Cream Hash 30%.<\/strong><\/span><\/li>\n<\/ul>\n<p>&nbsp;<\/p>\n<h3><b>Dlaczego warto kupowa\u0107 haszysz i \u017cywic\u0119 CBD od Iguana Smoke?<\/b><\/h3>\n<p><span style=\"font-weight: 400;\">W Iguana Smoke stawiamy na jako\u015b\u0107. Nasze produkty haszyszowe CBD s\u0105 100% naturalne i organiczne, bez chemikali\u00f3w i pestycyd\u00f3w. Oznacza to, \u017ce kupuj\u0105c u nas, wybierasz czysty i bezpieczny haszysz i \u017cywice CBD. Podobnie jak w przypadku naszych <strong>h<\/strong><span style=\"font-size: 16px; font-weight: 400;\"><strong>ach\u00eds CBD Kiwi Cream 30%<\/strong><\/span><strong>.<\/strong><\/span><\/p>\n<p><span style=\"font-weight: 400;\">Bez w\u0105tpienia jest to bezpieczne miejsce <strong>Gdzie kupi\u0107 tani haszysz CBD w Hiszpanii?<\/strong> poniewa\u017c wszystkie nasze produkty s\u0105 zatwierdzone przez Uni\u0119 Europejsk\u0105, co gwarantuje ich legalno\u015b\u0107 i bezpiecze\u0144stwo. Dzi\u0119ki zawarto\u015bci THC poni\u017cej 0,3 %, nasz haszysz i \u017cywica CBD pozwalaj\u0105 cieszy\u0107 si\u0119 wieloma korzy\u015bciami p\u0142yn\u0105cymi z CBD bez efekt\u00f3w psychoaktywnych. <\/span><span style=\"font-weight: 400;\">Mo\u017cesz zapozna\u0107 si\u0119 z analiz\u0105 jako\u015bci tego skr\u00f3tu <a href=\"https:\/\/iguanasmoke.com\/pl\/analityka\/\">tutaj<\/a>.\u00a0<\/span><\/p>\n<p><em><span style=\"font-weight: 400;\">Pami\u0119taj: zgodnie z hiszpa\u0144skim prawem jest on przeznaczony do cel\u00f3w kolekcjonerskich lub aromaterapeutycznych.\u00a0<\/span><\/em><\/p>\n<p><span style=\"font-weight: 400;\">Zach\u0119camy do wypr\u00f3bowania naszych innych \u017cywic CBD, takich jak <a href=\"https:\/\/iguanasmoke.com\/pl\/product-2\/static-runtz-hash-cbd-40\/\">Static Runtz<\/a> lub <a href=\"https:\/\/iguanasmoke.com\/pl\/product-2\/hash-cbd-frozen-golden-cider\/\">Hash CBD Frozen Golden Cider<\/a>. Chocia\u017c jeste\u015bmy pewni, \u017ce <strong>Hash CBD Kiwi Cream <span style=\"font-size: 16px; font-weight: 400;\">30%<\/span><\/strong>\u00a0pokochasz. Nie zapomnij r\u00f3wnie\u017c zapozna\u0107 si\u0119 z innymi najlepiej sprzedaj\u0105cymi si\u0119 produktami, takimi jak <a href=\"https:\/\/iguanasmoke.com\/pl\/product-2\/cbd-vape-iguana-pod-mango\/\">Vapes CBD Full Spectrum<\/a> i <a href=\"https:\/\/iguanasmoke.com\/pl\/product-2\/trufle-tampanensis\/\">Trufle <\/a> \u00a1<\/span><span style=\"font-weight: 400;\">Wejd\u017a teraz i kup swojego faworyta!<\/span><\/p>\n<p>&nbsp;<\/p>\n<h3><b>Iguana Smoke to synonim jako\u015bci i niezawodno\u015bci.<\/b><\/h3>\n<p><span style=\"font-weight: 400;\">W Iguana Smoke wierzymy, \u017ce korzystanie z CBD powinno by\u0107 bezpiecznym, dost\u0119pnym i przyjemnym do\u015bwiadczeniem. Dlatego oferujemy wysokiej jako\u015bci produkty, kt\u00f3re \u0142\u0105cz\u0105 si\u0119 z nowymi pokoleniami: lud\u017ami, kt\u00f3rzy szukaj\u0105 nieskomplikowanego wellness, z autentycznymi i niezawodnymi markami. Pami\u0119taj, \u017ce wszystkie nasze produkty s\u0105 <strong>Haszysz bez THC z wysok\u0105 zawarto\u015bci\u0105 CBD<\/strong>, takich jak <strong>haszysz<\/strong> <\/span><span style=\"font-weight: 400;\"><strong>CBD Kiwi Cream <span style=\"font-size: 16px;\">30% <\/span><\/strong>kt\u00f3r\u0105 zamierzasz kupi\u0107.<\/span><\/p>\n<p>Innymi s\u0142owy, nasza misja jest jasna: dostarcza\u0107 najlepsze CBD w uczciwej cenie, ze spokojem wiedz\u0105c, \u017ce wybierasz certyfikowany, skuteczny i legalny produkt 100%. Jeste\u015bmy w czo\u0142\u00f3wce produkt\u00f3w CBD.<\/p>\n<p>Masz jakie\u015b pytania? Napisz do nas, a z przyjemno\u015bci\u0105 pomo\u017cemy Ci znale\u017a\u0107 odpowiedni produkt.<\/p>","protected":false},"excerpt":{"rendered":"<p>Poznaj nasze Kiwi Cream CBD <span style=\"font-weight: 400;\"><span style=\"font-size: 16px; font-weight: 400;\"><strong>30%<\/strong><\/span><\/span>, \u017bywica CBD wyr\u00f3\u017cnia si\u0119 owocowym aromatem kiwi z kremowymi nutami.<\/p>\n<ul>\n<li data-start=\"235\" data-end=\"281\">Mi\u0119kka, \u017cywiczna i \u0142atwa w obs\u0142udze tekstura<\/li>\n<li data-start=\"284\" data-end=\"312\">Bogaty w naturalne terpeny<\/li>\n<li data-start=\"315\" data-end=\"355\">Produkt legalny w Hiszpanii: THC &lt;0,3%<\/li>\n<\/ul>\n<p>Analiza jako\u015bci: kliknij <a href=\"https:\/\/iguanasmoke.com\/pl\/analityka\/\">tutaj<\/a><\/p>","protected":false},"featured_media":81750,"comment_status":"open","ping_status":"closed","template":"","meta":{"_acf_changed":false,"site-sidebar-layout":"default","site-content-layout":"","ast-site-content-layout":"default","site-content-style":"default","site-sidebar-style":"default","ast-global-header-display":"","ast-banner-title-visibility":"","ast-main-header-display":"","ast-hfb-above-header-display":"","ast-hfb-below-header-display":"","ast-hfb-mobile-header-display":"","site-post-title":"","ast-breadcrumbs-content":"","ast-featured-img":"","footer-sml-layout":"","theme-transparent-header-meta":"default","adv-header-id-meta":"","stick-header-meta":"","header-above-stick-meta":"","header-main-stick-meta":"","header-below-stick-meta":"","astra-migrate-meta-layouts":"set","ast-page-background-enabled":"default","ast-page-background-meta":{"desktop":{"background-color":"var(--ast-global-color-4)","background-image":"","background-repeat":"repeat","background-position":"center center","background-size":"auto","background-attachment":"scroll","background-type":"","background-media":"","overlay-type":"","overlay-color":"","overlay-opacity":"","overlay-gradient":""},"tablet":{"background-color":"","background-image":"","background-repeat":"repeat","background-position":"center center","background-size":"auto","background-attachment":"scroll","background-type":"","background-media":"","overlay-type":"","overlay-color":"","overlay-opacity":"","overlay-gradient":""},"mobile":{"background-color":"","background-image":"","background-repeat":"repeat","background-position":"center center","background-size":"auto","background-attachment":"scroll","background-type":"","background-media":"","overlay-type":"","overlay-color":"","overlay-opacity":"","overlay-gradient":""}},"ast-content-background-meta":{"desktop":{"background-color":"var(--ast-global-color-5)","background-image":"","background-repeat":"repeat","background-position":"center center","background-size":"auto","background-attachment":"scroll","background-type":"","background-media":"","overlay-type":"","overlay-color":"","overlay-opacity":"","overlay-gradient":""},"tablet":{"background-color":"var(--ast-global-color-5)","background-image":"","background-repeat":"repeat","background-position":"center center","background-size":"auto","background-attachment":"scroll","background-type":"","background-media":"","overlay-type":"","overlay-color":"","overlay-opacity":"","overlay-gradient":""},"mobile":{"background-color":"var(--ast-global-color-5)","background-image":"","background-repeat":"repeat","background-position":"center center","background-size":"auto","background-attachment":"scroll","background-type":"","background-media":"","overlay-type":"","overlay-color":"","overlay-opacity":"","overlay-gradient":""}}},"product_brand":[],"product_cat":[397],"product_tag":[],"class_list":{"0":"post-61011","1":"product","2":"type-product","3":"status-publish","4":"has-post-thumbnail","6":"product_cat-hash-cbd","7":"desktop-align-center","8":"tablet-align-center","9":"mobile-align-center","11":"first","12":"instock","13":"taxable","14":"shipping-taxable","15":"purchasable","16":"product-type-variable"},"acf":[],"yoast_head":"<!-- This site is optimized with the Yoast SEO Premium plugin v27.3 (Yoast SEO v27.3) - https:\/\/yoast.com\/product\/yoast-seo-premium-wordpress\/ -->\n<title>Hash CBD Kiwi Cream 30%: Aroma Frutal y cremoso| Iguana Smoke<\/title>\n<meta name=\"description\" content=\"Descubre el hach\u00eds CBD Kiwi Cream, tu hash CBD premium con aroma frutal y textura suave: Tu Hash sin THC con alto contenido en CBD 100% legal en Espa\u00f1a.\" \/>\n<meta name=\"robots\" content=\"index, follow, max-snippet:-1, max-image-preview:large, max-video-preview:-1\" \/>\n<link rel=\"canonical\" href=\"https:\/\/iguanasmoke.com\/pl\/product-2\/krem-hash-cbd-kiwi\/\" \/>\n<meta property=\"og:locale\" content=\"pl_PL\" \/>\n<meta property=\"og:type\" content=\"article\" \/>\n<meta property=\"og:title\" content=\"Hash CBD Kiwi Cream 30%\" \/>\n<meta property=\"og:description\" content=\"Explora nuestro Kiwi Cream CBD 30%, una resina CBD que destaca por su aroma afrutado a kiwi con notas cremosas.   Textura suave, resinosa y f\u00e1cil de manipular  Rico en terpenos naturales  Producto legal en Espa\u00f1a: THC &lt;0,3%  An\u00e1lisis de calidad: pincha aqu\u00ed\" \/>\n<meta property=\"og:url\" content=\"https:\/\/iguanasmoke.com\/pl\/product-2\/krem-hash-cbd-kiwi\/\" \/>\n<meta property=\"og:site_name\" content=\"Iguana Smoke\" \/>\n<meta property=\"article:publisher\" content=\"https:\/\/www.facebook.com\/iguanasmoke\" \/>\n<meta property=\"article:modified_time\" content=\"2026-03-19T14:31:33+00:00\" \/>\n<meta property=\"og:image\" content=\"https:\/\/iguanasmoke.com\/wp-content\/uploads\/2025\/07\/Kiwi-2g-con-hash.webp\" \/>\n\t<meta property=\"og:image:width\" content=\"1000\" \/>\n\t<meta property=\"og:image:height\" content=\"1000\" \/>\n\t<meta property=\"og:image:type\" content=\"image\/webp\" \/>\n<meta name=\"twitter:card\" content=\"summary_large_image\" \/>\n<meta name=\"twitter:label1\" content=\"Dost\u0119pno\u015b\u0107\" \/>\n\t<meta name=\"twitter:data1\" content=\"Dost\u0119pny\" \/>\n<meta property=\"product:brand\" content=\"variable\" \/>\n<meta property=\"og:availability\" content=\"instock\" \/>\n<meta property=\"product:availability\" content=\"instock\" \/>\n<meta property=\"product:condition\" content=\"new\" \/>\n<!-- \/ Yoast SEO Premium plugin. -->","yoast_head_json":{"title":"Hash CBD Kiwi Cream 30%: owocowy i kremowy aromat| Iguana Smoke","description":"Odkryj Kiwi Cream CBD Hash, wysokiej jako\u015bci haszysz CBD o owocowym aromacie i g\u0142adkiej konsystencji: haszysz bez THC o wysokiej zawarto\u015bci CBD 100% legalny w Hiszpanii.","robots":{"index":"index","follow":"follow","max-snippet":"max-snippet:-1","max-image-preview":"max-image-preview:large","max-video-preview":"max-video-preview:-1"},"canonical":"https:\/\/iguanasmoke.com\/pl\/product-2\/krem-hash-cbd-kiwi\/","og_locale":"pl_PL","og_type":"article","og_title":"Hash CBD Kiwi Cream 30%","og_description":"Explora nuestro Kiwi Cream CBD 30%, una resina CBD que destaca por su aroma afrutado a kiwi con notas cremosas.   Textura suave, resinosa y f\u00e1cil de manipular  Rico en terpenos naturales  Producto legal en Espa\u00f1a: THC &lt;0,3%  An\u00e1lisis de calidad: pincha aqu\u00ed","og_url":"https:\/\/iguanasmoke.com\/pl\/product-2\/krem-hash-cbd-kiwi\/","og_site_name":"Iguana Smoke","article_publisher":"https:\/\/www.facebook.com\/iguanasmoke","article_modified_time":"2026-03-19T14:31:33+00:00","og_image":[{"width":1000,"height":1000,"url":"https:\/\/iguanasmoke.com\/wp-content\/uploads\/2025\/07\/Kiwi-2g-con-hash.webp","type":"image\/webp"}],"twitter_card":"summary_large_image","twitter_misc":{"Dost\u0119pno\u015b\u0107":"Dost\u0119pny"},"schema":{"@context":"https:\/\/schema.org","@graph":[{"@type":"WebPage","@id":"https:\/\/iguanasmoke.com\/producto\/hash-cbd-kiwi-cream\/","url":"https:\/\/iguanasmoke.com\/producto\/hash-cbd-kiwi-cream\/","name":"Hash CBD Kiwi Cream 30%: owocowy i kremowy aromat| Iguana Smoke","isPartOf":{"@id":"https:\/\/iguanasmoke.com\/#website"},"primaryImageOfPage":{"@id":"https:\/\/iguanasmoke.com\/producto\/hash-cbd-kiwi-cream\/#primaryimage"},"image":{"@id":"https:\/\/iguanasmoke.com\/producto\/hash-cbd-kiwi-cream\/#primaryimage"},"thumbnailUrl":"https:\/\/iguanasmoke.com\/wp-content\/uploads\/2025\/07\/Kiwi-2g-con-hash.webp","datePublished":"2025-07-14T17:50:53+00:00","dateModified":"2026-03-19T14:31:33+00:00","description":"Odkryj Kiwi Cream CBD Hash, wysokiej jako\u015bci haszysz CBD o owocowym aromacie i g\u0142adkiej konsystencji: haszysz bez THC o wysokiej zawarto\u015bci CBD 100% legalny w Hiszpanii.","breadcrumb":{"@id":"https:\/\/iguanasmoke.com\/producto\/hash-cbd-kiwi-cream\/#breadcrumb"},"inLanguage":"pl-PL","potentialAction":[{"@type":"ReadAction","target":["https:\/\/iguanasmoke.com\/producto\/hash-cbd-kiwi-cream\/"]}]},{"@type":"ImageObject","inLanguage":"pl-PL","@id":"https:\/\/iguanasmoke.com\/producto\/hash-cbd-kiwi-cream\/#primaryimage","url":"https:\/\/iguanasmoke.com\/wp-content\/uploads\/2025\/07\/Kiwi-2g-con-hash.webp","contentUrl":"https:\/\/iguanasmoke.com\/wp-content\/uploads\/2025\/07\/Kiwi-2g-con-hash.webp","width":1000,"height":1000,"caption":"Hash CBD Kiwi Cream 2g"},{"@type":"BreadcrumbList","@id":"https:\/\/iguanasmoke.com\/producto\/hash-cbd-kiwi-cream\/#breadcrumb","itemListElement":[{"@type":"ListItem","position":1,"name":"home","item":"https:\/\/iguanasmoke.com\/"},{"@type":"ListItem","position":2,"name":"Tienda","item":"https:\/\/iguanasmoke.com\/tienda\/"},{"@type":"ListItem","position":3,"name":"Hash CBD","item":"https:\/\/iguanasmoke.com\/categoria\/hash-cbd\/"},{"@type":"ListItem","position":4,"name":"Hash CBD Kiwi Cream 30%"}]},{"@type":"WebSite","@id":"https:\/\/iguanasmoke.com\/#website","url":"https:\/\/iguanasmoke.com\/","name":"Iguana Smoke","description":"Kup CBD online w najlepszej cenie","publisher":{"@id":"https:\/\/iguanasmoke.com\/#organization"},"potentialAction":[{"@type":"SearchAction","target":{"@type":"EntryPoint","urlTemplate":"https:\/\/iguanasmoke.com\/?s={search_term_string}"},"query-input":{"@type":"PropertyValueSpecification","valueRequired":true,"valueName":"search_term_string"}}],"inLanguage":"pl-PL"},{"@type":"Organization","@id":"https:\/\/iguanasmoke.com\/#organization","name":"Iguana Smoke","url":"https:\/\/iguanasmoke.com\/","logo":{"@type":"ImageObject","inLanguage":"pl-PL","@id":"https:\/\/iguanasmoke.com\/#\/schema\/logo\/image\/","url":"https:\/\/iguanasmoke.com\/wp-content\/uploads\/2025\/01\/logoiguana-favi-1.png","contentUrl":"https:\/\/iguanasmoke.com\/wp-content\/uploads\/2025\/01\/logoiguana-favi-1.png","width":512,"height":512,"caption":"Iguana Smoke"},"image":{"@id":"https:\/\/iguanasmoke.com\/#\/schema\/logo\/image\/"},"sameAs":["https:\/\/www.facebook.com\/iguanasmoke","https:\/\/www.instagram.com\/iguanasmoke\/"]}]},"product_brand":"variable","og_availability":"instock","product_availability":"instock","product_condition":"new"},"_links":{"self":[{"href":"https:\/\/iguanasmoke.com\/pl\/wp-json\/wp\/v2\/product\/61011","targetHints":{"allow":["GET"]}}],"collection":[{"href":"https:\/\/iguanasmoke.com\/pl\/wp-json\/wp\/v2\/product"}],"about":[{"href":"https:\/\/iguanasmoke.com\/pl\/wp-json\/wp\/v2\/types\/product"}],"replies":[{"embeddable":true,"href":"https:\/\/iguanasmoke.com\/pl\/wp-json\/wp\/v2\/comments?post=61011"}],"wp:featuredmedia":[{"embeddable":true,"href":"https:\/\/iguanasmoke.com\/pl\/wp-json\/wp\/v2\/media\/81750"}],"wp:attachment":[{"href":"https:\/\/iguanasmoke.com\/pl\/wp-json\/wp\/v2\/media?parent=61011"}],"wp:term":[{"taxonomy":"product_brand","embeddable":true,"href":"https:\/\/iguanasmoke.com\/pl\/wp-json\/wp\/v2\/product_brand?post=61011"},{"taxonomy":"product_cat","embeddable":true,"href":"https:\/\/iguanasmoke.com\/pl\/wp-json\/wp\/v2\/product_cat?post=61011"},{"taxonomy":"product_tag","embeddable":true,"href":"https:\/\/iguanasmoke.com\/pl\/wp-json\/wp\/v2\/product_tag?post=61011"}],"curies":[{"name":"wp","href":"https:\/\/api.w.org\/{rel}","templated":true}]}}