{"id":61044,"date":"2025-07-14T19:51:25","date_gmt":"2025-07-14T17:51:25","guid":{"rendered":"https:\/\/iguanasmoke.com\/?post_type=product&#038;p=61044"},"modified":"2026-03-19T15:24:24","modified_gmt":"2026-03-19T14:24:24","slug":"potrojnie-filtrowany-haszysz-cbd","status":"publish","type":"product","link":"https:\/\/iguanasmoke.com\/pl\/producto\/hash-cbd-triple-filtrado\/","title":{"rendered":"Hash CBD potr\u00f3jnie filtrowany 40%"},"content":{"rendered":"<h1><span style=\"font-weight: 400;\">Hash CBD Triple Filtered 40%: Czysty i rafinowany<\/span><\/h1>\n<p><span style=\"font-weight: 400;\">Przedstawiamy jeden z naszych najbardziej wyrafinowanych haszyszy z rodziny Iguana Smoke: <strong>Hash CBD Triple Filtered 40%.<\/strong>\u00a0 \u017bywica ta jest wynikiem precyzyjnego rzemios\u0142a i procesu <strong>Przetwarzanie i oczyszczanie na wysokim poziomie<\/strong>. Dzi\u0119ki jego <strong>trzy etapy filtrowania<\/strong>, Rezultatem jest intensywny aromat, kt\u00f3ry przekazuje jako\u015b\u0107 od pierwszej chwili. Je\u015bli chcesz kupi\u0107 haszysz CBD online, to jest w\u0142a\u015bnie to.<\/span><\/p>\n<p><span style=\"font-weight: 400;\">Ten potr\u00f3jnie filtrowany haszysz CBD oferuje rewelacyjn\u0105 <strong>g\u0142\u0119boki relaks i spok\u00f3j<\/strong>, To sprawia, \u017ce jest to pot\u0119\u017cna \u017cywica do nocnej rutyny lub na te chwile, kiedy potrzebujesz dodatkowego spokoju i ciszy. Jest przeznaczona w\u0142a\u015bnie dla tych, kt\u00f3rzy ceni\u0105 sobie czysto\u015b\u0107 i do\u015bwiadczenie: <strong>jego spalanie jest czyste<\/strong>, Jego bogata obecno\u015b\u0107 terpen\u00f3w i koj\u0105ce doznania sprawi\u0105, \u017ce b\u0119dziesz cieszy\u0107 si\u0119 nim bez ostrych nut i dyskomfortu podczas u\u017cytkowania.<\/span><\/p>\n<p><span style=\"font-weight: 400;\">Zawiera r\u00f3wnie\u017c mniej ni\u017c 0,3% THC, wi\u0119c haszysz ten jest <strong>legalne w Hiszpanii i Europie<\/strong>. Poznaj jego konsystencj\u0119 i delektuj si\u0119 jego aromatem! Dowiedz si\u0119, dlaczego Triple Filtered CBD 40%<strong>\u00a0<\/strong>jest jedn\u0105 z najczystszych i najlepszych jako\u015bciowo \u017cywic, jakie mo\u017cna znale\u017a\u0107, je\u015bli chce si\u0119 <strong>tani haszysz CBD<\/strong> ale premium.<\/span><\/p>\n<p>&nbsp;<\/p>\n<h2>Charakterystyka Hash CBD Triple Filtered:<\/h2>\n<ul>\n<li><b>Wygl\u0105d i tekstura: <span style=\"font-size: 16px; font-weight: 400;\">cieszy\u0107 si\u0119 jego tekstur\u0105 <strong>Wyrafinowany i jedwabisty<\/strong> na palcach. Atrakcyjny z\u0142otobr\u0105zowy odcie\u0144 czyni go wyj\u0105tkowym.<\/span><\/b><\/li>\n<li><span style=\"font-size: 16px; font-weight: 400;\"><strong>Aromat i smak:<\/strong> o z\u0142o\u017conym aromacie, wyr\u00f3\u017cniaj\u0105 si\u0119 n<strong>ousowe, ziemiste, cytrusowe i drzewne aromaty<\/strong> odzwierciedlaj\u0105c bogactwo naturalnych terpen\u00f3w, takich jak: limonen, mircen i beta-kariofilen.\u00a0<\/span><\/li>\n<li><strong>Pochodzenie i czysto\u015b\u0107:<\/strong><span style=\"font-size: 16px; font-weight: 400;\"> jest wytwarzany przy u\u017cyciu zaawansowanego procesu ekstrakcji z kwiatu konopi. <strong>Proces potr\u00f3jnej filtracji<\/strong> daje pocz\u0105tek jego nazwie. Rezultatem jest <strong>czysty, silny i wyrafinowany haszysz<\/strong>. Nie zawiera r\u00f3wnie\u017c chemikali\u00f3w, zapewniaj\u0105c czyste i bezpieczne doznania. Idealny do delikatnych sesji, precyzyjnego dozowania i najwy\u017cszej jako\u015bci dozna\u0144.<\/span><\/li>\n<\/ul>\n<h3><\/h3>\n<p>&nbsp;<\/p>\n<h3><b>Dlaczego warto kupowa\u0107 potr\u00f3jnie filtrowany haszysz CBD od Iguana Smoke?<\/b><\/h3>\n<p><span style=\"font-weight: 400;\">W Iguana Smoke stawiamy na jako\u015b\u0107. Nasze produkty haszyszowe CBD s\u0105 100% naturalne i organiczne, bez chemikali\u00f3w i pestycyd\u00f3w. Oznacza to, \u017ce kupuj\u0105c u nas, wybierasz <strong>Czysta i bezpieczna \u017cywica CBD i haszysz<\/strong>. Tak jak w przypadku naszego potr\u00f3jnie filtrowanego haszyszu CBD 40%.<strong>.<\/strong><\/span><\/p>\n<p><span style=\"font-weight: 400;\">To jest bezpieczne miejsce <strong>kupi\u0107 haszysz CBD online w Hiszpanii.<\/strong> Wszystkie nasze produkty s\u0105 zatwierdzone przez UE, co gwarantuje ich legalno\u015b\u0107 i bezpiecze\u0144stwo. Dzi\u0119ki zawarto\u015bci THC poni\u017cej 0,3 % mo\u017cesz cieszy\u0107 si\u0119 wieloma zaletami CBD bez efekt\u00f3w psychoaktywnych. Nasz <strong>Wolny od THC haszysz CBD o wysokiej zawarto\u015bci CBD<\/strong> spe\u0142nia standardy jako\u015bci, kt\u00f3rych analiz\u0119 mo\u017cna znale\u017a\u0107 pod adresem<\/span><span style=\"font-weight: 400;\">\u00a0<a href=\"https:\/\/iguanasmoke.com\/pl\/analityka\/\">tutaj<\/a>.\u00a0<\/span><\/p>\n<p><em><span style=\"font-weight: 400;\">*Uwaga: zgodnie z hiszpa\u0144skim prawem jest on przeznaczony do zbierania lub aromaterapii.\u00a0<\/span><\/em><\/p>\n<p><span style=\"font-weight: 400;\">Co wi\u0119cej, je\u015bli lubisz nasze bardziej tradycyjne \u017cywice CBD, takie jak <a href=\"https:\/\/iguanasmoke.com\/pl\/product-2\/hash-cbd-frozen-golden-cider\/\">hash Frozen Golden Cider<\/a> lub <a href=\"https:\/\/iguanasmoke.com\/pl\/product-2\/blonde-hash-cbd-20\/\">hash CBD Blonde<\/a>,ty <\/span><span style=\"font-weight: 400;\">zapewniamy, \u017ce <strong>Hash CBD Triple Filtered 40%<\/strong>\u00a0zakochasz si\u0119 w nim. Nie zapomnij r\u00f3wnie\u017c wypr\u00f3bowa\u0107 innych <strong>TOP produkty<\/strong> jak <a href=\"https:\/\/iguanasmoke.com\/pl\/product-2\/kit-iguana-power-cartucho-de-stv-sativanol-2ml\/\">Zestaw baterii + wk\u0142ady STV<\/a> lub <a href=\"https:\/\/iguanasmoke.com\/pl\/cbd-vaper\/\">CBD Vapes<\/a>. <\/span><span style=\"font-weight: 400;\">Kr\u00f3tko m\u00f3wi\u0105c, poznaj nasz\u0105 r\u00f3\u017cnorodno\u015b\u0107 i znajd\u017a swoje ulubione ju\u017c teraz.\u00a0<\/span><\/p>\n<p>&nbsp;<\/p>\n<h3><b>Iguana Smoke to synonim jako\u015bci i niezawodno\u015bci.<\/b><\/h3>\n<p><span style=\"font-weight: 400;\">W Iguana Smoke wierzymy, \u017ce korzystanie z CBD powinno by\u0107 bezpiecznym i przyjemnym do\u015bwiadczeniem. Dlatego oferujemy produkty wysokiej jako\u015bci, kt\u00f3re \u0142\u0105cz\u0105 si\u0119 z nowymi pokoleniami: lud\u017ami, kt\u00f3rzy szukaj\u0105 nieskomplikowanego wellness, z autentycznymi i niezawodnymi markami. Pami\u0119taj, \u017ce wszystkie nasze produkty s\u0105 <strong>Haszysz CBD bez THC<\/strong>, takich jak <strong>Hash CBD Triple Filtered 40% <\/strong>zamierzasz kupi\u0107.<\/span><\/p>\n<p>Nasza misja jest jasna: dostarcza\u0107 najlepsze kannabinoidy w uczciwej cenie, ze spokojem wynikaj\u0105cym ze \u015bwiadomo\u015bci, \u017ce wybierasz certyfikowany, skuteczny i legalny produkt 100%. Jeste\u015bmy w czo\u0142\u00f3wce produkt\u00f3w CBD.<\/p>\n<p>Nadal masz w\u0105tpliwo\u015bci? Napisz do nas, a z przyjemno\u015bci\u0105 pomo\u017cemy Ci znale\u017a\u0107 odpowiedni produkt.<\/p>","protected":false},"excerpt":{"rendered":"<p><span style=\"font-weight: 400;\">Ciesz si\u0119 wieloma korzy\u015bciami p\u0142yn\u0105cymi z potr\u00f3jnie filtrowanego haszyszu CBD o maksymalnej czysto\u015bci, g\u0142adkiej konsystencji i intensywnym, terpenowym aromacie:<\/span><\/p>\n<ul>\n<li data-start=\"261\" data-end=\"305\">Wysoka zawarto\u015b\u0107 CBD i naturalnych terpen\u00f3w<\/li>\n<li data-start=\"308\" data-end=\"342\">Kontrolowana uprawa bez u\u017cycia \u015brodk\u00f3w chemicznych<\/li>\n<li data-start=\"345\" data-end=\"376\">100% Legalne w Hiszpanii (THC &lt;0,3 %)<\/li>\n<\/ul>\n<p>Analiza jako\u015bci: kliknij\u00a0<a href=\"https:\/\/iguanasmoke.com\/pl\/analityka\/\" target=\"_blank\" rel=\"noopener\">tutaj<\/a><\/p>","protected":false},"featured_media":81738,"comment_status":"open","ping_status":"closed","template":"","meta":{"_acf_changed":false,"site-sidebar-layout":"default","site-content-layout":"","ast-site-content-layout":"default","site-content-style":"default","site-sidebar-style":"default","ast-global-header-display":"","ast-banner-title-visibility":"","ast-main-header-display":"","ast-hfb-above-header-display":"","ast-hfb-below-header-display":"","ast-hfb-mobile-header-display":"","site-post-title":"","ast-breadcrumbs-content":"","ast-featured-img":"","footer-sml-layout":"","theme-transparent-header-meta":"default","adv-header-id-meta":"","stick-header-meta":"","header-above-stick-meta":"","header-main-stick-meta":"","header-below-stick-meta":"","astra-migrate-meta-layouts":"set","ast-page-background-enabled":"default","ast-page-background-meta":{"desktop":{"background-color":"var(--ast-global-color-4)","background-image":"","background-repeat":"repeat","background-position":"center center","background-size":"auto","background-attachment":"scroll","background-type":"","background-media":"","overlay-type":"","overlay-color":"","overlay-opacity":"","overlay-gradient":""},"tablet":{"background-color":"","background-image":"","background-repeat":"repeat","background-position":"center center","background-size":"auto","background-attachment":"scroll","background-type":"","background-media":"","overlay-type":"","overlay-color":"","overlay-opacity":"","overlay-gradient":""},"mobile":{"background-color":"","background-image":"","background-repeat":"repeat","background-position":"center center","background-size":"auto","background-attachment":"scroll","background-type":"","background-media":"","overlay-type":"","overlay-color":"","overlay-opacity":"","overlay-gradient":""}},"ast-content-background-meta":{"desktop":{"background-color":"var(--ast-global-color-5)","background-image":"","background-repeat":"repeat","background-position":"center center","background-size":"auto","background-attachment":"scroll","background-type":"","background-media":"","overlay-type":"","overlay-color":"","overlay-opacity":"","overlay-gradient":""},"tablet":{"background-color":"var(--ast-global-color-5)","background-image":"","background-repeat":"repeat","background-position":"center center","background-size":"auto","background-attachment":"scroll","background-type":"","background-media":"","overlay-type":"","overlay-color":"","overlay-opacity":"","overlay-gradient":""},"mobile":{"background-color":"var(--ast-global-color-5)","background-image":"","background-repeat":"repeat","background-position":"center center","background-size":"auto","background-attachment":"scroll","background-type":"","background-media":"","overlay-type":"","overlay-color":"","overlay-opacity":"","overlay-gradient":""}}},"product_brand":[],"product_cat":[397],"product_tag":[],"class_list":{"0":"post-61044","1":"product","2":"type-product","3":"status-publish","4":"has-post-thumbnail","6":"product_cat-hash-cbd","7":"desktop-align-center","8":"tablet-align-center","9":"mobile-align-center","11":"first","12":"instock","13":"taxable","14":"shipping-taxable","15":"purchasable","16":"product-type-variable"},"acf":[],"yoast_head":"<!-- This site is optimized with the Yoast SEO Premium plugin v27.3 (Yoast SEO v27.3) - https:\/\/yoast.com\/product\/yoast-seo-premium-wordpress\/ -->\n<title>Hash CBD Triple Filtrado: tres fases de refinado | Iguana Smoke<\/title>\n<meta name=\"description\" content=\"Experimenta el hash CBD Triple Filtrado: Su textura limpia y aroma intenso te sorprender\u00e1n desde el primer momento. \u00a1Prueba y compra hach\u00eds CBD online ya!\" \/>\n<meta name=\"robots\" content=\"index, follow, max-snippet:-1, max-image-preview:large, max-video-preview:-1\" \/>\n<link rel=\"canonical\" href=\"https:\/\/iguanasmoke.com\/pl\/product-2\/potrojnie-filtrowany-haszysz-cbd\/\" \/>\n<meta property=\"og:locale\" content=\"pl_PL\" \/>\n<meta property=\"og:type\" content=\"article\" \/>\n<meta property=\"og:title\" content=\"Hash CBD Triple filtrado 40%\" \/>\n<meta property=\"og:description\" content=\"Disfruta de los m\u00faltiples beneficios del hash CBD Triple Filtrado con su m\u00e1xima pureza, textura suave y aromas intensos y terp\u00e9nicos:   Alto contenido en CBD y terpenos naturales  Cultivo controlado, sin qu\u00edmicos  100% Legal en Espa\u00f1a (THC &lt;0,3\u202f%)  An\u00e1lisis de calidad: pincha\u00a0aqu\u00ed\" \/>\n<meta property=\"og:url\" content=\"https:\/\/iguanasmoke.com\/pl\/product-2\/potrojnie-filtrowany-haszysz-cbd\/\" \/>\n<meta property=\"og:site_name\" content=\"Iguana Smoke\" \/>\n<meta property=\"article:publisher\" content=\"https:\/\/www.facebook.com\/iguanasmoke\" \/>\n<meta property=\"article:modified_time\" content=\"2026-03-19T14:24:24+00:00\" \/>\n<meta property=\"og:image\" content=\"https:\/\/iguanasmoke.com\/wp-content\/uploads\/2025\/07\/Filtrado-2g-con-hash.png\" \/>\n\t<meta property=\"og:image:width\" content=\"1000\" \/>\n\t<meta property=\"og:image:height\" content=\"1000\" \/>\n\t<meta property=\"og:image:type\" content=\"image\/png\" \/>\n<meta name=\"twitter:card\" content=\"summary_large_image\" \/>\n<meta name=\"twitter:label1\" content=\"Dost\u0119pno\u015b\u0107\" \/>\n\t<meta name=\"twitter:data1\" content=\"Dost\u0119pny\" \/>\n<meta property=\"product:brand\" content=\"variable\" \/>\n<meta property=\"og:availability\" content=\"instock\" \/>\n<meta property=\"product:availability\" content=\"instock\" \/>\n<meta property=\"product:condition\" content=\"new\" \/>\n<!-- \/ Yoast SEO Premium plugin. -->","yoast_head_json":{"title":"Hash CBD Triple Filtered: trzy etapy rafinacji : Iguana Smoke","description":"Do\u015bwiadcz haszyszu CBD z potr\u00f3jnym filtrem: jego czysta konsystencja i intensywny aromat zaskocz\u0105 Ci\u0119 od pierwszej chwili, gdy go spr\u00f3bujesz i kupisz haszysz CBD online ju\u017c teraz!","robots":{"index":"index","follow":"follow","max-snippet":"max-snippet:-1","max-image-preview":"max-image-preview:large","max-video-preview":"max-video-preview:-1"},"canonical":"https:\/\/iguanasmoke.com\/pl\/product-2\/potrojnie-filtrowany-haszysz-cbd\/","og_locale":"pl_PL","og_type":"article","og_title":"Hash CBD Triple filtrado 40%","og_description":"Disfruta de los m\u00faltiples beneficios del hash CBD Triple Filtrado con su m\u00e1xima pureza, textura suave y aromas intensos y terp\u00e9nicos:   Alto contenido en CBD y terpenos naturales  Cultivo controlado, sin qu\u00edmicos  100% Legal en Espa\u00f1a (THC &lt;0,3\u202f%)  An\u00e1lisis de calidad: pincha\u00a0aqu\u00ed","og_url":"https:\/\/iguanasmoke.com\/pl\/product-2\/potrojnie-filtrowany-haszysz-cbd\/","og_site_name":"Iguana Smoke","article_publisher":"https:\/\/www.facebook.com\/iguanasmoke","article_modified_time":"2026-03-19T14:24:24+00:00","og_image":[{"width":1000,"height":1000,"url":"https:\/\/iguanasmoke.com\/wp-content\/uploads\/2025\/07\/Filtrado-2g-con-hash.png","type":"image\/png"}],"twitter_card":"summary_large_image","twitter_misc":{"Dost\u0119pno\u015b\u0107":"Dost\u0119pny"},"schema":{"@context":"https:\/\/schema.org","@graph":[{"@type":"WebPage","@id":"https:\/\/iguanasmoke.com\/producto\/hash-cbd-triple-filtrado\/","url":"https:\/\/iguanasmoke.com\/producto\/hash-cbd-triple-filtrado\/","name":"Hash CBD Triple Filtered: trzy etapy rafinacji : Iguana Smoke","isPartOf":{"@id":"https:\/\/iguanasmoke.com\/#website"},"primaryImageOfPage":{"@id":"https:\/\/iguanasmoke.com\/producto\/hash-cbd-triple-filtrado\/#primaryimage"},"image":{"@id":"https:\/\/iguanasmoke.com\/producto\/hash-cbd-triple-filtrado\/#primaryimage"},"thumbnailUrl":"https:\/\/iguanasmoke.com\/wp-content\/uploads\/2025\/07\/Filtrado-2g-con-hash.png","datePublished":"2025-07-14T17:51:25+00:00","dateModified":"2026-03-19T14:24:24+00:00","description":"Do\u015bwiadcz haszyszu CBD z potr\u00f3jnym filtrem: jego czysta konsystencja i intensywny aromat zaskocz\u0105 Ci\u0119 od pierwszej chwili, gdy go spr\u00f3bujesz i kupisz haszysz CBD online ju\u017c teraz!","breadcrumb":{"@id":"https:\/\/iguanasmoke.com\/producto\/hash-cbd-triple-filtrado\/#breadcrumb"},"inLanguage":"pl-PL","potentialAction":[{"@type":"ReadAction","target":["https:\/\/iguanasmoke.com\/producto\/hash-cbd-triple-filtrado\/"]}]},{"@type":"ImageObject","inLanguage":"pl-PL","@id":"https:\/\/iguanasmoke.com\/producto\/hash-cbd-triple-filtrado\/#primaryimage","url":"https:\/\/iguanasmoke.com\/wp-content\/uploads\/2025\/07\/Filtrado-2g-con-hash.png","contentUrl":"https:\/\/iguanasmoke.com\/wp-content\/uploads\/2025\/07\/Filtrado-2g-con-hash.png","width":1000,"height":1000,"caption":"Hash CBD Triple Filtrado 2g"},{"@type":"BreadcrumbList","@id":"https:\/\/iguanasmoke.com\/producto\/hash-cbd-triple-filtrado\/#breadcrumb","itemListElement":[{"@type":"ListItem","position":1,"name":"home","item":"https:\/\/iguanasmoke.com\/"},{"@type":"ListItem","position":2,"name":"Tienda","item":"https:\/\/iguanasmoke.com\/tienda\/"},{"@type":"ListItem","position":3,"name":"Hash CBD","item":"https:\/\/iguanasmoke.com\/categoria\/hash-cbd\/"},{"@type":"ListItem","position":4,"name":"Hash CBD Triple filtrado 40%"}]},{"@type":"WebSite","@id":"https:\/\/iguanasmoke.com\/#website","url":"https:\/\/iguanasmoke.com\/","name":"Iguana Smoke","description":"Kup CBD online w najlepszej cenie","publisher":{"@id":"https:\/\/iguanasmoke.com\/#organization"},"potentialAction":[{"@type":"SearchAction","target":{"@type":"EntryPoint","urlTemplate":"https:\/\/iguanasmoke.com\/?s={search_term_string}"},"query-input":{"@type":"PropertyValueSpecification","valueRequired":true,"valueName":"search_term_string"}}],"inLanguage":"pl-PL"},{"@type":"Organization","@id":"https:\/\/iguanasmoke.com\/#organization","name":"Iguana Smoke","url":"https:\/\/iguanasmoke.com\/","logo":{"@type":"ImageObject","inLanguage":"pl-PL","@id":"https:\/\/iguanasmoke.com\/#\/schema\/logo\/image\/","url":"https:\/\/iguanasmoke.com\/wp-content\/uploads\/2025\/01\/logoiguana-favi-1.png","contentUrl":"https:\/\/iguanasmoke.com\/wp-content\/uploads\/2025\/01\/logoiguana-favi-1.png","width":512,"height":512,"caption":"Iguana Smoke"},"image":{"@id":"https:\/\/iguanasmoke.com\/#\/schema\/logo\/image\/"},"sameAs":["https:\/\/www.facebook.com\/iguanasmoke","https:\/\/www.instagram.com\/iguanasmoke\/"]}]},"product_brand":"variable","og_availability":"instock","product_availability":"instock","product_condition":"new"},"_links":{"self":[{"href":"https:\/\/iguanasmoke.com\/pl\/wp-json\/wp\/v2\/product\/61044","targetHints":{"allow":["GET"]}}],"collection":[{"href":"https:\/\/iguanasmoke.com\/pl\/wp-json\/wp\/v2\/product"}],"about":[{"href":"https:\/\/iguanasmoke.com\/pl\/wp-json\/wp\/v2\/types\/product"}],"replies":[{"embeddable":true,"href":"https:\/\/iguanasmoke.com\/pl\/wp-json\/wp\/v2\/comments?post=61044"}],"wp:featuredmedia":[{"embeddable":true,"href":"https:\/\/iguanasmoke.com\/pl\/wp-json\/wp\/v2\/media\/81738"}],"wp:attachment":[{"href":"https:\/\/iguanasmoke.com\/pl\/wp-json\/wp\/v2\/media?parent=61044"}],"wp:term":[{"taxonomy":"product_brand","embeddable":true,"href":"https:\/\/iguanasmoke.com\/pl\/wp-json\/wp\/v2\/product_brand?post=61044"},{"taxonomy":"product_cat","embeddable":true,"href":"https:\/\/iguanasmoke.com\/pl\/wp-json\/wp\/v2\/product_cat?post=61044"},{"taxonomy":"product_tag","embeddable":true,"href":"https:\/\/iguanasmoke.com\/pl\/wp-json\/wp\/v2\/product_tag?post=61044"}],"curies":[{"name":"wp","href":"https:\/\/api.w.org\/{rel}","templated":true}]}}