{"id":61045,"date":"2025-07-15T19:11:46","date_gmt":"2025-07-15T17:11:46","guid":{"rendered":"https:\/\/iguanasmoke.com\/?post_type=product&#038;p=61045"},"modified":"2026-03-19T15:28:52","modified_gmt":"2026-03-19T14:28:52","slug":"hash-cbd-zamrozony-cydr","status":"publish","type":"product","link":"https:\/\/iguanasmoke.com\/pl\/producto\/hash-cbd-frozen-cider\/","title":{"rendered":"Hash CBD Frozen Golden Cider 61%"},"content":{"rendered":"<h1><span style=\"font-weight: 400;\">Hash CBD Mro\u017any Z\u0142oty Cydr 61%: Lodowa czysto\u015b\u0107 z g\u0142\u0119bokim dzia\u0142aniem<\/span><\/h1>\n<p><span style=\"font-weight: 400;\">The <strong>hachis CBD Frozen Golden Cider<\/strong> wyr\u00f3\u017cnia si\u0119 imponuj\u0105c\u0105 zawarto\u015bci\u0105 CBD, kt\u00f3ra osi\u0105ga do <strong>61% en total (56%CBD + 5%CBD-A)<\/strong>, wraz z <strong>0,4% CBG<\/strong>. Ta silna koncentracja sprawia, \u017ce jest to idealny wyb\u00f3r dla os\u00f3b poszukuj\u0105cych <strong>silne i d\u0142ugotrwa\u0142e dzia\u0142anie relaksuj\u0105ce<\/strong>. Ponadto, ta odmiana jest rozpoznawana w \u015bwiecie kannabinoid\u00f3w, <strong>hash CBD Frozen Golden Cider<\/strong> wyr\u00f3\u017cnia si\u0119 unikalnymi efektami.\u00a0<\/span><\/p>\n<p><span style=\"font-weight: 400;\">Ten hash jest wytwarzany z <strong>mro\u017cone kwiaty konopi<\/strong> tu\u017c po zbiorach, aby zachowa\u0107 kannabinoidy i terpeny dzi\u0119ki technice Frozen Extract. Metod\u0105 \u201c<strong>haszysz z wod\u0105 i lodem<\/strong>\u201dekstrakcja wodno-lodowa, polegaj\u0105ca na potrz\u0105saniu zamro\u017conych kwiat\u00f3w w wodzie z lodem w celu oddzielenia <strong>trichomy <\/strong>(ma\u0142e gruczo\u0142y wype\u0142nione \u017cywic\u0105, zawieraj\u0105ce CBD i inne aktywne zwi\u0105zki) i s\u0105 sprasowane w celu uzyskania <strong>czysty i mocny hasz<\/strong>. <\/span><\/p>\n<p><span style=\"font-weight: 400;\">Czasami stosuje si\u0119 technik\u0119 <em>kalafonia<\/em>, kt\u00f3ra pozyskuje \u017cywic\u0119 bez u\u017cycia rozpuszczalnik\u00f3w, za pomoc\u0105 ciep\u0142a i ci\u015bnienia, dla jeszcze czystszego ekstraktu.\u00a0<\/span><\/p>\n<p><span style=\"font-weight: 400;\">Zawiera r\u00f3wnie\u017c mniej ni\u017c 0,3% THC, wi\u0119c haszysz ten jest <strong>legalne w Hiszpanii i Europie<\/strong>. Poznaj jego konsystencj\u0119 i delektuj si\u0119 jego aromatami! Odkryj, dlaczego <strong>Hash CBD Frozen Golden Cider 61% <\/strong>jest jedn\u0105 z najmocniejszych i najlepszych jako\u015bciowo \u017cywic, jakie mo\u017cna znale\u017a\u0107, je\u015bli chce si\u0119 <strong>tani haszysz CBD<\/strong> ale premium.<\/span><\/p>\n<p>&nbsp;<\/p>\n<h2>Cechy CBD Hash Frozen Golden Cider:<\/h2>\n<ul>\n<li><b>Wygl\u0105d i tekstura: <span style=\"font-size: 16px; font-weight: 400;\">wyr\u00f3\u017cnia si\u0119 z\u0142otym kolorem, <strong>krystaliczna i zwarta tekstura<\/strong>. Po podgrzaniu, delikatnie si\u0119 topi, uwalniaj\u0105c <strong>g\u0119sty dym<\/strong> jedwabista, kt\u00f3ra ujawnia jego czysto\u015b\u0107 i doskona\u0142\u0105 jako\u015b\u0107. Jego<strong>krusz\u0105ce si\u0119 wsparcie<\/strong> u\u0142atwia przyjemne u\u017cytkowanie, odzwierciedlaj\u0105c dba\u0142o\u015b\u0107 i precyzj\u0119 w jego rzemie\u015blniczym wykonaniu.\u00a0<\/span><\/b><\/li>\n<li><span style=\"font-size: 16px; font-weight: 400;\"><strong>Aromat i smak:<\/strong> \u015bwie\u017cy i naturalny, kt\u00f3ry przywo\u0142uje na my\u015bl <strong>lasy sosnowe<\/strong>. oferuje zr\u00f3wnowa\u017cony smak z <strong>nuty zio\u0142owe<\/strong> kt\u00f3re przywo\u0142uj\u0105 \u015bwie\u017co\u015b\u0107 natury, w towarzystwie <strong>lekki, mentolowy posmak<\/strong> co zapewnia \u015bwie\u017co\u015b\u0107. <strong>Cytrusowe nuty i akcenty drewna cedrowego<\/strong> kt\u00f3re wzbogacaj\u0105 do\u015bwiadczenie, czyni\u0105c je niezapomnianym.\u00a0\u00a0<\/span><\/li>\n<li><strong>Pochodzenie i czysto\u015b\u0107:<\/strong><span style=\"font-size: 16px; font-weight: 400;\"> ma swoje korzenie w g\u00f3rach <strong>Afganistan<\/strong>. \u0141\u0105czy afga\u0144sk\u0105 tradycj\u0119 haszyszu z nowoczesnymi technikami. Wykonany z kwiat\u00f3w konopi bogatych w CBD, zapewnia legalne, koj\u0105ce i relaksuj\u0105ce doznania. \u0141\u0105czy <strong style=\"font-size: 16px; font-style: normal;\">M\u0105dro\u015b\u0107 przodk\u00f3w i innowacja<\/strong>s aby zachowa\u0107 esencj\u0119 autentycznego, rzemie\u015blniczego haszyszu.\u00a0<\/span><\/li>\n<\/ul>\n<p>&nbsp;<\/p>\n<h3><b>Dlaczego warto kupi\u0107 haszysz CBD Frozen Golden Cider w Iguana Smoke?<\/b><\/h3>\n<p><span style=\"font-weight: 400;\">W Iguana Smoke stawiamy na jako\u015b\u0107. Nasze produkty haszyszowe CBD s\u0105 100% naturalne i organiczne, bez chemikali\u00f3w i pestycyd\u00f3w. Oznacza to, \u017ce kupuj\u0105c u nas, wybierasz <strong>Czysta i bezpieczna \u017cywica CBD i haszysz<\/strong>. Podobnie jak w przypadku naszego <strong>Haszysz CBD Frozen Golden Cider 61%<\/strong><strong>.<\/strong><\/span><\/p>\n<p><span style=\"font-weight: 400;\">To jest bezpieczne miejsce <strong>kupi\u0107 haszysz CBD online w Hiszpanii.<\/strong> Wszystkie nasze produkty s\u0105 zatwierdzone przez UE, co gwarantuje ich legalno\u015b\u0107 i bezpiecze\u0144stwo. Dzi\u0119ki zawarto\u015bci THC poni\u017cej 0,3 % mo\u017cesz cieszy\u0107 si\u0119 wieloma zaletami CBD bez efekt\u00f3w psychoaktywnych. Nasz <strong>Wolny od THC haszysz CBD o wysokiej zawarto\u015bci CBD<\/strong> spe\u0142nia standardy jako\u015bci, kt\u00f3rych analiz\u0119 mo\u017cna znale\u017a\u0107 pod adresem<\/span><span style=\"font-weight: 400;\">\u00a0<a href=\"https:\/\/iguanasmoke.com\/pl\/analityka\/\">tutaj<\/a>.\u00a0<\/span><\/p>\n<p><em><span style=\"font-weight: 400;\">*Uwaga: zgodnie z hiszpa\u0144skim prawem jest on przeznaczony do zbierania lub aromaterapii.\u00a0<\/span><\/em><\/p>\n<p><span style=\"font-weight: 400;\">Co wi\u0119cej, je\u015bli lubisz nasze bardziej tradycyjne \u017cywice CBD, takie jak <a href=\"https:\/\/iguanasmoke.com\/pl\/product-2\/lemon-haze-hash-cbd-20\/\">hash CBD Lemon Haze<\/a> lub <a href=\"https:\/\/iguanasmoke.com\/pl\/product-2\/nepal-cream-hash-cbd-20\/\">hash CBD Nepal<\/a>,ty <\/span><span style=\"font-weight: 400;\">zapewniamy, \u017ce <strong>Hash CBD Frozen Golden Cider 61%<\/strong> sprawi, \u017ce odlecisz. Ponadto, nie zapomnij spr\u00f3bowa\u0107 innych <strong>TOP produkty<\/strong> jako <a href=\"https:\/\/iguanasmoke.com\/pl\/product-2\/stv-10oh-e8h-space-vape-3-pack-2ml-vapers\/\">pakiet vaper STV-10-OH i E8H<\/a> lub <a href=\"https:\/\/iguanasmoke.com\/pl\/product-2\/iguana-jednorazowa-kapsulka-cbd-iguana-kapsulka-pocket-amnesia-szerokie-spektrum-750mg\/\">Vaper CBD Amnesia Broad Spectrum<\/a>. <\/span><span style=\"font-weight: 400;\">Kr\u00f3tko m\u00f3wi\u0105c, poznaj nasz\u0105 r\u00f3\u017cnorodno\u015b\u0107 i znajd\u017a swoje ulubione ju\u017c teraz.\u00a0<\/span><\/p>\n<p>&nbsp;<\/p>\n<h3><b>Iguana Smoke to synonim jako\u015bci i niezawodno\u015bci.<\/b><\/h3>\n<p><span style=\"font-weight: 400;\">W Iguana Smoke wierzymy, \u017ce korzystanie z CBD powinno by\u0107 bezpiecznym i przyjemnym do\u015bwiadczeniem. Dlatego oferujemy produkty wysokiej jako\u015bci, kt\u00f3re \u0142\u0105cz\u0105 si\u0119 z nowymi pokoleniami: lud\u017ami, kt\u00f3rzy szukaj\u0105 nieskomplikowanego wellness, z autentycznymi i niezawodnymi markami. Pami\u0119taj, \u017ce wszystkie nasze produkty s\u0105 <strong>Haszysz CBD bez THC<\/strong>, takich jak <strong>Hash CBD Frozen Golden Cider <\/strong>zamierzasz spr\u00f3bowa\u0107.<\/span><\/p>\n<p>Nasza misja jest jasna: dostarcza\u0107 najlepsze kannabinoidy w uczciwej cenie, ze spokojem wynikaj\u0105cym ze \u015bwiadomo\u015bci, \u017ce wybierasz certyfikowany, skuteczny i legalny produkt 100%. Jeste\u015bmy w czo\u0142\u00f3wce produkt\u00f3w CBD.<\/p>\n<p>Nadal masz w\u0105tpliwo\u015bci? Napisz do nas, a z przyjemno\u015bci\u0105 pomo\u017cemy Ci znale\u017a\u0107 odpowiedni produkt.<\/p>","protected":false},"excerpt":{"rendered":"<p>To <strong>hash<\/strong> <span style=\"font-weight: 400;\"><strong>CBD Mro\u017cony Z\u0142oty Cydr <\/strong><\/span>jest wykonany ze \u015bwie\u017cych kwiat\u00f3w, kt\u00f3re zosta\u0142y zamro\u017cone i ekstrahowane na zimno, aby zachowa\u0107 maksymaln\u0105 czysto\u015b\u0107 i st\u0119\u017cenie terpen\u00f3w:<\/p>\n<ul>\n<li data-start=\"246\" data-end=\"275\">Drobna i z\u0142ota tekstura<\/li>\n<li>Produkt legalny w Hiszpanii: THC &lt;0,3%<\/li>\n<\/ul>\n<p>Analiza jako\u015bci: kliknij <a href=\"https:\/\/iguanasmoke.com\/pl\/analityka\/\">tutaj<\/a><\/p>","protected":false},"featured_media":81744,"comment_status":"open","ping_status":"closed","template":"","meta":{"_acf_changed":false,"site-sidebar-layout":"default","site-content-layout":"","ast-site-content-layout":"default","site-content-style":"default","site-sidebar-style":"default","ast-global-header-display":"","ast-banner-title-visibility":"","ast-main-header-display":"","ast-hfb-above-header-display":"","ast-hfb-below-header-display":"","ast-hfb-mobile-header-display":"","site-post-title":"","ast-breadcrumbs-content":"","ast-featured-img":"","footer-sml-layout":"","theme-transparent-header-meta":"default","adv-header-id-meta":"","stick-header-meta":"","header-above-stick-meta":"","header-main-stick-meta":"","header-below-stick-meta":"","astra-migrate-meta-layouts":"set","ast-page-background-enabled":"default","ast-page-background-meta":{"desktop":{"background-color":"var(--ast-global-color-4)","background-image":"","background-repeat":"repeat","background-position":"center center","background-size":"auto","background-attachment":"scroll","background-type":"","background-media":"","overlay-type":"","overlay-color":"","overlay-opacity":"","overlay-gradient":""},"tablet":{"background-color":"","background-image":"","background-repeat":"repeat","background-position":"center center","background-size":"auto","background-attachment":"scroll","background-type":"","background-media":"","overlay-type":"","overlay-color":"","overlay-opacity":"","overlay-gradient":""},"mobile":{"background-color":"","background-image":"","background-repeat":"repeat","background-position":"center center","background-size":"auto","background-attachment":"scroll","background-type":"","background-media":"","overlay-type":"","overlay-color":"","overlay-opacity":"","overlay-gradient":""}},"ast-content-background-meta":{"desktop":{"background-color":"var(--ast-global-color-5)","background-image":"","background-repeat":"repeat","background-position":"center center","background-size":"auto","background-attachment":"scroll","background-type":"","background-media":"","overlay-type":"","overlay-color":"","overlay-opacity":"","overlay-gradient":""},"tablet":{"background-color":"var(--ast-global-color-5)","background-image":"","background-repeat":"repeat","background-position":"center center","background-size":"auto","background-attachment":"scroll","background-type":"","background-media":"","overlay-type":"","overlay-color":"","overlay-opacity":"","overlay-gradient":""},"mobile":{"background-color":"var(--ast-global-color-5)","background-image":"","background-repeat":"repeat","background-position":"center center","background-size":"auto","background-attachment":"scroll","background-type":"","background-media":"","overlay-type":"","overlay-color":"","overlay-opacity":"","overlay-gradient":""}}},"product_brand":[],"product_cat":[397],"product_tag":[],"class_list":{"0":"post-61045","1":"product","2":"type-product","3":"status-publish","4":"has-post-thumbnail","6":"product_cat-hash-cbd","7":"desktop-align-center","8":"tablet-align-center","9":"mobile-align-center","11":"first","12":"instock","13":"taxable","14":"shipping-taxable","15":"purchasable","16":"product-type-variable"},"acf":[],"yoast_head":"<!-- This site is optimized with the Yoast SEO Premium plugin v27.3 (Yoast SEO v27.3) - https:\/\/yoast.com\/product\/yoast-seo-premium-wordpress\/ -->\n<title>Hash CBD Frozen Golden Cider 61%: Compra CBD barato online | Iguana Smoke<\/title>\n<meta name=\"description\" content=\"Hach\u00eds CBD Frozen Golden Cider: extracci\u00f3n en fr\u00edo, 61\u202f% CBD, textura de locura; tu hach\u00eds de CBD barato pero con calidad premium.\" \/>\n<meta name=\"robots\" content=\"index, follow, max-snippet:-1, max-image-preview:large, max-video-preview:-1\" \/>\n<link rel=\"canonical\" href=\"https:\/\/iguanasmoke.com\/pl\/product-2\/hash-cbd-zamrozony-cydr\/\" \/>\n<meta property=\"og:locale\" content=\"pl_PL\" \/>\n<meta property=\"og:type\" content=\"article\" \/>\n<meta property=\"og:title\" content=\"Hash CBD Frozen Golden Cider 61%\" \/>\n<meta property=\"og:description\" content=\"Este hash CBD Frozen Golden Cider est\u00e1 elaborado con flores frescas congeladas y extra\u00eddas en fr\u00edo\u00a0para conservar la m\u00e1xima pureza y la concentraci\u00f3n de terpenos:   Textura fina y dorada  Producto legal en Espa\u00f1a: THC &lt;0,3%  An\u00e1lisis de calidad: pincha aqu\u00ed\" \/>\n<meta property=\"og:url\" content=\"https:\/\/iguanasmoke.com\/pl\/product-2\/hash-cbd-zamrozony-cydr\/\" \/>\n<meta property=\"og:site_name\" content=\"Iguana Smoke\" \/>\n<meta property=\"article:publisher\" content=\"https:\/\/www.facebook.com\/iguanasmoke\" \/>\n<meta property=\"article:modified_time\" content=\"2026-03-19T14:28:52+00:00\" \/>\n<meta property=\"og:image\" content=\"https:\/\/iguanasmoke.com\/wp-content\/uploads\/2025\/07\/Frozen-2g-con-hash.webp\" \/>\n\t<meta property=\"og:image:width\" content=\"1000\" \/>\n\t<meta property=\"og:image:height\" content=\"1000\" \/>\n\t<meta property=\"og:image:type\" content=\"image\/webp\" \/>\n<meta name=\"twitter:card\" content=\"summary_large_image\" \/>\n<meta name=\"twitter:label1\" content=\"Dost\u0119pno\u015b\u0107\" \/>\n\t<meta name=\"twitter:data1\" content=\"Dost\u0119pny\" \/>\n<meta property=\"product:brand\" content=\"variable\" \/>\n<meta property=\"og:availability\" content=\"instock\" \/>\n<meta property=\"product:availability\" content=\"instock\" \/>\n<meta property=\"product:condition\" content=\"new\" \/>\n<!-- \/ Yoast SEO Premium plugin. -->","yoast_head_json":{"title":"Hash CBD Frozen Golden Cider 61%: Kup tanie CBD online | Iguana Smoke","description":"Haszysz CBD Frozen Golden Cider: ekstrakcja na zimno, 61%% CBD, szalona konsystencja; Tw\u00f3j tani haszysz CBD, ale z jako\u015bci\u0105 premium.","robots":{"index":"index","follow":"follow","max-snippet":"max-snippet:-1","max-image-preview":"max-image-preview:large","max-video-preview":"max-video-preview:-1"},"canonical":"https:\/\/iguanasmoke.com\/pl\/product-2\/hash-cbd-zamrozony-cydr\/","og_locale":"pl_PL","og_type":"article","og_title":"Hash CBD Frozen Golden Cider 61%","og_description":"Este hash CBD Frozen Golden Cider est\u00e1 elaborado con flores frescas congeladas y extra\u00eddas en fr\u00edo\u00a0para conservar la m\u00e1xima pureza y la concentraci\u00f3n de terpenos:   Textura fina y dorada  Producto legal en Espa\u00f1a: THC &lt;0,3%  An\u00e1lisis de calidad: pincha aqu\u00ed","og_url":"https:\/\/iguanasmoke.com\/pl\/product-2\/hash-cbd-zamrozony-cydr\/","og_site_name":"Iguana Smoke","article_publisher":"https:\/\/www.facebook.com\/iguanasmoke","article_modified_time":"2026-03-19T14:28:52+00:00","og_image":[{"width":1000,"height":1000,"url":"https:\/\/iguanasmoke.com\/wp-content\/uploads\/2025\/07\/Frozen-2g-con-hash.webp","type":"image\/webp"}],"twitter_card":"summary_large_image","twitter_misc":{"Dost\u0119pno\u015b\u0107":"Dost\u0119pny"},"schema":{"@context":"https:\/\/schema.org","@graph":[{"@type":"WebPage","@id":"https:\/\/iguanasmoke.com\/producto\/hash-cbd-frozen-cider\/","url":"https:\/\/iguanasmoke.com\/producto\/hash-cbd-frozen-cider\/","name":"Hash CBD Frozen Golden Cider 61%: Kup tanie CBD online | Iguana Smoke","isPartOf":{"@id":"https:\/\/iguanasmoke.com\/#website"},"primaryImageOfPage":{"@id":"https:\/\/iguanasmoke.com\/producto\/hash-cbd-frozen-cider\/#primaryimage"},"image":{"@id":"https:\/\/iguanasmoke.com\/producto\/hash-cbd-frozen-cider\/#primaryimage"},"thumbnailUrl":"https:\/\/iguanasmoke.com\/wp-content\/uploads\/2025\/07\/Frozen-2g-con-hash.webp","datePublished":"2025-07-15T17:11:46+00:00","dateModified":"2026-03-19T14:28:52+00:00","description":"Haszysz CBD Frozen Golden Cider: ekstrakcja na zimno, 61%% CBD, szalona konsystencja; Tw\u00f3j tani haszysz CBD, ale z jako\u015bci\u0105 premium.","breadcrumb":{"@id":"https:\/\/iguanasmoke.com\/producto\/hash-cbd-frozen-cider\/#breadcrumb"},"inLanguage":"pl-PL","potentialAction":[{"@type":"ReadAction","target":["https:\/\/iguanasmoke.com\/producto\/hash-cbd-frozen-cider\/"]}]},{"@type":"ImageObject","inLanguage":"pl-PL","@id":"https:\/\/iguanasmoke.com\/producto\/hash-cbd-frozen-cider\/#primaryimage","url":"https:\/\/iguanasmoke.com\/wp-content\/uploads\/2025\/07\/Frozen-2g-con-hash.webp","contentUrl":"https:\/\/iguanasmoke.com\/wp-content\/uploads\/2025\/07\/Frozen-2g-con-hash.webp","width":1000,"height":1000,"caption":"Hash CBD Frozen Golden 2g"},{"@type":"BreadcrumbList","@id":"https:\/\/iguanasmoke.com\/producto\/hash-cbd-frozen-cider\/#breadcrumb","itemListElement":[{"@type":"ListItem","position":1,"name":"home","item":"https:\/\/iguanasmoke.com\/"},{"@type":"ListItem","position":2,"name":"Tienda","item":"https:\/\/iguanasmoke.com\/tienda\/"},{"@type":"ListItem","position":3,"name":"Hash CBD","item":"https:\/\/iguanasmoke.com\/categoria\/hash-cbd\/"},{"@type":"ListItem","position":4,"name":"Hash CBD Frozen Golden Cider 61%"}]},{"@type":"WebSite","@id":"https:\/\/iguanasmoke.com\/#website","url":"https:\/\/iguanasmoke.com\/","name":"Iguana Smoke","description":"Kup CBD online w najlepszej cenie","publisher":{"@id":"https:\/\/iguanasmoke.com\/#organization"},"potentialAction":[{"@type":"SearchAction","target":{"@type":"EntryPoint","urlTemplate":"https:\/\/iguanasmoke.com\/?s={search_term_string}"},"query-input":{"@type":"PropertyValueSpecification","valueRequired":true,"valueName":"search_term_string"}}],"inLanguage":"pl-PL"},{"@type":"Organization","@id":"https:\/\/iguanasmoke.com\/#organization","name":"Iguana Smoke","url":"https:\/\/iguanasmoke.com\/","logo":{"@type":"ImageObject","inLanguage":"pl-PL","@id":"https:\/\/iguanasmoke.com\/#\/schema\/logo\/image\/","url":"https:\/\/iguanasmoke.com\/wp-content\/uploads\/2025\/01\/logoiguana-favi-1.png","contentUrl":"https:\/\/iguanasmoke.com\/wp-content\/uploads\/2025\/01\/logoiguana-favi-1.png","width":512,"height":512,"caption":"Iguana Smoke"},"image":{"@id":"https:\/\/iguanasmoke.com\/#\/schema\/logo\/image\/"},"sameAs":["https:\/\/www.facebook.com\/iguanasmoke","https:\/\/www.instagram.com\/iguanasmoke\/"]}]},"product_brand":"variable","og_availability":"instock","product_availability":"instock","product_condition":"new"},"_links":{"self":[{"href":"https:\/\/iguanasmoke.com\/pl\/wp-json\/wp\/v2\/product\/61045","targetHints":{"allow":["GET"]}}],"collection":[{"href":"https:\/\/iguanasmoke.com\/pl\/wp-json\/wp\/v2\/product"}],"about":[{"href":"https:\/\/iguanasmoke.com\/pl\/wp-json\/wp\/v2\/types\/product"}],"replies":[{"embeddable":true,"href":"https:\/\/iguanasmoke.com\/pl\/wp-json\/wp\/v2\/comments?post=61045"}],"wp:featuredmedia":[{"embeddable":true,"href":"https:\/\/iguanasmoke.com\/pl\/wp-json\/wp\/v2\/media\/81744"}],"wp:attachment":[{"href":"https:\/\/iguanasmoke.com\/pl\/wp-json\/wp\/v2\/media?parent=61045"}],"wp:term":[{"taxonomy":"product_brand","embeddable":true,"href":"https:\/\/iguanasmoke.com\/pl\/wp-json\/wp\/v2\/product_brand?post=61045"},{"taxonomy":"product_cat","embeddable":true,"href":"https:\/\/iguanasmoke.com\/pl\/wp-json\/wp\/v2\/product_cat?post=61045"},{"taxonomy":"product_tag","embeddable":true,"href":"https:\/\/iguanasmoke.com\/pl\/wp-json\/wp\/v2\/product_tag?post=61045"}],"curies":[{"name":"wp","href":"https:\/\/api.w.org\/{rel}","templated":true}]}}