{"id":61305,"date":"2025-07-21T17:20:21","date_gmt":"2025-07-21T15:20:21","guid":{"rendered":"https:\/\/iguanasmoke.com\/?post_type=product&#038;p=61305"},"modified":"2026-03-15T17:59:04","modified_gmt":"2026-03-15T16:59:04","slug":"opakowanie-z-wkladem-degustacyjnym-sativanol-i-10-oh","status":"publish","type":"product","link":"https:\/\/iguanasmoke.com\/pl\/producto\/pack-cartucho-degustacion-sativanol-y-10-oh\/","title":{"rendered":"Zestaw wk\u0142ad\u00f3w degustacyjnych Sativanol i 10-OH"},"content":{"rendered":"<h1 data-start=\"1609\" data-end=\"1642\"><span style=\"font-weight: 400;\">Zestaw wk\u0142ad\u00f3w degustacyjnych: Sativanol i 10-OH (1 ml)<\/span><\/h1>\n<p><span style=\"font-weight: 400;\">Odkryj <strong>nowa generacja<\/strong> waporyzacji za pomoc\u0105 <strong>innowacyjne kannabinoidy<\/strong>. Przy <strong>Iguana Smoke<\/strong> Wys\u0142uchali\u015bmy was i stworzyli\u015bmy ten duet<strong> Opakowanie<\/strong>\u00a0<strong>Sativanol i wk\u0142ad 10-OH<\/strong>, Pakiety wk\u0142ad\u00f3w degustacyjnych Sativanol i 10-OH \u0142\u0105cz\u0105 w sobie technologi\u0119, czysto\u015b\u0107 i wyj\u0105tkowe doznania sensoryczne odpowiednie dla os\u00f3b zainteresowanych pakietem wk\u0142ad\u00f3w degustacyjnych Sativanol i 10-OH.<\/span><\/p>\n<p><span style=\"font-weight: 400;\">Ka\u017cde opakowanie zawiera: <\/span><\/p>\n<ul>\n<li><span style=\"font-weight: 400;\">1 wk\u0142ad Sativanol Space 1 ml <\/span><\/li>\n<li><span style=\"font-weight: 400;\">1 wk\u0142ad 10-OH Space 1ml<\/span><\/li>\n<\/ul>\n<p>Oba s\u0105 gotowe do u\u017cycia z bateriami 510 (sprzedawane oddzielnie) i zaprojektowane tak, aby zapewni\u0107 intensywny smak i zr\u00f3wnowa\u017cone efekty. Ka\u017cda moleku\u0142a jest dost\u0119pna w 7 smakach.<\/p>\n<p>&nbsp;<\/p>\n<h2><strong>Kartrid\u017ce w zestawie kartrid\u017cy <span style=\"font-weight: 400;\"><strong>Sativanol<\/strong> <\/span>i 10-OH s\u0105 jednorazowe?<\/strong><\/h2>\n<p><span style=\"font-weight: 400;\">A <strong>wk\u0142ad jednorazowy<\/strong>, znany r\u00f3wnie\u017c jako kapsu\u0142a lub \u201cw\u00f3zek\u201d, jest ma\u0142ym cylindrem z <strong>510, z\u0142\u0105cze 1 ml lub 2 ml<\/strong> kt\u00f3ry jest wst\u0119pnie nape\u0142niony p\u0142ynem vape. Du\u017ca r\u00f3\u017cnica w por\u00f3wnaniu z innymi rodzajami wk\u0142ad\u00f3w polega na tym, \u017ce nie trzeba ich uzupe\u0142nia\u0107 ani uzupe\u0142nia\u0107: <strong>gdy si\u0119 sko\u0144czy, jest po prostu wyrzucany<\/strong>. <\/span><\/p>\n<p><span style=\"font-weight: 400;\">Aby z niego skorzysta\u0107, nale\u017cy pod\u0142\u0105czy\u0107 go do standardowych akumulator\u00f3w z gwintem 510, takich jak te, kt\u00f3re mamy w ofercie. <strong>Iguana Smoke: <\/strong>Idealny dla tych, kt\u00f3rzy szukaj\u0105 praktycznego i wydajnego zestawu wk\u0142ad\u00f3w Sativanol i 10-OH.<\/span><\/p>\n<p>&nbsp;<\/p>\n<h2><span style=\"font-weight: 400;\"><strong>Baterie do wk\u0142ad\u00f3w Sativanol i 10-OH Tasting Cartridge Pack:<\/strong><\/span><\/h2>\n<p><span style=\"font-weight: 400;\">Nie zapomnij kupi\u0107 <strong>akumulator 510<\/strong> <strong>niezawodny<\/strong>, <strong>d\u0142ugotrwa\u0142y<\/strong>. Dlatego w <strong>Iguana Smoke<\/strong> oferujemy dwa modele zaprojektowane w celu zagwarantowania <strong>jednolita mgie\u0142ka<\/strong>, <strong>czysty smak<\/strong> oraz <strong>Wygodne i bezpieczne do\u015bwiadczenie waporyzacji <\/strong>kt\u00f3re pasuj\u0105 do <strong>Zestaw wk\u0142ad\u00f3w Sativanol i 10-OH.<\/strong><\/span><\/p>\n<ul>\n<li><span style=\"font-weight: 400;\"><a href=\"https:\/\/iguanasmoke.com\/pl\/product-2\/iguana-power-bateria-510-para-cartuchos-de-1ml\/\"><strong>Bateria 510 z gwintem do kartrid\u017cy 1 ml<\/strong><\/a>Jego kompaktowy rozmiar, dyskretny i \u0142atwy do przenoszenia, a jego moc jest idealnie skalibrowana, aby wydoby\u0107 pe\u0142ny profil aromatyczny bez przegrzewania p\u0142ynu. <em>Jego pojemno\u015b\u0107 wynosi 320 mAh.<\/em><\/span><\/li>\n<li><a href=\"https:\/\/iguanasmoke.com\/pl\/product-2\/iguana-power-cartbox-battery-bateria-510-para-cartuchos\/\">Kieszonkowy akumulator Cartbox z gwintem 510<\/a>; Kompatybilno\u015b\u0107 2 w 1: <strong><span style=\"font-weight: 400;\">A je\u015bli szukasz wszechstronno\u015bci, ten model jest kompatybilny z wk\u0142adami 1 ml i 2 ml, \u0142\u0105cz\u0105c autonomi\u0119, dyskrecj\u0119 i regulowan\u0105 moc. Idealny dla tych, kt\u00f3rzy chc\u0105 jednego urz\u0105dzenia, kt\u00f3re pasuje do wszystkiego. <em>Jego pojemno\u015b\u0107 wynosi 650 mAh<\/em>.\u00a0<\/span><\/strong><\/li>\n<\/ul>\n<p>&nbsp;<\/p>\n<h2><strong>Czym jest STV lub Sativanol?<\/strong><\/h2>\n<p><span style=\"font-weight: 400;\">The <strong>Sativanol<\/strong>, <strong>STV<\/strong> o <strong>Super Sativa<\/strong> to najnowszej generacji cz\u0105steczka pochodz\u0105ca z konopi, kt\u00f3ra nie zawiera THC ani jego pochodnych (HHC, THCP...), ale jej dzia\u0142anie jest por\u00f3wnywalne z dzia\u0142aniem <strong>Silna sativa<\/strong>Najwy\u017csza jasno\u015b\u0107 umys\u0142u, p\u0142ynna euforia i dobre samopoczucie bez zamglenia i za\u0142amania. To Tw\u00f3j sprzymierzeniec, je\u015bli chodzi o stymuluj\u0105ce i funkcjonalne doznania. Idealny do wk\u0142ad\u00f3w Sativanol i 10-OH.<\/span><\/p>\n<ul>\n<li>G\u0142\u00f3wne efekty: Zwi\u0105zane z \u0142agodn\u0105, ale siln\u0105 eufori\u0105 psychiczn\u0105, kt\u00f3rej towarzyszy poprawa koncentracji i skupienia bez uspokojenia.<\/li>\n<li>Kluczowe korzy\u015bci: Brak tolerancji przy d\u0142ugotrwa\u0142ym stosowaniu, brak kaca lub senno\u015bci, a 100% nie zawiera kontrolowanych kannabinoid\u00f3w.<\/li>\n<li>Format: Ka\u017cdy wk\u0142ad o pojemno\u015bci 1 ml zapewnia do 300 zaci\u0105gni\u0119\u0107.<\/li>\n<\/ul>\n<p>Formu\u0142a <span style=\"font-weight: 400;\">Sativanol <\/span>jest idealny dla tych, kt\u00f3rzy musz\u0105 by\u0107 aktywni, kreatywni lub po prostu chc\u0105 cieszy\u0107 si\u0119 chwil\u0105 jasno\u015bci umys\u0142u bez od\u0142\u0105czania si\u0119.<\/p>\n<p>&nbsp;<\/p>\n<h2><strong>Co to jest 10-OH?<\/strong><\/h2>\n<p><span style=\"font-weight: 400;\">The <\/span><span style=\"font-weight: 400;\"><b>10-OH<\/b> jest metabolitem HHC, tj. substancj\u0105, kt\u00f3ra powstaje, gdy organizm rozk\u0142ada HHC. Na poziomie laboratoryjnym uzyskuje si\u0119 go poprzez przekszta\u0142cenie HHC w jego hydroksylowan\u0105 form\u0119, co skutkuje bardziej stabilnym kannabinoidem o specyficznym powinowactwie do niekt\u00f3rych receptor\u00f3w uk\u0142adu endokannabinoidowego. Idealny dla tych, kt\u00f3rzy uwa\u017caj\u0105 Sativanol i 10-OH Tasting Cartridge Pack za sw\u00f3j wyb\u00f3r.<\/span><\/p>\n<p><span style=\"font-weight: 400;\">Chocia\u017c efekty mog\u0105 si\u0119 r\u00f3\u017cni\u0107 w zale\u017cno\u015bci od osoby, do\u015bwiadczenia cz\u0119sto obejmuj\u0105:<\/span><\/p>\n<ul>\n<li>Umiarkowana euforia, bez bardziej intensywnego haju, jaki mo\u017ce da\u0107 THC.<\/li>\n<li>Fizyczne odpr\u0119\u017cenie, bez wywo\u0142ywania uczucia nadmiernego uspokojenia.<\/li>\n<li>Jasno\u015b\u0107 umys\u0142u, kt\u00f3ra sprzyja koncentracji lub interakcjom spo\u0142ecznym.<\/li>\n<li>Mniejszy niepok\u00f3j, co czyni j\u0105 interesuj\u0105c\u0105 opcj\u0105 dla tych, kt\u00f3rzy nie toleruj\u0105 dobrze THC.<\/li>\n<li><strong>Efekty te plasuj\u0105 10-OH gdzie\u015b pomi\u0119dzy HHC i THC: bardziej intensywne ni\u017c te pierwsze, ale \u0142atwiejsze do opanowania ni\u017c te drugie.<\/strong><\/li>\n<\/ul>\n<p>&nbsp;<\/p>\n<h3>Wy\u015bmienite smaki w zestawie wk\u0142ad\u00f3w degustacyjnych <span style=\"font-weight: 400;\"><strong>Sativanol<\/strong> <\/span>i 10-OH<\/h3>\n<p><span style=\"font-weight: 400;\">Aby zapewni\u0107 najwy\u017cszej jako\u015bci doznania podczas waporyzacji z zestawem wk\u0142ad\u00f3w Sativanol i 10-OH, oferujemy r\u00f3\u017cnorodne, starannie dobrane smaki:<\/span><\/p>\n<ul>\n<li>Autentyczne profile konopi: Amnesia (ziemisty i pikantny), Gelato (g\u0142adki, s\u0142odki i zio\u0142owy) oraz Gorilla Glue (mocny, sosnowy i ziemisty).<\/li>\n<li>Owocowe i orze\u017awiaj\u0105ce opcje: Mango (egzotyczny), Lemon Haze (orze\u017awiaj\u0105cy i cytrusowy), Red Berries (s\u0142odkie czerwone jagody) i Strawberry (delikatny i naturalny).<\/li>\n<\/ul>\n<h3><\/h3>\n<p>&nbsp;<\/p>\n<h3><\/h3>\n<h3><b>Iguana Smoke to zaufany internetowy sklep CBD<\/b><\/h3>\n<p><span style=\"font-weight: 400;\">W Iguana Smoke wierzymy, \u017ce korzystanie z CBD powinno by\u0107 bezpiecznym i przyjemnym do\u015bwiadczeniem. Dlatego oferujemy wysokiej jako\u015bci produkty, kt\u00f3re \u0142\u0105cz\u0105 si\u0119 z nowymi pokoleniami: lud\u017ami, kt\u00f3rzy szukaj\u0105 nieskomplikowanego wellness, z autentycznymi i niezawodnymi markami.\u00a0<\/span><\/p>\n<p>Nasza misja jest jasna: dostarcza\u0107 ci to, co najlepsze w \u015bwiecie kannabinoid\u00f3w w uczciwej cenie, ze spokojem wynikaj\u0105cym ze \u015bwiadomo\u015bci, \u017ce wybierasz certyfikowany, skuteczny i legalny produkt 100%.<\/p>\n<p>Nadal masz w\u0105tpliwo\u015bci? Napisz do nas, a z przyjemno\u015bci\u0105 pomo\u017cemy Ci znale\u017a\u0107 odpowiedni produkt.<\/p>\n<p>&nbsp;<\/p>\n<h6>\u2139\ufe0f<strong> Informacje prawne<\/strong><\/h6>\n<p><em><span style=\"font-weight: 400;\">*Produkt przeznaczony do kolekcjonowania lub aromaterapii, zgodnie z obowi\u0105zuj\u0105cymi w Hiszpanii przepisami. <\/span><\/em><\/p>\n<p><em><span style=\"font-weight: 400;\">**Pochodzi z certyfikowanych konopi przemys\u0142owych. Zawiera mniej ni\u017c 0,3 THC i nie zawiera nielegalnych kannabinoid\u00f3w, takich jak HHC, HHC-P, THCP, THCP-O, H4CBD lub substancji wymienionych w za\u0142\u0105czniku I do dekretu kr\u00f3lewskiego 2829\/1977, ani substancji kontrolowanych przez konwencje mi\u0119dzynarodowe.\u00a0\u00a0<\/span><\/em><\/p>","protected":false},"excerpt":{"rendered":"<ul>\n<li>Zestaw 2 wk\u0142ad\u00f3w o pojemno\u015bci 1 ml: <span style=\"font-weight: 400;\">Sativanol <\/span>i 10-OH<\/li>\n<li>7 smak\u00f3w do wyboru<\/li>\n<li>Naturalne terpeny<\/li>\n<li>Pod\u0142\u0105czenie: typ 510<\/li>\n<li>Pojemno\u015b\u0107: 1 ml (300 zaci\u0105gni\u0119\u0107)<\/li>\n<li>THC: 0%, HHC: 0%, THC-P: 0%, Nikotyna: 0%<\/li>\n<li>Nie zawiera VG, PG, PEG, MCT ani innych \u015brodk\u00f3w tn\u0105cych.<\/li>\n<\/ul>\n<p><em><span style=\"font-weight: 400;\">Cena bez zni\u017cki: 41,80 \u20ac | cena pakietu zni\u017ckowego: 35 \u20ac =&gt; <strong>oszcz\u0119dno\u015b\u0107 6,80 \u20ac z rabatem 16%<\/strong><\/span>\u00a0<\/em><\/p>\n<p><span style=\"font-weight: 400;\">Konsultacje<strong>\u00a0<a href=\"https:\/\/iguanasmoke.com\/pl\/analityka\/\">analiza laboratoryjna.<\/a><\/strong><\/span><\/p>","protected":false},"featured_media":61625,"comment_status":"open","ping_status":"closed","template":"","meta":{"_acf_changed":false,"site-sidebar-layout":"default","site-content-layout":"","ast-site-content-layout":"default","site-content-style":"default","site-sidebar-style":"default","ast-global-header-display":"","ast-banner-title-visibility":"","ast-main-header-display":"","ast-hfb-above-header-display":"","ast-hfb-below-header-display":"","ast-hfb-mobile-header-display":"","site-post-title":"","ast-breadcrumbs-content":"","ast-featured-img":"","footer-sml-layout":"","theme-transparent-header-meta":"default","adv-header-id-meta":"","stick-header-meta":"","header-above-stick-meta":"","header-main-stick-meta":"","header-below-stick-meta":"","astra-migrate-meta-layouts":"set","ast-page-background-enabled":"default","ast-page-background-meta":{"desktop":{"background-color":"var(--ast-global-color-4)","background-image":"","background-repeat":"repeat","background-position":"center center","background-size":"auto","background-attachment":"scroll","background-type":"","background-media":"","overlay-type":"","overlay-color":"","overlay-opacity":"","overlay-gradient":""},"tablet":{"background-color":"","background-image":"","background-repeat":"repeat","background-position":"center center","background-size":"auto","background-attachment":"scroll","background-type":"","background-media":"","overlay-type":"","overlay-color":"","overlay-opacity":"","overlay-gradient":""},"mobile":{"background-color":"","background-image":"","background-repeat":"repeat","background-position":"center center","background-size":"auto","background-attachment":"scroll","background-type":"","background-media":"","overlay-type":"","overlay-color":"","overlay-opacity":"","overlay-gradient":""}},"ast-content-background-meta":{"desktop":{"background-color":"var(--ast-global-color-5)","background-image":"","background-repeat":"repeat","background-position":"center center","background-size":"auto","background-attachment":"scroll","background-type":"","background-media":"","overlay-type":"","overlay-color":"","overlay-opacity":"","overlay-gradient":""},"tablet":{"background-color":"var(--ast-global-color-5)","background-image":"","background-repeat":"repeat","background-position":"center center","background-size":"auto","background-attachment":"scroll","background-type":"","background-media":"","overlay-type":"","overlay-color":"","overlay-opacity":"","overlay-gradient":""},"mobile":{"background-color":"var(--ast-global-color-5)","background-image":"","background-repeat":"repeat","background-position":"center center","background-size":"auto","background-attachment":"scroll","background-type":"","background-media":"","overlay-type":"","overlay-color":"","overlay-opacity":"","overlay-gradient":""}}},"product_brand":[],"product_cat":[550,419,349,549],"product_tag":[],"class_list":{"0":"post-61305","1":"product","2":"type-product","3":"status-publish","4":"has-post-thumbnail","6":"product_cat-10oh","7":"product_cat-cartuchos-cbd","8":"product_cat-packs-y-ofertas-cbd","9":"product_cat-sativanol","10":"desktop-align-center","11":"tablet-align-center","12":"mobile-align-center","14":"first","15":"instock","16":"sale","17":"taxable","18":"shipping-taxable","19":"purchasable","20":"product-type-composite"},"acf":[],"yoast_head":"<!-- This site is optimized with the Yoast SEO Premium plugin v27.3 (Yoast SEO v27.3) - https:\/\/yoast.com\/product\/yoast-seo-premium-wordpress\/ -->\n<title>Pack Cartucho degustaci\u00f3n Sativanol y 10-OH | Iguana Smoke<\/title>\n<meta name=\"description\" content=\"Redefine tu experiencia de vapeo con el Pack Cartucho degustaci\u00f3n Sativanol y 10-OH. La combinaci\u00f3n que estabas esperando para disfrutar plenamente.\" \/>\n<meta name=\"robots\" content=\"index, follow, max-snippet:-1, max-image-preview:large, max-video-preview:-1\" \/>\n<link rel=\"canonical\" href=\"https:\/\/iguanasmoke.com\/pl\/product-2\/opakowanie-z-wkladem-degustacyjnym-sativanol-i-10-oh\/\" \/>\n<meta property=\"og:locale\" content=\"pl_PL\" \/>\n<meta property=\"og:type\" content=\"article\" \/>\n<meta property=\"og:title\" content=\"Pack Cartucho Degustaci\u00f3n Sativanol y 10-OH\" \/>\n<meta property=\"og:description\" content=\"Pack de 2 cartuchos de 1ml: Sativanol y 10-OH  7 sabores a elegir de cada uno  Terpenos naturales  Conexi\u00f3n: tipo 510  Capacidad: 1 ml (300 caladas)  THC: 0%, HHC: 0%, THC-P: 0%, Nicotina: 0%  No contiene VG, PG, PEG, MCT u otro agente de corte.  Precio sin descuento: 41,80\u20ac | precio pack descuento: 35\u20ac =&gt; ahorro de 6,80\u20ac con un descuento del 16%\u00a0  Consulta\u00a0el an\u00e1lisis de laboratorio.\" \/>\n<meta property=\"og:url\" content=\"https:\/\/iguanasmoke.com\/pl\/product-2\/opakowanie-z-wkladem-degustacyjnym-sativanol-i-10-oh\/\" \/>\n<meta property=\"og:site_name\" content=\"Iguana Smoke\" \/>\n<meta property=\"article:publisher\" content=\"https:\/\/www.facebook.com\/iguanasmoke\" \/>\n<meta property=\"article:modified_time\" content=\"2026-03-15T16:59:04+00:00\" \/>\n<meta property=\"og:image\" content=\"https:\/\/iguanasmoke.com\/wp-content\/uploads\/2025\/07\/Pack-Space-Cart-10x.webp\" \/>\n\t<meta property=\"og:image:width\" content=\"1000\" \/>\n\t<meta property=\"og:image:height\" content=\"1000\" \/>\n\t<meta property=\"og:image:type\" content=\"image\/webp\" \/>\n<meta name=\"twitter:card\" content=\"summary_large_image\" \/>\n<meta name=\"twitter:label1\" content=\"Cena\" \/>\n\t<meta name=\"twitter:data1\" content=\"35,00&nbsp;&euro;\" \/>\n\t<meta name=\"twitter:label2\" content=\"Dost\u0119pno\u015b\u0107\" \/>\n\t<meta name=\"twitter:data2\" content=\"Dost\u0119pny\" \/>\n<meta property=\"product:brand\" content=\"composite\" \/>\n<meta property=\"product:price:amount\" content=\"35.00\" \/>\n<meta property=\"product:price:currency\" content=\"EUR\" \/>\n<meta property=\"og:availability\" content=\"instock\" \/>\n<meta property=\"product:availability\" content=\"instock\" \/>\n<meta property=\"product:retailer_item_id\" content=\"IS-PACKSPACECART2-1ML\" \/>\n<meta property=\"product:condition\" content=\"new\" \/>\n<!-- \/ Yoast SEO Premium plugin. -->","yoast_head_json":{"title":"Zestaw wk\u0142ad\u00f3w smakowych Sativanol i 10-OH - Iguana Smoke","description":"Zdefiniuj na nowo swoje doznania z wapowania dzi\u0119ki zestawowi wk\u0142ad\u00f3w smakowych Sativanol i 10-OH. Po\u0142\u0105czenie, na kt\u00f3re czeka\u0142e\u015b, aby w pe\u0142ni si\u0119 nim cieszy\u0107.","robots":{"index":"index","follow":"follow","max-snippet":"max-snippet:-1","max-image-preview":"max-image-preview:large","max-video-preview":"max-video-preview:-1"},"canonical":"https:\/\/iguanasmoke.com\/pl\/product-2\/opakowanie-z-wkladem-degustacyjnym-sativanol-i-10-oh\/","og_locale":"pl_PL","og_type":"article","og_title":"Pack Cartucho Degustaci\u00f3n Sativanol y 10-OH","og_description":"Pack de 2 cartuchos de 1ml: Sativanol y 10-OH  7 sabores a elegir de cada uno  Terpenos naturales  Conexi\u00f3n: tipo 510  Capacidad: 1 ml (300 caladas)  THC: 0%, HHC: 0%, THC-P: 0%, Nicotina: 0%  No contiene VG, PG, PEG, MCT u otro agente de corte.  Precio sin descuento: 41,80\u20ac | precio pack descuento: 35\u20ac =&gt; ahorro de 6,80\u20ac con un descuento del 16%\u00a0  Consulta\u00a0el an\u00e1lisis de laboratorio.","og_url":"https:\/\/iguanasmoke.com\/pl\/product-2\/opakowanie-z-wkladem-degustacyjnym-sativanol-i-10-oh\/","og_site_name":"Iguana Smoke","article_publisher":"https:\/\/www.facebook.com\/iguanasmoke","article_modified_time":"2026-03-15T16:59:04+00:00","og_image":[{"width":1000,"height":1000,"url":"https:\/\/iguanasmoke.com\/wp-content\/uploads\/2025\/07\/Pack-Space-Cart-10x.webp","type":"image\/webp"}],"twitter_card":"summary_large_image","twitter_misc":{"Cena":"35,00&nbsp;&euro;","Dost\u0119pno\u015b\u0107":"Dost\u0119pny"},"schema":{"@context":"https:\/\/schema.org","@graph":[{"@type":"WebPage","@id":"https:\/\/iguanasmoke.com\/producto\/pack-cartucho-degustacion-sativanol-y-10-oh\/","url":"https:\/\/iguanasmoke.com\/producto\/pack-cartucho-degustacion-sativanol-y-10-oh\/","name":"Zestaw wk\u0142ad\u00f3w smakowych Sativanol i 10-OH - Iguana Smoke","isPartOf":{"@id":"https:\/\/iguanasmoke.com\/#website"},"primaryImageOfPage":{"@id":"https:\/\/iguanasmoke.com\/producto\/pack-cartucho-degustacion-sativanol-y-10-oh\/#primaryimage"},"image":{"@id":"https:\/\/iguanasmoke.com\/producto\/pack-cartucho-degustacion-sativanol-y-10-oh\/#primaryimage"},"thumbnailUrl":"https:\/\/iguanasmoke.com\/wp-content\/uploads\/2025\/07\/Pack-Space-Cart-10x.webp","datePublished":"2025-07-21T15:20:21+00:00","dateModified":"2026-03-15T16:59:04+00:00","description":"Zdefiniuj na nowo swoje doznania z wapowania dzi\u0119ki zestawowi wk\u0142ad\u00f3w smakowych Sativanol i 10-OH. Po\u0142\u0105czenie, na kt\u00f3re czeka\u0142e\u015b, aby w pe\u0142ni si\u0119 nim cieszy\u0107.","breadcrumb":{"@id":"https:\/\/iguanasmoke.com\/producto\/pack-cartucho-degustacion-sativanol-y-10-oh\/#breadcrumb"},"inLanguage":"pl-PL","potentialAction":[{"@type":"ReadAction","target":["https:\/\/iguanasmoke.com\/producto\/pack-cartucho-degustacion-sativanol-y-10-oh\/"]}]},{"@type":"ImageObject","inLanguage":"pl-PL","@id":"https:\/\/iguanasmoke.com\/producto\/pack-cartucho-degustacion-sativanol-y-10-oh\/#primaryimage","url":"https:\/\/iguanasmoke.com\/wp-content\/uploads\/2025\/07\/Pack-Space-Cart-10x.webp","contentUrl":"https:\/\/iguanasmoke.com\/wp-content\/uploads\/2025\/07\/Pack-Space-Cart-10x.webp","width":1000,"height":1000,"caption":"Pack Cartucho degustaci\u00f3n STV y 10-OH"},{"@type":"BreadcrumbList","@id":"https:\/\/iguanasmoke.com\/producto\/pack-cartucho-degustacion-sativanol-y-10-oh\/#breadcrumb","itemListElement":[{"@type":"ListItem","position":1,"name":"home","item":"https:\/\/iguanasmoke.com\/"},{"@type":"ListItem","position":2,"name":"Tienda","item":"https:\/\/iguanasmoke.com\/tienda\/"},{"@type":"ListItem","position":3,"name":"Vaper CBD","item":"https:\/\/iguanasmoke.com\/categoria\/vaper-cbd\/"},{"@type":"ListItem","position":4,"name":"Cartuchos","item":"https:\/\/iguanasmoke.com\/categoria\/vaper-cbd\/cartuchos-cbd\/"},{"@type":"ListItem","position":5,"name":"Pack Cartucho Degustaci\u00f3n Sativanol y 10-OH"}]},{"@type":"WebSite","@id":"https:\/\/iguanasmoke.com\/#website","url":"https:\/\/iguanasmoke.com\/","name":"Iguana Smoke","description":"Kup CBD online w najlepszej cenie","publisher":{"@id":"https:\/\/iguanasmoke.com\/#organization"},"potentialAction":[{"@type":"SearchAction","target":{"@type":"EntryPoint","urlTemplate":"https:\/\/iguanasmoke.com\/?s={search_term_string}"},"query-input":{"@type":"PropertyValueSpecification","valueRequired":true,"valueName":"search_term_string"}}],"inLanguage":"pl-PL"},{"@type":"Organization","@id":"https:\/\/iguanasmoke.com\/#organization","name":"Iguana Smoke","url":"https:\/\/iguanasmoke.com\/","logo":{"@type":"ImageObject","inLanguage":"pl-PL","@id":"https:\/\/iguanasmoke.com\/#\/schema\/logo\/image\/","url":"https:\/\/iguanasmoke.com\/wp-content\/uploads\/2025\/01\/logoiguana-favi-1.png","contentUrl":"https:\/\/iguanasmoke.com\/wp-content\/uploads\/2025\/01\/logoiguana-favi-1.png","width":512,"height":512,"caption":"Iguana Smoke"},"image":{"@id":"https:\/\/iguanasmoke.com\/#\/schema\/logo\/image\/"},"sameAs":["https:\/\/www.facebook.com\/iguanasmoke","https:\/\/www.instagram.com\/iguanasmoke\/"]}]},"product_brand":"composite","product_price_amount":"35.00","product_price_currency":"EUR","og_availability":"instock","product_availability":"instock","product_retailer_item_id":"IS-PACKSPACECART2-1ML","product_condition":"new"},"_links":{"self":[{"href":"https:\/\/iguanasmoke.com\/pl\/wp-json\/wp\/v2\/product\/61305","targetHints":{"allow":["GET"]}}],"collection":[{"href":"https:\/\/iguanasmoke.com\/pl\/wp-json\/wp\/v2\/product"}],"about":[{"href":"https:\/\/iguanasmoke.com\/pl\/wp-json\/wp\/v2\/types\/product"}],"replies":[{"embeddable":true,"href":"https:\/\/iguanasmoke.com\/pl\/wp-json\/wp\/v2\/comments?post=61305"}],"wp:featuredmedia":[{"embeddable":true,"href":"https:\/\/iguanasmoke.com\/pl\/wp-json\/wp\/v2\/media\/61625"}],"wp:attachment":[{"href":"https:\/\/iguanasmoke.com\/pl\/wp-json\/wp\/v2\/media?parent=61305"}],"wp:term":[{"taxonomy":"product_brand","embeddable":true,"href":"https:\/\/iguanasmoke.com\/pl\/wp-json\/wp\/v2\/product_brand?post=61305"},{"taxonomy":"product_cat","embeddable":true,"href":"https:\/\/iguanasmoke.com\/pl\/wp-json\/wp\/v2\/product_cat?post=61305"},{"taxonomy":"product_tag","embeddable":true,"href":"https:\/\/iguanasmoke.com\/pl\/wp-json\/wp\/v2\/product_tag?post=61305"}],"curies":[{"name":"wp","href":"https:\/\/api.w.org\/{rel}","templated":true}]}}