{"id":61325,"date":"2025-07-30T17:24:12","date_gmt":"2025-07-30T15:24:12","guid":{"rendered":"https:\/\/iguanasmoke.com\/?post_type=product&#038;p=61325"},"modified":"2026-02-09T14:06:05","modified_gmt":"2026-02-09T13:06:05","slug":"opakowanie-5-vapes-stv-e8h-lub-10-oh-space-vape-2ml","status":"publish","type":"product","link":"https:\/\/iguanasmoke.com\/pl\/producto\/pack-5-vapes-stv-e8h-o-10-oh-space-vape-2ml\/","title":{"rendered":"Pakiet 5 Vapers by STV | 10-OH | E8H - Space Vape 2ml"},"content":{"rendered":"<h1 data-start=\"1609\" data-end=\"1642\"><span style=\"font-weight: 400;\">Pack 5 Vaper<i>STV: STV: 10-OH i E8H Space Vape 2ml<\/i><\/span><\/h1>\n<h3>Pakiet do wapowania z idealn\u0105 ofert\u0105 dla tych, kt\u00f3rzy szukaj\u0105 r\u00f3\u017cnorodno\u015bci, oszcz\u0119dno\u015bci i mo\u017cliwo\u015bci spersonalizowania swojego zam\u00f3wienia.<\/h3>\n<p><span style=\"font-weight: 400;\">Je\u015bli lubisz pr\u00f3bowa\u0107 r\u00f3\u017cnych rzeczy, <strong>Pakiet 5 vaper: STV | 10-OH i E8H Space Vape<\/strong> jest idealny dla Ciebie. Stworzyli\u015bmy ten ekskluzywny pakiet, aby\u015b m\u00f3g\u0142 wypr\u00f3bowa\u0107 nasze najlepsze cz\u0105steczki, \u0142\u0105cz\u0105ce Sativanol (STV) oraz cz\u0105steczki 10-OH i E8H.<\/span><\/p>\n<p>&nbsp;<\/p>\n<h2 data-start=\"273\" data-end=\"578\"><strong>Co zawiera 5-pak vaper: STV | 10-OH i E8H Space Vape? <\/strong><\/h2>\n<p data-start=\"273\" data-end=\"578\"><span style=\"font-weight: 400;\">W tym pakiecie mo\u017cesz wybra\u0107 5 ulubionych cz\u0105steczek: STV, 10-OH i 1 E8H w wybranych przez siebie smakach.<\/span><\/p>\n<p data-start=\"273\" data-end=\"578\">W STV, a tak\u017ce w 10-OH i E8H dost\u0119pnych jest 7 smak\u00f3w i s\u0105 one nast\u0119puj\u0105ce:<\/p>\n<ul>\n<li style=\"list-style-type: none;\">\n<ul>\n<li style=\"list-style-type: none;\">\n<ul>\n<li data-start=\"273\" data-end=\"578\"><em>Uchwyt<\/em><\/li>\n<li data-start=\"273\" data-end=\"578\"><em>Klej Gorilla<\/em><\/li>\n<li data-start=\"273\" data-end=\"578\"><em>Truskawka<\/em><\/li>\n<li data-start=\"273\" data-end=\"578\"><em>Czerwone jagody<\/em><\/li>\n<li data-start=\"273\" data-end=\"578\"><em>Amnezja<\/em><\/li>\n<li data-start=\"273\" data-end=\"578\"><em>Gelato<\/em><\/li>\n<li data-start=\"273\" data-end=\"578\"><em>Lemon Haze<\/em><\/li>\n<\/ul>\n<\/li>\n<\/ul>\n<\/li>\n<\/ul>\n<p><span style=\"font-weight: 400;\">Mo\u017cesz rzuci\u0107 okiem na kategori\u0119 <strong><a href=\"https:\/\/iguanasmoke.com\/pl\/kategoria\/nowe-czasteczki\/sativanol\/\">Vaper STV - Sativanol<\/a>,<\/strong> <a href=\"https:\/\/iguanasmoke.com\/pl\/kategoria\/nowe-czasteczki\/10oh\/\"><strong>Vaper 10-OH<\/strong><\/a> y <a href=\"https:\/\/iguanasmoke.com\/pl\/kategoria\/nowe-czasteczki\/e8h\/\"><strong>Vaper E8H<\/strong><\/a> aby uko\u0144czy\u0107 <strong>Pakiet 5 vaper: STV | 10-OH i E8H Space Vape<\/strong>.<\/span><\/p>\n<p>&nbsp;<\/p>\n<h2><strong>Czym jest STV lub Sativanol?<\/strong><\/h2>\n<p><span style=\"font-weight: 400;\">The <strong>Sativanol<\/strong>, <strong>STV<\/strong> o <strong>Super Sativa<\/strong> to najnowszej generacji cz\u0105steczka pochodz\u0105ca z konopi, kt\u00f3ra nie zawiera THC ani jego pochodnych (HHC, THCP...), ale jej dzia\u0142anie jest por\u00f3wnywalne z dzia\u0142aniem <strong>Silna sativa<\/strong>zapewnia jasno\u015b\u0107 umys\u0142u, \u0142agodn\u0105 eufori\u0119 i dobre samopoczucie bez zamroczenia i depresji.\u00a0\u00a0<\/span><\/p>\n<p>Formu\u0142a STV jest idealna dla tych, kt\u00f3rzy musz\u0105 by\u0107 aktywni, kreatywni lub po prostu chc\u0105 cieszy\u0107 si\u0119 chwil\u0105 jasno\u015bci umys\u0142u bez od\u0142\u0105czania si\u0119.<\/p>\n<p>&nbsp;<\/p>\n<h2><strong>Co to jest 10-OH?<\/strong><\/h2>\n<p><span style=\"font-weight: 400;\">The <\/span><span style=\"font-weight: 400;\"><b>10-OH<\/b> jest <strong>Metabolit HHC<\/strong>, tj. substancja, kt\u00f3ra jest generowana, gdy <strong>organizm rozk\u0142ada HHC<\/strong>. Na poziomie laboratoryjnym uzyskuje si\u0119 go poprzez przekszta\u0142cenie HHC w jego hydroksylowan\u0105 form\u0119, co skutkuje <strong>bardziej stabilny kannabinoid<\/strong> i ze specyficznym powinowactwem do niekt\u00f3rych receptor\u00f3w uk\u0142adu endokannabinoidowego.<\/span><\/p>\n<p><span style=\"font-weight: 400;\">Chocia\u017c efekty mog\u0105 si\u0119 r\u00f3\u017cni\u0107 w zale\u017cno\u015bci od osoby, do\u015bwiadczenia cz\u0119sto obejmuj\u0105:<\/span><\/p>\n<ul>\n<li>Umiarkowana euforia, bez bardziej intensywnego haju, jaki mo\u017ce da\u0107 THC.<\/li>\n<li>Fizyczne odpr\u0119\u017cenie, bez wywo\u0142ywania uczucia nadmiernego uspokojenia.<\/li>\n<li>Jasno\u015b\u0107 umys\u0142u, kt\u00f3ra sprzyja koncentracji lub interakcjom spo\u0142ecznym.<\/li>\n<li>Mniejszy niepok\u00f3j, co czyni j\u0105 interesuj\u0105c\u0105 opcj\u0105 dla tych, kt\u00f3rzy nie toleruj\u0105 dobrze THC.<\/li>\n<\/ul>\n<p><span style=\"font-weight: 400;\">Efekty te umieszczaj\u0105 <strong>10-OH w punkcie po\u015brednim mi\u0119dzy HHC i THC<\/strong>Bardziej intensywny ni\u017c pierwszy, ale \u0142atwiejszy do opanowania ni\u017c drugi. Je\u015bli szukasz <strong>kupi\u0107 vaper 10-OH online<\/strong>, Dzi\u0119ki stymuluj\u0105cym efektom, ale bez paranoi i psychicznego kaca, jest to waporyzator dla Ciebie.<\/span><\/p>\n<p>&nbsp;<\/p>\n<h2><strong>Czym jest cz\u0105steczka E8H?<\/strong><\/h2>\n<p><span style=\"font-weight: 400;\">Nasze vapery zawieraj\u0105 <strong>90% to najnowocze\u015bniejsza p\u00f3\u0142syntetyczna cz\u0105steczka: E8H<\/strong>. Zosta\u0142 zaprojektowany, aby oferowa\u0107 <strong>do\u015bwiadczenie<\/strong> <strong>tylko<\/strong>, <strong>bardzo podobny do tego z HHC<\/strong>. Jednak w przeciwie\u0144stwie do tego, co ju\u017c znasz, ta najnowocze\u015bniejsza cz\u0105steczka oferuje wyj\u0105tkowe do\u015bwiadczenie, kt\u00f3re zmieni Twoje oczekiwania. <\/span><\/p>\n<p><span style=\"font-weight: 400;\">Jest wyj\u0105tkowy, musisz go wypr\u00f3bowa\u0107, aby go do\u015bwiadczy\u0107! Jego niedawny rozw\u00f3j umieszcza go w zmieniaj\u0105cych si\u0119 ramach regulacyjnych, otwieraj\u0105c nowe mo\u017cliwo\u015bci w \u015bwiecie waporyzacji. <\/span><\/p>\n<p><span style=\"font-weight: 400;\">Chocia\u017c efekty mog\u0105 si\u0119 r\u00f3\u017cni\u0107 w zale\u017cno\u015bci od osoby, do\u015bwiadczenia cz\u0119sto obejmuj\u0105:\u00a0<\/span><\/p>\n<ul>\n<li>Podobne doznania jak w przypadku THC, przyjemne uczucie.<\/li>\n<li>Og\u00f3lny relaks i redukcja stresu<\/li>\n<li>Uczucie spokoju lub dobrego samopoczucia.<\/li>\n<\/ul>\n<p>&nbsp;<\/p>\n<h2><strong>Czym jest jednorazowy vaper w opakowaniu STV, 10-OH, E8H?<\/strong><\/h2>\n<p><span style=\"font-weight: 400;\">A <strong>jednorazowy vaper<\/strong> to urz\u0105dzenie typu pi\u00f3ro\u201c <strong>2 ml<\/strong> kt\u00f3ry jest wyposa\u017cony w p\u0142yny Sativanol, 10-OH i E8H. Du\u017ca r\u00f3\u017cnica w por\u00f3wnaniu z innymi typami vaper\u00f3w polega na tym, \u017ce nie trzeba go uzupe\u0142nia\u0107 ani uzupe\u0142nia\u0107: <strong>gdy si\u0119 sko\u0144czy, jest po prostu wyrzucany<\/strong>.\u00a0<\/span><\/p>\n<p>&nbsp;<\/p>\n<h2 data-start=\"273\" data-end=\"578\"><strong>Dlaczego warto wybra\u0107 waporyzator 5 Pack: STV | 10-OH i E8H Space Vape?<\/strong><strong>? <\/strong><\/h2>\n<ul>\n<li data-start=\"273\" data-end=\"578\"><span style=\"font-weight: 400;\">Specjalna cena za opakowanie<\/span><\/li>\n<li data-start=\"273\" data-end=\"578\"><span style=\"font-weight: 400;\">Idealny do degustacji r\u00f3\u017cnych smak\u00f3w i moleku\u0142<\/span><\/li>\n<li data-start=\"273\" data-end=\"578\"><span style=\"font-weight: 400;\">Wszystko w jednym zam\u00f3wieniu, wygodnie i szybko<\/span><\/li>\n<li data-start=\"273\" data-end=\"578\"><span style=\"font-weight: 400;\">Legalny, bezpieczny i przetestowany produkt <\/span><\/li>\n<li data-start=\"273\" data-end=\"578\"><span style=\"font-weight: 400;\">Idealny na prezent... lub jako prezent dla siebie. <\/span><\/li>\n<\/ul>\n<p><span style=\"font-weight: 400;\">The <strong>Pakiet 5 vaper: STV | 10-OH i E8H Space Vape<\/strong>\u00a0to nie tylko pakiet, to kompletne do\u015bwiadczenie. Odkryj, por\u00f3wnaj i znajd\u017a sw\u00f3j ulubiony.<\/span><\/p>\n<p>&nbsp;<\/p>\n<h3><b>Iguana Smoke to Tw\u00f3j internetowy sklep z CBD\u00a0<\/b><\/h3>\n<p><span style=\"font-weight: 400;\">Przy<strong> Iguana Smoke<\/strong>, Wierzymy, \u017ce korzystanie z CBD powinno by\u0107 bezpiecznym do\u015bwiadczeniem. W\u0142a\u015bnie dlatego oferujemy produkty takie jak ten <strong>Pakiet 5 vaper: STV | 10-OH i E8H Space Vape<\/strong>, Marka \u0142\u0105czy si\u0119 z nowymi pokoleniami: lud\u017ami, kt\u00f3rzy szukaj\u0105 nieskomplikowanego wellness, z autentycznymi i niezawodnymi markami.\u00a0<\/span><\/p>\n<p>Nasza misja jest jasna: dostarcza\u0107 najlepsze kannabinoidy w uczciwej cenie. Ponadto dajemy ci spok\u00f3j ducha, wiedz\u0105c, \u017ce wybierasz certyfikowany, skuteczny i legalny produkt 100%. Tw\u00f3j czas relaksu zaczyna si\u0119 z nami.<\/p>\n<p>Nadal masz w\u0105tpliwo\u015bci? Napisz do nas, a z przyjemno\u015bci\u0105 pomo\u017cemy Ci znale\u017a\u0107 odpowiedni produkt.<\/p>\n<p>&nbsp;<\/p>\n<h6>\u2139\ufe0f<strong> Informacje prawne<\/strong><\/h6>\n<p><em><span style=\"font-weight: 400;\">*Produkt przeznaczony do kolekcjonowania lub aromaterapii, zgodnie z obowi\u0105zuj\u0105cymi w Hiszpanii przepisami. <\/span><\/em><\/p>\n<p><em><span style=\"font-weight: 400;\">**Pochodzi z certyfikowanych konopi przemys\u0142owych. Zawiera mniej ni\u017c 0,3 THC i nie zawiera nielegalnych kannabinoid\u00f3w, takich jak HHC, HHC-P, THCP, THCP-O, H4CBD lub substancji wymienionych w za\u0142\u0105czniku I do dekretu kr\u00f3lewskiego 2829\/1977, ani substancji kontrolowanych przez konwencje mi\u0119dzynarodowe.\u00a0\u00a0<\/span><\/em><\/p>","protected":false},"excerpt":{"rendered":"<p><span style=\"font-weight: 400;\">Przygotuj si\u0119, poniewa\u017c ten zestaw Vape zawiera:<\/span><\/p>\n<ul>\n<li>5 x Vaper, aby wybra\u0107 preferowan\u0105 cz\u0105steczk\u0119 i smak<\/li>\n<\/ul>\n<h6>Cechy<\/h6>\n<ul>\n<li>Pojemno\u015b\u0107: 2 ml - 600 zaci\u0105gni\u0119\u0107<\/li>\n<li>STV \/ 10-OH \/ E8H<\/li>\n<li>Wysokiej jako\u015bci naturalne terpeny<\/li>\n<li>THC: 0%, HHC: 0%, THC-P: 0%, Nikotyna: 0%<\/li>\n<li>Nie zawiera VG, PG, PEG, MCT ani \u017cadnych innych \u015brodk\u00f3w tn\u0105cych.<\/li>\n<\/ul>\n<p><em><span style=\"font-weight: 400;\">Cena bez zni\u017cki: 174,50 \u20ac | cena pakietu zni\u017ckowego: 149,95 \u20ac =&gt; <strong>oszcz\u0119dno\u015b\u0107 24,55 \u20ac z rabatem 14%<\/strong><\/span>\u00a0<\/em><\/p>\n<p><span style=\"font-weight: 400;\">Konsultacje<strong>\u00a0<a href=\"https:\/\/iguanasmoke.com\/pl\/analityka\/\">analiza laboratoryjna.<\/a><\/strong><\/span><\/p>","protected":false},"featured_media":77339,"comment_status":"open","ping_status":"closed","template":"","meta":{"_acf_changed":false,"site-sidebar-layout":"default","site-content-layout":"","ast-site-content-layout":"default","site-content-style":"default","site-sidebar-style":"default","ast-global-header-display":"","ast-banner-title-visibility":"","ast-main-header-display":"","ast-hfb-above-header-display":"","ast-hfb-below-header-display":"","ast-hfb-mobile-header-display":"","site-post-title":"","ast-breadcrumbs-content":"","ast-featured-img":"","footer-sml-layout":"","theme-transparent-header-meta":"default","adv-header-id-meta":"","stick-header-meta":"","header-above-stick-meta":"","header-main-stick-meta":"","header-below-stick-meta":"","astra-migrate-meta-layouts":"set","ast-page-background-enabled":"default","ast-page-background-meta":{"desktop":{"background-color":"var(--ast-global-color-4)","background-image":"","background-repeat":"repeat","background-position":"center center","background-size":"auto","background-attachment":"scroll","background-type":"","background-media":"","overlay-type":"","overlay-color":"","overlay-opacity":"","overlay-gradient":""},"tablet":{"background-color":"","background-image":"","background-repeat":"repeat","background-position":"center center","background-size":"auto","background-attachment":"scroll","background-type":"","background-media":"","overlay-type":"","overlay-color":"","overlay-opacity":"","overlay-gradient":""},"mobile":{"background-color":"","background-image":"","background-repeat":"repeat","background-position":"center center","background-size":"auto","background-attachment":"scroll","background-type":"","background-media":"","overlay-type":"","overlay-color":"","overlay-opacity":"","overlay-gradient":""}},"ast-content-background-meta":{"desktop":{"background-color":"var(--ast-global-color-5)","background-image":"","background-repeat":"repeat","background-position":"center center","background-size":"auto","background-attachment":"scroll","background-type":"","background-media":"","overlay-type":"","overlay-color":"","overlay-opacity":"","overlay-gradient":""},"tablet":{"background-color":"var(--ast-global-color-5)","background-image":"","background-repeat":"repeat","background-position":"center center","background-size":"auto","background-attachment":"scroll","background-type":"","background-media":"","overlay-type":"","overlay-color":"","overlay-opacity":"","overlay-gradient":""},"mobile":{"background-color":"var(--ast-global-color-5)","background-image":"","background-repeat":"repeat","background-position":"center center","background-size":"auto","background-attachment":"scroll","background-type":"","background-media":"","overlay-type":"","overlay-color":"","overlay-opacity":"","overlay-gradient":""}}},"product_brand":[],"product_cat":[628,349],"product_tag":[],"class_list":{"0":"post-61325","1":"product","2":"type-product","3":"status-publish","4":"has-post-thumbnail","6":"product_cat-nuevas-moleculas","7":"product_cat-packs-y-ofertas-cbd","8":"desktop-align-center","9":"tablet-align-center","10":"mobile-align-center","12":"first","13":"instock","14":"sale","15":"taxable","16":"shipping-taxable","17":"purchasable","18":"product-type-composite"},"acf":[],"yoast_head":"<!-- This site is optimized with the Yoast SEO Premium plugin v27.3 (Yoast SEO v27.3) - https:\/\/yoast.com\/product\/yoast-seo-premium-wordpress\/ -->\n<title>Pack 5 vaper: STV | 10-OH y E8H | Iguana Smoke<\/title>\n<meta name=\"description\" content=\"Pack 5 vaper: STV | 10-OH y E8H Space Vape Desechables, con terpenos naturales. Hasta 600 caladas. Sin THC, HHC o Nicotina. \u00a1Listos para disfrutar!\" \/>\n<meta name=\"robots\" content=\"index, follow, max-snippet:-1, max-image-preview:large, max-video-preview:-1\" \/>\n<link rel=\"canonical\" href=\"https:\/\/iguanasmoke.com\/pl\/product-2\/opakowanie-5-vapes-stv-e8h-lub-10-oh-space-vape-2ml\/\" \/>\n<meta property=\"og:locale\" content=\"pl_PL\" \/>\n<meta property=\"og:type\" content=\"article\" \/>\n<meta property=\"og:title\" content=\"Pack 5 Vapers de STV | 10-OH | E8H \u2013 Space Vape 2ml\" \/>\n<meta property=\"og:description\" content=\"Prep\u00e1rate porque este Pack de Vapeo incluye:   5 x Vaper a elegir la mol\u00e9cula y el sabor que prefieras  Caracter\u00edsticas   Capacidad: 2ml - 600 caladas  STV \/ 10-OH \/ E8H  Terpenos naturales de alta calidad  THC: 0%,\u00a0HHC: 0%, THC-P: 0%, Nicotina: 0%  No contiene VG, PG, PEG, MCT o cualquier otro agente de corte  Precio sin descuento: 174,50\u20ac | precio pack descuento: 149,95\u20ac =&gt; ahorro de 24,55\u20ac con un descuento del 14%\u00a0  Consulta\u00a0el an\u00e1lisis de laboratorio.\" \/>\n<meta property=\"og:url\" content=\"https:\/\/iguanasmoke.com\/pl\/product-2\/opakowanie-5-vapes-stv-e8h-lub-10-oh-space-vape-2ml\/\" \/>\n<meta property=\"og:site_name\" content=\"Iguana Smoke\" \/>\n<meta property=\"article:publisher\" content=\"https:\/\/www.facebook.com\/iguanasmoke\" \/>\n<meta property=\"article:modified_time\" content=\"2026-02-09T13:06:05+00:00\" \/>\n<meta property=\"og:image\" content=\"https:\/\/iguanasmoke.com\/wp-content\/uploads\/2025\/07\/Pack-Space-VAPE-5x-2.webp\" \/>\n\t<meta property=\"og:image:width\" content=\"1000\" \/>\n\t<meta property=\"og:image:height\" content=\"1000\" \/>\n\t<meta property=\"og:image:type\" content=\"image\/webp\" \/>\n<meta name=\"twitter:card\" content=\"summary_large_image\" \/>\n<meta name=\"twitter:label1\" content=\"Cena\" \/>\n\t<meta name=\"twitter:data1\" content=\"149,95&nbsp;&euro;\" \/>\n\t<meta name=\"twitter:label2\" content=\"Dost\u0119pno\u015b\u0107\" \/>\n\t<meta name=\"twitter:data2\" content=\"Dost\u0119pny\" \/>\n<meta property=\"product:brand\" content=\"composite\" \/>\n<meta property=\"product:price:amount\" content=\"149.95\" \/>\n<meta property=\"product:price:currency\" content=\"EUR\" \/>\n<meta property=\"og:availability\" content=\"instock\" \/>\n<meta property=\"product:availability\" content=\"instock\" \/>\n<meta property=\"product:retailer_item_id\" content=\"IS-PACKSPACEVAPE5\" \/>\n<meta property=\"product:condition\" content=\"new\" \/>\n<!-- \/ Yoast SEO Premium plugin. -->","yoast_head_json":{"title":"Pakiet 5 vaper: STV | 10-OH i E8H | Iguana Smoke","description":"Zestaw 5 vaper\u00f3w: STV | 10-OH i E8H Space Vape Jednorazowe, z naturalnymi terpenami. Do 600 zaci\u0105gni\u0119\u0107. Bez THC, HHC i nikotyny, gotowe do u\u017cycia!","robots":{"index":"index","follow":"follow","max-snippet":"max-snippet:-1","max-image-preview":"max-image-preview:large","max-video-preview":"max-video-preview:-1"},"canonical":"https:\/\/iguanasmoke.com\/pl\/product-2\/opakowanie-5-vapes-stv-e8h-lub-10-oh-space-vape-2ml\/","og_locale":"pl_PL","og_type":"article","og_title":"Pack 5 Vapers de STV | 10-OH | E8H \u2013 Space Vape 2ml","og_description":"Prep\u00e1rate porque este Pack de Vapeo incluye:   5 x Vaper a elegir la mol\u00e9cula y el sabor que prefieras  Caracter\u00edsticas   Capacidad: 2ml - 600 caladas  STV \/ 10-OH \/ E8H  Terpenos naturales de alta calidad  THC: 0%,\u00a0HHC: 0%, THC-P: 0%, Nicotina: 0%  No contiene VG, PG, PEG, MCT o cualquier otro agente de corte  Precio sin descuento: 174,50\u20ac | precio pack descuento: 149,95\u20ac =&gt; ahorro de 24,55\u20ac con un descuento del 14%\u00a0  Consulta\u00a0el an\u00e1lisis de laboratorio.","og_url":"https:\/\/iguanasmoke.com\/pl\/product-2\/opakowanie-5-vapes-stv-e8h-lub-10-oh-space-vape-2ml\/","og_site_name":"Iguana Smoke","article_publisher":"https:\/\/www.facebook.com\/iguanasmoke","article_modified_time":"2026-02-09T13:06:05+00:00","og_image":[{"width":1000,"height":1000,"url":"https:\/\/iguanasmoke.com\/wp-content\/uploads\/2025\/07\/Pack-Space-VAPE-5x-2.webp","type":"image\/webp"}],"twitter_card":"summary_large_image","twitter_misc":{"Cena":"149,95&nbsp;&euro;","Dost\u0119pno\u015b\u0107":"Dost\u0119pny"},"schema":{"@context":"https:\/\/schema.org","@graph":[{"@type":"WebPage","@id":"https:\/\/iguanasmoke.com\/producto\/pack-5-vapes-stv-e8h-o-10-oh-space-vape-2ml\/","url":"https:\/\/iguanasmoke.com\/producto\/pack-5-vapes-stv-e8h-o-10-oh-space-vape-2ml\/","name":"Pakiet 5 vaper: STV | 10-OH i E8H | Iguana Smoke","isPartOf":{"@id":"https:\/\/iguanasmoke.com\/#website"},"primaryImageOfPage":{"@id":"https:\/\/iguanasmoke.com\/producto\/pack-5-vapes-stv-e8h-o-10-oh-space-vape-2ml\/#primaryimage"},"image":{"@id":"https:\/\/iguanasmoke.com\/producto\/pack-5-vapes-stv-e8h-o-10-oh-space-vape-2ml\/#primaryimage"},"thumbnailUrl":"https:\/\/iguanasmoke.com\/wp-content\/uploads\/2025\/07\/Pack-Space-VAPE-5x-2.webp","datePublished":"2025-07-30T15:24:12+00:00","dateModified":"2026-02-09T13:06:05+00:00","description":"Zestaw 5 vaper\u00f3w: STV | 10-OH i E8H Space Vape Jednorazowe, z naturalnymi terpenami. Do 600 zaci\u0105gni\u0119\u0107. Bez THC, HHC i nikotyny, gotowe do u\u017cycia!","breadcrumb":{"@id":"https:\/\/iguanasmoke.com\/producto\/pack-5-vapes-stv-e8h-o-10-oh-space-vape-2ml\/#breadcrumb"},"inLanguage":"pl-PL","potentialAction":[{"@type":"ReadAction","target":["https:\/\/iguanasmoke.com\/producto\/pack-5-vapes-stv-e8h-o-10-oh-space-vape-2ml\/"]}]},{"@type":"ImageObject","inLanguage":"pl-PL","@id":"https:\/\/iguanasmoke.com\/producto\/pack-5-vapes-stv-e8h-o-10-oh-space-vape-2ml\/#primaryimage","url":"https:\/\/iguanasmoke.com\/wp-content\/uploads\/2025\/07\/Pack-Space-VAPE-5x-2.webp","contentUrl":"https:\/\/iguanasmoke.com\/wp-content\/uploads\/2025\/07\/Pack-Space-VAPE-5x-2.webp","width":1000,"height":1000,"caption":"Pack 5 Vapers de STV | 10OH | E8H \u2013 Space Vape 2ml"},{"@type":"BreadcrumbList","@id":"https:\/\/iguanasmoke.com\/producto\/pack-5-vapes-stv-e8h-o-10-oh-space-vape-2ml\/#breadcrumb","itemListElement":[{"@type":"ListItem","position":1,"name":"home","item":"https:\/\/iguanasmoke.com\/"},{"@type":"ListItem","position":2,"name":"Tienda","item":"https:\/\/iguanasmoke.com\/tienda\/"},{"@type":"ListItem","position":3,"name":"Packs y Ofertas","item":"https:\/\/iguanasmoke.com\/categoria\/packs-y-ofertas-cbd\/"},{"@type":"ListItem","position":4,"name":"Pack 5 Vapers de STV | 10-OH | E8H \u2013 Space Vape 2ml"}]},{"@type":"WebSite","@id":"https:\/\/iguanasmoke.com\/#website","url":"https:\/\/iguanasmoke.com\/","name":"Iguana Smoke","description":"Kup CBD online w najlepszej cenie","publisher":{"@id":"https:\/\/iguanasmoke.com\/#organization"},"potentialAction":[{"@type":"SearchAction","target":{"@type":"EntryPoint","urlTemplate":"https:\/\/iguanasmoke.com\/?s={search_term_string}"},"query-input":{"@type":"PropertyValueSpecification","valueRequired":true,"valueName":"search_term_string"}}],"inLanguage":"pl-PL"},{"@type":"Organization","@id":"https:\/\/iguanasmoke.com\/#organization","name":"Iguana Smoke","url":"https:\/\/iguanasmoke.com\/","logo":{"@type":"ImageObject","inLanguage":"pl-PL","@id":"https:\/\/iguanasmoke.com\/#\/schema\/logo\/image\/","url":"https:\/\/iguanasmoke.com\/wp-content\/uploads\/2025\/01\/logoiguana-favi-1.png","contentUrl":"https:\/\/iguanasmoke.com\/wp-content\/uploads\/2025\/01\/logoiguana-favi-1.png","width":512,"height":512,"caption":"Iguana Smoke"},"image":{"@id":"https:\/\/iguanasmoke.com\/#\/schema\/logo\/image\/"},"sameAs":["https:\/\/www.facebook.com\/iguanasmoke","https:\/\/www.instagram.com\/iguanasmoke\/"]}]},"product_brand":"composite","product_price_amount":"149.95","product_price_currency":"EUR","og_availability":"instock","product_availability":"instock","product_retailer_item_id":"IS-PACKSPACEVAPE5","product_condition":"new"},"_links":{"self":[{"href":"https:\/\/iguanasmoke.com\/pl\/wp-json\/wp\/v2\/product\/61325","targetHints":{"allow":["GET"]}}],"collection":[{"href":"https:\/\/iguanasmoke.com\/pl\/wp-json\/wp\/v2\/product"}],"about":[{"href":"https:\/\/iguanasmoke.com\/pl\/wp-json\/wp\/v2\/types\/product"}],"replies":[{"embeddable":true,"href":"https:\/\/iguanasmoke.com\/pl\/wp-json\/wp\/v2\/comments?post=61325"}],"wp:featuredmedia":[{"embeddable":true,"href":"https:\/\/iguanasmoke.com\/pl\/wp-json\/wp\/v2\/media\/77339"}],"wp:attachment":[{"href":"https:\/\/iguanasmoke.com\/pl\/wp-json\/wp\/v2\/media?parent=61325"}],"wp:term":[{"taxonomy":"product_brand","embeddable":true,"href":"https:\/\/iguanasmoke.com\/pl\/wp-json\/wp\/v2\/product_brand?post=61325"},{"taxonomy":"product_cat","embeddable":true,"href":"https:\/\/iguanasmoke.com\/pl\/wp-json\/wp\/v2\/product_cat?post=61325"},{"taxonomy":"product_tag","embeddable":true,"href":"https:\/\/iguanasmoke.com\/pl\/wp-json\/wp\/v2\/product_tag?post=61325"}],"curies":[{"name":"wp","href":"https:\/\/api.w.org\/{rel}","templated":true}]}}