{"id":61795,"date":"2025-09-30T12:13:32","date_gmt":"2025-09-30T10:13:32","guid":{"rendered":"https:\/\/iguanasmoke.com\/?post_type=product&#038;p=61795"},"modified":"2026-04-15T10:44:07","modified_gmt":"2026-04-15T08:44:07","slug":"hash-cbd-amnesia-30","status":"publish","type":"product","link":"https:\/\/iguanasmoke.com\/pl\/producto\/hash-cbd-amnesia-30\/","title":{"rendered":"Hash CBD Amnesia 30%"},"content":{"rendered":"<h1><span style=\"font-weight: 400\">Hash CBD Amnesia 30%: Odkryj szwajcarsk\u0105 doskona\u0142o\u015b\u0107<\/span><\/h1>\n<p><span style=\"font-weight: 400\">Przedstawiamy jedn\u0105 z najbardziej luksusowych \u017cywic premium w naszej kolekcji: Hash CBD Amnesia 30%. Wiesz, \u017ce w Iguana Smoke lubimy oferowa\u0107 ci to, co najlepsze w \u015bwiecie CBD, a ten jest dok\u0142adnie wykonany z <strong>\u017cywotne ro\u015bliny<\/strong> i starannie wybrane spo\u015br\u00f3d <strong>Odmiana Amnesia szwajcarskiej jako\u015bci<\/strong>, jeden z <strong>Najbardziej znane kwiaty CBD<\/strong> i uwielbiany w \u015bwiecie haszyszu CBD bez THC.\u00a0<\/span><\/p>\n<p>Ten haszysz CBD Amnesia zapewnia g\u0142\u0119bokie poczucie relaksu i spokoju, dzi\u0119ki czemu jest siln\u0105 \u017cywic\u0105 do nocnej rutyny lub w chwilach wymagaj\u0105cych dodatkowego wyciszenia.<\/p>\n<p><span style=\"font-weight: 400\">Zawiera r\u00f3wnie\u017c mniej ni\u017c 0,3% THC, wi\u0119c haszysz ten jest <strong>legalne w Hiszpanii i Europie<\/strong>. Poznaj jego konsystencj\u0119 i delektuj si\u0119 jego aromatami! Odkryj, dlaczego <strong>Hash CBD Amnesia 30% <\/strong>jest jedn\u0105 z najczystszych, najsilniejszych i najlepszej jako\u015bci \u017cywic, jakie mo\u017cna znale\u017a\u0107, je\u015bli chcesz <strong>tani haszysz CBD<\/strong> ale premium.<\/span><\/p>\n<p>&nbsp;<\/p>\n<h2>Charakterystyka amnezji Hash CBD:<\/h2>\n<ul>\n<li><b>Wygl\u0105d i tekstura: <span style=\"font-size: 16px;font-weight: 400\">przedstawia sp\u00f3jno\u015b\u0107 <strong>ci\u0105gliwy i \u017cywiczny<\/strong>. Wystarczaj\u0105co mi\u0119kki, aby kruszy\u0107 si\u0119 pod wp\u0142ywem ciep\u0142a palc\u00f3w, zachowuj\u0105c jednocze\u015bnie zwart\u0105 struktur\u0119. W dotyku nieco <strong>pringy<\/strong> ze wzgl\u0119du na <strong>wysokie st\u0119\u017cenie \u017cywicy bogatej w kannabinoidy i terpeny<\/strong>; Wska\u017anik ich <strong>Najwy\u017csza jako\u015b\u0107 i czysto\u015b\u0107<\/strong>.<\/span><\/b><\/li>\n<li><span style=\"font-size: 16px;font-weight: 400\"><strong>Aromat i smak:<\/strong> intensywny, o z\u0142o\u017conym i urzekaj\u0105cym profilu. G\u0142\u00f3wne nuty <strong>ziemisty i drzewny<\/strong>. Widoczne s\u0105 r\u00f3wnie\u017c niuanse <strong>cytrus<\/strong> i pikantny akcent przypominaj\u0105cy kultowe <strong>odmiana konopi Amnesia<\/strong>. Tw\u00f3j <strong>profil zapachowy jest \u015bwie\u017cy i g\u0142\u0119boki<\/strong>, zach\u0119caj\u0105cy do relaksu.<\/span><\/li>\n<li><strong>Pochodzenie i czysto\u015b\u0107:<\/strong><span style=\"font-size: 16px;font-weight: 400\">\u00a0zachowuje wszystkie swoje <strong>naturalne terpeny<\/strong>, oferuj\u0105c unikalny profil.<\/span><span style=\"font-size: 16px;font-weight: 400\"> Z <strong>wysoka zawarto\u015b\u0107 kannabidiolu<\/strong>, jest idealny dla tych, kt\u00f3rzy szukaj\u0105 <strong>haszysz<\/strong> <strong>Tanie CBD<\/strong> ale bez utraty jako\u015bci. Jego intensywna konsystencja i aromat pochodz\u0105 z <strong>Wysokiej jako\u015bci szwajcarskie kwiaty konopi<\/strong> wybrany i staranny proces ekstrakcji <strong>trichomy<\/strong>, kt\u00f3re s\u0105 <strong>gruczo\u0142y bogate w CBD i terpeny<\/strong>, przez prasowanie lub przesiewanie.\u00a0<\/span><\/li>\n<\/ul>\n<h3><\/h3>\n<p>&nbsp;<\/p>\n<h3><b>Dlaczego warto kupi\u0107 haszysz CBD Amnesia 30% od Iguana Smoke?<\/b><\/h3>\n<p><span style=\"font-weight: 400\">W Iguana Smoke stawiamy na jako\u015b\u0107. Nasze produkty haszyszowe CBD s\u0105 100% naturalne i organiczne, bez chemikali\u00f3w i pestycyd\u00f3w. Oznacza to, \u017ce kupuj\u0105c u nas, wybierasz <strong>Czysta i bezpieczna \u017cywica CBD i haszysz<\/strong>. Podobnie jak w przypadku naszego <span style=\"font-size: 16px;font-weight: 400\"><strong>Amnesia CBD haszysz 30%<\/strong><\/span><strong>.<\/strong><\/span><\/p>\n<p><span style=\"font-weight: 400\">To jest bezpieczne miejsce <strong>kupi\u0107 haszysz CBD online w Hiszpanii.<\/strong> Wszystkie nasze produkty s\u0105 zatwierdzone przez UE, co gwarantuje ich legalno\u015b\u0107 i bezpiecze\u0144stwo. Dzi\u0119ki zawarto\u015bci THC poni\u017cej 0,3 % mo\u017cesz cieszy\u0107 si\u0119 wieloma zaletami CBD bez efekt\u00f3w psychoaktywnych. Nasz <strong>Wolny od THC haszysz CBD o wysokiej zawarto\u015bci CBD<\/strong> spe\u0142nia standardy jako\u015bci, kt\u00f3rych analiz\u0119 mo\u017cna znale\u017a\u0107 pod adresem<\/span><span style=\"font-weight: 400\">\u00a0<a href=\"https:\/\/iguanasmoke.com\/pl\/analityka\/\">tutaj<\/a>.\u00a0<\/span><\/p>\n<p><em><span style=\"font-weight: 400\">*Uwaga: zgodnie z hiszpa\u0144skim prawem jest on przeznaczony do zbierania lub aromaterapii.\u00a0<\/span><\/em><\/p>\n<p><span style=\"font-weight: 400\">Co wi\u0119cej, je\u015bli lubisz nasze bardziej tradycyjne \u017cywice CBD, takie jak <a href=\"https:\/\/iguanasmoke.com\/pl\/product-2\/hash-cbd-frozen-golden-cider\/\">hash Frozen Golden Cider<\/a> lub <a href=\"https:\/\/iguanasmoke.com\/pl\/product-2\/blonde-hash-cbd-20\/\">hash CBD Blonde<\/a>,ty <\/span><span style=\"font-weight: 400\">zapewniamy, \u017ce <strong>Hash CBD Amnezja<\/strong> 30% sprawi, \u017ce si\u0119 zakochasz. Nie zapomnij r\u00f3wnie\u017c wypr\u00f3bowa\u0107 innych <strong>TOP produkty<\/strong> jak <a href=\"https:\/\/iguanasmoke.com\/pl\/product-2\/iguana-power-cartridge-cbd-full-spectrum-kit\/\">Zestaw CBD Full Spectrum bateria + wk\u0142ady<\/a> lub <a href=\"https:\/\/iguanasmoke.com\/pl\/cbd-vaper\/\">CBD Vapes<\/a>. <\/span><span style=\"font-weight: 400\">Kr\u00f3tko m\u00f3wi\u0105c, poznaj nasz\u0105 r\u00f3\u017cnorodno\u015b\u0107 i znajd\u017a swoje ulubione ju\u017c teraz.\u00a0<\/span><\/p>\n<p>&nbsp;<\/p>\n<h3><b>Iguana Smoke to synonim jako\u015bci i niezawodno\u015bci.<\/b><\/h3>\n<p><span style=\"font-weight: 400\">W Iguana Smoke wierzymy, \u017ce korzystanie z CBD powinno by\u0107 bezpiecznym i przyjemnym do\u015bwiadczeniem. Dlatego oferujemy produkty wysokiej jako\u015bci, kt\u00f3re \u0142\u0105cz\u0105 si\u0119 z nowymi pokoleniami: lud\u017ami, kt\u00f3rzy szukaj\u0105 nieskomplikowanego wellness, z autentycznymi i niezawodnymi markami. Pami\u0119taj, \u017ce wszystkie nasze produkty s\u0105 <strong>Haszysz CBD bez THC<\/strong>, takich jak <strong>Hash CBD Amnesia 30% <\/strong>zamierzasz spr\u00f3bowa\u0107.<\/span><\/p>\n<p>Nasza misja jest jasna: dostarcza\u0107 najlepsze kannabinoidy w uczciwej cenie, ze spokojem wynikaj\u0105cym ze \u015bwiadomo\u015bci, \u017ce wybierasz certyfikowany, skuteczny i legalny produkt 100%. Jeste\u015bmy w czo\u0142\u00f3wce produkt\u00f3w CBD.<\/p>\n<p>Nadal masz w\u0105tpliwo\u015bci? Napisz do nas, a z przyjemno\u015bci\u0105 pomo\u017cemy Ci znale\u017a\u0107 odpowiedni produkt.<\/p>","protected":false},"excerpt":{"rendered":"<p>Przedstawiamy <b>Hash CBD Amnezja<\/b>, luksusowa \u017cywica wykonana z kwiat\u00f3w Amnesia o najwy\u017cszej czysto\u015bci:<\/p>\n<ul>\n<li><b>Mi\u0119kka, plastyczna tekstura<\/b>\u00a0i z\u0142oty kolor.<\/li>\n<li><b>Mocny aromat:<\/b> Smak amnezji z nutami ziemistymi i cytrusowymi.<\/li>\n<li>Wysoka zawarto\u015b\u0107 <b>CBD\u00a0<\/b>i &lt;0,3% THC.<\/li>\n<\/ul>\n<p>Analiza jako\u015bci: kliknij\u00a0<a href=\"https:\/\/iguanasmoke.com\/pl\/analityka\/\" target=\"_blank\" rel=\"noopener\">tutaj<\/a><\/p>","protected":false},"featured_media":81731,"comment_status":"open","ping_status":"closed","template":"","meta":{"_acf_changed":false,"site-sidebar-layout":"default","site-content-layout":"","ast-site-content-layout":"default","site-content-style":"default","site-sidebar-style":"default","ast-global-header-display":"","ast-banner-title-visibility":"","ast-main-header-display":"","ast-hfb-above-header-display":"","ast-hfb-below-header-display":"","ast-hfb-mobile-header-display":"","site-post-title":"","ast-breadcrumbs-content":"","ast-featured-img":"","footer-sml-layout":"","theme-transparent-header-meta":"default","adv-header-id-meta":"","stick-header-meta":"","header-above-stick-meta":"","header-main-stick-meta":"","header-below-stick-meta":"","astra-migrate-meta-layouts":"set","ast-page-background-enabled":"default","ast-page-background-meta":{"desktop":{"background-color":"var(--ast-global-color-4)","background-image":"","background-repeat":"repeat","background-position":"center center","background-size":"auto","background-attachment":"scroll","background-type":"","background-media":"","overlay-type":"","overlay-color":"","overlay-opacity":"","overlay-gradient":""},"tablet":{"background-color":"","background-image":"","background-repeat":"repeat","background-position":"center center","background-size":"auto","background-attachment":"scroll","background-type":"","background-media":"","overlay-type":"","overlay-color":"","overlay-opacity":"","overlay-gradient":""},"mobile":{"background-color":"","background-image":"","background-repeat":"repeat","background-position":"center center","background-size":"auto","background-attachment":"scroll","background-type":"","background-media":"","overlay-type":"","overlay-color":"","overlay-opacity":"","overlay-gradient":""}},"ast-content-background-meta":{"desktop":{"background-color":"var(--ast-global-color-5)","background-image":"","background-repeat":"repeat","background-position":"center center","background-size":"auto","background-attachment":"scroll","background-type":"","background-media":"","overlay-type":"","overlay-color":"","overlay-opacity":"","overlay-gradient":""},"tablet":{"background-color":"var(--ast-global-color-5)","background-image":"","background-repeat":"repeat","background-position":"center center","background-size":"auto","background-attachment":"scroll","background-type":"","background-media":"","overlay-type":"","overlay-color":"","overlay-opacity":"","overlay-gradient":""},"mobile":{"background-color":"var(--ast-global-color-5)","background-image":"","background-repeat":"repeat","background-position":"center center","background-size":"auto","background-attachment":"scroll","background-type":"","background-media":"","overlay-type":"","overlay-color":"","overlay-opacity":"","overlay-gradient":""}}},"product_brand":[],"product_cat":[397],"product_tag":[],"class_list":{"0":"post-61795","1":"product","2":"type-product","3":"status-publish","4":"has-post-thumbnail","6":"product_cat-hash-cbd","7":"desktop-align-center","8":"tablet-align-center","9":"mobile-align-center","11":"first","12":"instock","13":"taxable","14":"shipping-taxable","15":"purchasable","16":"product-type-variable"},"acf":[],"yoast_head":"<!-- This site is optimized with the Yoast SEO Premium plugin v27.3 (Yoast SEO v27.3) - https:\/\/yoast.com\/product\/yoast-seo-premium-wordpress\/ -->\n<title>Hash CBD Amnesia: Calidad Suiza | Iguana Smoke<\/title>\n<meta name=\"description\" content=\"Eleva tu experiencia con el Hash CBD Amnesia, una resina premium de calidad Suiza. No te pierdas esta joya, tu hash de CBD sin THC \u00a1c\u00f3mpralo ahora!\" \/>\n<meta name=\"robots\" content=\"index, follow, max-snippet:-1, max-image-preview:large, max-video-preview:-1\" \/>\n<link rel=\"canonical\" href=\"https:\/\/iguanasmoke.com\/pl\/product-2\/hash-cbd-amnesia-30\/\" \/>\n<meta property=\"og:locale\" content=\"pl_PL\" \/>\n<meta property=\"og:type\" content=\"article\" \/>\n<meta property=\"og:title\" content=\"Hash CBD Amnesia 30%\" \/>\n<meta property=\"og:description\" content=\"Te presentamos el Hash CBD Amnesia, una resina de lujo elaborada a partir de flores Amnesia de pureza superior:   Textura suave, maleable\u00a0y color dorado.  Aroma potente: sabor a Amnesia con notas terrosas y c\u00edtricas.  Alto contenido en CBD\u00a0y &lt;0,3% de THC.  An\u00e1lisis de calidad: pincha\u00a0aqu\u00ed\" \/>\n<meta property=\"og:url\" content=\"https:\/\/iguanasmoke.com\/pl\/product-2\/hash-cbd-amnesia-30\/\" \/>\n<meta property=\"og:site_name\" content=\"Iguana Smoke\" \/>\n<meta property=\"article:publisher\" content=\"https:\/\/www.facebook.com\/iguanasmoke\" \/>\n<meta property=\"article:modified_time\" content=\"2026-04-15T08:44:07+00:00\" \/>\n<meta property=\"og:image\" content=\"https:\/\/iguanasmoke.com\/wp-content\/uploads\/2025\/09\/Amnesia-2g-con-hash.webp\" \/>\n\t<meta property=\"og:image:width\" content=\"1000\" \/>\n\t<meta property=\"og:image:height\" content=\"1000\" \/>\n\t<meta property=\"og:image:type\" content=\"image\/webp\" \/>\n<meta name=\"twitter:card\" content=\"summary_large_image\" \/>\n<meta name=\"twitter:label1\" content=\"Dost\u0119pno\u015b\u0107\" \/>\n\t<meta name=\"twitter:data1\" content=\"Dost\u0119pny\" \/>\n<meta property=\"product:brand\" content=\"variable\" \/>\n<meta property=\"og:availability\" content=\"instock\" \/>\n<meta property=\"product:availability\" content=\"instock\" \/>\n<meta property=\"product:condition\" content=\"new\" \/>\n<!-- \/ Yoast SEO Premium plugin. -->","yoast_head_json":{"title":"Hash CBD Amnesia: szwajcarska jako\u015b\u0107 | Iguana Smoke","description":"Podnie\u015b swoje doznania dzi\u0119ki Amnesia CBD Hash, \u017cywicy szwajcarskiej jako\u015bci premium. Nie przegap tego klejnotu, swojego wolnego od THC haszyszu CBD, kup go teraz!","robots":{"index":"index","follow":"follow","max-snippet":"max-snippet:-1","max-image-preview":"max-image-preview:large","max-video-preview":"max-video-preview:-1"},"canonical":"https:\/\/iguanasmoke.com\/pl\/product-2\/hash-cbd-amnesia-30\/","og_locale":"pl_PL","og_type":"article","og_title":"Hash CBD Amnesia 30%","og_description":"Te presentamos el Hash CBD Amnesia, una resina de lujo elaborada a partir de flores Amnesia de pureza superior:   Textura suave, maleable\u00a0y color dorado.  Aroma potente: sabor a Amnesia con notas terrosas y c\u00edtricas.  Alto contenido en CBD\u00a0y &lt;0,3% de THC.  An\u00e1lisis de calidad: pincha\u00a0aqu\u00ed","og_url":"https:\/\/iguanasmoke.com\/pl\/product-2\/hash-cbd-amnesia-30\/","og_site_name":"Iguana Smoke","article_publisher":"https:\/\/www.facebook.com\/iguanasmoke","article_modified_time":"2026-04-15T08:44:07+00:00","og_image":[{"width":1000,"height":1000,"url":"https:\/\/iguanasmoke.com\/wp-content\/uploads\/2025\/09\/Amnesia-2g-con-hash.webp","type":"image\/webp"}],"twitter_card":"summary_large_image","twitter_misc":{"Dost\u0119pno\u015b\u0107":"Dost\u0119pny"},"schema":{"@context":"https:\/\/schema.org","@graph":[{"@type":"WebPage","@id":"https:\/\/iguanasmoke.com\/producto\/hash-cbd-amnesia-30\/","url":"https:\/\/iguanasmoke.com\/producto\/hash-cbd-amnesia-30\/","name":"Hash CBD Amnesia: szwajcarska jako\u015b\u0107 | Iguana Smoke","isPartOf":{"@id":"https:\/\/iguanasmoke.com\/#website"},"primaryImageOfPage":{"@id":"https:\/\/iguanasmoke.com\/producto\/hash-cbd-amnesia-30\/#primaryimage"},"image":{"@id":"https:\/\/iguanasmoke.com\/producto\/hash-cbd-amnesia-30\/#primaryimage"},"thumbnailUrl":"https:\/\/iguanasmoke.com\/wp-content\/uploads\/2025\/09\/Amnesia-2g-con-hash.webp","datePublished":"2025-09-30T10:13:32+00:00","dateModified":"2026-04-15T08:44:07+00:00","description":"Podnie\u015b swoje doznania dzi\u0119ki Amnesia CBD Hash, \u017cywicy szwajcarskiej jako\u015bci premium. Nie przegap tego klejnotu, swojego wolnego od THC haszyszu CBD, kup go teraz!","breadcrumb":{"@id":"https:\/\/iguanasmoke.com\/producto\/hash-cbd-amnesia-30\/#breadcrumb"},"inLanguage":"pl-PL","potentialAction":[{"@type":"ReadAction","target":["https:\/\/iguanasmoke.com\/producto\/hash-cbd-amnesia-30\/"]}]},{"@type":"ImageObject","inLanguage":"pl-PL","@id":"https:\/\/iguanasmoke.com\/producto\/hash-cbd-amnesia-30\/#primaryimage","url":"https:\/\/iguanasmoke.com\/wp-content\/uploads\/2025\/09\/Amnesia-2g-con-hash.webp","contentUrl":"https:\/\/iguanasmoke.com\/wp-content\/uploads\/2025\/09\/Amnesia-2g-con-hash.webp","width":1000,"height":1000,"caption":"hash cbd amnesia 2g"},{"@type":"BreadcrumbList","@id":"https:\/\/iguanasmoke.com\/producto\/hash-cbd-amnesia-30\/#breadcrumb","itemListElement":[{"@type":"ListItem","position":1,"name":"home","item":"https:\/\/iguanasmoke.com\/"},{"@type":"ListItem","position":2,"name":"Tienda","item":"https:\/\/iguanasmoke.com\/tienda\/"},{"@type":"ListItem","position":3,"name":"Hash CBD","item":"https:\/\/iguanasmoke.com\/categoria\/hash-cbd\/"},{"@type":"ListItem","position":4,"name":"Hash CBD Amnesia 30%"}]},{"@type":"WebSite","@id":"https:\/\/iguanasmoke.com\/#website","url":"https:\/\/iguanasmoke.com\/","name":"Iguana Smoke","description":"Kup CBD online w najlepszej cenie","publisher":{"@id":"https:\/\/iguanasmoke.com\/#organization"},"potentialAction":[{"@type":"SearchAction","target":{"@type":"EntryPoint","urlTemplate":"https:\/\/iguanasmoke.com\/?s={search_term_string}"},"query-input":{"@type":"PropertyValueSpecification","valueRequired":true,"valueName":"search_term_string"}}],"inLanguage":"pl-PL"},{"@type":"Organization","@id":"https:\/\/iguanasmoke.com\/#organization","name":"Iguana Smoke","url":"https:\/\/iguanasmoke.com\/","logo":{"@type":"ImageObject","inLanguage":"pl-PL","@id":"https:\/\/iguanasmoke.com\/#\/schema\/logo\/image\/","url":"https:\/\/iguanasmoke.com\/wp-content\/uploads\/2025\/01\/logoiguana-favi-1.png","contentUrl":"https:\/\/iguanasmoke.com\/wp-content\/uploads\/2025\/01\/logoiguana-favi-1.png","width":512,"height":512,"caption":"Iguana Smoke"},"image":{"@id":"https:\/\/iguanasmoke.com\/#\/schema\/logo\/image\/"},"sameAs":["https:\/\/www.facebook.com\/iguanasmoke","https:\/\/www.instagram.com\/iguanasmoke\/"]}]},"product_brand":"variable","og_availability":"instock","product_availability":"instock","product_condition":"new"},"_links":{"self":[{"href":"https:\/\/iguanasmoke.com\/pl\/wp-json\/wp\/v2\/product\/61795","targetHints":{"allow":["GET"]}}],"collection":[{"href":"https:\/\/iguanasmoke.com\/pl\/wp-json\/wp\/v2\/product"}],"about":[{"href":"https:\/\/iguanasmoke.com\/pl\/wp-json\/wp\/v2\/types\/product"}],"replies":[{"embeddable":true,"href":"https:\/\/iguanasmoke.com\/pl\/wp-json\/wp\/v2\/comments?post=61795"}],"wp:featuredmedia":[{"embeddable":true,"href":"https:\/\/iguanasmoke.com\/pl\/wp-json\/wp\/v2\/media\/81731"}],"wp:attachment":[{"href":"https:\/\/iguanasmoke.com\/pl\/wp-json\/wp\/v2\/media?parent=61795"}],"wp:term":[{"taxonomy":"product_brand","embeddable":true,"href":"https:\/\/iguanasmoke.com\/pl\/wp-json\/wp\/v2\/product_brand?post=61795"},{"taxonomy":"product_cat","embeddable":true,"href":"https:\/\/iguanasmoke.com\/pl\/wp-json\/wp\/v2\/product_cat?post=61795"},{"taxonomy":"product_tag","embeddable":true,"href":"https:\/\/iguanasmoke.com\/pl\/wp-json\/wp\/v2\/product_tag?post=61795"}],"curies":[{"name":"wp","href":"https:\/\/api.w.org\/{rel}","templated":true}]}}