{"id":61802,"date":"2025-07-30T16:32:27","date_gmt":"2025-07-30T14:32:27","guid":{"rendered":"https:\/\/iguanasmoke.com\/?post_type=product&#038;p=61802"},"modified":"2026-02-12T15:21:53","modified_gmt":"2026-02-12T14:21:53","slug":"vape-space-vape-e8h-lemon","status":"publish","type":"product","link":"https:\/\/iguanasmoke.com\/pl\/producto\/vape-space-vape-e8h-lemon\/","title":{"rendered":"Vaper E8H 90% - Space Vape Lemon Haze"},"content":{"rendered":"<h1 data-start=\"1609\" data-end=\"1642\"><span style=\"font-weight: 400;\">Vaper E8H 90% Space Vape Lemon Haze: Siente la explosi\u00f3n frutal<\/span><\/h1>\n<p><span style=\"font-weight: 400;\">Odkryj <strong>Vaper E8H<\/strong> <strong>Lemon Haze<\/strong>, una opci\u00f3n ideal para los que buscan un sabor top y refrescante: el lim\u00f3n. Pensado para tener una <strong>kompletne i pot\u0119\u017cne do\u015bwiadczenie vape,<\/strong>\u00a0obci\u0105\u017cony <strong>90% z innowacyjn\u0105 cz\u0105steczk\u0105 E8H<\/strong> i uzupe\u0142ni\u0142 formu\u0142\u0119 <strong>nie zawiera \u015brodk\u00f3w tn\u0105cych, nikotyny i HHC<\/strong>, aby cieszy\u0107 si\u0119 czystym, legalnym i wysokiej jako\u015bci waporyzatorem E8H.<\/span><\/p>\n<p><span style=\"font-weight: 400;\">Czy wiesz, \u017ce zakup <strong>vaper<\/strong><\/span><span style=\"font-weight: 400;\"><strong> E8H <\/strong>oznacza noszenie technologii konopi przysz\u0142o\u015bci w kieszeni? <strong>Bez THC<\/strong>, <strong>ale jest efekt<\/strong>; <strong>bez dymu<\/strong>, <strong>ale jest chmura<\/strong>; Nie ma w\u0105tpliwo\u015bci, poniewa\u017c <strong>este vaper E8H Mango es puro y refrescante.<\/strong><\/span><\/p>\n<p>&nbsp;<\/p>\n<h2><strong>Czym jest cz\u0105steczka E8H?<\/strong><\/h2>\n<p><span style=\"font-weight: 400;\">Nasze vapery zawieraj\u0105 <strong>90% to najnowocze\u015bniejsza p\u00f3\u0142syntetyczna cz\u0105steczka: E8H<\/strong>. Zosta\u0142 zaprojektowany, aby oferowa\u0107 <strong>do\u015bwiadczenie<\/strong> <strong>tylko<\/strong>, <strong>bardzo podobny do tego z HHC<\/strong>. Jednak w przeciwie\u0144stwie do tego, co ju\u017c znasz, ta najnowocze\u015bniejsza cz\u0105steczka oferuje wyj\u0105tkowe do\u015bwiadczenie, kt\u00f3re zmieni Twoje oczekiwania. <\/span><\/p>\n<p><span style=\"font-weight: 400;\">Jest wyj\u0105tkowy, musisz go wypr\u00f3bowa\u0107, aby go do\u015bwiadczy\u0107! Jego niedawny rozw\u00f3j umieszcza go w zmieniaj\u0105cych si\u0119 ramach regulacyjnych, otwieraj\u0105c nowe mo\u017cliwo\u015bci w \u015bwiecie waporyzacji. <\/span><\/p>\n<p><span style=\"font-weight: 400;\">Chocia\u017c efekty mog\u0105 si\u0119 r\u00f3\u017cni\u0107 w zale\u017cno\u015bci od osoby, do\u015bwiadczenia cz\u0119sto obejmuj\u0105:\u00a0<\/span><\/p>\n<ul>\n<li>Podobne doznania jak w przypadku THC, przyjemne uczucie.<\/li>\n<li>Og\u00f3lny relaks i redukcja stresu<\/li>\n<li>Uczucie spokoju lub dobrego samopoczucia.<\/li>\n<\/ul>\n<p>&nbsp;<\/p>\n<h2>Perfil de terpenos del Vaper E8H Lemon Haze:<\/h2>\n<p><span style=\"font-weight: 400;\">Odmiana Lemon Haze s\u0142ynie z jasnego, cytrusowego i \u015bwie\u017cego aromatu. Podczas waporyzacji zauwa\u017cysz idealn\u0105 r\u00f3wnowag\u0119 mi\u0119dzy s\u0142odycz\u0105 i kwasowo\u015bci\u0105, z <strong>nuta sk\u00f3rki cytrynowej<\/strong>, przyprawy i zio\u0142owy finisz. Do tego wszystkiego nale\u017cy doda\u0107 <\/span>Dotyk E8H, dzi\u0119ki kt\u00f3remu uzyskasz funkcjonalny i przyjemny efekt. Jego kombinacja terpen\u00f3w obejmuje:<\/p>\n<ul>\n<li>Limonen: \u015bwie\u017cy i cytrusowy, podnosz\u0105cy na duchu i redukuj\u0105cy stres.<\/li>\n<li>Myrcene: ziemisty i \u0142agodny, pomaga zr\u00f3wnowa\u017cy\u0107 efekt.<\/li>\n<li>Pinene: od\u015bwie\u017caj\u0105cy drzewny akcent, poprawia jasno\u015b\u0107 umys\u0142u.<\/li>\n<\/ul>\n<p>&nbsp;<\/p>\n<h2><strong>Caracter\u00edsticas principales Vaper E8H Lemon Haze:<\/strong><\/h2>\n<ul>\n<li><span style=\"font-weight: 400;\"><strong>Zawiera wysokiej jako\u015bci E8H<\/strong>, z naturalnym profilem kannabinoidowym.<\/span><\/li>\n<li><span style=\"font-weight: 400;\"><strong>Organiczny ekstrakt z konopi<\/strong>, wolne od dodatk\u00f3w i rozpuszczalnik\u00f3w.<\/span><\/li>\n<li><span style=\"font-weight: 400;\">Dost\u0119pne w <strong>1 ml i 2 ml<\/strong>. <\/span><\/li>\n<li><span style=\"font-weight: 400;\">Smak <strong>cytrus<\/strong>, <strong>\u00e1cido<\/strong> y <strong>potente<\/strong>; como el <strong>cytryna<\/strong>.<\/span><\/li>\n<li>Idealny do codziennego u\u017cytku: <strong>brak spalania, brak zapachu, brak tolerancji<\/strong>.<\/li>\n<li><span style=\"font-weight: 400;\"><strong>Pot\u0119\u017cny efekt <\/strong>bez odczuwania jakichkolwiek efekt\u00f3w <strong>\u015brodki psychoaktywne<\/strong> niechciany<strong>: czas trwania<\/strong> <strong>d\u0142ugi<\/strong> (<strong>3-4 godziny<\/strong>)<\/span><\/li>\n<li>Do\u015bwiadczenie <strong>zmys\u0142owy<\/strong> bardzo udany.<\/li>\n<li><span style=\"font-weight: 400;\">Do <strong>300 zaci\u0105gni\u0119\u0107 <\/strong>(1ml) i<strong> 600 zaci\u0105gni\u0119\u0107 <\/strong>(2 ml).<\/span><\/li>\n<li>Akumulator USB typu C.<\/li>\n<li><span style=\"font-weight: 400;\"><strong>Brak wykrywalnego THC<\/strong>. <\/span><\/li>\n<li><span style=\"font-weight: 400;\"><strong>Jako\u015b\u0107 gwarantowana przez Iguana Smoke<\/strong>.<\/span><\/li>\n<\/ul>\n<p><span style=\"font-weight: 400;\">The <strong>vaper E8H <\/strong>to najwygodniejszy i najczystszy spos\u00f3b, aby cieszy\u0107 si\u0119 wszystkimi zaletami <strong>zalety E8H<\/strong>, Bez konserwacji, bez zamieszania, bez k\u0142opot\u00f3w.\u00a0<\/span><\/p>\n<p>&nbsp;<\/p>\n<h2><strong>Czym jest waporyzator jednorazowy?<\/strong><\/h2>\n<p><span style=\"font-weight: 400;\">A <strong>vaper E8H jednorazowy<\/strong> to urz\u0105dzenie typu pi\u00f3ro\u201c <strong>1 ml lub 2 ml<\/strong> kt\u00f3ry jest dostarczany z p\u0142ynem E8H. Du\u017ca r\u00f3\u017cnica w por\u00f3wnaniu z innymi typami vaper\u00f3w polega na tym, \u017ce nie trzeba go uzupe\u0142nia\u0107 ani uzupe\u0142nia\u0107: <strong>gdy si\u0119 sko\u0144czy, jest po prostu wyrzucany<\/strong>.\u00a0<\/span><\/p>\n<p><span style=\"font-weight: 400;\">Istniej\u0105 r\u00f3wnie\u017c <strong><a href=\"https:\/\/iguanasmoke.com\/pl\/kategoria\/cbd-vaper-2\/naboje\/?filter_tipo-cartucho=e8h\">jednorazowe wk\u0142ady E8H<\/a><\/strong> kt\u00f3re s\u0105 mikrokapsu\u0142kami zawieraj\u0105cymi p\u0142yn, ale wymagaj\u0105 zewn\u0119trznej baterii do u\u017cycia.<\/span><\/p>\n<p>&nbsp;<\/p>\n<h3><b>Gdzie kupi\u0107 Vaper E8H<\/b><b> <span style=\"font-weight: 400;\"><strong>Lemon Haze<\/strong><\/span>?<\/b><\/h3>\n<p><span style=\"font-weight: 400;\">Je\u015bli szukasz <strong>kup waporyzator E8H<\/strong><strong>, <\/strong>to jest twoje bezpieczne miejsce <strong>kupi\u0107 jednorazowy waporyzator E8H w Hiszpanii.<\/strong> Wszystkie nasze produkty s\u0105 zatwierdzone przez UE, co gwarantuje ich legalno\u015b\u0107 i bezpiecze\u0144stwo. Ponadto, je\u015bli chcesz, mo\u017cesz skonsultowa\u0107 si\u0119 z<\/span><strong> <a href=\"https:\/\/iguanasmoke.com\/pl\/analityka\/\">analiza laboratoryjna.<\/a><\/strong><\/p>\n<p><span style=\"font-weight: 400;\">Nie zapomnij zapozna\u0107 si\u0119 z innymi <strong>vaper E8H <\/strong>jako <strong><a href=\"https:\/\/iguanasmoke.com\/pl\/product-2\/vaper-e8h-90-space-vape-mango\/\">Vaper E8H Space Vape Mango<\/a>\u00a0<\/strong>u <\/span><span style=\"font-weight: 400;\">inne <strong>TOP produkty<\/strong> jako <strong><a href=\"https:\/\/iguanasmoke.com\/pl\/product-2\/wklad-e8h-90-lemon-haze\/\">Cartucho E8H Lemon Haze<\/a><\/strong> lub <a href=\"https:\/\/iguanasmoke.com\/pl\/kategoria\/kwiaty-cbd-2\/\"><strong>Kwiaty CBD<\/strong><\/a>. <\/span><span style=\"font-weight: 400;\">Kr\u00f3tko m\u00f3wi\u0105c, poznaj nasz\u0105 r\u00f3\u017cnorodno\u015b\u0107 i znajd\u017a swoje ulubione ju\u017c teraz.<\/span><span style=\"font-weight: 400;\">\u00a0<\/span><\/p>\n<p><strong data-start=\"303\" data-end=\"345\">Szybka i dyskretna dostawa na terenie ca\u0142ej Hiszpanii<\/strong>, z <strong data-start=\"351\" data-end=\"387\">Bliska i spersonalizowana uwaga<\/strong> aby odpowiedzie\u0107 na wszelkie pytania przed i po zakupie.<\/p>\n<p>&nbsp;<\/p>\n<h3><b>Iguana Smoke to Tw\u00f3j internetowy sklep z CBD\u00a0<\/b><\/h3>\n<p><span style=\"font-weight: 400;\">Przy<strong> Iguana Smoke<\/strong>, Wierzymy, \u017ce korzystanie z CBD powinno by\u0107 bezpiecznym do\u015bwiadczeniem. W\u0142a\u015bnie dlatego oferujemy produkty takie jak ten <strong>vaper E8H Lemon Haze<\/strong>, Marka \u0142\u0105czy si\u0119 z nowymi pokoleniami: lud\u017ami, kt\u00f3rzy szukaj\u0105 nieskomplikowanego wellness, z autentycznymi i niezawodnymi markami.\u00a0<\/span><\/p>\n<p>Nasza misja jest jasna: dostarcza\u0107 najlepsze kannabinoidy w uczciwej cenie. Ponadto dajemy ci spok\u00f3j ducha, wiedz\u0105c, \u017ce wybierasz certyfikowany, skuteczny i legalny produkt 100%. Tw\u00f3j czas relaksu zaczyna si\u0119 z nami.<\/p>\n<p>Nadal masz w\u0105tpliwo\u015bci? Napisz do nas, a z przyjemno\u015bci\u0105 pomo\u017cemy Ci znale\u017a\u0107 odpowiedni produkt.<\/p>\n<p>&nbsp;<\/p>\n<h6>\u2139\ufe0f<strong> Informacje prawne<\/strong><\/h6>\n<p><em><span style=\"font-weight: 400;\">*Produkt przeznaczony do kolekcjonowania lub aromaterapii, zgodnie z obowi\u0105zuj\u0105cymi w Hiszpanii przepisami. <\/span><\/em><\/p>\n<p><em><span style=\"font-weight: 400;\">**Pochodzi z certyfikowanych konopi przemys\u0142owych. Zawiera mniej ni\u017c 0,3 THC i nie zawiera nielegalnych kannabinoid\u00f3w, takich jak HHC, HHC-P, THCP, THCP-O, H4CBD lub substancji wymienionych w za\u0142\u0105czniku I do dekretu kr\u00f3lewskiego 2829\/1977, ani substancji kontrolowanych przez konwencje mi\u0119dzynarodowe.\u00a0\u00a0<\/span><\/em><\/p>\n<p>&nbsp;<\/p>\n<h2><strong>Najcz\u0119\u015bciej zadawane pytania E8H Space Vape: <\/strong><\/h2>\n<h4><span style=\"font-weight: 400;\">&#x2753;\u00bfColoca el Vaper E8H Lemon Haze Space Vape? <\/span><\/h4>\n<p><span style=\"font-weight: 400;\">W\u015br\u00f3d ich skutk\u00f3w mog\u0105 one obejmowa\u0107 <strong data-start=\"4736\" data-end=\"4775\">\u0142agodna euforia lub intensywne odpr\u0119\u017cenie<\/strong>, bez silnych efekt\u00f3w THC.\u00a0<\/span><\/p>\n<h4><span style=\"font-weight: 400;\">Jakich efekt\u00f3w mog\u0119 si\u0119 spodziewa\u0107 i jak d\u0142ugo to potrwa?\u00a0<\/span><\/h4>\n<p><span style=\"font-weight: 400;\">Pami\u0119taj, \u017ce ka\u017cda osoba jest wyj\u0105tkowa i <strong>efekty mog\u0105 si\u0119 r\u00f3\u017cni\u0107<\/strong> w zale\u017cno\u015bci od st\u0119\u017cenia, u\u017cytkownika, tolerancji i cz\u0119stotliwo\u015bci stosowania. Mo\u017cesz zacz\u0105\u0107 to wkr\u00f3tce zauwa\u017ca\u0107. <strong>Efekt jest silny i utrzymuje si\u0119 przez oko\u0142o 3-4 godziny<\/strong>.<\/span><\/p>\n<h4><span style=\"font-weight: 400;\">Czy E8H jest legalny w Hiszpanii?\u00a0<\/span><\/h4>\n<p><span style=\"font-weight: 400;\"><strong>Tak<\/strong>. E8H <strong>nie znajduje si\u0119 na li\u015bcie substancji kontrolowanych<\/strong> w Hiszpanii i UE, dzi\u0119ki czemu mo\u017ce by\u0107 legalnie wprowadzany do obrotu zgodnie z obowi\u0105zuj\u0105cymi przepisami.<\/span><\/p>\n<h4><span style=\"font-weight: 400;\">Dlaczego warto wybra\u0107 E8H zamiast HHC lub THC?\u00a0<\/span><\/h4>\n<p><span style=\"font-weight: 400;\">Poniewa\u017c E8H <strong>oferuje bezpieczn\u0105 i legaln\u0105 alternatyw\u0119<\/strong>, Nowy, bardziej kontrolowany i stabilny profil jest idealny dla tych, kt\u00f3rzy szukaj\u0105 p\u0142ynnych dozna\u0144 w granicach prawa.<\/span><\/p>","protected":false},"excerpt":{"rendered":"<h4>Cechy<\/h4>\n<ul>\n<li style=\"list-style-type: none;\">\n<ul>\n<li>Sabor frutal c\u00edtrico a lim\u00f3n<\/li>\n<li>Pojemno\u015b\u0107: 1 ml \/ 2 ml<\/li>\n<li>Skok: do 300 \/ 600<\/li>\n<li>Wysokiej jako\u015bci naturalne terpeny<\/li>\n<li>E8H do 90%<\/li>\n<li>THC: 0%, HHC: 0%, THC-P: 0%, Nikotyna: 0%<\/li>\n<li>Nie zawiera VG, PG, PEG, MCT ani innych \u015brodk\u00f3w tn\u0105cych.<\/li>\n<\/ul>\n<\/li>\n<\/ul>\n<p><span style=\"font-weight: 400;\">Ponadto, je\u015bli chcesz, mo\u017cesz skonsultowa\u0107 si\u0119 z<strong> <a href=\"https:\/\/iguanasmoke.com\/pl\/analityka\/\">analiza laboratoryjna.<\/a><\/strong><\/span><\/p>","protected":false},"featured_media":77848,"comment_status":"open","ping_status":"closed","template":"","meta":{"_acf_changed":false,"site-sidebar-layout":"default","site-content-layout":"","ast-site-content-layout":"default","site-content-style":"default","site-sidebar-style":"default","ast-global-header-display":"","ast-banner-title-visibility":"","ast-main-header-display":"","ast-hfb-above-header-display":"","ast-hfb-below-header-display":"","ast-hfb-mobile-header-display":"","site-post-title":"","ast-breadcrumbs-content":"","ast-featured-img":"","footer-sml-layout":"","theme-transparent-header-meta":"default","adv-header-id-meta":"","stick-header-meta":"","header-above-stick-meta":"","header-main-stick-meta":"","header-below-stick-meta":"","astra-migrate-meta-layouts":"set","ast-page-background-enabled":"default","ast-page-background-meta":{"desktop":{"background-color":"var(--ast-global-color-4)","background-image":"","background-repeat":"repeat","background-position":"center center","background-size":"auto","background-attachment":"scroll","background-type":"","background-media":"","overlay-type":"","overlay-color":"","overlay-opacity":"","overlay-gradient":""},"tablet":{"background-color":"","background-image":"","background-repeat":"repeat","background-position":"center center","background-size":"auto","background-attachment":"scroll","background-type":"","background-media":"","overlay-type":"","overlay-color":"","overlay-opacity":"","overlay-gradient":""},"mobile":{"background-color":"","background-image":"","background-repeat":"repeat","background-position":"center center","background-size":"auto","background-attachment":"scroll","background-type":"","background-media":"","overlay-type":"","overlay-color":"","overlay-opacity":"","overlay-gradient":""}},"ast-content-background-meta":{"desktop":{"background-color":"var(--ast-global-color-5)","background-image":"","background-repeat":"repeat","background-position":"center center","background-size":"auto","background-attachment":"scroll","background-type":"","background-media":"","overlay-type":"","overlay-color":"","overlay-opacity":"","overlay-gradient":""},"tablet":{"background-color":"var(--ast-global-color-5)","background-image":"","background-repeat":"repeat","background-position":"center center","background-size":"auto","background-attachment":"scroll","background-type":"","background-media":"","overlay-type":"","overlay-color":"","overlay-opacity":"","overlay-gradient":""},"mobile":{"background-color":"var(--ast-global-color-5)","background-image":"","background-repeat":"repeat","background-position":"center center","background-size":"auto","background-attachment":"scroll","background-type":"","background-media":"","overlay-type":"","overlay-color":"","overlay-opacity":"","overlay-gradient":""}}},"product_brand":[],"product_cat":[627],"product_tag":[],"class_list":{"0":"post-61802","1":"product","2":"type-product","3":"status-publish","4":"has-post-thumbnail","6":"product_cat-e8h","7":"desktop-align-center","8":"tablet-align-center","9":"mobile-align-center","11":"first","12":"instock","13":"taxable","14":"shipping-taxable","15":"purchasable","16":"product-type-variable"},"acf":[],"yoast_head":"<!-- This site is optimized with the Yoast SEO Premium plugin v27.3 (Yoast SEO v27.3) - https:\/\/yoast.com\/product\/yoast-seo-premium-wordpress\/ -->\n<title>Vaper E8H 90% - Space Vape Lemon Haze | Iguana Smoke<\/title>\n<meta name=\"description\" content=\"Vaper E8H Lemon Haze. Experimenta una mol\u00e9cula potente y equilibrada, sin THC ni nicotina. Descubre nuevas mol\u00e9culas CBD solo en Iguana Smoke.\" \/>\n<meta name=\"robots\" content=\"index, follow, max-snippet:-1, max-image-preview:large, max-video-preview:-1\" \/>\n<link rel=\"canonical\" href=\"https:\/\/iguanasmoke.com\/pl\/product-2\/vape-space-vape-e8h-lemon\/\" \/>\n<meta property=\"og:locale\" content=\"pl_PL\" \/>\n<meta property=\"og:type\" content=\"article\" \/>\n<meta property=\"og:title\" content=\"Vaper E8H 90% - Space Vape Lemon Haze\" \/>\n<meta property=\"og:description\" content=\"Caracter\u00edsticas      Sabor frutal c\u00edtrico a lim\u00f3n  Capacidad: 1 ml \/ 2 ml  Caladas: hasta 300 \/ 600  Terpenos naturales de alta calidad  E8H al 90%  THC: 0%, HHC: 0%, THC-P: 0%, Nicotina: 0%  No contiene VG, PG, PEG, MCT u otro agente de corte.    Adem\u00e1s, si quieres puedes consultar el an\u00e1lisis de laboratorio.\" \/>\n<meta property=\"og:url\" content=\"https:\/\/iguanasmoke.com\/pl\/product-2\/vape-space-vape-e8h-lemon\/\" \/>\n<meta property=\"og:site_name\" content=\"Iguana Smoke\" \/>\n<meta property=\"article:publisher\" content=\"https:\/\/www.facebook.com\/iguanasmoke\" \/>\n<meta property=\"article:modified_time\" content=\"2026-02-12T14:21:53+00:00\" \/>\n<meta property=\"og:image\" content=\"https:\/\/iguanasmoke.com\/wp-content\/uploads\/2026\/02\/Mockup-E8H-Lemon-caja-der-1.webp\" \/>\n\t<meta property=\"og:image:width\" content=\"1000\" \/>\n\t<meta property=\"og:image:height\" content=\"1000\" \/>\n\t<meta property=\"og:image:type\" content=\"image\/webp\" \/>\n<meta name=\"twitter:card\" content=\"summary_large_image\" \/>\n<meta name=\"twitter:label1\" content=\"Dost\u0119pno\u015b\u0107\" \/>\n\t<meta name=\"twitter:data1\" content=\"Dost\u0119pny\" \/>\n<meta property=\"product:brand\" content=\"variable\" \/>\n<meta property=\"og:availability\" content=\"instock\" \/>\n<meta property=\"product:availability\" content=\"instock\" \/>\n<meta property=\"product:condition\" content=\"new\" \/>\n<!-- \/ Yoast SEO Premium plugin. -->","yoast_head_json":{"title":"Vaper E8H 90% - Space Vape Lemon Haze | Iguana Smoke","description":"Vaper E8H Lemon Haze. Experimenta una mol\u00e9cula potente y equilibrada, sin THC ni nicotina. Descubre nuevas mol\u00e9culas CBD solo en Iguana Smoke.","robots":{"index":"index","follow":"follow","max-snippet":"max-snippet:-1","max-image-preview":"max-image-preview:large","max-video-preview":"max-video-preview:-1"},"canonical":"https:\/\/iguanasmoke.com\/pl\/product-2\/vape-space-vape-e8h-lemon\/","og_locale":"pl_PL","og_type":"article","og_title":"Vaper E8H 90% - Space Vape Lemon Haze","og_description":"Caracter\u00edsticas      Sabor frutal c\u00edtrico a lim\u00f3n  Capacidad: 1 ml \/ 2 ml  Caladas: hasta 300 \/ 600  Terpenos naturales de alta calidad  E8H al 90%  THC: 0%, HHC: 0%, THC-P: 0%, Nicotina: 0%  No contiene VG, PG, PEG, MCT u otro agente de corte.    Adem\u00e1s, si quieres puedes consultar el an\u00e1lisis de laboratorio.","og_url":"https:\/\/iguanasmoke.com\/pl\/product-2\/vape-space-vape-e8h-lemon\/","og_site_name":"Iguana Smoke","article_publisher":"https:\/\/www.facebook.com\/iguanasmoke","article_modified_time":"2026-02-12T14:21:53+00:00","og_image":[{"width":1000,"height":1000,"url":"https:\/\/iguanasmoke.com\/wp-content\/uploads\/2026\/02\/Mockup-E8H-Lemon-caja-der-1.webp","type":"image\/webp"}],"twitter_card":"summary_large_image","twitter_misc":{"Dost\u0119pno\u015b\u0107":"Dost\u0119pny"},"schema":{"@context":"https:\/\/schema.org","@graph":[{"@type":"WebPage","@id":"https:\/\/iguanasmoke.com\/producto\/vape-space-vape-e8h-lemon\/","url":"https:\/\/iguanasmoke.com\/producto\/vape-space-vape-e8h-lemon\/","name":"Vaper E8H 90% - Space Vape Lemon Haze | Iguana Smoke","isPartOf":{"@id":"https:\/\/iguanasmoke.com\/#website"},"primaryImageOfPage":{"@id":"https:\/\/iguanasmoke.com\/producto\/vape-space-vape-e8h-lemon\/#primaryimage"},"image":{"@id":"https:\/\/iguanasmoke.com\/producto\/vape-space-vape-e8h-lemon\/#primaryimage"},"thumbnailUrl":"https:\/\/iguanasmoke.com\/wp-content\/uploads\/2026\/02\/Mockup-E8H-Lemon-caja-der-1.webp","datePublished":"2025-07-30T14:32:27+00:00","dateModified":"2026-02-12T14:21:53+00:00","description":"Vaper E8H Lemon Haze. Experimenta una mol\u00e9cula potente y equilibrada, sin THC ni nicotina. Descubre nuevas mol\u00e9culas CBD solo en Iguana Smoke.","breadcrumb":{"@id":"https:\/\/iguanasmoke.com\/producto\/vape-space-vape-e8h-lemon\/#breadcrumb"},"inLanguage":"pl-PL","potentialAction":[{"@type":"ReadAction","target":["https:\/\/iguanasmoke.com\/producto\/vape-space-vape-e8h-lemon\/"]}]},{"@type":"ImageObject","inLanguage":"pl-PL","@id":"https:\/\/iguanasmoke.com\/producto\/vape-space-vape-e8h-lemon\/#primaryimage","url":"https:\/\/iguanasmoke.com\/wp-content\/uploads\/2026\/02\/Mockup-E8H-Lemon-caja-der-1.webp","contentUrl":"https:\/\/iguanasmoke.com\/wp-content\/uploads\/2026\/02\/Mockup-E8H-Lemon-caja-der-1.webp","width":1000,"height":1000,"caption":"Caja m\u00e1s vaper azul lemon haze E8H 2ml dcha"},{"@type":"BreadcrumbList","@id":"https:\/\/iguanasmoke.com\/producto\/vape-space-vape-e8h-lemon\/#breadcrumb","itemListElement":[{"@type":"ListItem","position":1,"name":"home","item":"https:\/\/iguanasmoke.com\/"},{"@type":"ListItem","position":2,"name":"Tienda","item":"https:\/\/iguanasmoke.com\/tienda\/"},{"@type":"ListItem","position":3,"name":"Nuevas Mol\u00e9culas","item":"https:\/\/iguanasmoke.com\/categoria\/nuevas-moleculas\/"},{"@type":"ListItem","position":4,"name":"E8H","item":"https:\/\/iguanasmoke.com\/categoria\/nuevas-moleculas\/e8h\/"},{"@type":"ListItem","position":5,"name":"Vaper E8H 90% &#8211; Space Vape Lemon Haze"}]},{"@type":"WebSite","@id":"https:\/\/iguanasmoke.com\/#website","url":"https:\/\/iguanasmoke.com\/","name":"Iguana Smoke","description":"Kup CBD online w najlepszej cenie","publisher":{"@id":"https:\/\/iguanasmoke.com\/#organization"},"potentialAction":[{"@type":"SearchAction","target":{"@type":"EntryPoint","urlTemplate":"https:\/\/iguanasmoke.com\/?s={search_term_string}"},"query-input":{"@type":"PropertyValueSpecification","valueRequired":true,"valueName":"search_term_string"}}],"inLanguage":"pl-PL"},{"@type":"Organization","@id":"https:\/\/iguanasmoke.com\/#organization","name":"Iguana Smoke","url":"https:\/\/iguanasmoke.com\/","logo":{"@type":"ImageObject","inLanguage":"pl-PL","@id":"https:\/\/iguanasmoke.com\/#\/schema\/logo\/image\/","url":"https:\/\/iguanasmoke.com\/wp-content\/uploads\/2025\/01\/logoiguana-favi-1.png","contentUrl":"https:\/\/iguanasmoke.com\/wp-content\/uploads\/2025\/01\/logoiguana-favi-1.png","width":512,"height":512,"caption":"Iguana Smoke"},"image":{"@id":"https:\/\/iguanasmoke.com\/#\/schema\/logo\/image\/"},"sameAs":["https:\/\/www.facebook.com\/iguanasmoke","https:\/\/www.instagram.com\/iguanasmoke\/"]}]},"product_brand":"variable","og_availability":"instock","product_availability":"instock","product_condition":"new"},"_links":{"self":[{"href":"https:\/\/iguanasmoke.com\/pl\/wp-json\/wp\/v2\/product\/61802","targetHints":{"allow":["GET"]}}],"collection":[{"href":"https:\/\/iguanasmoke.com\/pl\/wp-json\/wp\/v2\/product"}],"about":[{"href":"https:\/\/iguanasmoke.com\/pl\/wp-json\/wp\/v2\/types\/product"}],"replies":[{"embeddable":true,"href":"https:\/\/iguanasmoke.com\/pl\/wp-json\/wp\/v2\/comments?post=61802"}],"wp:featuredmedia":[{"embeddable":true,"href":"https:\/\/iguanasmoke.com\/pl\/wp-json\/wp\/v2\/media\/77848"}],"wp:attachment":[{"href":"https:\/\/iguanasmoke.com\/pl\/wp-json\/wp\/v2\/media?parent=61802"}],"wp:term":[{"taxonomy":"product_brand","embeddable":true,"href":"https:\/\/iguanasmoke.com\/pl\/wp-json\/wp\/v2\/product_brand?post=61802"},{"taxonomy":"product_cat","embeddable":true,"href":"https:\/\/iguanasmoke.com\/pl\/wp-json\/wp\/v2\/product_cat?post=61802"},{"taxonomy":"product_tag","embeddable":true,"href":"https:\/\/iguanasmoke.com\/pl\/wp-json\/wp\/v2\/product_tag?post=61802"}],"curies":[{"name":"wp","href":"https:\/\/api.w.org\/{rel}","templated":true}]}}