{"id":62784,"date":"2025-08-09T13:06:13","date_gmt":"2025-08-09T11:06:13","guid":{"rendered":"https:\/\/iguanasmoke.com\/?post_type=product&#038;p=62784"},"modified":"2025-12-26T15:16:20","modified_gmt":"2025-12-26T14:16:20","slug":"calmex-pro-5000mg-zel-cbd-z-efektem-przeziebienia","status":"publish","type":"product","link":"https:\/\/iguanasmoke.com\/pl\/producto\/gel-calmex-pro-5000mg-cbd-efecto-frio\/","title":{"rendered":"\u017bel CBD Calmex Pro 5000mg"},"content":{"rendered":"<h1><span style=\"font-weight: 400;\">\u017bel CBD Calmex Pro 5000mg - moc, \u015bwie\u017co\u015b\u0107 i natychmiastowa ulga <\/span><\/h1>\n<p data-start=\"438\" data-end=\"886\"><span style=\"font-weight: 400;\">The <strong>Calmex Pro CBD Gel<\/strong> to \u017cel kannabidiolowy od <strong>wysokie st\u0119\u017cenie<\/strong>Komisja, sformu\u0142owana w celu zaoferowania <strong>Szybka, miejscowa i skuteczna ulga<\/strong> dzi\u0119ki pot\u0119\u017cnemu <strong>efekt zimna<\/strong>. Zawiera r\u00f3wnie\u017c <strong>5000 mg czystego CBD w zaledwie 50 ml<\/strong>, i dlatego jest idealnym wyborem dla tych, kt\u00f3rzy szukaj\u0105 profesjonalnego \u017celu CBD do piel\u0119gnacji cia\u0142a. <strong>regeneracja mi\u0119\u015bni<\/strong>, \u0142agodzenie b\u00f3lu i codzienne dobre samopoczucie fizyczne. <\/span><\/p>\n<p data-start=\"438\" data-end=\"886\"><span style=\"font-weight: 400;\">Zaprojektowany dla sportowc\u00f3w, os\u00f3b aktywnych i u\u017cytkownik\u00f3w, kt\u00f3rzy chc\u0105 <strong>Naturalna i skuteczna alternatywa<\/strong> do tradycyjnych lek\u00f3w przeciwb\u00f3lowych <strong>Calmex Pro CBD Gel<\/strong> dzia\u0142a bezpo\u015brednio na aplikowany obszar, zapewniaj\u0105c natychmiastowe i d\u0142ugotrwa\u0142e uczucie \u015bwie\u017co\u015bci.<\/span><\/p>\n<h2 data-start=\"438\" data-end=\"886\"><strong>Do czego s\u0142u\u017cy? <\/strong><\/h2>\n<p data-start=\"438\" data-end=\"886\"><span style=\"font-weight: 400;\">The <strong>Calmex Pro CBD Gel\u00a0<\/strong>jest wskazany w \u0142agodzeniu dyskomfortu mi\u0119\u015bni i staw\u00f3w, szczeg\u00f3lnie w sytuacjach: <\/span><\/p>\n<ul>\n<li data-start=\"438\" data-end=\"886\"><span style=\"font-weight: 400;\">Przeci\u0105\u017cenie mi\u0119\u015bni <\/span><\/li>\n<li data-start=\"438\" data-end=\"886\"><span style=\"font-weight: 400;\">Miejscowy b\u00f3l <\/span><\/li>\n<li data-start=\"438\" data-end=\"886\"><span style=\"font-weight: 400;\">\u0141agodny stan zapalny <\/span><\/li>\n<li data-start=\"438\" data-end=\"886\"><span style=\"font-weight: 400;\">Regeneracja po treningu <\/span><\/li>\n<li data-start=\"438\" data-end=\"886\"><span style=\"font-weight: 400;\">Napi\u0119cia po intensywnych treningach fizycznych <\/span><\/li>\n<\/ul>\n<p><span style=\"font-weight: 400;\">Dzi\u0119ki wysokiemu st\u0119\u017ceniu kannabidiolu, to <strong>przeciwzapalny \u017cel CBD<\/strong> Dzia\u0142a szybko i skutecznie, nie pozostawiaj\u0105c uczucia t\u0142usto\u015bci.<\/span><\/p>\n<p>&nbsp;<\/p>\n<h2><strong>Korzy\u015bci:<\/strong><\/h2>\n<p><span style=\"font-weight: 400;\">The <strong>Calmex Pro CBD Gel <\/strong>nie jest konwencjonalnym \u017celem. Jego zaawansowana formu\u0142a \u0142\u0105czy wysok\u0105 czysto\u015b\u0107 kannabidiolu z intensywnym efektem zimna, aby wzmocni\u0107 jego dzia\u0142anie: <\/span><\/p>\n<ol>\n<li><span style=\"font-weight: 400;\">Szybka ulga w b\u00f3lu mi\u0119\u015bni i staw\u00f3w <\/span><\/li>\n<li><span style=\"font-weight: 400;\">Przyspieszona regeneracja mi\u0119\u015bni po treningu lub wysi\u0142ku fizycznym <\/span><\/li>\n<li><span style=\"font-weight: 400;\">Intensywny efekt zimna zmniejsza uczucie obrz\u0119ku <\/span><\/li>\n<li><span style=\"font-weight: 400;\">Wysokie st\u0119\u017cenie CBD: widoczne rezultaty przy niewielkiej ilo\u015bci <\/span><\/li>\n<li><span style=\"font-weight: 400;\">Dobre samopoczucie i rozlu\u017anienie mi\u0119\u015bni <\/span><\/li>\n<li><span style=\"font-weight: 400;\">Szybkie wch\u0142anianie, brak pozosta\u0142o\u015bci, brak uczucia t\u0142usto\u015bci <\/span><\/li>\n<\/ol>\n<h2 data-start=\"438\" data-end=\"886\"><strong>Dlaczego warto wybra\u0107 \u017cel CBD o wysokim st\u0119\u017ceniu?\u00a0<\/strong><\/h2>\n<p data-start=\"438\" data-end=\"886\"><span style=\"font-weight: 400;\">Na rynku dost\u0119pnych jest wiele \u017celi i krem\u00f3w CBD, ale niewiele z nich oferuje moc i skuteczno\u015b\u0107 CBD. <strong>Calmex Pro CBD Gel 5000mg.<\/strong><\/span><\/p>\n<p data-start=\"438\" data-end=\"886\"><strong>Kluczowe r\u00f3\u017cnice: <\/strong><\/p>\n<ul>\n<li data-start=\"438\" data-end=\"886\"><span style=\"font-weight: 400;\"><strong>Wysoka moc:<\/strong> 5000 mg CBD w kompaktowym formacie 50 ml<\/span><\/li>\n<li data-start=\"438\" data-end=\"886\"><strong>Najwy\u017csza jako\u015b\u0107:<\/strong> nie zawiera paraben\u00f3w i agresywnych substancji chemicznych<\/li>\n<li data-start=\"438\" data-end=\"886\"><strong>Odpowiedni dla wszystkich rodzaj\u00f3w sk\u00f3ry<\/strong><\/li>\n<li data-start=\"438\" data-end=\"886\"><strong>Sport i zastosowanie terapeutyczne<\/strong><\/li>\n<li data-start=\"438\" data-end=\"886\"><strong>Miejscowy i d\u0142ugotrwa\u0142y efekt<\/strong><\/li>\n<\/ul>\n<h2 data-start=\"438\" data-end=\"886\"><strong>Jak korzysta\u0107 z <\/strong><span style=\"font-weight: 400;\"><strong>Calmex Pro CBD Gel<\/strong><\/span><strong>:<\/strong><\/h2>\n<p data-start=\"438\" data-end=\"886\"><span style=\"font-weight: 400;\">Nak\u0142ada\u0107 miejscowo na wybrany obszar. <\/span><\/p>\n<p data-start=\"438\" data-end=\"886\"><span style=\"font-weight: 400;\"><strong>Wskazania:<\/strong> <\/span><\/p>\n<ol>\n<li data-start=\"438\" data-end=\"886\"><span style=\"font-weight: 400;\">Na\u0142o\u017cy\u0107 niewielk\u0105 ilo\u015b\u0107 na czyst\u0105, such\u0105 sk\u00f3r\u0119. <\/span><\/li>\n<li data-start=\"438\" data-end=\"886\"><span style=\"font-weight: 400;\">Delikatnie wmasowa\u0107 a\u017c do ca\u0142kowitego wch\u0142oni\u0119cia <\/span><\/li>\n<li data-start=\"438\" data-end=\"886\"><span style=\"font-weight: 400;\">Stosowa\u0107 przed lub po treningu lub w razie potrzeby. <\/span><\/li>\n<\/ol>\n<p><span style=\"font-weight: 400;\"><strong>Zalecane obszary:<\/strong> plec\u00f3w, szyi, ramion, kolan, \u0142okci i n\u00f3g. <\/span><\/p>\n<p><span style=\"font-weight: 400;\">\u26a0\ufe0fConsejo: unika\u0107 kontaktu z oczami i b\u0142onami \u015bluzowymi. Tylko do u\u017cytku zewn\u0119trznego.<\/span><\/p>\n<h2 data-start=\"3032\" data-end=\"3080\">Calmex Pro Gel vs tradycyjny krem CBD<\/h2>\n<p data-start=\"3082\" data-end=\"3343\"><span style=\"font-weight: 400;\">Chocia\u017c oba produkty zawieraj\u0105 kannabidiol, ich dzia\u0142anie i konsystencja s\u0105 r\u00f3\u017cne:\u00a0<\/span><\/p>\n<ul data-start=\"3345\" data-end=\"3566\">\n<li data-start=\"3345\" data-end=\"3453\">\n<p data-start=\"3347\" data-end=\"3453\"><strong data-start=\"3347\" data-end=\"3365\">Calmex Pro Gel<\/strong> <strong>CBD<\/strong>\u2192 Lekki, \u015bwie\u017cy, szybko wch\u0142aniaj\u0105cy si\u0119, idealny do u\u017cytku sportowego i potreningowego.<\/p>\n<\/li>\n<li data-start=\"3454\" data-end=\"3566\">\n<p data-start=\"3456\" data-end=\"3566\"><strong data-start=\"3456\" data-end=\"3472\">Tradycyjny krem CBD<\/strong> \u2192 G\u0119sta konsystencja, nawil\u017caj\u0105ca, d\u0142ugotrwa\u0142a i bardziej zorientowana na codzienn\u0105 piel\u0119gnacj\u0119 sk\u00f3ry.<\/p>\n<\/li>\n<\/ul>\n<h2 data-start=\"3573\" data-end=\"3630\">Przeciwzapalny krem CBD: bezpieczna i naturalna ulga<\/h2>\n<p data-start=\"3632\" data-end=\"3980\"><span style=\"font-weight: 400;\">Kannabidiol jest rozpoznawany ze wzgl\u0119du na swoje w\u0142a\u015bciwo\u015bci <strong>przeciwzapalne i przeciwb\u00f3lowe<\/strong>, co sprawia, \u017ce <strong>Calmex Pro CBD Gel\u00a0<\/strong>to doskona\u0142a naturalna alternatywa dla piel\u0119gnacji mi\u0119\u015bni i staw\u00f3w. <\/span><\/p>\n<p data-start=\"3632\" data-end=\"3980\"><span style=\"font-weight: 400;\">W przeciwie\u0144stwie do konwencjonalnych lek\u00f3w: <\/span><\/p>\n<ul>\n<li data-start=\"3632\" data-end=\"3980\"><span style=\"font-weight: 400;\">Przyjazny dla \u017co\u0142\u0105dka <\/span><\/li>\n<li data-start=\"3632\" data-end=\"3980\"><span style=\"font-weight: 400;\">Brak zale\u017cno\u015bci <\/span><\/li>\n<li data-start=\"3632\" data-end=\"3980\"><span style=\"font-weight: 400;\">Dzia\u0142a w spos\u00f3b naturalny i lokalny <\/span><\/li>\n<\/ul>\n<p><span style=\"font-weight: 400;\">Idealny dla: <\/span><\/p>\n<ul>\n<li><span style=\"font-weight: 400;\">Przewlek\u0142e lub sporadyczne b\u00f3le i b\u00f3le mi\u0119\u015bni <\/span><\/li>\n<li><span style=\"font-weight: 400;\">Zapalenie spowodowane aktywno\u015bci\u0105 fizyczn\u0105 <\/span><\/li>\n<li><span style=\"font-weight: 400;\">Drobne uderzenia lub obra\u017cenia<\/span><\/li>\n<\/ul>\n<h2 data-start=\"4185\" data-end=\"4227\">Kto mo\u017ce korzysta\u0107 z <span style=\"font-weight: 400;\"><strong>Calmex Pro CBD Gel<\/strong><\/span>?<\/h2>\n<p data-start=\"4229\" data-end=\"4270\">To <span style=\"font-weight: 400;\"><strong>Calmex Pro CBD Gel<\/strong><\/span>\u00a0jest odpowiedni dla:<\/p>\n<ul>\n<li data-start=\"4229\" data-end=\"4270\"><strong data-start=\"4273\" data-end=\"4313\">Zawodowi i amatorscy sportowcy<\/strong> kt\u00f3re maj\u0105 na celu optymalizacj\u0119 ich powrotu do zdrowia.<\/li>\n<li data-start=\"4229\" data-end=\"4270\">Osoby odczuwaj\u0105ce dyskomfort staw\u00f3w lub mi\u0119\u015bni z powodu pracy fizycznej lub z\u0142ej postawy.<\/li>\n<li data-start=\"4229\" data-end=\"4270\">Ci, kt\u00f3rzy chc\u0105 naturalnego rozwi\u0105zania b\u00f3lu bez uciekania si\u0119 do tradycyjnych lek\u00f3w.<\/li>\n<\/ul>\n<h2 data-start=\"4544\" data-end=\"4574\">Charakterystyka techniczna<\/h2>\n<ul>\n<li><strong>Format: 50 ml<\/strong><\/li>\n<li>Zawarto\u015b\u0107 CBD: 5000 mg o wysokiej czysto\u015bci<\/li>\n<li>Efekt: Intensywne zimno<\/li>\n<li>Konsystencja: lekki, niet\u0142usty \u017cel<\/li>\n<li>Zastosowanie: Miejscowe<\/li>\n<li>Wch\u0142anianie: szybkie<\/li>\n<li>Odpowiedni dla: Wszystkie rodzaje sk\u00f3ry<\/li>\n<\/ul>\n<h3><b>Iguana Smoke to zaufany internetowy sklep CBD<\/b><\/h3>\n<p><span style=\"font-weight: 400;\">Przy<strong> Iguana Smoke<\/strong>, Wierzymy, \u017ce korzystanie z CBD powinno by\u0107 bezpiecznym i przyjemnym do\u015bwiadczeniem. W\u0142a\u015bnie dlatego mamy produkty, kt\u00f3re \u0142\u0105cz\u0105 si\u0119 z nowym pokoleniem: lud\u017ami, kt\u00f3rzy szukaj\u0105 nieskomplikowanego wellness, z autentycznymi i niezawodnymi markami.\u00a0<\/span><\/p>\n<p>Nasza misja jest jasna: dostarcza\u0107 najlepsze kannabinoidy w uczciwej cenie. Ponadto dajemy ci spok\u00f3j ducha, wiedz\u0105c, \u017ce wybierasz certyfikowany, skuteczny i legalny produkt 100%. Tw\u00f3j czas relaksu zaczyna si\u0119 z nami.<\/p>\n<p>Nadal masz w\u0105tpliwo\u015bci? Napisz do nas, a z przyjemno\u015bci\u0105 pomo\u017cemy Ci znale\u017a\u0107 odpowiedni produkt.<\/p>\n<p>&nbsp;<\/p>","protected":false},"excerpt":{"rendered":"<p><span style=\"font-weight: 400;\">The <strong data-start=\"5270\" data-end=\"5302\">\u017bel CBD Calmex Pro 5000mg <\/strong>to wysoce skoncentrowany \u017cel kannabidiolowy o intensywnym dzia\u0142aniu ch\u0142odz\u0105cym, przeznaczony do szybkiego \u0142agodzenia b\u00f3lu mi\u0119\u015bni i staw\u00f3w. Jego szybko wch\u0142aniaj\u0105ca si\u0119, niet\u0142usta formu\u0142a dzia\u0142a miejscowo.\u00a0<\/span><\/p>","protected":false},"featured_media":62786,"comment_status":"open","ping_status":"closed","template":"","meta":{"_acf_changed":false,"site-sidebar-layout":"default","site-content-layout":"","ast-site-content-layout":"default","site-content-style":"default","site-sidebar-style":"default","ast-global-header-display":"","ast-banner-title-visibility":"","ast-main-header-display":"","ast-hfb-above-header-display":"","ast-hfb-below-header-display":"","ast-hfb-mobile-header-display":"","site-post-title":"","ast-breadcrumbs-content":"","ast-featured-img":"","footer-sml-layout":"","theme-transparent-header-meta":"default","adv-header-id-meta":"","stick-header-meta":"","header-above-stick-meta":"","header-main-stick-meta":"","header-below-stick-meta":"","astra-migrate-meta-layouts":"set","ast-page-background-enabled":"default","ast-page-background-meta":{"desktop":{"background-color":"var(--ast-global-color-4)","background-image":"","background-repeat":"repeat","background-position":"center center","background-size":"auto","background-attachment":"scroll","background-type":"","background-media":"","overlay-type":"","overlay-color":"","overlay-opacity":"","overlay-gradient":""},"tablet":{"background-color":"","background-image":"","background-repeat":"repeat","background-position":"center center","background-size":"auto","background-attachment":"scroll","background-type":"","background-media":"","overlay-type":"","overlay-color":"","overlay-opacity":"","overlay-gradient":""},"mobile":{"background-color":"","background-image":"","background-repeat":"repeat","background-position":"center center","background-size":"auto","background-attachment":"scroll","background-type":"","background-media":"","overlay-type":"","overlay-color":"","overlay-opacity":"","overlay-gradient":""}},"ast-content-background-meta":{"desktop":{"background-color":"var(--ast-global-color-5)","background-image":"","background-repeat":"repeat","background-position":"center center","background-size":"auto","background-attachment":"scroll","background-type":"","background-media":"","overlay-type":"","overlay-color":"","overlay-opacity":"","overlay-gradient":""},"tablet":{"background-color":"var(--ast-global-color-5)","background-image":"","background-repeat":"repeat","background-position":"center center","background-size":"auto","background-attachment":"scroll","background-type":"","background-media":"","overlay-type":"","overlay-color":"","overlay-opacity":"","overlay-gradient":""},"mobile":{"background-color":"var(--ast-global-color-5)","background-image":"","background-repeat":"repeat","background-position":"center center","background-size":"auto","background-attachment":"scroll","background-type":"","background-media":"","overlay-type":"","overlay-color":"","overlay-opacity":"","overlay-gradient":""}}},"product_brand":[],"product_cat":[455,456,458],"product_tag":[],"class_list":{"0":"post-62784","1":"product","2":"type-product","3":"status-publish","4":"has-post-thumbnail","6":"product_cat-cosmeticos-cbd","7":"product_cat-lyf","8":"product_cat-marios-market","9":"desktop-align-center","10":"tablet-align-center","11":"mobile-align-center","13":"first","14":"instock","15":"taxable","16":"shipping-taxable","17":"purchasable","18":"product-type-simple"},"acf":[],"yoast_head":"<!-- This site is optimized with the Yoast SEO Premium plugin v27.3 (Yoast SEO v27.3) - https:\/\/yoast.com\/product\/yoast-seo-premium-wordpress\/ -->\n<title>Gel Calmex Pro CBD<\/title>\n<meta name=\"description\" content=\"Compra el Gel Calmex Pro CBD 5000mg con efecto fr\u00edo. Alivia dolores, acelera la recuperaci\u00f3n muscular y disfruta de frescor inmediato.\" \/>\n<meta name=\"robots\" content=\"index, follow, max-snippet:-1, max-image-preview:large, max-video-preview:-1\" \/>\n<link rel=\"canonical\" href=\"https:\/\/iguanasmoke.com\/pl\/product-2\/calmex-pro-5000mg-zel-cbd-z-efektem-przeziebienia\/\" \/>\n<meta property=\"og:locale\" content=\"pl_PL\" \/>\n<meta property=\"og:type\" content=\"article\" \/>\n<meta property=\"og:title\" content=\"Gel Calmex Pro 5000mg de CBD\" \/>\n<meta property=\"og:description\" content=\"El Gel Calmex Pro 5000mg de CBD es un gel de cannabidiol de alta concentraci\u00f3n con efecto fr\u00edo intenso, dise\u00f1ado para el alivio r\u00e1pido del dolor muscular y articular. Su f\u00f3rmula de r\u00e1pida absorci\u00f3n, no grasa, act\u00faa de forma localizada.\u00a0\" \/>\n<meta property=\"og:url\" content=\"https:\/\/iguanasmoke.com\/pl\/product-2\/calmex-pro-5000mg-zel-cbd-z-efektem-przeziebienia\/\" \/>\n<meta property=\"og:site_name\" content=\"Iguana Smoke\" \/>\n<meta property=\"article:publisher\" content=\"https:\/\/www.facebook.com\/iguanasmoke\" \/>\n<meta property=\"article:modified_time\" content=\"2025-12-26T14:16:20+00:00\" \/>\n<meta property=\"og:image\" content=\"https:\/\/iguanasmoke.com\/wp-content\/uploads\/2025\/08\/crema-calmex-pro-1.webp\" \/>\n\t<meta property=\"og:image:width\" content=\"1000\" \/>\n\t<meta property=\"og:image:height\" content=\"1000\" \/>\n\t<meta property=\"og:image:type\" content=\"image\/webp\" \/>\n<meta name=\"twitter:card\" content=\"summary_large_image\" \/>\n<meta name=\"twitter:label1\" content=\"Cena\" \/>\n\t<meta name=\"twitter:data1\" content=\"25,90&nbsp;&euro;\" \/>\n\t<meta name=\"twitter:label2\" content=\"Dost\u0119pno\u015b\u0107\" \/>\n\t<meta name=\"twitter:data2\" content=\"Dost\u0119pny\" \/>\n<meta property=\"product:brand\" content=\"simple\" \/>\n<meta property=\"product:price:amount\" content=\"25.90\" \/>\n<meta property=\"product:price:currency\" content=\"EUR\" \/>\n<meta property=\"og:availability\" content=\"instock\" \/>\n<meta property=\"product:availability\" content=\"instock\" \/>\n<meta property=\"product:retailer_item_id\" content=\"LYF-CALMEXPRO\" \/>\n<meta property=\"product:condition\" content=\"new\" \/>\n<!-- \/ Yoast SEO Premium plugin. -->","yoast_head_json":{"title":"Calmex Pro CBD Gel","description":"Kup Calmex Pro CBD 5000mg Gel z efektem ch\u0142odzenia. U\u015bmierz b\u00f3l, przyspiesz regeneracj\u0119 mi\u0119\u015bni i ciesz si\u0119 natychmiastowym ch\u0142odem.","robots":{"index":"index","follow":"follow","max-snippet":"max-snippet:-1","max-image-preview":"max-image-preview:large","max-video-preview":"max-video-preview:-1"},"canonical":"https:\/\/iguanasmoke.com\/pl\/product-2\/calmex-pro-5000mg-zel-cbd-z-efektem-przeziebienia\/","og_locale":"pl_PL","og_type":"article","og_title":"Gel Calmex Pro 5000mg de CBD","og_description":"El Gel Calmex Pro 5000mg de CBD es un gel de cannabidiol de alta concentraci\u00f3n con efecto fr\u00edo intenso, dise\u00f1ado para el alivio r\u00e1pido del dolor muscular y articular. Su f\u00f3rmula de r\u00e1pida absorci\u00f3n, no grasa, act\u00faa de forma localizada.\u00a0","og_url":"https:\/\/iguanasmoke.com\/pl\/product-2\/calmex-pro-5000mg-zel-cbd-z-efektem-przeziebienia\/","og_site_name":"Iguana Smoke","article_publisher":"https:\/\/www.facebook.com\/iguanasmoke","article_modified_time":"2025-12-26T14:16:20+00:00","og_image":[{"width":1000,"height":1000,"url":"https:\/\/iguanasmoke.com\/wp-content\/uploads\/2025\/08\/crema-calmex-pro-1.webp","type":"image\/webp"}],"twitter_card":"summary_large_image","twitter_misc":{"Cena":"25,90&nbsp;&euro;","Dost\u0119pno\u015b\u0107":"Dost\u0119pny"},"schema":{"@context":"https:\/\/schema.org","@graph":[{"@type":"WebPage","@id":"https:\/\/iguanasmoke.com\/producto\/gel-calmex-pro-5000mg-cbd-efecto-frio\/","url":"https:\/\/iguanasmoke.com\/producto\/gel-calmex-pro-5000mg-cbd-efecto-frio\/","name":"Calmex Pro CBD Gel","isPartOf":{"@id":"https:\/\/iguanasmoke.com\/#website"},"primaryImageOfPage":{"@id":"https:\/\/iguanasmoke.com\/producto\/gel-calmex-pro-5000mg-cbd-efecto-frio\/#primaryimage"},"image":{"@id":"https:\/\/iguanasmoke.com\/producto\/gel-calmex-pro-5000mg-cbd-efecto-frio\/#primaryimage"},"thumbnailUrl":"https:\/\/iguanasmoke.com\/wp-content\/uploads\/2025\/08\/crema-calmex-pro-1.webp","datePublished":"2025-08-09T11:06:13+00:00","dateModified":"2025-12-26T14:16:20+00:00","description":"Kup Calmex Pro CBD 5000mg Gel z efektem ch\u0142odzenia. U\u015bmierz b\u00f3l, przyspiesz regeneracj\u0119 mi\u0119\u015bni i ciesz si\u0119 natychmiastowym ch\u0142odem.","breadcrumb":{"@id":"https:\/\/iguanasmoke.com\/producto\/gel-calmex-pro-5000mg-cbd-efecto-frio\/#breadcrumb"},"inLanguage":"pl-PL","potentialAction":[{"@type":"ReadAction","target":["https:\/\/iguanasmoke.com\/producto\/gel-calmex-pro-5000mg-cbd-efecto-frio\/"]}]},{"@type":"ImageObject","inLanguage":"pl-PL","@id":"https:\/\/iguanasmoke.com\/producto\/gel-calmex-pro-5000mg-cbd-efecto-frio\/#primaryimage","url":"https:\/\/iguanasmoke.com\/wp-content\/uploads\/2025\/08\/crema-calmex-pro-1.webp","contentUrl":"https:\/\/iguanasmoke.com\/wp-content\/uploads\/2025\/08\/crema-calmex-pro-1.webp","width":1000,"height":1000,"caption":"Gel Calmex Pro 5000mg CBD \u2013 M\u00e1xima potencia con efecto fr\u00edo para tu bienestar"},{"@type":"BreadcrumbList","@id":"https:\/\/iguanasmoke.com\/producto\/gel-calmex-pro-5000mg-cbd-efecto-frio\/#breadcrumb","itemListElement":[{"@type":"ListItem","position":1,"name":"home","item":"https:\/\/iguanasmoke.com\/"},{"@type":"ListItem","position":2,"name":"Tienda","item":"https:\/\/iguanasmoke.com\/tienda\/"},{"@type":"ListItem","position":3,"name":"Mario's Market","item":"https:\/\/iguanasmoke.com\/categoria\/marios-market\/"},{"@type":"ListItem","position":4,"name":"Gel Calmex Pro 5000mg de CBD"}]},{"@type":"WebSite","@id":"https:\/\/iguanasmoke.com\/#website","url":"https:\/\/iguanasmoke.com\/","name":"Iguana Smoke","description":"Kup CBD online w najlepszej cenie","publisher":{"@id":"https:\/\/iguanasmoke.com\/#organization"},"potentialAction":[{"@type":"SearchAction","target":{"@type":"EntryPoint","urlTemplate":"https:\/\/iguanasmoke.com\/?s={search_term_string}"},"query-input":{"@type":"PropertyValueSpecification","valueRequired":true,"valueName":"search_term_string"}}],"inLanguage":"pl-PL"},{"@type":"Organization","@id":"https:\/\/iguanasmoke.com\/#organization","name":"Iguana Smoke","url":"https:\/\/iguanasmoke.com\/","logo":{"@type":"ImageObject","inLanguage":"pl-PL","@id":"https:\/\/iguanasmoke.com\/#\/schema\/logo\/image\/","url":"https:\/\/iguanasmoke.com\/wp-content\/uploads\/2025\/01\/logoiguana-favi-1.png","contentUrl":"https:\/\/iguanasmoke.com\/wp-content\/uploads\/2025\/01\/logoiguana-favi-1.png","width":512,"height":512,"caption":"Iguana Smoke"},"image":{"@id":"https:\/\/iguanasmoke.com\/#\/schema\/logo\/image\/"},"sameAs":["https:\/\/www.facebook.com\/iguanasmoke","https:\/\/www.instagram.com\/iguanasmoke\/"]}]},"product_brand":"simple","product_price_amount":"25.90","product_price_currency":"EUR","og_availability":"instock","product_availability":"instock","product_retailer_item_id":"LYF-CALMEXPRO","product_condition":"new"},"_links":{"self":[{"href":"https:\/\/iguanasmoke.com\/pl\/wp-json\/wp\/v2\/product\/62784","targetHints":{"allow":["GET"]}}],"collection":[{"href":"https:\/\/iguanasmoke.com\/pl\/wp-json\/wp\/v2\/product"}],"about":[{"href":"https:\/\/iguanasmoke.com\/pl\/wp-json\/wp\/v2\/types\/product"}],"replies":[{"embeddable":true,"href":"https:\/\/iguanasmoke.com\/pl\/wp-json\/wp\/v2\/comments?post=62784"}],"wp:featuredmedia":[{"embeddable":true,"href":"https:\/\/iguanasmoke.com\/pl\/wp-json\/wp\/v2\/media\/62786"}],"wp:attachment":[{"href":"https:\/\/iguanasmoke.com\/pl\/wp-json\/wp\/v2\/media?parent=62784"}],"wp:term":[{"taxonomy":"product_brand","embeddable":true,"href":"https:\/\/iguanasmoke.com\/pl\/wp-json\/wp\/v2\/product_brand?post=62784"},{"taxonomy":"product_cat","embeddable":true,"href":"https:\/\/iguanasmoke.com\/pl\/wp-json\/wp\/v2\/product_cat?post=62784"},{"taxonomy":"product_tag","embeddable":true,"href":"https:\/\/iguanasmoke.com\/pl\/wp-json\/wp\/v2\/product_tag?post=62784"}],"curies":[{"name":"wp","href":"https:\/\/api.w.org\/{rel}","templated":true}]}}