{"id":62787,"date":"2025-08-09T13:23:07","date_gmt":"2025-08-09T11:23:07","guid":{"rendered":"https:\/\/iguanasmoke.com\/?post_type=product&#038;p=62787"},"modified":"2025-08-12T15:51:19","modified_gmt":"2025-08-12T13:51:19","slug":"pomadka-do-ust-z-cbd-750-mg","status":"publish","type":"product","link":"https:\/\/iguanasmoke.com\/pl\/producto\/lip-balm-cbd-750mg-balsamo-de-labios\/","title":{"rendered":"Balsam do ust CBD 750mg CBD 15ml"},"content":{"rendered":"<h1 data-start=\"234\" data-end=\"302\"><strong data-start=\"236\" data-end=\"302\">Balsam do ust CBD 750 mg \u2013 nawil\u017cenie i naturalna piel\u0119gnacja<\/strong><\/h1>\n<p data-start=\"304\" data-end=\"742\">The <strong data-start=\"307\" data-end=\"329\">Pomadka CBD 750mg<\/strong> to co\u015b wi\u0119cej ni\u017c zwyjna pomadka ochronna: to <strong data-start=\"381\" data-end=\"409\">balsam do ust CBD<\/strong> formu\u0142owany z wysokiej jako\u015bci naturalnych sk\u0142adnik\u00f3w nawil\u017caj\u0105cych, od\u017cywczych i chroni\u0105cych Twoje usta o ka\u017cdej porze dnia. Dzi\u0119ki swojej koncentracji <strong data-start=\"567\" data-end=\"583\">750 mg CBD<\/strong> W por\u0119cznym formacie 15 ml ten produkt staje si\u0119 Twoim idealnym sprzymierze\u0144cem w utrzymaniu zdrowego u\u015bmiechu i nieodparcie g\u0142adkich ust.<\/p>\n<h2 data-start=\"744\" data-end=\"791\"><strong data-start=\"747\" data-end=\"791\">W\u0142a\u015bciwo\u015bci CBD Balsamu do ust<\/strong><\/h2>\n<p data-start=\"793\" data-end=\"1002\">The <strong data-start=\"796\" data-end=\"817\">CBD (kannabidiol)<\/strong> to naturalny zwi\u0105zek wyst\u0119puj\u0105cy w konopiach o silnych w\u0142a\u015bciwo\u015bciach antyoksydacyjnych, \u0142agodz\u0105cych i regeneruj\u0105cych. Stosowany miejscowo w <strong data-start=\"962\" data-end=\"983\">balsam do ust<\/strong>, CBD pomaga w:<\/p>\n<ul data-start=\"1004\" data-end=\"1314\">\n<li data-start=\"1004\" data-end=\"1080\">\n<p data-start=\"1006\" data-end=\"1080\"><strong data-start=\"1006\" data-end=\"1033\">G\u0142\u0119boko nawil\u017ca\u0107<\/strong> i utrzyma\u0107 naturaln\u0105 wilgotno\u015b\u0107 ust.<\/p>\n<\/li>\n<li data-start=\"1081\" data-end=\"1162\">\n<p data-start=\"1083\" data-end=\"1162\"><strong data-start=\"1083\" data-end=\"1106\">Uspok\u00f3j podra\u017cnienia<\/strong> spowodowane przez zimno, s\u0142o\u0144ce lub sucho\u015b\u0107 powietrza.<\/p>\n<\/li>\n<li data-start=\"1163\" data-end=\"1218\">\n<p data-start=\"1165\" data-end=\"1218\"><strong data-start=\"1165\" data-end=\"1194\">Wspiera\u0107 regeneracj\u0119<\/strong> pop\u0119kanej sk\u00f3ry.<\/p>\n<\/li>\n<li data-start=\"1219\" data-end=\"1314\">\n<p data-start=\"1221\" data-end=\"1314\">Zabezpiecz przed <strong data-start=\"1239\" data-end=\"1259\">czynniki zewn\u0119trzne<\/strong> jak wiatr, zmiany temperatury i zanieczyszczenia.<\/p>\n<\/li>\n<\/ul>\n<p data-start=\"1316\" data-end=\"1481\">Ponadto, wz\u00f3r tego <strong data-start=\"1343\" data-end=\"1359\">Balsam do ust CBD<\/strong> wzbogacona naturalnymi olejami i mas\u0142ami, kt\u00f3re pot\u0119guj\u0105 jej w\u0142a\u015bciwo\u015bci i nadaj\u0105 jej g\u0142adk\u0105 i przyjemn\u0105 konsystencj\u0119.<\/p>\n<h2 data-start=\"1483\" data-end=\"1527\"><strong data-start=\"1486\" data-end=\"1527\">Korzy\u015bci ze stosowania balsamu do ust z CBD 750 mg<\/strong><\/h2>\n<p data-start=\"1529\" data-end=\"1629\">Codzienne stosowanie tego <strong data-start=\"1551\" data-end=\"1581\">balsam do ust<\/strong> zapewnia szereg znacz\u0105cych korzy\u015bci:<\/p>\n<h3 data-start=\"1631\" data-end=\"1664\">1. <strong data-start=\"1638\" data-end=\"1662\">Nawil\u017cenie i ochrona przed wysuszeniem<\/strong><\/h3>\n<p data-start=\"1665\" data-end=\"1796\">Po\u0142\u0105czenie CBD z olejami ro\u015blinnymi przenika przez sk\u00f3r\u0119, od\u017cywiaj\u0105c j\u0105 od wewn\u0105trz, zapobiegaj\u0105c sucho\u015bci i \u0142uszczeniu si\u0119.<\/p>\n<h3 data-start=\"1798\" data-end=\"1837\">2. <strong data-start=\"1805\" data-end=\"1835\">Ochrona przed warunkami atmosferycznymi<\/strong><\/h3>\n<p data-start=\"1838\" data-end=\"1943\">Zim\u0105 chroni przed zimnem i wiatrem, latem pomaga naprawi\u0107 szkody wyrz\u0105dzone przez s\u0142o\u0144ce.<\/p>\n<h3 data-start=\"1945\" data-end=\"1983\">3. <strong data-start=\"1952\" data-end=\"1981\">Natychmiastowy efekt uspokajaj\u0105cy<\/strong><\/h3>\n<p data-start=\"1984\" data-end=\"2099\">Dzi\u0119ki w\u0142a\u015bciwo\u015bciom przeciwzapalnym CBD \u0142agodzi uczucie \u015bci\u0105gni\u0119cia lub pieczenia wra\u017cliwych ust.<\/p>\n<h3 data-start=\"2101\" data-end=\"2136\">4. <strong data-start=\"2108\" data-end=\"2134\">Intensywna regeneracja<\/strong><\/h3>\n<p data-start=\"2137\" data-end=\"2230\">Idealne dla spierzchni\u0119tych lub uszkodzonych ust, przyspieszaj\u0105ce szybsz\u0105 i skuteczniejsz\u0105 regeneracj\u0119.<\/p>\n<h2 data-start=\"2232\" data-end=\"2279\"><strong data-start=\"2235\" data-end=\"2279\">Spos\u00f3b u\u017cycia balsamu do ust z CBD<\/strong><\/h2>\n<p data-start=\"2281\" data-end=\"2501\">Na\u0142o\u017cy\u0107 niewielk\u0105 ilo\u015b\u0107 <strong data-start=\"2314\" data-end=\"2330\">Balsam do ust CBD<\/strong> bezpo\u015brednio na czyste usta tyle razy, ile potrzeba. Jego kremowa konsystencja natychmiast si\u0119 rozp\u0142ywa, pozostawiaj\u0105c niewidoczn\u0105, ale bardzo skuteczn\u0105 warstw\u0119 ochronn\u0105.<\/p>\n<p data-start=\"2503\" data-end=\"2519\">Mo\u017cesz tego u\u017cy\u0107<\/p>\n<ul data-start=\"2520\" data-end=\"2693\">\n<li data-start=\"2520\" data-end=\"2572\">\n<p data-start=\"2522\" data-end=\"2572\">Przed wyj\u015bciem z domu, aby chroni\u0107 swoje usta.<\/p>\n<\/li>\n<li data-start=\"2573\" data-end=\"2635\">\n<p data-start=\"2575\" data-end=\"2635\">Jako nocna kuracja regeneruj\u0105ca podczas snu.<\/p>\n<\/li>\n<li data-start=\"2636\" data-end=\"2693\">\n<p data-start=\"2638\" data-end=\"2693\">Pod pomadk\u0119 dla r\u00f3wnomiernego wyko\u0144czenia.<\/p>\n<\/li>\n<\/ul>\n<h2 data-start=\"2695\" data-end=\"2750\"><strong data-start=\"2698\" data-end=\"2750\">Dlaczego wybra\u0107 nasz balsam do ust z CBD 750mg \u2013 15ml<\/strong><\/h2>\n<p data-start=\"2752\" data-end=\"3097\">To <strong data-start=\"2757\" data-end=\"2785\">balsam do ust CBD<\/strong> zosta\u0142 opracowany ze 100% naturalnych sk\u0142adnik\u00f3w, bez paraben\u00f3w i agresywnych chemikali\u00f3w. Zawiera wysokie st\u0119\u017cenie czystego CBD, zapewniaj\u0105c maksymaln\u0105 skuteczno\u015b\u0107 przy ka\u017cdej aplikacji. Ponadto jego forma <strong data-start=\"2991\" data-end=\"2999\">15 ml<\/strong> Jest idealny do noszenia ze sob\u0105 i cieszenia si\u0119 najwy\u017cszej jako\u015bci nawodnieniem w dowolnym miejscu.<\/p>\n<p data-start=\"3099\" data-end=\"3273\">The <strong data-start=\"3102\" data-end=\"3118\">Balsam do ust CBD<\/strong> to idealny wyb\u00f3r, je\u015bli szukasz produktu, kt\u00f3ry \u0142\u0105czy <strong data-start=\"3177\" data-end=\"3220\">Opieka, ochrona i naturalne samopoczucie<\/strong>, ze wszystkimi korzy\u015bciami CBD dla Twoich ust.<\/p>","protected":false},"excerpt":{"rendered":"<p>The <strong data-start=\"108\" data-end=\"130\">Pomadka CBD 750mg<\/strong> Jest to naturalny balsam do ust z CBD, kt\u00f3ry nawil\u017ca, chroni i regeneruje suche lub spierzchni\u0119te usta. Zawieraj\u0105cy 750 mg czystego CBD i olejk\u00f3w ro\u015blinnych, zapewnia intensywn\u0105 piel\u0119gnacj\u0119 oraz ochron\u0119 przed zimnem, wiatrem i s\u0142o\u0144cem. Pojemno\u015b\u0107 15 ml idealna do noszenia zawsze przy sobie.<\/p>","protected":false},"featured_media":62789,"comment_status":"open","ping_status":"closed","template":"","meta":{"_acf_changed":false,"site-sidebar-layout":"default","site-content-layout":"","ast-site-content-layout":"default","site-content-style":"default","site-sidebar-style":"default","ast-global-header-display":"","ast-banner-title-visibility":"","ast-main-header-display":"","ast-hfb-above-header-display":"","ast-hfb-below-header-display":"","ast-hfb-mobile-header-display":"","site-post-title":"","ast-breadcrumbs-content":"","ast-featured-img":"","footer-sml-layout":"","theme-transparent-header-meta":"default","adv-header-id-meta":"","stick-header-meta":"","header-above-stick-meta":"","header-main-stick-meta":"","header-below-stick-meta":"","astra-migrate-meta-layouts":"set","ast-page-background-enabled":"default","ast-page-background-meta":{"desktop":{"background-color":"var(--ast-global-color-4)","background-image":"","background-repeat":"repeat","background-position":"center center","background-size":"auto","background-attachment":"scroll","background-type":"","background-media":"","overlay-type":"","overlay-color":"","overlay-opacity":"","overlay-gradient":""},"tablet":{"background-color":"","background-image":"","background-repeat":"repeat","background-position":"center center","background-size":"auto","background-attachment":"scroll","background-type":"","background-media":"","overlay-type":"","overlay-color":"","overlay-opacity":"","overlay-gradient":""},"mobile":{"background-color":"","background-image":"","background-repeat":"repeat","background-position":"center center","background-size":"auto","background-attachment":"scroll","background-type":"","background-media":"","overlay-type":"","overlay-color":"","overlay-opacity":"","overlay-gradient":""}},"ast-content-background-meta":{"desktop":{"background-color":"var(--ast-global-color-5)","background-image":"","background-repeat":"repeat","background-position":"center center","background-size":"auto","background-attachment":"scroll","background-type":"","background-media":"","overlay-type":"","overlay-color":"","overlay-opacity":"","overlay-gradient":""},"tablet":{"background-color":"var(--ast-global-color-5)","background-image":"","background-repeat":"repeat","background-position":"center center","background-size":"auto","background-attachment":"scroll","background-type":"","background-media":"","overlay-type":"","overlay-color":"","overlay-opacity":"","overlay-gradient":""},"mobile":{"background-color":"var(--ast-global-color-5)","background-image":"","background-repeat":"repeat","background-position":"center center","background-size":"auto","background-attachment":"scroll","background-type":"","background-media":"","overlay-type":"","overlay-color":"","overlay-opacity":"","overlay-gradient":""}}},"product_brand":[],"product_cat":[458],"product_tag":[],"class_list":{"0":"post-62787","1":"product","2":"type-product","3":"status-publish","4":"has-post-thumbnail","6":"product_cat-marios-market","7":"desktop-align-center","8":"tablet-align-center","9":"mobile-align-center","11":"first","12":"instock","13":"taxable","14":"shipping-taxable","15":"purchasable","16":"product-type-simple"},"acf":[],"yoast_head":"<!-- This site is optimized with the Yoast SEO Premium plugin v27.3 (Yoast SEO v27.3) - https:\/\/yoast.com\/product\/yoast-seo-premium-wordpress\/ -->\n<title>Lip Balm CBD 750mg | B\u00e1lsamo de Labios Hidratante<\/title>\n<meta name=\"description\" content=\"B\u00e1lsamo de labios de CBD con 750mg. Hidrata, protege y repara tus labios de forma natural. Formato 15ml ideal para uso diario.\" \/>\n<meta name=\"robots\" content=\"index, follow, max-snippet:-1, max-image-preview:large, max-video-preview:-1\" \/>\n<link rel=\"canonical\" href=\"https:\/\/iguanasmoke.com\/pl\/product-2\/pomadka-do-ust-z-cbd-750-mg\/\" \/>\n<meta property=\"og:locale\" content=\"pl_PL\" \/>\n<meta property=\"og:type\" content=\"article\" \/>\n<meta property=\"og:title\" content=\"Lip Balm CBD 750mg CBD 15ml\" \/>\n<meta property=\"og:description\" content=\"El Lip Balm CBD 750mg es un b\u00e1lsamo de labios de CBD natural que hidrata, protege y repara labios secos o agrietados. Con 750mg de CBD puro y aceites vegetales, ofrece cuidado intensivo y protecci\u00f3n contra el fr\u00edo, el viento y el sol. Formato 15ml ideal para llevar siempre contigo.\" \/>\n<meta property=\"og:url\" content=\"https:\/\/iguanasmoke.com\/pl\/product-2\/pomadka-do-ust-z-cbd-750-mg\/\" \/>\n<meta property=\"og:site_name\" content=\"Iguana Smoke\" \/>\n<meta property=\"article:publisher\" content=\"https:\/\/www.facebook.com\/iguanasmoke\" \/>\n<meta property=\"article:modified_time\" content=\"2025-08-12T13:51:19+00:00\" \/>\n<meta property=\"og:image\" content=\"https:\/\/i0.wp.com\/iguanasmoke.com\/wp-content\/uploads\/2025\/08\/Lata-LYF-lip-balm.webp?fit=1000%2C1000&ssl=1\" \/>\n\t<meta property=\"og:image:width\" content=\"1000\" \/>\n\t<meta property=\"og:image:height\" content=\"1000\" \/>\n\t<meta property=\"og:image:type\" content=\"image\/webp\" \/>\n<meta name=\"twitter:card\" content=\"summary_large_image\" \/>\n<meta name=\"twitter:label1\" content=\"Cena\" \/>\n\t<meta name=\"twitter:data1\" content=\"8,90&nbsp;&euro;\" \/>\n\t<meta name=\"twitter:label2\" content=\"Dost\u0119pno\u015b\u0107\" \/>\n\t<meta name=\"twitter:data2\" content=\"Dost\u0119pny\" \/>\n<meta property=\"product:brand\" content=\"simple\" \/>\n<meta property=\"product:price:amount\" content=\"8.90\" \/>\n<meta property=\"product:price:currency\" content=\"EUR\" \/>\n<meta property=\"og:availability\" content=\"instock\" \/>\n<meta property=\"product:availability\" content=\"instock\" \/>\n<meta property=\"product:retailer_item_id\" content=\"LYF-LIPBALM\" \/>\n<meta property=\"product:condition\" content=\"new\" \/>\n<!-- \/ Yoast SEO Premium plugin. -->","yoast_head_json":{"title":"Balsam do ust CBD 750 mg | Nawil\u017caj\u0105cy balsam do ust","description":"Balsam do ust z CBD 750mg. Nawil\u017ca, chroni i regeneruje usta w naturalny spos\u00f3b. Pojemno\u015b\u0107 15ml idealna do codziennego u\u017cytku.","robots":{"index":"index","follow":"follow","max-snippet":"max-snippet:-1","max-image-preview":"max-image-preview:large","max-video-preview":"max-video-preview:-1"},"canonical":"https:\/\/iguanasmoke.com\/pl\/product-2\/pomadka-do-ust-z-cbd-750-mg\/","og_locale":"pl_PL","og_type":"article","og_title":"Lip Balm CBD 750mg CBD 15ml","og_description":"El Lip Balm CBD 750mg es un b\u00e1lsamo de labios de CBD natural que hidrata, protege y repara labios secos o agrietados. Con 750mg de CBD puro y aceites vegetales, ofrece cuidado intensivo y protecci\u00f3n contra el fr\u00edo, el viento y el sol. Formato 15ml ideal para llevar siempre contigo.","og_url":"https:\/\/iguanasmoke.com\/pl\/product-2\/pomadka-do-ust-z-cbd-750-mg\/","og_site_name":"Iguana Smoke","article_publisher":"https:\/\/www.facebook.com\/iguanasmoke","article_modified_time":"2025-08-12T13:51:19+00:00","og_image":[{"width":1000,"height":1000,"url":"https:\/\/i0.wp.com\/iguanasmoke.com\/wp-content\/uploads\/2025\/08\/Lata-LYF-lip-balm.webp?fit=1000%2C1000&ssl=1","type":"image\/webp"}],"twitter_card":"summary_large_image","twitter_misc":{"Cena":"8,90&nbsp;&euro;","Dost\u0119pno\u015b\u0107":"Dost\u0119pny"},"schema":{"@context":"https:\/\/schema.org","@graph":[{"@type":"WebPage","@id":"https:\/\/iguanasmoke.com\/en\/product\/lip-balm-cbd-750mg-balsamo-de-labios\/","url":"https:\/\/iguanasmoke.com\/en\/product\/lip-balm-cbd-750mg-balsamo-de-labios\/","name":"Balsam do ust CBD 750 mg | Nawil\u017caj\u0105cy balsam do ust","isPartOf":{"@id":"https:\/\/iguanasmoke.com\/#website"},"primaryImageOfPage":{"@id":"https:\/\/iguanasmoke.com\/en\/product\/lip-balm-cbd-750mg-balsamo-de-labios\/#primaryimage"},"image":{"@id":"https:\/\/iguanasmoke.com\/en\/product\/lip-balm-cbd-750mg-balsamo-de-labios\/#primaryimage"},"thumbnailUrl":"https:\/\/iguanasmoke.com\/wp-content\/uploads\/2025\/08\/Lata-LYF-lip-balm.webp","datePublished":"2025-08-09T11:23:07+00:00","dateModified":"2025-08-12T13:51:19+00:00","description":"Balsam do ust z CBD 750mg. Nawil\u017ca, chroni i regeneruje usta w naturalny spos\u00f3b. Pojemno\u015b\u0107 15ml idealna do codziennego u\u017cytku.","breadcrumb":{"@id":"https:\/\/iguanasmoke.com\/en\/product\/lip-balm-cbd-750mg-balsamo-de-labios\/#breadcrumb"},"inLanguage":"pl-PL","potentialAction":[{"@type":"ReadAction","target":["https:\/\/iguanasmoke.com\/en\/product\/lip-balm-cbd-750mg-balsamo-de-labios\/"]}]},{"@type":"ImageObject","inLanguage":"pl-PL","@id":"https:\/\/iguanasmoke.com\/en\/product\/lip-balm-cbd-750mg-balsamo-de-labios\/#primaryimage","url":"https:\/\/iguanasmoke.com\/wp-content\/uploads\/2025\/08\/Lata-LYF-lip-balm.webp","contentUrl":"https:\/\/iguanasmoke.com\/wp-content\/uploads\/2025\/08\/Lata-LYF-lip-balm.webp","width":1000,"height":1000,"caption":"Lip Balm CBD 750mg \u2013 Cuidado e hidrataci\u00f3n intensiva para labios con CBD natural"},{"@type":"BreadcrumbList","@id":"https:\/\/iguanasmoke.com\/en\/product\/lip-balm-cbd-750mg-balsamo-de-labios\/#breadcrumb","itemListElement":[{"@type":"ListItem","position":1,"name":"home","item":"https:\/\/iguanasmoke.com\/"},{"@type":"ListItem","position":2,"name":"Tienda","item":"https:\/\/iguanasmoke.com\/tienda\/"},{"@type":"ListItem","position":3,"name":"Mario's Market","item":"https:\/\/iguanasmoke.com\/categoria\/marios-market\/"},{"@type":"ListItem","position":4,"name":"Lip Balm CBD 750mg CBD 15ml"}]},{"@type":"WebSite","@id":"https:\/\/iguanasmoke.com\/#website","url":"https:\/\/iguanasmoke.com\/","name":"Iguana Smoke","description":"Kup CBD online w najlepszej cenie","publisher":{"@id":"https:\/\/iguanasmoke.com\/#organization"},"potentialAction":[{"@type":"SearchAction","target":{"@type":"EntryPoint","urlTemplate":"https:\/\/iguanasmoke.com\/?s={search_term_string}"},"query-input":{"@type":"PropertyValueSpecification","valueRequired":true,"valueName":"search_term_string"}}],"inLanguage":"pl-PL"},{"@type":"Organization","@id":"https:\/\/iguanasmoke.com\/#organization","name":"Iguana Smoke","url":"https:\/\/iguanasmoke.com\/","logo":{"@type":"ImageObject","inLanguage":"pl-PL","@id":"https:\/\/iguanasmoke.com\/#\/schema\/logo\/image\/","url":"https:\/\/iguanasmoke.com\/wp-content\/uploads\/2025\/01\/logoiguana-favi-1.png","contentUrl":"https:\/\/iguanasmoke.com\/wp-content\/uploads\/2025\/01\/logoiguana-favi-1.png","width":512,"height":512,"caption":"Iguana Smoke"},"image":{"@id":"https:\/\/iguanasmoke.com\/#\/schema\/logo\/image\/"},"sameAs":["https:\/\/www.facebook.com\/iguanasmoke","https:\/\/www.instagram.com\/iguanasmoke\/"]}]},"product_brand":"simple","product_price_amount":"8.90","product_price_currency":"EUR","og_availability":"instock","product_availability":"instock","product_retailer_item_id":"LYF-LIPBALM","product_condition":"new"},"_links":{"self":[{"href":"https:\/\/iguanasmoke.com\/pl\/wp-json\/wp\/v2\/product\/62787","targetHints":{"allow":["GET"]}}],"collection":[{"href":"https:\/\/iguanasmoke.com\/pl\/wp-json\/wp\/v2\/product"}],"about":[{"href":"https:\/\/iguanasmoke.com\/pl\/wp-json\/wp\/v2\/types\/product"}],"replies":[{"embeddable":true,"href":"https:\/\/iguanasmoke.com\/pl\/wp-json\/wp\/v2\/comments?post=62787"}],"wp:featuredmedia":[{"embeddable":true,"href":"https:\/\/iguanasmoke.com\/pl\/wp-json\/wp\/v2\/media\/62789"}],"wp:attachment":[{"href":"https:\/\/iguanasmoke.com\/pl\/wp-json\/wp\/v2\/media?parent=62787"}],"wp:term":[{"taxonomy":"product_brand","embeddable":true,"href":"https:\/\/iguanasmoke.com\/pl\/wp-json\/wp\/v2\/product_brand?post=62787"},{"taxonomy":"product_cat","embeddable":true,"href":"https:\/\/iguanasmoke.com\/pl\/wp-json\/wp\/v2\/product_cat?post=62787"},{"taxonomy":"product_tag","embeddable":true,"href":"https:\/\/iguanasmoke.com\/pl\/wp-json\/wp\/v2\/product_tag?post=62787"}],"curies":[{"name":"wp","href":"https:\/\/api.w.org\/{rel}","templated":true}]}}