{"id":63493,"date":"2025-09-11T10:32:33","date_gmt":"2025-09-11T08:32:33","guid":{"rendered":"https:\/\/iguanasmoke.com\/?post_type=product&#038;p=63493"},"modified":"2026-04-20T09:17:53","modified_gmt":"2026-04-20T07:17:53","slug":"wklad-10-oh-strawberry","status":"publish","type":"product","link":"https:\/\/iguanasmoke.com\/pl\/producto\/cartucho-10-oh-strawberry\/","title":{"rendered":"10-OH Space Cartridge - Strawberry"},"content":{"rendered":"<h1 data-start=\"1609\" data-end=\"1642\"><span style=\"font-weight: 400\">10-OH Space Cartridge - Strawberry<\/span><\/h1>\n<p><span style=\"font-weight: 400\">Przygotuj si\u0119, poniewa\u017c<\/span><span style=\"font-weight: 400\">\u00a0<strong>Wk\u0142ad 10-OH Strawberry<\/strong>, zabierze Ci\u0119 do nawigacji w przestrzeni <strong>Iguana Smoke<\/strong>. <\/span><span style=\"font-weight: 400\">Idealny dla tych, kt\u00f3rzy szukaj\u0105 <strong>Kompletne i pot\u0119\u017cne do\u015bwiadczenie vape<\/strong>, to <strong>vaper 10-OH <\/strong>\u0142\u0105czy w sobie si\u0142\u0119 10-OH (hydroksy - heksahydrokanabinolu) z kultowym <strong>s\u0142odki aromat dojrza\u0142ych truskawek<\/strong>. Formu\u0142a jest uzupe\u0142niona <strong>nie zawiera \u015brodk\u00f3w tn\u0105cych, nikotyny i HHC<\/strong>, aby\u015b m\u00f3g\u0142 cieszy\u0107 si\u0119 czystym, legalnym i wysokiej jako\u015bci produktem.\u00a0<\/span><\/p>\n<p><span style=\"font-weight: 400\">Odkryj teraz <strong>Nowe cz\u0105steczki<\/strong> kt\u00f3re odnios\u0105 sukces i zast\u0105pi\u0105 stare <em>HHC Space Vape<\/em>. Kupi\u0107 <strong>vaper<\/strong><\/span><span style=\"font-weight: 400\"><strong> 10-OH <\/strong>oznacza noszenie technologii konopi przysz\u0142o\u015bci w kieszeni. <strong>Bez THC<\/strong>, <strong>ale jest efekt<\/strong>; <strong>bez dymu<\/strong>, <strong>ale jest chmura<\/strong>; Nie ma w\u0105tpliwo\u015bci, poniewa\u017c <strong>ten wk\u0142ad 10-OH Strawberry to s\u0142odycz.<\/strong><\/span><\/p>\n<p>&nbsp;<\/p>\n<h2><strong>Co to jest 10-OH?<\/strong><\/h2>\n<p><span style=\"font-weight: 400\">The <\/span><span style=\"font-weight: 400\"><b>10-OH<\/b> jest metabolitem HHC, tj. substancj\u0105, kt\u00f3ra powstaje, gdy organizm rozk\u0142ada HHC. Na poziomie laboratoryjnym uzyskuje si\u0119 go poprzez przekszta\u0142cenie HHC w jego hydroksylowan\u0105 form\u0119, w wyniku czego powstaje bardziej stabilny kannabinoid o specyficznym powinowactwie do niekt\u00f3rych receptor\u00f3w w uk\u0142adzie endokannabinoidowym.<\/span><\/p>\n<p><span style=\"font-weight: 400\">Chocia\u017c efekty mog\u0105 si\u0119 r\u00f3\u017cni\u0107 w zale\u017cno\u015bci od osoby, do\u015bwiadczenia cz\u0119sto obejmuj\u0105:<\/span><\/p>\n<ul>\n<li>Umiarkowana euforia, bez bardziej intensywnego haju, jaki mo\u017ce da\u0107 THC.<\/li>\n<li>Fizyczne odpr\u0119\u017cenie, bez wywo\u0142ywania uczucia nadmiernego uspokojenia.<\/li>\n<li>Jasno\u015b\u0107 umys\u0142u, kt\u00f3ra sprzyja koncentracji lub interakcjom spo\u0142ecznym.<\/li>\n<li>Mniejszy niepok\u00f3j, co czyni j\u0105 interesuj\u0105c\u0105 opcj\u0105 dla tych, kt\u00f3rzy nie toleruj\u0105 dobrze THC.<\/li>\n<\/ul>\n<p><span style=\"font-weight: 400\">Efekty te umieszczaj\u0105 <strong>10-OH w punkcie po\u015brednim mi\u0119dzy HHC i THC<\/strong>Bardziej intensywny ni\u017c pierwszy, ale \u0142atwiejszy do opanowania ni\u017c drugi. Je\u015bli szukasz <strong>kupi\u0107 vaper 10-OH online<\/strong>, Z efektami stymuluj\u0105cymi, ale bez paranoi i psychicznego kaca, to jest tw\u00f3j wk\u0142ad. <\/span><\/p>\n<p><span style=\"font-weight: 400\">Dowiedz si\u0119 wi\u0119cej o dzia\u0142aniu tej nowej cz\u0105steczki w naszym artykule <\/span> <a href=\"https:\/\/iguanasmoke.com\/pl\/czym-jest-10-oh-nowa-opcja-w-kannabinoidach\/\">Blog: Czym jest 10-OH? Nowa opcja kannabinoidowa<\/a>.<\/p>\n<p>&nbsp;<\/p>\n<h2>Profil smakowy wk\u0142adu 10-OH Strawberry:<\/h2>\n<p><span style=\"font-weight: 400\">Aromat tego waporyzatora wiernie odwzorowuje <strong>smak dojrza\u0142ych truskawek<\/strong>. Znajdziesz w nim <strong>s\u0142odka i owocowa nuta<\/strong> z akcentami <strong>kwa\u015bny i soczysty.<\/strong> Prostota jego <strong>aromat wraz z innowacj\u0105 cz\u0105steczki 10-OH <\/strong>sprawiaj\u0105, \u017ce ten vaper jest klasykiem w Twoim koszyku, kt\u00f3ry obiecuje nie zawie\u015b\u0107.<\/span><\/p>\n<p>&nbsp;<\/p>\n<h2><strong>G\u0142\u00f3wne cechy:<\/strong><\/h2>\n<ul>\n<li><span style=\"font-weight: 400\"><strong>Wysoka jako\u015b\u0107 10-OH<\/strong>, z naturalnym profilem kannabinoidowym.<\/span><\/li>\n<li><span style=\"font-weight: 400\"><strong>Organiczny ekstrakt z konopi<\/strong>, wolne od dodatk\u00f3w i rozpuszczalnik\u00f3w.<\/span><\/li>\n<li><span style=\"font-weight: 400\">Dost\u0119pne w <strong>1 ml i 2 ml<\/strong>. <\/span><\/li>\n<li><span style=\"font-weight: 400\">Do <strong>300 zaci\u0105gni\u0119\u0107 (1 ml) i 600 zaci\u0105gni\u0119\u0107 (2 ml)<\/strong>.<\/span><\/li>\n<li><span style=\"font-weight: 400\"><strong>Brak wykrywalnego THC<\/strong>. <\/span><\/li>\n<li><span style=\"font-weight: 400\"><strong>Jako\u015b\u0107 gwarantowana przez Iguana Smoke<\/strong>.<\/span><\/li>\n<\/ul>\n<p>&nbsp;<\/p>\n<h2><strong>Zalety wk\u0142adu 10-OH Fresa:<\/strong><\/h2>\n<ul>\n<li><span style=\"font-weight: 400\">Zawiera <b>10-OH: <\/b>legalny kannabinoid pochodz\u0105cy z konopi, niezawieraj\u0105cy THC.<\/span><\/li>\n<li><span style=\"font-weight: 400\"><strong>Pot\u0119\u017cny efekt bez <\/strong>poczu\u0107 efekty<strong> niepo\u017c\u0105dane \u015brodki psychoaktywne: czas trwania<\/strong> d\u0142ugi (<strong>3-4 godziny<\/strong>)<\/span><\/li>\n<li><span style=\"font-weight: 400\">Idealny dla <strong>codzienne u\u017cytkowanie:<\/strong>\u00a0<strong>brak zapachu, brak spalania, brak tolerancji<\/strong>.<\/span><\/li>\n<li>Smak f<strong>dojrza\u0142e, kwa\u015bne winogrona<\/strong>, ale s\u0142odki i naturalny.<\/li>\n<li>Niesamowite wra\u017cenia sensoryczne - pokochasz to!<\/li>\n<\/ul>\n<p><span style=\"font-weight: 400\">The <strong>vaper 10-OH <\/strong>to najwygodniejszy i najczystszy spos\u00f3b, aby cieszy\u0107 si\u0119 wszystkimi zaletami <strong>Korzy\u015bci z 10-OH<\/strong>, Bez konserwacji, bez zamieszania, bez k\u0142opot\u00f3w.\u00a0<\/span><\/p>\n<p>&nbsp;<\/p>\n<h2><strong>Co to jest jednorazowy wk\u0142ad 10-OH?<\/strong><\/h2>\n<p><span style=\"font-weight: 400\">A <strong>Jednorazowy wk\u0142ad 10-OH<\/strong> jest ma\u0142ym cylindrem z <strong>510, z\u0142\u0105cze 1 ml lub 2 ml<\/strong> kt\u00f3ry jest wype\u0142niony p\u0142ynem 10-OH. Du\u017c\u0105 r\u00f3\u017cnic\u0105 w por\u00f3wnaniu z innymi rodzajami wk\u0142ad\u00f3w jest to, \u017ce nie trzeba go uzupe\u0142nia\u0107 ani uzupe\u0142nia\u0107: <strong>gdy si\u0119 sko\u0144czy, jest po prostu wyrzucany<\/strong>.\u00a0<\/span><\/p>\n<p><span style=\"font-weight: 400\">Istniej\u0105 r\u00f3wnie\u017c <a href=\"https:\/\/iguanasmoke.com\/pl\/kategoria\/nowe-czasteczki\/10oh\/\">Jednorazowe vapery 10-OH<\/a> (wszystko w jednym) z wbudowan\u0105 bateri\u0105 i wk\u0142adem, gotowe do u\u017cycia zaraz po wyj\u0119ciu z pude\u0142ka.\u00a0<\/span><\/p>\n<p>&nbsp;<\/p>\n<h2><span style=\"font-weight: 400\"><strong>Baterie do kartrid\u017ca 10-OH Strawberry Cartridge<\/strong>:<\/span><\/h2>\n<p><span style=\"font-weight: 400\">Nie zapomnij kupi\u0107 <strong>akumulator 510<\/strong> <strong>niezawodny<\/strong>, <strong>d\u0142ugotrwa\u0142y<\/strong>. Dlatego w <strong>Iguana Smoke<\/strong> oferujemy r\u00f3\u017cne modele zaprojektowane w celu zagwarantowania <strong>jednolita mgie\u0142ka<\/strong>, <strong>czysty smak<\/strong> oraz <strong>Wygodne i bezpieczne do\u015bwiadczenie waporyzacji<\/strong>.<\/span><\/p>\n<ul>\n<li><span style=\"font-weight: 400\"><a href=\"https:\/\/iguanasmoke.com\/pl\/product-2\/bateria-510-iguana-power-do-wkladow-1ml\/\"><strong>Bateria 510 z gwintem do kartrid\u017cy 1 ml<\/strong><\/a>Jego kompaktowy rozmiar, dyskretny i \u0142atwy do przenoszenia, a jego moc jest idealnie skalibrowana, aby wydoby\u0107 pe\u0142ny profil aromatyczny 10-OH bez przegrzewania p\u0142ynu. <em>Jego pojemno\u015b\u0107 wynosi 320 mAh.<\/em><\/span><\/li>\n<li><span style=\"font-weight: 400\"><a href=\"https:\/\/iguanasmoke.com\/pl\/product-2\/bateria-iguana-power-510-do-wkladow-2-ml\/\"><strong>Bateria 510 z gwintem do kartrid\u017cy 2 ml<\/strong><\/a>Wk\u0142ady 10-OH: oferuj\u0105 d\u0142u\u017csz\u0105 autonomi\u0119, przeznaczone dla u\u017cytkownik\u00f3w, kt\u00f3rzy lubi\u0105 d\u0142u\u017csze sesje lub wol\u0105 rzadziej wymienia\u0107 wk\u0142ady 10-OH. Gwarantuj\u0105 <strong>Stabilna moc i sta\u0142a wydajno\u015b\u0107<\/strong>. <em>Jego pojemno\u015b\u0107 wynosi 400 mAh<\/em>.\u00a0<\/span><\/li>\n<li><a href=\"https:\/\/iguanasmoke.com\/pl\/product-2\/iguana-power-cartbox-battery-bateria-510-para-cartuchos\/\"><strong>Kieszonkowy akumulator Cartbox z gwintem 510<\/strong><\/a>; Kompatybilno\u015b\u0107 2 w 1: <strong><span style=\"font-weight: 400\">A je\u015bli szukasz wszechstronno\u015bci, ten model jest kompatybilny z wk\u0142adami 1 ml i 2 ml, \u0142\u0105cz\u0105c autonomi\u0119, dyskrecj\u0119 i regulowan\u0105 moc. Idealny dla tych, kt\u00f3rzy chc\u0105 jednego urz\u0105dzenia, kt\u00f3re pasuje do wszystkiego. <em>Jego pojemno\u015b\u0107 wynosi 650 mAh<\/em>.\u00a0<\/span><\/strong><\/li>\n<\/ul>\n<p>&nbsp;<\/p>\n<h3><b>Gdzie kupi\u0107 wk\u0142ady 10-OH<\/b><b> online?<\/b><\/h3>\n<p><span style=\"font-weight: 400\">Przy <strong>Iguana Smoke<\/strong>, Naszym priorytetem jest jako\u015b\u0107 i przejrzysto\u015b\u0107. Nasz <strong>Wk\u0142ady 10-OH<\/strong>\u00a0s\u0105 wykonane z naturalnych i ekologicznych ekstrakt\u00f3w, oferuj\u0105c produkty <\/span><span style=\"font-weight: 400\"><strong>bezpieczny i wydajny<\/strong>. Podobnie jak w przypadku naszego <strong>Wk\u0142ad 10-OH Strawberry<\/strong>, kt\u00f3ry wyr\u00f3\u017cnia si\u0119 intensywnym smakiem <strong>truskawka<\/strong>.<\/span><\/p>\n<p><span style=\"font-weight: 400\">To jest bezpieczne miejsce do <strong>kupi\u0107 vaper 10-OH online w Wielkiej Brytanii.<\/strong> Wszystkie nasze produkty s\u0105 zatwierdzone przez UE, co gwarantuje ich legalno\u015b\u0107 i bezpiecze\u0144stwo. Ponadto, je\u015bli chcesz, mo\u017cesz skonsultowa\u0107 si\u0119 z<\/span><span style=\"font-weight: 400\"> <a href=\"https:\/\/iguanasmoke.com\/pl\/analityka\/\">tutaj analiza laboratoryjna.<\/a>\u00a0<\/span><\/p>\n<p><span style=\"font-weight: 400\">Nie zapomnij zapozna\u0107 si\u0119 z innymi <strong>vapers 10-OH <\/strong>jako <a href=\"https:\/\/iguanasmoke.com\/pl\/product-2\/vaper-10-oh-90-space-vape-strawberry\/\">10-OH Space Vape Strawberry Vaper<\/a> u <\/span><span style=\"font-weight: 400\">inne <strong>TOP produkty<\/strong> jako <a href=\"https:\/\/iguanasmoke.com\/pl\/product-2\/vaper-stv-space-vape-strawberry-sativanol\/\">STV Space Vape Vaper<\/a> lub <a href=\"https:\/\/iguanasmoke.com\/pl\/product-2\/kupic-kwiat-czeresniowy-haze-cbd-topy-online\/\">Kwiat CBD Cherry Haze<\/a>. <\/span><span style=\"font-weight: 400\">Kr\u00f3tko m\u00f3wi\u0105c, poznaj nasz\u0105 r\u00f3\u017cnorodno\u015b\u0107 i znajd\u017a swoje ulubione ju\u017c teraz.<\/span><span style=\"font-weight: 400\">\u00a0<\/span><\/p>\n<p>Szybka dostawa, \u015bcis\u0142a uwaga i sklep z dyskretnym opakowaniem, kt\u00f3re jest na pierwszym miejscu - tylko dla Twojej przyjemno\u015bci!<\/p>\n<p>&nbsp;<\/p>\n<h3><b>Iguana Smoke to zaufany internetowy sklep CBD<\/b><\/h3>\n<p><span style=\"font-weight: 400\">W Iguana Smoke wierzymy, \u017ce korzystanie z CBD powinno by\u0107 bezpiecznym i przyjemnym do\u015bwiadczeniem. Dlatego oferujemy wysokiej jako\u015bci produkty, kt\u00f3re \u0142\u0105cz\u0105 si\u0119 z nowymi pokoleniami: lud\u017ami, kt\u00f3rzy szukaj\u0105 nieskomplikowanego wellness, z autentycznymi i niezawodnymi markami.\u00a0<\/span><\/p>\n<p>Nasza misja jest jasna: dostarcza\u0107 ci to, co najlepsze w \u015bwiecie kannabinoid\u00f3w w uczciwej cenie, ze spokojem wynikaj\u0105cym ze \u015bwiadomo\u015bci, \u017ce wybierasz certyfikowany, skuteczny i legalny produkt 100%.<\/p>\n<p>Nadal masz w\u0105tpliwo\u015bci? Napisz do nas, a z przyjemno\u015bci\u0105 pomo\u017cemy Ci znale\u017a\u0107 odpowiedni produkt.<\/p>\n<p>&nbsp;<\/p>\n<p><em><span style=\"font-weight: 400\">*Uwaga: zgodnie z hiszpa\u0144skim prawem jest on przeznaczony do zbierania lub aromaterapii. <\/span><\/em><\/p>\n<p><em><span style=\"font-weight: 400\">**Wszystkie nasze produkty pochodz\u0105 z certyfikowanych konopi przemys\u0142owych. Zawieraj\u0105 mniej ni\u017c 0,3 THC i nie zawieraj\u0105 nielegalnych kannabinoid\u00f3w, takich jak HHC, HHC-P, THCP, THCP-O, H4CBD i tych zawartych w za\u0142\u0105czniku I do dekretu kr\u00f3lewskiego 2829\/1977, ani substancji kontrolowanych przez konwencje mi\u0119dzynarodowe.\u00a0\u00a0<\/span><\/em><\/p>","protected":false},"excerpt":{"rendered":"<ul>\n<li>Smak dojrza\u0142ych truskawek<\/li>\n<li>Pod\u0142\u0105czenie: typ 510<\/li>\n<li>Pojemno\u015b\u0107: <span style=\"font-size: 16px\">1 ml (300 zaci\u0105gni\u0119\u0107)\/ 2 ml (600 zaci\u0105gni\u0119\u0107)<\/span><\/li>\n<li>10-OH do 90%<\/li>\n<li>THC: 0%, HHC: 0%, THC-P: 0%, Nikotyna: 0%<\/li>\n<li>Nie zawiera VG, PG, PEG, MCT ani \u017cadnych innych \u015brodk\u00f3w tn\u0105cych.<\/li>\n<\/ul>\n<p><span style=\"font-weight: 400\">Ponadto, je\u015bli chcesz, mo\u017cesz skonsultowa\u0107 si\u0119 z<strong> <a href=\"https:\/\/iguanasmoke.com\/pl\/analityka\/\">analiza laboratoryjna.<\/a><\/strong><\/span><\/p>","protected":false},"featured_media":64593,"comment_status":"open","ping_status":"closed","template":"","meta":{"_acf_changed":false,"site-sidebar-layout":"default","site-content-layout":"","ast-site-content-layout":"default","site-content-style":"default","site-sidebar-style":"default","ast-global-header-display":"","ast-banner-title-visibility":"","ast-main-header-display":"","ast-hfb-above-header-display":"","ast-hfb-below-header-display":"","ast-hfb-mobile-header-display":"","site-post-title":"","ast-breadcrumbs-content":"","ast-featured-img":"","footer-sml-layout":"","theme-transparent-header-meta":"default","adv-header-id-meta":"","stick-header-meta":"","header-above-stick-meta":"","header-main-stick-meta":"","header-below-stick-meta":"","astra-migrate-meta-layouts":"set","ast-page-background-enabled":"default","ast-page-background-meta":{"desktop":{"background-color":"var(--ast-global-color-4)","background-image":"","background-repeat":"repeat","background-position":"center center","background-size":"auto","background-attachment":"scroll","background-type":"","background-media":"","overlay-type":"","overlay-color":"","overlay-opacity":"","overlay-gradient":""},"tablet":{"background-color":"","background-image":"","background-repeat":"repeat","background-position":"center center","background-size":"auto","background-attachment":"scroll","background-type":"","background-media":"","overlay-type":"","overlay-color":"","overlay-opacity":"","overlay-gradient":""},"mobile":{"background-color":"","background-image":"","background-repeat":"repeat","background-position":"center center","background-size":"auto","background-attachment":"scroll","background-type":"","background-media":"","overlay-type":"","overlay-color":"","overlay-opacity":"","overlay-gradient":""}},"ast-content-background-meta":{"desktop":{"background-color":"var(--ast-global-color-5)","background-image":"","background-repeat":"repeat","background-position":"center center","background-size":"auto","background-attachment":"scroll","background-type":"","background-media":"","overlay-type":"","overlay-color":"","overlay-opacity":"","overlay-gradient":""},"tablet":{"background-color":"var(--ast-global-color-5)","background-image":"","background-repeat":"repeat","background-position":"center center","background-size":"auto","background-attachment":"scroll","background-type":"","background-media":"","overlay-type":"","overlay-color":"","overlay-opacity":"","overlay-gradient":""},"mobile":{"background-color":"var(--ast-global-color-5)","background-image":"","background-repeat":"repeat","background-position":"center center","background-size":"auto","background-attachment":"scroll","background-type":"","background-media":"","overlay-type":"","overlay-color":"","overlay-opacity":"","overlay-gradient":""}}},"product_brand":[],"product_cat":[550,419],"product_tag":[],"class_list":{"0":"post-63493","1":"product","2":"type-product","3":"status-publish","4":"has-post-thumbnail","6":"product_cat-10oh","7":"product_cat-cartuchos-cbd","8":"desktop-align-center","9":"tablet-align-center","10":"mobile-align-center","12":"first","13":"instock","14":"taxable","15":"shipping-taxable","16":"purchasable","17":"product-type-variable"},"acf":[],"yoast_head":"<!-- This site is optimized with the Yoast SEO Premium plugin v27.3 (Yoast SEO v27.3) - https:\/\/yoast.com\/product\/yoast-seo-premium-wordpress\/ -->\n<title>Cartucho 10-OH Strawberry | Iguana Smoke<\/title>\n<meta name=\"description\" content=\"Disfruta de una experiencia de vapeo \u00fanica con el Cartucho 10-OH Strawberry. Su potente sabor a fresa te llevar\u00e1 al espacio. \u00a1Prueba ahora el vaper 10-OH!\" \/>\n<meta name=\"robots\" content=\"index, follow, max-snippet:-1, max-image-preview:large, max-video-preview:-1\" \/>\n<link rel=\"canonical\" href=\"https:\/\/iguanasmoke.com\/pl\/product-2\/wklad-10-oh-strawberry\/\" \/>\n<meta property=\"og:locale\" content=\"pl_PL\" \/>\n<meta property=\"og:type\" content=\"article\" \/>\n<meta property=\"og:title\" content=\"Cartucho 10-OH Space - Strawberry\" \/>\n<meta property=\"og:description\" content=\"Sabor a fresa madura  Conexi\u00f3n: tipo 510  Capacidad: 1 ml (300 caladas)\/ 2 ml (600 caladas)  10-OH al 90%  THC: 0%, HHC: 0%, THC-P: 0%, Nicotina: 0%  No contiene VG, PG, PEG, MCT o cualquier otro agente de corte  Adem\u00e1s, si quieres puedes consultar el an\u00e1lisis de laboratorio.\" \/>\n<meta property=\"og:url\" content=\"https:\/\/iguanasmoke.com\/pl\/product-2\/wklad-10-oh-strawberry\/\" \/>\n<meta property=\"og:site_name\" content=\"Iguana Smoke\" \/>\n<meta property=\"article:publisher\" content=\"https:\/\/www.facebook.com\/iguanasmoke\" \/>\n<meta property=\"article:modified_time\" content=\"2026-04-20T07:17:53+00:00\" \/>\n<meta property=\"og:image\" content=\"https:\/\/iguanasmoke.com\/wp-content\/uploads\/2025\/08\/Bolsa-Cart-HHC-Strawberry-2025-10-OH-con-cartucho.webp\" \/>\n\t<meta property=\"og:image:width\" content=\"1000\" \/>\n\t<meta property=\"og:image:height\" content=\"1000\" \/>\n\t<meta property=\"og:image:type\" content=\"image\/webp\" \/>\n<meta name=\"twitter:card\" content=\"summary_large_image\" \/>\n<meta name=\"twitter:label1\" content=\"Dost\u0119pno\u015b\u0107\" \/>\n\t<meta name=\"twitter:data1\" content=\"Dost\u0119pny\" \/>\n<meta property=\"product:brand\" content=\"variable\" \/>\n<meta property=\"og:availability\" content=\"instock\" \/>\n<meta property=\"product:availability\" content=\"instock\" \/>\n<meta property=\"product:condition\" content=\"new\" \/>\n<!-- \/ Yoast SEO Premium plugin. -->","yoast_head_json":{"title":"Wk\u0142ad dymny 10-OH Strawberry | Iguana","description":"Ciesz si\u0119 wyj\u0105tkowymi doznaniami z waporyzatorem 10-OH Strawberry Cartridge. Jego mocny truskawkowy smak zabierze Ci\u0119 w kosmos - wypr\u00f3buj 10-OH vaper ju\u017c teraz!","robots":{"index":"index","follow":"follow","max-snippet":"max-snippet:-1","max-image-preview":"max-image-preview:large","max-video-preview":"max-video-preview:-1"},"canonical":"https:\/\/iguanasmoke.com\/pl\/product-2\/wklad-10-oh-strawberry\/","og_locale":"pl_PL","og_type":"article","og_title":"Cartucho 10-OH Space - Strawberry","og_description":"Sabor a fresa madura  Conexi\u00f3n: tipo 510  Capacidad: 1 ml (300 caladas)\/ 2 ml (600 caladas)  10-OH al 90%  THC: 0%, HHC: 0%, THC-P: 0%, Nicotina: 0%  No contiene VG, PG, PEG, MCT o cualquier otro agente de corte  Adem\u00e1s, si quieres puedes consultar el an\u00e1lisis de laboratorio.","og_url":"https:\/\/iguanasmoke.com\/pl\/product-2\/wklad-10-oh-strawberry\/","og_site_name":"Iguana Smoke","article_publisher":"https:\/\/www.facebook.com\/iguanasmoke","article_modified_time":"2026-04-20T07:17:53+00:00","og_image":[{"width":1000,"height":1000,"url":"https:\/\/iguanasmoke.com\/wp-content\/uploads\/2025\/08\/Bolsa-Cart-HHC-Strawberry-2025-10-OH-con-cartucho.webp","type":"image\/webp"}],"twitter_card":"summary_large_image","twitter_misc":{"Dost\u0119pno\u015b\u0107":"Dost\u0119pny"},"schema":{"@context":"https:\/\/schema.org","@graph":[{"@type":"WebPage","@id":"https:\/\/iguanasmoke.com\/producto\/cartucho-10-oh-strawberry\/","url":"https:\/\/iguanasmoke.com\/producto\/cartucho-10-oh-strawberry\/","name":"Wk\u0142ad dymny 10-OH Strawberry | Iguana","isPartOf":{"@id":"https:\/\/iguanasmoke.com\/#website"},"primaryImageOfPage":{"@id":"https:\/\/iguanasmoke.com\/producto\/cartucho-10-oh-strawberry\/#primaryimage"},"image":{"@id":"https:\/\/iguanasmoke.com\/producto\/cartucho-10-oh-strawberry\/#primaryimage"},"thumbnailUrl":"https:\/\/iguanasmoke.com\/wp-content\/uploads\/2025\/08\/Bolsa-Cart-HHC-Strawberry-2025-10-OH-con-cartucho.webp","datePublished":"2025-09-11T08:32:33+00:00","dateModified":"2026-04-20T07:17:53+00:00","description":"Ciesz si\u0119 wyj\u0105tkowymi doznaniami z waporyzatorem 10-OH Strawberry Cartridge. Jego mocny truskawkowy smak zabierze Ci\u0119 w kosmos - wypr\u00f3buj 10-OH vaper ju\u017c teraz!","breadcrumb":{"@id":"https:\/\/iguanasmoke.com\/producto\/cartucho-10-oh-strawberry\/#breadcrumb"},"inLanguage":"pl-PL","potentialAction":[{"@type":"ReadAction","target":["https:\/\/iguanasmoke.com\/producto\/cartucho-10-oh-strawberry\/"]}]},{"@type":"ImageObject","inLanguage":"pl-PL","@id":"https:\/\/iguanasmoke.com\/producto\/cartucho-10-oh-strawberry\/#primaryimage","url":"https:\/\/iguanasmoke.com\/wp-content\/uploads\/2025\/08\/Bolsa-Cart-HHC-Strawberry-2025-10-OH-con-cartucho.webp","contentUrl":"https:\/\/iguanasmoke.com\/wp-content\/uploads\/2025\/08\/Bolsa-Cart-HHC-Strawberry-2025-10-OH-con-cartucho.webp","width":1000,"height":1000,"caption":"Bolsa y cartucho 10-OH Strawberry de Iguana Smoke, vaper 10-OH"},{"@type":"BreadcrumbList","@id":"https:\/\/iguanasmoke.com\/producto\/cartucho-10-oh-strawberry\/#breadcrumb","itemListElement":[{"@type":"ListItem","position":1,"name":"home","item":"https:\/\/iguanasmoke.com\/"},{"@type":"ListItem","position":2,"name":"Tienda","item":"https:\/\/iguanasmoke.com\/tienda\/"},{"@type":"ListItem","position":3,"name":"Vaper CBD","item":"https:\/\/iguanasmoke.com\/categoria\/vaper-cbd\/"},{"@type":"ListItem","position":4,"name":"Cartuchos","item":"https:\/\/iguanasmoke.com\/categoria\/vaper-cbd\/cartuchos-cbd\/"},{"@type":"ListItem","position":5,"name":"Cartucho 10-OH Space &#8211; Strawberry"}]},{"@type":"WebSite","@id":"https:\/\/iguanasmoke.com\/#website","url":"https:\/\/iguanasmoke.com\/","name":"Iguana Smoke","description":"Kup CBD online w najlepszej cenie","publisher":{"@id":"https:\/\/iguanasmoke.com\/#organization"},"potentialAction":[{"@type":"SearchAction","target":{"@type":"EntryPoint","urlTemplate":"https:\/\/iguanasmoke.com\/?s={search_term_string}"},"query-input":{"@type":"PropertyValueSpecification","valueRequired":true,"valueName":"search_term_string"}}],"inLanguage":"pl-PL"},{"@type":"Organization","@id":"https:\/\/iguanasmoke.com\/#organization","name":"Iguana Smoke","url":"https:\/\/iguanasmoke.com\/","logo":{"@type":"ImageObject","inLanguage":"pl-PL","@id":"https:\/\/iguanasmoke.com\/#\/schema\/logo\/image\/","url":"https:\/\/iguanasmoke.com\/wp-content\/uploads\/2025\/01\/logoiguana-favi-1.png","contentUrl":"https:\/\/iguanasmoke.com\/wp-content\/uploads\/2025\/01\/logoiguana-favi-1.png","width":512,"height":512,"caption":"Iguana Smoke"},"image":{"@id":"https:\/\/iguanasmoke.com\/#\/schema\/logo\/image\/"},"sameAs":["https:\/\/www.facebook.com\/iguanasmoke","https:\/\/www.instagram.com\/iguanasmoke\/"]}]},"product_brand":"variable","og_availability":"instock","product_availability":"instock","product_condition":"new"},"_links":{"self":[{"href":"https:\/\/iguanasmoke.com\/pl\/wp-json\/wp\/v2\/product\/63493","targetHints":{"allow":["GET"]}}],"collection":[{"href":"https:\/\/iguanasmoke.com\/pl\/wp-json\/wp\/v2\/product"}],"about":[{"href":"https:\/\/iguanasmoke.com\/pl\/wp-json\/wp\/v2\/types\/product"}],"replies":[{"embeddable":true,"href":"https:\/\/iguanasmoke.com\/pl\/wp-json\/wp\/v2\/comments?post=63493"}],"wp:featuredmedia":[{"embeddable":true,"href":"https:\/\/iguanasmoke.com\/pl\/wp-json\/wp\/v2\/media\/64593"}],"wp:attachment":[{"href":"https:\/\/iguanasmoke.com\/pl\/wp-json\/wp\/v2\/media?parent=63493"}],"wp:term":[{"taxonomy":"product_brand","embeddable":true,"href":"https:\/\/iguanasmoke.com\/pl\/wp-json\/wp\/v2\/product_brand?post=63493"},{"taxonomy":"product_cat","embeddable":true,"href":"https:\/\/iguanasmoke.com\/pl\/wp-json\/wp\/v2\/product_cat?post=63493"},{"taxonomy":"product_tag","embeddable":true,"href":"https:\/\/iguanasmoke.com\/pl\/wp-json\/wp\/v2\/product_tag?post=63493"}],"curies":[{"name":"wp","href":"https:\/\/api.w.org\/{rel}","templated":true}]}}