{"id":73789,"date":"2026-01-08T19:29:59","date_gmt":"2026-01-08T18:29:59","guid":{"rendered":"https:\/\/iguanasmoke.com\/?post_type=product&#038;p=73789"},"modified":"2026-02-17T11:15:13","modified_gmt":"2026-02-17T10:15:13","slug":"cbd-vape-i-puff-starter-pack-strawberry-1ml","status":"publish","type":"product","link":"https:\/\/iguanasmoke.com\/pl\/producto\/cbd-vape-i-puff-starter-pack-strawberry-1ml\/","title":{"rendered":"Zestaw startowy Vape CBD I-Puff - truskawka 1 ml"},"content":{"rendered":"<h1 data-start=\"1609\" data-end=\"1642\"><span style=\"font-weight: 400\">Zestaw startowy Vape CBD I-Puff - truskawka 1 ml<\/span><\/h1>\n<h3 data-start=\"335\" data-end=\"375\">Odkryj przysz\u0142o\u015b\u0107 waporyzacji z CBD<\/h3>\n<p><span style=\"font-weight: 400\">Szukasz wysokiej jako\u015bci waporyzatora CBD Full Spectrum, kt\u00f3ry \u0142\u0105czy w sobie wydajno\u015b\u0107, smak i niezawodno\u015b\u0107? Pozwala na to <strong>Zestaw startowy Vape CBD I-Puff - truskawka 1 ml <\/strong>jest idealnym wyborem.  Urz\u0105dzenie to zosta\u0142o zaprojektowane z my\u015bl\u0105 o u\u017cytkownikach, kt\u00f3rzy poszukuj\u0105 zaawansowanego, trwa\u0142ego i zr\u00f3wnowa\u017conego systemu zorientowanego na <strong>doskona\u0142e wra\u017cenia z waporyzacji. <\/strong><\/span><\/p>\n<p><span style=\"font-weight: 400\">Dzi\u0119ki zaawansowanemu i innowacyjnemu systemowi vape z <strong>Technologia CCELL<\/strong>, to <strong>Pakiet startowy<\/strong> \u0142\u0105czy w sobie <strong>wysokowydajny akumulator<\/strong> wraz z <strong>Wymienne kapsu\u0142ki typu Pods o pojemno\u015bci 1 ml<\/strong>, wst\u0119pnie za\u0142adowany ekstraktem CBD Full Spectrum. <\/span><\/p>\n<p><span style=\"font-weight: 400\">W rezultacie oferuje <strong>Inteligentniejsza, czystsza i bardziej zr\u00f3wnowa\u017cona alternatywa<\/strong> przeciwko jednorazowym vaperom, pozycjonuj\u0105c si\u0119 jako jeden z najpopularniejszych vaper\u00f3w w bran\u017cy. <strong>Najlepsze opcje zakupu CBD Vaper w Hiszpanii<\/strong>.\u00a0<\/span><\/p>\n<p>&nbsp;<\/p>\n<h2><strong>Zaawansowana technologia CBD Vape z CCELL<\/strong><\/h2>\n<p><span style=\"font-weight: 400\">System<strong> I-Puff<\/strong> zawiera uznane <strong>Technologia ogrzewania ceramicznego CCELL<\/strong>, Nowa technologia, uwa\u017cana za standard premium w bran\u017cy waporyzacji. Technologia ta polega na tym, \u017ce pozwala na<strong> Jednolite i kontrolowane odparowanie<\/strong>, zapewniaj\u0105cy p\u0142ynn\u0105 i sta\u0142\u0105 produkcj\u0119 pary, z <strong>stabilna temperatura<\/strong> kt\u00f3ry zachowuje aromatyczny profil CBD przy ka\u017cdym zaci\u0105gni\u0119ciu. <\/span><\/p>\n<p><span style=\"font-weight: 400\">W przeciwie\u0144stwie do tradycyjnych vaper\u00f3w jednorazowego u\u017cytku, ten vape CBD zosta\u0142 zaprojektowany, aby zapewni\u0107 <strong>Zwi\u0119kszona trwa\u0142o\u015b\u0107 i wydajno\u015b\u0107<\/strong>. Tw\u00f3j <strong>akumulator<\/strong> jest po\u0142\u0105czony z <strong>wymienne kapsu\u0142ki za pomoc\u0105 systemu \u201cclick\u201d<\/strong>, Nowe, czyste i g\u0142adkie do\u015bwiadczenie gwarantuje idealne dopasowanie, bez oparze\u0144 i szorstko\u015bci. <\/span><\/p>\n<p><span style=\"font-weight: 400\">Ponadto <strong>Technologia CCELL<\/strong> optymalizuje <strong>wch\u0142anianie kannabinoid\u00f3w<\/strong>, <strong>Maksymalizacja wydajno\u015bci Full Spectrum CBD<\/strong> i zapewnienie <strong>Bardziej wyrafinowane do\u015bwiadczenie vape<\/strong>, zr\u00f3wnowa\u017cony i sp\u00f3jny. Wszystko to sprawia, \u017ce <strong>Zestaw startowy Vape CBD I-Puff - truskawka 1 ml<\/strong> w wyb\u00f3r premium dla tych, kt\u00f3rzy szukaj\u0105 jako\u015bci, smaku i kontroli w ka\u017cdym zaci\u0105gni\u0119ciu.\u00a0 <\/span><\/p>\n<p>&nbsp;<\/p>\n<h2 data-start=\"2311\" data-end=\"2335\"><strong>Perfil de terpenos de Strawberry: <\/strong><\/h2>\n<p data-start=\"2311\" data-end=\"2335\"><span style=\"font-weight: 400\">Ten profil terpenowy oferuje <strong>sabor aut\u00e9ntico a fresa<\/strong>, Bogaty w CBD, bez sztucznych dodatk\u00f3w, idealny dla tych, kt\u00f3rzy szukaj\u0105 naturalnego do\u015bwiadczenia przy zakupie vape CBD.\u00a0<\/span><\/p>\n<ul>\n<li data-start=\"2311\" data-end=\"2335\"><span style=\"font-weight: 400\">Notas dulces afrutadas<\/span><\/li>\n<li data-start=\"2311\" data-end=\"2335\"><span style=\"font-weight: 400\">Zio\u0142owe niuanse <\/span><\/li>\n<li data-start=\"2311\" data-end=\"2335\"><span style=\"font-weight: 400\">Czysty i nie md\u0142y aromat<\/span><\/li>\n<\/ul>\n<p>&nbsp;<\/p>\n<h2 data-start=\"3033\" data-end=\"3049\"><strong>Dlaczego warto wybra\u0107 system I-Puff? <\/strong><\/h2>\n<p data-start=\"3033\" data-end=\"3049\"><span style=\"font-weight: 400\">Je\u015bli szukasz <strong>Vaper CBD lepszy od urz\u0105dze\u0144 jednorazowych<\/strong>, System I-Puff Pod robi r\u00f3\u017cnic\u0119:\u00a0<\/span><\/p>\n<ul>\n<li><span style=\"font-weight: 400\"><strong>Specyfikacje<\/strong>: <\/span>\n<ul>\n<li style=\"list-style-type: none\">\n<ul>\n<li><span style=\"font-weight: 400\">Zawarto\u015b\u0107 CBD: 700 mg <\/span><span style=\"font-weight: 400\">CBD Full Spectrum <\/span><\/li>\n<li><span style=\"font-weight: 400\">Bez nikotyny<\/span><\/li>\n<li><span style=\"font-weight: 400\">Pojemno\u015b\u0107: 1 ml (do 300 zaci\u0105gni\u0119\u0107)<\/span><\/li>\n<li><span style=\"font-weight: 400\">Akumulator USB-C <\/span><\/li>\n<li><span style=\"font-weight: 400\">Technologia: Ceramiczne ogrzewanie CCELL dla pary najwy\u017cszej jako\u015bci <\/span><\/li>\n<li><span style=\"font-weight: 400\">System wielokrotnego u\u017cytku: przyjazny dla \u015brodowiska, bez odpad\u00f3w jednorazowego u\u017cytku <\/span><\/li>\n<li><span style=\"font-weight: 400\">Perfil de terpenos: Fresa natural\u00a0<\/span><\/li>\n<li><span style=\"font-weight: 400\">Nie zawiera VG, PG, PEG, MCT ani \u017cadnych innych \u015brodk\u00f3w tn\u0105cych.<\/span><\/li>\n<\/ul>\n<\/li>\n<\/ul>\n<\/li>\n<\/ul>\n<p><span style=\"font-weight: 400\">To nie tylko kolejny waporyzator. To <strong>D\u0142ugoterminowe rozwi\u0105zanie vape CBD<\/strong>, zaprojektowane z my\u015bl\u0105 o jako\u015bci, kontroli i sp\u00f3jno\u015bci.\u00a0<\/span><\/p>\n<p>&nbsp;<\/p>\n<h2 data-start=\"3217\" data-end=\"3287\"><strong>Co zawiera zestaw startowy Vape CBD I-Puff? <\/strong><\/h2>\n<ul>\n<li data-start=\"3217\" data-end=\"3287\"><span style=\"font-weight: 400\">1 x <strong>Bateria<\/strong> I-Puff wielokrotnego u\u017cytku z technologi\u0105 CCELL<\/span><\/li>\n<li data-start=\"3217\" data-end=\"3287\"><span style=\"font-weight: 400\">1 x <strong>Kapsu\u0142ka<\/strong> Pod CBD Strawberry 1ml, con 700mg de CBD Full Spectrum<\/span><\/li>\n<\/ul>\n<p>Na\u0142aduj bateri\u0119, gdy si\u0119 wyczerpie. Wymie\u0144 kapsu\u0142k\u0119 po zako\u0144czeniu i ciesz si\u0119 p\u0142ynn\u0105 inhalacj\u0105 za ka\u017cdym razem.<\/p>\n<p>&nbsp;<\/p>\n<h3><b>Gdzie kupi\u0107 <span style=\"font-weight: 400\"><strong>Vape CBD I-Puff <\/strong><\/span><\/b><b>?<\/b><\/h3>\n<p><span style=\"font-weight: 400\">Je\u015bli szukasz <strong>kupi\u0107 Vape CBD I-Puff <\/strong><strong>, <\/strong>to jest twoje bezpieczne miejsce <strong>kupi\u0107 Full Spectrum CBD vaper w Hiszpanii.<\/strong> Ponadto system I-Puff \u0142\u0105czy w sobie <strong>sprz\u0119t premium z najlepszymi ekstraktami CBD<\/strong>, Idealny dla tych, kt\u00f3rzy ju\u017c kupuj\u0105 <strong><a href=\"https:\/\/iguanasmoke.com\/pl\/kategoria\/flores\/kwiaty-cbd-2\/\">Kwiaty CBD<\/a><\/strong>, <a href=\"https:\/\/iguanasmoke.com\/pl\/kategoria\/olej-cbd\/\"><strong>Oleje<\/strong> <\/a>o <a href=\"https:\/\/iguanasmoke.com\/pl\/kategoria\/hash-cbd\/\"><strong>\u017bywice<\/strong> <\/a>i chc\u0105 przej\u015b\u0107 na waporyzacj\u0119. <\/span><\/p>\n<p><span style=\"font-weight: 400\">Wszystkie nasze produkty s\u0105 <strong>zatwierdzony przez UE<\/strong>, gwarantuj\u0105c jego legalno\u015b\u0107 i bezpiecze\u0144stwo. Ponadto, je\u015bli chcesz, mo\u017cesz skonsultowa\u0107 si\u0119 z<\/span><strong> <a href=\"https:\/\/iguanasmoke.com\/pl\/analityka\/\">analiza laboratoryjna.<\/a><\/strong><\/p>\n<p><span style=\"font-weight: 400\">Nie zapomnij odkry\u0107 innych smak\u00f3w <strong>Vape CBD I-Puff<\/strong><strong>\u00a0<\/strong>jako <strong><a href=\"https:\/\/iguanasmoke.com\/pl\/product-2\/cbd-vape-i-puff-starter-pack-amenesia-1ml\/\">Vape CBD I-Puff Amnesia <\/a><\/strong>y <\/span><span style=\"font-weight: 400\">inne <strong>TOP produkty<\/strong> z CBD Full Spectrum jako <strong><a href=\"https:\/\/iguanasmoke.com\/pl\/kategoria\/cbd-vaper-2\/naboje\/?filter_tipo-cartucho=cbd\">Wk\u0142ady CBD o pe\u0142nym spektrum dzia\u0142ania<\/a><\/strong> lub <strong><a href=\"https:\/\/iguanasmoke.com\/pl\/kategoria\/cbd-pelne-spektrum-vaper\/\">Vaper CBD Full Spectrum<\/a><\/strong>. <\/span><span style=\"font-weight: 400\">Kr\u00f3tko m\u00f3wi\u0105c, przejrzyj nasz\u0105 ofert\u0119 produkt\u00f3w CBD i znajd\u017a swoje ulubione.<\/span><span style=\"font-weight: 400\">\u00a0<\/span><\/p>\n<p><strong data-start=\"303\" data-end=\"345\">Szybka i dyskretna dostawa na terenie ca\u0142ej Hiszpanii<\/strong>, z <strong data-start=\"351\" data-end=\"387\">Bliska i spersonalizowana uwaga<\/strong> aby odpowiedzie\u0107 na wszelkie pytania przed i po zakupie.<\/p>\n<p>&nbsp;<\/p>\n<h3><b>Iguana Smoke to Tw\u00f3j internetowy sklep z CBD\u00a0<\/b><\/h3>\n<p><span style=\"font-weight: 400\">Przy<strong> Iguana Smoke<\/strong>, Wierzymy, \u017ce korzystanie z CBD powinno by\u0107 bezpiecznym do\u015bwiadczeniem. W\u0142a\u015bnie dlatego oferujemy produkty takie jak ten <strong>Vape CBD I-Puff Starter Pack &#8211; Strawberry<\/strong>, Marka \u0142\u0105czy si\u0119 z nowymi pokoleniami: lud\u017ami, kt\u00f3rzy szukaj\u0105 nieskomplikowanego wellness, z autentycznymi i niezawodnymi markami. <\/span><\/p>\n<p><span style=\"font-weight: 400\">Nasza misja jest jasna:<strong> Dostarczamy to, co najlepsze w \u015bwiecie CBD w uczciwej cenie<\/strong>. Ponadto zapewniamy spok\u00f3j ducha, kt\u00f3ry wynika ze \u015bwiadomo\u015bci, \u017ce wybierasz <strong>certyfikowany, skuteczny i legalny produkt 100%<\/strong>. Podejmij decyzj\u0119; kup sw\u00f3j vaper CBD ju\u017c dzi\u015b i przenie\u015b swoje doznania na inny poziom.\u00a0<\/span><\/p>\n<p>Nadal masz w\u0105tpliwo\u015bci? Napisz do nas, a z przyjemno\u015bci\u0105 pomo\u017cemy Ci znale\u017a\u0107 odpowiedni produkt.<\/p>\n<p>&nbsp;<\/p>\n<h6>\u2139\ufe0f<strong> Informacje prawne<\/strong><\/h6>\n<p><em><span style=\"font-weight: 400\">*Produkt przeznaczony do kolekcjonowania lub aromaterapii, zgodnie z obowi\u0105zuj\u0105cymi w Hiszpanii przepisami. <\/span><\/em><\/p>\n<p><em><span style=\"font-weight: 400\">**Pochodzi z certyfikowanych konopi przemys\u0142owych. Zawiera mniej ni\u017c 0,3 THC i nie zawiera nielegalnych kannabinoid\u00f3w, takich jak HHC, HHC-P, THCP, THCP-O, H4CBD lub substancji wymienionych w za\u0142\u0105czniku I do dekretu kr\u00f3lewskiego 2829\/1977, ani substancji kontrolowanych przez konwencje mi\u0119dzynarodowe.\u00a0\u00a0<\/span><\/em><\/p>\n<p>&nbsp;<\/p>\n<h2><strong>FAQS Vape CBD I-Puff: <\/strong><\/h2>\n<h4><span style=\"font-weight: 400\">Co zawiera pakiet startowy? <\/span><\/h4>\n<p><span style=\"font-weight: 400\">Zawiera <strong>Akumulator wielokrotnego u\u017cytku I-Puff<\/strong> oraz <strong>c\u00e1psula Pod Strawberry de 1ml con 700mg de CBD Full Spectrum<\/strong>.<\/span><\/p>\n<h4><span style=\"font-weight: 400\">Jak d\u0142ugo wystarcza kapsu\u0142ka Pod I-Puff?\u00a0<\/span><\/h4>\n<p><span style=\"font-weight: 400\">Pami\u0119taj, \u017ce ka\u017cda osoba jest wyj\u0105tkowa i zale\u017cy to od indywidualnego stosowania i cz\u0119stotliwo\u015bci spo\u017cycia, ale ka\u017cda kapsu\u0142ka zapewnia <strong>oko\u0142o 300 zaci\u0105gni\u0119\u0107<\/strong>.<\/span><\/p>\n<h4><span style=\"font-weight: 400\">Czy I-Puff CBD Vape jest legalny w Hiszpanii?\u00a0<\/span><\/h4>\n<p><span style=\"font-weight: 400\"><strong>Tak<\/strong>, Pe\u0142ne spektrum CBD<strong>\u00a0mog\u0105 by\u0107 legalnie wprowadzane do obrotu w Hiszpanii<\/strong> pod warunkiem, \u017ce jest zgodny z europejskimi przepisami dotycz\u0105cymi konopi przemys\u0142owych i posiada niezale\u017cn\u0105 analiz\u0119 laboratoryjn\u0105 i identyfikowalno\u015b\u0107. <\/span><\/p>\n<h4><span style=\"font-weight: 400\">Czy mo\u017cna kupi\u0107 wymienne kapsu\u0142ki?\u00a0<\/span><\/h4>\n<p><span style=\"font-weight: 400\"><strong>Oczywi\u015bcie<\/strong>, najpierw musisz zdoby\u0107 <a href=\"https:\/\/iguanasmoke.com\/pl\/product-2\/cbd-vape-ipuff-gelato-1ml-700mg\/\"><strong>Pakiet startowy<\/strong><\/a> (gdzie mo\u017cna kupi\u0107 <strong>bateria po raz pierwszy + kapsu\u0142a<\/strong>), a nast\u0119pnie mo\u017cna kupi\u0107 wszystkie <a href=\"https:\/\/iguanasmoke.com\/pl\/product-2\/vape-cbd-i-puff-capsula-de-recambio-amnesia-1ml\/\">Kapsu\u0142ki do wielokrotnego nape\u0142niania<\/a> czego potrzebujesz. Mo\u017cesz nawet kupi\u0107 <a href=\"https:\/\/iguanasmoke.com\/pl\/product-2\/vape-cbd-i-puff-starter-pack-red-berries-1ml\/\">Pakiet startowy<\/a> oraz <a href=\"https:\/\/iguanasmoke.com\/pl\/product-2\/capsula-recambio-cbd-vape-ipuff-lemon-haze-1ml\/\">kapsu\u0142ka zast\u0119pcza<\/a> a tym samym cieszy\u0107 si\u0119 wymian\u0105 smak\u00f3w.<\/span><\/p>","protected":false},"excerpt":{"rendered":"<ul>\n<li><span style=\"font-weight: 400\">System kapsu\u0142ek CBD Pods nowej generacji: technologia CCELL<\/span><\/li>\n<li data-start=\"541\" data-end=\"786\"><span style=\"font-weight: 400\">Terpenos naturales de alta calidad: Strawberry (Fresa)<\/span><\/li>\n<li data-start=\"541\" data-end=\"786\"><span style=\"font-weight: 400\">Nikotyna: 0% i THC: 0%<\/span><\/li>\n<li data-start=\"541\" data-end=\"786\"><span style=\"font-weight: 400\">The <em>Pakiet startowy<\/em> obejmuje: <\/span>\n<ul>\n<li style=\"list-style-type: none\">\n<ul data-start=\"825\" data-end=\"887\">\n<li data-start=\"541\" data-end=\"786\"><strong>1 x akumulator USB-C <\/strong><\/li>\n<li data-start=\"541\" data-end=\"786\"><strong>1 x C\u00e1psula Pod con 700mg CBD Full Spectrum al 70% Strawberry<\/strong><\/li>\n<\/ul>\n<\/li>\n<\/ul>\n<\/li>\n<\/ul>\n<p><span style=\"font-weight: 400\">Konsultacje<strong> <a href=\"https:\/\/iguanasmoke.com\/pl\/analityka\/\">analiza laboratoryjna.<\/a><\/strong><\/span><\/p>","protected":false},"featured_media":73701,"comment_status":"open","ping_status":"closed","template":"","meta":{"_acf_changed":false,"site-sidebar-layout":"default","site-content-layout":"","ast-site-content-layout":"default","site-content-style":"default","site-sidebar-style":"default","ast-global-header-display":"","ast-banner-title-visibility":"","ast-main-header-display":"","ast-hfb-above-header-display":"","ast-hfb-below-header-display":"","ast-hfb-mobile-header-display":"","site-post-title":"","ast-breadcrumbs-content":"","ast-featured-img":"","footer-sml-layout":"","theme-transparent-header-meta":"default","adv-header-id-meta":"","stick-header-meta":"","header-above-stick-meta":"","header-main-stick-meta":"","header-below-stick-meta":"","astra-migrate-meta-layouts":"set","ast-page-background-enabled":"default","ast-page-background-meta":{"desktop":{"background-color":"var(--ast-global-color-4)","background-image":"","background-repeat":"repeat","background-position":"center center","background-size":"auto","background-attachment":"scroll","background-type":"","background-media":"","overlay-type":"","overlay-color":"","overlay-opacity":"","overlay-gradient":""},"tablet":{"background-color":"","background-image":"","background-repeat":"repeat","background-position":"center center","background-size":"auto","background-attachment":"scroll","background-type":"","background-media":"","overlay-type":"","overlay-color":"","overlay-opacity":"","overlay-gradient":""},"mobile":{"background-color":"","background-image":"","background-repeat":"repeat","background-position":"center center","background-size":"auto","background-attachment":"scroll","background-type":"","background-media":"","overlay-type":"","overlay-color":"","overlay-opacity":"","overlay-gradient":""}},"ast-content-background-meta":{"desktop":{"background-color":"var(--ast-global-color-5)","background-image":"","background-repeat":"repeat","background-position":"center center","background-size":"auto","background-attachment":"scroll","background-type":"","background-media":"","overlay-type":"","overlay-color":"","overlay-opacity":"","overlay-gradient":""},"tablet":{"background-color":"var(--ast-global-color-5)","background-image":"","background-repeat":"repeat","background-position":"center center","background-size":"auto","background-attachment":"scroll","background-type":"","background-media":"","overlay-type":"","overlay-color":"","overlay-opacity":"","overlay-gradient":""},"mobile":{"background-color":"var(--ast-global-color-5)","background-image":"","background-repeat":"repeat","background-position":"center center","background-size":"auto","background-attachment":"scroll","background-type":"","background-media":"","overlay-type":"","overlay-color":"","overlay-opacity":"","overlay-gradient":""}}},"product_brand":[],"product_cat":[984,922,419,981],"product_tag":[],"class_list":{"0":"post-73789","1":"product","2":"type-product","3":"status-publish","4":"has-post-thumbnail","6":"product_cat-baterias-y-kits-de-vapeo","7":"product_cat-capsula-cbd","8":"product_cat-cartuchos-cbd","9":"product_cat-cbd-full-spectrum","10":"desktop-align-center","11":"tablet-align-center","12":"mobile-align-center","14":"first","15":"instock","16":"taxable","17":"shipping-taxable","18":"purchasable","19":"product-type-simple"},"acf":[],"yoast_head":"<!-- This site is optimized with the Yoast SEO Premium plugin v27.3 (Yoast SEO v27.3) - https:\/\/yoast.com\/product\/yoast-seo-premium-wordpress\/ -->\n<title>Vape CBD I-Puff Starter Pack - Strawberry | Iguana Smoke<\/title>\n<meta name=\"description\" content=\"Prueba el Vape CBD I-Puff Starter Pack - Strawberry 1ml. Con tecnolog\u00eda CCELL, c\u00e1psulas intercambiables CBD Full Spectrum 700mg y bater\u00eda reutilizable.\" \/>\n<meta name=\"robots\" content=\"index, follow, max-snippet:-1, max-image-preview:large, max-video-preview:-1\" \/>\n<link rel=\"canonical\" href=\"https:\/\/iguanasmoke.com\/pl\/product-2\/cbd-vape-i-puff-starter-pack-strawberry-1ml\/\" \/>\n<meta property=\"og:locale\" content=\"pl_PL\" \/>\n<meta property=\"og:type\" content=\"article\" \/>\n<meta property=\"og:title\" content=\"Vape CBD I-Puff Starter Pack - Strawberry 1ml\" \/>\n<meta property=\"og:description\" content=\"Sistema de c\u00e1psulas Pods CBD de nueva generaci\u00f3n: tecnolog\u00eda CCELL  Terpenos naturales de alta calidad: Strawberry (Fresa)  Nicotina: 0% y THC: 0%  El Starter Pack incluye:       1 x Bater\u00eda recargable USB-C   1 x C\u00e1psula Pod con 700mg CBD Full Spectrum al 70% Strawberry      Consulta el an\u00e1lisis de laboratorio.\" \/>\n<meta property=\"og:url\" content=\"https:\/\/iguanasmoke.com\/pl\/product-2\/cbd-vape-i-puff-starter-pack-strawberry-1ml\/\" \/>\n<meta property=\"og:site_name\" content=\"Iguana Smoke\" \/>\n<meta property=\"article:publisher\" content=\"https:\/\/www.facebook.com\/iguanasmoke\" \/>\n<meta property=\"article:modified_time\" content=\"2026-02-17T10:15:13+00:00\" \/>\n<meta property=\"og:image\" content=\"https:\/\/iguanasmoke.com\/wp-content\/uploads\/2026\/01\/Bolsa-Starter-pack-Battery-Strawberry-con-pod-2.webp\" \/>\n\t<meta property=\"og:image:width\" content=\"1000\" \/>\n\t<meta property=\"og:image:height\" content=\"1000\" \/>\n\t<meta property=\"og:image:type\" content=\"image\/webp\" \/>\n<meta name=\"twitter:card\" content=\"summary_large_image\" \/>\n<meta name=\"twitter:label1\" content=\"Cena\" \/>\n\t<meta name=\"twitter:data1\" content=\"21,90&nbsp;&euro;\" \/>\n\t<meta name=\"twitter:label2\" content=\"Dost\u0119pno\u015b\u0107\" \/>\n\t<meta name=\"twitter:data2\" content=\"Dost\u0119pny\" \/>\n<meta property=\"product:brand\" content=\"simple\" \/>\n<meta property=\"product:price:amount\" content=\"21.90\" \/>\n<meta property=\"product:price:currency\" content=\"EUR\" \/>\n<meta property=\"og:availability\" content=\"instock\" \/>\n<meta property=\"product:availability\" content=\"instock\" \/>\n<meta property=\"product:retailer_item_id\" content=\"IS-STARTERPOD-STRW1M\" \/>\n<meta property=\"product:condition\" content=\"new\" \/>\n<!-- \/ Yoast SEO Premium plugin. -->","yoast_head_json":{"title":"Vape CBD I-Puff Starter Pack - Strawberry | Iguana Smoke","description":"Prueba el Vape CBD I-Puff Starter Pack - Strawberry 1ml. Con tecnolog\u00eda CCELL, c\u00e1psulas intercambiables CBD Full Spectrum 700mg y bater\u00eda reutilizable.","robots":{"index":"index","follow":"follow","max-snippet":"max-snippet:-1","max-image-preview":"max-image-preview:large","max-video-preview":"max-video-preview:-1"},"canonical":"https:\/\/iguanasmoke.com\/pl\/product-2\/cbd-vape-i-puff-starter-pack-strawberry-1ml\/","og_locale":"pl_PL","og_type":"article","og_title":"Vape CBD I-Puff Starter Pack - Strawberry 1ml","og_description":"Sistema de c\u00e1psulas Pods CBD de nueva generaci\u00f3n: tecnolog\u00eda CCELL  Terpenos naturales de alta calidad: Strawberry (Fresa)  Nicotina: 0% y THC: 0%  El Starter Pack incluye:       1 x Bater\u00eda recargable USB-C   1 x C\u00e1psula Pod con 700mg CBD Full Spectrum al 70% Strawberry      Consulta el an\u00e1lisis de laboratorio.","og_url":"https:\/\/iguanasmoke.com\/pl\/product-2\/cbd-vape-i-puff-starter-pack-strawberry-1ml\/","og_site_name":"Iguana Smoke","article_publisher":"https:\/\/www.facebook.com\/iguanasmoke","article_modified_time":"2026-02-17T10:15:13+00:00","og_image":[{"width":1000,"height":1000,"url":"https:\/\/iguanasmoke.com\/wp-content\/uploads\/2026\/01\/Bolsa-Starter-pack-Battery-Strawberry-con-pod-2.webp","type":"image\/webp"}],"twitter_card":"summary_large_image","twitter_misc":{"Cena":"21,90&nbsp;&euro;","Dost\u0119pno\u015b\u0107":"Dost\u0119pny"},"schema":{"@context":"https:\/\/schema.org","@graph":[{"@type":"WebPage","@id":"https:\/\/iguanasmoke.com\/producto\/cbd-vape-i-puff-starter-pack-strawberry-1ml\/","url":"https:\/\/iguanasmoke.com\/producto\/cbd-vape-i-puff-starter-pack-strawberry-1ml\/","name":"Vape CBD I-Puff Starter Pack - Strawberry | Iguana Smoke","isPartOf":{"@id":"https:\/\/iguanasmoke.com\/#website"},"primaryImageOfPage":{"@id":"https:\/\/iguanasmoke.com\/producto\/cbd-vape-i-puff-starter-pack-strawberry-1ml\/#primaryimage"},"image":{"@id":"https:\/\/iguanasmoke.com\/producto\/cbd-vape-i-puff-starter-pack-strawberry-1ml\/#primaryimage"},"thumbnailUrl":"https:\/\/iguanasmoke.com\/wp-content\/uploads\/2026\/01\/Bolsa-Starter-pack-Battery-Strawberry-con-pod-2.webp","datePublished":"2026-01-08T18:29:59+00:00","dateModified":"2026-02-17T10:15:13+00:00","description":"Prueba el Vape CBD I-Puff Starter Pack - Strawberry 1ml. Con tecnolog\u00eda CCELL, c\u00e1psulas intercambiables CBD Full Spectrum 700mg y bater\u00eda reutilizable.","breadcrumb":{"@id":"https:\/\/iguanasmoke.com\/producto\/cbd-vape-i-puff-starter-pack-strawberry-1ml\/#breadcrumb"},"inLanguage":"pl-PL","potentialAction":[{"@type":"ReadAction","target":["https:\/\/iguanasmoke.com\/producto\/cbd-vape-i-puff-starter-pack-strawberry-1ml\/"]}]},{"@type":"ImageObject","inLanguage":"pl-PL","@id":"https:\/\/iguanasmoke.com\/producto\/cbd-vape-i-puff-starter-pack-strawberry-1ml\/#primaryimage","url":"https:\/\/iguanasmoke.com\/wp-content\/uploads\/2026\/01\/Bolsa-Starter-pack-Battery-Strawberry-con-pod-2.webp","contentUrl":"https:\/\/iguanasmoke.com\/wp-content\/uploads\/2026\/01\/Bolsa-Starter-pack-Battery-Strawberry-con-pod-2.webp","width":1000,"height":1000,"caption":"CBD Vape I-Puff Strawberry 1ml con sistema de pods reutilizables y tecnolog\u00eda CCELL."},{"@type":"BreadcrumbList","@id":"https:\/\/iguanasmoke.com\/producto\/cbd-vape-i-puff-starter-pack-strawberry-1ml\/#breadcrumb","itemListElement":[{"@type":"ListItem","position":1,"name":"home","item":"https:\/\/iguanasmoke.com\/"},{"@type":"ListItem","position":2,"name":"Tienda","item":"https:\/\/iguanasmoke.com\/tienda\/"},{"@type":"ListItem","position":3,"name":"Vaper CBD","item":"https:\/\/iguanasmoke.com\/categoria\/vaper-cbd\/"},{"@type":"ListItem","position":4,"name":"C\u00e1psulas CBD I-Puff Vape","item":"https:\/\/iguanasmoke.com\/categoria\/vaper-cbd\/capsula-cbd\/"},{"@type":"ListItem","position":5,"name":"Vape CBD I-Puff Starter Pack &#8211; Strawberry 1ml"}]},{"@type":"WebSite","@id":"https:\/\/iguanasmoke.com\/#website","url":"https:\/\/iguanasmoke.com\/","name":"Iguana Smoke","description":"Kup CBD online w najlepszej cenie","publisher":{"@id":"https:\/\/iguanasmoke.com\/#organization"},"potentialAction":[{"@type":"SearchAction","target":{"@type":"EntryPoint","urlTemplate":"https:\/\/iguanasmoke.com\/?s={search_term_string}"},"query-input":{"@type":"PropertyValueSpecification","valueRequired":true,"valueName":"search_term_string"}}],"inLanguage":"pl-PL"},{"@type":"Organization","@id":"https:\/\/iguanasmoke.com\/#organization","name":"Iguana Smoke","url":"https:\/\/iguanasmoke.com\/","logo":{"@type":"ImageObject","inLanguage":"pl-PL","@id":"https:\/\/iguanasmoke.com\/#\/schema\/logo\/image\/","url":"https:\/\/iguanasmoke.com\/wp-content\/uploads\/2025\/01\/logoiguana-favi-1.png","contentUrl":"https:\/\/iguanasmoke.com\/wp-content\/uploads\/2025\/01\/logoiguana-favi-1.png","width":512,"height":512,"caption":"Iguana Smoke"},"image":{"@id":"https:\/\/iguanasmoke.com\/#\/schema\/logo\/image\/"},"sameAs":["https:\/\/www.facebook.com\/iguanasmoke","https:\/\/www.instagram.com\/iguanasmoke\/"]}]},"product_brand":"simple","product_price_amount":"21.90","product_price_currency":"EUR","og_availability":"instock","product_availability":"instock","product_retailer_item_id":"IS-STARTERPOD-STRW1M","product_condition":"new"},"_links":{"self":[{"href":"https:\/\/iguanasmoke.com\/pl\/wp-json\/wp\/v2\/product\/73789","targetHints":{"allow":["GET"]}}],"collection":[{"href":"https:\/\/iguanasmoke.com\/pl\/wp-json\/wp\/v2\/product"}],"about":[{"href":"https:\/\/iguanasmoke.com\/pl\/wp-json\/wp\/v2\/types\/product"}],"replies":[{"embeddable":true,"href":"https:\/\/iguanasmoke.com\/pl\/wp-json\/wp\/v2\/comments?post=73789"}],"wp:featuredmedia":[{"embeddable":true,"href":"https:\/\/iguanasmoke.com\/pl\/wp-json\/wp\/v2\/media\/73701"}],"wp:attachment":[{"href":"https:\/\/iguanasmoke.com\/pl\/wp-json\/wp\/v2\/media?parent=73789"}],"wp:term":[{"taxonomy":"product_brand","embeddable":true,"href":"https:\/\/iguanasmoke.com\/pl\/wp-json\/wp\/v2\/product_brand?post=73789"},{"taxonomy":"product_cat","embeddable":true,"href":"https:\/\/iguanasmoke.com\/pl\/wp-json\/wp\/v2\/product_cat?post=73789"},{"taxonomy":"product_tag","embeddable":true,"href":"https:\/\/iguanasmoke.com\/pl\/wp-json\/wp\/v2\/product_tag?post=73789"}],"curies":[{"name":"wp","href":"https:\/\/api.w.org\/{rel}","templated":true}]}}