{"id":77106,"date":"2026-02-06T14:26:10","date_gmt":"2026-02-06T13:26:10","guid":{"rendered":"https:\/\/iguanasmoke.com\/?post_type=product&#038;p=77106"},"modified":"2026-03-26T09:05:42","modified_gmt":"2026-03-26T08:05:42","slug":"space-hash-piatella-stv-sativanol","status":"publish","type":"product","link":"https:\/\/iguanasmoke.com\/pl\/producto\/space-hash-piatella-stv-sativanol\/","title":{"rendered":"Space Hash Piatella STV (Sativanol)"},"content":{"rendered":"<h1><span style=\"font-weight: 400\">Space Hash Piatella STV 30%: ten sam stary haszysz, ale ulepszony<\/span><\/h1>\n<p><span style=\"font-weight: 400\">W Iguana Smoke lubimy oferowa\u0107 ci to, co najlepsze, i z tego powodu oferujemy ci <strong>Space Hash Piatella STV 30%<\/strong>, kt\u00f3ry jest klejnotem dla tych, kt\u00f3rzy szukaj\u0105 <strong>Haszysz niezawieraj\u0105cy THC. <\/strong><\/span><\/p>\n<p><span style=\"font-weight: 400\">Ten haszysz, jeden z najsilniejszych i najlepszych na rynku, jest teraz dostarczany przez Sativanol. The <strong>Super Sativa<\/strong> zapewnia elastyczn\u0105 tekstur\u0119 i r\u0119cznie wykonane wyko\u0144czenie, dla tych, kt\u00f3rzy szukaj\u0105 czego\u015b innego, nie trac\u0105c przy tym esencji autentycznego haszyszu premium:<\/span><\/p>\n<ul>\n<li>Jest to bezpieczny produkt spe\u0142niaj\u0105cy normy prawne, zawieraj\u0105cy mniej ni\u017c 0,3% THC.<\/li>\n<li>Ponadto nie zawiera \u017cadnych substancji chemicznych ani sztucznych dodatk\u00f3w.<\/li>\n<li>Idealny dla wymagaj\u0105cych konsument\u00f3w i mi\u0142o\u015bnik\u00f3w jedzenia <a href=\"https:\/\/iguanasmoke.com\/pl\/piatella-hash-cbd-haszysz-premium-na-wyciagniecie-reki-kazdego\/\"><strong>Piatella CBD premium<\/strong><\/a>.<\/li>\n<li>Jako\u015b\u0107 testowana przez niezale\u017cne laboratoria.<\/li>\n<\/ul>\n<h2><\/h2>\n<h2><strong>Czym jest STV? <\/strong><\/h2>\n<p><span style=\"font-weight: 400\">Odmiana STV (Super Sativa - Sativanol) to <strong>p\u00f3\u0142syntetyczny kannabinoid<\/strong> kt\u00f3ry pochodzi z konopi. Zosta\u0142 zaprojektowany, aby oferowa\u0107 <strong>dzia\u0142anie pobudzaj\u0105ce, uczucie euforii i momenty jasno\u015bci umys\u0142u<\/strong>, wszystkie wolne od THC, HHC, THCP i analog\u00f3w psychoaktywnych. <\/span><\/p>\n<p><span style=\"font-weight: 400\">Zalet\u0105 tej cz\u0105steczki jest to, \u017ce nie jest znana z budowania tolerancji, co oznacza, \u017ce mo\u017cesz cieszy\u0107 si\u0119 jej efektem przez d\u0142u\u017cszy czas. Mo\u017cesz do\u015bwiadczy\u0107 Space Hash Piatella STV dzi\u0119ki <strong>umiarkowany pocz\u0105tek<\/strong> (10-30 minut) i <strong>czas trwania 3-4 godziny<\/strong>, kt\u00f3ry nie powoduje p\u00f3\u017aniej senno\u015bci.\u00a0<\/span><\/p>\n<p><span style=\"font-weight: 400\">Najlepsz\u0105 rzecz\u0105 jest to, \u017ce STV reprezentuje <strong>nowa era funkcjonalnych kannabinoid\u00f3w<\/strong>, Idealny dla os\u00f3b szukaj\u0105cych wra\u017ce\u0144 <strong>Typ Sativa bez odczuwania negatywnych skutk\u00f3w<\/strong>. Jest po prostu doskona\u0142y.\u00a0\u00a0<\/span><\/p>\n<p>&nbsp;<\/p>\n<p><span style=\"font-weight: 400\">\u00a0<\/span><\/p>\n<h2>Cechy Space Hash Piatella STV 30%:<\/h2>\n<ul>\n<li><b>Wygl\u0105d i tekstura: <span style=\"font-weight: 400\">wyr\u00f3\u017cnia si\u0119 wizualnie ze wzgl\u0119du na <strong>plastyczna tekstura<\/strong> kt\u00f3ry \u0142atwo si\u0119 topi, zach\u0119caj\u0105c do dozna\u0144 dotykowych r\u00f3wnie przyjemnych, jak jego dzia\u0142anie. Ten haszysz CBD jest wytwarzany przy u\u017cyciu <strong>Siatki o wysokiej precyzji<\/strong> aby oddzieli\u0107<strong> gruczo\u0142y \u017cywiczne materia\u0142u ro\u015blinnego<\/strong>, osi\u0105gaj\u0105c w ten spos\u00f3b doskona\u0142o\u015b\u0107. Jego c<strong>zapach jest czysty jak mi\u00f3d<\/strong>, wejdzie w ciebie przez oczy.\u00a0<\/span><\/b><\/li>\n<li><span style=\"font-size: 16px;font-weight: 400\"><strong>Aromat i smak:<\/strong> intensywny, z bogatym profilem terpenoidowym, kt\u00f3ry \u0142\u0105czy w sobie <strong>ziemiste, s\u0142odkie i pikantne nuty<\/strong>. \u00a0<\/span><\/li>\n<li><strong>Pochodzenie i czysto\u015b\u0107:<\/strong> <span style=\"font-size: 16px;font-weight: 400\">Ta \u017cywica pochodzi z wiarygodnych \u017ar\u00f3de\u0142, kt\u00f3re gwarantuj\u0105, \u017ce<strong> Czysto\u015b\u0107 i jako\u015b\u0107<\/strong>. W przeciwie\u0144stwie do innych produkt\u00f3w, haszysz ten zachowuje wszystkie swoje <strong>naturalne terpeny<\/strong>, Gwarantuje to wyj\u0105tkowe doznania zapachowe i smakowe.<\/span><span style=\"font-size: 16px;font-weight: 400\">, kluczowe dla os\u00f3b poszukuj\u0105cych <strong>Tanie CBD<\/strong> ale nie chc\u0105 nara\u017ca\u0107 na szwank jako\u015bci <strong>Piatella hashish STV 30%<\/strong>.<\/span><\/li>\n<\/ul>\n<p>&nbsp;<\/p>\n<h3><b>Dlaczego warto kupi\u0107 Space Hash Piatella STV w Iguana Smoke?<\/b><\/h3>\n<p><span style=\"font-weight: 400\">W Iguana Smoke stawiamy na jako\u015b\u0107. Nasze produkty STV (Sativanol) \u0142\u0105cz\u0105 w sobie dwa \u015bwiaty: naturalne konopie 100% i najbardziej innowacyjne kannabinoidy, oferuj\u0105c bezpieczn\u0105, legaln\u0105 alternatyw\u0119 bez efekt\u00f3w psychoaktywnych. <\/span><strong>Space Hash Piatella STV <\/strong>naprawd\u0119 wyr\u00f3\u017cnia si\u0119 w \u015bwiecie kannabinoid\u00f3w.<\/p>\n<p><span style=\"font-weight: 400\">Zapewniamy, \u017ce jak wiesz, ka\u017cda jednostka naszego haszu STV sk\u0142ada si\u0119 z<strong> surowce organiczne<\/strong> i jest poddawany <strong>kontrole laboratoryjne<\/strong>, gdzie gwarantowana jest czysto\u015b\u0107 i bezpiecze\u0144stwo<\/span>.<span style=\"font-weight: 400\"> Pami\u0119taj, \u017ce Iguana Smoke to twoje bezpieczne miejsce. <strong>gdzie kupi\u0107 haszysz CBD i STV w Hiszpanii: <\/strong>Produkty zatwierdzone przez UE, zawieraj\u0105ce mniej ni\u017c 0,3 % THC, zapewniaj\u0105 autentyczne i legalne doznania.\u00a0<\/span><\/p>\n<p><span style=\"font-weight: 400\">Mo\u017cesz zapozna\u0107 si\u0119 z analiz\u0105 jako\u015bci tego skr\u00f3tu <a href=\"https:\/\/iguanasmoke.com\/pl\/analityka\/\">tutaj<\/a>.\u00a0<\/span><\/p>\n<p><span style=\"font-weight: 400\">Co wi\u0119cej, je\u015bli lubisz nasze bardziej tradycyjne \u017cywice CBD, takie jak <a href=\"https:\/\/iguanasmoke.com\/pl\/product-2\/space-hash-moroccan-stv-sativanol\/\"><strong>Space Hash Moroccan STV<\/strong><\/a>\u00a0ty <\/span><span style=\"font-weight: 400\">zapewniamy, \u017ce <strong>Space Hash Piatella STV<\/strong> oczy\u015bci Twoje zmys\u0142y. Nie zapomnij r\u00f3wnie\u017c wypr\u00f3bowa\u0107 innych produkt\u00f3w TOP, takich jak <a href=\"https:\/\/iguanasmoke.com\/pl\/product-2\/flor-gelato-stv-20\/\">Flowers STV 20%<\/a> i <a href=\"https:\/\/iguanasmoke.com\/pl\/space-vape-stv-rewolucyjny-vaper\/\">Space Vapes STV<\/a>. <\/span><\/p>\n<p><span style=\"font-weight: 400\">Kr\u00f3tko m\u00f3wi\u0105c, poznaj nasz\u0105 r\u00f3\u017cnorodno\u015b\u0107 i znajd\u017a swoje ulubione ju\u017c teraz.\u00a0<\/span><\/p>\n<p>&nbsp;<\/p>\n<h3><b>Iguana Smoke to synonim jako\u015bci i niezawodno\u015bci.<\/b><\/h3>\n<p><span style=\"font-weight: 400\">W Iguana Smoke wierzymy, \u017ce korzystanie z STV powinno by\u0107 bezpiecznym i przyjemnym do\u015bwiadczeniem. Dlatego oferujemy produkty wysokiej jako\u015bci, kt\u00f3re \u0142\u0105cz\u0105 si\u0119 z nowymi pokoleniami: lud\u017ami, kt\u00f3rzy szukaj\u0105 dobrego samopoczucia bez komplikacji, z autentycznymi i niezawodnymi markami. Pami\u0119taj, \u017ce wszystkie nasze produkty to haszysz<strong>\u00a0Nie zawiera THC, HHC i THCP<\/strong>, takich jak <strong>Space Hash Piatella STV <\/strong>kt\u00f3re zamierzasz zabra\u0107 do domu.<\/span><\/p>\n<p>Nasza misja jest jasna: dostarcza\u0107 najlepsze kannabinoidy w uczciwej cenie, ze spokojem wynikaj\u0105cym ze \u015bwiadomo\u015bci, \u017ce wybierasz certyfikowany, skuteczny i legalny produkt 100%. Jeste\u015bmy w czo\u0142\u00f3wce produkt\u00f3w CBD.<\/p>\n<p>Nadal masz w\u0105tpliwo\u015bci? Napisz do nas, a z przyjemno\u015bci\u0105 pomo\u017cemy Ci znale\u017a\u0107 odpowiedni produkt.<\/p>\n<p>&nbsp;<\/p>\n<p>*<em><span style=\"font-weight: 400\">Pami\u0119taj: zgodnie z hiszpa\u0144skim prawem jest on przeznaczony do cel\u00f3w kolekcjonerskich lub aromaterapeutycznych.\u00a0<\/span><\/em><\/p>","protected":false},"excerpt":{"rendered":"<p><span style=\"font-weight: 400\">\u00a0Wypr\u00f3buj <strong>Space Hash Piatella STV<\/strong> 30%, wzbogacony o STV (Sativanol), zapewnia klarowno\u015b\u0107 i lekk\u0105 eufori\u0119:<\/span><\/p>\n<ul>\n<li><strong>STV<\/strong>30%, gwarantuj\u0105c wysok\u0105 intensywno\u015b\u0107.<\/li>\n<li><strong style=\"font-size: 16px;font-style: normal\">Kolor jasny blond<\/strong><\/li>\n<li><strong>Aromat <\/strong>z pikantnym akcentem przypominaj\u0105cym tradycyjne \u017cywice.<\/li>\n<li>100% legalne w Europie - mniej ni\u017c 0,3% THC.<\/li>\n<\/ul>\n<p>Analiza jako\u015bci: kliknij\u00a0<a href=\"https:\/\/iguanasmoke.com\/pl\/analityka\/\" target=\"_blank\" rel=\"noopener\">tutaj<\/a><\/p>","protected":false},"featured_media":77110,"comment_status":"open","ping_status":"closed","template":"","meta":{"_acf_changed":false,"site-sidebar-layout":"default","site-content-layout":"","ast-site-content-layout":"default","site-content-style":"default","site-sidebar-style":"default","ast-global-header-display":"","ast-banner-title-visibility":"","ast-main-header-display":"","ast-hfb-above-header-display":"","ast-hfb-below-header-display":"","ast-hfb-mobile-header-display":"","site-post-title":"","ast-breadcrumbs-content":"","ast-featured-img":"","footer-sml-layout":"","theme-transparent-header-meta":"default","adv-header-id-meta":"","stick-header-meta":"","header-above-stick-meta":"","header-main-stick-meta":"","header-below-stick-meta":"","astra-migrate-meta-layouts":"set","ast-page-background-enabled":"default","ast-page-background-meta":{"desktop":{"background-color":"var(--ast-global-color-4)","background-image":"","background-repeat":"repeat","background-position":"center center","background-size":"auto","background-attachment":"scroll","background-type":"","background-media":"","overlay-type":"","overlay-color":"","overlay-opacity":"","overlay-gradient":""},"tablet":{"background-color":"","background-image":"","background-repeat":"repeat","background-position":"center center","background-size":"auto","background-attachment":"scroll","background-type":"","background-media":"","overlay-type":"","overlay-color":"","overlay-opacity":"","overlay-gradient":""},"mobile":{"background-color":"","background-image":"","background-repeat":"repeat","background-position":"center center","background-size":"auto","background-attachment":"scroll","background-type":"","background-media":"","overlay-type":"","overlay-color":"","overlay-opacity":"","overlay-gradient":""}},"ast-content-background-meta":{"desktop":{"background-color":"var(--ast-global-color-5)","background-image":"","background-repeat":"repeat","background-position":"center center","background-size":"auto","background-attachment":"scroll","background-type":"","background-media":"","overlay-type":"","overlay-color":"","overlay-opacity":"","overlay-gradient":""},"tablet":{"background-color":"var(--ast-global-color-5)","background-image":"","background-repeat":"repeat","background-position":"center center","background-size":"auto","background-attachment":"scroll","background-type":"","background-media":"","overlay-type":"","overlay-color":"","overlay-opacity":"","overlay-gradient":""},"mobile":{"background-color":"var(--ast-global-color-5)","background-image":"","background-repeat":"repeat","background-position":"center center","background-size":"auto","background-attachment":"scroll","background-type":"","background-media":"","overlay-type":"","overlay-color":"","overlay-opacity":"","overlay-gradient":""}}},"product_brand":[],"product_cat":[397,628,549],"product_tag":[],"class_list":{"0":"post-77106","1":"product","2":"type-product","3":"status-publish","4":"has-post-thumbnail","6":"product_cat-hash-cbd","7":"product_cat-nuevas-moleculas","8":"product_cat-sativanol","9":"desktop-align-center","10":"tablet-align-center","11":"mobile-align-center","13":"first","14":"instock","15":"taxable","16":"shipping-taxable","17":"purchasable","18":"product-type-variable"},"acf":[],"yoast_head":"<!-- This site is optimized with the Yoast SEO Premium plugin v27.3 (Yoast SEO v27.3) - https:\/\/yoast.com\/product\/yoast-seo-premium-wordpress\/ -->\n<title>Space Hash Piatella STV: hach\u00eds sin THC | Iguana Smoke<\/title>\n<meta name=\"description\" content=\"Experimenta la calidad del Space Hash Piatella STV de Iguana Smoke. Es un producto premium perfecto para quienes buscan lo mejor. \u00a1Adquiere el tuyo!\" \/>\n<meta name=\"robots\" content=\"index, follow, max-snippet:-1, max-image-preview:large, max-video-preview:-1\" \/>\n<link rel=\"canonical\" href=\"https:\/\/iguanasmoke.com\/pl\/product-2\/space-hash-piatella-stv-sativanol\/\" \/>\n<meta property=\"og:locale\" content=\"pl_PL\" \/>\n<meta property=\"og:type\" content=\"article\" \/>\n<meta property=\"og:title\" content=\"Space Hash Piatella STV (Sativanol)\" \/>\n<meta property=\"og:description\" content=\"\u00a0Prueba el Space Hash Piatella STV 30%, enriquecido con STV(Sativanol), aporta claridad y euforia ligera:   STV: 30%, garantizando una alta intensidad.  Color rubio claro  Aroma con un toque especiado que recuerda a las resinas tradicionales.  100% legal en Europa - menos del 0,3% THC.  An\u00e1lisis de calidad: pincha\u00a0aqu\u00ed\" \/>\n<meta property=\"og:url\" content=\"https:\/\/iguanasmoke.com\/pl\/product-2\/space-hash-piatella-stv-sativanol\/\" \/>\n<meta property=\"og:site_name\" content=\"Iguana Smoke\" \/>\n<meta property=\"article:publisher\" content=\"https:\/\/www.facebook.com\/iguanasmoke\" \/>\n<meta property=\"article:modified_time\" content=\"2026-03-26T08:05:42+00:00\" \/>\n<meta property=\"og:image\" content=\"https:\/\/iguanasmoke.com\/wp-content\/uploads\/2026\/02\/Space-Hash-Piatella-2g-con-resina.webp\" \/>\n\t<meta property=\"og:image:width\" content=\"1000\" \/>\n\t<meta property=\"og:image:height\" content=\"1000\" \/>\n\t<meta property=\"og:image:type\" content=\"image\/webp\" \/>\n<meta name=\"twitter:card\" content=\"summary_large_image\" \/>\n<meta name=\"twitter:label1\" content=\"Dost\u0119pno\u015b\u0107\" \/>\n\t<meta name=\"twitter:data1\" content=\"Dost\u0119pny\" \/>\n<meta property=\"product:brand\" content=\"variable\" \/>\n<meta property=\"og:availability\" content=\"instock\" \/>\n<meta property=\"product:availability\" content=\"instock\" \/>\n<meta property=\"product:condition\" content=\"new\" \/>\n<!-- \/ Yoast SEO Premium plugin. -->","yoast_head_json":{"title":"Space Hash Piatella STV: haszysz bez THC : Iguana Smoke","description":"Do\u015bwiadcz jako\u015bci Space Hash Piatella STV od Iguana Smoke. To produkt premium idealny dla tych, kt\u00f3rzy szukaj\u0105 tego, co najlepsze - zdob\u0105d\u017a sw\u00f3j!","robots":{"index":"index","follow":"follow","max-snippet":"max-snippet:-1","max-image-preview":"max-image-preview:large","max-video-preview":"max-video-preview:-1"},"canonical":"https:\/\/iguanasmoke.com\/pl\/product-2\/space-hash-piatella-stv-sativanol\/","og_locale":"pl_PL","og_type":"article","og_title":"Space Hash Piatella STV (Sativanol)","og_description":"\u00a0Prueba el Space Hash Piatella STV 30%, enriquecido con STV(Sativanol), aporta claridad y euforia ligera:   STV: 30%, garantizando una alta intensidad.  Color rubio claro  Aroma con un toque especiado que recuerda a las resinas tradicionales.  100% legal en Europa - menos del 0,3% THC.  An\u00e1lisis de calidad: pincha\u00a0aqu\u00ed","og_url":"https:\/\/iguanasmoke.com\/pl\/product-2\/space-hash-piatella-stv-sativanol\/","og_site_name":"Iguana Smoke","article_publisher":"https:\/\/www.facebook.com\/iguanasmoke","article_modified_time":"2026-03-26T08:05:42+00:00","og_image":[{"width":1000,"height":1000,"url":"https:\/\/iguanasmoke.com\/wp-content\/uploads\/2026\/02\/Space-Hash-Piatella-2g-con-resina.webp","type":"image\/webp"}],"twitter_card":"summary_large_image","twitter_misc":{"Dost\u0119pno\u015b\u0107":"Dost\u0119pny"},"schema":{"@context":"https:\/\/schema.org","@graph":[{"@type":"WebPage","@id":"https:\/\/iguanasmoke.com\/producto\/space-hash-piatella-stv-sativanol\/","url":"https:\/\/iguanasmoke.com\/producto\/space-hash-piatella-stv-sativanol\/","name":"Space Hash Piatella STV: haszysz bez THC : Iguana Smoke","isPartOf":{"@id":"https:\/\/iguanasmoke.com\/#website"},"primaryImageOfPage":{"@id":"https:\/\/iguanasmoke.com\/producto\/space-hash-piatella-stv-sativanol\/#primaryimage"},"image":{"@id":"https:\/\/iguanasmoke.com\/producto\/space-hash-piatella-stv-sativanol\/#primaryimage"},"thumbnailUrl":"https:\/\/iguanasmoke.com\/wp-content\/uploads\/2026\/02\/Space-Hash-Piatella-2g-con-resina.webp","datePublished":"2026-02-06T13:26:10+00:00","dateModified":"2026-03-26T08:05:42+00:00","description":"Do\u015bwiadcz jako\u015bci Space Hash Piatella STV od Iguana Smoke. To produkt premium idealny dla tych, kt\u00f3rzy szukaj\u0105 tego, co najlepsze - zdob\u0105d\u017a sw\u00f3j!","breadcrumb":{"@id":"https:\/\/iguanasmoke.com\/producto\/space-hash-piatella-stv-sativanol\/#breadcrumb"},"inLanguage":"pl-PL","potentialAction":[{"@type":"ReadAction","target":["https:\/\/iguanasmoke.com\/producto\/space-hash-piatella-stv-sativanol\/"]}]},{"@type":"ImageObject","inLanguage":"pl-PL","@id":"https:\/\/iguanasmoke.com\/producto\/space-hash-piatella-stv-sativanol\/#primaryimage","url":"https:\/\/iguanasmoke.com\/wp-content\/uploads\/2026\/02\/Space-Hash-Piatella-2g-con-resina.webp","contentUrl":"https:\/\/iguanasmoke.com\/wp-content\/uploads\/2026\/02\/Space-Hash-Piatella-2g-con-resina.webp","width":1000,"height":1000,"caption":"Space Hash Piatella STV 2 g con bote nueva pegatina"},{"@type":"BreadcrumbList","@id":"https:\/\/iguanasmoke.com\/producto\/space-hash-piatella-stv-sativanol\/#breadcrumb","itemListElement":[{"@type":"ListItem","position":1,"name":"home","item":"https:\/\/iguanasmoke.com\/"},{"@type":"ListItem","position":2,"name":"Tienda","item":"https:\/\/iguanasmoke.com\/tienda\/"},{"@type":"ListItem","position":3,"name":"Nuevas Mol\u00e9culas","item":"https:\/\/iguanasmoke.com\/categoria\/nuevas-moleculas\/"},{"@type":"ListItem","position":4,"name":"Space Hash Piatella STV (Sativanol)"}]},{"@type":"WebSite","@id":"https:\/\/iguanasmoke.com\/#website","url":"https:\/\/iguanasmoke.com\/","name":"Iguana Smoke","description":"Kup CBD online w najlepszej cenie","publisher":{"@id":"https:\/\/iguanasmoke.com\/#organization"},"potentialAction":[{"@type":"SearchAction","target":{"@type":"EntryPoint","urlTemplate":"https:\/\/iguanasmoke.com\/?s={search_term_string}"},"query-input":{"@type":"PropertyValueSpecification","valueRequired":true,"valueName":"search_term_string"}}],"inLanguage":"pl-PL"},{"@type":"Organization","@id":"https:\/\/iguanasmoke.com\/#organization","name":"Iguana Smoke","url":"https:\/\/iguanasmoke.com\/","logo":{"@type":"ImageObject","inLanguage":"pl-PL","@id":"https:\/\/iguanasmoke.com\/#\/schema\/logo\/image\/","url":"https:\/\/iguanasmoke.com\/wp-content\/uploads\/2025\/01\/logoiguana-favi-1.png","contentUrl":"https:\/\/iguanasmoke.com\/wp-content\/uploads\/2025\/01\/logoiguana-favi-1.png","width":512,"height":512,"caption":"Iguana Smoke"},"image":{"@id":"https:\/\/iguanasmoke.com\/#\/schema\/logo\/image\/"},"sameAs":["https:\/\/www.facebook.com\/iguanasmoke","https:\/\/www.instagram.com\/iguanasmoke\/"]}]},"product_brand":"variable","og_availability":"instock","product_availability":"instock","product_condition":"new"},"_links":{"self":[{"href":"https:\/\/iguanasmoke.com\/pl\/wp-json\/wp\/v2\/product\/77106","targetHints":{"allow":["GET"]}}],"collection":[{"href":"https:\/\/iguanasmoke.com\/pl\/wp-json\/wp\/v2\/product"}],"about":[{"href":"https:\/\/iguanasmoke.com\/pl\/wp-json\/wp\/v2\/types\/product"}],"replies":[{"embeddable":true,"href":"https:\/\/iguanasmoke.com\/pl\/wp-json\/wp\/v2\/comments?post=77106"}],"wp:featuredmedia":[{"embeddable":true,"href":"https:\/\/iguanasmoke.com\/pl\/wp-json\/wp\/v2\/media\/77110"}],"wp:attachment":[{"href":"https:\/\/iguanasmoke.com\/pl\/wp-json\/wp\/v2\/media?parent=77106"}],"wp:term":[{"taxonomy":"product_brand","embeddable":true,"href":"https:\/\/iguanasmoke.com\/pl\/wp-json\/wp\/v2\/product_brand?post=77106"},{"taxonomy":"product_cat","embeddable":true,"href":"https:\/\/iguanasmoke.com\/pl\/wp-json\/wp\/v2\/product_cat?post=77106"},{"taxonomy":"product_tag","embeddable":true,"href":"https:\/\/iguanasmoke.com\/pl\/wp-json\/wp\/v2\/product_tag?post=77106"}],"curies":[{"name":"wp","href":"https:\/\/api.w.org\/{rel}","templated":true}]}}