{"id":82200,"date":"2026-03-24T11:47:13","date_gmt":"2026-03-24T10:47:13","guid":{"rendered":"https:\/\/iguanasmoke.com\/?post_type=product&#038;p=82200"},"modified":"2026-03-24T13:51:14","modified_gmt":"2026-03-24T12:51:14","slug":"space-pre-roll-stv-cono-king-size","status":"publish","type":"product","link":"https:\/\/iguanasmoke.com\/pl\/producto\/space-pre-roll-stv-cono-king-size\/","title":{"rendered":"Space Cono King Size STV"},"content":{"rendered":"<h1><span style=\"font-weight: 400;\">Space Cono King Size STV<\/span><\/h1>\n<p data-start=\"277\" data-end=\"346\"><span style=\"font-weight: 400;\">Odkryj teraz nowe <strong>Przestrze\u0144<\/strong> <strong>P<\/strong><\/span><span style=\"font-weight: 400;\"><strong>Ponowne zwini\u0119cie STV: <\/strong>z doskona\u0142\u0105 jako\u015bci\u0105 premium kwiatu i Sativanolu. <strong>King Size STV<\/strong> jest to wersja wzbogacona o cz\u0105steczk\u0119 STV, kt\u00f3ra w\u0142a\u015bnie trafi\u0142a do Iguana Smoke. Idealnie skr\u0119cona, zmielona i przefiltrowana, aby cieszy\u0107 si\u0119 ni\u0105 bez \u017cadnych komplikacji: otw\u00f3rz, zapal i zrelaksuj si\u0119. <\/span><\/p>\n<p data-start=\"277\" data-end=\"346\"><span style=\"font-weight: 400;\">Ten wst\u0119pnie licencjonowany sto\u017cek zawiera <strong>1,5 g kwiat\u00f3w CBD<\/strong>\u00a0uprawiane ekologicznie i <strong>\u017cadnych resztek, okrawk\u00f3w ani mieszanek<\/strong>. Tylko <strong>gotowy kwiat premium<\/strong> zaoferowa\u0107 <strong>Mi\u0119kkie, naturalne i bardzo ch\u0142odne do\u015bwiadczenie<\/strong>.<\/span><\/p>\n<p data-start=\"277\" data-end=\"346\">Kr\u00f3tko m\u00f3wi\u0105c: Czysty, stabilny \u201cjoint STV\u201d z w\u0142asn\u0105 osobowo\u015bci\u0105, dla tych, kt\u00f3rzy chc\u0105 czego\u015b mocniejszego ni\u017c konwencjonalne CBD. <span style=\"font-weight: 400;\">Odkryj wi\u0119cej format\u00f3w dla <a href=\"https:\/\/iguanasmoke.com\/pl\/kategoria\/flores\/kwiaty-cbd-2\/\"><strong>kupi\u0107 kwiaty CBD<\/strong><\/a>, gdzie odkryjesz nasz szeroki wyb\u00f3r wysokiej jako\u015bci kwiat\u00f3w CBD.<\/span><\/p>\n<h2><strong>Papierosy Space Pre Rolls STV najwy\u017cszej jako\u015bci<\/strong><\/h2>\n<p><span style=\"font-weight: 400;\">Nasz <strong>Cono King Size STV <\/strong>jest zaanga\u017cowany w <strong>ekologiczny papier surowy<\/strong>, wolne od chemikali\u00f3w, dodatk\u00f3w i barwnik\u00f3w. Wewn\u0105trz znajduj\u0105 si\u0119 wyselekcjonowane kwiaty z <strong>15% CBD<\/strong> i mniej ni\u017c <strong>0,3% THC<\/strong>. Tak wi\u0119c 100% s\u0105 legalne w Hiszpanii i Europie.<\/span><\/p>\n<p><span style=\"font-weight: 400;\">Ten format XL jest idealny dla tych, kt\u00f3rzy chc\u0105 <strong>kupi\u0107 kwiaty CBD<\/strong> ju\u017c wst\u0119pnie zwini\u0119te bez po\u015bwi\u0119cania aromatu, mocy i jako\u015bci dobrego kwiatu. To nie jest zwyk\u0142y Pre Roll, to jest <strong>jako\u015b\u0107 premium<\/strong>, Zaprojektowany dla tych, kt\u00f3rzy szukaj\u0105 komfortu bez utraty intensywno\u015bci.\u00a0<\/span><\/p>\n<p>&nbsp;<\/p>\n<p>&nbsp;<\/p>\n<h2><strong>Czym jest STV? <\/strong><\/h2>\n<p><span style=\"font-weight: 400;\">Odmiana STV (Super Sativa - Sativanol) to <strong>p\u00f3\u0142syntetyczny kannabinoid<\/strong> kt\u00f3ry pochodzi z konopi. Zosta\u0142 zaprojektowany, aby oferowa\u0107 <strong>dzia\u0142anie pobudzaj\u0105ce, uczucie euforii i momenty jasno\u015bci umys\u0142u<\/strong>, wszystkie wolne od THC, HHC, THCP i analog\u00f3w psychoaktywnych. <\/span><\/p>\n<p><span style=\"font-weight: 400;\">Dobre w tej cz\u0105steczce jest to, \u017ce nie powoduje ona tolerancji, co oznacza, \u017ce mo\u017cesz cieszy\u0107 si\u0119 jej dzia\u0142aniem d\u0142u\u017cej. Ponadto, l<\/span><span style=\"font-weight: 400;\">a najlepiej, \u017ce STV reprezentuje <strong>nowa era funkcjonalnych kannabinoid\u00f3w<\/strong>, Idealny dla os\u00f3b szukaj\u0105cych wra\u017ce\u0144 <strong>Typ Sativa bez odczuwania negatywnych skutk\u00f3w<\/strong>. Jest po prostu doskona\u0142y.<\/span><\/p>\n<p>&nbsp;<\/p>\n<h2 data-start=\"1495\" data-end=\"1540\">Cechy sto\u017ck\u00f3w King Size STV:<\/h2>\n<ul>\n<li><span style=\"font-weight: 400;\"><strong>1,5g<\/strong>\u00a0prawdziwego kwiatu <strong>CBD<\/strong><\/span><\/li>\n<li>Mieszanka aromatyczna z Sativanolem<\/li>\n<li><span style=\"font-weight: 400;\"><strong>CBD<\/strong> na <strong>15%<\/strong> y <strong>THC &lt;0,3%<\/strong> -Legalny produkt bez efekt\u00f3w psychoaktywnych <\/span><\/li>\n<li><span style=\"font-weight: 400;\"><strong>Surowe papiery<\/strong> organiczne i wolne od chemikali\u00f3w <\/span><\/li>\n<li><span style=\"font-weight: 400;\"><strong>Dominuj\u0105ca Sativa<\/strong>, o s\u0142odkim i intensywnym aromacie <\/span><\/li>\n<li><span style=\"font-weight: 400;\"><strong>Rolnictwo ekologiczne<\/strong>, wolne od pestycyd\u00f3w i GMO<\/span><\/li>\n<li><span style=\"font-weight: 400;\">Gotowy do u\u017cycia z <strong>stabilne spalanie<\/strong><\/span><\/li>\n<\/ul>\n<p>&nbsp;<\/p>\n<h2><b>Gdzie kupi\u0107 online swoje Space Pre Roll STV<\/b><b>?<\/b><\/h2>\n<p><span style=\"font-weight: 400;\">Oczywi\u015bcie w <strong>Iguana Smoke. <\/strong>Naszym priorytetem jest jako\u015b\u0107 i przejrzysto\u015b\u0107 ka\u017cdego produktu. Nasze rolki Pre Roll s\u0105 wykonane z autentycznych <strong>kwiaty konopi<\/strong>. S\u0105 one starannie wyselekcjonowane i <strong>uk\u0105szenia<\/strong> aby zachowa\u0107 wszystkie swoje <strong>aromat, moc i naturalne w\u0142a\u015bciwo\u015bci<\/strong>.<\/span><\/p>\n<p><span style=\"font-weight: 400;\">To jest bezpieczne miejsce do <strong>Kupi\u0107 wst\u0119pnie nawini\u0119te STV online w Hiszpanii.<\/strong> Wszystkie nasze produkty s\u0105 zatwierdzone przez UE, co gwarantuje ich legalno\u015b\u0107 i bezpiecze\u0144stwo. Ponadto, je\u015bli chcesz, mo\u017cesz skonsultowa\u0107 si\u0119 z<\/span><strong> <a href=\"https:\/\/iguanasmoke.com\/pl\/analityka\/\">analiza laboratoryjna.<\/a>\u00a0<\/strong><\/p>\n<p><span style=\"font-weight: 400;\">Nie zapomnij uzupe\u0142ni\u0107 swojego do\u015bwiadczenia o <a href=\"https:\/\/iguanasmoke.com\/pl\/product-2\/uchwyt-rolki-wstepnej\/\"><strong>Uchwyt na rolk\u0119 Iguana Smoke<\/strong><\/a> i przetestowa\u0107 <strong><a href=\"https:\/\/iguanasmoke.com\/pl\/product-2\/kup-cbd-flowers-pack-pre-roll-cbd\/\">Pre Roll CBD Pack<\/a><\/strong>. Je\u015bli lubisz kwiaty CBD, odkryj <\/span><span style=\"font-weight: 400;\">inne <strong>TOP produkty<\/strong> jako <a href=\"https:\/\/iguanasmoke.com\/pl\/kategoria\/kwiaty-stv\/\"><strong>Flowers STV<\/strong><\/a> tak<\/span><span style=\"font-weight: 400;\">Odkryj nasz\u0105 r\u00f3\u017cnorodno\u015b\u0107 <strong><a href=\"https:\/\/iguanasmoke.com\/pl\/kategoria\/ekstrakty-cbd\/\">Ekstrakty CBD<\/a><\/strong> y <strong><a href=\"https:\/\/iguanasmoke.com\/pl\/kategoria\/hash-cbd\/\">\u017bywice CBD<\/a><\/strong> i halucynacje.\u00a0<\/span><\/p>\n<p>Szybka dostawa, dok\u0142adna uwaga i sklep z dyskretnym i bezpiecznym opakowaniem, kt\u00f3ry idzie naprz\u00f3d, tylko po to, aby\u015b m\u00f3g\u0142 si\u0119 cieszy\u0107!<\/p>\n<p>&nbsp;<\/p>\n<h3><b>Iguana Smoke to Tw\u00f3j internetowy sklep z CBD\u00a0<\/b><\/h3>\n<p><span style=\"font-weight: 400;\">Przy<strong> Iguana Smoke<\/strong>, Wierzymy, \u017ce korzystanie z CBD powinno by\u0107 bezpiecznym i przyjemnym do\u015bwiadczeniem. W\u0142a\u015bnie dlatego oferujemy produkty takie jak ten <em>Pre Roll STV- Cono King Size<\/em> wysokiej jako\u015bci, \u0142\u0105cz\u0105cy si\u0119 z nowymi pokoleniami: lud\u017ami poszukuj\u0105cymi dobrostanu bez komplikacji, z autentycznymi i godnymi zaufania markami. Oto Tw\u00f3j Pre Roll STV: nie musisz ju\u017c nic kruszy\u0107, zawija\u0107 ani si\u0119 w to zag\u0142\u0119bia\u0107.\u00a0<\/span><\/p>\n<p>Nasza misja jest jasna: dostarcza\u0107 najlepsze kannabinoidy w uczciwej cenie. Ponadto dajemy ci spok\u00f3j ducha, wiedz\u0105c, \u017ce wybierasz certyfikowany, skuteczny i legalny produkt 100%. Tw\u00f3j czas relaksu zaczyna si\u0119 z nami.<\/p>\n<p>Nadal masz w\u0105tpliwo\u015bci? Napisz do nas, a z przyjemno\u015bci\u0105 pomo\u017cemy Ci znale\u017a\u0107 odpowiedni produkt.<\/p>\n<p>&nbsp;<\/p>\n<p><em><span style=\"font-weight: 400;\">*Uwaga: zgodnie z hiszpa\u0144skim prawem jest on przeznaczony do zbierania lub aromaterapii. <\/span><\/em><\/p>\n<p><em><span style=\"font-weight: 400;\">**Wszystkie nasze produkty pochodz\u0105 z certyfikowanych konopi przemys\u0142owych. Zawieraj\u0105 mniej ni\u017c 0,3 THC i nie zawieraj\u0105 nielegalnych kannabinoid\u00f3w, takich jak HHC, HHC-P, THCP, THCP-O, H4CBD i tych zawartych w za\u0142\u0105czniku I do dekretu kr\u00f3lewskiego 2829\/1977, ani substancji kontrolowanych przez konwencje mi\u0119dzynarodowe.\u00a0\u00a0<\/span><\/em><\/p>","protected":false},"excerpt":{"rendered":"<p>Jego format XL \u0142\u0105czy w sobie silne legalne 10-OH i wysokiej jako\u015bci kwiaty CBD, gotowe do u\u017cycia:<\/p>\n<ul>\n<li>Nie u\u017cywamy ozd\u00f3b, tylko najwy\u017cszej jako\u015bci kwiat\u00f3w.<\/li>\n<li>Doprawione cz\u0105steczk\u0105 STV<\/li>\n<li style=\"text-align: justify;\">Przybli\u017cona ilo\u015b\u0107 kwiat\u00f3w: 1,5 grama<\/li>\n<li style=\"text-align: justify;\">CBD: 15% \/ THC: &lt;0,3%<\/li>\n<li style=\"text-align: justify;\">100% legalny w Europie<\/li>\n<\/ul>\n<p>Analiza jako\u015bci <a href=\"https:\/\/iguanasmoke.com\/pl\/analityka\/\" target=\"_blank\" rel=\"noopener\">tutaj<\/a><\/p>","protected":false},"featured_media":82218,"comment_status":"open","ping_status":"closed","template":"","meta":{"_acf_changed":false,"site-sidebar-layout":"default","site-content-layout":"default","ast-site-content-layout":"default","site-content-style":"default","site-sidebar-style":"default","ast-global-header-display":"","ast-banner-title-visibility":"","ast-main-header-display":"","ast-hfb-above-header-display":"","ast-hfb-below-header-display":"","ast-hfb-mobile-header-display":"","site-post-title":"","ast-breadcrumbs-content":"","ast-featured-img":"","footer-sml-layout":"","theme-transparent-header-meta":"default","adv-header-id-meta":"","stick-header-meta":"","header-above-stick-meta":"","header-main-stick-meta":"","header-below-stick-meta":"","astra-migrate-meta-layouts":"set","ast-page-background-enabled":"default","ast-page-background-meta":{"desktop":{"background-color":"var(--ast-global-color-4)","background-image":"","background-repeat":"repeat","background-position":"center center","background-size":"auto","background-attachment":"scroll","background-type":"","background-media":"","overlay-type":"","overlay-color":"","overlay-opacity":"","overlay-gradient":""},"tablet":{"background-color":"","background-image":"","background-repeat":"repeat","background-position":"center center","background-size":"auto","background-attachment":"scroll","background-type":"","background-media":"","overlay-type":"","overlay-color":"","overlay-opacity":"","overlay-gradient":""},"mobile":{"background-color":"","background-image":"","background-repeat":"repeat","background-position":"center center","background-size":"auto","background-attachment":"scroll","background-type":"","background-media":"","overlay-type":"","overlay-color":"","overlay-opacity":"","overlay-gradient":""}},"ast-content-background-meta":{"desktop":{"background-color":"var(--ast-global-color-5)","background-image":"","background-repeat":"repeat","background-position":"center center","background-size":"auto","background-attachment":"scroll","background-type":"","background-media":"","overlay-type":"","overlay-color":"","overlay-opacity":"","overlay-gradient":""},"tablet":{"background-color":"var(--ast-global-color-5)","background-image":"","background-repeat":"repeat","background-position":"center center","background-size":"auto","background-attachment":"scroll","background-type":"","background-media":"","overlay-type":"","overlay-color":"","overlay-opacity":"","overlay-gradient":""},"mobile":{"background-color":"var(--ast-global-color-5)","background-image":"","background-repeat":"repeat","background-position":"center center","background-size":"auto","background-attachment":"scroll","background-type":"","background-media":"","overlay-type":"","overlay-color":"","overlay-opacity":"","overlay-gradient":""}}},"product_brand":[],"product_cat":[982,628,335,549],"product_tag":[],"class_list":{"0":"post-82200","1":"product","2":"type-product","3":"status-publish","4":"has-post-thumbnail","6":"product_cat-flores-stv","7":"product_cat-nuevas-moleculas","8":"product_cat-pre-roll-porros-cbd","9":"product_cat-sativanol","10":"desktop-align-center","11":"tablet-align-center","12":"mobile-align-center","14":"first","15":"instock","16":"taxable","17":"shipping-taxable","18":"purchasable","19":"product-type-simple"},"acf":[],"yoast_head":"<!-- This site is optimized with the Yoast SEO Premium plugin v27.3 (Yoast SEO v27.3) - https:\/\/yoast.com\/product\/yoast-seo-premium-wordpress\/ -->\n<title>Space Pre Roll STV - Cono King Size | Iguana Smoke<\/title>\n<meta name=\"description\" content=\"Deleita tus sentidos con el nuevo Pre Roll STV. Con un Cono King Size, solo necesitas abrir y encender para disfrutar inmediatamente.\" \/>\n<meta name=\"robots\" content=\"index, follow, max-snippet:-1, max-image-preview:large, max-video-preview:-1\" \/>\n<link rel=\"canonical\" href=\"https:\/\/iguanasmoke.com\/pl\/product-2\/space-pre-roll-stv-cono-king-size\/\" \/>\n<meta property=\"og:locale\" content=\"pl_PL\" \/>\n<meta property=\"og:type\" content=\"article\" \/>\n<meta property=\"og:title\" content=\"Space Pre Roll STV - Cono King Size\" \/>\n<meta property=\"og:description\" content=\"Su formato XL combina el potente 10-OH legal y flores de CBD premium, listo para usar:   No usamos trim, solo flores de primera calidad  Aderezado con la mol\u00e9cula STV  Cantidad de flores aproximada: 1,5 gramos  CBD: 15% \/ THC: &lt;0,3%  100% legal en Europa  An\u00e1lisis de calidad aqu\u00ed\" \/>\n<meta property=\"og:url\" content=\"https:\/\/iguanasmoke.com\/pl\/product-2\/space-pre-roll-stv-cono-king-size\/\" \/>\n<meta property=\"og:site_name\" content=\"Iguana Smoke\" \/>\n<meta property=\"article:publisher\" content=\"https:\/\/www.facebook.com\/iguanasmoke\" \/>\n<meta property=\"article:modified_time\" content=\"2026-03-24T12:51:14+00:00\" \/>\n<meta property=\"og:image\" content=\"https:\/\/iguanasmoke.com\/wp-content\/uploads\/2026\/03\/mockup-pre-roll-stv-con-cono-scaled.webp\" \/>\n\t<meta property=\"og:image:width\" content=\"2560\" \/>\n\t<meta property=\"og:image:height\" content=\"2560\" \/>\n\t<meta property=\"og:image:type\" content=\"image\/webp\" \/>\n<meta name=\"twitter:card\" content=\"summary_large_image\" \/>\n<meta name=\"twitter:label1\" content=\"Cena\" \/>\n\t<meta name=\"twitter:data1\" content=\"8,00&nbsp;&euro;\" \/>\n\t<meta name=\"twitter:label2\" content=\"Dost\u0119pno\u015b\u0107\" \/>\n\t<meta name=\"twitter:data2\" content=\"Dost\u0119pny\" \/>\n<meta property=\"product:brand\" content=\"simple\" \/>\n<meta property=\"product:price:amount\" content=\"8.00\" \/>\n<meta property=\"product:price:currency\" content=\"EUR\" \/>\n<meta property=\"og:availability\" content=\"instock\" \/>\n<meta property=\"product:availability\" content=\"instock\" \/>\n<meta property=\"product:retailer_item_id\" content=\"IS-CONOSTV\" \/>\n<meta property=\"product:condition\" content=\"new\" \/>\n<!-- \/ Yoast SEO Premium plugin. -->","yoast_head_json":{"title":"Space Pre Roll STV - Cono King Size | Iguana Smoke","description":"Rozkoszuj zmys\u0142y nowym Pre Roll STV. Dzi\u0119ki Cone King Size wystarczy otworzy\u0107 i zapali\u0107, aby od razu si\u0119 nim cieszy\u0107.","robots":{"index":"index","follow":"follow","max-snippet":"max-snippet:-1","max-image-preview":"max-image-preview:large","max-video-preview":"max-video-preview:-1"},"canonical":"https:\/\/iguanasmoke.com\/pl\/product-2\/space-pre-roll-stv-cono-king-size\/","og_locale":"pl_PL","og_type":"article","og_title":"Space Pre Roll STV - Cono King Size","og_description":"Su formato XL combina el potente 10-OH legal y flores de CBD premium, listo para usar:   No usamos trim, solo flores de primera calidad  Aderezado con la mol\u00e9cula STV  Cantidad de flores aproximada: 1,5 gramos  CBD: 15% \/ THC: &lt;0,3%  100% legal en Europa  An\u00e1lisis de calidad aqu\u00ed","og_url":"https:\/\/iguanasmoke.com\/pl\/product-2\/space-pre-roll-stv-cono-king-size\/","og_site_name":"Iguana Smoke","article_publisher":"https:\/\/www.facebook.com\/iguanasmoke","article_modified_time":"2026-03-24T12:51:14+00:00","og_image":[{"width":2560,"height":2560,"url":"https:\/\/iguanasmoke.com\/wp-content\/uploads\/2026\/03\/mockup-pre-roll-stv-con-cono-scaled.webp","type":"image\/webp"}],"twitter_card":"summary_large_image","twitter_misc":{"Cena":"8,00&nbsp;&euro;","Dost\u0119pno\u015b\u0107":"Dost\u0119pny"},"schema":{"@context":"https:\/\/schema.org","@graph":[{"@type":"WebPage","@id":"https:\/\/iguanasmoke.com\/producto\/space-pre-roll-stv-cono-king-size\/","url":"https:\/\/iguanasmoke.com\/producto\/space-pre-roll-stv-cono-king-size\/","name":"Space Pre Roll STV - Cono King Size | Iguana Smoke","isPartOf":{"@id":"https:\/\/iguanasmoke.com\/#website"},"primaryImageOfPage":{"@id":"https:\/\/iguanasmoke.com\/producto\/space-pre-roll-stv-cono-king-size\/#primaryimage"},"image":{"@id":"https:\/\/iguanasmoke.com\/producto\/space-pre-roll-stv-cono-king-size\/#primaryimage"},"thumbnailUrl":"https:\/\/iguanasmoke.com\/wp-content\/uploads\/2026\/03\/mockup-pre-roll-stv-con-cono-scaled.webp","datePublished":"2026-03-24T10:47:13+00:00","dateModified":"2026-03-24T12:51:14+00:00","description":"Rozkoszuj zmys\u0142y nowym Pre Roll STV. Dzi\u0119ki Cone King Size wystarczy otworzy\u0107 i zapali\u0107, aby od razu si\u0119 nim cieszy\u0107.","breadcrumb":{"@id":"https:\/\/iguanasmoke.com\/producto\/space-pre-roll-stv-cono-king-size\/#breadcrumb"},"inLanguage":"pl-PL","potentialAction":[{"@type":"ReadAction","target":["https:\/\/iguanasmoke.com\/producto\/space-pre-roll-stv-cono-king-size\/"]}]},{"@type":"ImageObject","inLanguage":"pl-PL","@id":"https:\/\/iguanasmoke.com\/producto\/space-pre-roll-stv-cono-king-size\/#primaryimage","url":"https:\/\/iguanasmoke.com\/wp-content\/uploads\/2026\/03\/mockup-pre-roll-stv-con-cono-scaled.webp","contentUrl":"https:\/\/iguanasmoke.com\/wp-content\/uploads\/2026\/03\/mockup-pre-roll-stv-con-cono-scaled.webp","width":2560,"height":2560,"caption":"porro STV pre roll STV de sativanol de flor liada Cono king size"},{"@type":"BreadcrumbList","@id":"https:\/\/iguanasmoke.com\/producto\/space-pre-roll-stv-cono-king-size\/#breadcrumb","itemListElement":[{"@type":"ListItem","position":1,"name":"home","item":"https:\/\/iguanasmoke.com\/"},{"@type":"ListItem","position":2,"name":"Tienda","item":"https:\/\/iguanasmoke.com\/tienda\/"},{"@type":"ListItem","position":3,"name":"Pre Rolls","item":"https:\/\/iguanasmoke.com\/categoria\/pre-roll-porros-cbd\/"},{"@type":"ListItem","position":4,"name":"Space Pre Roll STV &#8211; Cono King Size"}]},{"@type":"WebSite","@id":"https:\/\/iguanasmoke.com\/#website","url":"https:\/\/iguanasmoke.com\/","name":"Iguana Smoke","description":"Kup CBD online w najlepszej cenie","publisher":{"@id":"https:\/\/iguanasmoke.com\/#organization"},"potentialAction":[{"@type":"SearchAction","target":{"@type":"EntryPoint","urlTemplate":"https:\/\/iguanasmoke.com\/?s={search_term_string}"},"query-input":{"@type":"PropertyValueSpecification","valueRequired":true,"valueName":"search_term_string"}}],"inLanguage":"pl-PL"},{"@type":"Organization","@id":"https:\/\/iguanasmoke.com\/#organization","name":"Iguana Smoke","url":"https:\/\/iguanasmoke.com\/","logo":{"@type":"ImageObject","inLanguage":"pl-PL","@id":"https:\/\/iguanasmoke.com\/#\/schema\/logo\/image\/","url":"https:\/\/iguanasmoke.com\/wp-content\/uploads\/2025\/01\/logoiguana-favi-1.png","contentUrl":"https:\/\/iguanasmoke.com\/wp-content\/uploads\/2025\/01\/logoiguana-favi-1.png","width":512,"height":512,"caption":"Iguana Smoke"},"image":{"@id":"https:\/\/iguanasmoke.com\/#\/schema\/logo\/image\/"},"sameAs":["https:\/\/www.facebook.com\/iguanasmoke","https:\/\/www.instagram.com\/iguanasmoke\/"]}]},"product_brand":"simple","product_price_amount":"8.00","product_price_currency":"EUR","og_availability":"instock","product_availability":"instock","product_retailer_item_id":"IS-CONOSTV","product_condition":"new"},"_links":{"self":[{"href":"https:\/\/iguanasmoke.com\/pl\/wp-json\/wp\/v2\/product\/82200","targetHints":{"allow":["GET"]}}],"collection":[{"href":"https:\/\/iguanasmoke.com\/pl\/wp-json\/wp\/v2\/product"}],"about":[{"href":"https:\/\/iguanasmoke.com\/pl\/wp-json\/wp\/v2\/types\/product"}],"replies":[{"embeddable":true,"href":"https:\/\/iguanasmoke.com\/pl\/wp-json\/wp\/v2\/comments?post=82200"}],"wp:featuredmedia":[{"embeddable":true,"href":"https:\/\/iguanasmoke.com\/pl\/wp-json\/wp\/v2\/media\/82218"}],"wp:attachment":[{"href":"https:\/\/iguanasmoke.com\/pl\/wp-json\/wp\/v2\/media?parent=82200"}],"wp:term":[{"taxonomy":"product_brand","embeddable":true,"href":"https:\/\/iguanasmoke.com\/pl\/wp-json\/wp\/v2\/product_brand?post=82200"},{"taxonomy":"product_cat","embeddable":true,"href":"https:\/\/iguanasmoke.com\/pl\/wp-json\/wp\/v2\/product_cat?post=82200"},{"taxonomy":"product_tag","embeddable":true,"href":"https:\/\/iguanasmoke.com\/pl\/wp-json\/wp\/v2\/product_tag?post=82200"}],"curies":[{"name":"wp","href":"https:\/\/api.w.org\/{rel}","templated":true}]}}