{"id":84701,"date":"2026-04-18T11:50:19","date_gmt":"2026-04-18T09:50:19","guid":{"rendered":"https:\/\/iguanasmoke.com\/?post_type=product&#038;p=84701"},"modified":"2026-04-20T17:30:34","modified_gmt":"2026-04-20T15:30:34","slug":"czarna-bluza-sportowa-iguana-420","status":"publish","type":"product","link":"https:\/\/iguanasmoke.com\/pl\/producto\/sudadera-sport-negra-iguana-420-black\/","title":{"rendered":"Czarna bluza Iguana 420"},"content":{"rendered":"<h1 data-section-id=\"9t48aq\" data-start=\"0\" data-end=\"77\">Kup Merch Iguana Smoke: Czarna Bluza Iguana 420 (Edycja Limitowana)<\/h1>\n<h2 data-section-id=\"1uy8f7n\" data-start=\"79\" data-end=\"141\">Bluza Iguana Smoke 420: Drop, kt\u00f3rego nie mog\u0142o zabrakn\u0105\u0107, aby uczci\u0107 420<\/h2>\n<p data-start=\"143\" data-end=\"437\">The <strong data-start=\"146\" data-end=\"175\">Czarna bluza Iguana 420<\/strong> nadchodzi jako prawdziwy kultowy przedmiot w uniwersum <strong data-start=\"236\" data-end=\"252\">Iguana Smoke<\/strong>. To <strong data-start=\"259\" data-end=\"308\">drop merch 420 ograniczony do 100 sztuk<\/strong> To nie tylko ubrania, to deklaracja intencji. Kiedy si\u0119 ko\u0144cz\u0105, znikaj\u0105. Bez uzupe\u0142nie\u0144. Bez drugich szans.<\/p>\n<p data-start=\"439\" data-end=\"558\">Je\u015bli szukasz <strong data-start=\"449\" data-end=\"479\">kupi\u0107 gad\u017cety Iguana Smoke<\/strong> Z to\u017csamo\u015bci\u0105, postaw\u0105 i prze\u0142omowym designem, ten sweter jest stworzony dla Ciebie.<\/p>\n<h2 data-section-id=\"18ek9cp\" data-start=\"565\" data-end=\"619\">Kultowy Design: Iguana Smoke Skater Thrasher 420<\/h2>\n<p data-start=\"621\" data-end=\"780\">Ten sweatshirt wyr\u00f3\u017cnia si\u0119 <strong data-start=\"650\" data-end=\"696\">wybuchowy i pe\u0142en osobowo\u015bci design<\/strong>, gdzie estetyka <strong data-start=\"716\" data-end=\"742\">\u0142y\u017cwiarz, thrasher i 420<\/strong> \u0142\u0105czy si\u0119 w brutaln\u0105 ilustracj\u0119:<\/p>\n<ul data-start=\"782\" data-end=\"1016\">\n<li data-section-id=\"17i3au0\" data-start=\"782\" data-end=\"832\">Iguana skater w akcji z buntowniczym nastawieniem<\/li>\n<li data-section-id=\"kf5bi9\" data-start=\"833\" data-end=\"889\">\ud83d\udd25 Lamy, \u017cywe kolory i psychodeliczne detale<\/li>\n<li data-section-id=\"114ezsr\" data-start=\"890\" data-end=\"950\">\ud83d\udc41\ufe0f Unikalne elementy graficzne, kt\u00f3re podnosz\u0105 koncepcj\u0119 420<\/li>\n<li data-section-id=\"10905zj\" data-start=\"951\" data-end=\"1016\">Miejski styl, kt\u00f3ry \u0142\u0105czy si\u0119 z aktualn\u0105 kultur\u0105 streetwear.<\/li>\n<\/ul>\n<p data-start=\"1018\" data-end=\"1154\">Rezultatem jest ubranie, kt\u00f3re rzuca si\u0119 w oczy. Jest <strong data-start=\"1075\" data-end=\"1098\">czysta energia wizualna<\/strong>, idealna dla tych, kt\u00f3rzy \u017cyj\u0105 stylem \u017cycia Iguana Smoke.<\/p>\n<h2 data-section-id=\"1ct4mgc\" data-start=\"1161\" data-end=\"1199\">Edycja Limitowana: Tylko 100 Sztuk<\/h2>\n<p data-start=\"1201\" data-end=\"1312\">To nie jest zwyk\u0142a bluza. To jest <strong data-start=\"1236\" data-end=\"1258\">wyj\u0105tkowy drop 420<\/strong> pomy\u015blane dla mi\u0142o\u015bnik\u00f3w streetwearu:<\/p>\n<ul data-start=\"1314\" data-end=\"1390\">\n<li data-section-id=\"11t6gtx\" data-start=\"1314\" data-end=\"1334\">Bez uzupe\u0142nienia<\/li>\n<li data-section-id=\"8zvs46\" data-start=\"1335\" data-end=\"1370\">Jednostki ograniczone<\/li>\n<li data-section-id=\"mmsaaz\" data-start=\"1371\" data-end=\"1390\">Wysoki popyt<\/li>\n<\/ul>\n<h2 data-section-id=\"tkictk\" data-start=\"1511\" data-end=\"1544\">Najwy\u017csza jako\u015b\u0107 i komfort<\/h2>\n<p data-start=\"1546\" data-end=\"1641\">Poza projektem, <strong data-start=\"1570\" data-end=\"1599\">Czarna bluza Iguana 420<\/strong> zapewnia doskona\u0142e wra\u017cenia w codziennym u\u017cytkowaniu:<\/p>\n<ul data-start=\"1643\" data-end=\"1787\">\n<li data-section-id=\"147130l\" data-start=\"1643\" data-end=\"1685\">Mi\u0119kki, wytrzyma\u0142y i trwa\u0142y materia\u0142<\/li>\n<li data-section-id=\"1oat689\" data-start=\"1686\" data-end=\"1724\">Idealny na ka\u017cd\u0105 por\u0119 roku<\/li>\n<li data-section-id=\"vs4q2c\" data-start=\"1725\" data-end=\"1755\">Wygodne i uniwersalne ci\u0119cie<\/li>\n<li data-section-id=\"4myujk\" data-start=\"1756\" data-end=\"1787\">Wyko\u0144czenia wysokiej jako\u015bci<\/li>\n<\/ul>\n<h2 data-section-id=\"1v5tp8m\" data-start=\"1886\" data-end=\"1937\">Merch Iguana Smoke: Wi\u0119cej ni\u017c ubranie, postawa<\/h2>\n<p data-start=\"1939\" data-end=\"2026\">Kup <strong data-start=\"1947\" data-end=\"1969\">merch Iguana Smoke<\/strong> oznacza bycie cz\u0119\u015bci\u0105 spo\u0142eczno\u015bci, kt\u00f3ra stawia na:<\/p>\n<ul data-start=\"2028\" data-end=\"2133\">\n<li data-section-id=\"17zpkpc\" data-start=\"2028\" data-end=\"2058\">Kreatywno\u015b\u0107 bez granic<\/li>\n<li data-section-id=\"1ifetsn\" data-start=\"2059\" data-end=\"2090\">Kultura 420 i streetwear<\/li>\n<li data-section-id=\"rn1tuf\" data-start=\"2091\" data-end=\"2133\">To\u017csamo\u015b\u0107 w\u0142asna i autentyczny styl<\/li>\n<\/ul>\n<p data-start=\"2135\" data-end=\"2196\">Ten sweatshirt zawiera ca\u0142y ten wszech\u015bwiat w jednym ubraniu.<\/p>\n<h2 data-section-id=\"11baek7\" data-start=\"2203\" data-end=\"2242\">Kup bluz\u0119 Iguana Smoke 420<\/h2>\n<p data-start=\"2244\" data-end=\"2331\">Zdob\u0105d\u017a jedn\u0105 ze 100<strong data-start=\"2293\" data-end=\"2317\">\u00a0unikalne cz\u0119\u015bci<\/strong> z tej zrzutki:<\/p>\n<p data-start=\"2333\" data-end=\"2446\"><strong data-start=\"2336\" data-end=\"2366\">Kupi\u0107 gad\u017cety Iguana Smoke<\/strong><br data-start=\"2366\" data-end=\"2369\" \/><strong data-start=\"2372\" data-end=\"2403\">Kupi\u0107 bluz\u0119 Iguana 420<\/strong><br data-start=\"2403\" data-end=\"2406\" \/><strong data-start=\"2409\" data-end=\"2446\">Edycja limitowana dost\u0119pna teraz<\/strong><\/p>","protected":false},"excerpt":{"rendered":"<ul>\n<li>\n<section class=\"text-token-text-primary w-full focus:outline-none [--shadow-height:45px] has-data-writing-block:pointer-events-none has-data-writing-block:-mt-(--shadow-height) has-data-writing-block:pt-(--shadow-height) [&amp;:has([data-writing-block])&gt;*]:pointer-events-auto scroll-mt-[calc(var(--header-height)+min(200px,max(70px,20svh)))]\" dir=\"auto\" data-turn-id=\"request-WEB:ef7eb2a6-d3f8-4414-aeb5-b7863adad2d1-45\" data-testid=\"conversation-turn-6\" data-scroll-anchor=\"true\" data-turn=\"assistant\">\n<div class=\"text-base my-auto mx-auto pb-10 [--thread-content-margin:var(--thread-content-margin-xs,calc(var(--spacing)*4))] @w-sm\/main:[--thread-content-margin:var(--thread-content-margin-sm,calc(var(--spacing)*6))] @w-lg\/main:[--thread-content-margin:var(--thread-content-margin-lg,calc(var(--spacing)*16))] px-(--thread-content-margin)\">\n<div class=\"[--thread-content-max-width:40rem] @w-lg\/main:[--thread-content-max-width:48rem] mx-auto max-w-(--thread-content-max-width) flex-1 group\/turn-messages focus-visible:outline-hidden relative flex w-full min-w-0 flex-col agent-turn\">\n<div class=\"flex max-w-full flex-col gap-4 grow\">\n<div class=\"min-h-8 text-message relative flex w-full flex-col items-end gap-2 text-start break-words whitespace-normal outline-none keyboard-focused:focus-ring [.text-message+&amp;]:mt-1\" dir=\"auto\" tabindex=\"0\" data-message-author-role=\"assistant\" data-message-id=\"da89418a-9354-4f7e-910d-0bd208190dd0\" data-message-model-slug=\"gpt-5-3\" data-turn-start-message=\"true\">\n<div class=\"flex w-full flex-col gap-1 empty:hidden\">\n<div class=\"markdown prose dark:prose-invert w-full wrap-break-word dark markdown-new-styling\">\n<p data-start=\"0\" data-end=\"352\" data-is-last-node=\"\" data-is-only-node=\"\">La <strong data-start=\"3\" data-end=\"48\">Sudadera Negra Iguana 420 de Iguana Smoke<\/strong> es un exclusivo drop limitado a 100 unidades que combina dise\u00f1o skater thrasher 420 con un estilo urbano \u00fanico. Confeccionada con materiales de alta calidad, ofrece comodidad y durabilidad, convirti\u00e9ndose en una prenda imprescindible para quienes buscan destacar y formar parte del universo Iguana Smoke.<\/p>\n<\/div>\n<\/div>\n<\/div>\n<\/div>\n<\/div>\n<\/div>\n<\/section>\n<ul>\n<li>65% algod\u00f3n, 35% poli\u00e9ster<\/li>\n<li>Impresion DTG<\/li>\n<li>Longitud estandar<\/li>\n<li>Disponible en tama\u00f1o: M, L, XL y XXL<\/li>\n<\/ul>\n<\/li>\n<\/ul>\n","protected":false},"featured_media":84236,"comment_status":"open","ping_status":"closed","template":"","meta":{"_acf_changed":false,"site-sidebar-layout":"default","site-content-layout":"","ast-site-content-layout":"default","site-content-style":"default","site-sidebar-style":"default","ast-global-header-display":"","ast-banner-title-visibility":"","ast-main-header-display":"","ast-hfb-above-header-display":"","ast-hfb-below-header-display":"","ast-hfb-mobile-header-display":"","site-post-title":"","ast-breadcrumbs-content":"","ast-featured-img":"","footer-sml-layout":"","theme-transparent-header-meta":"default","adv-header-id-meta":"","stick-header-meta":"","header-above-stick-meta":"","header-main-stick-meta":"","header-below-stick-meta":"","astra-migrate-meta-layouts":"set","ast-page-background-enabled":"default","ast-page-background-meta":{"desktop":{"background-color":"var(--ast-global-color-4)","background-image":"","background-repeat":"repeat","background-position":"center center","background-size":"auto","background-attachment":"scroll","background-type":"","background-media":"","overlay-type":"","overlay-color":"","overlay-opacity":"","overlay-gradient":""},"tablet":{"background-color":"","background-image":"","background-repeat":"repeat","background-position":"center center","background-size":"auto","background-attachment":"scroll","background-type":"","background-media":"","overlay-type":"","overlay-color":"","overlay-opacity":"","overlay-gradient":""},"mobile":{"background-color":"","background-image":"","background-repeat":"repeat","background-position":"center center","background-size":"auto","background-attachment":"scroll","background-type":"","background-media":"","overlay-type":"","overlay-color":"","overlay-opacity":"","overlay-gradient":""}},"ast-content-background-meta":{"desktop":{"background-color":"var(--ast-global-color-5)","background-image":"","background-repeat":"repeat","background-position":"center center","background-size":"auto","background-attachment":"scroll","background-type":"","background-media":"","overlay-type":"","overlay-color":"","overlay-opacity":"","overlay-gradient":""},"tablet":{"background-color":"var(--ast-global-color-5)","background-image":"","background-repeat":"repeat","background-position":"center center","background-size":"auto","background-attachment":"scroll","background-type":"","background-media":"","overlay-type":"","overlay-color":"","overlay-opacity":"","overlay-gradient":""},"mobile":{"background-color":"var(--ast-global-color-5)","background-image":"","background-repeat":"repeat","background-position":"center center","background-size":"auto","background-attachment":"scroll","background-type":"","background-media":"","overlay-type":"","overlay-color":"","overlay-opacity":"","overlay-gradient":""}}},"product_brand":[],"product_cat":[436,442],"product_tag":[],"class_list":{"0":"post-84701","1":"product","2":"type-product","3":"status-publish","4":"has-post-thumbnail","6":"product_cat-merchandise-de-iguana-smoke","7":"product_cat-sudaderas","8":"desktop-align-center","9":"tablet-align-center","10":"mobile-align-center","12":"first","13":"instock","14":"taxable","15":"shipping-taxable","16":"purchasable","17":"product-type-variable"},"acf":[],"yoast_head":"<!-- This site is optimized with the Yoast SEO Premium plugin v27.3 (Yoast SEO v27.3) - https:\/\/yoast.com\/product\/yoast-seo-premium-wordpress\/ -->\n<title>Sudadera Negra Iguana Smoke 420<\/title>\n<meta name=\"description\" content=\"Compra la Sudadera Negra Iguana 420 de Iguana Smoke, edici\u00f3n limitada a 100 unidades. Dise\u00f1o exclusivo skater 420 con estilo urbano y m\u00e1xima calidad.\" \/>\n<meta name=\"robots\" content=\"index, follow, max-snippet:-1, max-image-preview:large, max-video-preview:-1\" \/>\n<link rel=\"canonical\" href=\"https:\/\/iguanasmoke.com\/pl\/product-2\/czarna-bluza-sportowa-iguana-420\/\" \/>\n<meta property=\"og:locale\" content=\"pl_PL\" \/>\n<meta property=\"og:type\" content=\"article\" \/>\n<meta property=\"og:title\" content=\"Sudadera Negra Iguana 420\" \/>\n<meta property=\"og:description\" content=\"La Sudadera Negra Iguana 420 de Iguana Smoke es un exclusivo drop limitado a 100 unidades que combina dise\u00f1o skater thrasher 420 con un estilo urbano \u00fanico. Confeccionada con materiales de alta calidad, ofrece comodidad y durabilidad, convirti\u00e9ndose en una prenda imprescindible para quienes buscan destacar y formar parte del universo Iguana Smoke.           65% algod\u00f3n, 35% poli\u00e9ster  Impresion DTG  Longitud estandar  Disponible en tama\u00f1o: M, L, XL y XXL\" \/>\n<meta property=\"og:url\" content=\"https:\/\/iguanasmoke.com\/pl\/product-2\/czarna-bluza-sportowa-iguana-420\/\" \/>\n<meta property=\"og:site_name\" content=\"Iguana Smoke\" \/>\n<meta property=\"article:publisher\" content=\"https:\/\/www.facebook.com\/iguanasmoke\" \/>\n<meta property=\"article:modified_time\" content=\"2026-04-20T15:30:34+00:00\" \/>\n<meta property=\"og:image\" content=\"https:\/\/iguanasmoke.com\/wp-content\/uploads\/2026\/04\/3.webp\" \/>\n\t<meta property=\"og:image:width\" content=\"1000\" \/>\n\t<meta property=\"og:image:height\" content=\"1000\" \/>\n\t<meta property=\"og:image:type\" content=\"image\/webp\" \/>\n<meta name=\"twitter:card\" content=\"summary_large_image\" \/>\n<meta name=\"twitter:label1\" content=\"Dost\u0119pno\u015b\u0107\" \/>\n\t<meta name=\"twitter:data1\" content=\"Dost\u0119pny\" \/>\n<meta property=\"product:brand\" content=\"variable\" \/>\n<meta property=\"og:availability\" content=\"instock\" \/>\n<meta property=\"product:availability\" content=\"instock\" \/>\n<meta property=\"product:condition\" content=\"new\" \/>\n<!-- \/ Yoast SEO Premium plugin. -->","yoast_head_json":{"title":"Czarna bluza Iguana Smoke 420","description":"Kup czarn\u0105 bluz\u0119 Iguana 420 od Iguana Smoke, limitowana edycja 100 sztuk. Ekskluzywny design 420 skater z miejskim stylem i najwy\u017csz\u0105 jako\u015bci\u0105.","robots":{"index":"index","follow":"follow","max-snippet":"max-snippet:-1","max-image-preview":"max-image-preview:large","max-video-preview":"max-video-preview:-1"},"canonical":"https:\/\/iguanasmoke.com\/pl\/product-2\/czarna-bluza-sportowa-iguana-420\/","og_locale":"pl_PL","og_type":"article","og_title":"Sudadera Negra Iguana 420","og_description":"La Sudadera Negra Iguana 420 de Iguana Smoke es un exclusivo drop limitado a 100 unidades que combina dise\u00f1o skater thrasher 420 con un estilo urbano \u00fanico. Confeccionada con materiales de alta calidad, ofrece comodidad y durabilidad, convirti\u00e9ndose en una prenda imprescindible para quienes buscan destacar y formar parte del universo Iguana Smoke.           65% algod\u00f3n, 35% poli\u00e9ster  Impresion DTG  Longitud estandar  Disponible en tama\u00f1o: M, L, XL y XXL","og_url":"https:\/\/iguanasmoke.com\/pl\/product-2\/czarna-bluza-sportowa-iguana-420\/","og_site_name":"Iguana Smoke","article_publisher":"https:\/\/www.facebook.com\/iguanasmoke","article_modified_time":"2026-04-20T15:30:34+00:00","og_image":[{"width":1000,"height":1000,"url":"https:\/\/iguanasmoke.com\/wp-content\/uploads\/2026\/04\/3.webp","type":"image\/webp"}],"twitter_card":"summary_large_image","twitter_misc":{"Dost\u0119pno\u015b\u0107":"Dost\u0119pny"},"schema":{"@context":"https:\/\/schema.org","@graph":[{"@type":"WebPage","@id":"https:\/\/iguanasmoke.com\/producto\/sudadera-sport-negra-iguana-420-black\/","url":"https:\/\/iguanasmoke.com\/producto\/sudadera-sport-negra-iguana-420-black\/","name":"Czarna bluza Iguana Smoke 420","isPartOf":{"@id":"https:\/\/iguanasmoke.com\/#website"},"primaryImageOfPage":{"@id":"https:\/\/iguanasmoke.com\/producto\/sudadera-sport-negra-iguana-420-black\/#primaryimage"},"image":{"@id":"https:\/\/iguanasmoke.com\/producto\/sudadera-sport-negra-iguana-420-black\/#primaryimage"},"thumbnailUrl":"https:\/\/iguanasmoke.com\/wp-content\/uploads\/2026\/04\/3.webp","datePublished":"2026-04-18T09:50:19+00:00","dateModified":"2026-04-20T15:30:34+00:00","description":"Kup czarn\u0105 bluz\u0119 Iguana 420 od Iguana Smoke, limitowana edycja 100 sztuk. Ekskluzywny design 420 skater z miejskim stylem i najwy\u017csz\u0105 jako\u015bci\u0105.","breadcrumb":{"@id":"https:\/\/iguanasmoke.com\/producto\/sudadera-sport-negra-iguana-420-black\/#breadcrumb"},"inLanguage":"pl-PL","potentialAction":[{"@type":"ReadAction","target":["https:\/\/iguanasmoke.com\/producto\/sudadera-sport-negra-iguana-420-black\/"]}]},{"@type":"ImageObject","inLanguage":"pl-PL","@id":"https:\/\/iguanasmoke.com\/producto\/sudadera-sport-negra-iguana-420-black\/#primaryimage","url":"https:\/\/iguanasmoke.com\/wp-content\/uploads\/2026\/04\/3.webp","contentUrl":"https:\/\/iguanasmoke.com\/wp-content\/uploads\/2026\/04\/3.webp","width":1000,"height":1000,"caption":"Sudadera Negra Iguana Smoke"},{"@type":"BreadcrumbList","@id":"https:\/\/iguanasmoke.com\/producto\/sudadera-sport-negra-iguana-420-black\/#breadcrumb","itemListElement":[{"@type":"ListItem","position":1,"name":"home","item":"https:\/\/iguanasmoke.com\/"},{"@type":"ListItem","position":2,"name":"Tienda","item":"https:\/\/iguanasmoke.com\/tienda\/"},{"@type":"ListItem","position":3,"name":"Merch","item":"https:\/\/iguanasmoke.com\/categoria\/merchandise-de-iguana-smoke\/"},{"@type":"ListItem","position":4,"name":"Sudadera Negra Iguana 420"}]},{"@type":"WebSite","@id":"https:\/\/iguanasmoke.com\/#website","url":"https:\/\/iguanasmoke.com\/","name":"Iguana Smoke","description":"Kup CBD online w najlepszej cenie","publisher":{"@id":"https:\/\/iguanasmoke.com\/#organization"},"potentialAction":[{"@type":"SearchAction","target":{"@type":"EntryPoint","urlTemplate":"https:\/\/iguanasmoke.com\/?s={search_term_string}"},"query-input":{"@type":"PropertyValueSpecification","valueRequired":true,"valueName":"search_term_string"}}],"inLanguage":"pl-PL"},{"@type":"Organization","@id":"https:\/\/iguanasmoke.com\/#organization","name":"Iguana Smoke","url":"https:\/\/iguanasmoke.com\/","logo":{"@type":"ImageObject","inLanguage":"pl-PL","@id":"https:\/\/iguanasmoke.com\/#\/schema\/logo\/image\/","url":"https:\/\/iguanasmoke.com\/wp-content\/uploads\/2025\/01\/logoiguana-favi-1.png","contentUrl":"https:\/\/iguanasmoke.com\/wp-content\/uploads\/2025\/01\/logoiguana-favi-1.png","width":512,"height":512,"caption":"Iguana Smoke"},"image":{"@id":"https:\/\/iguanasmoke.com\/#\/schema\/logo\/image\/"},"sameAs":["https:\/\/www.facebook.com\/iguanasmoke","https:\/\/www.instagram.com\/iguanasmoke\/"]}]},"product_brand":"variable","og_availability":"instock","product_availability":"instock","product_condition":"new"},"_links":{"self":[{"href":"https:\/\/iguanasmoke.com\/pl\/wp-json\/wp\/v2\/product\/84701","targetHints":{"allow":["GET"]}}],"collection":[{"href":"https:\/\/iguanasmoke.com\/pl\/wp-json\/wp\/v2\/product"}],"about":[{"href":"https:\/\/iguanasmoke.com\/pl\/wp-json\/wp\/v2\/types\/product"}],"replies":[{"embeddable":true,"href":"https:\/\/iguanasmoke.com\/pl\/wp-json\/wp\/v2\/comments?post=84701"}],"wp:featuredmedia":[{"embeddable":true,"href":"https:\/\/iguanasmoke.com\/pl\/wp-json\/wp\/v2\/media\/84236"}],"wp:attachment":[{"href":"https:\/\/iguanasmoke.com\/pl\/wp-json\/wp\/v2\/media?parent=84701"}],"wp:term":[{"taxonomy":"product_brand","embeddable":true,"href":"https:\/\/iguanasmoke.com\/pl\/wp-json\/wp\/v2\/product_brand?post=84701"},{"taxonomy":"product_cat","embeddable":true,"href":"https:\/\/iguanasmoke.com\/pl\/wp-json\/wp\/v2\/product_cat?post=84701"},{"taxonomy":"product_tag","embeddable":true,"href":"https:\/\/iguanasmoke.com\/pl\/wp-json\/wp\/v2\/product_tag?post=84701"}],"curies":[{"name":"wp","href":"https:\/\/api.w.org\/{rel}","templated":true}]}}