{"id":87211,"date":"2026-05-12T13:54:12","date_gmt":"2026-05-12T11:54:12","guid":{"rendered":"https:\/\/iguanasmoke.com\/?post_type=product&#038;p=87211"},"modified":"2026-05-12T15:13:53","modified_gmt":"2026-05-12T13:13:53","slug":"kwiat-konopi-cbd-uprawiany-w-pomieszczeniu-metoda-hydroponiczna-odmiana-amnesia","status":"publish","type":"product","link":"https:\/\/iguanasmoke.com\/pl\/producto\/flor-cbd-indoor-hidroponica-amnesia\/","title":{"rendered":"Kwiat CBD Indoor Hidroponika Amnesia"},"content":{"rendered":"<h1 data-start=\"1609\" data-end=\"1642\"><span style=\"font-weight: 400;\">Kwiat CBD Indoor Hydroponiczny <\/span><span style=\"font-weight: 400;\">Amnezja <\/span><span style=\"font-weight: 400;\">\u2013 Cytrusowa intensywno\u015b\u0107 i premium czysto\u015b\u0107<\/span><\/h1>\n<h2 data-start=\"368\" data-end=\"432\">Una Amnesia CBD uprawiana hydroponicznie dla maksymalnej ekspresji aromatu<\/h2>\n<p data-start=\"549\" data-end=\"976\"><span style=\"font-weight: 400;\">Je\u015bli szukasz innej kwiatu CBD indoor, czystszego i o wy\u017cszej intensywno\u015bci aromatycznej, <strong>Kwiat CBD Indoor<\/strong> <strong>Amnesia hydroponiczna <\/strong>reprezentuje nowy poziom w kategorii premium CBD. Genetyka ta wyr\u00f3\u017cnia si\u0119 mocnym cytrusowym profilem ze s\u0142odkimi nutami i kadzid\u0142em, z <strong>g\u0119ste, l\u015bni\u0105ce, nabrzmia\u0142e \u017cywic\u0105 topy<\/strong>. <\/span><\/p>\n<p data-start=\"549\" data-end=\"976\"><span style=\"font-weight: 400;\">Dlatego wielka r\u00f3\u017cnica polega na <strong>Uprawa hydroponiczna w pomieszczeniach<\/strong>, a <strong>zaawansowana metoda pozwalaj\u0105ca na maksymalnie precyzyjne kontrolowanie wody i sk\u0142adnik\u00f3w od\u017cywczych<\/strong> co otrzymuje ka\u017cda ro\u015blina. Dzi\u0119ki temu uzyskuje si\u0119 bardziej jednorodny kwiat, z lepiej zachowanymi terpenami i szczeg\u00f3lnie wyr\u00f3\u017cniaj\u0105c\u0105 si\u0119 produkcj\u0105 \u017cywicy.\u00a0<\/span><\/p>\n<p data-start=\"549\" data-end=\"976\"><span style=\"font-weight: 400;\"> Przy <strong>Iguana Smoke<\/strong>, wybieramy starannie ka\u017cde zbiory, aby zaoferowa\u0107 ci <strong>Amnesia Hydroponiczna Indoor CBD Premium<\/strong>, przeznaczona dla tych, kt\u00f3rzy ceni\u0105 prawdziw\u0105 jako\u015b\u0107 od pierwszego zapachu.\u00a0<\/span><\/p>\n<h2 data-start=\"549\" data-end=\"976\"><strong>Co to znaczy, \u017ce kwiat CBD jest hydroponiczny?<\/strong><\/h2>\n<p data-start=\"549\" data-end=\"976\"><span style=\"font-weight: 400;\">Uprawa hydroponiczna polega na rozwijaniu <strong>ro\u015bliny bez ziemi<\/strong>, u\u017cywaj\u0105c <strong>woda wzbogacona sk\u0142adnikami mineralnymi<\/strong> starannie zbilansowane. W po\u0142\u0105czeniu z ca\u0142kowicie kontrolowan\u0105 upraw\u0105 Indoor, system ten pozwala na optymalizacj\u0119 ka\u017cdego etapu wzrostu ro\u015bliny. <\/span><\/p>\n<p data-start=\"549\" data-end=\"976\"><span style=\"font-weight: 400;\">Dzi\u0119ki hydroponice: <\/span><\/p>\n<ul>\n<li data-start=\"549\" data-end=\"976\"><span style=\"font-weight: 400;\">Sk\u0142adniki od\u017cywcze wch\u0142aniaj\u0105 si\u0119 wydajniej i w bardziej zr\u00f3wnowa\u017cony spos\u00f3b. <\/span><\/li>\n<li data-start=\"549\" data-end=\"976\"><span style=\"font-weight: 400;\">P\u0105ki rozwijaj\u0105 wi\u0119ksz\u0105 g\u0119sto\u015b\u0107 i jednolito\u015b\u0107. <\/span><\/li>\n<li data-start=\"549\" data-end=\"976\"><span style=\"font-weight: 400;\">Terpeny lepiej zachowuj\u0105 swoj\u0105 intensywno\u015b\u0107 aromatyczn\u0105 i \u015bwie\u017co\u015b\u0107. <\/span><\/li>\n<li data-start=\"549\" data-end=\"976\"><span style=\"font-weight: 400;\">Produkcja \u017cywicy wzrasta, poprawiaj\u0105c wygl\u0105d i tekstur\u0119 p\u0105ka. <\/span><\/li>\n<li data-start=\"549\" data-end=\"976\"><span style=\"font-weight: 400;\">Uzyskuje si\u0119 czystszy i wizualnie bardziej zadbany kwiat. <\/span><\/li>\n<\/ul>\n<p><span style=\"font-weight: 400;\">Z tego powodu, <strong>kwiaty CBD hydroponiczne<\/strong> s\u0105 uwa\u017cane za jedn\u0105 z <strong>gamifikacja premium<\/strong> na rynku kannabidiolu.\u00a0<\/span><\/p>\n<p>&nbsp;<\/p>\n<h2><strong>Amnesia CBD Indoor Hydroponiczna: Intensywny aromat i precyzyjna uprawa<\/strong><\/h2>\n<p><span style=\"font-weight: 400;\">The <strong>Kwiat CBD Indoor<\/strong> <strong>Amnesia hydroponiczna<\/strong> jest idealny dla os\u00f3b szukaj\u0105cych <strong>pot\u0119\u017cne i wyszukane doznania aromatyczne<\/strong>. Jego profil terpenowy \u0142\u0105czy nuty cytrusowe i s\u0142odkie, lekko pikantne, tworz\u0105c intensywny i trwa\u0142y zapach.<\/span><\/p>\n<p><span style=\"font-weight: 400;\">Pod wzgl\u0119dem wizualnym wyr\u00f3\u017cnia si\u0119 <strong>p\u0105ki<\/strong> <strong>kompakty<\/strong> <strong>zielone<\/strong> z odcieniami<strong> pomara\u0144czowy<\/strong> i obfita warstwa <strong>kryszta\u0142owe trichomy<\/strong>, co jest bezpo\u015brednim odzwierciedleniem precyzyjnej uprawy hydroponicznej. Ponadto wysoka zawarto\u015b\u0107 CBD i poziom THC poni\u017cej 0,31% pozwalaj\u0105 cieszy\u0107 si\u0119 relaksuj\u0105cym i zr\u00f3wnowa\u017conym doznaniem, <strong>bez efekt\u00f3w psychoaktywnych<\/strong>.\u00a0 \u00a0<\/span><\/p>\n<p><strong>Zalety wyboru Amnesii Hydroponicznej Indoor: <\/strong><\/p>\n<ol>\n<li style=\"list-style-type: none;\">\n<ol>\n<li><span style=\"font-weight: 400;\">Precyzyjna uprawa hydroponiczna indoor<\/span><\/li>\n<li><span style=\"font-weight: 400;\">THC &lt;0,3%, zgodnie z prawodawstwem europejskim <\/span><\/li>\n<li><span style=\"font-weight: 400;\">Wysoka zawarto\u015b\u0107 CBD <\/span><\/li>\n<li><span style=\"font-weight: 400;\">Intensywny i czysty aromat<\/span><\/li>\n<\/ol>\n<\/li>\n<\/ol>\n<p>&nbsp;<\/p>\n<h2><b>Gdzie kupi\u0107 <span style=\"font-weight: 400;\"><strong>Kwiat CBD Indoor<\/strong> <strong>Hydroponika<\/strong><\/span><\/b><b>?<\/b><\/h2>\n<p><span style=\"font-weight: 400;\">Je\u015bli szukasz <strong>kup CBD Flowers<\/strong><strong>, <\/strong>to jest twoje bezpieczne miejsce <strong>kupi\u0107 kwiaty CBD indoor w Hiszpanii.<\/strong>\u00a0<\/span><span style=\"font-weight: 400;\">Wszystkie nasze produkty s\u0105 <strong>zatwierdzony przez UE<\/strong>, gwarantuj\u0105c jego legalno\u015b\u0107 i bezpiecze\u0144stwo. Ponadto, je\u015bli chcesz, mo\u017cesz skonsultowa\u0107 si\u0119 z<\/span><strong> <a href=\"https:\/\/iguanasmoke.com\/pl\/analityka\/\">analiza laboratoryjna.<\/a><\/strong><\/p>\n<p><span style=\"font-weight: 400;\">Nie zapomnij odkry\u0107 innych smak\u00f3w <strong><a href=\"https:\/\/iguanasmoke.com\/pl\/kategoria\/kwiaty-cbd-2\/kwiaty-cbd-w-pomieszczeniach\/\">Kwiaty Indoor CBD<\/a><\/strong><\/span><span style=\"font-weight: 400;\">.\u00a0<\/span><span style=\"font-weight: 400;\">Odkryj nasz\u0105 selekcj\u0119 produkt\u00f3w CBD i znajd\u017a swoje ulubione.<\/span><span style=\"font-weight: 400;\">\u00a0<\/span><\/p>\n<p><strong data-start=\"303\" data-end=\"345\">Szybka i dyskretna dostawa na terenie ca\u0142ej Hiszpanii<\/strong>, z <strong data-start=\"351\" data-end=\"387\">Bliska i spersonalizowana uwaga<\/strong> aby odpowiedzie\u0107 na wszelkie pytania przed i po zakupie.<\/p>\n<p>&nbsp;<\/p>\n<p>&nbsp;<\/p>\n<h2><b>Iguana Smoke to Tw\u00f3j internetowy sklep z CBD\u00a0<\/b><\/h2>\n<p><span style=\"font-weight: 400;\">Przy<strong> Iguana Smoke<\/strong>, Wierzymy, \u017ce korzystanie z CBD powinno by\u0107 bezpiecznym do\u015bwiadczeniem. W\u0142a\u015bnie dlatego oferujemy produkty takie jak ten <strong>Kwiat CBD Indoor<\/strong> <strong>Amnesia hydroponiczna<\/strong>, Marka \u0142\u0105czy si\u0119 z nowymi pokoleniami: lud\u017ami, kt\u00f3rzy szukaj\u0105 nieskomplikowanego wellness, z autentycznymi i niezawodnymi markami. <\/span><\/p>\n<p><span style=\"font-weight: 400;\">Nasza misja jest jasna:<strong> Dostarczamy to, co najlepsze w \u015bwiecie CBD w uczciwej cenie<\/strong>. Ponadto zapewniamy spok\u00f3j ducha, kt\u00f3ry wynika ze \u015bwiadomo\u015bci, \u017ce wybierasz <strong>certyfikowany, skuteczny i legalny produkt 100%<\/strong>. Podejmij decyzj\u0119; kup sw\u00f3j vaper CBD ju\u017c dzi\u015b i przenie\u015b swoje doznania na inny poziom.\u00a0<\/span><\/p>\n<p>Nadal masz w\u0105tpliwo\u015bci? Napisz do nas, a z przyjemno\u015bci\u0105 pomo\u017cemy Ci znale\u017a\u0107 odpowiedni produkt.<\/p>\n<p>&nbsp;<\/p>\n<p>&nbsp;<\/p>\n<h6>\u2139\ufe0f<strong> Informacje prawne<\/strong><\/h6>\n<p><em><span style=\"font-weight: 400;\">*Produkt przeznaczony do kolekcjonowania lub aromaterapii, zgodnie z obowi\u0105zuj\u0105cymi w Hiszpanii przepisami. <\/span><\/em><\/p>\n<p><em><span style=\"font-weight: 400;\">**Pochodzi z certyfikowanych konopi przemys\u0142owych. Zawiera mniej ni\u017c 0,3 THC i nie zawiera nielegalnych kannabinoid\u00f3w, takich jak HHC, HHC-P, THCP, THCP-O, H4CBD lub substancji wymienionych w za\u0142\u0105czniku I do dekretu kr\u00f3lewskiego 2829\/1977, ani substancji kontrolowanych przez konwencje mi\u0119dzynarodowe.\u00a0\u00a0<\/span><\/em><\/p>","protected":false},"excerpt":{"rendered":"<p><span style=\"font-weight: 400;\">Wyr\u00f3\u017cniaj\u0105ca si\u0119 moc\u0105 i aromatem, ta odmiana hydroponiczna posiada: <\/span><\/p>\n<ul>\n<li><span style=\"font-weight: 400;\">Najwy\u017cszej jako\u015bci uprawa indoor<\/span><\/li>\n<li><span style=\"font-weight: 400;\">Uprawa hydroponiczna w wodzie<\/span><\/li>\n<li><span style=\"font-weight: 400;\">CBD: mi\u0119dzy 12-14% <\/span><\/li>\n<li><span style=\"font-weight: 400;\">THC: &lt;0,3% <\/span><\/li>\n<li><span style=\"font-weight: 400;\">100% legalny w Europie <\/span><\/li>\n<li><span style=\"font-weight: 400;\">Brak dodatk\u00f3w i pestycyd\u00f3w; rolnictwo ekologiczne <\/span><\/li>\n<li><span style=\"font-weight: 400;\">Mocny, cytrusowy aromat z ziemistymi nutami<\/span><\/li>\n<\/ul>\n<p><span style=\"font-weight: 400;\">Konsultacje<strong> <a href=\"https:\/\/iguanasmoke.com\/pl\/analityka\/\">analiza laboratoryjna.<\/a><\/strong><\/span><\/p>","protected":false},"featured_media":87218,"comment_status":"open","ping_status":"closed","template":"","meta":{"_acf_changed":false,"site-sidebar-layout":"default","site-content-layout":"","ast-site-content-layout":"default","site-content-style":"default","site-sidebar-style":"default","ast-global-header-display":"","ast-banner-title-visibility":"","ast-main-header-display":"","ast-hfb-above-header-display":"","ast-hfb-below-header-display":"","ast-hfb-mobile-header-display":"","site-post-title":"","ast-breadcrumbs-content":"","ast-featured-img":"","footer-sml-layout":"","theme-transparent-header-meta":"default","adv-header-id-meta":"","stick-header-meta":"","header-above-stick-meta":"","header-main-stick-meta":"","header-below-stick-meta":"","astra-migrate-meta-layouts":"set","ast-page-background-enabled":"default","ast-page-background-meta":{"desktop":{"background-color":"var(--ast-global-color-4)","background-image":"","background-repeat":"repeat","background-position":"center center","background-size":"auto","background-attachment":"scroll","background-type":"","background-media":"","overlay-type":"","overlay-color":"","overlay-opacity":"","overlay-gradient":""},"tablet":{"background-color":"","background-image":"","background-repeat":"repeat","background-position":"center center","background-size":"auto","background-attachment":"scroll","background-type":"","background-media":"","overlay-type":"","overlay-color":"","overlay-opacity":"","overlay-gradient":""},"mobile":{"background-color":"","background-image":"","background-repeat":"repeat","background-position":"center center","background-size":"auto","background-attachment":"scroll","background-type":"","background-media":"","overlay-type":"","overlay-color":"","overlay-opacity":"","overlay-gradient":""}},"ast-content-background-meta":{"desktop":{"background-color":"var(--ast-global-color-5)","background-image":"","background-repeat":"repeat","background-position":"center center","background-size":"auto","background-attachment":"scroll","background-type":"","background-media":"","overlay-type":"","overlay-color":"","overlay-opacity":"","overlay-gradient":""},"tablet":{"background-color":"var(--ast-global-color-5)","background-image":"","background-repeat":"repeat","background-position":"center center","background-size":"auto","background-attachment":"scroll","background-type":"","background-media":"","overlay-type":"","overlay-color":"","overlay-opacity":"","overlay-gradient":""},"mobile":{"background-color":"var(--ast-global-color-5)","background-image":"","background-repeat":"repeat","background-position":"center center","background-size":"auto","background-attachment":"scroll","background-type":"","background-media":"","overlay-type":"","overlay-color":"","overlay-opacity":"","overlay-gradient":""}}},"product_brand":[],"product_cat":[593,328],"product_tag":[],"class_list":{"0":"post-87211","1":"product","2":"type-product","3":"status-publish","4":"has-post-thumbnail","6":"product_cat-flores-cbd-indoor","7":"product_cat-comprar-flores-de-cbd-cogollos","8":"desktop-align-center","9":"tablet-align-center","10":"mobile-align-center","12":"first","13":"instock","14":"taxable","15":"shipping-taxable","16":"product-type-simple"},"acf":[],"yoast_head":"<!-- This site is optimized with the Yoast SEO Premium plugin v27.5 (Yoast SEO v27.5) - https:\/\/yoast.com\/product\/yoast-seo-premium-wordpress\/ -->\n<title>Flor CBD Indoor Hidrop\u00f3nica Amnesia | Iguana Smoke<\/title>\n<meta name=\"description\" content=\"Vive una experiencia \u00fanica con la Flor CBD Indoor Hidrop\u00f3nica Amnesia. Sus cogollos brillantes y resinosos crecidos en el agua la hace impresionante.\" \/>\n<meta name=\"robots\" content=\"index, follow, max-snippet:-1, max-image-preview:large, max-video-preview:-1\" \/>\n<link rel=\"canonical\" href=\"https:\/\/iguanasmoke.com\/pl\/product-2\/kwiat-konopi-cbd-uprawiany-w-pomieszczeniu-metoda-hydroponiczna-odmiana-amnesia\/\" \/>\n<meta property=\"og:locale\" content=\"pl_PL\" \/>\n<meta property=\"og:type\" content=\"article\" \/>\n<meta property=\"og:title\" content=\"Flor CBD Indoor Hidrop\u00f3nica Amnesia\" \/>\n<meta property=\"og:description\" content=\"Destacando por su potencia y aroma, esta variedad Hidrop\u00f3nica tiene:    Cultivo interior premium Indoor  Cultivo Hidrop\u00f3nico en agua  CBD: entre 12-14%   THC: &lt;0,3%   100% legal en Europa   Sin aditivos ni pesticidas; cultivo ecol\u00f3gico   Aroma potente, c\u00edtrico con notas terrosas  Consulta el an\u00e1lisis de laboratorio.\" \/>\n<meta property=\"og:url\" content=\"https:\/\/iguanasmoke.com\/pl\/product-2\/kwiat-konopi-cbd-uprawiany-w-pomieszczeniu-metoda-hydroponiczna-odmiana-amnesia\/\" \/>\n<meta property=\"og:site_name\" content=\"Iguana Smoke\" \/>\n<meta property=\"article:publisher\" content=\"https:\/\/www.facebook.com\/iguanasmoke\" \/>\n<meta property=\"article:modified_time\" content=\"2026-05-12T13:13:53+00:00\" \/>\n<meta property=\"og:image\" content=\"https:\/\/iguanasmoke.com\/wp-content\/uploads\/2026\/05\/Amnesia-hidroponica.webp\" \/>\n\t<meta property=\"og:image:width\" content=\"1000\" \/>\n\t<meta property=\"og:image:height\" content=\"1000\" \/>\n\t<meta property=\"og:image:type\" content=\"image\/webp\" \/>\n<meta name=\"twitter:card\" content=\"summary_large_image\" \/>\n<meta name=\"twitter:label1\" content=\"Cena\" \/>\n\t<meta name=\"twitter:data1\" content=\"\" \/>\n\t<meta name=\"twitter:label2\" content=\"Dost\u0119pno\u015b\u0107\" \/>\n\t<meta name=\"twitter:data2\" content=\"Dost\u0119pny\" \/>\n<meta property=\"product:brand\" content=\"simple\" \/>\n<meta property=\"product:price:currency\" content=\"EUR\" \/>\n<meta property=\"og:availability\" content=\"instock\" \/>\n<meta property=\"product:availability\" content=\"instock\" \/>\n<meta property=\"product:condition\" content=\"new\" \/>\n<!-- \/ Yoast SEO Premium plugin. -->","yoast_head_json":{"title":"Flor CBD Indoor Hidrop\u00f3nica Amnesia | Iguana Smoke","description":"Prze\u017cyj wyj\u0105tkowe do\u015bwiadczenie z kwiatami CBD Amnesia Indoor Hydroponic. Ich b\u0142yszcz\u0105ce i \u017cywiczne p\u0105ki, uprawiane w wodzie, sprawiaj\u0105, \u017ce jest imponuj\u0105ca.","robots":{"index":"index","follow":"follow","max-snippet":"max-snippet:-1","max-image-preview":"max-image-preview:large","max-video-preview":"max-video-preview:-1"},"canonical":"https:\/\/iguanasmoke.com\/pl\/product-2\/kwiat-konopi-cbd-uprawiany-w-pomieszczeniu-metoda-hydroponiczna-odmiana-amnesia\/","og_locale":"pl_PL","og_type":"article","og_title":"Flor CBD Indoor Hidrop\u00f3nica Amnesia","og_description":"Destacando por su potencia y aroma, esta variedad Hidrop\u00f3nica tiene:    Cultivo interior premium Indoor  Cultivo Hidrop\u00f3nico en agua  CBD: entre 12-14%   THC: &lt;0,3%   100% legal en Europa   Sin aditivos ni pesticidas; cultivo ecol\u00f3gico   Aroma potente, c\u00edtrico con notas terrosas  Consulta el an\u00e1lisis de laboratorio.","og_url":"https:\/\/iguanasmoke.com\/pl\/product-2\/kwiat-konopi-cbd-uprawiany-w-pomieszczeniu-metoda-hydroponiczna-odmiana-amnesia\/","og_site_name":"Iguana Smoke","article_publisher":"https:\/\/www.facebook.com\/iguanasmoke","article_modified_time":"2026-05-12T13:13:53+00:00","og_image":[{"width":1000,"height":1000,"url":"https:\/\/iguanasmoke.com\/wp-content\/uploads\/2026\/05\/Amnesia-hidroponica.webp","type":"image\/webp"}],"twitter_card":"summary_large_image","twitter_misc":{"Cena":"","Dost\u0119pno\u015b\u0107":"Dost\u0119pny"},"schema":{"@context":"https:\/\/schema.org","@graph":[{"@type":"WebPage","@id":"https:\/\/iguanasmoke.com\/producto\/flor-cbd-indoor-hidroponica-amnesia\/","url":"https:\/\/iguanasmoke.com\/producto\/flor-cbd-indoor-hidroponica-amnesia\/","name":"Flor CBD Indoor Hidrop\u00f3nica Amnesia | Iguana Smoke","isPartOf":{"@id":"https:\/\/iguanasmoke.com\/#website"},"primaryImageOfPage":{"@id":"https:\/\/iguanasmoke.com\/producto\/flor-cbd-indoor-hidroponica-amnesia\/#primaryimage"},"image":{"@id":"https:\/\/iguanasmoke.com\/producto\/flor-cbd-indoor-hidroponica-amnesia\/#primaryimage"},"thumbnailUrl":"https:\/\/iguanasmoke.com\/wp-content\/uploads\/2026\/05\/Amnesia-hidroponica.webp","datePublished":"2026-05-12T11:54:12+00:00","dateModified":"2026-05-12T13:13:53+00:00","description":"Prze\u017cyj wyj\u0105tkowe do\u015bwiadczenie z kwiatami CBD Amnesia Indoor Hydroponic. Ich b\u0142yszcz\u0105ce i \u017cywiczne p\u0105ki, uprawiane w wodzie, sprawiaj\u0105, \u017ce jest imponuj\u0105ca.","breadcrumb":{"@id":"https:\/\/iguanasmoke.com\/producto\/flor-cbd-indoor-hidroponica-amnesia\/#breadcrumb"},"inLanguage":"pl-PL","potentialAction":[{"@type":"ReadAction","target":["https:\/\/iguanasmoke.com\/producto\/flor-cbd-indoor-hidroponica-amnesia\/"]}]},{"@type":"ImageObject","inLanguage":"pl-PL","@id":"https:\/\/iguanasmoke.com\/producto\/flor-cbd-indoor-hidroponica-amnesia\/#primaryimage","url":"https:\/\/iguanasmoke.com\/wp-content\/uploads\/2026\/05\/Amnesia-hidroponica.webp","contentUrl":"https:\/\/iguanasmoke.com\/wp-content\/uploads\/2026\/05\/Amnesia-hidroponica.webp","width":1000,"height":1000,"caption":"Flor CBD Indoor Amnesia hidroponica bolsa moneda y cogollo"},{"@type":"BreadcrumbList","@id":"https:\/\/iguanasmoke.com\/producto\/flor-cbd-indoor-hidroponica-amnesia\/#breadcrumb","itemListElement":[{"@type":"ListItem","position":1,"name":"home","item":"https:\/\/iguanasmoke.com\/"},{"@type":"ListItem","position":2,"name":"Tienda","item":"https:\/\/iguanasmoke.com\/tienda\/"},{"@type":"ListItem","position":3,"name":"Flores de CBD","item":"https:\/\/iguanasmoke.com\/categoria\/comprar-flores-de-cbd-cogollos\/"},{"@type":"ListItem","position":4,"name":"Flores CBD Indoor","item":"https:\/\/iguanasmoke.com\/categoria\/comprar-flores-de-cbd-cogollos\/flores-cbd-indoor\/"},{"@type":"ListItem","position":5,"name":"Flor CBD Indoor Hidrop\u00f3nica Amnesia"}]},{"@type":"WebSite","@id":"https:\/\/iguanasmoke.com\/#website","url":"https:\/\/iguanasmoke.com\/","name":"Iguana Smoke","description":"Kup CBD online w najlepszej cenie","publisher":{"@id":"https:\/\/iguanasmoke.com\/#organization"},"potentialAction":[{"@type":"SearchAction","target":{"@type":"EntryPoint","urlTemplate":"https:\/\/iguanasmoke.com\/?s={search_term_string}"},"query-input":{"@type":"PropertyValueSpecification","valueRequired":true,"valueName":"search_term_string"}}],"inLanguage":"pl-PL"},{"@type":"Organization","@id":"https:\/\/iguanasmoke.com\/#organization","name":"Iguana Smoke","url":"https:\/\/iguanasmoke.com\/","logo":{"@type":"ImageObject","inLanguage":"pl-PL","@id":"https:\/\/iguanasmoke.com\/#\/schema\/logo\/image\/","url":"https:\/\/iguanasmoke.com\/wp-content\/uploads\/2025\/01\/logoiguana-favi-1.png","contentUrl":"https:\/\/iguanasmoke.com\/wp-content\/uploads\/2025\/01\/logoiguana-favi-1.png","width":512,"height":512,"caption":"Iguana Smoke"},"image":{"@id":"https:\/\/iguanasmoke.com\/#\/schema\/logo\/image\/"},"sameAs":["https:\/\/www.facebook.com\/iguanasmoke","https:\/\/www.instagram.com\/iguanasmoke\/"]}]},"product_brand":"simple","product_price_currency":"EUR","og_availability":"instock","product_availability":"instock","product_condition":"new"},"_links":{"self":[{"href":"https:\/\/iguanasmoke.com\/pl\/wp-json\/wp\/v2\/product\/87211","targetHints":{"allow":["GET"]}}],"collection":[{"href":"https:\/\/iguanasmoke.com\/pl\/wp-json\/wp\/v2\/product"}],"about":[{"href":"https:\/\/iguanasmoke.com\/pl\/wp-json\/wp\/v2\/types\/product"}],"replies":[{"embeddable":true,"href":"https:\/\/iguanasmoke.com\/pl\/wp-json\/wp\/v2\/comments?post=87211"}],"wp:featuredmedia":[{"embeddable":true,"href":"https:\/\/iguanasmoke.com\/pl\/wp-json\/wp\/v2\/media\/87218"}],"wp:attachment":[{"href":"https:\/\/iguanasmoke.com\/pl\/wp-json\/wp\/v2\/media?parent=87211"}],"wp:term":[{"taxonomy":"product_brand","embeddable":true,"href":"https:\/\/iguanasmoke.com\/pl\/wp-json\/wp\/v2\/product_brand?post=87211"},{"taxonomy":"product_cat","embeddable":true,"href":"https:\/\/iguanasmoke.com\/pl\/wp-json\/wp\/v2\/product_cat?post=87211"},{"taxonomy":"product_tag","embeddable":true,"href":"https:\/\/iguanasmoke.com\/pl\/wp-json\/wp\/v2\/product_tag?post=87211"}],"curies":[{"name":"wp","href":"https:\/\/api.w.org\/{rel}","templated":true}]}}