{"id":9479,"date":"2021-07-08T19:11:58","date_gmt":"2021-07-08T17:11:58","guid":{"rendered":"http:\/\/iguanasmoke.com\/?post_type=product&#038;p=9479"},"modified":"2026-03-24T13:19:25","modified_gmt":"2026-03-24T12:19:25","slug":"kup-kwiaty-cbd-pre-roll-stozek-king-size-stozek-cbd-1gr","status":"publish","type":"product","link":"https:\/\/iguanasmoke.com\/pl\/producto\/comprar-cbd-flores-pre-roll-cono-king-size-cbd-1gr\/","title":{"rendered":"Pre Roll CBD - sto\u017cek CBD King Size"},"content":{"rendered":"<h1><span style=\"font-weight: 400;\">Pre Roll CBD- King Size Cone\u00a0<\/span><\/h1>\n<p data-start=\"277\" data-end=\"346\"><span style=\"font-weight: 400;\">Szukasz <strong>Pre Roll CBD<\/strong> mocny i o doskona\u0142ej jako\u015bci kwiatu premium? The <strong>King Size CBD Cone od Iguana Smoke<\/strong> to idealny wyb\u00f3r dla tych, kt\u00f3rzy chc\u0105 cieszy\u0107 si\u0119 kannabidiolem bez k\u0142opot\u00f3w: otwarty, lekki i relaksuj\u0105cy. <\/span><\/p>\n<p data-start=\"277\" data-end=\"346\"><span style=\"font-weight: 400;\">Ten wst\u0119pnie licencjonowany sto\u017cek zawiera <strong>1g kwiatu CBD Sour Tsunami<\/strong>, uprawiane ekologicznie i <strong>\u017cadnych resztek, okrawk\u00f3w ani mieszanek<\/strong>. Tylko <strong>gotowy kwiat premium<\/strong> zaoferowa\u0107 <strong>Mi\u0119kkie, naturalne i bardzo ch\u0142odne do\u015bwiadczenie<\/strong>. <\/span><\/p>\n<p data-start=\"277\" data-end=\"346\"><span style=\"font-weight: 400;\">Odkryj wi\u0119cej format\u00f3w dla <a href=\"https:\/\/iguanasmoke.com\/pl\/kategoria\/flores\/kwiaty-cbd-2\/\"><strong>kupi\u0107 kwiaty CBD<\/strong><\/a>, gdzie odkryjesz nasz szeroki wyb\u00f3r wysokiej jako\u015bci kwiat\u00f3w CBD.<\/span><\/p>\n<p data-start=\"277\" data-end=\"346\"><span style=\"color: #ffffff;\">\u2013<\/span><\/p>\n<h2><strong>Wysokiej jako\u015bci CBD Pre Rolls - szybko, czysto i prosto<\/strong><\/h2>\n<p><span style=\"font-weight: 400;\">Nasz <strong>Cone King Size CBD<\/strong> jest zaanga\u017cowany w <strong>ekologiczny papier surowy<\/strong>, wolne od chemikali\u00f3w, dodatk\u00f3w i barwnik\u00f3w. Wewn\u0105trz znajduj\u0105 si\u0119 wyselekcjonowane kwiaty z <strong>15% CBD<\/strong> i mniej ni\u017c <strong>0,3% THC<\/strong>. Tak wi\u0119c 100% s\u0105 legalne w Hiszpanii i Europie.<\/span><\/p>\n<p><span style=\"font-weight: 400;\">Ten format XL jest idealny dla tych, kt\u00f3rzy chc\u0105 <strong>kupi\u0107 kwiaty CBD<\/strong> ju\u017c wst\u0119pnie zwini\u0119te bez po\u015bwi\u0119cania aromatu, mocy i jako\u015bci dobrego kwiatu. To nie jest zwyk\u0142y Pre Roll, to jest <strong>jako\u015b\u0107 premium<\/strong>, Zaprojektowany dla tych, kt\u00f3rzy szukaj\u0105 komfortu bez utraty intensywno\u015bci.\u00a0<\/span><\/p>\n<p>&nbsp;<\/p>\n<h2 data-start=\"1495\" data-end=\"1540\">Cechy sto\u017cka CBD King Size:<\/h2>\n<ul>\n<li><span style=\"font-weight: 400;\"><strong>1 gram<\/strong> prawdziwego kwiatu <strong>Sour Tsunami <\/strong><\/span><\/li>\n<li><span style=\"font-weight: 400;\"><strong>CBD<\/strong> na <strong>15%<\/strong> y <strong>THC &lt;0,3%<\/strong> -Legalny produkt bez efekt\u00f3w psychoaktywnych <\/span><\/li>\n<li><span style=\"font-weight: 400;\"><strong>Surowe papiery<\/strong> organiczne i wolne od chemikali\u00f3w <\/span><\/li>\n<li><span style=\"font-weight: 400;\"><strong>Dominuj\u0105ca Sativa<\/strong>, o s\u0142odkim i intensywnym aromacie <\/span><\/li>\n<li><span style=\"font-weight: 400;\"><strong>Rolnictwo ekologiczne<\/strong>, wolne od pestycyd\u00f3w i GMO<\/span><\/li>\n<li><span style=\"font-weight: 400;\">Gotowy do u\u017cycia, <strong>niezmieszane i rozwini\u0119te<\/strong><\/span><\/li>\n<\/ul>\n<p>&nbsp;<\/p>\n<h2><b>Gdzie kupi\u0107 Pre Roll CBD online?<\/b><b>?<\/b><\/h2>\n<p><span style=\"font-weight: 400;\">Oczywi\u015bcie w <strong>Iguana Smoke. <\/strong>Naszym priorytetem jest jako\u015b\u0107 i przejrzysto\u015b\u0107 ka\u017cdego produktu. Nasze rolki Pre Roll s\u0105 wykonane z autentycznych <strong>kwiaty konopi<\/strong>. S\u0105 one starannie wyselekcjonowane i <strong>uk\u0105szenia<\/strong> aby zachowa\u0107 ca\u0142y aromat, moc i naturalne w\u0142a\u015bciwo\u015bci. <\/span><span style=\"font-weight: 400;\">Podobnie jak w przypadku naszych <strong>CBD Cone<\/strong>, Nowy, wygodny i praktyczny design przyci\u0105ga wzrok.<\/span><\/p>\n<p><span style=\"font-weight: 400;\">To jest bezpieczne miejsce do <strong>kupi\u0107 Pre Roll CBD online w Hiszpanii.<\/strong> Wszystkie nasze produkty s\u0105 zatwierdzone przez UE, co gwarantuje ich legalno\u015b\u0107 i bezpiecze\u0144stwo. Ponadto, je\u015bli chcesz, mo\u017cesz skonsultowa\u0107 si\u0119 z<\/span><strong> <a href=\"https:\/\/iguanasmoke.com\/pl\/analityka\/\">analiza laboratoryjna.<\/a>\u00a0<\/strong><\/p>\n<p><span style=\"font-weight: 400;\">Nie zapomnij uzupe\u0142ni\u0107 swojego do\u015bwiadczenia o <a href=\"https:\/\/iguanasmoke.com\/pl\/product-2\/uchwyt-rolki-wstepnej\/\"><strong>Uchwyt na rolk\u0119 Iguana Smoke<\/strong><\/a> i przetestowa\u0107 <strong>nowy Pre Roll<\/strong> pe\u0142ne naszej modnej moleku\u0142y: <strong><a href=\"https:\/\/iguanasmoke.com\/pl\/product-2\/pre-roll-10-oh-king-size-1-5g\/\">Pre Roll 10-OH - King Size Cone<\/a><\/strong>. Je\u015bli lubisz kwiaty CBD, odkryj <\/span><span style=\"font-weight: 400;\">inne <strong>TOP produkty<\/strong> jako <a href=\"https:\/\/iguanasmoke.com\/pl\/product-2\/comprar-flor-cbd-pop-corn-sour-tsunami-25gr-cogollos-online\/\"><strong>Pop Corn 25g<\/strong><\/a> lub <strong><a href=\"https:\/\/iguanasmoke.com\/pl\/kategoria\/cbd\/gotowy-do-pracy\/\">Ready To Roll<\/a><\/strong>. <\/span><span style=\"font-weight: 400;\">Poznaj nasz\u0105 ofert\u0119 <strong><a href=\"https:\/\/iguanasmoke.com\/pl\/kategoria\/ekstrakty-cbd\/\">Ekstrakty CBD<\/a><\/strong> y <strong><a href=\"https:\/\/iguanasmoke.com\/pl\/kategoria\/hash-cbd\/\">\u017bywice CBD<\/a><\/strong> i halucynacje.\u00a0<\/span><\/p>\n<p>Szybka dostawa, dok\u0142adna uwaga i sklep z dyskretnym i bezpiecznym opakowaniem, kt\u00f3ry idzie naprz\u00f3d, tylko po to, aby\u015b m\u00f3g\u0142 si\u0119 cieszy\u0107!<\/p>\n<p>&nbsp;<\/p>\n<h3><b>Iguana Smoke to Tw\u00f3j internetowy sklep z CBD\u00a0<\/b><\/h3>\n<p><span style=\"font-weight: 400;\">Przy<strong> Iguana Smoke<\/strong>, Wierzymy, \u017ce korzystanie z CBD powinno by\u0107 bezpiecznym i przyjemnym do\u015bwiadczeniem. W\u0142a\u015bnie dlatego oferujemy produkty takie jak ten <em>Pre Roll - CBD King Size Cone<\/em> wysoka jako\u015b\u0107, kt\u00f3ra \u0142\u0105czy si\u0119 z nowymi pokoleniami: lud\u017ami, kt\u00f3rzy szukaj\u0105 nieskomplikowanego wellness, z autentycznymi i niezawodnymi markami. To jest tw\u00f3j Pre Roll CBD: bez mielenia, bez zwijania, bez k\u0142opot\u00f3w.\u00a0<\/span><\/p>\n<p>Nasza misja jest jasna: dostarcza\u0107 najlepsze kannabinoidy w uczciwej cenie. Ponadto dajemy ci spok\u00f3j ducha, wiedz\u0105c, \u017ce wybierasz certyfikowany, skuteczny i legalny produkt 100%. Tw\u00f3j czas relaksu zaczyna si\u0119 z nami.<\/p>\n<p>Nadal masz w\u0105tpliwo\u015bci? Napisz do nas, a z przyjemno\u015bci\u0105 pomo\u017cemy Ci znale\u017a\u0107 odpowiedni produkt dla Ciebie*.<\/p>\n<p>&nbsp;<\/p>\n<p style=\"padding-left: 40px; text-align: center;\"><em><span style=\"font-weight: 400;\">\u26a0\ufe0fRecuerda: jego u\u017cycie jest przeznaczone do zbierania lub aromaterapii zgodnie z hiszpa\u0144skimi przepisami. <\/span><\/em><\/p>\n<p><em><span style=\"font-weight: 400;\">*Wszystkie nasze produkty pochodz\u0105 z certyfikowanych konopi przemys\u0142owych. Zawieraj\u0105 mniej ni\u017c 0,3 THC i nie zawieraj\u0105 nielegalnych kannabinoid\u00f3w, takich jak HHC, HHC-P, THCP, THCP-O, H4CBD i tych zawartych w za\u0142\u0105czniku I do dekretu kr\u00f3lewskiego 2829\/1977, ani substancji kontrolowanych przez konwencje mi\u0119dzynarodowe.\u00a0\u00a0<\/span><\/em><\/p>","protected":false},"excerpt":{"rendered":"<p>Format XL zapewnia wygod\u0119, s\u0142odki aromat i najwy\u017csz\u0105 jako\u015b\u0107:<\/p>\n<ul>\n<li>Nie u\u017cywamy ozd\u00f3b, tylko najwy\u017cszej jako\u015bci kwiat\u00f3w.<\/li>\n<li>Dominuj\u0105ca Sativa<\/li>\n<li>Variety Sour Tsunami<\/li>\n<li style=\"text-align: justify;\">Przybli\u017cona ilo\u015b\u0107 kwiat\u00f3w: 1 gram<\/li>\n<li style=\"text-align: justify;\">CBD: 15% \/ THC: &lt; 0,3%<\/li>\n<li style=\"text-align: justify;\">100% legalny w Europie<\/li>\n<\/ul>\n<p>Analiza jako\u015bci <a href=\"https:\/\/iguanasmoke.com\/wp-content\/uploads\/2018\/02\/Pre-Rolls-de-CBD.pdf\" target=\"_blank\" rel=\"noopener\">tutaj<\/a><\/p>","protected":false},"featured_media":15081,"comment_status":"open","ping_status":"closed","template":"","meta":{"_acf_changed":false,"site-sidebar-layout":"default","site-content-layout":"default","ast-site-content-layout":"default","site-content-style":"default","site-sidebar-style":"default","ast-global-header-display":"","ast-banner-title-visibility":"","ast-main-header-display":"","ast-hfb-above-header-display":"","ast-hfb-below-header-display":"","ast-hfb-mobile-header-display":"","site-post-title":"","ast-breadcrumbs-content":"","ast-featured-img":"","footer-sml-layout":"","theme-transparent-header-meta":"default","adv-header-id-meta":"","stick-header-meta":"","header-above-stick-meta":"","header-main-stick-meta":"","header-below-stick-meta":"","astra-migrate-meta-layouts":"set","ast-page-background-enabled":"default","ast-page-background-meta":{"desktop":{"background-color":"var(--ast-global-color-4)","background-image":"","background-repeat":"repeat","background-position":"center center","background-size":"auto","background-attachment":"scroll","background-type":"","background-media":"","overlay-type":"","overlay-color":"","overlay-opacity":"","overlay-gradient":""},"tablet":{"background-color":"","background-image":"","background-repeat":"repeat","background-position":"center center","background-size":"auto","background-attachment":"scroll","background-type":"","background-media":"","overlay-type":"","overlay-color":"","overlay-opacity":"","overlay-gradient":""},"mobile":{"background-color":"","background-image":"","background-repeat":"repeat","background-position":"center center","background-size":"auto","background-attachment":"scroll","background-type":"","background-media":"","overlay-type":"","overlay-color":"","overlay-opacity":"","overlay-gradient":""}},"ast-content-background-meta":{"desktop":{"background-color":"var(--ast-global-color-5)","background-image":"","background-repeat":"repeat","background-position":"center center","background-size":"auto","background-attachment":"scroll","background-type":"","background-media":"","overlay-type":"","overlay-color":"","overlay-opacity":"","overlay-gradient":""},"tablet":{"background-color":"var(--ast-global-color-5)","background-image":"","background-repeat":"repeat","background-position":"center center","background-size":"auto","background-attachment":"scroll","background-type":"","background-media":"","overlay-type":"","overlay-color":"","overlay-opacity":"","overlay-gradient":""},"mobile":{"background-color":"var(--ast-global-color-5)","background-image":"","background-repeat":"repeat","background-position":"center center","background-size":"auto","background-attachment":"scroll","background-type":"","background-media":"","overlay-type":"","overlay-color":"","overlay-opacity":"","overlay-gradient":""}}},"product_brand":[],"product_cat":[328,335],"product_tag":[],"class_list":{"0":"post-9479","1":"product","2":"type-product","3":"status-publish","4":"has-post-thumbnail","6":"product_cat-comprar-flores-de-cbd-y-cogollos-de-cbd","7":"product_cat-pre-roll-porros-cbd","8":"desktop-align-center","9":"tablet-align-center","10":"mobile-align-center","12":"first","13":"instock","14":"taxable","15":"shipping-taxable","16":"purchasable","17":"product-type-simple"},"acf":[],"yoast_head":"<!-- This site is optimized with the Yoast SEO Premium plugin v27.3 (Yoast SEO v27.3) - https:\/\/yoast.com\/product\/yoast-seo-premium-wordpress\/ -->\n<title>Pre Roll CBD - Cono King Size | Iguana Smoke<\/title>\n<meta name=\"description\" content=\"Prueba el Pre Roll CBD de Iguana Smoke y siente la diferencia. Con flor ecol\u00f3gica y calidad excepcional, este Cono King Size CBD ser\u00e1 tu perdici\u00f3n.\" \/>\n<meta name=\"robots\" content=\"index, follow, max-snippet:-1, max-image-preview:large, max-video-preview:-1\" \/>\n<link rel=\"canonical\" href=\"https:\/\/iguanasmoke.com\/pl\/product-2\/kup-kwiaty-cbd-pre-roll-stozek-king-size-stozek-cbd-1gr\/\" \/>\n<meta property=\"og:locale\" content=\"pl_PL\" \/>\n<meta property=\"og:type\" content=\"article\" \/>\n<meta property=\"og:title\" content=\"Pre Roll CBD - Cono King Size de CBD\" \/>\n<meta property=\"og:description\" content=\"Su formato XL ofrece comodidad, aroma dulce y calidad premium:   No usamos trim, solo flores de primera calidad  Dominante Sativa  Variedad Sour Tsunami  Cantidad de flores aproximada: 1 gramo  CBD: 15% \/ THC: &lt; 0,3%  100% legal en Europa  An\u00e1lisis de calidad aqu\u00ed\" \/>\n<meta property=\"og:url\" content=\"https:\/\/iguanasmoke.com\/pl\/product-2\/kup-kwiaty-cbd-pre-roll-stozek-king-size-stozek-cbd-1gr\/\" \/>\n<meta property=\"og:site_name\" content=\"Iguana Smoke\" \/>\n<meta property=\"article:publisher\" content=\"https:\/\/www.facebook.com\/iguanasmoke\" \/>\n<meta property=\"article:modified_time\" content=\"2026-03-24T12:19:25+00:00\" \/>\n<meta property=\"og:image\" content=\"https:\/\/iguanasmoke.com\/wp-content\/uploads\/2021\/07\/Pre-Roll-1G.webp\" \/>\n\t<meta property=\"og:image:width\" content=\"500\" \/>\n\t<meta property=\"og:image:height\" content=\"500\" \/>\n\t<meta property=\"og:image:type\" content=\"image\/webp\" \/>\n<meta name=\"twitter:card\" content=\"summary_large_image\" \/>\n<meta name=\"twitter:label1\" content=\"Cena\" \/>\n\t<meta name=\"twitter:data1\" content=\"5,00&nbsp;&euro;\" \/>\n\t<meta name=\"twitter:label2\" content=\"Dost\u0119pno\u015b\u0107\" \/>\n\t<meta name=\"twitter:data2\" content=\"Dost\u0119pny\" \/>\n<meta property=\"product:brand\" content=\"simple\" \/>\n<meta property=\"product:price:amount\" content=\"5.00\" \/>\n<meta property=\"product:price:currency\" content=\"EUR\" \/>\n<meta property=\"og:availability\" content=\"instock\" \/>\n<meta property=\"product:availability\" content=\"instock\" \/>\n<meta property=\"product:retailer_item_id\" content=\"IS-CONOCBD\" \/>\n<meta property=\"product:condition\" content=\"new\" \/>\n<!-- \/ Yoast SEO Premium plugin. -->","yoast_head_json":{"title":"Pre Roll CBD - King Size Cone | Iguana Smoke","description":"Wypr\u00f3buj Iguana Smoke Pre Roll CBD i poczuj r\u00f3\u017cnic\u0119. Dzi\u0119ki organicznym kwiatom i wyj\u0105tkowej jako\u015bci, ten King Size CBD Cone z pewno\u015bci\u0105 przypadnie Ci do gustu.","robots":{"index":"index","follow":"follow","max-snippet":"max-snippet:-1","max-image-preview":"max-image-preview:large","max-video-preview":"max-video-preview:-1"},"canonical":"https:\/\/iguanasmoke.com\/pl\/product-2\/kup-kwiaty-cbd-pre-roll-stozek-king-size-stozek-cbd-1gr\/","og_locale":"pl_PL","og_type":"article","og_title":"Pre Roll CBD - Cono King Size de CBD","og_description":"Su formato XL ofrece comodidad, aroma dulce y calidad premium:   No usamos trim, solo flores de primera calidad  Dominante Sativa  Variedad Sour Tsunami  Cantidad de flores aproximada: 1 gramo  CBD: 15% \/ THC: &lt; 0,3%  100% legal en Europa  An\u00e1lisis de calidad aqu\u00ed","og_url":"https:\/\/iguanasmoke.com\/pl\/product-2\/kup-kwiaty-cbd-pre-roll-stozek-king-size-stozek-cbd-1gr\/","og_site_name":"Iguana Smoke","article_publisher":"https:\/\/www.facebook.com\/iguanasmoke","article_modified_time":"2026-03-24T12:19:25+00:00","og_image":[{"width":500,"height":500,"url":"https:\/\/iguanasmoke.com\/wp-content\/uploads\/2021\/07\/Pre-Roll-1G.webp","type":"image\/webp"}],"twitter_card":"summary_large_image","twitter_misc":{"Cena":"5,00&nbsp;&euro;","Dost\u0119pno\u015b\u0107":"Dost\u0119pny"},"schema":{"@context":"https:\/\/schema.org","@graph":[{"@type":"WebPage","@id":"https:\/\/iguanasmoke.com\/producto\/comprar-cbd-flores-pre-roll-cono-king-size-cbd-1gr\/","url":"https:\/\/iguanasmoke.com\/producto\/comprar-cbd-flores-pre-roll-cono-king-size-cbd-1gr\/","name":"Pre Roll CBD - King Size Cone | Iguana Smoke","isPartOf":{"@id":"https:\/\/iguanasmoke.com\/#website"},"primaryImageOfPage":{"@id":"https:\/\/iguanasmoke.com\/producto\/comprar-cbd-flores-pre-roll-cono-king-size-cbd-1gr\/#primaryimage"},"image":{"@id":"https:\/\/iguanasmoke.com\/producto\/comprar-cbd-flores-pre-roll-cono-king-size-cbd-1gr\/#primaryimage"},"thumbnailUrl":"https:\/\/iguanasmoke.com\/wp-content\/uploads\/2021\/07\/Pre-Roll-1G.webp","datePublished":"2021-07-08T17:11:58+00:00","dateModified":"2026-03-24T12:19:25+00:00","description":"Wypr\u00f3buj Iguana Smoke Pre Roll CBD i poczuj r\u00f3\u017cnic\u0119. Dzi\u0119ki organicznym kwiatom i wyj\u0105tkowej jako\u015bci, ten King Size CBD Cone z pewno\u015bci\u0105 przypadnie Ci do gustu.","breadcrumb":{"@id":"https:\/\/iguanasmoke.com\/producto\/comprar-cbd-flores-pre-roll-cono-king-size-cbd-1gr\/#breadcrumb"},"inLanguage":"pl-PL","potentialAction":[{"@type":"ReadAction","target":["https:\/\/iguanasmoke.com\/producto\/comprar-cbd-flores-pre-roll-cono-king-size-cbd-1gr\/"]}]},{"@type":"ImageObject","inLanguage":"pl-PL","@id":"https:\/\/iguanasmoke.com\/producto\/comprar-cbd-flores-pre-roll-cono-king-size-cbd-1gr\/#primaryimage","url":"https:\/\/iguanasmoke.com\/wp-content\/uploads\/2021\/07\/Pre-Roll-1G.webp","contentUrl":"https:\/\/iguanasmoke.com\/wp-content\/uploads\/2021\/07\/Pre-Roll-1G.webp","width":500,"height":500,"caption":"pre roll cbd. Cono King Size CBD"},{"@type":"BreadcrumbList","@id":"https:\/\/iguanasmoke.com\/producto\/comprar-cbd-flores-pre-roll-cono-king-size-cbd-1gr\/#breadcrumb","itemListElement":[{"@type":"ListItem","position":1,"name":"home","item":"https:\/\/iguanasmoke.com\/"},{"@type":"ListItem","position":2,"name":"Tienda","item":"https:\/\/iguanasmoke.com\/tienda\/"},{"@type":"ListItem","position":3,"name":"Pre Rolls","item":"https:\/\/iguanasmoke.com\/categoria\/pre-roll-porros-cbd\/"},{"@type":"ListItem","position":4,"name":"Pre Roll CBD &#8211; Cono King Size de CBD"}]},{"@type":"WebSite","@id":"https:\/\/iguanasmoke.com\/#website","url":"https:\/\/iguanasmoke.com\/","name":"Iguana Smoke","description":"Kup CBD online w najlepszej cenie","publisher":{"@id":"https:\/\/iguanasmoke.com\/#organization"},"potentialAction":[{"@type":"SearchAction","target":{"@type":"EntryPoint","urlTemplate":"https:\/\/iguanasmoke.com\/?s={search_term_string}"},"query-input":{"@type":"PropertyValueSpecification","valueRequired":true,"valueName":"search_term_string"}}],"inLanguage":"pl-PL"},{"@type":"Organization","@id":"https:\/\/iguanasmoke.com\/#organization","name":"Iguana Smoke","url":"https:\/\/iguanasmoke.com\/","logo":{"@type":"ImageObject","inLanguage":"pl-PL","@id":"https:\/\/iguanasmoke.com\/#\/schema\/logo\/image\/","url":"https:\/\/iguanasmoke.com\/wp-content\/uploads\/2025\/01\/logoiguana-favi-1.png","contentUrl":"https:\/\/iguanasmoke.com\/wp-content\/uploads\/2025\/01\/logoiguana-favi-1.png","width":512,"height":512,"caption":"Iguana Smoke"},"image":{"@id":"https:\/\/iguanasmoke.com\/#\/schema\/logo\/image\/"},"sameAs":["https:\/\/www.facebook.com\/iguanasmoke","https:\/\/www.instagram.com\/iguanasmoke\/"]}]},"product_brand":"simple","product_price_amount":"5.00","product_price_currency":"EUR","og_availability":"instock","product_availability":"instock","product_retailer_item_id":"IS-CONOCBD","product_condition":"new"},"_links":{"self":[{"href":"https:\/\/iguanasmoke.com\/pl\/wp-json\/wp\/v2\/product\/9479","targetHints":{"allow":["GET"]}}],"collection":[{"href":"https:\/\/iguanasmoke.com\/pl\/wp-json\/wp\/v2\/product"}],"about":[{"href":"https:\/\/iguanasmoke.com\/pl\/wp-json\/wp\/v2\/types\/product"}],"replies":[{"embeddable":true,"href":"https:\/\/iguanasmoke.com\/pl\/wp-json\/wp\/v2\/comments?post=9479"}],"wp:featuredmedia":[{"embeddable":true,"href":"https:\/\/iguanasmoke.com\/pl\/wp-json\/wp\/v2\/media\/15081"}],"wp:attachment":[{"href":"https:\/\/iguanasmoke.com\/pl\/wp-json\/wp\/v2\/media?parent=9479"}],"wp:term":[{"taxonomy":"product_brand","embeddable":true,"href":"https:\/\/iguanasmoke.com\/pl\/wp-json\/wp\/v2\/product_brand?post=9479"},{"taxonomy":"product_cat","embeddable":true,"href":"https:\/\/iguanasmoke.com\/pl\/wp-json\/wp\/v2\/product_cat?post=9479"},{"taxonomy":"product_tag","embeddable":true,"href":"https:\/\/iguanasmoke.com\/pl\/wp-json\/wp\/v2\/product_tag?post=9479"}],"curies":[{"name":"wp","href":"https:\/\/api.w.org\/{rel}","templated":true}]}}