{"id":9489,"date":"2021-07-09T18:50:27","date_gmt":"2021-07-09T16:50:27","guid":{"rendered":"http:\/\/iguanasmoke.com\/?post_type=product&#038;p=9489"},"modified":"2025-12-22T16:04:52","modified_gmt":"2025-12-22T15:04:52","slug":"olejek-cbd-full-spectrum-30ml-5","status":"publish","type":"product","link":"https:\/\/iguanasmoke.com\/pl\/producto\/aceite-de-cbd-full-spectrum-30ml-5\/","title":{"rendered":"Full Spectrum CBD Oil 5% 30ml"},"content":{"rendered":"<h1><span style=\"font-weight: 400;\">Full Spectrum CBD Oil 5% 30ml<\/span><\/h1>\n<p><span style=\"font-weight: 400;\">Je\u015bli dopiero zaczynasz odkrywa\u0107 \u015bwiat kannabidiolu, a tak\u017ce chcesz<strong> oleje z nasion konopi<\/strong> (CBD) delikatne, zr\u00f3wnowa\u017cone i \u0142atwe w u\u017cyciu, <strong>el Aceite de CBD Full Spectrum 5% 30ml<\/strong> jest w\u0142a\u015bnie tym, czego potrzebujesz. <\/span><\/p>\n<p><span style=\"font-weight: 400;\">Jest to lekka, ale skuteczna opcja, <strong>Idealny dla tych, kt\u00f3rzy chc\u0105 do\u015bwiadczy\u0107 korzy\u015bci<\/strong> z <strong>CBD<\/strong> stopniowo i bez przesady.\u00a0<\/span><\/p>\n<p><span style=\"font-weight: 400;\">Dzi\u0119ki jego <strong>umiarkowane st\u0119\u017cenie<\/strong> jest przeznaczony dla tych, kt\u00f3rzy chc\u0105 zacz\u0105\u0107 powoli, ale bez kompromis\u00f3w w zakresie jako\u015bci i wydajno\u015bci. W\u0142a\u015bnie dlatego sta\u0142 si\u0119 jednym z <strong>Oleje CBD najbardziej polecane dla pocz\u0105tkuj\u0105cych.\u00a0\u00a0<\/strong><\/span><\/p>\n<p>&nbsp;<\/p>\n<h2 data-start=\"591\" data-end=\"904\"><strong>Dlaczego wybra\u0107 pe\u0142ne spektrum oleju CBD? <\/strong><\/h2>\n<p data-start=\"591\" data-end=\"904\"><span style=\"font-weight: 400;\">Ten produkt zawiera <strong>1500 mg CBD w butelce 30 ml<\/strong>, co czyni go bardzo zr\u00f3wnowa\u017con\u0105 opcj\u0105, zar\u00f3wno pod wzgl\u0119dem koncentracji, jak i trwa\u0142o\u015bci. Ponadto jest wykonany z <strong>olej z nasion konopi<\/strong>, kt\u00f3ry zwi\u0119ksza wch\u0142anianie i utrzymuje <strong>naturalne w\u0142a\u015bciwo\u015bci ro\u015bliny<\/strong>. <\/span><\/p>\n<p data-start=\"591\" data-end=\"904\"><span style=\"font-weight: 400;\">Poniewa\u017c jest to <strong>Olej CBD o pe\u0142nym spektrum dzia\u0142ania (szerokie spektrum)<\/strong>, Zachowany jest pe\u0142ny profil konopi, w tym <strong>kannabinoidy, terpeny i flawonoidy<\/strong>. W ten spos\u00f3b dobrze znany <strong>efekt \u015bwity<\/strong>, Po\u0142\u0105czone dzia\u0142anie wszystkich zwi\u0105zk\u00f3w, kt\u00f3re dzia\u0142aj\u0105 synergicznie, aby zapewni\u0107 pe\u0142niejsze i bardziej naturalne samopoczucie.<\/span><\/p>\n<h2 data-start=\"591\" data-end=\"904\"><strong>G\u0142\u00f3wne cechy tego oleju CBD:<\/strong><\/h2>\n<ul>\n<li data-start=\"591\" data-end=\"904\">Olej CBD Full Spectrum 5%% 30ml, idealny dla pocz\u0105tkuj\u0105cych<\/li>\n<li data-start=\"591\" data-end=\"904\">Wyprodukowano z wysokiej jako\u015bci certyfikowanego oleju z nasion konopi<\/li>\n<li data-start=\"591\" data-end=\"904\">Efekt \u0142agodny, progresywny i kontrolowany<\/li>\n<li data-start=\"591\" data-end=\"904\">Brak efekt\u00f3w psychoaktywnych i uczucia \u201cupalenia\u201d<\/li>\n<li data-start=\"591\" data-end=\"904\"><span style=\"font-weight: 400;\">Z mniej ni\u017c 0,3 % THC, zgodnie z przepisami.<\/span><\/li>\n<li data-start=\"591\" data-end=\"904\">Produkt przetestowany w laboratorium i zgodny z normami europejskimi<\/li>\n<li><strong>Do stosowania miejscowego.<\/strong><\/li>\n<\/ul>\n<p>&nbsp;<\/p>\n<h2 data-start=\"591\" data-end=\"904\"><strong>Dla kogo przeznaczony jest ten olej CBD? <\/strong><\/h2>\n<p><span style=\"font-weight: 400;\">To <strong>Full Spectrum CBD Oil 5% 30ml<\/strong> jest idealny dla: <\/span><\/p>\n<ul>\n<li data-start=\"591\" data-end=\"904\"><span style=\"font-weight: 400;\">Ludzie, kt\u00f3rzy si\u0119<strong> rozpoczynaj\u0105 spo\u017cywanie olejk\u00f3w CBD <\/strong><\/span><\/li>\n<li data-start=\"591\" data-end=\"904\"><span style=\"font-weight: 400;\">U\u017cytkownicy, kt\u00f3rzy szukaj\u0105 <strong>efekt \u0142agodny i kontrolowany <\/strong><\/span><\/li>\n<li data-start=\"591\" data-end=\"904\"><span style=\"font-weight: 400;\">Persony <strong>wra\u017cliwe na kannabidiol <\/strong><\/span><\/li>\n<li data-start=\"591\" data-end=\"904\"><span style=\"font-weight: 400;\">Ci, kt\u00f3rzy preferuj\u0105 preparaty z olejem z nasion konopi <\/span><\/li>\n<li data-start=\"591\" data-end=\"904\"><span style=\"font-weight: 400;\">U\u017cytkownicy, kt\u00f3rzy chc\u0105 <strong>kupi\u0107 olej CBD online<\/strong> bezpiecznie.\u00a0<\/span><\/li>\n<\/ul>\n<h2 data-start=\"3142\" data-end=\"3187\"><\/h2>\n<h2><b>Gdzie kupi\u0107 olejki CBD online?<\/b><b>?<\/b><\/h2>\n<p><span style=\"font-weight: 400;\">Oczywi\u015bcie w <strong>Iguana Smoke. <\/strong>Stawiamy na jako\u015b\u0107 i przejrzysto\u015b\u0107 ka\u017cdego produktu. Nasz <strong>Full Spectrum CBD Oil 5% 30ml<\/strong> opiera si\u0119 na <strong>nasiona konopi.<\/strong><\/span><\/p>\n<p><span style=\"font-weight: 400;\">To jest bezpieczne miejsce do <strong>kupi\u0107 oleje CBD online w Hiszpanii.<\/strong> Wszystkie nasze produkty s\u0105 zatwierdzone przez UE, co gwarantuje ich legalno\u015b\u0107 i bezpiecze\u0144stwo. Ponadto, je\u015bli chcesz, mo\u017cesz skonsultowa\u0107 si\u0119 z<\/span><strong> <a href=\"https:\/\/iguanasmoke.com\/pl\/analityka\/\">analiza laboratoryjna.<\/a>\u00a0<\/strong><\/p>\n<p><span style=\"font-weight: 400;\">Je\u015bli lubisz kwiaty CBD, dowiedz si\u0119 wi\u0119cej o <\/span><span style=\"font-weight: 400;\">inne <strong>TOP produkty<\/strong> jako <strong><a href=\"https:\/\/iguanasmoke.com\/pl\/product-2\/kup-amnezje-kwiatowa-cbd-cbd-paki-online\/\">Kwiaty CBD<\/a><\/strong>. <\/span><span style=\"font-weight: 400;\">Zapoznaj si\u0119 r\u00f3wnie\u017c z nasz\u0105 szerok\u0105 gam\u0105 <strong><a href=\"https:\/\/iguanasmoke.com\/pl\/kategoria\/ekstrakty-cbd\/\">Ekstrakty CBD<\/a><\/strong> y <strong><a href=\"https:\/\/iguanasmoke.com\/pl\/kategoria\/hash-cbd\/\">\u017bywice CBD<\/a>.<\/strong><\/span><\/p>\n<p>Szybka dostawa, dok\u0142adna uwaga i sklep z dyskretnym i bezpiecznym opakowaniem, kt\u00f3ry idzie naprz\u00f3d, tylko po to, aby\u015b m\u00f3g\u0142 si\u0119 cieszy\u0107!<\/p>\n<p>&nbsp;<\/p>\n<h3><b>Iguana Smoke to Tw\u00f3j internetowy sklep z CBD\u00a0<\/b><\/h3>\n<p><span style=\"font-weight: 400;\">Przy<strong> Iguana Smoke<\/strong>, Wierzymy, \u017ce korzystanie z CBD powinno by\u0107 bezpiecznym i przyjemnym do\u015bwiadczeniem. W\u0142a\u015bnie dlatego oferujemy produkty takie jak ten <strong>Full Spectrum CBD Oil 5% 30ml <\/strong>jako\u015b\u0107, kt\u00f3ra \u0142\u0105czy si\u0119 z nowymi pokoleniami: lud\u017ami, kt\u00f3rzy szukaj\u0105 nieskomplikowanego wellness, z autentycznymi i niezawodnymi markami.\u00a0<\/span><\/p>\n<p>Nasza misja jest jasna: dostarcza\u0107 najlepsze produkty CBD w uczciwej cenie. Ponadto zapewniamy spok\u00f3j ducha, kt\u00f3ry wynika ze \u015bwiadomo\u015bci, \u017ce wybierasz certyfikowany, skuteczny i legalny produkt 100%. Twoja chwila relaksu zaczyna si\u0119 u nas.<\/p>\n<p>Nadal masz w\u0105tpliwo\u015bci? Napisz do nas, a z przyjemno\u015bci\u0105 pomo\u017cemy Ci znale\u017a\u0107 odpowiedni produkt.<\/p>","protected":false},"excerpt":{"rendered":"<p><span style=\"font-weight: 400;\">To <strong>Full Spectrum CBD Oil 5% 30ml<\/strong> ze swoim \u0142agodnym st\u0119\u017ceniem pozwala cieszy\u0107 si\u0119 korzy\u015bciami p\u0142yn\u0105cymi z kannabidiolu w spos\u00f3b stopniowy i naturalny, bez efekt\u00f3w psychoaktywnych.\u00a0<strong>Do stosowania miejscowego.<\/strong><\/span><\/p>\n<p>Sk\u0142adniki:<br \/>\n-Olej z nasion konopi 10ml<br \/>\n-Ekstrakt CBD (Full Spectrum) 1500 mg<\/p>","protected":false},"featured_media":26255,"comment_status":"open","ping_status":"closed","template":"","meta":{"_acf_changed":false,"site-sidebar-layout":"default","site-content-layout":"","ast-site-content-layout":"default","site-content-style":"default","site-sidebar-style":"default","ast-global-header-display":"","ast-banner-title-visibility":"","ast-main-header-display":"","ast-hfb-above-header-display":"","ast-hfb-below-header-display":"","ast-hfb-mobile-header-display":"","site-post-title":"","ast-breadcrumbs-content":"","ast-featured-img":"","footer-sml-layout":"","theme-transparent-header-meta":"default","adv-header-id-meta":"","stick-header-meta":"","header-above-stick-meta":"","header-main-stick-meta":"","header-below-stick-meta":"","astra-migrate-meta-layouts":"set","ast-page-background-enabled":"default","ast-page-background-meta":{"desktop":{"background-color":"var(--ast-global-color-4)","background-image":"","background-repeat":"repeat","background-position":"center center","background-size":"auto","background-attachment":"scroll","background-type":"","background-media":"","overlay-type":"","overlay-color":"","overlay-opacity":"","overlay-gradient":""},"tablet":{"background-color":"","background-image":"","background-repeat":"repeat","background-position":"center center","background-size":"auto","background-attachment":"scroll","background-type":"","background-media":"","overlay-type":"","overlay-color":"","overlay-opacity":"","overlay-gradient":""},"mobile":{"background-color":"","background-image":"","background-repeat":"repeat","background-position":"center center","background-size":"auto","background-attachment":"scroll","background-type":"","background-media":"","overlay-type":"","overlay-color":"","overlay-opacity":"","overlay-gradient":""}},"ast-content-background-meta":{"desktop":{"background-color":"var(--ast-global-color-5)","background-image":"","background-repeat":"repeat","background-position":"center center","background-size":"auto","background-attachment":"scroll","background-type":"","background-media":"","overlay-type":"","overlay-color":"","overlay-opacity":"","overlay-gradient":""},"tablet":{"background-color":"var(--ast-global-color-5)","background-image":"","background-repeat":"repeat","background-position":"center center","background-size":"auto","background-attachment":"scroll","background-type":"","background-media":"","overlay-type":"","overlay-color":"","overlay-opacity":"","overlay-gradient":""},"mobile":{"background-color":"var(--ast-global-color-5)","background-image":"","background-repeat":"repeat","background-position":"center center","background-size":"auto","background-attachment":"scroll","background-type":"","background-media":"","overlay-type":"","overlay-color":"","overlay-opacity":"","overlay-gradient":""}}},"product_brand":[],"product_cat":[309],"product_tag":[],"class_list":{"0":"post-9489","1":"product","2":"type-product","3":"status-publish","4":"has-post-thumbnail","6":"product_cat-aceite-de-cbd","7":"desktop-align-center","8":"tablet-align-center","9":"mobile-align-center","11":"first","12":"instock","13":"taxable","14":"shipping-taxable","15":"purchasable","16":"product-type-simple"},"acf":[],"yoast_head":"<!-- This site is optimized with the Yoast SEO Premium plugin v27.3 (Yoast SEO v27.3) - https:\/\/yoast.com\/product\/yoast-seo-premium-wordpress\/ -->\n<title>Aceite de CBD Full Spectrum 5% 30ml | Iguana Smoke<\/title>\n<meta name=\"description\" content=\"Aceite de CBD Full Spectrum 5% 30ml. Suave, econ\u00f3mico y perfecto para el uso diario. Comprar aceite de CBD nunca fue tan c\u00f3modo ni tan natural.\" \/>\n<meta name=\"robots\" content=\"index, follow, max-snippet:-1, max-image-preview:large, max-video-preview:-1\" \/>\n<link rel=\"canonical\" href=\"https:\/\/iguanasmoke.com\/pl\/product-2\/olejek-cbd-full-spectrum-30ml-5\/\" \/>\n<meta property=\"og:locale\" content=\"pl_PL\" \/>\n<meta property=\"og:type\" content=\"article\" \/>\n<meta property=\"og:title\" content=\"Aceite de CBD Full Spectrum 5% 30ml\" \/>\n<meta property=\"og:description\" content=\"Este Aceite de CBD Full Spectrum 5% 30ml con su suave concentraci\u00f3n permite disfrutar de los beneficios del cannabidiol de forma progresiva y natural, sin efectos psicoactivos.\u00a0De uso t\u00f3pico.  Ingredientes: -Aceite de semillas de c\u00e1\u00f1amo 10ml -Extracto de CBD (Full Spectrum) 1500mg\" \/>\n<meta property=\"og:url\" content=\"https:\/\/iguanasmoke.com\/pl\/product-2\/olejek-cbd-full-spectrum-30ml-5\/\" \/>\n<meta property=\"og:site_name\" content=\"Iguana Smoke\" \/>\n<meta property=\"article:publisher\" content=\"https:\/\/www.facebook.com\/iguanasmoke\" \/>\n<meta property=\"article:modified_time\" content=\"2025-12-22T15:04:52+00:00\" \/>\n<meta property=\"og:image\" content=\"https:\/\/iguanasmoke.com\/wp-content\/uploads\/2021\/07\/BOX-y-BTL-30ml-5.webp\" \/>\n\t<meta property=\"og:image:width\" content=\"500\" \/>\n\t<meta property=\"og:image:height\" content=\"500\" \/>\n\t<meta property=\"og:image:type\" content=\"image\/webp\" \/>\n<meta name=\"twitter:card\" content=\"summary_large_image\" \/>\n<meta name=\"twitter:label1\" content=\"Cena\" \/>\n\t<meta name=\"twitter:data1\" content=\"39,90&nbsp;&euro;\" \/>\n\t<meta name=\"twitter:label2\" content=\"Dost\u0119pno\u015b\u0107\" \/>\n\t<meta name=\"twitter:data2\" content=\"Dost\u0119pny\" \/>\n<meta property=\"product:brand\" content=\"simple\" \/>\n<meta property=\"product:price:amount\" content=\"39.90\" \/>\n<meta property=\"product:price:currency\" content=\"EUR\" \/>\n<meta property=\"og:availability\" content=\"instock\" \/>\n<meta property=\"product:availability\" content=\"instock\" \/>\n<meta property=\"product:retailer_item_id\" content=\"IS-OIL-FS-30-5\" \/>\n<meta property=\"product:condition\" content=\"new\" \/>\n<!-- \/ Yoast SEO Premium plugin. -->","yoast_head_json":{"title":"Olej CBD Full Spectrum 5%% 30 ml | Iguana Smoke","description":"Aceite de CBD Full Spectrum 5% 30ml. Suave, econ\u00f3mico y perfecto para el uso diario. Comprar aceite de CBD nunca fue tan c\u00f3modo ni tan natural.","robots":{"index":"index","follow":"follow","max-snippet":"max-snippet:-1","max-image-preview":"max-image-preview:large","max-video-preview":"max-video-preview:-1"},"canonical":"https:\/\/iguanasmoke.com\/pl\/product-2\/olejek-cbd-full-spectrum-30ml-5\/","og_locale":"pl_PL","og_type":"article","og_title":"Aceite de CBD Full Spectrum 5% 30ml","og_description":"Este Aceite de CBD Full Spectrum 5% 30ml con su suave concentraci\u00f3n permite disfrutar de los beneficios del cannabidiol de forma progresiva y natural, sin efectos psicoactivos.\u00a0De uso t\u00f3pico.  Ingredientes: -Aceite de semillas de c\u00e1\u00f1amo 10ml -Extracto de CBD (Full Spectrum) 1500mg","og_url":"https:\/\/iguanasmoke.com\/pl\/product-2\/olejek-cbd-full-spectrum-30ml-5\/","og_site_name":"Iguana Smoke","article_publisher":"https:\/\/www.facebook.com\/iguanasmoke","article_modified_time":"2025-12-22T15:04:52+00:00","og_image":[{"width":500,"height":500,"url":"https:\/\/iguanasmoke.com\/wp-content\/uploads\/2021\/07\/BOX-y-BTL-30ml-5.webp","type":"image\/webp"}],"twitter_card":"summary_large_image","twitter_misc":{"Cena":"39,90&nbsp;&euro;","Dost\u0119pno\u015b\u0107":"Dost\u0119pny"},"schema":{"@context":"https:\/\/schema.org","@graph":[{"@type":"WebPage","@id":"https:\/\/iguanasmoke.com\/producto\/aceite-de-cbd-full-spectrum-30ml-5\/","url":"https:\/\/iguanasmoke.com\/producto\/aceite-de-cbd-full-spectrum-30ml-5\/","name":"Olej CBD Full Spectrum 5%% 30 ml | Iguana Smoke","isPartOf":{"@id":"https:\/\/iguanasmoke.com\/#website"},"primaryImageOfPage":{"@id":"https:\/\/iguanasmoke.com\/producto\/aceite-de-cbd-full-spectrum-30ml-5\/#primaryimage"},"image":{"@id":"https:\/\/iguanasmoke.com\/producto\/aceite-de-cbd-full-spectrum-30ml-5\/#primaryimage"},"thumbnailUrl":"https:\/\/iguanasmoke.com\/wp-content\/uploads\/2021\/07\/BOX-y-BTL-30ml-5.webp","datePublished":"2021-07-09T16:50:27+00:00","dateModified":"2025-12-22T15:04:52+00:00","description":"Aceite de CBD Full Spectrum 5% 30ml. Suave, econ\u00f3mico y perfecto para el uso diario. Comprar aceite de CBD nunca fue tan c\u00f3modo ni tan natural.","breadcrumb":{"@id":"https:\/\/iguanasmoke.com\/producto\/aceite-de-cbd-full-spectrum-30ml-5\/#breadcrumb"},"inLanguage":"pl-PL","potentialAction":[{"@type":"ReadAction","target":["https:\/\/iguanasmoke.com\/producto\/aceite-de-cbd-full-spectrum-30ml-5\/"]}]},{"@type":"ImageObject","inLanguage":"pl-PL","@id":"https:\/\/iguanasmoke.com\/producto\/aceite-de-cbd-full-spectrum-30ml-5\/#primaryimage","url":"https:\/\/iguanasmoke.com\/wp-content\/uploads\/2021\/07\/BOX-y-BTL-30ml-5.webp","contentUrl":"https:\/\/iguanasmoke.com\/wp-content\/uploads\/2021\/07\/BOX-y-BTL-30ml-5.webp","width":500,"height":500,"caption":"aceite de cbd 30ml 5% grande"},{"@type":"BreadcrumbList","@id":"https:\/\/iguanasmoke.com\/producto\/aceite-de-cbd-full-spectrum-30ml-5\/#breadcrumb","itemListElement":[{"@type":"ListItem","position":1,"name":"home","item":"https:\/\/iguanasmoke.com\/"},{"@type":"ListItem","position":2,"name":"Tienda","item":"https:\/\/iguanasmoke.com\/tienda\/"},{"@type":"ListItem","position":3,"name":"Aceites de CBD","item":"https:\/\/iguanasmoke.com\/categoria\/aceite-de-cbd\/"},{"@type":"ListItem","position":4,"name":"Aceite de CBD Full Spectrum 5% 30ml"}]},{"@type":"WebSite","@id":"https:\/\/iguanasmoke.com\/#website","url":"https:\/\/iguanasmoke.com\/","name":"Iguana Smoke","description":"Kup CBD online w najlepszej cenie","publisher":{"@id":"https:\/\/iguanasmoke.com\/#organization"},"potentialAction":[{"@type":"SearchAction","target":{"@type":"EntryPoint","urlTemplate":"https:\/\/iguanasmoke.com\/?s={search_term_string}"},"query-input":{"@type":"PropertyValueSpecification","valueRequired":true,"valueName":"search_term_string"}}],"inLanguage":"pl-PL"},{"@type":"Organization","@id":"https:\/\/iguanasmoke.com\/#organization","name":"Iguana Smoke","url":"https:\/\/iguanasmoke.com\/","logo":{"@type":"ImageObject","inLanguage":"pl-PL","@id":"https:\/\/iguanasmoke.com\/#\/schema\/logo\/image\/","url":"https:\/\/iguanasmoke.com\/wp-content\/uploads\/2025\/01\/logoiguana-favi-1.png","contentUrl":"https:\/\/iguanasmoke.com\/wp-content\/uploads\/2025\/01\/logoiguana-favi-1.png","width":512,"height":512,"caption":"Iguana Smoke"},"image":{"@id":"https:\/\/iguanasmoke.com\/#\/schema\/logo\/image\/"},"sameAs":["https:\/\/www.facebook.com\/iguanasmoke","https:\/\/www.instagram.com\/iguanasmoke\/"]}]},"product_brand":"simple","product_price_amount":"39.90","product_price_currency":"EUR","og_availability":"instock","product_availability":"instock","product_retailer_item_id":"IS-OIL-FS-30-5","product_condition":"new"},"_links":{"self":[{"href":"https:\/\/iguanasmoke.com\/pl\/wp-json\/wp\/v2\/product\/9489","targetHints":{"allow":["GET"]}}],"collection":[{"href":"https:\/\/iguanasmoke.com\/pl\/wp-json\/wp\/v2\/product"}],"about":[{"href":"https:\/\/iguanasmoke.com\/pl\/wp-json\/wp\/v2\/types\/product"}],"replies":[{"embeddable":true,"href":"https:\/\/iguanasmoke.com\/pl\/wp-json\/wp\/v2\/comments?post=9489"}],"wp:featuredmedia":[{"embeddable":true,"href":"https:\/\/iguanasmoke.com\/pl\/wp-json\/wp\/v2\/media\/26255"}],"wp:attachment":[{"href":"https:\/\/iguanasmoke.com\/pl\/wp-json\/wp\/v2\/media?parent=9489"}],"wp:term":[{"taxonomy":"product_brand","embeddable":true,"href":"https:\/\/iguanasmoke.com\/pl\/wp-json\/wp\/v2\/product_brand?post=9489"},{"taxonomy":"product_cat","embeddable":true,"href":"https:\/\/iguanasmoke.com\/pl\/wp-json\/wp\/v2\/product_cat?post=9489"},{"taxonomy":"product_tag","embeddable":true,"href":"https:\/\/iguanasmoke.com\/pl\/wp-json\/wp\/v2\/product_tag?post=9489"}],"curies":[{"name":"wp","href":"https:\/\/api.w.org\/{rel}","templated":true}]}}