{"id":42813,"date":"2024-11-05T19:38:37","date_gmt":"2024-11-05T18:38:37","guid":{"rendered":"https:\/\/iguanasmoke.com\/?page_id=42813"},"modified":"2025-11-06T19:00:19","modified_gmt":"2025-11-06T18:00:19","slug":"termos-e-condicoes-concurso-de-amesterdao","status":"publish","type":"page","link":"https:\/\/iguanasmoke.com\/pt\/bases-legales-concurso-amsterdam\/","title":{"rendered":"termos e condi\u00e7\u00f5es concurso de amesterd\u00e3o"},"content":{"rendered":"\t\t<div data-elementor-type=\"wp-page\" data-elementor-id=\"42813\" class=\"elementor elementor-42813\" data-elementor-post-type=\"page\">\n\t\t\t\t<div class=\"elementor-element elementor-element-9dc945d e-con-full e-flex e-con e-parent\" data-id=\"9dc945d\" data-element_type=\"container\" data-e-type=\"container\" data-settings=\"{&quot;background_background&quot;:&quot;classic&quot;}\">\n\t\t\t\t<div class=\"elementor-element elementor-element-ba73dd6 elementor-widget elementor-widget-spacer\" data-id=\"ba73dd6\" data-element_type=\"widget\" data-e-type=\"widget\" data-widget_type=\"spacer.default\">\n\t\t\t\t<div class=\"elementor-widget-container\">\n\t\t\t\t\t\t\t<div class=\"elementor-spacer\">\n\t\t\t<div class=\"elementor-spacer-inner\"><\/div>\n\t\t<\/div>\n\t\t\t\t\t\t<\/div>\n\t\t\t\t<\/div>\n\t\t\t\t<div class=\"elementor-element elementor-element-30ccc42 elementor-widget elementor-widget-heading\" data-id=\"30ccc42\" data-element_type=\"widget\" data-e-type=\"widget\" data-widget_type=\"heading.default\">\n\t\t\t\t<div class=\"elementor-widget-container\">\n\t\t\t\t\t<h2 class=\"elementor-heading-title elementor-size-default\">Bases legales concurso Iguana Smoke<\/h2>\t\t\t\t<\/div>\n\t\t\t\t<\/div>\n\t\t\t\t<div class=\"elementor-element elementor-element-9691583 elementor-widget elementor-widget-spacer\" data-id=\"9691583\" data-element_type=\"widget\" data-e-type=\"widget\" data-widget_type=\"spacer.default\">\n\t\t\t\t<div class=\"elementor-widget-container\">\n\t\t\t\t\t\t\t<div class=\"elementor-spacer\">\n\t\t\t<div class=\"elementor-spacer-inner\"><\/div>\n\t\t<\/div>\n\t\t\t\t\t\t<\/div>\n\t\t\t\t<\/div>\n\t\t\t\t<\/div>\n\t\t<div class=\"elementor-element elementor-element-82ed4d4 e-flex e-con-boxed e-con e-parent\" data-id=\"82ed4d4\" data-element_type=\"container\" data-e-type=\"container\">\n\t\t\t\t\t<div class=\"e-con-inner\">\n\t\t\t\t<div class=\"elementor-element elementor-element-2364e42 elementor-widget elementor-widget-text-editor\" data-id=\"2364e42\" data-element_type=\"widget\" data-e-type=\"widget\" data-widget_type=\"text-editor.default\">\n\t\t\t\t<div class=\"elementor-widget-container\">\n\t\t\t\t\t\t\t\t\t<p><strong>BASES LEGALES PROMOCIONALES DE LA PROMOCI\u00d3N<\/strong><\/p>\n<p><strong>TERCER ANIVERSARIO IGUANA SMOKE \u2013 GANA UN VIAJE A AMSTERDAM<\/strong><\/p>\n<p>La empresa LYFHEMP SL (\u201c<strong>LYF<\/strong>\u201d) con domicilio social en Calle Santa Virgilia 16, Bajo derecha A en Madrid y CIF B05292933, es la organizadora de la presente promoci\u00f3n (en lo sucesivo, \u201c<strong>Promoci\u00f3n<\/strong>\u201d).<\/p>\n<p>La Promoci\u00f3n se anuncia en las redes sociales de Iguana Smoke y estar\u00e1 alojada en la web www.iguanasmoke.com\/concurso-amsterdam-iguana-smoke\/.<\/p>\n<p>S\u00f3lo podr\u00e1n participar en la Promoci\u00f3n aquellas personas que acepten las siguientes <a href=\"https:\/\/iguanasmoke.com\/bases-legales-concurso-amsterdam\/\">condiciones <\/a>de participaci\u00f3n (en lo sucesivo, \u201c<strong>Bases<\/strong>\u201d). La participaci\u00f3n en la Promoci\u00f3n implica, por tanto, la aceptaci\u00f3n de las Bases.<\/p>\n<p>Cada persona que participe en la Promoci\u00f3n ser\u00e1 un \u201cParticipante\u201d a efectos de las Bases.<\/p>\n<p><strong>PRIMERA<\/strong>.-Legitimaci\u00f3n para participar.- Solo pueden participar en esta Promoci\u00f3n de forma voluntaria y gratuita, las personas f\u00edsicas mayores de dieciocho a\u00f1os, residentes en Espa\u00f1a.<\/p>\n<p>No podr\u00e1n participar en la Promoci\u00f3n aquellas personas que tengan relaci\u00f3n directa o indirecta con LYF, quedando excluidos, por tanto, sus empleados y los de sus sociedades controladas o afiliadas.<\/p>\n<p>LYF pretende que la Promoci\u00f3n se desarrolle con respeto a las normas de la buena fe y por ello se reserva el derecho a excluir autom\u00e1tica e inmediatamente de la misma a cualquier Participante que transgreda las normas de la buena fe o presente una conducta inadecuada, emplee medios fraudulentos o incumpla estas Bases en cualquiera de sus extremos.<\/p>\n<p><strong>SEGUNDA<\/strong>.- Territorio.- Esta Promoci\u00f3n estar\u00e1 en vigor en Espa\u00f1a.<\/p>\n<p><strong>TERCERA<\/strong>&#8211; Plazo.- La Promoci\u00f3n se iniciar\u00e1 a las 10:00 horas del d\u00eda 1 de septiembre de 2025 y concluir\u00e1 el d\u00eda 30 de septiembre de 2025 a las 23:59 horas. A partir de ese momento, no se computar\u00e1n, a efectos de su participaci\u00f3n en la Promoci\u00f3n, las personas que se hayan suscrito m\u00e1s all\u00e1 del 30 de septiembre de 2025 a las 23:59 horas.<\/p>\n<p><strong>CUARTA<\/strong>. &nbsp;Forma de participar.- La Promoci\u00f3n ser\u00e1 alojada en la Landing Page [www.iguanasmoke.com] (en lo sucesivo, \u201cLanding\u201d) y el acceso a la misma ser\u00e1 indispensable para poder participar en la Promoci\u00f3n. A partir del primer d\u00eda de Promoci\u00f3n y hasta el \u00faltimo incluido, los Participantes pueden participar en la misma siguiendo el procedimiento siguiente a trav\u00e9s de la Landing:<\/p>\n<p>\u00b7&nbsp;&nbsp;&nbsp;&nbsp;&nbsp;&nbsp; Cumplimentar debidamente el formulario, registrando correctamente la informaci\u00f3n requerida conforme al formulario y estas Bases.<\/p>\n<p>\u00b7&nbsp;&nbsp;&nbsp;&nbsp;&nbsp;&nbsp; Aceptar las presentes Bases Legales.<\/p>\n<p>\u00b7&nbsp;&nbsp;&nbsp;&nbsp;&nbsp;&nbsp; Aceptar la Pol\u00edtica de Privacidad.<\/p>\n<p>\u00b7&nbsp;&nbsp;&nbsp;&nbsp;&nbsp;&nbsp; Deben ser clientes registrados de Iguana Smoke<\/p>\n<p>\u00b7&nbsp;&nbsp;&nbsp;&nbsp;&nbsp;&nbsp; Seguir a Iguana Smoke en Instagram @iguanasmokehq<\/p>\n<p>\u00b7&nbsp;&nbsp;&nbsp;&nbsp;&nbsp;&nbsp; Comentar y compartir la publicaci\u00f3n del concurso compartida en el Instagram de Iguana Smoke @iguanasmokehq<\/p>\n<p>\u00b7&nbsp;&nbsp;&nbsp;&nbsp;&nbsp;&nbsp; Suscribirse a la newsletter de Iguana Smoke en <a href=\"http:\/\/www.iguanasmoke.com\">www.iguanasmoke.com<\/a><\/p>\n<p>Cumplidos todos estos requisitos, la persona se considerar\u00e1 Participante de la Promoci\u00f3n.<\/p>\n<p>Los Participantes tendr\u00e1n que registrarse \u00fanicamente 1 (una) vez. El registro correcto en cualquiera de las Promociones le conceder\u00e1 a cada Participante la participaci\u00f3n en la promoci\u00f3n correspondiente y a su vez la participaci\u00f3n en las consecutivas Promociones, pendientes por activarse en la fecha de registro, pero no en las anteriores.<\/p>\n<p><strong>QUINTA<\/strong>.- Selecci\u00f3n de la persona ganadora.- Entre todos los Participantes que hayan cumplido el previo proceso correctamente habr\u00e1 una (1) persona ganadora que ser\u00e1 seleccionada a trav\u00e9s de un sorteo entre todos los participantes con la aplicaci\u00f3n esypromos.<\/p>\n<p>El nombre de la persona ganadora ser\u00e1 comunicado mediante correo electr\u00f3nico y publicado en las redes de iguana Smoke.<\/p>\n<p>En caso de que no se obtenga respuesta en el plazo de 24 horas desde la comunicaci\u00f3n inicial, LYF podr\u00e1 proceder a contactar con nuevas personas ganadoras que ser\u00e1n elegidas por el mismo procedimiento indicado.<\/p>\n<p>Desde el momento en que las personas ganadoras sean comunicadas se comprometen, por el mero hecho de serlo, a seguir todas las instrucciones que LYF les indique en cada momento (ya sea antes como durante la celebraci\u00f3n del Premio).<\/p>\n<p>Mediante la aceptaci\u00f3n de las presentes Bases, la persona ganadora confirma que conoce las condiciones de participaci\u00f3n de estas Bases y garantiza que es mayor de dieciocho a\u00f1os de edad, tanto dicha persona como su acompa\u00f1ante, en el caso de haberlo.<\/p>\n<p><strong>SEXTA<\/strong>&#8211; Premio.- El Premio consiste en un viaje a Amsterdam, Holanda, para dos personas e incluye dos vuelos desde Espa\u00f1a a Amsterdam con la posibilidad de salir desde Madrid o Barcelona, y dos (2) noches de hotel tres estrellas en una habitaci\u00f3n para dos personas con desayuno incluido. El coste total del viaje nunca superar\u00e1 los 800\u20ac de importe entre vuelos y hoteles. La persona ganadora deber\u00e1 acordar con LYF la fecha del viaje que deber\u00e1 ser entre los meses de octubre 2025 y junio de 2026, evitando fechas de temporada alta como navidad, puentes, etc. Dentro de este plazo, la persona ganadora podr\u00e1 seleccionar la fecha de mutuo acuerdo con LYF en la que realizar\u00e1 el canjeo del premio, siempre sujeto a las condiciones de la empresa organizadora del premio. Si la persona ganadora no canjea el Premio dentro del plazo establecido anteriormente, podr\u00e1 ser sujeto a no poder celebrar el Premio y LYF no se hace responsable de ello.<\/p>\n<p>El Premio no incluir\u00e1 gastos de desplazamiento o dietas que no est\u00e9n expl\u00edcitamente detalladas en estas Bases Legales o en la Promoci\u00f3n en general as\u00ed como ning\u00fan otro gasto originado en la recepci\u00f3n y materializaci\u00f3n del Premio por parte de las personas ganadoras y\/o sus acompa\u00f1antes que no sea expresamente mencionado en las presentes Bases.<\/p>\n<p>LYF no tendr\u00e1 responsabilidad alguna en caso de no poder ejecutarse la entrega del Premio por causas que le sean ajenas.<\/p>\n<p>El Premio no podr\u00e1 canjearse por su valor en met\u00e1lico, ni por ning\u00fan otro premio.<\/p>\n<p>LYF se reserva expresamente el derecho a modificar el Premio indicado por otro de igual valor, as\u00ed como la fecha de celebraci\u00f3n del mismo por razones justificadas.<\/p>\n<p>Cualquier responsabilidad, distinta del Premio asumido por LYF en la presente cl\u00e1usula, derivada del disfrute del Premio, ser\u00e1 exclusivamente de la persona ganadora. LYF no ser\u00e1 responsable de ninguna p\u00e9rdida, da\u00f1o y\/o menoscabo producido por la persona ganadora y\/o su acompa\u00f1ante como consecuencia de la materializaci\u00f3n y\/o disfrute del Premio.<\/p>\n<p><strong>S\u00c9PTIMA<\/strong>.-&nbsp; Cambios en la Promoci\u00f3n: LYF se reserva el derecho a efectuar cualquier cambio en las bases de la Promoci\u00f3n, as\u00ed como suspender o ampliar la misma en el momento que lo considere oportuno por causa justificada. Asimismo, LYF se reserva el derecho de interrumpir en cualquier momento el acceso o continuidad de la Promoci\u00f3n, ya sea con car\u00e1cter temporal o definitivo, por motivos de seguridad, de reestructuraci\u00f3n o interrupci\u00f3n de los servicios inform\u00e1ticos, o cualquier otra causa que as\u00ed lo aconseje o que no sea responsabilidad de LYF, sin que de ello deriven responsabilidades para LYF ni derecho a indemnizaciones.<\/p>\n<p><strong>OCTAVA<\/strong>.- La participaci\u00f3n en esta Promoci\u00f3n supone:<\/p>\n<p>1.&nbsp;&nbsp;&nbsp;&nbsp; La plena aceptaci\u00f3n de las presentes Bases.<\/p>\n<p>2.&nbsp;&nbsp;&nbsp;&nbsp; La plena aceptaci\u00f3n de la <a href=\"https:\/\/iguanasmoke.com\/politicas-de-privacidad\/\">Pol\u00edtica de Privacidad<\/a> de la organizadora de esta Promoci\u00f3n.<\/p>\n<p>3.&nbsp;&nbsp;&nbsp;&nbsp; La renuncia expresa al fuero que pudiera corresponderle, aceptando a los Juzgados y Tribunales de Madrid Capital como los competentes para dilucidar cualquier reclamaci\u00f3n.<\/p>\n<p><strong>NOVENA<\/strong>-. Descargo de responsabilidad.- &nbsp;LYF no tendr\u00e1 responsabilidad alguna en caso de que la Promoci\u00f3n no pueda llevarse a cabo seg\u00fan la planificaci\u00f3n prevista por causas ajenas a LYF (por ejemplo por la aparici\u00f3n de virus, bugs o errores inform\u00e1ticos, intervenciones no autorizadas, fraude, fallos t\u00e9cnicos, errores humanos o cualquier otra circunstancia fuera del control razonable de LYF, que pudiera alterar o afectar la administraci\u00f3n, seguridad, justicia, integridad o desarrollo correcto de la Promoci\u00f3n).<\/p>\n<p>Adem\u00e1s LYF se reserva el derecho a cancelar la Promoci\u00f3n o a descalificar a cualquier Participante que haya intentado manipular, cancelar, rescindir, modificar o suspender la Promoci\u00f3n, y\/o cancelar la recepci\u00f3n de solicitudes de participaci\u00f3n; as\u00ed como a expulsar a cualquier participante, incluso tras hab\u00e9rsele declarado ganador\/a,&nbsp; y en su caso negarse a adjudicarle el Premio, es sospechoso de querer infringir la ley, generar actos violentos, pornogr\u00e1ficos y en general de cualquier conducta o acto contrario a la ley y\/o las buenas costumbres.&nbsp;<\/p>\n<p>LYF no ser\u00e1 responsable de ning\u00fan problema o fallo t\u00e9cnico en redes y l\u00edneas telef\u00f3nicas, sistemas on-line, servidores o proveedores, equipos inform\u00e1ticos, software, fallos en la recepci\u00f3n de correos electr\u00f3nicos debidos a problemas t\u00e9cnicos o congesti\u00f3n en la red de Internet o en p\u00e1ginas web, etc., y, en general, de cualquier da\u00f1o o perjuicio del Participante derivado de la participaci\u00f3n&nbsp; en la Promoci\u00f3n o de la falta de disponibilidad de la misma debido a problemas de car\u00e1cter t\u00e9cnico no imputables a LYF, as\u00ed como en el caso de&nbsp; dificultades en el proceso de suscripci\u00f3n, tales como problemas t\u00e9cnicos, de conectividad, etc.<\/p>\n<p>Finalmente, LYF no ser\u00e1 responsable de la combinaci\u00f3n de cualquiera de estas circunstancias, incluidos da\u00f1os que pueda sufrir el sistema inform\u00e1tico de un Participante o de cualquier otra persona o que, de cualquier modo, pudieran derivar de la Promoci\u00f3n y de su promoci\u00f3n o publicidad.<\/p>\n<p><strong>D\u00c9CIMA.<\/strong>&#8211; Protecci\u00f3n de datos.- Los datos personales de las personas f\u00edsicas que participan en la Promoci\u00f3n, ser\u00e1n tratados de acuerdo con la Pol\u00edtica de Privacidad se\u00f1alada en la cl\u00e1usula octava.<\/p>\t\t\t\t\t\t\t\t<\/div>\n\t\t\t\t<\/div>\n\t\t\t\t\t<\/div>\n\t\t\t\t<\/div>\n\t\t\t\t<\/div>\n\t\t","protected":false},"excerpt":{"rendered":"<p>Bases legales concurso Iguana Smoke BASES LEGALES PROMOCIONALES DE LA PROMOCI\u00d3N TERCER ANIVERSARIO IGUANA SMOKE \u2013 GANA UN VIAJE A AMSTERDAM La empresa LYFHEMP SL (\u201cLYF\u201d) con domicilio social en Calle Santa Virgilia 16, Bajo derecha A en Madrid y CIF B05292933, es la organizadora de la presente promoci\u00f3n (en lo sucesivo, \u201cPromoci\u00f3n\u201d). La Promoci\u00f3n [&hellip;]<\/p>\n","protected":false},"author":1,"featured_media":0,"parent":0,"menu_order":0,"comment_status":"closed","ping_status":"closed","template":"","meta":{"_acf_changed":false,"site-sidebar-layout":"no-sidebar","site-content-layout":"page-builder","ast-site-content-layout":"full-width-container","site-content-style":"default","site-sidebar-style":"default","ast-global-header-display":"","ast-banner-title-visibility":"","ast-main-header-display":"","ast-hfb-above-header-display":"","ast-hfb-below-header-display":"","ast-hfb-mobile-header-display":"","site-post-title":"disabled","ast-breadcrumbs-content":"","ast-featured-img":"disabled","footer-sml-layout":"","theme-transparent-header-meta":"","adv-header-id-meta":"","stick-header-meta":"","header-above-stick-meta":"","header-main-stick-meta":"","header-below-stick-meta":"","astra-migrate-meta-layouts":"default","ast-page-background-enabled":"default","ast-page-background-meta":{"desktop":{"background-color":"var(--ast-global-color-4)","background-image":"","background-repeat":"repeat","background-position":"center center","background-size":"auto","background-attachment":"scroll","background-type":"","background-media":"","overlay-type":"","overlay-color":"","overlay-opacity":"","overlay-gradient":""},"tablet":{"background-color":"","background-image":"","background-repeat":"repeat","background-position":"center center","background-size":"auto","background-attachment":"scroll","background-type":"","background-media":"","overlay-type":"","overlay-color":"","overlay-opacity":"","overlay-gradient":""},"mobile":{"background-color":"","background-image":"","background-repeat":"repeat","background-position":"center center","background-size":"auto","background-attachment":"scroll","background-type":"","background-media":"","overlay-type":"","overlay-color":"","overlay-opacity":"","overlay-gradient":""}},"ast-content-background-meta":{"desktop":{"background-color":"var(--ast-global-color-5)","background-image":"","background-repeat":"repeat","background-position":"center center","background-size":"auto","background-attachment":"scroll","background-type":"","background-media":"","overlay-type":"","overlay-color":"","overlay-opacity":"","overlay-gradient":""},"tablet":{"background-color":"var(--ast-global-color-5)","background-image":"","background-repeat":"repeat","background-position":"center center","background-size":"auto","background-attachment":"scroll","background-type":"","background-media":"","overlay-type":"","overlay-color":"","overlay-opacity":"","overlay-gradient":""},"mobile":{"background-color":"var(--ast-global-color-5)","background-image":"","background-repeat":"repeat","background-position":"center center","background-size":"auto","background-attachment":"scroll","background-type":"","background-media":"","overlay-type":"","overlay-color":"","overlay-opacity":"","overlay-gradient":""}},"footnotes":""},"class_list":["post-42813","page","type-page","status-publish","hentry"],"acf":[],"yoast_head":"<!-- This site is optimized with the Yoast SEO Premium plugin v27.3 (Yoast SEO v27.3) - https:\/\/yoast.com\/product\/yoast-seo-premium-wordpress\/ -->\n<title>bases legales concurso amsterdam | Iguana Smoke<\/title>\n<meta name=\"robots\" content=\"index, follow, max-snippet:-1, max-image-preview:large, max-video-preview:-1\" \/>\n<link rel=\"canonical\" href=\"https:\/\/iguanasmoke.com\/pt\/termos-e-condicoes-concurso-de-amesterdao\/\" \/>\n<meta property=\"og:locale\" content=\"pt_PT\" \/>\n<meta property=\"og:type\" content=\"article\" \/>\n<meta property=\"og:title\" content=\"bases legales concurso amsterdam\" \/>\n<meta property=\"og:description\" content=\"Bases legales concurso Iguana Smoke BASES LEGALES PROMOCIONALES DE LA PROMOCI\u00d3N TERCER ANIVERSARIO IGUANA SMOKE \u2013 GANA UN VIAJE A AMSTERDAM La empresa\" \/>\n<meta property=\"og:url\" content=\"https:\/\/iguanasmoke.com\/pt\/termos-e-condicoes-concurso-de-amesterdao\/\" \/>\n<meta property=\"og:site_name\" content=\"Iguana Smoke\" \/>\n<meta property=\"article:publisher\" content=\"https:\/\/www.facebook.com\/iguanasmoke\" \/>\n<meta property=\"article:modified_time\" content=\"2025-11-06T18:00:19+00:00\" \/>\n<meta property=\"og:image\" content=\"https:\/\/iguanasmoke.com\/wp-content\/uploads\/2025\/01\/logo-sauron-iguana-1.png\" \/>\n\t<meta property=\"og:image:width\" content=\"600\" \/>\n\t<meta property=\"og:image:height\" content=\"600\" \/>\n\t<meta property=\"og:image:type\" content=\"image\/png\" \/>\n<meta name=\"twitter:card\" content=\"summary_large_image\" \/>\n<meta name=\"twitter:label1\" content=\"Tempo estimado de leitura\" \/>\n\t<meta name=\"twitter:data1\" content=\"7 minutos\" \/>\n<!-- \/ Yoast SEO Premium plugin. -->","yoast_head_json":{"title":"termos e condi\u00e7\u00f5es do concurso de amesterd\u00e3o | Iguana Smoke","robots":{"index":"index","follow":"follow","max-snippet":"max-snippet:-1","max-image-preview":"max-image-preview:large","max-video-preview":"max-video-preview:-1"},"canonical":"https:\/\/iguanasmoke.com\/pt\/termos-e-condicoes-concurso-de-amesterdao\/","og_locale":"pt_PT","og_type":"article","og_title":"bases legales concurso amsterdam","og_description":"Bases legales concurso Iguana Smoke BASES LEGALES PROMOCIONALES DE LA PROMOCI\u00d3N TERCER ANIVERSARIO IGUANA SMOKE \u2013 GANA UN VIAJE A AMSTERDAM La empresa","og_url":"https:\/\/iguanasmoke.com\/pt\/termos-e-condicoes-concurso-de-amesterdao\/","og_site_name":"Iguana Smoke","article_publisher":"https:\/\/www.facebook.com\/iguanasmoke","article_modified_time":"2025-11-06T18:00:19+00:00","og_image":[{"width":600,"height":600,"url":"https:\/\/iguanasmoke.com\/wp-content\/uploads\/2025\/01\/logo-sauron-iguana-1.png","type":"image\/png"}],"twitter_card":"summary_large_image","twitter_misc":{"Tempo estimado de leitura":"7 minutos"},"schema":{"@context":"https:\/\/schema.org","@graph":[{"@type":"WebPage","@id":"https:\/\/iguanasmoke.com\/bases-legales-concurso-amsterdam\/","url":"https:\/\/iguanasmoke.com\/bases-legales-concurso-amsterdam\/","name":"termos e condi\u00e7\u00f5es do concurso de amesterd\u00e3o | Iguana Smoke","isPartOf":{"@id":"https:\/\/iguanasmoke.com\/#website"},"datePublished":"2024-11-05T18:38:37+00:00","dateModified":"2025-11-06T18:00:19+00:00","breadcrumb":{"@id":"https:\/\/iguanasmoke.com\/bases-legales-concurso-amsterdam\/#breadcrumb"},"inLanguage":"pt-PT","potentialAction":[{"@type":"ReadAction","target":["https:\/\/iguanasmoke.com\/bases-legales-concurso-amsterdam\/"]}]},{"@type":"BreadcrumbList","@id":"https:\/\/iguanasmoke.com\/bases-legales-concurso-amsterdam\/#breadcrumb","itemListElement":[{"@type":"ListItem","position":1,"name":"home","item":"https:\/\/iguanasmoke.com\/"},{"@type":"ListItem","position":2,"name":"bases legales concurso amsterdam"}]},{"@type":"WebSite","@id":"https:\/\/iguanasmoke.com\/#website","url":"https:\/\/iguanasmoke.com\/","name":"Fumo de Iguana","description":"Comprar CBD online ao melhor pre\u00e7o","publisher":{"@id":"https:\/\/iguanasmoke.com\/#organization"},"potentialAction":[{"@type":"SearchAction","target":{"@type":"EntryPoint","urlTemplate":"https:\/\/iguanasmoke.com\/?s={search_term_string}"},"query-input":{"@type":"PropertyValueSpecification","valueRequired":true,"valueName":"search_term_string"}}],"inLanguage":"pt-PT"},{"@type":"Organization","@id":"https:\/\/iguanasmoke.com\/#organization","name":"Fumo de Iguana","url":"https:\/\/iguanasmoke.com\/","logo":{"@type":"ImageObject","inLanguage":"pt-PT","@id":"https:\/\/iguanasmoke.com\/#\/schema\/logo\/image\/","url":"https:\/\/iguanasmoke.com\/wp-content\/uploads\/2025\/01\/logoiguana-favi-1.png","contentUrl":"https:\/\/iguanasmoke.com\/wp-content\/uploads\/2025\/01\/logoiguana-favi-1.png","width":512,"height":512,"caption":"Iguana Smoke"},"image":{"@id":"https:\/\/iguanasmoke.com\/#\/schema\/logo\/image\/"},"sameAs":["https:\/\/www.facebook.com\/iguanasmoke","https:\/\/www.instagram.com\/iguanasmoke\/"]}]}},"_links":{"self":[{"href":"https:\/\/iguanasmoke.com\/pt\/wp-json\/wp\/v2\/pages\/42813","targetHints":{"allow":["GET"]}}],"collection":[{"href":"https:\/\/iguanasmoke.com\/pt\/wp-json\/wp\/v2\/pages"}],"about":[{"href":"https:\/\/iguanasmoke.com\/pt\/wp-json\/wp\/v2\/types\/page"}],"author":[{"embeddable":true,"href":"https:\/\/iguanasmoke.com\/pt\/wp-json\/wp\/v2\/users\/1"}],"replies":[{"embeddable":true,"href":"https:\/\/iguanasmoke.com\/pt\/wp-json\/wp\/v2\/comments?post=42813"}],"version-history":[{"count":13,"href":"https:\/\/iguanasmoke.com\/pt\/wp-json\/wp\/v2\/pages\/42813\/revisions"}],"predecessor-version":[{"id":69214,"href":"https:\/\/iguanasmoke.com\/pt\/wp-json\/wp\/v2\/pages\/42813\/revisions\/69214"}],"wp:attachment":[{"href":"https:\/\/iguanasmoke.com\/pt\/wp-json\/wp\/v2\/media?parent=42813"}],"curies":[{"name":"wp","href":"https:\/\/api.w.org\/{rel}","templated":true}]}}